{"id":9529,"date":"2015-06-22T09:09:34","date_gmt":"2015-06-22T09:09:34","guid":{"rendered":"http:\/\/wp.adg.it\/testimonials-2"},"modified":"2018-07-25T11:30:04","modified_gmt":"2018-07-25T11:30:04","slug":"testimonials","status":"publish","type":"page","link":"https:\/\/adg.it\/it\/testimonials\/","title":{"rendered":"Testimonials"},"content":{"rendered":"<p>[spb_column width=&#8221;1\/3&#8243; el_position=&#8221;first&#8221;] [spb_text_block pb_margin_bottom=&#8221;no&#8221; pb_border_bottom=&#8221;no&#8221; width=&#8221;1\/1&#8243; el_position=&#8221;first last&#8221;]\n<p>Una selezione delle lettere e dei commenti dei nostri studenti sull&#8217;Accademia del Giglio.<\/p>\n<p>Potete leggere altri commenti e valutazioni sulla nostra pagina <a href=\"https:\/\/www.facebook.com\/AccademiaGiglio\" target=\"_blank\" rel=\"noopener\">Facebook<\/a>.<\/p>\n[\/spb_text_block] [spb_single_image image=&#8221;9520&#8243; image_size=&#8221;full&#8221; frame=&#8221;glowframe&#8221; intro_animation=&#8221;none&#8221; full_width=&#8221;no&#8221; lightbox=&#8221;no&#8221; link_target=&#8221;_self&#8221; width=&#8221;1\/1&#8243; el_position=&#8221;first last&#8221;] [\/spb_column] [spb_column width=&#8221;2\/3&#8243; el_position=&#8221;last&#8221;] [spb_accordion active_section=&#8221;0&#8243; width=&#8221;1\/1&#8243; el_position=&#8221;first last&#8221;] [spb_accordion_tab title=&#8221;Italiano&#8221; accordion_id=&#8221;&#8221; icon=&#8221;&#8221;] [spb_text_block title=&#8221;Emily &#8211; UK&#8221; pb_margin_bottom=&#8221;no&#8221; pb_border_bottom=&#8221;no&#8221; width=&#8221;1\/1&#8243; el_position=&#8221;first last&#8221;]\n<p>Grazie ancora per il tempo a ADG questa volta \u2013 corto ma bello! Ho fatto 16 scuole di lingua, anche se le altre erano buone, ritorno solo a ADG. Voi siete i migliori di tutti!!!!!!<\/p>\n[\/spb_text_block] [spb_text_block title=&#8221;John &#8211; UK&#8221; pb_margin_bottom=&#8221;no&#8221; pb_border_bottom=&#8221;no&#8221; width=&#8221;1\/1&#8243; el_position=&#8221;first last&#8221;]\n<p>Cari amici del accademia del giglio,<br \/>\nFinalmente vi scrivo \u00e9 passato molto tempo da quando ho ricevuto la vostra email. Ho iniziato un\u2019anno nuovo, un nuovo semestre, e una nuova barba. Ecco- English Humour. Sto molto bene ho cambiato il mio corso da storia \u00e9 politica a storia e filosofia. Non solo mi piace di pi\u00f9 la filosofia ma anche potr\u00f3 studiare a Venezia quest\u2019anno se studio filosofia. Ho un incontro tra due giorni in cui potr\u00f3 fare domanda. Credo che avr\u00f3 buone possibilit\u00e1.<\/p>\n<p>Anche questo semestre studio storia Byzantina. \u00c9 appena cominciata, ma gi\u00e0 dopo due settemane mi sembra molto interestante.<\/p>\n<p>Sono entrato in una societ\u00e0 che gira dei film; reciter\u00f3 la parte di uno studente che deve cercare suoi appunti prima di un esame del giorno seguente; ma la trama non \u00e9 importante; ogni scena \u00e9 filmata in uno stile differente. Per essempio, comincia con una commedia romantica, poi diventa un film giallo, poi diventa un Western, et cetera. Abbiamo cominciati a filmare mercoled\u00ec scorso.<\/p>\n<p>Ma, so che \u00e9 il decimo anniversario dell\u2019accademia del giglio, ed \u00e9 sopratutto per questo ragione che vi scrivo.<\/p>\n<p>La notte prima dalla mia partenza, ho devuto dormire all\u2019aeroporto. Non \u00e9 facile dormire all\u2019aeroporto, sopratutto quando ci sono tanti altri passegieri e vagabondi che stavo dormendo sulle panchine e tu devi dormire sul pavimento.<\/p>\n<p>Quando sono arrivato a Firenze, la prima cosa che ho visto era la stazione si Santa Maria Novella. La stazione era spaventosa, particolamente perch\u00e9 non ho parlavo una sola parola d\u2019italiano (eccetto \u2018calcio\u2019). Ma alla fine ho trovato il posto dove dovevo vivere. Ero stanco morto, mi sono subito addormentato davanti alla formula uno. So adesso che \u00e9 un crimine addormentarsi davanti alla formula uno in italia.<\/p>\n<p>La mattina seguente ho camminato fino alla scuola per la prima volta. Ho realizzato che ero a Firenze solo nel momento in cui sono passato davanti il Duomo. Anche dopo due mesi provavo meraviglia per la bellezza del Duomo.<\/p>\n<p>Il primo problema \u00e9 stato il sistema de numerazione delle case. C\u2019era pi\u00f9 di un via Ghibellina 116, e il primo che ho trovato era un caf\u00e9. Io sarei tante volte a quel caf\u00e9, e non solo perche i prezzi variabile e la possibilit\u00e0 occasionale di limoncello gratuito.<\/p>\n<p>Finalmente avevo trovato la scuola e cominciato ad imparare italiano. I primi risultati furono inccati cos\u00ec-cos\u00ec durante la prima settimana ho detto \u201cmoglie\u201d in posto di \u201cmeglio\u201d evidentemente ho detto che l\u2019arancia e la banana eranno sposati, che confusi i miei ospiti gentilissimi. Era English Humour, forse&#8230;<\/p>\n<p>Ma a parte piccoli problemi come quello, mi \u00e9 piaciuta tantissimo la scuola e tutto di quel luogo. Le lezione, i professori, i altri studenti, perfino i compiti (communque di solito non ho fatto i miei compiti dovuta ad un principio di vecchia data). Gli altri studenti eranno anche molto simpatichi; abbiamo mangiato insieme quasi ogni giorno. Questo era molto utile per il mio italiano: era necessario per noi parlare solo italiano quando eravamo insieme: se avessimo parlato inglese o francese, qualcuno non avrebbe capito.<\/p>\n<p>Col passare delle settimane, Firenze e la scuola sono piaciute sempre di pi\u00f9. Pi\u00f9 stavo in citt\u00e0, pi\u00f9 volevo rimanare. Mi piaciuto anch\u00e9 andare a Venezia, Siena, Lucca, San Gimignano e Ravenna. So una cosa: un giorno, speramente presto, torner\u00f2 all\u2019accademia del giglio. E probabilmente torner\u00f2 anche al culo di diavolo si chiama Poggibonsi.<\/p>\n[\/spb_text_block] [spb_text_block title=&#8221;Robert &#8211; UK&#8221; pb_margin_bottom=&#8221;no&#8221; pb_border_bottom=&#8221;no&#8221; width=&#8221;1\/1&#8243; el_position=&#8221;first last&#8221;]\n<p>Cari tutti,<br \/>\nGrazie per il vostro e-mail.<br \/>\nHo attaccato una fotografia della nostra classe felice(febbraio 2004) &#8211; Shinsaku, Yumi e Robert. Anche una fotografia della nostra casa il giorno di Natale.<br \/>\nMi hanno piaciuti le mie due settimane all&#8217;accademia e quando io torno a toscana siccuramente visitero via Ghibellina 116.<br \/>\nTanti auguri<br \/>\nRobert S.<\/p>\n[\/spb_text_block] [spb_text_block title=&#8221;Asami &#8211; Japan&#8221; pb_margin_bottom=&#8221;no&#8221; pb_border_bottom=&#8221;no&#8221; width=&#8221;1\/1&#8243; el_position=&#8221;first last&#8221;]\n<p>Cari tutti ,Roberto, Lorenzo, Cecilia e Antonella<\/p>\n<p>Ciao, come state? Sono Asami. Sto bene.<br \/>\nBuon capo d&#8217;anno e grazie di cuore per insegnarmi l&#8217;italiano. Penso che non sia stata una studentessa brava, perche&#8217; avevo tante cose da fare oltre lo studio (per esempio dovevo cercare la casa nuova ecc.) . Pero` ce la metto tutta usando tutto quello che mi avete insegnato. La scuola di restauro comincia da prossimo lunedi`. Sara` molto difficile ma me la cavero`.<\/p>\n<p>Domani sera finalmente cambio la casa (la casa nuova e&#8217;&#8230; ) e anche penso che cominci SALDI !! quindi dovrei avere tante cose da fare !!<\/p>\n<p>E non sono sicra quando, pero se faccio un cd-rom di foto, vorrei portare cd-rom a Dimitris nella scuola.<br \/>\nChiudo qui, e statemi bene e saltatemi a tutti !!! &lt;&#8212;-esatto? volevo dire stammi e salutami pero`devo cambiare plurare.<\/p>\n<p>Asami<\/p>\n[\/spb_text_block] [spb_text_block title=&#8221;Eugenia &#8211; Russia&#8221; pb_margin_bottom=&#8221;no&#8221; pb_border_bottom=&#8221;no&#8221; width=&#8221;1\/1&#8243; el_position=&#8221;first last&#8221;]\n<p>Ciao Accademia!!!<br \/>\nSono stata felice di ricevere la vostra lettera! Mi spiace che vi<br \/>\nscrivo solo dopo 2 settimane. Con grande piacere vi mando i miei foto e ricirdi.<br \/>\nIl mio primo pensiero quando sono arrivata al Accademia era che tutti (gli insegnanti e gli studenti) erano come una grande famiglia. Tutti erano pronti per aiutatri. Gli studi erano come il gioco. C\u2019era molto riso, allegria. Scerzevamo molto ma durante tutto questo miglioravamo il nostro italiano.<br \/>\nLe lezione erano interessante, parlavamo sui tema diversi, c\u2019era molto improvisazione. Anche se a volte facevamo gli esercizi che avevamo gia fatto li facevamo di nuovo con piacere.<br \/>\nGli insegnanti sono allegri, attenti, sinceri, cordiali!<br \/>\nAl Accademia ho incontrato molti studenti stranieri: giapponese, spagnioli, finlandese, di Columbia, Di Australia, insomma tutto il mondo. Un giorno a casa di un ragazzo gapponese c\u2019era la festa con sushi dove erano quasi tutti gli studenti. Era molto divertente, abbiamo fatto molte foto. Non mi dimenticero\u2019 mai quella bella serata!<br \/>\nE le nostre gite con Accademia a pizzeria, a pescina, a piazza<br \/>\nBelvedere, a cinema. Il mio mese al Accademia e\u2019 passato come un giorno!<br \/>\nDal mio soggiorno a Firenze e\u2019 gia passato un anno e mezzo ma io me ne<br \/>\nricordo tutto!!!<\/p>\n<p>Studentessa russa<br \/>\nEugenia<\/p>\n[\/spb_text_block] [spb_text_block title=&#8221;Martina &#8211; Sweden&#8221; pb_margin_bottom=&#8221;no&#8221; pb_border_bottom=&#8221;no&#8221; width=&#8221;1\/1&#8243; el_position=&#8221;first last&#8221;]\n<p>Ciao e grazie mille!<\/p>\n<p>Stesso penso a voi e il mese super che ho passato in Italia! In agosto sono andata a Roma e ho dato ma candidatura al Accademia di belle arti. E stato molto bene e ho parlato italiano tutto il tiempo! Ma devevo anche fare un esame di ammissione in Ottobre e non sono andata per le fare come ho avuto un &#8216;internship&#8217; a Londre! Lavoro a un instituto per la politica ecologica con un projetto di transporto piu ecologico. E molto interesante!<\/p>\n<p>Ma ahora, sono in Peru!! en vacance. Sono a Lima e tra due giorni vado a Cuszo per vedere le cita inca! Poi vado a Lago Titicaca e las islas flotantes.. e poi a La Paz in Bolivia! L&#8217;italiano che ho imparato e molto utile aqui e capisco spangnolo abbastanza bueno!<\/p>\n<p>Tanti auguri a tutti per le natale e il nuovo anno!!<\/p>\n<p>Martina<\/p>\n[\/spb_text_block] [spb_text_block title=&#8221;Liliane &#8211; Switzerland&#8221; pb_margin_bottom=&#8221;no&#8221; pb_border_bottom=&#8221;no&#8221; width=&#8221;1\/1&#8243; el_position=&#8221;first last&#8221;]\n<p>Ho studiato l&#8217;italiano all&#8217;Accademia del Giglio durante un mese nell&#8217;autunno del 2003. Questo mese a Firenze era un&#8217; esperienza molto positiva e non dimenticher\u00f2 mai la gente rincontrata, tanto i professori che gli studenti e sopratutto le spiegazoni grammaticali e le risate di Cecilia, la cortesia e la pazienza di Lorenzo e le canzoni e i test di Roberto. Grazie a tutti ! Liliane<\/p>\n[\/spb_text_block] [spb_text_block title=&#8221;Ana &#8211; Spain&#8221; pb_margin_bottom=&#8221;no&#8221; pb_border_bottom=&#8221;no&#8221; width=&#8221;1\/1&#8243; el_position=&#8221;first last&#8221;]\n<p>L\u2019insegnanti della Accademia mi hanno fato amare:<br \/>\n&#8211; la lingua italiana per il suo sono,<br \/>\n&#8211; la gente italiana per la suasimpatia e gentilezza.<br \/>\n&#8211; La cultura perch\u00e8 insieme a loro ho scoperto la citt\u00e0 dei miei sogni.<br \/>\nUn bacio enorme a tutti: Ana G. (Anina)<\/p>\n[\/spb_text_block] [spb_text_block title=&#8221;Jannick &#8211; Switzerland&#8221; pb_margin_bottom=&#8221;no&#8221; pb_border_bottom=&#8221;no&#8221; width=&#8221;1\/1&#8243; el_position=&#8221;first last&#8221;]\n<p>Cari Roberto, Cecilia, Lorenzo, Maurizio&#8230;<\/p>\n<p>Vi ricordate di me ??<\/p>\n<p>Spero che state tutti bene ! Da Prima, vi auguro un felice anno nuovo ! Che 2005 vi porti molte belle cose. Penso particolarmente a (&#8230;) Spero che Silvia sia in forma !!<\/p>\n<p>Ancora grazie a voi tutti ! 2004 rester\u00e0 un anno formidabile per me, grazie al mio soggiorno a Firenze e alla vostra gentillezza. Fu un esperienza benefica per me su tutti i lati !<\/p>\n<p>Dopo Firenze sono andata in Sicilia. Certo non ho sempre trovato l&#8217;accoglienza dei Toscani, come mi aveva avertita Maurizio \ud83d\ude42 ma mi ha molto piaciuto scoprire questa isola! ho amato in modo speciale Agrigento.<\/p>\n<p>Ancora i miei migliori auguri e un abbraccio a tutti !!<\/p>\n<p>Jannick<\/p>\n[\/spb_text_block] [spb_text_block title=&#8221;Tove &#8211; Norway&#8221; pb_margin_bottom=&#8221;no&#8221; pb_border_bottom=&#8221;no&#8221; width=&#8221;1\/1&#8243; el_position=&#8221;first last&#8221;]\n<p>Un discorso per la festa:<br \/>\nA nome del gruppo Giappone Norvegia Svezia USA Svizzera voglio produrre un grande ringraziamento per i vostri 11 anni!<br \/>\nNoi crediamo che la abilit\u00e0 e la energia di vostri insegnanti, vorrei fare che la scuola vivere in futuro e per molti anni.<br \/>\nSe noi non riusciamo a logoravi con frasi come: \u201c ho stato per due anna in Firenze\u201d noi crediamo che questa scuola potr\u00f2 avere uguali et\u00e0 che il duomo! E, quando vostri nipoti verrano a scuola in zaino vorrei che appendessero vostre foto alla parete<br \/>\nCongratulazioni a vostro compleanno!<\/p>\n[\/spb_text_block] [spb_text_block title=&#8221;Pierluigi &#8211; Italia&#8221; pb_margin_bottom=&#8221;no&#8221; pb_border_bottom=&#8221;no&#8221; width=&#8221;1\/1&#8243; el_position=&#8221;first last&#8221;]\n<p>Firenze \u00e8 un sogno, qua \u00e8 tutto bellissimo e l&#8217;aria \u00e8 pulita, nn si fa altro che disegnare e andare in bicicletta a mangiare waffle su ponte vecchio. \u00c8 pieno di artisti, turisti, locali, cose divertenti da fare. La gente \u00e8 gentile e disponibile e ti guardano tutti negli occhi (fa impressione) e ci sono i negozi straniss&#8230;imi tutti nascosti in viuzze che sembrano disegnate&#8230; \u00e8 un sogno&#8230;<\/p>\n[\/spb_text_block] [spb_text_block title=&#8221;Silvia, Giovanna e Pier Francesco &#8211; Italia&#8221; pb_margin_bottom=&#8221;no&#8221; pb_border_bottom=&#8221;no&#8221; width=&#8221;1\/1&#8243; el_position=&#8221;first last&#8221;]\n<p>Ciao a tutti!<br \/>\nCome state? Siamo Giovanna e Silvia e vi scriviamo per dirvi che siamo passate entrambe all&#8217;accademia. Pier Francesco \u00e8 passato a decorazione e grafica e sceglier\u00e0 forse grafica. Volevamo ringraziarvi per averci sopportato e per aver messo a disposizione un corso cos\u00ec bello; in particolar modo un grazie immenso al fantastico insegnante che ci ha sopportato per un mese e ci ha iniziati alla vita accademica, dimostrandoci che tutto l&#8217;ambiante circostante pu\u00f2 essere visto con occhi diversi. Un bacio a tutti e un saluto dai tre nuovi accademici!<br \/>\nVerremo presto trovarvi.<\/p>\n[\/spb_text_block] [\/spb_accordion_tab] [\/spb_accordion] [\/spb_column]<\/p>\n","protected":false},"excerpt":{"rendered":"<p>[spb_column width=&#8221;1\/3&#8243; el_position=&#8221;first&#8221;] [spb_text_block pb_margin_bottom=&#8221;no&#8221; pb_border_bottom=&#8221;no&#8221; width=&#8221;1\/1&#8243; el_position=&#8221;first last&#8221;] Una selezione delle lettere e dei commenti dei nostri studenti sull&#8217;Accademia del Giglio. Potete leggere altri commenti e valutazioni sulla nostra pagina Facebook. [\/spb_text_block] [spb_single_image image=&#8221;9520&#8243; image_size=&#8221;full&#8221; frame=&#8221;glowframe&#8221; intro_animation=&#8221;none&#8221; full_width=&#8221;no&#8221; lightbox=&#8221;no&#8221; link_target=&#8221;_self&#8221; width=&#8221;1\/1&#8243; el_position=&#8221;first last&#8221;] [\/spb_column] [spb_column width=&#8221;2\/3&#8243; el_position=&#8221;last&#8221;] [spb_accordion active_section=&#8221;0&#8243; width=&#8221;1\/1&#8243; el_position=&#8221;first last&#8221;] [spb_accordion_tab title=&#8221;Italiano&#8221; accordion_id=&#8221;&#8221; icon=&#8221;&#8221;] [spb_text_block title=&#8221;Emily &#8211; [&hellip;]<\/p>\n","protected":false},"author":27,"featured_media":0,"parent":0,"menu_order":0,"comment_status":"closed","ping_status":"closed","template":"","meta":{"_joinchat":[],"footnotes":""},"class_list":["post-9529","page","type-page","status-publish","hentry"],"aioseo_notices":[],"_links":{"self":[{"href":"https:\/\/adg.it\/it\/wp-json\/wp\/v2\/pages\/9529","targetHints":{"allow":["GET"]}}],"collection":[{"href":"https:\/\/adg.it\/it\/wp-json\/wp\/v2\/pages"}],"about":[{"href":"https:\/\/adg.it\/it\/wp-json\/wp\/v2\/types\/page"}],"author":[{"embeddable":true,"href":"https:\/\/adg.it\/it\/wp-json\/wp\/v2\/users\/27"}],"replies":[{"embeddable":true,"href":"https:\/\/adg.it\/it\/wp-json\/wp\/v2\/comments?post=9529"}],"version-history":[{"count":0,"href":"https:\/\/adg.it\/it\/wp-json\/wp\/v2\/pages\/9529\/revisions"}],"wp:attachment":[{"href":"https:\/\/adg.it\/it\/wp-json\/wp\/v2\/media?parent=9529"}],"curies":[{"name":"wp","href":"https:\/\/api.w.org\/{rel}","templated":true}]}}