{"id":9263,"date":"2015-06-15T14:10:30","date_gmt":"2015-06-15T14:10:30","guid":{"rendered":"http:\/\/wp.adg.it\/?page_id=9263"},"modified":"2025-01-16T11:32:45","modified_gmt":"2025-01-16T11:32:45","slug":"preparazione-accademie","status":"publish","type":"page","link":"https:\/\/adg.it\/it\/preparazione-accademie\/","title":{"rendered":"Corso per l&#8217;ammissione alle Accademie di Belle Arti"},"content":{"rendered":"<p>[spb_column width=&#8221;2\/3&#8243; el_position=&#8221;first&#8221;] [spb_text_block title=&#8221;Corso di preparazione&#8221; pb_margin_bottom=&#8221;no&#8221; pb_border_bottom=&#8221;no&#8221; width=&#8221;1\/1&#8243; el_position=&#8221;first last&#8221;]\n<p>Corso preparatorio per l&#8217;esame di ammissione alle Accademie di Belle Arti italiane.<\/p>\n<p>L&#8217;Accademia del Giglio ha ormai una consolidata esperienza nell&#8217;organizzazione dei <strong>corsi di preparazione agli esami di ammissione per stranieri e italiani alle Accademie di Belle Arti statali<\/strong>\u00a0a <a href=\"http:\/\/www.accademia.firenze.it\/\" target=\"_blank\" rel=\"noopener noreferrer\">Firenze<\/a> e in altre sedi (Milano, Roma, ecc) per il conseguimento dei diplomi di Pittura, Scultura, Decorazione, Scenografia, Grafica, ecc.<\/p>\n<p>Il corso di preparazione per sostenere l&#8217;esame di ammissione alle Accademie di Belle Arti si tiene durante <strong>tutto il corso dell&#8217;anno: <\/strong>la durata \u00e8 variabile e pu\u00f2 essere concordata a seconda del livello dello studente. \u00c8 possibile frequentare corsi intensivi di 14 o 20 ore settimanali o per chi sceglie un corso lungo \u00e8 possibile frequentare una o due volte a settimana. Durante il corso\u00a0gli studenti studieranno elementi di storia dell&#8217;arte, di prospettiva, disegno del nudo e altre attivit\u00e0 tecnico-artistiche finalizzate al superamento dell&#8217;esame.<\/p>\n<p>Gli studenti faranno una o pi\u00f9\u00a0<strong>simulazioni dell&#8217;esame<\/strong> in modo da poter affrontare con sicurezza tutte le prove.<\/p>\n<p>Si fa presente che il nostro Istituto \u00e8 in grado di fornire informazioni dettagliate sulle procedure da seguire per l&#8217;iscrizione alle Accademie di Belle Arti italiane.<\/p>\n[\/spb_text_block] [sf_gallery gallery_id=&#8221;6412&#8243; slider_transition=&#8221;fade&#8221; show_thumbs=&#8221;yes&#8221; autoplay=&#8221;yes&#8221; show_captions=&#8221;yes&#8221; enable_lightbox=&#8221;yes&#8221; width=&#8221;1\/1&#8243; el_position=&#8221;first last&#8221;] [spb_accordion width=&#8221;1\/1&#8243; el_position=&#8221;first last&#8221;] [spb_accordion_tab title=&#8221;Prezzo&#8221; accordion_id=&#8221;&#8221; icon=&#8221;&#8221;] [spb_text_block title=&#8221;14 ore a settimana&#8221; pb_margin_bottom=&#8221;no&#8221; pb_border_bottom=&#8221;no&#8221; width=&#8221;1\/1&#8243; el_position=&#8221;first last&#8221;]\n<p>BA1, 1 settimana, 14 ore \u20ac335<br \/>\nBA2, 2 settimane, 28 ore \u20ac585<br \/>\nBA4, 4 settimane, 56 ore \u20ac895<br \/>\nBA8, 8 settimane, 112 ore \u20ac1635<br \/>\nBA12, 12 settimane, 168 ore \u20ac2355<\/p>\n[\/spb_text_block] [spb_text_block title=&#8221;20 ore a settimana&#8221; pb_margin_bottom=&#8221;no&#8221; pb_border_bottom=&#8221;no&#8221; width=&#8221;1\/1&#8243; el_position=&#8221;first last&#8221;]\n<p>BA1+, 1 settimana, 20 ore \u20ac375<br \/>\nBA2+, 2 settimane, 40 ore \u20ac655<br \/>\nBA4+, 4 settimane, 80 ore \u20ac1175<br \/>\nBA8+, 8 settimane, 160 ore \u20ac2115<br \/>\nBA12+, 12 settimane, 240 ore \u20ac3135<\/p>\n[\/spb_text_block] [spb_text_block title=&#8221;30 ore a settimana&#8221; pb_margin_bottom=&#8221;no&#8221; pb_border_bottom=&#8221;no&#8221; width=&#8221;1\/1&#8243; el_position=&#8221;first last&#8221;]\n<p>BA30, 1 settimana, 30 ore \u20ac565<\/p>\n[\/spb_text_block] [\/spb_accordion_tab] [spb_accordion_tab title=&#8221;Il prezzo include&#8221; accordion_id=&#8221;&#8221; icon=&#8221;&#8221;] [spb_text_block pb_margin_bottom=&#8221;no&#8221; pb_border_bottom=&#8221;no&#8221; width=&#8221;1\/1&#8243; el_position=&#8221;first last&#8221;]\n<p>Materiale di base (carta da disegno, lapis).<\/p>\n<p>Materiale <a href=\"http:\/\/adg.it\/it\/materiale-arte\">consigliato<\/a>.<\/p>\n[\/spb_text_block] [\/spb_accordion_tab] [spb_accordion_tab title=&#8221;Date dei corsi&#8221; accordion_id=&#8221;&#8221; icon=&#8221;&#8221;] [spb_text_block pb_margin_bottom=&#8221;no&#8221; pb_border_bottom=&#8221;no&#8221; width=&#8221;1\/1&#8243; el_position=&#8221;first last&#8221;]\n<p>Inizio: <strong>ogni luned\u00ec<\/strong><\/p>\n[\/spb_text_block] [\/spb_accordion_tab] [spb_accordion_tab title=&#8221;Orario&#8221; accordion_id=&#8221;&#8221; icon=&#8221;&#8221;] [spb_text_block pb_margin_bottom=&#8221;no&#8221; pb_border_bottom=&#8221;no&#8221; width=&#8221;1\/1&#8243; el_position=&#8221;first last&#8221;]\n<p>Corso di <strong>14 ore<\/strong> a settimana:<\/p>\n<ul>\n<li>dal luned\u00ec al gioved\u00ec dalle 10:00 alle 13:00 e venerd\u00ec dalle 10:00 alle 12:00<br \/>\no<\/li>\n<li>dal <span class=\"color-10\">luned\u00ec<\/span> al <span class=\"color-10\">gioved\u00ec<\/span>, dalle 13:30 alle 17:00.<\/li>\n<\/ul>\n<p>Corso di <strong>20 ore<\/strong> a settimana:<\/p>\n<ul>\n<li>dal <span class=\"color-10\">luned\u00ec<\/span> al <span class=\"color-10\">gioved\u00ec<\/span>, dalle 11:30 alle 13:00 e dalle 13:30 alle 17:00.<\/li>\n<\/ul>\n<p>Corso di <strong>30 ore<\/strong> a settimana:<\/p>\n<ul>\n<li>dal luned\u00ec al venerd\u00ec dalle 10:00 alle 13:00<br \/>\ne<\/li>\n<li>dal <span class=\"color-10\">luned\u00ec<\/span> al <span class=\"color-10\">gioved\u00ec<\/span>, dalle 13:30 alle 17:00.<\/li>\n<\/ul>\n[\/spb_text_block] [\/spb_accordion_tab] [spb_accordion_tab title=&#8221;Sconti e riduzioni&#8221; accordion_id=&#8221;&#8221; icon=&#8221;&#8221;] [spb_text_block pb_margin_bottom=&#8221;no&#8221; pb_border_bottom=&#8221;no&#8221; width=&#8221;1\/1&#8243; el_position=&#8221;first last&#8221;]\n<p>I corsi sono tenuti in <span class=\"color-10\">lingua italiana<\/span>. Per coloro che non hanno una sufficiente conoscenza della lingua la scuola offre la possibilit\u00e0 di frequentare in abbinamento uno dei propri corsi di lingua con uno <span class=\"color-10\">sconto del 10%<\/span>.<\/p>\n[\/spb_text_block] [\/spb_accordion_tab] [\/spb_accordion] [\/spb_column] [spb_column width=&#8221;1\/3&#8243; el_position=&#8221;last&#8221;] [spb_single_image image=&#8221;8169&#8243; image_size=&#8221;full&#8221; frame=&#8221;shadowframe&#8221; intro_animation=&#8221;none&#8221; full_width=&#8221;no&#8221; lightbox=&#8221;yes&#8221; link_target=&#8221;_self&#8221; width=&#8221;1\/1&#8243; el_position=&#8221;first last&#8221;] [spb_single_image image=&#8221;13503&#8243; image_size=&#8221;full&#8221; frame=&#8221;shadowframe&#8221; intro_animation=&#8221;none&#8221; full_width=&#8221;no&#8221; lightbox=&#8221;no&#8221; image_link=&#8221;https:\/\/adg.it\/it\/prodotto\/preparazione-accademie\/&#8221; link_target=&#8221;_self&#8221; width=&#8221;1\/1&#8243; el_position=&#8221;first last&#8221;] [spb_text_block title=&#8221;Contattaci&#8221; pb_margin_bottom=&#8221;no&#8221; pb_border_bottom=&#8221;no&#8221; width=&#8221;1\/1&#8243; el_position=&#8221;first last&#8221;]\n<div class=\"wpforms-container wpforms-container-full\" id=\"wpforms-18575\"><form id=\"wpforms-form-18575\" class=\"wpforms-validate wpforms-form wpforms-ajax-form\" data-formid=\"18575\" method=\"post\" enctype=\"multipart\/form-data\" action=\"\/it\/wp-json\/wp\/v2\/pages\/9263\" data-token=\"fe6abd27bfc3dc5a615cccba1a09a316\" data-token-time=\"1775518196\"><noscript class=\"wpforms-error-noscript\">Abilita JavaScript nel browser per completare questo modulo.<\/noscript><div class=\"wpforms-field-container\"><div id=\"wpforms-18575-field_6-container\" class=\"wpforms-field wpforms-field-name\" data-field-id=\"6\"><label class=\"wpforms-field-label\">Nome <span class=\"wpforms-required-label\">*<\/span><\/label><div class=\"wpforms-field-row wpforms-field-large\"><div class=\"wpforms-field-row-block wpforms-first wpforms-one-half\"><input type=\"text\" id=\"wpforms-18575-field_6\" class=\"wpforms-field-name-first wpforms-field-required\" name=\"wpforms[fields][6][first]\" placeholder=\"Il tuo nome\" required><label for=\"wpforms-18575-field_6\" class=\"wpforms-field-sublabel after\">First<\/label><\/div><div class=\"wpforms-field-row-block wpforms-one-half\"><input type=\"text\" id=\"wpforms-18575-field_6-last\" class=\"wpforms-field-name-last wpforms-field-required\" name=\"wpforms[fields][6][last]\" placeholder=\"Il tuo cognome\" required><label for=\"wpforms-18575-field_6-last\" class=\"wpforms-field-sublabel after\">Last<\/label><\/div><\/div><\/div><div id=\"wpforms-18575-field_1-container\" class=\"wpforms-field wpforms-field-email\" data-field-id=\"1\"><label class=\"wpforms-field-label\" for=\"wpforms-18575-field_1\">Email <span class=\"wpforms-required-label\">*<\/span><\/label><input type=\"email\" id=\"wpforms-18575-field_1\" class=\"wpforms-field-large wpforms-field-required\" name=\"wpforms[fields][1]\" placeholder=\"La tua email\" spellcheck=\"false\" required><\/div><div id=\"wpforms-18575-field_2-container\" class=\"wpforms-field wpforms-field-textarea\" data-field-id=\"2\"><label class=\"wpforms-field-label\" for=\"wpforms-18575-field_2\">Messaggio <span class=\"wpforms-required-label\">*<\/span><\/label><textarea id=\"wpforms-18575-field_2\" class=\"wpforms-field-medium wpforms-field-required\" name=\"wpforms[fields][2]\" placeholder=\"Scrivi qui il tuo messaggio\" required><\/textarea><\/div><\/div><!-- .wpforms-field-container --><div class=\"wpforms-field wpforms-field-hp\"><label for=\"wpforms-18575-field-hp\" class=\"wpforms-field-label\">Name<\/label><input type=\"text\" name=\"wpforms[hp]\" id=\"wpforms-18575-field-hp\" class=\"wpforms-field-medium\"><\/div><div class=\"wpforms-submit-container\" ><input type=\"hidden\" name=\"wpforms[id]\" value=\"18575\"><input type=\"hidden\" name=\"page_title\" value=\"\"><input type=\"hidden\" name=\"page_url\" value=\"https:\/\/adg.it\/it\/wp-json\/wp\/v2\/pages\/9263\"><input type=\"hidden\" name=\"url_referer\" value=\"\"><button type=\"submit\" name=\"wpforms[submit]\" id=\"wpforms-submit-18575\" class=\"wpforms-submit\" data-alt-text=\"Sto inviando...\" data-submit-text=\"Invia\" aria-live=\"assertive\" value=\"wpforms-submit\">Invia<\/button><img loading=\"lazy\" decoding=\"async\" src=\"https:\/\/adg.it\/wp-content\/plugins\/wpforms\/assets\/images\/submit-spin.svg\" class=\"wpforms-submit-spinner\" style=\"display: none;\" width=\"26\" height=\"26\" alt=\"Caricamento\"><\/div><\/form><\/div>  <!-- .wpforms-container -->\n[\/spb_text_block] [testimonial title=&#8221;Dicono di noi&#8221; text_size=&#8221;normal&#8221; item_count=&#8221;2&#8243; order=&#8221;rand&#8221; category=&#8221;accademia-it&#8221; pagination=&#8221;no&#8221; page_link=&#8221;no&#8221; width=&#8221;1\/1&#8243; el_position=&#8221;first last&#8221;] [\/spb_column]<\/p>\n","protected":false},"excerpt":{"rendered":"<p>[spb_column width=&#8221;2\/3&#8243; el_position=&#8221;first&#8221;] [spb_text_block title=&#8221;Corso di preparazione&#8221; pb_margin_bottom=&#8221;no&#8221; pb_border_bottom=&#8221;no&#8221; width=&#8221;1\/1&#8243; el_position=&#8221;first last&#8221;] Corso preparatorio per l&#8217;esame di ammissione alle Accademie di Belle Arti italiane. L&#8217;Accademia del Giglio ha ormai una consolidata esperienza nell&#8217;organizzazione dei corsi di preparazione agli esami di ammissione per stranieri e italiani alle Accademie di Belle Arti statali\u00a0a Firenze e in altre sedi (Milano, Roma, ecc) per [&hellip;]<\/p>\n","protected":false},"author":27,"featured_media":0,"parent":0,"menu_order":0,"comment_status":"closed","ping_status":"closed","template":"","meta":{"_joinchat":[],"footnotes":""},"class_list":["post-9263","page","type-page","status-publish","hentry"],"aioseo_notices":[],"_links":{"self":[{"href":"https:\/\/adg.it\/it\/wp-json\/wp\/v2\/pages\/9263","targetHints":{"allow":["GET"]}}],"collection":[{"href":"https:\/\/adg.it\/it\/wp-json\/wp\/v2\/pages"}],"about":[{"href":"https:\/\/adg.it\/it\/wp-json\/wp\/v2\/types\/page"}],"author":[{"embeddable":true,"href":"https:\/\/adg.it\/it\/wp-json\/wp\/v2\/users\/27"}],"replies":[{"embeddable":true,"href":"https:\/\/adg.it\/it\/wp-json\/wp\/v2\/comments?post=9263"}],"version-history":[{"count":1,"href":"https:\/\/adg.it\/it\/wp-json\/wp\/v2\/pages\/9263\/revisions"}],"predecessor-version":[{"id":25854,"href":"https:\/\/adg.it\/it\/wp-json\/wp\/v2\/pages\/9263\/revisions\/25854"}],"wp:attachment":[{"href":"https:\/\/adg.it\/it\/wp-json\/wp\/v2\/media?parent=9263"}],"curies":[{"name":"wp","href":"https:\/\/api.w.org\/{rel}","templated":true}]}}