{"id":9132,"date":"2015-06-11T08:23:46","date_gmt":"2015-06-11T08:23:46","guid":{"rendered":"http:\/\/wp.adg.it\/?page_id=9132"},"modified":"2025-02-03T13:08:53","modified_gmt":"2025-02-03T13:08:53","slug":"corso-affresco","status":"publish","type":"page","link":"https:\/\/adg.it\/it\/corso-affresco\/","title":{"rendered":"Corso d&#8217;affresco"},"content":{"rendered":"<p>[spb_column width=&#8221;2\/3&#8243; el_position=&#8221;first&#8221;] [spb_text_block title=&#8221;Impara i segreti della pi\u00f9 antica tecnica di pittura&#8221; pb_margin_bottom=&#8221;no&#8221; pb_border_bottom=&#8221;no&#8221; width=&#8221;1\/1&#8243; el_position=&#8221;first last&#8221;]\n<p>Gli inventori dell&#8217;affresco, una fra le pi\u00f9 antiche tecniche pittoriche, furono gli Egiziani che trasmisero la tecnica ai Greci, ma \u00e8 con <strong>Giotto<\/strong> che l&#8217;affresco acquista l&#8217;importanza storico-artistica universalmente riconosciuta.<\/p>\n<p>La caratteristica principale di questa tecnica \u00e8 che, eseguendo la pittura su <strong><span class=\"color-10\">intonaco fresco<\/span><\/strong>, il colore si ferma per coesione attraverso un processo chimico. I <span class=\"color-10\">colori<\/span>, assolutamente naturali, hanno dei toni caldi e vengono stesi con sovrapposizioni successive di colore entro un tempo limitato (la giornata). Ed \u00e8 proprio questa la difficolt\u00e0 principale dell&#8217;affresco: non c\u2019\u00e8 possibilit\u00e0 di correggere gli errori se non distruggendo la giornata di lavoro.<\/p>\n<p>Data la complessit\u00e0 della tecnica, il corso \u00e8 consigliato a chi sa gi\u00e0 disegnare bene o a chi ha frequentato almeno le prime tre unit\u00e0 del nostro <a href=\"https:\/\/adg.it\/it\/corsi-di-disegno-e-pittura\/\">corso d\u2019arte<\/a>.<\/p>\n<p>Il corso ha la durata di 1, 2, 4 o 12 settimane ed \u00e8 possibile frequentarlo per 14 o 20 ore a settimana.<\/p>\n[\/spb_text_block] [boxed_content type=&#8221;coloured&#8221; pb_margin_bottom=&#8221;no&#8221; width=&#8221;1\/1&#8243; el_position=&#8221;first last&#8221;]\n<p>Il programma<\/p>\n[\/boxed_content] [spb_accordion width=&#8221;1\/1&#8243; el_position=&#8221;first last&#8221;] [spb_accordion_tab title=&#8221;Arriccio&#8221; accordion_id=&#8221;&#8221; icon=&#8221;&#8221;] [spb_text_block pb_margin_bottom=&#8221;no&#8221; pb_border_bottom=&#8221;no&#8221; width=&#8221;1\/1&#8243; el_position=&#8221;first last&#8221;]\n<p>Sulla gronda, sul muro o sul canniccio si stende un primo strato di malta (sabbia e calce) chiamato arriccio. Dopo un secondo strato di arriccio viene steso, usando un tipo di sabbia pi\u00f9 fine, l&#8217;intonaco.<\/p>\n[\/spb_text_block] [\/spb_accordion_tab] [spb_accordion_tab title=&#8221;Cartone preparatorio&#8221; accordion_id=&#8221;&#8221; icon=&#8221;&#8221;] [spb_text_block pb_margin_bottom=&#8221;no&#8221; pb_border_bottom=&#8221;no&#8221; width=&#8221;1\/1&#8243; el_position=&#8221;first last&#8221;]\n<p>Si prepara il disegno sul cartone preparatorio che viene bucherellato lungo la linea di contorno del disegno: a questo punto avviene lo spolvero.<\/p>\n[\/spb_text_block] [\/spb_accordion_tab] [spb_accordion_tab title=&#8221;Sinopia&#8221; accordion_id=&#8221;&#8221; icon=&#8221;&#8221;] [spb_text_block pb_margin_bottom=&#8221;no&#8221; pb_border_bottom=&#8221;no&#8221; width=&#8221;1\/1&#8243; el_position=&#8221;first last&#8221;]\n<p>Su questa superficie viene disegnata la sinopia (il disegno di insieme utile per &#8220;tagliare le giornate&#8221;) per mezzo del cartone preparatorio.<\/p>\n[\/spb_text_block] [\/spb_accordion_tab] [spb_accordion_tab title=&#8221;Intonachino&#8221; accordion_id=&#8221;&#8221; icon=&#8221;&#8221;] [spb_text_block pb_margin_bottom=&#8221;no&#8221; pb_border_bottom=&#8221;no&#8221; width=&#8221;1\/1&#8243; el_position=&#8221;first last&#8221;]\n<p>Effettuata quest&#8217;ultima operazione viene steso l&#8217;ultimo strato (sabbia setacciata e calce spenta), detto l&#8217;intonachino, sul quale, dopo essere stato accuratamente lisciato con la cazzuola, si pu\u00f2 finalmente dipingere.<\/p>\n[\/spb_text_block] [\/spb_accordion_tab] [spb_accordion_tab title=&#8221;Pittura&#8221; accordion_id=&#8221;&#8221; icon=&#8221;&#8221;] [spb_text_block pb_margin_bottom=&#8221;no&#8221; pb_border_bottom=&#8221;no&#8221; width=&#8221;1\/1&#8243; el_position=&#8221;first last&#8221;]\n<p>L&#8217;intonaco \u00e8 pronto per essere dipinto.<\/p>\n[\/spb_text_block] [\/spb_accordion_tab] [spb_accordion_tab title=&#8221;Sgraffito&#8221; accordion_id=&#8221;&#8221; icon=&#8221;&#8221;] [spb_text_block pb_margin_bottom=&#8221;no&#8221; pb_border_bottom=&#8221;no&#8221; width=&#8221;1\/1&#8243; el_position=&#8221;first last&#8221;]\n<p>\u00c8 possibile dedicare parte del corso alla tecnica dello sgraffito, o scraffito, che consiste nell&#8217;applicare pi\u00f9 strati di intonaco pitturati in colori contrastanti e poi graffiarli sino a\u00a0delineare i contorni di un disegno.<\/p>\n<p>&nbsp;<\/p>\n[\/spb_text_block] [\/spb_accordion_tab] [spb_accordion_tab title=&#8221;Tecnica dello strappo&#8221; accordion_id=&#8221;&#8221; icon=&#8221;&#8221;] [spb_text_block pb_margin_bottom=&#8221;no&#8221; pb_border_bottom=&#8221;no&#8221; width=&#8221;1\/1&#8243; el_position=&#8221;first last&#8221;]\n<p>Parte del corso pu\u00f2 essere dedicata a imparare la tecnica dello strappo, ovvero come staccare l&#8217;affresco dal muro e trasferirlo su un altro supporto.<\/p>\n[\/spb_text_block] [\/spb_accordion_tab] [\/spb_accordion] [sf_gallery gallery_id=&#8221;6314&#8243; slider_transition=&#8221;fade&#8221; show_thumbs=&#8221;yes&#8221; autoplay=&#8221;yes&#8221; show_captions=&#8221;yes&#8221; enable_lightbox=&#8221;yes&#8221; width=&#8221;1\/1&#8243; el_position=&#8221;first last&#8221;] [boxed_content type=&#8221;coloured&#8221; pb_margin_bottom=&#8221;no&#8221; width=&#8221;1\/1&#8243; el_position=&#8221;first last&#8221;]\n<p>Costo del corso<\/p>\n[\/boxed_content] [spb_accordion width=&#8221;1\/1&#8243; el_position=&#8221;first last&#8221;] [spb_accordion_tab title=&#8221;Prezzo&#8221; accordion_id=&#8221;&#8221; icon=&#8221;&#8221;] [spb_text_block title=&#8221;14 ore a settimana&#8221; pb_margin_bottom=&#8221;no&#8221; pb_border_bottom=&#8221;no&#8221; width=&#8221;1\/1&#8243; el_position=&#8221;first last&#8221;]\n<p>FC1, 1 settimana, 14 ore \u20ac400<br \/>\nFC2, 2 settimane, 28 ore \u20ac590<br \/>\nFC4, 4 settimane, 56 ore \u20ac990<br \/>\nFC12, 12 settimane, 168 ore \u20ac2790<\/p>\n[\/spb_text_block] [spb_text_block title=&#8221;20 ore a settimana&#8221; pb_margin_bottom=&#8221;no&#8221; pb_border_bottom=&#8221;no&#8221; width=&#8221;1\/1&#8243; el_position=&#8221;first last&#8221;]\n<p>FC1, 1 settimana, 20 ore \u20ac460<br \/>\nFC2, 2 settimane, 40 ore \u20ac790<br \/>\nFC4, 4 settimane, 80 ore \u20ac1320<br \/>\nFC12, 12 settimane, 240 ore \u20ac3790<\/p>\n[\/spb_text_block] [\/spb_accordion_tab] [spb_accordion_tab title=&#8221;Il prezzo include&#8221; accordion_id=&#8221;&#8221; icon=&#8221;&#8221;] [spb_text_block pb_margin_bottom=&#8221;no&#8221; pb_border_bottom=&#8221;no&#8221; width=&#8221;1\/1&#8243; el_position=&#8221;first last&#8221;]\n<p>Tutto il materiale didattico escluso colori e pennelli.<br \/>\nIl certificato alla fine del corso.<\/p>\n[\/spb_text_block] [\/spb_accordion_tab] [spb_accordion_tab title=&#8221;Orario&#8221; accordion_id=&#8221;&#8221; icon=&#8221;&#8221;] [spb_text_block pb_margin_bottom=&#8221;no&#8221; pb_border_bottom=&#8221;no&#8221; width=&#8221;1\/1&#8243; el_position=&#8221;first last&#8221;]\n<p>Corso di 14 ore a settimana: dal luned\u00ec al gioved\u00ec, dalle 13:30 alle 17:00.<br \/>\nCorso di 20\u00a0ore a settimana: dal luned\u00ec al gioved\u00ec, dalle 11:30 alle 13:00 e dalle 13:30 alle 17:00.<br \/>\n\u00c8 possibile iniziare questo corso <span class=\"color-10\">ogni luned\u00ec<\/span>, a seconda della disponibilit\u00e0 dei posti<\/p>\n[\/spb_text_block] [\/spb_accordion_tab] [spb_accordion_tab title=&#8221;Gruppi&#8221; accordion_id=&#8221;&#8221; icon=&#8221;&#8221;] [spb_text_block pb_margin_bottom=&#8221;no&#8221; pb_border_bottom=&#8221;no&#8221; width=&#8221;1\/1&#8243; el_position=&#8221;first last&#8221;]\n<p>Progettiamo il corso su misura per le vostre esigenze: il programma e l&#8217;orario possono essere fissati in anticipo. Fateci sapere quali sono i vostri progetti, le date e la durata del corso che vi piacerebbe frequentare e vi manderemo i dettagli e il costo.<\/p>\n[\/spb_text_block] [\/spb_accordion_tab] [spb_accordion_tab title=&#8221;Nota bene&#8221; accordion_id=&#8221;&#8221; icon=&#8221;&#8221;] [spb_text_block pb_margin_bottom=&#8221;no&#8221; pb_border_bottom=&#8221;no&#8221; width=&#8221;1\/1&#8243; el_position=&#8221;first last&#8221;]\n<p>Se desiderate portare via con voi alla fine del corso le gronde di cotto o le piccole mattonelle\u00a0sulle quali avete dipinto i vostri affreschi, vi sar\u00e0 richiesto di pagare un rimborso spese di:<br \/>\n&#8211; 10 Euro per ogni gronda;<br \/>\n&#8211; la prima mattonella \u00e8 gratis, dalla seconda in poi il costo sar\u00e0 di 5 Euro ciascuna.<\/p>\n[\/spb_text_block] [\/spb_accordion_tab] [\/spb_accordion] [\/spb_column] [spb_column width=&#8221;1\/3&#8243; el_position=&#8221;last&#8221;] [spb_single_image image=&#8221;17700&#8243; image_size=&#8221;full&#8221; frame=&#8221;shadowframe&#8221; intro_animation=&#8221;none&#8221; full_width=&#8221;no&#8221; lightbox=&#8221;yes&#8221; link_target=&#8221;_self&#8221; width=&#8221;1\/1&#8243; el_position=&#8221;first last&#8221;] [boxed_content type=&#8221;coloured&#8221; pb_margin_bottom=&#8221;no&#8221; width=&#8221;1\/1&#8243; el_position=&#8221;first last&#8221;]\n<p>Materiale consigliato<\/p>\n[\/boxed_content] [spb_toggle title=&#8221;Per l&#8217;affresco&#8221; open=&#8221;false&#8221; width=&#8221;1\/1&#8243; el_position=&#8221;first last&#8221;]\n<p>Pigmenti<br \/>\n2 pennelli<\/p>\n<p>I pigmenti e i pennelli hanno un costo approssimativo di circa 35 Euro. I nostri studenti possono usufruire di uno sconto nei migliori negozi di materiale d&#8217;arte di Firenze mostrando la nostra AdG student-card.<\/p>\n[\/spb_toggle] [blank_spacer height=&#8221;30px&#8221; width=&#8221;1\/1&#8243; el_position=&#8221;first last&#8221;] [spb_single_image image=&#8221;13503&#8243; image_size=&#8221;full&#8221; frame=&#8221;noframe&#8221; intro_animation=&#8221;none&#8221; full_width=&#8221;no&#8221; lightbox=&#8221;no&#8221; image_link=&#8221;https:\/\/adg.it\/it\/prodotto\/corso-affresco\/&#8221; link_target=&#8221;_blank&#8221; width=&#8221;1\/1&#8243; el_position=&#8221;first last&#8221;] [blank_spacer height=&#8221;30px&#8221; width=&#8221;1\/1&#8243; el_position=&#8221;first last&#8221;] [spb_text_block title=&#8221;Contattaci&#8221; pb_margin_bottom=&#8221;no&#8221; pb_border_bottom=&#8221;no&#8221; width=&#8221;1\/1&#8243; el_position=&#8221;first last&#8221;]\n<div class=\"wpforms-container wpforms-container-full\" id=\"wpforms-18575\"><form id=\"wpforms-form-18575\" class=\"wpforms-validate wpforms-form wpforms-ajax-form\" data-formid=\"18575\" method=\"post\" enctype=\"multipart\/form-data\" action=\"\/it\/wp-json\/wp\/v2\/pages\/9132\" data-token=\"5e4c846e1bb793ab3185c709d55d480e\" data-token-time=\"1777722092\"><noscript class=\"wpforms-error-noscript\">Abilita JavaScript nel browser per completare questo modulo.<\/noscript><div class=\"wpforms-field-container\"><div id=\"wpforms-18575-field_6-container\" class=\"wpforms-field wpforms-field-name\" data-field-id=\"6\"><label class=\"wpforms-field-label\">Nome <span class=\"wpforms-required-label\">*<\/span><\/label><div class=\"wpforms-field-row wpforms-field-large\"><div class=\"wpforms-field-row-block wpforms-first wpforms-one-half\"><input type=\"text\" id=\"wpforms-18575-field_6\" class=\"wpforms-field-name-first wpforms-field-required\" name=\"wpforms[fields][6][first]\" placeholder=\"Il tuo nome\" required><label for=\"wpforms-18575-field_6\" class=\"wpforms-field-sublabel after\">First<\/label><\/div><div class=\"wpforms-field-row-block wpforms-one-half\"><input type=\"text\" id=\"wpforms-18575-field_6-last\" class=\"wpforms-field-name-last wpforms-field-required\" name=\"wpforms[fields][6][last]\" placeholder=\"Il tuo cognome\" required><label for=\"wpforms-18575-field_6-last\" class=\"wpforms-field-sublabel after\">Last<\/label><\/div><\/div><\/div><div id=\"wpforms-18575-field_1-container\" class=\"wpforms-field wpforms-field-email\" data-field-id=\"1\"><label class=\"wpforms-field-label\" for=\"wpforms-18575-field_1\">Email <span class=\"wpforms-required-label\">*<\/span><\/label><input type=\"email\" id=\"wpforms-18575-field_1\" class=\"wpforms-field-large wpforms-field-required\" name=\"wpforms[fields][1]\" placeholder=\"La tua email\" spellcheck=\"false\" required><\/div><div id=\"wpforms-18575-field_2-container\" class=\"wpforms-field wpforms-field-textarea\" data-field-id=\"2\"><label class=\"wpforms-field-label\" for=\"wpforms-18575-field_2\">Messaggio <span class=\"wpforms-required-label\">*<\/span><\/label><textarea id=\"wpforms-18575-field_2\" class=\"wpforms-field-medium wpforms-field-required\" name=\"wpforms[fields][2]\" placeholder=\"Scrivi qui il tuo messaggio\" required><\/textarea><\/div><\/div><!-- .wpforms-field-container --><div class=\"wpforms-field wpforms-field-hp\"><label for=\"wpforms-18575-field-hp\" class=\"wpforms-field-label\">Message<\/label><input type=\"text\" name=\"wpforms[hp]\" id=\"wpforms-18575-field-hp\" class=\"wpforms-field-medium\"><\/div><div class=\"wpforms-submit-container\" ><input type=\"hidden\" name=\"wpforms[id]\" value=\"18575\"><input type=\"hidden\" name=\"page_title\" value=\"\"><input type=\"hidden\" name=\"page_url\" value=\"https:\/\/adg.it\/it\/wp-json\/wp\/v2\/pages\/9132\"><input type=\"hidden\" name=\"url_referer\" value=\"\"><button type=\"submit\" name=\"wpforms[submit]\" id=\"wpforms-submit-18575\" class=\"wpforms-submit\" data-alt-text=\"Sto inviando...\" data-submit-text=\"Invia\" aria-live=\"assertive\" value=\"wpforms-submit\">Invia<\/button><img loading=\"lazy\" decoding=\"async\" src=\"https:\/\/adg.it\/wp-content\/plugins\/wpforms\/assets\/images\/submit-spin.svg\" class=\"wpforms-submit-spinner\" style=\"display: none;\" width=\"26\" height=\"26\" alt=\"Caricamento\"><\/div><\/form><\/div>  <!-- .wpforms-container -->\n[\/spb_text_block] [\/spb_column]<\/p>\n","protected":false},"excerpt":{"rendered":"<p>[spb_column width=&#8221;2\/3&#8243; el_position=&#8221;first&#8221;] [spb_text_block title=&#8221;Impara i segreti della pi\u00f9 antica tecnica di pittura&#8221; pb_margin_bottom=&#8221;no&#8221; pb_border_bottom=&#8221;no&#8221; width=&#8221;1\/1&#8243; el_position=&#8221;first last&#8221;] Gli inventori dell&#8217;affresco, una fra le pi\u00f9 antiche tecniche pittoriche, furono gli Egiziani che trasmisero la tecnica ai Greci, ma \u00e8 con Giotto che l&#8217;affresco acquista l&#8217;importanza storico-artistica universalmente riconosciuta. La caratteristica principale di questa tecnica \u00e8 che, eseguendo la pittura su [&hellip;]<\/p>\n","protected":false},"author":27,"featured_media":17951,"parent":0,"menu_order":0,"comment_status":"closed","ping_status":"closed","template":"","meta":{"_joinchat":[],"footnotes":""},"class_list":["post-9132","page","type-page","status-publish","has-post-thumbnail","hentry"],"aioseo_notices":[],"_links":{"self":[{"href":"https:\/\/adg.it\/it\/wp-json\/wp\/v2\/pages\/9132","targetHints":{"allow":["GET"]}}],"collection":[{"href":"https:\/\/adg.it\/it\/wp-json\/wp\/v2\/pages"}],"about":[{"href":"https:\/\/adg.it\/it\/wp-json\/wp\/v2\/types\/page"}],"author":[{"embeddable":true,"href":"https:\/\/adg.it\/it\/wp-json\/wp\/v2\/users\/27"}],"replies":[{"embeddable":true,"href":"https:\/\/adg.it\/it\/wp-json\/wp\/v2\/comments?post=9132"}],"version-history":[{"count":3,"href":"https:\/\/adg.it\/it\/wp-json\/wp\/v2\/pages\/9132\/revisions"}],"predecessor-version":[{"id":26284,"href":"https:\/\/adg.it\/it\/wp-json\/wp\/v2\/pages\/9132\/revisions\/26284"}],"wp:featuredmedia":[{"embeddable":true,"href":"https:\/\/adg.it\/it\/wp-json\/wp\/v2\/media\/17951"}],"wp:attachment":[{"href":"https:\/\/adg.it\/it\/wp-json\/wp\/v2\/media?parent=9132"}],"curies":[{"name":"wp","href":"https:\/\/api.w.org\/{rel}","templated":true}]}}