{"id":9002,"date":"2015-06-09T13:21:09","date_gmt":"2015-06-09T13:21:09","guid":{"rendered":"http:\/\/wp.adg.it\/?page_id=9002"},"modified":"2026-04-06T11:34:56","modified_gmt":"2026-04-06T11:34:56","slug":"corsi-di-disegno-e-pittura","status":"publish","type":"page","link":"https:\/\/adg.it\/it\/corsi-di-disegno-e-pittura\/","title":{"rendered":"Corsi di disegno e pittura"},"content":{"rendered":"<p>[spb_column width=&#8221;2\/3&#8243; el_position=&#8221;first&#8221;] [spb_text_block title=&#8221;Da una settimana a nove mesi di corso&#8221; pb_margin_bottom=&#8221;no&#8221; pb_border_bottom=&#8221;no&#8221; width=&#8221;1\/1&#8243; el_position=&#8221;first last&#8221;]\n<p>Il corso vuole dare allo studente gli strumenti e le conoscenze base per affrontare e conoscere <strong>le pi\u00f9 importanti <span class=\"color-10\">tecniche artistiche<\/span><\/strong>.<\/p>\n<p>Le prime unit\u00e0 pongono particolare attenzione\u00a0al <strong>disegno<\/strong> che nella cultura artistica pittorica toscana riveste grande importanza poich\u00e9 aiuta a sviluppare la <span class=\"color-10\">manualit\u00e0<\/span> e la capacit\u00e0 di <span class=\"color-10\">osservazione<\/span>, due aspetti fondamentali di tutte le arti. Le altre unit\u00e0 sono dedicate allo <strong>studio del colore<\/strong> e delle <strong>tecniche classiche della <span class=\"color-10\">pittura<\/span><\/strong>.<\/p>\n<p>Non \u00e8 importante frequentare il corso dall&#8217;inizio: ogni studente, a seconda delle proprie <span class=\"color-10\">capacit\u00e0<\/span> e del <span class=\"color-10\">tempo a sua disposizione<\/span>, sceglier\u00e0 cosa studiare insieme al suo insegnante.<\/p>\n<p>Il corso d&#8217;arte completo ha la durata di <span class=\"color-10\">9 mesi<\/span>, ma pu\u00f2 essere frequentato anche per periodi pi\u00f9 brevi (minimo <span class=\"color-10\">una settimana<\/span>). Lo studente pu\u00f2 scegliere di frequentare:<\/p>\n<ul>\n<li>un programma di Disegno e pittura intensivo di\u00a0<strong>20 ore a settimana<\/strong>\u00a0dalle<strong>\u00a011:30 <\/strong>alle<strong> 13:00\u00a0<\/strong>e dalle<strong>\u00a013:30 <\/strong>alle<strong> 17:00<\/strong>, dal luned\u00ec al gioved\u00ec.<\/li>\n<\/ul>\n<ul>\n<li>un programma di Disegno e pittura di\u00a0<strong>14 ore a settimana. <\/strong>In questo caso due\u00a0opzioni di orario sono possibili: <strong>orario mattina<\/strong> 10:00-13:00 luned\u00ec-gioved\u00ec e 10:00-12:00 venerd\u00ec, oppure\u00a0<strong>orario pomeriggio<\/strong>\u00a0dalle<strong>\u00a0<\/strong>13:30 alle 17:00, dal luned\u00ec al gioved\u00ec.<\/li>\n<\/ul>\n<p>Un <strong><span class=\"color-10\">modello<\/span><\/strong> \u00e8 a disposizione degli studenti per <strong>2 ore a settimana<\/strong> durante le ore di lezione.<\/p>\n<p>Alla fine del corso lo studente avr\u00e0 acquisito sufficienti conoscenze per poter continuare un <span class=\"color-10\">percorso di studio personale<\/span> o approfondire lo studio di una o pi\u00f9 tecniche.<\/p>\n[\/spb_text_block] [spb_text_block title=&#8221;Nota bene&#8221; pb_margin_bottom=&#8221;no&#8221; pb_border_bottom=&#8221;no&#8221; width=&#8221;1\/1&#8243; el_position=&#8221;first last&#8221;]\n<p>Durante il corso di studi presso la nostra accademia, potrai concentrarti <strong>sulle tecniche artistiche che pi\u00f9 ti interessano<\/strong> o che desideri migliorare. Le \u201c9 unit\u00e0\u201d rappresentano un quadro di apprendimento generale, non moduli fissi che si svolgono separatamente o con rotazione settimanale.<\/p>\n<p>Poich\u00e9 le nostre classi sono piccole (di solito 8-10 studenti), <strong>l&#8217;insegnamento \u00e8 altamente personalizzato<\/strong>. Anche se frequenti solo per una o due settimane, non sarai limitato a una singola unit\u00e0. Gli insegnanti selezionano e combinano invece il materiale di pi\u00f9 unit\u00e0 per adattarlo al meglio al tuo livello e ai tuoi obiettivi.<\/p>\n<p>I nostri insegnanti d&#8217;arte lavorano a stretto contatto con ogni studente per progettare <strong>un programma su misura<\/strong> basato sulle capacit\u00e0, l&#8217;esperienza e gli interessi individuali. Puoi scegliere i mezzi con cui desideri lavorare e gli argomenti che desideri approfondire, e il tuo insegnante strutturer\u00e0 la settimana di conseguenza.<\/p>\n[\/spb_text_block] [sf_gallery gallery_id=&#8221;9044&#8243; slider_transition=&#8221;slide&#8221; show_thumbs=&#8221;yes&#8221; autoplay=&#8221;yes&#8221; show_captions=&#8221;yes&#8221; enable_lightbox=&#8221;yes&#8221; width=&#8221;1\/1&#8243; el_position=&#8221;first last&#8221;] [boxed_content type=&#8221;coloured&#8221; pb_margin_bottom=&#8221;no&#8221; width=&#8221;1\/1&#8243; el_position=&#8221;first last&#8221;]\n<p>Prezzi e dettagli<\/p>\n[\/boxed_content] [spb_accordion width=&#8221;1\/1&#8243; el_position=&#8221;first last&#8221;] [spb_accordion_tab title=&#8221;14 ore a settimana&#8221; accordion_id=&#8221;&#8221; icon=&#8221;&#8221;] [spb_text_block title=&#8221;Senza materiali&#8221; pb_margin_bottom=&#8221;no&#8221; pb_border_bottom=&#8221;no&#8221; width=&#8221;1\/1&#8243; el_position=&#8221;first last&#8221;]\n<p>1 settimana, 14 ore \u20ac335<br \/>\n2 settimane, 28 ore \u20ac585<br \/>\n3 settimane, 42 ore \u20ac845<br \/>\n1 unit\u00e0, 4 settimane, 56 ore \u20ac895<br \/>\n2 unit\u00e0, 8 settimane, 112 ore \u20ac1635<br \/>\n3 unit\u00e0, 12 settimane, 168 ore \u20ac2355<br \/>\n6 unit\u00e0, 24 settimane, 336 ore \u20ac4565<br \/>\n9 unit\u00e0, 36 settimane, 504 ore \u20ac6705<\/p>\n<p><a href=\"https:\/\/adg.it\/it\/prodotto\/tecniche-di-disegno-e-pittura-14-ore-a-settimana\/\">Iscriviti qui<\/a><\/p>\n[\/spb_text_block] [spb_text_block title=&#8221;Con materiali inclusi&#8221; pb_margin_bottom=&#8221;no&#8221; pb_border_bottom=&#8221;no&#8221; width=&#8221;1\/1&#8243; el_position=&#8221;first last&#8221;]\n<p>1 settimana, 14 ore \u20ac375<br \/>\n2 settimane, 28 ore \u20ac655<br \/>\n3 settimane, 42 ore \u20ac945<br \/>\n1 unit\u00e0, 4 settimane, 56 ore \u20ac1025<br \/>\n2 unit\u00e0, 8 settimane, 112 ore \u20ac1895<br \/>\n3 unit\u00e0, 12 settimane, 168 ore \u20ac2745<\/p>\n<p><a href=\"https:\/\/adg.it\/it\/prodotto\/tecniche-di-disegno-e-pittura-14-ore-a-settimana\/\">Iscriviti qui<\/a><\/p>\n[\/spb_text_block] [\/spb_accordion_tab] [spb_accordion_tab title=&#8221;20 ore a settimana&#8221; accordion_id=&#8221;&#8221; icon=&#8221;&#8221;] [spb_text_block title=&#8221;Senza materiali&#8221; pb_margin_bottom=&#8221;no&#8221; pb_border_bottom=&#8221;no&#8221; width=&#8221;1\/1&#8243; el_position=&#8221;first last&#8221;]\n<p>1 settimana, 20 ore \u20ac375<br \/>\n2 settimane, 40 ore \u20ac655<br \/>\n3 settimane, 60 ore \u20ac895<br \/>\n1 unit\u00e0, 4 settimane, 80 ore \u20ac1175<br \/>\n2 unit\u00e0, 8 settimane, 160 ore \u20ac2115<br \/>\n3 unit\u00e0, 12 settimane, 240 ore \u20ac3135<br \/>\n6 unit\u00e0, 24 settimane, 480 ore \u20ac6025<br \/>\n9 unit\u00e0, 36 settimane, 720 ore \u20ac9015<\/p>\n<p><a href=\"https:\/\/adg.it\/it\/prodotto\/tecniche-di-disegno-e-pittura-20-ore-a-settimana\/\">Iscriviti qui<\/a><\/p>\n[\/spb_text_block] [spb_text_block title=&#8221;Con materiali inclusi&#8221; pb_margin_bottom=&#8221;no&#8221; pb_border_bottom=&#8221;no&#8221; width=&#8221;1\/1&#8243; el_position=&#8221;first last&#8221;]\n<p>1 settimana, 20 ore \u20ac420<br \/>\n2 settimane, 40 ore \u20ac735<br \/>\n3 settimane, 60 ore \u20ac1010<br \/>\n1 unit\u00e0, 4 settimane, 80 ore \u20ac1315<br \/>\n2 unit\u00e0, 8 settimane, 160 ore \u20ac2395<br \/>\n3 unit\u00e0, 12 settimane, 240 ore \u20ac3555<\/p>\n<p><a href=\"https:\/\/adg.it\/it\/prodotto\/tecniche-di-disegno-e-pittura-20-ore-a-settimana\/\">Iscriviti qui<\/a><\/p>\n[\/spb_text_block] [\/spb_accordion_tab] [spb_accordion_tab title=&#8221;Il prezzo include&#8221; accordion_id=&#8221;&#8221; icon=&#8221;&#8221;] [spb_text_block pb_margin_bottom=&#8221;no&#8221; pb_border_bottom=&#8221;no&#8221; width=&#8221;1\/1&#8243; el_position=&#8221;first last&#8221;]\n<ul>\n<li><strong>Senza materiali d&#8217;arte<\/strong>: sono inclusi i materiali di base (carta, matite e gomme). Altri materiali possono essere acquistati in un negozio di belle arti nelle vicinanze che offre uno sconto del 10% ai nostri studenti. Materiale <a href=\"https:\/\/adg.it\/it\/materiale-arte\/\">consigliato<\/a>.<\/li>\n<li><strong>Con materiali d&#8217;arte<\/strong>: \u00e8 incluso l&#8217;uso di tutti i materiali e degli strumenti artistici necessari per lo svolgimento del corso.<\/li>\n<li>Al termine del corso verr\u00e0 rilasciato un <strong>Attestato di Frequenza<\/strong>.<\/li>\n<\/ul>\n<p>&nbsp;<\/p>\n[\/spb_text_block] [\/spb_accordion_tab] [\/spb_accordion] [\/spb_column] [spb_column width=&#8221;1\/3&#8243; el_position=&#8221;last&#8221;] [spb_single_image image=&#8221;6303&#8243; image_size=&#8221;full&#8221; frame=&#8221;noframe&#8221; intro_animation=&#8221;none&#8221; full_width=&#8221;no&#8221; lightbox=&#8221;yes&#8221; link_target=&#8221;_self&#8221; width=&#8221;1\/1&#8243; el_position=&#8221;first last&#8221;] [spb_single_image image=&#8221;13483&#8243; image_size=&#8221;full&#8221; frame=&#8221;noframe&#8221; intro_animation=&#8221;none&#8221; full_width=&#8221;no&#8221; lightbox=&#8221;no&#8221; image_link=&#8221;https:\/\/adg.it\/it\/prodotto\/tecniche-di-disegno-e-pittura-20-ore-a-settimana\/&#8221; link_target=&#8221;_self&#8221; caption=&#8221;Corsi di 20 ore a settimana&#8221; width=&#8221;1\/1&#8243; el_position=&#8221;first last&#8221;] [spb_single_image image=&#8221;13503&#8243; image_size=&#8221;full&#8221; frame=&#8221;noframe&#8221; intro_animation=&#8221;none&#8221; full_width=&#8221;no&#8221; lightbox=&#8221;no&#8221; image_link=&#8221;https:\/\/adg.it\/it\/prodotto\/tecniche-di-disegno-e-pittura-14-ore-a-settimana\/&#8221; link_target=&#8221;_self&#8221; caption=&#8221;Corsi di 14 ore a settimana&#8221; width=&#8221;1\/1&#8243; el_position=&#8221;first last&#8221;] [boxed_content type=&#8221;coloured&#8221; pb_margin_bottom=&#8221;no&#8221; width=&#8221;1\/1&#8243; el_position=&#8221;first last&#8221;]\n<p>Il programma<\/p>\n[\/boxed_content] [spb_toggle title=&#8221;A. Disegno base I&#8221; open=&#8221;false&#8221; width=&#8221;1\/1&#8243; el_position=&#8221;first last&#8221;]\n<p>Studio delle tecniche di disegno (linea e chiaroscuro) per la costruzione di un oggetto, acquisizione di un metodo per raggiungerne una corretta proporzione e come lo si inserisce all&#8217;interno di un foglio.<br \/>\nConoscenza dei principali mezzi tecnici per il disegno: grafite, carboncino, sanguigna, punta argento, penna, pastello.<\/p>\n[\/spb_toggle] [spb_toggle title=&#8221;B. Disegno base II&#8221; open=&#8221;false&#8221; width=&#8221;1\/1&#8243; el_position=&#8221;first last&#8221;]\n<p>Nozioni generiche di anatomia e tecnica per la corretta costruzione di un corpo e di un volto secondo i metodi tradizionali. Accenni di decorazione.<\/p>\n[\/spb_toggle] [spb_toggle title=&#8221;C. Disegno dal vero&#8221; open=&#8221;false&#8221; width=&#8221;1\/1&#8243; el_position=&#8221;first last&#8221;]\n<p>Approfondimento delle competenze acquisite nelle prime due unit\u00e0, in particolare della tecnica del \u00abchiaroscuro\u00bb, comprese le nozioni di base relative all\u2019ombreggiatura e alla prospettiva. Gli studenti si avvicineranno inoltre allo studio della tecnica dell\u2019<em>\u00e9corch\u00e9<\/em>, attraverso la quale impareranno a disegnare una figura o una parte del corpo che mostra i muscoli senza pelle. Questa tecnica fu praticata per la prima volta a Firenze durante il Rinascimento da quei maestri che volevano studiare la figura umana. Le lezioni potranno svolgersi anche nelle piazze di Firenze per disegnare alcune statue famose.<\/p>\n[\/spb_toggle] [spb_toggle title=&#8221;D. Tecniche pittoriche base I&#8221; open=&#8221;false&#8221; width=&#8221;1\/1&#8243; el_position=&#8221;first last&#8221;]\n<p>Conoscenza e studio delle teorie basilari del colore attraverso l&#8217;uso di tempera acrilica, pastello e derivati.<\/p>\n[\/spb_toggle] [spb_toggle title=&#8221;E. Tecniche pittoriche base II&#8221; open=&#8221;false&#8221; width=&#8221;1\/1&#8243; el_position=&#8221;first last&#8221;]\n<p>Studio dei rapporti luce-colore su un incarnato e su un panneggio.<br \/>\nResa cromatica e luminosit\u00e0 nel ritrarre oggetti di vario materiale quale metallo, vetro, ecc.<\/p>\n[\/spb_toggle] [spb_toggle title=&#8221;F. Pittura avanzata I&#8221; open=&#8221;false&#8221; width=&#8221;1\/1&#8243; el_position=&#8221;first last&#8221;]\n<p>Approccio generico alle tecniche pittoriche pi\u00f9 tradizionali: olio e acquerello. Storia e nozioni base per il loro utilizzo.<\/p>\n[\/spb_toggle] [spb_toggle title=&#8221;G. Pittura avanzata II&#8221; open=&#8221;false&#8221; width=&#8221;1\/1&#8243; el_position=&#8221;first last&#8221;]\n<p>Approfondimento delle tecniche dell\u2019unit\u00e0 precedente. Uso di tempere e acrilici.<\/p>\n[\/spb_toggle] [spb_toggle title=&#8221;H. Pittura avanzata III&#8221; open=&#8221;false&#8221; width=&#8221;1\/1&#8243; el_position=&#8221;first last&#8221;]\n<p>Approccio generico all&#8217;affresco. Analisi delle varie tecniche.<br \/>\nProve di resa cromatica su calce o di bassorilievo-stiacciato.<br \/>\nApproccio alla tecnica della doratura (foglia d&#8217;oro) usata durante il Medioevo e il primo Rinascimento.<\/p>\n[\/spb_toggle] [spb_toggle title=&#8221;I. Ricerca Personale&#8221; open=&#8221;false&#8221; width=&#8221;1\/1&#8243; el_position=&#8221;first last&#8221;]\n<p>Approfondimento di una o pi\u00f9 tecniche scelte dallo studente. Ricerca di uno stile personale.<\/p>\n[\/spb_toggle] [blank_spacer height=&#8221;30px&#8221; width=&#8221;1\/1&#8243; el_position=&#8221;first last&#8221;] [testimonial title=&#8221;Dicono di noi&#8221; text_size=&#8221;normal&#8221; item_count=&#8221;1&#8243; order=&#8221;rand&#8221; category=&#8221;art-it&#8221; pagination=&#8221;no&#8221; page_link=&#8221;no&#8221; width=&#8221;1\/1&#8243; el_position=&#8221;first last&#8221;] [\/spb_column]<\/p>\n","protected":false},"excerpt":{"rendered":"<p>[spb_column width=&#8221;2\/3&#8243; el_position=&#8221;first&#8221;] [spb_text_block title=&#8221;Da una settimana a nove mesi di corso&#8221; pb_margin_bottom=&#8221;no&#8221; pb_border_bottom=&#8221;no&#8221; width=&#8221;1\/1&#8243; el_position=&#8221;first last&#8221;] Il corso vuole dare allo studente gli strumenti e le conoscenze base per affrontare e conoscere le pi\u00f9 importanti tecniche artistiche. Le prime unit\u00e0 pongono particolare attenzione\u00a0al disegno che nella cultura artistica pittorica toscana riveste grande importanza poich\u00e9 aiuta a sviluppare la manualit\u00e0 [&hellip;]<\/p>\n","protected":false},"author":27,"featured_media":0,"parent":0,"menu_order":0,"comment_status":"closed","ping_status":"closed","template":"","meta":{"_joinchat":[],"footnotes":""},"class_list":["post-9002","page","type-page","status-publish","hentry"],"aioseo_notices":[],"_links":{"self":[{"href":"https:\/\/adg.it\/it\/wp-json\/wp\/v2\/pages\/9002","targetHints":{"allow":["GET"]}}],"collection":[{"href":"https:\/\/adg.it\/it\/wp-json\/wp\/v2\/pages"}],"about":[{"href":"https:\/\/adg.it\/it\/wp-json\/wp\/v2\/types\/page"}],"author":[{"embeddable":true,"href":"https:\/\/adg.it\/it\/wp-json\/wp\/v2\/users\/27"}],"replies":[{"embeddable":true,"href":"https:\/\/adg.it\/it\/wp-json\/wp\/v2\/comments?post=9002"}],"version-history":[{"count":5,"href":"https:\/\/adg.it\/it\/wp-json\/wp\/v2\/pages\/9002\/revisions"}],"predecessor-version":[{"id":27807,"href":"https:\/\/adg.it\/it\/wp-json\/wp\/v2\/pages\/9002\/revisions\/27807"}],"wp:attachment":[{"href":"https:\/\/adg.it\/it\/wp-json\/wp\/v2\/media?parent=9002"}],"curies":[{"name":"wp","href":"https:\/\/api.w.org\/{rel}","templated":true}]}}