{"id":8999,"date":"2015-06-09T12:47:51","date_gmt":"2015-06-09T12:47:51","guid":{"rendered":"http:\/\/wp.adg.it\/?page_id=8999"},"modified":"2025-07-24T11:59:42","modified_gmt":"2025-07-24T11:59:42","slug":"corsi-di-arte-a-firenze","status":"publish","type":"page","link":"https:\/\/adg.it\/it\/corsi-di-arte-a-firenze\/","title":{"rendered":"Corsi d&#8217;arte a Firenze"},"content":{"rendered":"[spb_text_block title=&#8221;Disegno e pittura dal 1995&#8243; pb_margin_bottom=&#8221;no&#8221; pb_border_bottom=&#8221;no&#8221; width=&#8221;3\/4&#8243; el_position=&#8221;first last&#8221;]\n<p>Dal 1995 alla scuola d&#8217;arte Accademia del Giglio di Firenze si insegnano a studenti italiani e di tutto il mondo una vasta gamma di <strong>tecniche artistiche<\/strong> come il disegno (a matita, pastello, carboncino, inchiostro e sanguigna), la pittura (tempere acriliche, ad olio, con l&#8217;uovo), l&#8217;acquerello e l&#8217;affresco.<\/p>\n<p>All&#8217;Accademia del Giglio si \u00e8 sempre data molta importanza alla <strong>qualit\u00e0 dell&#8217;insegnamento<\/strong> e dei programmi, per cui tutti gli insegnanti sono laureati presso un&#8217;Universit\u00e0 italiana ed hanno almeno quattro anni di esperienza nell&#8217;ambito dell&#8217;insegnamento.<\/p>\n[\/spb_text_block] [spb_accordion width=&#8221;3\/4&#8243; el_position=&#8221;first last&#8221;] [spb_accordion_tab title=&#8221;La nostra missione&#8221; accordion_id=&#8221;&#8221; icon=&#8221;&#8221;] [spb_text_block pb_margin_bottom=&#8221;no&#8221; pb_border_bottom=&#8221;no&#8221; width=&#8221;1\/1&#8243; el_position=&#8221;first last&#8221;]\n<p>La nostra \u00e8 un&#8217;accademia di arte, tuttavia il metodo che pratichiamo non \u00e8 solo l&#8217;accademismo puro: il background dei nostri insegnanti, ci\u00f2 che hanno appreso nei loro studi, li ha dotati della capacit\u00e0 di intrecciare la tradizione degli antichi Maestri italiani con le molteplici innovazioni introdotte dall&#8217;Impressionismo a oggi. Oltre a questo, uno dei loro compiti principali \u00e8 di potenziare la creativit\u00e0 e il talento degli studenti guidandoli passo passo nei loro studi, spronandoli a raggiungere i loro obiettivi e a realizzare le loro aspirazioni: d&#8217;altra parte, l&#8217;idea che l&#8217;Arte debba sempre essere sostenuta dallo studio continuo dei classici, cos\u00ec come dall&#8217;interesse e dall&#8217;entusiasmo per le nuove sfide, era la stessa idea abbracciata dai grandi Maestri del Rinascimento. Non dimentichiamoci di ci\u00f2 che Leonardo da Vinci era solito affermare: &#8220;Imparare non stanca mai la mente&#8221;, a cui pare che Michelangelo replicasse: &#8220;Io sto ancora imparando&#8221;.<\/p>\n[\/spb_text_block] [\/spb_accordion_tab] [spb_accordion_tab title=&#8221;Disegno e pittura&#8221; accordion_id=&#8221;&#8221; icon=&#8221;&#8221;] [spb_text_block pb_margin_bottom=&#8221;no&#8221; pb_border_bottom=&#8221;no&#8221; width=&#8221;1\/1&#8243; el_position=&#8221;first last&#8221;]\n<p>Frequentando i nostri corsi, gli studenti imparano e progrediscono nelle varie discipline artistiche: possono, per esempio, scoprire i fondamenti del <span class=\"color-10\">ritratto<\/span> ed i suoi segreti, affrontare il <span class=\"color-10\">disegno del nudo<\/span> con un modello vivente che posa per loro, crearsi un <span class=\"color-10\">album di schizzi<\/span> della Firenze storica, applicarsi nello studio dell&#8217;effetto luce\/ombra in una <span class=\"color-10\">natura morta<\/span>, o anche affrontare tecniche come il <span class=\"color-10\">trompe-l&#8217;oeil<\/span> e la linoleo<span class=\"color-10\">grafia<\/span>.<\/p>\n[\/spb_text_block] [\/spb_accordion_tab] [spb_accordion_tab title=&#8221;Per principianti ed esperti&#8221; accordion_id=&#8221;&#8221; icon=&#8221;&#8221;] [spb_text_block pb_margin_bottom=&#8221;no&#8221; pb_border_bottom=&#8221;no&#8221; width=&#8221;1\/1&#8243; el_position=&#8221;first last&#8221;]\n<p>I nostri corsi prevedono una media di <span class=\"color-10\">7-8 studenti<\/span> (massimo 10) per classe al fine di facilitare il processo di apprendimento e garantire che ogni singolo studente raggiunga lo scopo prefissato: infatti il ridotto numero di partecipanti permette di <span class=\"color-10\">seguire individualmente<\/span> ognuno e di aiutarlo a superare qualsiasi difficolt\u00e0. Tutto questo in un ambiente estremamente amichevole e rilassato. Inoltre, l&#8217;ampia gamma dei corsi offerti garantisce agli studenti la possibilit\u00e0 di adattare il programma di studio alle proprie<span class=\"color-10\">esigenze personali<\/span>. \u00c8 questa la ragione per la quale le nostre classi possono accogliere sia studenti alle prime armi che studenti gi\u00e0 con <span class=\"color-10\">esperienza<\/span>, o anche professionisti, che vogliano perfezionare una o pi\u00f9 tecniche e la cui passione siano le Belle Arti.<\/p>\n[\/spb_text_block] [\/spb_accordion_tab] [spb_accordion_tab title=&#8221;In studio e all&#8217;aperto&#8221; accordion_id=&#8221;&#8221; icon=&#8221;&#8221;] [spb_text_block pb_margin_bottom=&#8221;no&#8221; pb_border_bottom=&#8221;no&#8221; width=&#8221;1\/1&#8243; el_position=&#8221;first last&#8221;]\n<p>Le lezioni vengono impartite sia in lingua <span class=\"color-10\">inglese<\/span> che in\u00a0<span class=\"color-10\">italiano<\/span> nel nostro <span class=\"color-10\">studio<\/span>, completamente fornito di tutto l&#8217;occorrente. L&#8217;edificio in cui \u00e8 posta la scuola si trova proprio nel centro di Firenze, a pochi passi dal Duomo e dalla Galleria degli Uffizi. Sono previste lezioni anche<span class=\"color-10\">all&#8217;aperto<\/span>, nelle vie, nelle piazze e i parchi della citt\u00e0. Generalmente i corsi si tengono durante la settimana, nel pomeriggio, ma i seminari e i workshop intensivi possono occupare anche le mattine e i fine-settimana.<\/p>\n[\/spb_text_block] [\/spb_accordion_tab] [spb_accordion_tab title=&#8221;Crediti e certificati&#8221; accordion_id=&#8221;&#8221; icon=&#8221;&#8221;] [spb_text_block pb_margin_bottom=&#8221;no&#8221; pb_border_bottom=&#8221;no&#8221; width=&#8221;1\/1&#8243; el_position=&#8221;first last&#8221;]\n<p>L\u2019Accademia del Giglio rilascia i seguenti certificati:<br \/>\nCertificato di frequenza alla fine di ogni corso, con relativa votazione da parte dell\u2019insegnante.<br \/>\nCertificato dell\u2019Accademia del Giglio, dopo aver frequentato per almeno 3 mesi un corso di lingua intensivo ed aver superato un test scritto e orale del livello avanzato.<\/p>\n<p>Per gli studenti di Universit\u00e0 straniere o College \u00e8 possibile ricevere <span class=\"color-10\">crediti<\/span> per i nostri corsi: si prega gli interessati di chiedere presso la segreteria della propria universit\u00e0. Per maggiori informazioni, anche per gruppi scolastici, si prega di visitare <a href=\"http:\/\/adg.it\/inglese\/credits.html\">questa pagina<\/a> (in inglese).<\/p>\n[\/spb_text_block] [\/spb_accordion_tab] [spb_accordion_tab title=&#8221;Misure igienico-sanitarie&#8221; accordion_id=&#8221;&#8221; icon=&#8221;&#8221;] [spb_text_block pb_margin_bottom=&#8221;no&#8221; pb_border_bottom=&#8221;no&#8221; width=&#8221;1\/1&#8243; el_position=&#8221;first last&#8221;]\n<p>Si prega di visitare la pagina delle <a href=\"https:\/\/adg.it\/it\/misure-igienico-sanitarie\/\" target=\"_blank\" rel=\"nofollow noopener noreferrer\">misure igienico-sanitarie<\/a> che abbiamo adottato in conformit\u00e0 ai protocolli previsti dal Ministero della Salute..<\/p>\n[\/spb_text_block] [\/spb_accordion_tab] [\/spb_accordion] [spb_column width=&#8221;3\/4&#8243; el_position=&#8221;first last&#8221;] [spb_single_image image=&#8221;6802&#8243; image_size=&#8221;full&#8221; frame=&#8221;glowframe&#8221; intro_animation=&#8221;none&#8221; full_width=&#8221;no&#8221; lightbox=&#8221;no&#8221; image_link=&#8221;http:\/\/adg.it\/it\/corsi-di-disegno-e-pittura&#8221; link_target=&#8221;_self&#8221; width=&#8221;1\/3&#8243; el_position=&#8221;first&#8221;] [spb_text_block title=&#8221;Corsi di disegno e pittura&#8221; pb_margin_bottom=&#8221;no&#8221; pb_border_bottom=&#8221;no&#8221; width=&#8221;2\/3&#8243; el_position=&#8221;last&#8221;]\n<p style=\"text-align: center;\">Corsi di base e avanzati di disegno e pittura. 9 unit\u00e0 per esplorare tutte le tecniche classiche dal carboncino alla tempera, dall&#8217;olio all&#8217;affresco.<\/p>\n<p style=\"text-align: center;\"><a class=\"sf-button standard orange standard  dropshadow\" href=\"http:\/\/adg.it\/it\/corsi-di-disegno-e-pittura\" target=\"_self\"><span class=\"text\">Informazioni<\/span><\/a><\/p>\n[\/spb_text_block] [\/spb_column] [spb_column width=&#8221;3\/4&#8243; el_position=&#8221;first last&#8221;] [spb_single_image image=&#8221;11056&#8243; image_size=&#8221;full&#8221; frame=&#8221;glowframe&#8221; intro_animation=&#8221;none&#8221; full_width=&#8221;no&#8221; lightbox=&#8221;no&#8221; image_link=&#8221;https:\/\/adg.it\/it\/disegno-pittura-tecniche-avanzate\/&#8221; link_target=&#8221;_self&#8221; width=&#8221;1\/3&#8243; el_position=&#8221;first&#8221;] [spb_text_block title=&#8221;Tecniche avanzate&#8221; pb_margin_bottom=&#8221;no&#8221; pb_border_bottom=&#8221;no&#8221; width=&#8221;2\/3&#8243; el_position=&#8221;last&#8221;]\n<p style=\"text-align: center;\">Un corso di studi annuale pensato per gli studenti che sono determinati ad imparare in modo approfondito le tecniche classiche e moderne del disegno e pittura.<\/p>\n<p style=\"text-align: center;\"><a class=\"sf-button standard orange standard  dropshadow\" href=\"https:\/\/adg.it\/it\/disegno-pittura-tecniche-avanzate\/\" target=\"_self\"><span class=\"text\">Informazioni<\/span><\/a><\/p>\n[\/spb_text_block] [\/spb_column] [spb_column width=&#8221;3\/4&#8243; el_position=&#8221;first last&#8221;] [spb_single_image image=&#8221;17908&#8243; image_size=&#8221;full&#8221; frame=&#8221;borderframe&#8221; intro_animation=&#8221;none&#8221; full_width=&#8221;no&#8221; lightbox=&#8221;no&#8221; image_link=&#8221;http:\/\/adg.it\/it\/corsi-di-nudo&#8221; link_target=&#8221;_self&#8221; width=&#8221;1\/3&#8243; el_position=&#8221;first&#8221;] [spb_text_block title=&#8221;Nudo artistico&#8221; pb_margin_bottom=&#8221;no&#8221; pb_border_bottom=&#8221;no&#8221; width=&#8221;2\/3&#8243; el_position=&#8221;last&#8221;]\n<p style=\"text-align: center;\">Tutte le nozioni di anatomia artistica e le tecniche per la costruzione di un corpo e di un volto secondo i metodi tradizionali e pi\u00f9 moderni.<\/p>\n<p style=\"text-align: center;\"><a class=\"sf-button standard orange standard  dropshadow\" href=\"http:\/\/adg.it\/it\/corsi-di-nudo\" target=\"_self\"><span class=\"text\">Informazioni<\/span><\/a><\/p>\n[\/spb_text_block] [\/spb_column] [spb_column width=&#8221;3\/4&#8243; el_position=&#8221;first last&#8221;] [spb_single_image image=&#8221;17706&#8243; image_size=&#8221;full&#8221; frame=&#8221;glowframe&#8221; intro_animation=&#8221;none&#8221; full_width=&#8221;no&#8221; lightbox=&#8221;no&#8221; image_link=&#8221;https:\/\/adg.it\/it\/corso-affresco\/&#8221; link_target=&#8221;_self&#8221; width=&#8221;1\/3&#8243; el_position=&#8221;first&#8221;] [spb_text_block title=&#8221;Corso di affresco&#8221; pb_margin_bottom=&#8221;no&#8221; pb_border_bottom=&#8221;no&#8221; width=&#8221;2\/3&#8243; el_position=&#8221;last&#8221;]\n<p style=\"text-align: center;\">Una delle pi\u00f9 antiche tecniche usata dai pi\u00f9 grandi artisti italiani del Medioevo e Rinascimento: scopritene tutti i segreti con il nostro corso.<\/p>\n<p style=\"text-align: center;\"><a class=\"sf-button standard orange standard  dropshadow\" href=\"https:\/\/adg.it\/it\/corso-affresco\/\" target=\"_self\"><span class=\"text\">Informazioni<\/span><\/a><\/p>\n[\/spb_text_block] [\/spb_column] [spb_column width=&#8221;3\/4&#8243; el_position=&#8221;first last&#8221;] [spb_single_image image=&#8221;21691&#8243; image_size=&#8221;full&#8221; frame=&#8221;glowframe&#8221; intro_animation=&#8221;none&#8221; full_width=&#8221;no&#8221; lightbox=&#8221;no&#8221; image_link=&#8221;https:\/\/adg.it\/it\/corso-di-scultura\/&#8221; link_target=&#8221;_self&#8221; width=&#8221;1\/3&#8243; el_position=&#8221;first&#8221;] [spb_text_block title=&#8221;Corso di scultura&#8221; pb_margin_bottom=&#8221;no&#8221; pb_border_bottom=&#8221;no&#8221; width=&#8221;2\/3&#8243; el_position=&#8221;last&#8221;]\n<p style=\"text-align: center;\">Il corso completo di scultura realista con creta si compone di 3 unit\u00e0: bassorilievo e scultura a tutto tondo, studio della figura e della testa umana.<\/p>\n<p style=\"text-align: center;\"><a class=\"sf-button standard orange standard  dropshadow\" href=\"https:\/\/adg.it\/it\/corso-di-scultura\/\" target=\"_self\"><span class=\"text\">Informazioni<\/span><\/a><\/p>\n[\/spb_text_block] [\/spb_column] [spb_column width=&#8221;3\/4&#8243; el_position=&#8221;first last&#8221;] [spb_single_image image=&#8221;6303&#8243; image_size=&#8221;full&#8221; frame=&#8221;glowframe&#8221; intro_animation=&#8221;none&#8221; full_width=&#8221;no&#8221; lightbox=&#8221;no&#8221; image_link=&#8221;http:\/\/adg.it\/it\/corso-biennale-di-tecniche-artistiche&#8221; link_target=&#8221;_self&#8221; width=&#8221;1\/3&#8243; el_position=&#8221;first&#8221;] [spb_text_block title=&#8221;Corso biennale di tecniche artistiche&#8221; pb_margin_bottom=&#8221;no&#8221; pb_border_bottom=&#8221;no&#8221; width=&#8221;2\/3&#8243; el_position=&#8221;last&#8221;]\n<p style=\"text-align: center;\">Un corso pluriennale per soddisfare le esigenze di chi desidera perfezionare le proprie competenze e provare tecniche e materiali i pi\u00f9 svariati.<\/p>\n<p style=\"text-align: center;\"><a class=\"sf-button standard orange standard  dropshadow\" href=\"http:\/\/adg.it\/it\/corso-biennale-di-tecniche-artistiche\" target=\"_self\"><span class=\"text\">Informazioni<\/span><\/a><\/p>\n[\/spb_text_block] [\/spb_column] [spb_column width=&#8221;3\/4&#8243; el_position=&#8221;first last&#8221;] [spb_single_image image=&#8221;21380&#8243; image_size=&#8221;full&#8221; frame=&#8221;glowframe&#8221; intro_animation=&#8221;none&#8221; full_width=&#8221;no&#8221; lightbox=&#8221;no&#8221; image_link=&#8221;http:\/\/adg.it\/it\/workshop-di-arte&#8221; link_target=&#8221;_self&#8221; width=&#8221;1\/3&#8243; el_position=&#8221;first&#8221;] [spb_text_block title=&#8221;Workshop di arte&#8221; pb_margin_bottom=&#8221;no&#8221; pb_border_bottom=&#8221;no&#8221; width=&#8221;2\/3&#8243; el_position=&#8221;last&#8221;]\n<p style=\"text-align: center;\">Workshop intensivi settimanali di tecniche classiche di disegno e pittura, affresco, trompe l&#8217;oeil e workshop combinati semi-individuali per studiare la tecnica preferita. Disponibili tutto l&#8217;anno.<\/p>\n<p style=\"text-align: center;\"><a class=\"sf-button standard orange standard  dropshadow\" href=\"http:\/\/adg.it\/it\/workshop-di-arte\" target=\"_self\"><span class=\"text\">Informazioni<\/span><\/a><\/p>\n[\/spb_text_block] [\/spb_column] [spb_column width=&#8221;3\/4&#8243; el_position=&#8221;first last&#8221;] [spb_single_image image=&#8221;13248&#8243; image_size=&#8221;full&#8221; frame=&#8221;glowframe&#8221; intro_animation=&#8221;none&#8221; full_width=&#8221;no&#8221; lightbox=&#8221;no&#8221; image_link=&#8221;https:\/\/adg.it\/it\/arte-in-un-giorno&#8221; link_target=&#8221;_self&#8221; width=&#8221;1\/3&#8243; el_position=&#8221;first&#8221;] [spb_text_block title=&#8221;Arte in un giorno a Firenze&#8221; pb_margin_bottom=&#8221;no&#8221; pb_border_bottom=&#8221;no&#8221; width=&#8221;2\/3&#8243; el_position=&#8221;last&#8221;]\n<p style=\"text-align: center;\">Una giornata in studio o en plein air a Firenze dedicata alle belle arti. Disegna e dipingi immerso nell&#8217;atmosfera rinascimentale.<\/p>\n<p style=\"text-align: center;\"><a class=\"sf-button standard orange standard  dropshadow\" href=\"https:\/\/adg.it\/it\/arte-in-un-giorno\" target=\"_self\"><span class=\"text\">Informazioni<\/span><\/a><\/p>\n[\/spb_text_block] [\/spb_column] [spb_column width=&#8221;3\/4&#8243; el_position=&#8221;first last&#8221;] [spb_single_image image=&#8221;26902&#8243; image_size=&#8221;full&#8221; frame=&#8221;glowframe&#8221; intro_animation=&#8221;none&#8221; full_width=&#8221;no&#8221; lightbox=&#8221;no&#8221; image_link=&#8221;https:\/\/adg.it\/it\/un-giorno-arte-in-toscana\/&#8221; link_target=&#8221;_self&#8221; width=&#8221;1\/3&#8243; el_position=&#8221;first&#8221;] [spb_text_block title=&#8221;Arte in un giorno in Toscana&#8221; pb_margin_bottom=&#8221;no&#8221; pb_border_bottom=&#8221;no&#8221; width=&#8221;2\/3&#8243; el_position=&#8221;last&#8221;]\n<p style=\"text-align: center;\">Vivi un&#8217;intensa giornata all&#8217;insegna dell&#8217;arte nella tua citt\u00e0 toscana preferita: le affascinanti colline del Chianti, le citt\u00e0 medievali di Siena o San Gimignano, o l&#8217;incantevole citt\u00e0 di Lucca.<\/p>\n<p style=\"text-align: center;\"><a class=\"sf-button standard orange standard  dropshadow\" href=\"https:\/\/adg.it\/it\/un-giorno-arte-in-toscana\/\" target=\"_self\"><span class=\"text\">Informazioni<\/span><\/a><\/p>\n[\/spb_text_block] [\/spb_column] [spb_column width=&#8221;3\/4&#8243; el_position=&#8221;first last&#8221;] [spb_single_image image=&#8221;6788&#8243; image_size=&#8221;full&#8221; frame=&#8221;glowframe&#8221; intro_animation=&#8221;none&#8221; full_width=&#8221;no&#8221; lightbox=&#8221;no&#8221; image_link=&#8221;http:\/\/adg.it\/it\/fine-settimana-di-arte-a-firenze&#8221; link_target=&#8221;_self&#8221; width=&#8221;1\/3&#8243; el_position=&#8221;first&#8221;] [spb_text_block title=&#8221;Fine settimana d&#8217;arte a Firenze&#8221; pb_margin_bottom=&#8221;no&#8221; pb_border_bottom=&#8221;no&#8221; width=&#8221;2\/3&#8243; el_position=&#8221;last&#8221;]\n<p style=\"text-align: center;\">Corsi super-intensivi individuali o in piccoli gruppi su una o pi\u00f9 tecniche artistiche. I corsi si tengono nello studio o all&#8217;aperto.<\/p>\n<p style=\"text-align: center;\"><a class=\"sf-button standard orange standard  dropshadow\" href=\"http:\/\/adg.it\/it\/fine-settimana-di-arte-a-firenze\" target=\"_self\"><span class=\"text\">Informazioni<\/span><\/a><\/p>\n[\/spb_text_block] [\/spb_column] [spb_column width=&#8221;3\/4&#8243; el_position=&#8221;first last&#8221;] [spb_single_image image=&#8221;6791&#8243; image_size=&#8221;full&#8221; frame=&#8221;glowframe&#8221; intro_animation=&#8221;none&#8221; full_width=&#8221;no&#8221; lightbox=&#8221;no&#8221; image_link=&#8221;http:\/\/adg.it\/it\/preparazione-accademie&#8221; link_target=&#8221;_self&#8221; width=&#8221;1\/3&#8243; el_position=&#8221;first&#8221;] [spb_text_block title=&#8221;Ammissione alle Accademie di Belle Arti&#8221; pb_margin_bottom=&#8221;no&#8221; pb_border_bottom=&#8221;no&#8221; width=&#8221;2\/3&#8243; el_position=&#8221;last&#8221;]\n<p style=\"text-align: center;\">Esercitazioni e simulazioni dell&#8217;esame per gli indirizzi di pittura, grafica, scultura, decorazione, scenografia&#8230;<\/p>\n<p style=\"text-align: center;\"><a class=\"sf-button standard orange standard  dropshadow\" href=\"http:\/\/adg.it\/it\/preparazione-accademie\" target=\"_self\"><span class=\"text\">Informazioni<\/span><\/a><\/p>\n[\/spb_text_block] [\/spb_column]<\/p>\n","protected":false},"excerpt":{"rendered":"<p>[spb_text_block title=&#8221;Disegno e pittura dal 1995&#8243; pb_margin_bottom=&#8221;no&#8221; pb_border_bottom=&#8221;no&#8221; width=&#8221;3\/4&#8243; el_position=&#8221;first last&#8221;] Dal 1995 alla scuola d&#8217;arte Accademia del Giglio di Firenze si insegnano a studenti italiani e di tutto il mondo una vasta gamma di tecniche artistiche come il disegno (a matita, pastello, carboncino, inchiostro e sanguigna), la pittura (tempere acriliche, ad olio, con l&#8217;uovo), l&#8217;acquerello e l&#8217;affresco. All&#8217;Accademia del [&hellip;]<\/p>\n","protected":false},"author":27,"featured_media":0,"parent":0,"menu_order":0,"comment_status":"closed","ping_status":"closed","template":"","meta":{"_joinchat":[],"footnotes":""},"class_list":["post-8999","page","type-page","status-publish","hentry"],"aioseo_notices":[],"_links":{"self":[{"href":"https:\/\/adg.it\/it\/wp-json\/wp\/v2\/pages\/8999","targetHints":{"allow":["GET"]}}],"collection":[{"href":"https:\/\/adg.it\/it\/wp-json\/wp\/v2\/pages"}],"about":[{"href":"https:\/\/adg.it\/it\/wp-json\/wp\/v2\/types\/page"}],"author":[{"embeddable":true,"href":"https:\/\/adg.it\/it\/wp-json\/wp\/v2\/users\/27"}],"replies":[{"embeddable":true,"href":"https:\/\/adg.it\/it\/wp-json\/wp\/v2\/comments?post=8999"}],"version-history":[{"count":3,"href":"https:\/\/adg.it\/it\/wp-json\/wp\/v2\/pages\/8999\/revisions"}],"predecessor-version":[{"id":26914,"href":"https:\/\/adg.it\/it\/wp-json\/wp\/v2\/pages\/8999\/revisions\/26914"}],"wp:attachment":[{"href":"https:\/\/adg.it\/it\/wp-json\/wp\/v2\/media?parent=8999"}],"curies":[{"name":"wp","href":"https:\/\/api.w.org\/{rel}","templated":true}]}}