{"id":8890,"date":"2015-06-08T08:31:16","date_gmt":"2015-06-08T08:31:16","guid":{"rendered":"http:\/\/wp.adg.it\/?page_id=8890"},"modified":"2023-07-19T10:57:05","modified_gmt":"2023-07-19T10:57:05","slug":"contatti","status":"publish","type":"page","link":"https:\/\/adg.it\/it\/contatti\/","title":{"rendered":"Contatti"},"content":{"rendered":"[spb_raw_html width=&#8221;1\/1&#8243; el_position=&#8221;first last&#8221;]JTNDaWZyYW1lJTIwc3JjJTNEJTIyaHR0cHMlM0ElMkYlMkZ3d3cuZ29vZ2xlLmNvbSUyRm1hcHMlMkZlbWJlZCUzRnBiJTNEJTIxMW0xOCUyMTFtMTIlMjExbTMlMjExZDI4ODEuMTA0MjUzNjYyMTI5NCUyMTJkMTEuMjU1ODgwNjE1NTAxNTglMjEzZDQzLjc3MDY5NDY3OTExNzQ3JTIxMm0zJTIxMWYwJTIxMmYwJTIxM2YwJTIxM20yJTIxMWkxMDI0JTIxMmk3NjglMjE0ZjEzLjElMjEzbTMlMjExbTIlMjExczB4MTMyYTU0MDEzNGM0YWJmMyUyNTNBMHg3OGVlY2E2Nzc1YWZlNDU1JTIxMnNBY2NhZGVtaWElMjUyMGRlbCUyNTIwR2lnbGlvJTIxNWUwJTIxM20yJTIxMXNpdCUyMTJzaXQlMjE0djE2ODcxODAxNzM5MDglMjE1bTIlMjExc2l0JTIxMnNpdCUyMiUyMHdpZHRoJTNEJTIyNjAwJTIyJTIwaGVpZ2h0JTNEJTIyNDUwJTIyJTIwc3R5bGUlM0QlMjJib3JkZXIlM0EwJTNCJTIyJTIwYWxsb3dmdWxsc2NyZWVuJTNEJTIyJTIyJTIwbG9hZGluZyUzRCUyMmxhenklMjIlMjByZWZlcnJlcnBvbGljeSUzRCUyMm5vLXJlZmVycmVyLXdoZW4tZG93bmdyYWRlJTIyJTNFJTNDJTJGaWZyYW1lJTNF[\/spb_raw_html] [blank_spacer height=&#8221;60px&#8221; width=&#8221;1\/1&#8243; el_position=&#8221;first last&#8221;] [spb_text_block pb_margin_bottom=&#8221;no&#8221; pb_border_bottom=&#8221;no&#8221; width=&#8221;1\/2&#8243; el_position=&#8221;first&#8221;]\n<p class=\"p1\"><span class=\"color-2\">Accademia del Giglio<\/span><br \/>\nVia Ghibellina 116<br \/>\n50122 Firenze<br \/>\nItalia<\/p>\n<p>P.I. e C.F. 04633720489<br \/>\nCodice univoco: M5UXCR1<br \/>\nCodice PIC (Erasmus +): 941328353<\/p>\n<p class=\"p1\">Tel\u00a0<strong><a href=\"tel:\/\/+393512754681\">+39-351-275-4681<\/a><\/strong>\u00a0(9.00-21.00 luned\u00ec-domenica, anche sms e WhatsApp)<\/p>\n<p class=\"p1\">Orario segreteria:<br \/>\ndal luned\u00ec al venerd\u00ec, dalle 9:00 alle 17:00 (orario continuato).<\/p>\n<p class=\"p1\">Informazioni sui corsi:<\/p>\n<p><a href=\"mailto:info@adg.it\">info@adg.it<\/a><\/p>\n<p class=\"p1 color-2\"><a href=\"mailto:adg.assistance@gmail.com\">adg.assistance@gmail.com<\/a><\/p>\n<p class=\"p1\">Se non rispondiamo <span class=\"color-10\">entro 24 ore<\/span>, vi preghiamo di contattarci nuovamente.<\/p>\n<p class=\"p1\">Assistenza Webmaster<\/p>\n<p class=\"p1 color-2\"><a href=\"mailto:adg.assistance@gmail.com\">adg.assistance@gmail.com<\/a><\/p>\n<h3>Stay social<\/h3>\n<ul class=\"social-icons large \">\n<li class=\"twitter\"><a href=\"http:\/\/www.twitter.com\/AccademiaGiglio\" target=\"_blank\"><i class=\"fab fa-twitter\"><\/i><i class=\"fab fa-twitter\"><\/i><\/a><\/li>\n<li class=\"facebook\"><a href=\"https:\/\/www.facebook.com\/AccademiaGiglio\" target=\"_blank\"><i class=\"fab fa-facebook\"><\/i><i class=\"fab fa-facebook\"><\/i><\/a><\/li>\n<li class=\"youtube\"><a href=\"https:\/\/www.youtube.com\/c\/accademiadelgiglio\" target=\"_blank\"><i class=\"fab fa-youtube\"><\/i><i class=\"fab fa-youtube\"><\/i><\/a><\/li>\n<li class=\"skype\"><a href=\"skype:adgskype\" target=\"_blank\"><i class=\"fab fa-skype\"><\/i><i class=\"fab fa-skype\"><\/i><\/a><\/li>\n<li class=\"linkedin\"><a href=\"https:\/\/www.linkedin.com\/company\/accademia-del-giglio\" target=\"_blank\"><i class=\"fab fa-linkedin\"><\/i><i class=\"fab fa-linkedin\"><\/i><\/a><\/li>\n<li class=\"flickr\"><a href=\"https:\/\/www.flickr.com\/photos\/adgblog\/\" target=\"_blank\"><i class=\"fab fa-flickr\"><\/i><i class=\"fab fa-flickr\"><\/i><\/a><\/li>\n<li class=\"pinterest\"><a href=\"http:\/\/www.pinterest.com\/adgblog\/\" target=\"_blank\"><i class=\"fab fa-pinterest\"><\/i><i class=\"fab fa-pinterest\"><\/i><\/a><\/li>\n<li class=\"foursquare\"><a href=\"https:\/\/it.foursquare.com\/v\/accademia-del-giglio\/4c970ab272dd224b6d69b191\" target=\"_blank\"><i class=\"fab fa-foursquare\"><\/i><i class=\"fab fa-foursquare\"><\/i><\/a><\/li>\n<li class=\"instagram\"><a href=\"http:\/\/instagram.com\/accademiadelgiglio\" target=\"_blank\"><i class=\"fab fa-instagram\"><\/i><i class=\"fab fa-instagram\"><\/i><\/a><\/li>\n<\/ul>\n\n[\/spb_text_block] [spb_text_block title=&#8221;Contattaci&#8221; pb_margin_bottom=&#8221;yes&#8221; pb_border_bottom=&#8221;no&#8221; width=&#8221;1\/2&#8243; el_position=&#8221;last&#8221;]\n<div class=\"wpforms-container wpforms-container-full\" id=\"wpforms-18575\"><form id=\"wpforms-form-18575\" class=\"wpforms-validate wpforms-form wpforms-ajax-form\" data-formid=\"18575\" method=\"post\" enctype=\"multipart\/form-data\" action=\"\/it\/wp-json\/wp\/v2\/pages\/8890\" data-token=\"0ba67a46799c76c20b35fb7ab7aa8214\" data-token-time=\"1775661141\"><noscript class=\"wpforms-error-noscript\">Abilita JavaScript nel browser per completare questo modulo.<\/noscript><div class=\"wpforms-field-container\"><div id=\"wpforms-18575-field_6-container\" class=\"wpforms-field wpforms-field-name\" data-field-id=\"6\"><label class=\"wpforms-field-label\">Nome <span class=\"wpforms-required-label\">*<\/span><\/label><div class=\"wpforms-field-row wpforms-field-large\"><div class=\"wpforms-field-row-block wpforms-first wpforms-one-half\"><input type=\"text\" id=\"wpforms-18575-field_6\" class=\"wpforms-field-name-first wpforms-field-required\" name=\"wpforms[fields][6][first]\" placeholder=\"Il tuo nome\" required><label for=\"wpforms-18575-field_6\" class=\"wpforms-field-sublabel after\">First<\/label><\/div><div class=\"wpforms-field-row-block wpforms-one-half\"><input type=\"text\" id=\"wpforms-18575-field_6-last\" class=\"wpforms-field-name-last wpforms-field-required\" name=\"wpforms[fields][6][last]\" placeholder=\"Il tuo cognome\" required><label for=\"wpforms-18575-field_6-last\" class=\"wpforms-field-sublabel after\">Last<\/label><\/div><\/div><\/div><div id=\"wpforms-18575-field_1-container\" class=\"wpforms-field wpforms-field-email\" data-field-id=\"1\"><label class=\"wpforms-field-label\" for=\"wpforms-18575-field_1\">Email <span class=\"wpforms-required-label\">*<\/span><\/label><input type=\"email\" id=\"wpforms-18575-field_1\" class=\"wpforms-field-large wpforms-field-required\" name=\"wpforms[fields][1]\" placeholder=\"La tua email\" spellcheck=\"false\" required><\/div><div id=\"wpforms-18575-field_2-container\" class=\"wpforms-field wpforms-field-textarea\" data-field-id=\"2\"><label class=\"wpforms-field-label\" for=\"wpforms-18575-field_2\">Messaggio <span class=\"wpforms-required-label\">*<\/span><\/label><textarea id=\"wpforms-18575-field_2\" class=\"wpforms-field-medium wpforms-field-required\" name=\"wpforms[fields][2]\" placeholder=\"Scrivi qui il tuo messaggio\" required><\/textarea><\/div><\/div><!-- .wpforms-field-container --><div class=\"wpforms-field wpforms-field-hp\"><label for=\"wpforms-18575-field-hp\" class=\"wpforms-field-label\">Email<\/label><input type=\"text\" name=\"wpforms[hp]\" id=\"wpforms-18575-field-hp\" class=\"wpforms-field-medium\"><\/div><div class=\"wpforms-submit-container\" ><input type=\"hidden\" name=\"wpforms[id]\" value=\"18575\"><input type=\"hidden\" name=\"page_title\" value=\"\"><input type=\"hidden\" name=\"page_url\" value=\"https:\/\/adg.it\/it\/wp-json\/wp\/v2\/pages\/8890\"><input type=\"hidden\" name=\"url_referer\" value=\"\"><button type=\"submit\" name=\"wpforms[submit]\" id=\"wpforms-submit-18575\" class=\"wpforms-submit\" data-alt-text=\"Sto inviando...\" data-submit-text=\"Invia\" aria-live=\"assertive\" value=\"wpforms-submit\">Invia<\/button><img loading=\"lazy\" decoding=\"async\" src=\"https:\/\/adg.it\/wp-content\/plugins\/wpforms\/assets\/images\/submit-spin.svg\" class=\"wpforms-submit-spinner\" style=\"display: none;\" width=\"26\" height=\"26\" alt=\"Caricamento\"><\/div><\/form><\/div>  <!-- .wpforms-container -->\n[\/spb_text_block] [blank_spacer height=&#8221;31px&#8221; width=&#8221;1\/1&#8243; el_position=&#8221;first last&#8221;]\n","protected":false},"excerpt":{"rendered":"<p>[spb_raw_html width=&#8221;1\/1&#8243; el_position=&#8221;first last&#8221;]JTNDaWZyYW1lJTIwc3JjJTNEJTIyaHR0cHMlM0ElMkYlMkZ3d3cuZ29vZ2xlLmNvbSUyRm1hcHMlMkZlbWJlZCUzRnBiJTNEJTIxMW0xOCUyMTFtMTIlMjExbTMlMjExZDI4ODEuMTA0MjUzNjYyMTI5NCUyMTJkMTEuMjU1ODgwNjE1NTAxNTglMjEzZDQzLjc3MDY5NDY3OTExNzQ3JTIxMm0zJTIxMWYwJTIxMmYwJTIxM2YwJTIxM20yJTIxMWkxMDI0JTIxMmk3NjglMjE0ZjEzLjElMjEzbTMlMjExbTIlMjExczB4MTMyYTU0MDEzNGM0YWJmMyUyNTNBMHg3OGVlY2E2Nzc1YWZlNDU1JTIxMnNBY2NhZGVtaWElMjUyMGRlbCUyNTIwR2lnbGlvJTIxNWUwJTIxM20yJTIxMXNpdCUyMTJzaXQlMjE0djE2ODcxODAxNzM5MDglMjE1bTIlMjExc2l0JTIxMnNpdCUyMiUyMHdpZHRoJTNEJTIyNjAwJTIyJTIwaGVpZ2h0JTNEJTIyNDUwJTIyJTIwc3R5bGUlM0QlMjJib3JkZXIlM0EwJTNCJTIyJTIwYWxsb3dmdWxsc2NyZWVuJTNEJTIyJTIyJTIwbG9hZGluZyUzRCUyMmxhenklMjIlMjByZWZlcnJlcnBvbGljeSUzRCUyMm5vLXJlZmVycmVyLXdoZW4tZG93bmdyYWRlJTIyJTNFJTNDJTJGaWZyYW1lJTNF[\/spb_raw_html] [blank_spacer height=&#8221;60px&#8221; width=&#8221;1\/1&#8243; el_position=&#8221;first last&#8221;] [spb_text_block pb_margin_bottom=&#8221;no&#8221; pb_border_bottom=&#8221;no&#8221; width=&#8221;1\/2&#8243; el_position=&#8221;first&#8221;] Accademia del Giglio Via Ghibellina 116 50122 Firenze Italia P.I. e C.F. 04633720489 Codice univoco: M5UXCR1 Codice PIC (Erasmus +): 941328353 Tel\u00a0+39-351-275-4681\u00a0(9.00-21.00 luned\u00ec-domenica, anche sms e WhatsApp) Orario segreteria: dal luned\u00ec al venerd\u00ec, dalle 9:00 alle 17:00 (orario continuato). Informazioni sui corsi: info@adg.it adg.assistance@gmail.com Se non [&hellip;]<\/p>\n","protected":false},"author":27,"featured_media":0,"parent":0,"menu_order":0,"comment_status":"closed","ping_status":"closed","template":"","meta":{"_joinchat":[],"footnotes":""},"class_list":["post-8890","page","type-page","status-publish","hentry"],"aioseo_notices":[],"_links":{"self":[{"href":"https:\/\/adg.it\/it\/wp-json\/wp\/v2\/pages\/8890","targetHints":{"allow":["GET"]}}],"collection":[{"href":"https:\/\/adg.it\/it\/wp-json\/wp\/v2\/pages"}],"about":[{"href":"https:\/\/adg.it\/it\/wp-json\/wp\/v2\/types\/page"}],"author":[{"embeddable":true,"href":"https:\/\/adg.it\/it\/wp-json\/wp\/v2\/users\/27"}],"replies":[{"embeddable":true,"href":"https:\/\/adg.it\/it\/wp-json\/wp\/v2\/comments?post=8890"}],"version-history":[{"count":0,"href":"https:\/\/adg.it\/it\/wp-json\/wp\/v2\/pages\/8890\/revisions"}],"wp:attachment":[{"href":"https:\/\/adg.it\/it\/wp-json\/wp\/v2\/media?parent=8890"}],"curies":[{"name":"wp","href":"https:\/\/api.w.org\/{rel}","templated":true}]}}