{"id":8657,"date":"2015-03-03T14:41:13","date_gmt":"2015-05-28T14:36:40","guid":{"rendered":"http:\/\/wp.adg.it\/?page_id=8657"},"modified":"2026-02-02T10:16:50","modified_gmt":"2026-02-02T10:16:50","slug":"staff","status":"publish","type":"page","link":"https:\/\/adg.it\/it\/staff\/","title":{"rendered":"Lo staff di AdG"},"content":{"rendered":"[team item_columns=&#8221;3&#8243; item_count=&#8221;12&#8243; category=&#8221;All&#8221; pagination=&#8221;no&#8221; el_class=&#8221;pb0 mb0&#8243; width=&#8221;1\/1&#8243; el_position=&#8221;first last&#8221;] [blank_spacer height=&#8221;40px&#8221; width=&#8221;1\/1&#8243; el_position=&#8221;first last&#8221;] [spb_text_block title=&#8221;Chi sar\u00e0 il mio insegnante?&#8221; pb_margin_bottom=&#8221;no&#8221; pb_border_bottom=&#8221;no&#8221; width=&#8221;1\/1&#8243; el_position=&#8221;first last&#8221;]\n<div dir=\"auto\">Spesso i futuri studenti ci chiedono chi sar\u00e0 il loro insegnante con largo anticipo. Purtroppo non \u00e8 possibile stabilirlo o garantirlo mesi prima, poich\u00e9 l\u2019organizzazione delle classi e l\u2019assegnazione degli insegnanti avvengono generalmente circa 10 giorni prima dell\u2019inizio del corso.<\/div>\n<div dir=\"auto\"><\/div>\n<div dir=\"auto\">Inoltre, non \u00e8 possibile garantire al 100% un insegnante specifico, poich\u00e9 possono sempre verificarsi imprevisti (malattia, permessi, ferie o altri eventi).<\/div>\n<div dir=\"auto\"><\/div>\n<div dir=\"auto\">Ci\u00f2 che garantiamo \u00e8 il nostro massimo impegno nel selezionare per voi l\u2019insegnante pi\u00f9 adatto: un professionista competente che vi seguir\u00e0 con attenzione, tenendo conto delle vostre esigenze, interessi e capacit\u00e0 artistiche. In caso di necessit\u00e0, la scuola assicura sempre la continuit\u00e0 delle lezioni tramite un insegnante sostituto qualificato.<\/div>\n<div dir=\"auto\"><\/div>\n[\/spb_text_block] [blank_spacer height=&#8221;40px&#8221; width=&#8221;1\/1&#8243; el_position=&#8221;first last&#8221;] [spb_text_block title=&#8221;Insegnanti o Artisti?&#8221; pb_margin_bottom=&#8221;no&#8221; pb_border_bottom=&#8221;no&#8221; width=&#8221;1\/1&#8243; el_position=&#8221;first last&#8221;]\n<div dir=\"auto\">\n<div dir=\"auto\">Molti futuri studenti ci chiedono se i nostri insegnanti siano artisti affermati o se condividano uno stile artistico simile al loro. Su questo punto desideriamo chiarire un aspetto fondamentale: i nostri docenti sono prima di tutto insegnanti, oltre a essere naturalmente artisti.<\/div>\n<div dir=\"auto\"><\/div>\n<div dir=\"auto\">La loro qualit\u00e0 principale non \u00e8 solo il talento artistico, ma soprattutto la capacit\u00e0 di trasmettere conoscenze e competenze in modo chiaro ed efficace, frutto di molti anni di esperienza nell\u2019insegnamento. Essere un bravo artista, infatti, non significa automaticamente essere un bravo insegnante.<\/div>\n<div dir=\"auto\"><\/div>\n<div dir=\"auto\">Anche se un insegnante pu\u00f2 avere gusti artistici diversi dai vostri, \u00e8 perfettamente in grado di insegnare con competenza e professionalit\u00e0 una grande variet\u00e0 di stili, tecniche e approcci artistici. La storia dell\u2019arte ci mostra inoltre come molti grandi artisti \u2014 come Michelangelo, Vermeer o Caravaggio \u2014 non abbiano mai amato insegnare o lavorare a stretto contatto con studenti.<\/div>\n<div dir=\"auto\">Per questo motivo, per noi \u00e8 pi\u00f9 importante offrire ai nostri studenti ottimi insegnanti, capaci di guidarvi e farvi crescere, piuttosto che artisti semplicemente affermati.<\/div>\n<\/div>\n<div dir=\"auto\"><\/div>\n[\/spb_text_block] [blank_spacer height=&#8221;40px&#8221; width=&#8221;1\/1&#8243; el_position=&#8221;first last&#8221;] [impact_text include_button=&#8221;yes&#8221; button_style=&#8221;standard&#8221; title=&#8221;ALTRO SU ADG&#8221; href=&#8221;https:\/\/adg.it\/it\/la-scuola\/&#8221; color=&#8221;accent&#8221; target=&#8221;_self&#8221; position=&#8221;cta_align_right&#8221; alt_background=&#8221;none&#8221; width=&#8221;1\/1&#8243; el_position=&#8221;first last&#8221;]\n<p class=\"impact-text\">Accademia del Giglio &#8211; Arte, lingua italiana e cultura a Firenze dal 1995<\/p>\n[\/impact_text] [blank_spacer height=&#8221;30px&#8221; width=&#8221;1\/1&#8243; el_position=&#8221;first last&#8221;]\n","protected":false},"excerpt":{"rendered":"<p>[team item_columns=&#8221;3&#8243; item_count=&#8221;12&#8243; category=&#8221;All&#8221; pagination=&#8221;no&#8221; el_class=&#8221;pb0 mb0&#8243; width=&#8221;1\/1&#8243; el_position=&#8221;first last&#8221;] [blank_spacer height=&#8221;40px&#8221; width=&#8221;1\/1&#8243; el_position=&#8221;first last&#8221;] [spb_text_block title=&#8221;Chi sar\u00e0 il mio insegnante?&#8221; pb_margin_bottom=&#8221;no&#8221; pb_border_bottom=&#8221;no&#8221; width=&#8221;1\/1&#8243; el_position=&#8221;first last&#8221;] Spesso i futuri studenti ci chiedono chi sar\u00e0 il loro insegnante con largo anticipo. Purtroppo non \u00e8 possibile stabilirlo o garantirlo mesi prima, poich\u00e9 l\u2019organizzazione delle classi e l\u2019assegnazione degli insegnanti avvengono generalmente circa [&hellip;]<\/p>\n","protected":false},"author":27,"featured_media":0,"parent":0,"menu_order":0,"comment_status":"closed","ping_status":"closed","template":"","meta":{"_joinchat":[],"footnotes":""},"class_list":["post-8657","page","type-page","status-publish","hentry"],"aioseo_notices":[],"_links":{"self":[{"href":"https:\/\/adg.it\/it\/wp-json\/wp\/v2\/pages\/8657","targetHints":{"allow":["GET"]}}],"collection":[{"href":"https:\/\/adg.it\/it\/wp-json\/wp\/v2\/pages"}],"about":[{"href":"https:\/\/adg.it\/it\/wp-json\/wp\/v2\/types\/page"}],"author":[{"embeddable":true,"href":"https:\/\/adg.it\/it\/wp-json\/wp\/v2\/users\/27"}],"replies":[{"embeddable":true,"href":"https:\/\/adg.it\/it\/wp-json\/wp\/v2\/comments?post=8657"}],"version-history":[{"count":3,"href":"https:\/\/adg.it\/it\/wp-json\/wp\/v2\/pages\/8657\/revisions"}],"predecessor-version":[{"id":27584,"href":"https:\/\/adg.it\/it\/wp-json\/wp\/v2\/pages\/8657\/revisions\/27584"}],"wp:attachment":[{"href":"https:\/\/adg.it\/it\/wp-json\/wp\/v2\/media?parent=8657"}],"curies":[{"name":"wp","href":"https:\/\/api.w.org\/{rel}","templated":true}]}}