{"id":7808,"date":"2015-04-30T08:52:47","date_gmt":"2015-04-30T08:52:47","guid":{"rendered":"http:\/\/wp.adg.it\/?page_id=7808"},"modified":"2026-05-04T10:15:47","modified_gmt":"2026-05-04T10:15:47","slug":"servizi-agli-studenti","status":"publish","type":"page","link":"https:\/\/adg.it\/it\/servizi-agli-studenti\/","title":{"rendered":"Servizi agli studenti"},"content":{"rendered":"<p>[spb_column width=&#8221;1\/2&#8243; el_position=&#8221;first&#8221;] [spb_text_block pb_margin_bottom=&#8221;no&#8221; pb_border_bottom=&#8221;no&#8221; width=&#8221;1\/1&#8243; el_position=&#8221;first last&#8221;]\n<p><span class=\"color-10\">Lo staff dell\u2019Accademia del Giglio \u00e8 in grado di fornire <\/span><br class=\"color-10\" \/><span class=\"color-10\">gratuitamente agli studenti informazioni riguardanti<\/span>:<\/p>\n<p>&#8211; L\u2019assistenza sanitaria, dove curarsi in caso di malattia, a chi rivolgersi con fiducia e senza preoccupazioni.<\/p>\n<p>&#8211; I mezzi pubblici, l\u2019abbonamento dell\u2019autobus, gli orari dei treni e degli aerei, le offerte speciali per viaggiare in Italia e in Europa.<\/p>\n<p>&#8211; Gli eventi culturali, le mostre e i musei a Firenze e in Toscana.<\/p>\n<p>&#8211; L\u2019iscrizione ai corsi delle facolt\u00e0 universitarie, delle Accademia di Belle arti, delle scuole regionali e provinciali.<\/p>\n[\/spb_text_block] [\/spb_column] [spb_column width=&#8221;1\/2&#8243; el_position=&#8221;last&#8221;] [boxed_content type=&#8221;coloured&#8221; pb_margin_bottom=&#8221;yes&#8221; width=&#8221;1\/1&#8243; el_position=&#8221;first last&#8221;]\n<p>I nostri servizi<\/p>\n[\/boxed_content] [spb_accordion width=&#8221;1\/1&#8243; el_position=&#8221;first last&#8221;] [spb_accordion_tab title=&#8221;Visto e permesso di soggiorno&#8221; accordion_id=&#8221;&#8221; icon=&#8221;&#8221;] [spb_text_block title=&#8221;Visto e permesso di soggiorno&#8221; pb_margin_bottom=&#8221;no&#8221; pb_border_bottom=&#8221;no&#8221; width=&#8221;1\/1&#8243; el_position=&#8221;first last&#8221;]\n<p>L\u2019Accademia del Giglio sar\u00e0 felice di aiutare e consigliare tutti quegli studenti che devono richiedere il <span class=\"color-10\">visto<\/span> prima di venire in Italia e che in seguito hanno bisogno di ottenere o di prolungare il <span class=\"color-10\">permesso di soggiorno per motivi di studio<\/span>.<\/p>\n<p>Nota bene<\/p>\n<p>&#8211; Se sei un cittadino dell&#8217;Unione Europea o di un paese associato all&#8217;UE, non hai bisogno di nessun visto.<\/p>\n<p>&#8211; Al contrario se sei un cittadino straniero e il tuo paese non appartiene all&#8217;UE, n\u00e9 \u00e8 associato all&#8217;UE, devi contattare la pi\u00f9 vicina Ambasciata o Consolato Italiani nel tuo paese e fare domanda per un visto d&#8217;ingresso come studente. Normalmente per ottenere un tale visto ti sar\u00e0 richiesto di presentare il nostro certificato d&#8217;iscrizione in grado di attestare appunto la tua iscrizione a una scuola in Italia. Ti ricordiamo che noi possiamo rilasciare tale certificato solo dopo che tu avrai completato le nostre\u00a0 modalit\u00e0 di ammissione. Ti preghiamo di assicurarti che il tuo visto ti venga rilasciato prima della partenza dal tuo paese di origine. Se hai problemi a ottenere il visto d&#8217;ingresso, comunicacelo ALMENO 8 giorni prima dell&#8217;inizio del corso. Il mancato avviso di richiesta di rinvio del corso per motivi relativi al visto d&#8217;ingresso prevede l&#8217;annullamento del corso stesso senza possibilit\u00e0 di rimborso.<\/p>\n<p>Per altre informazioni, visitare la pagina delle <a href=\"https:\/\/adg.it\/it\/domande-frequenti-faq\/\">domande frequenti<\/a>.<\/p>\n[\/spb_text_block] [\/spb_accordion_tab] [spb_accordion_tab title=&#8221;Erasmus+&#8221; accordion_id=&#8221;erasmus-&#8221; icon=&#8221;&#8221;] [spb_text_block pb_margin_bottom=&#8221;no&#8221; pb_border_bottom=&#8221;no&#8221; width=&#8221;1\/1&#8243; el_position=&#8221;first last&#8221;]\n<p>Ti piacerebbe partecipare al programma <strong>ERASMUS+ KA1<\/strong>?<\/p>\n<p>L&#8217;Accademia del Giglio \u00e8 un&#8217;organizzazione accreditata nell&#8217;ambito del programma ERASMUS+. Se sei interessato a frequentare un corso presso la nostra struttura, ti invitiamo a contattare l&#8217;agenzia ERASMUS del tuo paese di provenienza e a presentare la tua candidatura, indicando la nostra istituzione come sede ospitante prescelta.<\/p>\n<p>Per la tua candidatura, ti preghiamo di utilizzare il nostro codice <strong>OID: E10198236<\/strong>.<\/p>\n<p>Se hai bisogno di ulteriori informazioni o assistenza, non esitare a contattarci.<\/p>\n[\/spb_text_block] [\/spb_accordion_tab] [spb_accordion_tab title=&#8221;Wi-Fi gratuito&#8221; accordion_id=&#8221;&#8221; icon=&#8221;&#8221;] [spb_text_block title=&#8221;Wi-Fi gratuito&#8221; pb_margin_bottom=&#8221;no&#8221; pb_border_bottom=&#8221;no&#8221; width=&#8221;1\/1&#8243; el_position=&#8221;first last&#8221;]\n<p>Gli studenti dell\u2019Accademia del Giglio hanno l\u2019opportunit\u00e0 di usufruire della nostra linea <span class=\"color-10\">ADSL WiFi, gratis.<\/span><\/p>\n[\/spb_text_block] [\/spb_accordion_tab] [\/spb_accordion] [\/spb_column]<\/p>\n","protected":false},"excerpt":{"rendered":"<p>[spb_column width=&#8221;1\/2&#8243; el_position=&#8221;first&#8221;] [spb_text_block pb_margin_bottom=&#8221;no&#8221; pb_border_bottom=&#8221;no&#8221; width=&#8221;1\/1&#8243; el_position=&#8221;first last&#8221;] Lo staff dell\u2019Accademia del Giglio \u00e8 in grado di fornire gratuitamente agli studenti informazioni riguardanti: &#8211; L\u2019assistenza sanitaria, dove curarsi in caso di malattia, a chi rivolgersi con fiducia e senza preoccupazioni. &#8211; I mezzi pubblici, l\u2019abbonamento dell\u2019autobus, gli orari dei treni e degli aerei, le offerte speciali per viaggiare in [&hellip;]<\/p>\n","protected":false},"author":27,"featured_media":0,"parent":0,"menu_order":0,"comment_status":"closed","ping_status":"open","template":"","meta":{"_joinchat":[],"footnotes":""},"class_list":["post-7808","page","type-page","status-publish","hentry"],"aioseo_notices":[],"_links":{"self":[{"href":"https:\/\/adg.it\/it\/wp-json\/wp\/v2\/pages\/7808","targetHints":{"allow":["GET"]}}],"collection":[{"href":"https:\/\/adg.it\/it\/wp-json\/wp\/v2\/pages"}],"about":[{"href":"https:\/\/adg.it\/it\/wp-json\/wp\/v2\/types\/page"}],"author":[{"embeddable":true,"href":"https:\/\/adg.it\/it\/wp-json\/wp\/v2\/users\/27"}],"replies":[{"embeddable":true,"href":"https:\/\/adg.it\/it\/wp-json\/wp\/v2\/comments?post=7808"}],"version-history":[{"count":1,"href":"https:\/\/adg.it\/it\/wp-json\/wp\/v2\/pages\/7808\/revisions"}],"predecessor-version":[{"id":27873,"href":"https:\/\/adg.it\/it\/wp-json\/wp\/v2\/pages\/7808\/revisions\/27873"}],"wp:attachment":[{"href":"https:\/\/adg.it\/it\/wp-json\/wp\/v2\/media?parent=7808"}],"curies":[{"name":"wp","href":"https:\/\/api.w.org\/{rel}","templated":true}]}}