{"id":7742,"date":"2015-05-04T14:23:33","date_gmt":"2015-05-04T14:23:33","guid":{"rendered":"http:\/\/wp.adg.it\/?page_id=7742"},"modified":"2025-02-06T15:23:32","modified_gmt":"2025-02-06T15:23:32","slug":"corsi-di-nudo","status":"publish","type":"page","link":"https:\/\/adg.it\/it\/corsi-di-nudo\/","title":{"rendered":"Corsi di nudo"},"content":{"rendered":"<p>[spb_column width=&#8221;2\/3&#8243; el_position=&#8221;first&#8221;] [spb_text_block title=&#8221;Il nudo nell&#8217;arte&#8221; pb_margin_bottom=&#8221;no&#8221; pb_border_bottom=&#8221;no&#8221; width=&#8221;1\/1&#8243; el_position=&#8221;first last&#8221;]\n<p>Ogni lezione di tre ore e mezzo o tre ore prevede due ore e mezza di seduta con un <strong>modello<\/strong> o una <strong>modella<\/strong> e il resto del tempo viene usato per terminare i lavori e per studiare anatomia.<\/p>\n<p>\u00c8 possibile frequentare le lezioni in orario mattutino o pomeridiano. Un insegnante seguir\u00e0 da vicino i progressi e aiuter\u00e0 lo studente a risolvere i problemi che incontrer\u00e0 nel disegno del modello.<\/p>\n[\/spb_text_block] [spb_text_block title=&#8221;Il programma&#8221; pb_margin_bottom=&#8221;no&#8221; pb_border_bottom=&#8221;no&#8221; width=&#8221;1\/1&#8243; el_position=&#8221;first last&#8221;]\n<p>&#8211; Nozioni di anatomia artistica e tecnica per la costruzione di un corpo e di un volto secondo i metodi tradizionali e pi\u00f9 moderni.<\/p>\n<p>&#8211; Conoscenza dei principali mezzi tecnici per il disegno: grafite, carboncino, sanguigna, penna, pastello, china.<\/p>\n<p>&#8211; Esercitazioni di disegno di nudo con modelli maschili e femminili: le pose veloci mirano a insegnare la tecnica dello schizzo o sketch, le pose pi\u00f9 lunghe invece tendono a sviluppare lo studio dell\u2019anatomia e delle ombre cos\u00ec come la capacit\u00e0 di osservazione.<\/p>\n<p>Possibilit\u00e0 di partecipare alle mostre collettive degli allievi della scuola.<\/p>\n[\/spb_text_block] [sf_gallery gallery_id=&#8221;8963&#8243; slider_transition=&#8221;fade&#8221; show_thumbs=&#8221;yes&#8221; autoplay=&#8221;yes&#8221; show_captions=&#8221;yes&#8221; enable_lightbox=&#8221;no&#8221; width=&#8221;1\/1&#8243; el_position=&#8221;first last&#8221;] [spb_accordion width=&#8221;1\/1&#8243; el_position=&#8221;first last&#8221;] [spb_accordion_tab title=&#8221;Prezzo&#8221; accordion_id=&#8221;&#8221; icon=&#8221;&#8221;] [spb_text_block title=&#8221;Corsi di disegno del nudo&#8221; pb_margin_bottom=&#8221;no&#8221; pb_border_bottom=&#8221;no&#8221; width=&#8221;1\/1&#8243; el_position=&#8221;first last&#8221;]\n<p>LD1, 1 lezione, 3 ore \u20ac115<br \/>\nLD4, 14 ore in una settimane \u20ac420<br \/>\nLD8, 28 ore in due settimane \u20ac840<br \/>\nNumero massimo di partecipanti: 8<\/p>\n<p>Ogni settimana sono previste 12 ore di lezione di disegno dal vivo della figura del modello.<\/p>\n[\/spb_text_block] [\/spb_accordion_tab] [spb_accordion_tab title=&#8221;Incluso nel prezzo&#8221; accordion_id=&#8221;&#8221; icon=&#8221;&#8221;] [spb_text_block pb_margin_bottom=&#8221;no&#8221; pb_border_bottom=&#8221;no&#8221; width=&#8221;1\/1&#8243; el_position=&#8221;first last&#8221;]\n<p>Tutto il materiale .<br \/>\nIl certificato alla fine del corso.<\/p>\n[\/spb_text_block] [\/spb_accordion_tab] [spb_accordion_tab title=&#8221;Orario&#8221; accordion_id=&#8221;&#8221; icon=&#8221;&#8221;] [spb_text_block pb_margin_bottom=&#8221;no&#8221; pb_border_bottom=&#8221;no&#8221; width=&#8221;1\/1&#8243; el_position=&#8221;first last&#8221;]\n<p>Si pu\u00f2 scegliere tra due orari:<\/p>\n<ul>\n<li>Mattina (10-13 lun-gio, 11-13 ven);<\/li>\n<li>o pomeriggio (13:30-17:00 lun-giov).<\/li>\n<\/ul>\n<p>\u00c8 possibile iniziare il corso ogni luned\u00ec a seconda della disponibilit\u00e0 dei posti; si prega di contattare la segreteria.<\/p>\n[\/spb_text_block] [\/spb_accordion_tab] [spb_accordion_tab title=&#8221;Gruppi&#8221; accordion_id=&#8221;&#8221; icon=&#8221;&#8221;] [spb_text_block pb_margin_bottom=&#8221;no&#8221; pb_border_bottom=&#8221;no&#8221; width=&#8221;1\/1&#8243; el_position=&#8221;first last&#8221;]\n<p>Fateci sapere se avete richieste particolari su date, orario e durata del corso che il vostro gruppo desidera frequentare e noi vi risponderemo con tutti i dettagli riguardo offerte speciali, orari e attivit\u00e0 extra-curricolari.<\/p>\n[\/spb_text_block] [\/spb_accordion_tab] [spb_accordion_tab title=&#8221;Crediti&#8221; accordion_id=&#8221;&#8221; icon=&#8221;&#8221;] [spb_text_block pb_margin_bottom=&#8221;no&#8221; pb_border_bottom=&#8221;no&#8221; width=&#8221;1\/1&#8243; el_position=&#8221;first last&#8221;]\n<p>L&#8217;Accademia del Giglio raccomanda agli studenti che desiderano ricevere crediti per i loro studi di informarsi presso la propria istituzione scolastica prima di procedere all&#8217;iscrizione.<\/p>\n[\/spb_text_block] [\/spb_accordion_tab] [\/spb_accordion] [\/spb_column] [spb_column width=&#8221;1\/3&#8243; el_position=&#8221;last&#8221;] [spb_single_image image=&#8221;16073&#8243; image_size=&#8221;full&#8221; frame=&#8221;noframe&#8221; intro_animation=&#8221;none&#8221; full_width=&#8221;no&#8221; lightbox=&#8221;no&#8221; link_target=&#8221;_self&#8221; width=&#8221;1\/1&#8243; el_position=&#8221;first last&#8221;] [blank_spacer height=&#8221;15px&#8221; width=&#8221;1\/1&#8243; el_position=&#8221;first last&#8221;] [spb_single_image image=&#8221;13503&#8243; image_size=&#8221;full&#8221; frame=&#8221;noframe&#8221; intro_animation=&#8221;none&#8221; full_width=&#8221;no&#8221; lightbox=&#8221;no&#8221; image_link=&#8221;https:\/\/adg.it\/it\/prodotto\/corso-di-nudo\/&#8221; link_target=&#8221;_self&#8221; width=&#8221;1\/1&#8243; el_position=&#8221;first last&#8221;] [boxed_content type=&#8221;coloured&#8221; pb_margin_bottom=&#8221;no&#8221; width=&#8221;1\/1&#8243; el_position=&#8221;first last&#8221;]\n<p>Materiale consigliato<\/p>\n[\/boxed_content] [spb_toggle title=&#8221;Per disegnare&#8221; open=&#8221;false&#8221; width=&#8221;1\/1&#8243; el_position=&#8221;first last&#8221;]\n<p>Lapis 2B,<br \/>\nSanguigna<br \/>\nCarboncino<br \/>\nGomme<br \/>\nCarta da disegno<br \/>\nCosto indicativo: 15-20 Euro<\/p>\n<p>Il suddetto materiale <span class=\"color-10\">non \u00e8 incluso<\/span> nel prezzo.<br \/>\nSe il primo giorno di lezione non avete con voi il materiale, non preoccupatevi: l&#8217;insegnante vi consiglier\u00e0 cosa e dove acquistare ci\u00f2 di cui avete bisogno.<br \/>\n\u00c8\u00a0possibile acquistare a Firenze il materiale che vi manca con uno <span class=\"color-10\">sconto<\/span> per gli studenti della nostra scuola.<\/p>\n[\/spb_toggle] [spb_toggle title=&#8221;Per dipingere&#8221; open=&#8221;false&#8221; width=&#8221;1\/1&#8243; el_position=&#8221;first last&#8221;]\n<p>Colori primari: rosso, giallo, blu, bianco titanio<br \/>\n2 o 3 cartoni telati per olio (o tele) formato 6, 8 o 10<br \/>\n2 o 3 pennelli per olio (misura piccola, media e grande)<br \/>\n1 tavolozza (se possibile, di carta)<br \/>\n1 bottiglietta di trementina inodore<br \/>\nCosto approssimativo: 50,00\u20ac<\/p>\n<p>Il suddetto materiale <span class=\"color-10\">non \u00e8 incluso<\/span> nel prezzo.<br \/>\nSe il primo giorno di lezione non avete con voi il materiale, non preoccupatevi: l&#8217;insegnante vi consiglier\u00e0 cosa e dove acquistare ci\u00f2 di cui avete bisogno.<br \/>\n\u00c8\u00a0possibile acquistare a Firenze il materiale che vi manca con uno <span class=\"color-10\">sconto<\/span> per gli studenti della nostra scuola.<\/p>\n<p>&nbsp;<\/p>\n[\/spb_toggle] [blank_spacer height=&#8221;30px&#8221; width=&#8221;1\/1&#8243; el_position=&#8221;first last&#8221;] [spb_text_block title=&#8221;Contattaci&#8221; pb_margin_bottom=&#8221;no&#8221; pb_border_bottom=&#8221;no&#8221; width=&#8221;1\/1&#8243; el_position=&#8221;first last&#8221;]\n<div class=\"wpforms-container wpforms-container-full\" id=\"wpforms-18575\"><form id=\"wpforms-form-18575\" class=\"wpforms-validate wpforms-form wpforms-ajax-form\" data-formid=\"18575\" method=\"post\" enctype=\"multipart\/form-data\" action=\"\/it\/wp-json\/wp\/v2\/pages\/7742\" data-token=\"3f3ff71d0b6b1bd44722f799fdef814e\" data-token-time=\"1776206421\"><noscript class=\"wpforms-error-noscript\">Abilita JavaScript nel browser per completare questo modulo.<\/noscript><div class=\"wpforms-field-container\"><div id=\"wpforms-18575-field_6-container\" class=\"wpforms-field wpforms-field-name\" data-field-id=\"6\"><label class=\"wpforms-field-label\">Nome <span class=\"wpforms-required-label\">*<\/span><\/label><div class=\"wpforms-field-row wpforms-field-large\"><div class=\"wpforms-field-row-block wpforms-first wpforms-one-half\"><input type=\"text\" id=\"wpforms-18575-field_6\" class=\"wpforms-field-name-first wpforms-field-required\" name=\"wpforms[fields][6][first]\" placeholder=\"Il tuo nome\" required><label for=\"wpforms-18575-field_6\" class=\"wpforms-field-sublabel after\">First<\/label><\/div><div class=\"wpforms-field-row-block wpforms-one-half\"><input type=\"text\" id=\"wpforms-18575-field_6-last\" class=\"wpforms-field-name-last wpforms-field-required\" name=\"wpforms[fields][6][last]\" placeholder=\"Il tuo cognome\" required><label for=\"wpforms-18575-field_6-last\" class=\"wpforms-field-sublabel after\">Last<\/label><\/div><\/div><\/div><div id=\"wpforms-18575-field_1-container\" class=\"wpforms-field wpforms-field-email\" data-field-id=\"1\"><label class=\"wpforms-field-label\" for=\"wpforms-18575-field_1\">Email <span class=\"wpforms-required-label\">*<\/span><\/label><input type=\"email\" id=\"wpforms-18575-field_1\" class=\"wpforms-field-large wpforms-field-required\" name=\"wpforms[fields][1]\" placeholder=\"La tua email\" spellcheck=\"false\" required><\/div><div id=\"wpforms-18575-field_2-container\" class=\"wpforms-field wpforms-field-textarea\" data-field-id=\"2\"><label class=\"wpforms-field-label\" for=\"wpforms-18575-field_2\">Messaggio <span class=\"wpforms-required-label\">*<\/span><\/label><textarea id=\"wpforms-18575-field_2\" class=\"wpforms-field-medium wpforms-field-required\" name=\"wpforms[fields][2]\" placeholder=\"Scrivi qui il tuo messaggio\" required><\/textarea><\/div><\/div><!-- .wpforms-field-container --><div class=\"wpforms-field wpforms-field-hp\"><label for=\"wpforms-18575-field-hp\" class=\"wpforms-field-label\">Website<\/label><input type=\"text\" name=\"wpforms[hp]\" id=\"wpforms-18575-field-hp\" class=\"wpforms-field-medium\"><\/div><div class=\"wpforms-submit-container\" ><input type=\"hidden\" name=\"wpforms[id]\" value=\"18575\"><input type=\"hidden\" name=\"page_title\" value=\"\"><input type=\"hidden\" name=\"page_url\" value=\"https:\/\/adg.it\/it\/wp-json\/wp\/v2\/pages\/7742\"><input type=\"hidden\" name=\"url_referer\" value=\"\"><button type=\"submit\" name=\"wpforms[submit]\" id=\"wpforms-submit-18575\" class=\"wpforms-submit\" data-alt-text=\"Sto inviando...\" data-submit-text=\"Invia\" aria-live=\"assertive\" value=\"wpforms-submit\">Invia<\/button><img loading=\"lazy\" decoding=\"async\" src=\"https:\/\/adg.it\/wp-content\/plugins\/wpforms\/assets\/images\/submit-spin.svg\" class=\"wpforms-submit-spinner\" style=\"display: none;\" width=\"26\" height=\"26\" alt=\"Caricamento\"><\/div><\/form><\/div>  <!-- .wpforms-container -->\n[\/spb_text_block] [\/spb_column]<\/p>\n","protected":false},"excerpt":{"rendered":"<p>[spb_column width=&#8221;2\/3&#8243; el_position=&#8221;first&#8221;] [spb_text_block title=&#8221;Il nudo nell&#8217;arte&#8221; pb_margin_bottom=&#8221;no&#8221; pb_border_bottom=&#8221;no&#8221; width=&#8221;1\/1&#8243; el_position=&#8221;first last&#8221;] Ogni lezione di tre ore e mezzo o tre ore prevede due ore e mezza di seduta con un modello o una modella e il resto del tempo viene usato per terminare i lavori e per studiare anatomia. \u00c8 possibile frequentare le lezioni in orario mattutino o pomeridiano. [&hellip;]<\/p>\n","protected":false},"author":27,"featured_media":0,"parent":0,"menu_order":0,"comment_status":"closed","ping_status":"closed","template":"","meta":{"_joinchat":[],"footnotes":""},"class_list":["post-7742","page","type-page","status-publish","hentry"],"aioseo_notices":[],"_links":{"self":[{"href":"https:\/\/adg.it\/it\/wp-json\/wp\/v2\/pages\/7742","targetHints":{"allow":["GET"]}}],"collection":[{"href":"https:\/\/adg.it\/it\/wp-json\/wp\/v2\/pages"}],"about":[{"href":"https:\/\/adg.it\/it\/wp-json\/wp\/v2\/types\/page"}],"author":[{"embeddable":true,"href":"https:\/\/adg.it\/it\/wp-json\/wp\/v2\/users\/27"}],"replies":[{"embeddable":true,"href":"https:\/\/adg.it\/it\/wp-json\/wp\/v2\/comments?post=7742"}],"version-history":[{"count":2,"href":"https:\/\/adg.it\/it\/wp-json\/wp\/v2\/pages\/7742\/revisions"}],"predecessor-version":[{"id":26307,"href":"https:\/\/adg.it\/it\/wp-json\/wp\/v2\/pages\/7742\/revisions\/26307"}],"wp:attachment":[{"href":"https:\/\/adg.it\/it\/wp-json\/wp\/v2\/media?parent=7742"}],"curies":[{"name":"wp","href":"https:\/\/api.w.org\/{rel}","templated":true}]}}