{"id":7722,"date":"2015-04-23T13:21:41","date_gmt":"2015-04-23T13:21:41","guid":{"rendered":"http:\/\/wp.adg.it\/?page_id=7722"},"modified":"2020-04-14T10:04:48","modified_gmt":"2020-04-14T10:04:48","slug":"corsi-per-gruppi-scolastici","status":"publish","type":"page","link":"https:\/\/adg.it\/it\/corsi-per-gruppi-scolastici\/","title":{"rendered":"Corsi per gruppi scolastici"},"content":{"rendered":"[boxed_content type=&#8221;coloured&#8221; pb_margin_bottom=&#8221;no&#8221; width=&#8221;3\/4&#8243; el_position=&#8221;first last&#8221;]\n<p>L&#8217;Accademia del Giglio organizza dal 1995 corsi di Lingua italiana, Arte e Storia dell&#8217;Arte per gruppi.<\/p>\n[\/boxed_content] [blank_spacer height=&#8221;30px&#8221; width=&#8221;3\/4&#8243; el_position=&#8221;first last&#8221;] [spb_text_block pb_margin_bottom=&#8221;yes&#8221; pb_border_bottom=&#8221;yes&#8221; width=&#8221;3\/4&#8243; el_position=&#8221;first last&#8221;]\n<p>Abbiamo collaborato costantemente con il Dipartimento di lingua italiana di un&#8217;universit\u00e0 americana, il\u00a0<a href=\"http:\/\/www.bard.edu\/\" target=\"_blank\" rel=\"noopener noreferrer\">Bard College<\/a> (cliccando sul link \u00e8 possibile leggere una lettera di presentazione scritta dal Professor Joseph Luzzi del Bard College per la nostra scuola).<\/p>\n<p>La <a href=\"https:\/\/studyabroad.ku.edu\/\">University of Kansas<\/a> ci ha scelto come sede per i suoi corsi estivi.<\/p>\n<p>Inoltre abbiamo collaborato organizzando corsi su diverse materie con i seguenti istituti:<br \/>\n<a href=\"http:\/\/www.campion.havering.sch.uk\/index2.htm\" target=\"_blank\" rel=\"noopener noreferrer\"><strong>Campion School<\/strong><\/a> (UK),<br \/>\n<strong><a href=\"http:\/\/www.otterbein.edu\/\" target=\"_blank\" rel=\"noopener noreferrer\">Otterbein University<\/a><\/strong> (Ohio, USA),<br \/>\n<strong><a href=\"http:\/\/www.marianum.at\/\" target=\"_blank\" rel=\"noopener noreferrer\">De La Salle Schulen Marianum<\/a><\/strong> (Austria),<br \/>\n<strong><a href=\"http:\/\/web.newman.wa.edu.au\/\" target=\"_blank\" rel=\"noopener noreferrer\">Newman College<\/a><\/strong> (Australia),<br \/>\n<a href=\"http:\/\/www.longroad.ac.uk\/\" target=\"_blank\" rel=\"noopener noreferrer\"><strong>Long Road Sixth Form College<\/strong><\/a> (Cambridge, UK),<br \/>\n<a href=\"http:\/\/www.blakehurst-h.schools.nsw.edu.au\/\" target=\"_blank\" rel=\"noopener noreferrer\"><strong>Blakehurst High School<\/strong><\/a> (Sidney, Australia),<br \/>\n<a href=\"http:\/\/www3.olmcheidelberg.catholic.edu.au\/\" target=\"_blank\" rel=\"noopener noreferrer\"><strong>Our Lady of Mercy College<\/strong><\/a> (Melbourne, Australia),<br \/>\n<a href=\"http:\/\/www.broxbourne.herts.sch.uk\/\" target=\"_blank\" rel=\"noopener noreferrer\"><strong>Broxbourne School<\/strong><\/a> (UK), <a href=\"http:\/\/www.studyparents.com\/fiche-lycee.php?idl=109\" target=\"_blank\" rel=\"noopener noreferrer\"><strong>Lyc\u00e9e Flora Tristan<\/strong><\/a> (Montereau, France) in the frame of the <strong><a href=\"http:\/\/ec.europa.eu\/education\/programmes\/llp\/leonardo\/index_en.html\">Leonardo da Vinci programme<\/a><\/strong>, sponsored by the European Union;<br \/>\n<a href=\"http:\/\/www.standrews.co.za\/\" target=\"_blank\" rel=\"noopener noreferrer\"><strong>St Andrews <\/strong><\/a>(Johannesburg, South Africa).<\/p>\n<blockquote class=\"blockquote2\">Progettiamo il corso su misura per le vostre esigenze: il programma e l&#8217;orario possono essere fissati in anticipo. Fateci sapere quali sono i vostri progetti, le date e la durata del corso che vi piacerebbe frequentare e vi manderemo i dettagli e il costo.<\/blockquote>\n<p>Inoltre possiamo organizzare altre attivit\u00e0 extra didattiche, quali visite ai musei, cene, escursioni nei dintorni di Firenze e nelle altre citt\u00e0 toscane, ecc.<\/p>\n<p>Le lezioni si possono tenere sia in <strong>inglese<\/strong> che in <strong>italiano<\/strong>.<\/p>\n<p>Vi ricordiamo anche che possiamo fornirvi il tipo di alloggio che desiderate.<\/p>\n[\/spb_text_block] [blank_spacer height=&#8221;30px&#8221; width=&#8221;3\/4&#8243; el_position=&#8221;first last&#8221;] [spb_column width=&#8221;3\/4&#8243; el_position=&#8221;first last&#8221;] [spb_single_image image=&#8221;6815&#8243; image_size=&#8221;full&#8221; frame=&#8221;glowframe&#8221; intro_animation=&#8221;none&#8221; full_width=&#8221;no&#8221; lightbox=&#8221;no&#8221; link_target=&#8221;_self&#8221; width=&#8221;1\/3&#8243; el_position=&#8221;first&#8221;] [spb_text_block pb_margin_bottom=&#8221;no&#8221; pb_border_bottom=&#8221;no&#8221; width=&#8221;2\/3&#8243; el_position=&#8221;last&#8221;]\n<p><strong>Lingua e cultura Italiana<\/strong><br \/>\nUno, due o pi\u00f9 giorni, 2, 3, o 4 ore al giorno, dal luned\u00ec al venerd\u00ec e su richiesta anche nel fine settimana.<\/p>\n[\/spb_text_block] [\/spb_column] [spb_column width=&#8221;3\/4&#8243; el_position=&#8221;first last&#8221;] [spb_single_image image=&#8221;6802&#8243; image_size=&#8221;full&#8221; frame=&#8221;borderframe&#8221; intro_animation=&#8221;none&#8221; full_width=&#8221;no&#8221; lightbox=&#8221;no&#8221; link_target=&#8221;_self&#8221; width=&#8221;1\/3&#8243; el_position=&#8221;first&#8221;] [spb_text_block pb_margin_bottom=&#8221;no&#8221; pb_border_bottom=&#8221;no&#8221; width=&#8221;2\/3&#8243; el_position=&#8221;last&#8221;]\n<p><strong>Corsi d&#8217;arte: disegno e pittura<\/strong><br \/>\nUno, due o pi\u00f9 giorni, 2, 3, o 4 ore al giorno, dal luned\u00ec al venerd\u00ec e su richiesta anche nel fine settimana: disegno e pittura in studio e all&#8217;aperto, disegno del nudo, ritratto, acquerello, pittura di marina e altro ancora.<\/p>\n[\/spb_text_block] [\/spb_column] [spb_column width=&#8221;3\/4&#8243; el_position=&#8221;first last&#8221;] [spb_single_image image=&#8221;6897&#8243; image_size=&#8221;full&#8221; frame=&#8221;glowframe&#8221; intro_animation=&#8221;none&#8221; full_width=&#8221;no&#8221; lightbox=&#8221;no&#8221; link_target=&#8221;_self&#8221; width=&#8221;1\/3&#8243; el_position=&#8221;first&#8221;] [spb_text_block pb_margin_bottom=&#8221;no&#8221; pb_border_bottom=&#8221;no&#8221; width=&#8221;2\/3&#8243; el_position=&#8221;last&#8221;]\n<p><strong>Storia dell&#8217;arte<\/strong><br \/>\nUno, due o pi\u00f9 giorni, 2, 3, o 4 ore al giorno, dal luned\u00ec al venerd\u00ec e su richiesta anche nel fine settimana.<\/p>\n[\/spb_text_block] [\/spb_column] [spb_column width=&#8221;3\/4&#8243; el_position=&#8221;first last&#8221;] [spb_single_image image=&#8221;6781&#8243; image_size=&#8221;full&#8221; frame=&#8221;glowframe&#8221; intro_animation=&#8221;none&#8221; full_width=&#8221;no&#8221; lightbox=&#8221;no&#8221; link_target=&#8221;_self&#8221; width=&#8221;1\/3&#8243; el_position=&#8221;first&#8221;] [spb_text_block pb_margin_bottom=&#8221;no&#8221; pb_border_bottom=&#8221;no&#8221; width=&#8221;2\/3&#8243; el_position=&#8221;last&#8221;]\n<p><strong>Seminario sull&#8217;affresco<\/strong><br \/>\nUna lezione specialistica di 2 ore sulla tecnica dell&#8217;affresco: storia, teoria e pratica.<\/p>\n[\/spb_text_block] [\/spb_column] [spb_column width=&#8221;3\/4&#8243; el_position=&#8221;first last&#8221;] [spb_single_image image=&#8221;6891&#8243; image_size=&#8221;full&#8221; frame=&#8221;glowframe&#8221; intro_animation=&#8221;none&#8221; full_width=&#8221;no&#8221; lightbox=&#8221;no&#8221; link_target=&#8221;_self&#8221; width=&#8221;1\/3&#8243; el_position=&#8221;first&#8221;] [spb_text_block pb_margin_bottom=&#8221;no&#8221; pb_border_bottom=&#8221;no&#8221; width=&#8221;2\/3&#8243; el_position=&#8221;last&#8221;]\n<p><strong>Corso di cucina<\/strong><br \/>\n3 o 6 ore a settimana di corso per imparare i segreti della cucina italiana in una cucina professionale.<\/p>\n[\/spb_text_block] [\/spb_column] [spb_column width=&#8221;3\/4&#8243; el_position=&#8221;first last&#8221;] [spb_single_image image=&#8221;13937&#8243; image_size=&#8221;full&#8221; frame=&#8221;glowframe&#8221; intro_animation=&#8221;none&#8221; full_width=&#8221;no&#8221; lightbox=&#8221;no&#8221; link_target=&#8221;_self&#8221; width=&#8221;1\/3&#8243; el_position=&#8221;first&#8221;] [spb_text_block pb_margin_bottom=&#8221;no&#8221; pb_border_bottom=&#8221;no&#8221; width=&#8221;2\/3&#8243; el_position=&#8221;last&#8221;]\n<p><strong>Corsi combinati<\/strong><br \/>\nPossiamo organizzare programmi per brevi e lunghi periodi che combinano le seguenti materie:<\/p>\n<p>Lingua e cultura italiana<\/p>\n<p>Storia dell&#8217;arte<\/p>\n<p>Pompei e l&#8217;antica Roma<\/p>\n<p>Letteratura italiana<\/p>\n<p>Storia del cinema italiano<\/p>\n<p>Storia della musica<\/p>\n[\/spb_text_block] [blank_spacer height=&#8221;30px&#8221; width=&#8221;1\/1&#8243; el_position=&#8221;first last&#8221;] [spb_message color=&#8221;alert-info&#8221; width=&#8221;1\/1&#8243; el_position=&#8221;first last&#8221;]\n<p><strong>Certificati, diplomi e crediti<\/strong><\/p>\n<p>L&#8217;Accademia del Giglio rilascia i seguenti certificati:<\/p>\n<p>Certificato di frequenza alla fine di ogni corso, con relativa votazione da parte dell&#8217;insegnante.<\/p>\n<p>Certificato dell&#8217;Accademia del Giglio, dopo aver frequentato per almeno 3 mesi un corso di lingua intensivo ed aver superato un test scritto e orale del livello avanzato.<\/p>\n<p>Per gli studenti di Universit\u00e0 straniere o College \u00e8 possibile ricevere crediti per i nostri corsi: si prega gli interessati di chiedere presso la segreteria della propria universit\u00e0. Per maggiori informazioni, anche per gruppi scolastici, si prega di visitare <a href=\"https:\/\/adg.it\/en\/term-and-semester-programs\/\">questa pagina<\/a> (in inglese).<\/p>\n[\/spb_message] [fullwidth_text title=&#8221;Contattaci&#8221; alt_background=&#8221;none&#8221; width=&#8221;1\/1&#8243; el_position=&#8221;first last&#8221;]\n<div class=\"wpforms-container wpforms-container-full\" id=\"wpforms-18575\"><form id=\"wpforms-form-18575\" class=\"wpforms-validate wpforms-form wpforms-ajax-form\" data-formid=\"18575\" method=\"post\" enctype=\"multipart\/form-data\" action=\"\/it\/wp-json\/wp\/v2\/pages\/7722\" data-token=\"3febebefc73a3f879e15dd61948fe0f1\" data-token-time=\"1776616096\"><noscript class=\"wpforms-error-noscript\">Abilita JavaScript nel browser per completare questo modulo.<\/noscript><div class=\"wpforms-field-container\"><div id=\"wpforms-18575-field_6-container\" class=\"wpforms-field wpforms-field-name\" data-field-id=\"6\"><label class=\"wpforms-field-label\">Nome <span class=\"wpforms-required-label\">*<\/span><\/label><div class=\"wpforms-field-row wpforms-field-large\"><div class=\"wpforms-field-row-block wpforms-first wpforms-one-half\"><input type=\"text\" id=\"wpforms-18575-field_6\" class=\"wpforms-field-name-first wpforms-field-required\" name=\"wpforms[fields][6][first]\" placeholder=\"Il tuo nome\" required><label for=\"wpforms-18575-field_6\" class=\"wpforms-field-sublabel after\">First<\/label><\/div><div class=\"wpforms-field-row-block wpforms-one-half\"><input type=\"text\" id=\"wpforms-18575-field_6-last\" class=\"wpforms-field-name-last wpforms-field-required\" name=\"wpforms[fields][6][last]\" placeholder=\"Il tuo cognome\" required><label for=\"wpforms-18575-field_6-last\" class=\"wpforms-field-sublabel after\">Last<\/label><\/div><\/div><\/div><div id=\"wpforms-18575-field_1-container\" class=\"wpforms-field wpforms-field-email\" data-field-id=\"1\"><label class=\"wpforms-field-label\" for=\"wpforms-18575-field_1\">Email <span class=\"wpforms-required-label\">*<\/span><\/label><input type=\"email\" id=\"wpforms-18575-field_1\" class=\"wpforms-field-large wpforms-field-required\" name=\"wpforms[fields][1]\" placeholder=\"La tua email\" spellcheck=\"false\" required><\/div><div id=\"wpforms-18575-field_2-container\" class=\"wpforms-field wpforms-field-textarea\" data-field-id=\"2\"><label class=\"wpforms-field-label\" for=\"wpforms-18575-field_2\">Messaggio <span class=\"wpforms-required-label\">*<\/span><\/label><textarea id=\"wpforms-18575-field_2\" class=\"wpforms-field-medium wpforms-field-required\" name=\"wpforms[fields][2]\" placeholder=\"Scrivi qui il tuo messaggio\" required><\/textarea><\/div><\/div><!-- .wpforms-field-container --><div class=\"wpforms-field wpforms-field-hp\"><label for=\"wpforms-18575-field-hp\" class=\"wpforms-field-label\">Website<\/label><input type=\"text\" name=\"wpforms[hp]\" id=\"wpforms-18575-field-hp\" class=\"wpforms-field-medium\"><\/div><div class=\"wpforms-submit-container\" ><input type=\"hidden\" name=\"wpforms[id]\" value=\"18575\"><input type=\"hidden\" name=\"page_title\" value=\"\"><input type=\"hidden\" name=\"page_url\" value=\"https:\/\/adg.it\/it\/wp-json\/wp\/v2\/pages\/7722\"><input type=\"hidden\" name=\"url_referer\" value=\"\"><button type=\"submit\" name=\"wpforms[submit]\" id=\"wpforms-submit-18575\" class=\"wpforms-submit\" data-alt-text=\"Sto inviando...\" data-submit-text=\"Invia\" aria-live=\"assertive\" value=\"wpforms-submit\">Invia<\/button><img loading=\"lazy\" decoding=\"async\" src=\"https:\/\/adg.it\/wp-content\/plugins\/wpforms\/assets\/images\/submit-spin.svg\" class=\"wpforms-submit-spinner\" style=\"display: none;\" width=\"26\" height=\"26\" alt=\"Caricamento\"><\/div><\/form><\/div>  <!-- .wpforms-container -->\n[\/fullwidth_text] [\/spb_column]<\/p>\n","protected":false},"excerpt":{"rendered":"<p>[boxed_content type=&#8221;coloured&#8221; pb_margin_bottom=&#8221;no&#8221; width=&#8221;3\/4&#8243; el_position=&#8221;first last&#8221;] L&#8217;Accademia del Giglio organizza dal 1995 corsi di Lingua italiana, Arte e Storia dell&#8217;Arte per gruppi. [\/boxed_content] [blank_spacer height=&#8221;30px&#8221; width=&#8221;3\/4&#8243; el_position=&#8221;first last&#8221;] [spb_text_block pb_margin_bottom=&#8221;yes&#8221; pb_border_bottom=&#8221;yes&#8221; width=&#8221;3\/4&#8243; el_position=&#8221;first last&#8221;] Abbiamo collaborato costantemente con il Dipartimento di lingua italiana di un&#8217;universit\u00e0 americana, il\u00a0Bard College (cliccando sul link \u00e8 possibile leggere una lettera di presentazione scritta dal [&hellip;]<\/p>\n","protected":false},"author":27,"featured_media":0,"parent":0,"menu_order":0,"comment_status":"closed","ping_status":"closed","template":"","meta":{"_joinchat":[],"footnotes":""},"class_list":["post-7722","page","type-page","status-publish","hentry"],"aioseo_notices":[],"_links":{"self":[{"href":"https:\/\/adg.it\/it\/wp-json\/wp\/v2\/pages\/7722","targetHints":{"allow":["GET"]}}],"collection":[{"href":"https:\/\/adg.it\/it\/wp-json\/wp\/v2\/pages"}],"about":[{"href":"https:\/\/adg.it\/it\/wp-json\/wp\/v2\/types\/page"}],"author":[{"embeddable":true,"href":"https:\/\/adg.it\/it\/wp-json\/wp\/v2\/users\/27"}],"replies":[{"embeddable":true,"href":"https:\/\/adg.it\/it\/wp-json\/wp\/v2\/comments?post=7722"}],"version-history":[{"count":0,"href":"https:\/\/adg.it\/it\/wp-json\/wp\/v2\/pages\/7722\/revisions"}],"wp:attachment":[{"href":"https:\/\/adg.it\/it\/wp-json\/wp\/v2\/media?parent=7722"}],"curies":[{"name":"wp","href":"https:\/\/api.w.org\/{rel}","templated":true}]}}