{"id":26900,"date":"2025-07-24T11:11:40","date_gmt":"2025-07-24T11:11:40","guid":{"rendered":"https:\/\/adg.it\/?page_id=26900"},"modified":"2025-07-24T11:34:59","modified_gmt":"2025-07-24T11:34:59","slug":"un-giorno-arte-in-toscana","status":"publish","type":"page","link":"https:\/\/adg.it\/it\/un-giorno-arte-in-toscana\/","title":{"rendered":"Un giorno d&#8217;arte in Toscana"},"content":{"rendered":"<p>[spb_column width=&#8221;2\/3&#8243; el_position=&#8221;first&#8221;] [spb_text_block title=&#8221;Una giornata intensiva di disegno e pittura&#8221; pb_margin_bottom=&#8221;no&#8221; pb_border_bottom=&#8221;no&#8221; width=&#8221;1\/1&#8243; el_position=&#8221;first last&#8221;]\n<p>I nostri corsi d&#8217;arte di un giorno sono perfetti per gli amanti dell&#8217;arte che trascorrono poco tempo in <strong>Toscana<\/strong>! Vivi un&#8217;intensa giornata all&#8217;insegna dell&#8217;arte nei luoghi toscani che preferisci, che siano le affascinanti colline del <strong>Chianti<\/strong>, le medievali <strong>Siena <\/strong>o <strong>San Gimignano<\/strong>, o l&#8217;incantevole citt\u00e0 di <strong>Lucca<\/strong>.<\/p>\n[\/spb_text_block] [spb_text_block title=&#8221;Lezioni private in Toscana&#8221; pb_margin_bottom=&#8221;no&#8221; pb_border_bottom=&#8221;no&#8221; width=&#8221;1\/1&#8243; el_position=&#8221;first last&#8221;]\n<p>Cerchi un&#8217;esperienza artistica personalizzata in Toscana? Le nostre lezioni <strong>individuali<\/strong> o <strong>in coppia<\/strong> sono pensate appositamente per te, disponibili tutti i giorni, compresi i fine settimana, in tutta la regione. Che tu ti trovi nelle affascinanti colline del Chianti, nella medievale Siena, nella storica Lucca o in qualsiasi altro gioiello della Toscana, ti offriremo un&#8217;esperienza artistica su misura per te.<\/p>\n<h3>Esperienze artistiche su misura in Toscana<\/h3>\n<p>La lezione sar\u00e0 adattata al tuo livello di abilit\u00e0 e potr\u00e0 avere la durata che preferisci. I nostri insegnanti ti guideranno sempre in base al tuo livello di competenza, assicurandoti una lezione soddisfacente e produttiva.<\/p>\n<h3>Il tuo percorso artistico, a modo tuo<\/h3>\n<p>Scegli una o pi\u00f9 delle destinazioni iconiche della Toscana come sfondo artistico, tra cui:<\/p>\n<ul>\n<li>Siena<\/li>\n<li>San Gimignano<\/li>\n<li>Monteriggioni<\/li>\n<li>Pisa<\/li>\n<li>Vinci<\/li>\n<li>Volterra<\/li>\n<li>Certaldo<\/li>\n<li>Lucca<\/li>\n<li>Montepulciano<\/li>\n<li>Pienza<\/li>\n<li>Montalcino<\/li>\n<li>Arezzo<\/li>\n<li>Il Chianti<\/li>\n<\/ul>\n<p>Per le lezioni private individuali o in piccoli gruppi, il programma e il calendario possono essere completamente personalizzati in base alle tue esigenze e ai tuoi interessi specifici.<\/p>\n<p>Alla fine del corso, porterai con te una piccola ma significativa opera d&#8217;arte, un ricordo perfetto del tuo viaggio artistico in Italia.<\/p>\n[\/spb_text_block] [boxed_content type=&#8221;coloured&#8221; pb_margin_bottom=&#8221;no&#8221; width=&#8221;1\/1&#8243; el_position=&#8221;first last&#8221;]\n<p>Il programma<\/p>\n[\/boxed_content] [spb_accordion width=&#8221;1\/1&#8243; el_position=&#8221;first last&#8221;] [spb_accordion_tab title=&#8221;Una giornata dedicata al disegno e alla pittura in Toscana&#8221; accordion_id=&#8221;&#8221; icon=&#8221;&#8221;] [spb_text_block pb_margin_bottom=&#8221;no&#8221; pb_border_bottom=&#8221;no&#8221; width=&#8221;1\/1&#8243; el_position=&#8221;first last&#8221;]\n<h3 class=\"ui-sortable-handle\">Scopri l&#8217;arte e la bellezza della Toscana: un corso privato di un giorno<\/h3>\n<p>Partecipa a un corso d&#8217;arte privato di un&#8217;intera giornata che ti porter\u00e0 da Firenze a una o pi\u00f9 destinazioni toscane. Viaggerai comodamente e avrai l&#8217;opportunit\u00e0 unica di disegnare la meravigliosa campagna e le citt\u00e0 toscane e dipingere scorci mozzafiato en plein air.<\/p>\n<p>Scegli la tua destinazione preferita<\/p>\n<ul>\n<li>Chianti: esplora questa affascinante regione tra Firenze e Siena con un&#8217;auto privata.<\/li>\n<li>Siena: scopri la citt\u00e0 medievale, raggiungibile in autobus.<\/li>\n<li>San Gimignano o Monteriggioni: visita questi gioielli storici con un&#8217;auto privata.<\/li>\n<li>Pisa: visita l&#8217;iconica torre pendente, raggiungibile in treno.<\/li>\n<li>Volterra: esplora questa antica citt\u00e0 etrusca con un&#8217;auto privata.<\/li>\n<li>Vinci o Certaldo: visita questi siti culturali con un&#8217;auto privata.<\/li>\n<li>Lucca: scopri questa affascinante citt\u00e0 fortificata, raggiungibile in treno.<\/li>\n<li>Montepulciano, Pienza o Montalcino: immergiti in queste rinomate citt\u00e0 vinicole con un&#8217;auto privata.<\/li>\n<li>Arezzo: scopri questa citt\u00e0 artistica, raggiungibile in treno.<\/li>\n<\/ul>\n<p>Un&#8217;auto privata o un mezzo pubblico ti porter\u00e0 insieme al tuo insegnante d&#8217;arte nel luogo che hai scelto: avrai l&#8217;opportunit\u00e0 di disegnare in un&#8217;atmosfera rilassata e di realizzare alcune opere d&#8217;arte che potrai portare a casa e magari utilizzare come fonte d&#8217;ispirazione in futuro.<\/p>\n<p>I nostri <strong>esperti insegnanti d&#8217;arte<\/strong> ti guideranno nello sviluppo delle tue capacit\u00e0 di osservazione mentre catturi la bellezza di un paesaggio naturale, un affascinante panorama urbano, un monumento storico o un edificio antico. Avrai la libert\u00e0 di scegliere e mettere in pratica una o pi\u00f9 tecniche adatte alle tue capacit\u00e0 e preferenze, tra cui <strong>carboncino, pastello, acquerello o acrilico<\/strong>.<\/p>\n<h3 class=\"ui-sortable-handle\">La tua giornata d&#8217;arte in Toscana<\/h3>\n<p>Ecco cosa comprende la tua esperienza artistica personalizzata di un&#8217;intera giornata:<\/p>\n<ul>\n<li>Partenza al mattino: verremo a prenderti a Firenze tra le 9:00 e le 10:00.<\/li>\n<li>Immersione nell&#8217;arte: una volta raggiunta la destinazione che hai scelto e ti immergerai nel disegno e nella pittura en plein air.<\/li>\n<li>Pranzo leggero (non incluso): concediti un pranzo leggero e rinfrescante durante le tue attivit\u00e0 artistiche.<\/li>\n<li>Pomeriggio: continua a disegnare o dipingere e visita altri luoghi.<\/li>\n<li>Rientro a Firenze: sarete di ritorno a Firenze tra le 18:00 e le 19:00.<\/li>\n<\/ul>\n<p>La durata totale della lezione \u00e8 di circa <strong>5 ore di insegnamento artistico approfondito<\/strong>.<\/p>\n<h3 class=\"ui-sortable-handle\">Cosa portare<\/h3>\n<p>Si consiglia di indossare scarpe comode o da trekking e un cappello a tesa larga per garantire il massimo comfort durante tutta la giornata.<\/p>\n<p>Questo corso \u00e8 consigliato sia ai principianti che agli artisti esperti e ai professionisti.<\/p>\n<h3 class=\"ui-sortable-handle\">Nota bene<\/h3>\n<p>Le nostre lezioni en plein air prevedono passeggiate e la salita di scale per raggiungere luoghi all&#8217;aperto dove disegnare e dipingere panorami mozzafiato e iconici. Se hai difficolt\u00e0 motorie, questa lezione potrebbe non essere adatta a te. Ti consigliamo di contattarci per discutere opzioni alternative. I rimborsi saranno valutati caso per caso per problemi di mobilit\u00e0 documentati che impediscono la partecipazione.<\/p>\n[\/spb_text_block] [\/spb_accordion_tab] [\/spb_accordion] [sf_gallery gallery_id=&#8221;26907&#8243; slider_transition=&#8221;fade&#8221; show_thumbs=&#8221;yes&#8221; autoplay=&#8221;yes&#8221; show_captions=&#8221;yes&#8221; enable_lightbox=&#8221;yes&#8221; width=&#8221;1\/1&#8243; el_position=&#8221;first last&#8221;] [boxed_content type=&#8221;coloured&#8221; pb_margin_bottom=&#8221;no&#8221; width=&#8221;1\/1&#8243; el_position=&#8221;first last&#8221;]\n<p><strong>I prezzi<\/strong><\/p>\n[\/boxed_content] [spb_accordion width=&#8221;1\/1&#8243; el_position=&#8221;first last&#8221;] [spb_accordion_tab title=&#8221;Prezzo&#8221; accordion_id=&#8221;&#8221; icon=&#8221;&#8221;] [spb_text_block title=&#8221;Un giorno in Toscana&#8221; pb_margin_bottom=&#8221;no&#8221; pb_border_bottom=&#8221;no&#8221; width=&#8221;1\/1&#8243; el_position=&#8221;first last&#8221;]\n<p>Le nostre lezioni private di arte si tengono dal <strong>luned\u00ec<\/strong> al <strong>sabato<\/strong>.<\/p>\n<p>I prezzi indicati di seguito si riferiscono a <strong>un singolo studente<\/strong> e includono il trasporto da Firenze alla destinazione prescelta:<\/p>\n<ul>\n<li>Area del Chianti (tra Firenze e Siena, con auto privata): \u20ac800<\/li>\n<li>Siena (Bus): \u20ac750<\/li>\n<li>San Gimignano \/ Monteriggioni (auto privata): \u20ac900<\/li>\n<li>Montepulciano, Pienza, Montalcino (auto privata): \u20ac900<\/li>\n<li>Pisa (treno): \u20ac750<\/li>\n<li>Vinci (auto privata): \u20ac850<\/li>\n<li>Lucca (treno): \u20ac750<\/li>\n<li>Arezzo (treno): \u20ac800<\/li>\n<\/ul>\n<p><strong>Modifiche ai prezzi<\/strong>:<\/p>\n<p>Aggiunta di uno studente: per ogni studente in pi\u00f9 che partecipa alla lezione \u00e8 previsto un costo aggiuntivo di \u20ac120.<\/p>\n<p>Sconto per trasporto autonomo:<\/p>\n<ul>\n<li>Se organizzi autonomamente il trasporto per le destinazioni raggiungibili in treno\/autobus, detrai \u20ac50 dal prezzo indicato.<\/li>\n<li>Se organizzi il trasporto autonomamente per destinazioni raggiungibili con auto privata, detrai \u20ac100 dal prezzo indicato.<\/li>\n<\/ul>\n<p>Per piccoli gruppi, altre opzioni o ulteriori informazioni, vi preghiamo di <a title=\"Contatti\" href=\"https:\/\/adg.it\/it\/contatti\/\">contattarci<\/a>.<\/p>\n[\/spb_text_block] [\/spb_accordion_tab] [spb_accordion_tab title=&#8221;Il prezzo include&#8221; accordion_id=&#8221;&#8221; icon=&#8221;&#8221;] [spb_text_block pb_margin_bottom=&#8221;no&#8221; pb_border_bottom=&#8221;no&#8221; width=&#8221;1\/1&#8243; el_position=&#8221;first last&#8221;]\n<ul>\n<li>Tutti i materiali e gli utensili artistici necessari.<\/li>\n<li>Il certificato alla fine del corso.<\/li>\n<li>Trasporto come sopra indicato.<\/li>\n<\/ul>\n[\/spb_text_block] [\/spb_accordion_tab] [spb_accordion_tab title=&#8221;Nota bene&#8221; accordion_id=&#8221;&#8221; icon=&#8221;&#8221;] [spb_text_block pb_margin_bottom=&#8221;no&#8221; pb_border_bottom=&#8221;no&#8221; width=&#8221;1\/1&#8243; el_position=&#8221;first last&#8221;]\n<ul>\n<li>Le lezioni private si tengono sia in inglese che in italiano.<\/li>\n<li>Su richiesta, \u00e8 possibile organizzare lezioni private anche in spagnolo, francese o tedesco.<\/li>\n<li>Il programma pu\u00f2 essere personalizzato in base alle esigenze, alle competenze e agli interessi dello studente.<\/li>\n<li>Il materiale artistico sar\u00e0 fornito dalla scuola, ma gli studenti potranno anche portare con s\u00e9 il materiale che utilizzano normalmente nei loro studi o in altre accademie.<\/li>\n<li>Al momento dell&#8217;iscrizione ai corsi d&#8217;arte, ogni partecipante \u00e8 pregato di specificare la tecnica o le tecniche che desidera studiare durante il corso.<\/li>\n<\/ul>\n[\/spb_text_block] [\/spb_accordion_tab] [\/spb_accordion] [\/spb_column] [spb_column width=&#8221;1\/3&#8243; el_position=&#8221;last&#8221;] [spb_single_image image=&#8221;26794&#8243; image_size=&#8221;full&#8221; frame=&#8221;shadowframe&#8221; intro_animation=&#8221;none&#8221; full_width=&#8221;no&#8221; lightbox=&#8221;no&#8221; link_target=&#8221;_self&#8221; width=&#8221;1\/1&#8243; el_position=&#8221;first last&#8221;] [spb_text_block title=&#8221;Contattaci&#8221; pb_margin_bottom=&#8221;no&#8221; pb_border_bottom=&#8221;no&#8221; width=&#8221;1\/1&#8243; el_position=&#8221;first last&#8221;]\n<div class=\"wpforms-container wpforms-container-full\" id=\"wpforms-18575\"><form id=\"wpforms-form-18575\" class=\"wpforms-validate wpforms-form wpforms-ajax-form\" data-formid=\"18575\" method=\"post\" enctype=\"multipart\/form-data\" action=\"\/it\/wp-json\/wp\/v2\/pages\/26900\" data-token=\"ee3f748c041500a2d86e48cf6b76bae2\" data-token-time=\"1776971714\"><noscript class=\"wpforms-error-noscript\">Abilita JavaScript nel browser per completare questo modulo.<\/noscript><div class=\"wpforms-field-container\"><div id=\"wpforms-18575-field_6-container\" class=\"wpforms-field wpforms-field-name\" data-field-id=\"6\"><label class=\"wpforms-field-label\">Nome <span class=\"wpforms-required-label\">*<\/span><\/label><div class=\"wpforms-field-row wpforms-field-large\"><div class=\"wpforms-field-row-block wpforms-first wpforms-one-half\"><input type=\"text\" id=\"wpforms-18575-field_6\" class=\"wpforms-field-name-first wpforms-field-required\" name=\"wpforms[fields][6][first]\" placeholder=\"Il tuo nome\" required><label for=\"wpforms-18575-field_6\" class=\"wpforms-field-sublabel after\">First<\/label><\/div><div class=\"wpforms-field-row-block wpforms-one-half\"><input type=\"text\" id=\"wpforms-18575-field_6-last\" class=\"wpforms-field-name-last wpforms-field-required\" name=\"wpforms[fields][6][last]\" placeholder=\"Il tuo cognome\" required><label for=\"wpforms-18575-field_6-last\" class=\"wpforms-field-sublabel after\">Last<\/label><\/div><\/div><\/div><div id=\"wpforms-18575-field_1-container\" class=\"wpforms-field wpforms-field-email\" data-field-id=\"1\"><label class=\"wpforms-field-label\" for=\"wpforms-18575-field_1\">Email <span class=\"wpforms-required-label\">*<\/span><\/label><input type=\"email\" id=\"wpforms-18575-field_1\" class=\"wpforms-field-large wpforms-field-required\" name=\"wpforms[fields][1]\" placeholder=\"La tua email\" spellcheck=\"false\" required><\/div><div id=\"wpforms-18575-field_2-container\" class=\"wpforms-field wpforms-field-textarea\" data-field-id=\"2\"><label class=\"wpforms-field-label\" for=\"wpforms-18575-field_2\">Messaggio <span class=\"wpforms-required-label\">*<\/span><\/label><textarea id=\"wpforms-18575-field_2\" class=\"wpforms-field-medium wpforms-field-required\" name=\"wpforms[fields][2]\" placeholder=\"Scrivi qui il tuo messaggio\" required><\/textarea><\/div><\/div><!-- .wpforms-field-container --><div class=\"wpforms-field wpforms-field-hp\"><label for=\"wpforms-18575-field-hp\" class=\"wpforms-field-label\">Email<\/label><input type=\"text\" name=\"wpforms[hp]\" id=\"wpforms-18575-field-hp\" class=\"wpforms-field-medium\"><\/div><div class=\"wpforms-submit-container\" ><input type=\"hidden\" name=\"wpforms[id]\" value=\"18575\"><input type=\"hidden\" name=\"page_title\" value=\"\"><input type=\"hidden\" name=\"page_url\" value=\"https:\/\/adg.it\/it\/wp-json\/wp\/v2\/pages\/26900\"><input type=\"hidden\" name=\"url_referer\" value=\"\"><button type=\"submit\" name=\"wpforms[submit]\" id=\"wpforms-submit-18575\" class=\"wpforms-submit\" data-alt-text=\"Sto inviando...\" data-submit-text=\"Invia\" aria-live=\"assertive\" value=\"wpforms-submit\">Invia<\/button><img loading=\"lazy\" decoding=\"async\" src=\"https:\/\/adg.it\/wp-content\/plugins\/wpforms\/assets\/images\/submit-spin.svg\" class=\"wpforms-submit-spinner\" style=\"display: none;\" width=\"26\" height=\"26\" alt=\"Caricamento\"><\/div><\/form><\/div>  <!-- .wpforms-container -->\n[\/spb_text_block] [testimonial title=&#8221;Dicono di noi&#8221; text_size=&#8221;normal&#8221; item_count=&#8221;2&#8243; order=&#8221;rand&#8221; category=&#8221;sketchbook-ita-art-it&#8221; pagination=&#8221;no&#8221; page_link=&#8221;no&#8221; width=&#8221;1\/1&#8243; el_position=&#8221;first last&#8221;] [\/spb_column]<\/p>\n","protected":false},"excerpt":{"rendered":"<p>[spb_column width=&#8221;2\/3&#8243; el_position=&#8221;first&#8221;] [spb_text_block title=&#8221;Una giornata intensiva di disegno e pittura&#8221; pb_margin_bottom=&#8221;no&#8221; pb_border_bottom=&#8221;no&#8221; width=&#8221;1\/1&#8243; el_position=&#8221;first last&#8221;] I nostri corsi d&#8217;arte di un giorno sono perfetti per gli amanti dell&#8217;arte che trascorrono poco tempo in Toscana! Vivi un&#8217;intensa giornata all&#8217;insegna dell&#8217;arte nei luoghi toscani che preferisci, che siano le affascinanti colline del Chianti, le medievali Siena o San Gimignano, o l&#8217;incantevole [&hellip;]<\/p>\n","protected":false},"author":27,"featured_media":26902,"parent":0,"menu_order":0,"comment_status":"closed","ping_status":"closed","template":"","meta":{"_joinchat":[],"footnotes":""},"class_list":["post-26900","page","type-page","status-publish","has-post-thumbnail","hentry"],"aioseo_notices":[],"_links":{"self":[{"href":"https:\/\/adg.it\/it\/wp-json\/wp\/v2\/pages\/26900","targetHints":{"allow":["GET"]}}],"collection":[{"href":"https:\/\/adg.it\/it\/wp-json\/wp\/v2\/pages"}],"about":[{"href":"https:\/\/adg.it\/it\/wp-json\/wp\/v2\/types\/page"}],"author":[{"embeddable":true,"href":"https:\/\/adg.it\/it\/wp-json\/wp\/v2\/users\/27"}],"replies":[{"embeddable":true,"href":"https:\/\/adg.it\/it\/wp-json\/wp\/v2\/comments?post=26900"}],"version-history":[{"count":5,"href":"https:\/\/adg.it\/it\/wp-json\/wp\/v2\/pages\/26900\/revisions"}],"predecessor-version":[{"id":26908,"href":"https:\/\/adg.it\/it\/wp-json\/wp\/v2\/pages\/26900\/revisions\/26908"}],"wp:featuredmedia":[{"embeddable":true,"href":"https:\/\/adg.it\/it\/wp-json\/wp\/v2\/media\/26902"}],"wp:attachment":[{"href":"https:\/\/adg.it\/it\/wp-json\/wp\/v2\/media?parent=26900"}],"curies":[{"name":"wp","href":"https:\/\/api.w.org\/{rel}","templated":true}]}}