{"id":11063,"date":"2015-10-20T11:49:48","date_gmt":"2015-10-20T11:49:48","guid":{"rendered":"http:\/\/adg.it\/it\/italiano-specialistico-2"},"modified":"2018-09-20T14:21:11","modified_gmt":"2018-09-20T14:21:11","slug":"materiale-arte","status":"publish","type":"page","link":"https:\/\/adg.it\/it\/materiale-arte\/","title":{"rendered":"Materiale per l&#8217;arte"},"content":{"rendered":"<p>[spb_column width=&#8221;2\/3&#8243; el_position=&#8221;first&#8221;] [spb_text_block pb_margin_bottom=&#8221;no&#8221; pb_border_bottom=&#8221;no&#8221; width=&#8221;1\/1&#8243; el_position=&#8221;first last&#8221;]\n<p>Questo \u00e8 il materiale d&#8217;arte che suggeriamo di comprare per frequentare i nostri corsi di disegno e pittura.<\/p>\n<p><strong>Il costo del materiale non \u00e8 compreso nel prezzo dei corsi di arte.<\/strong><\/p>\n<p>Se non lo avete gi\u00e0 con voi, \u00e8 possibile acquistare il materiale presso negozi convenzionati con la nostra accademia, i quali offrono sconti ai nostri studenti. Il primo giorno di corso i nostri insegnanti potranno darvi maggiori indicazioni in merito.<\/p>\n<blockquote class=\"pullquote\"><p>La scuola fornisce solo il materiale di base (carta da disegno, lapis) se non diversamente specificato nella pagina del corso scelto.<\/p><\/blockquote>\n[\/spb_text_block] [spb_accordion active_section=&#8221;0&#8243; width=&#8221;1\/1&#8243; el_position=&#8221;first last&#8221;] [spb_accordion_tab title=&#8221;Disegno&#8221; accordion_id=&#8221;&#8221; icon=&#8221;&#8221;] [spb_text_block pb_margin_bottom=&#8221;no&#8221; pb_border_bottom=&#8221;no&#8221; width=&#8221;1\/1&#8243; el_position=&#8221;first last&#8221;]\n<p>Lapis HB, B2 o B4;<br \/>\nsanguigna;<br \/>\ngomma;<br \/>\ncarboncino;<br \/>\ncarta da disegno;<br \/>\nfissativo spray.<\/p>\n<p>Costo approssimativo: 20,00 \u2013 30,00\u20ac<\/p>\n[\/spb_text_block] [\/spb_accordion_tab] [spb_accordion_tab title=&#8221;Pittura&#8221; accordion_id=&#8221;&#8221; icon=&#8221;&#8221;] [spb_text_block title=&#8221;Pittura ad olio&#8221; pb_margin_bottom=&#8221;no&#8221; pb_border_bottom=&#8221;no&#8221; width=&#8221;1\/1&#8243; el_position=&#8221;first last&#8221;]\n<p>Colori primari: 1 bianco titanio, 1 giallo, 1 \u00a0rosso, 1 blu;<br \/>\n2\u00a0o 3 cartoni telati (o tele) formato 6, 8 o 10;<br \/>\n2\u00a0o 3 pennelli in misure assortite e a propria scelta;<br \/>\n1 bottiglietta di olio di lino o\u00a0polimerizzato;<br \/>\n1 bottiglietta di trementina;<br \/>\n1 tavolozza.<\/p>\n<p>Costo approssimativo: 30,00 &#8211; 50,00\u20ac<\/p>\n[\/spb_text_block] [spb_text_block title=&#8221;Acrilico&#8221; pb_margin_bottom=&#8221;no&#8221; pb_border_bottom=&#8221;no&#8221; width=&#8221;1\/1&#8243; el_position=&#8221;first last&#8221;]\n<p>Colori primari: 1 bianco titanio, 1 giallo, 1 \u00a0rosso, 1 blu;<br \/>\n2\u00a0o 3 cartoni telati (o tele) formato 6, 8 o 10;<br \/>\n2\u00a0o 3 pennelli in misure assortite e a propria scelta;<br \/>\n1 tavolozza.<\/p>\n<p>Costo approssimativo: 30,00 &#8211; 50,00\u20ac<\/p>\n[\/spb_text_block] [spb_text_block title=&#8221;Acquerello&#8221; pb_margin_bottom=&#8221;no&#8221; pb_border_bottom=&#8221;no&#8221; width=&#8221;1\/1&#8243; el_position=&#8221;first last&#8221;]\n<p>lapis HB e B2 o B4<br \/>\n1 gomma<br \/>\nun set da 12 colori per acquerello;<br \/>\n1 cartone da disegno (25\/33 o 50\/65 cm)<br \/>\n1 blocco per acquerello o dei fogli per acquerello;<br \/>\n3 pennelli di pelo di martora o \u201cpetits gris\u201d di diverse misure (3, 8, 12);<\/p>\n<p>Costo approssimativo: 20,00 \u2013 40,00 \u20ac<\/p>\n[\/spb_text_block] [spb_text_block title=&#8221;Pastello&#8221; pb_margin_bottom=&#8221;no&#8221; pb_border_bottom=&#8221;no&#8221; width=&#8221;1\/1&#8243; el_position=&#8221;first last&#8221;]\n<p>1 scatola di pastello secco di 24 colori o di pi\u00f9;<br \/>\ncarta da disegno bianca o semitono;<br \/>\n1 bombola di fissativo per pastelli.<\/p>\n<p>Costo approssimativo: 30,00\u20ac<\/p>\n[\/spb_text_block] [spb_text_block title=&#8221;Affresco&#8221; pb_margin_bottom=&#8221;no&#8221; pb_border_bottom=&#8221;no&#8221; width=&#8221;1\/1&#8243; el_position=&#8221;first last&#8221;]\n<p>Pigmenti;<br \/>\n2 pennelli.<\/p>\n<p>Costo approssimativo di circa 35 Euro.<\/p>\n[\/spb_text_block] [\/spb_accordion_tab] [spb_accordion_tab title=&#8221;Linoleografia&#8221; accordion_id=&#8221;linoleografia&#8221; icon=&#8221;&#8221;] [spb_text_block pb_margin_bottom=&#8221;no&#8221; pb_border_bottom=&#8221;no&#8221; width=&#8221;1\/1&#8243; el_position=&#8221;first last&#8221;]\n<p>Fogli di linoleum;<br \/>\ncarte vetrata leggera (1000-2000);<br \/>\nlana di vetro;<br \/>\nuna sgorbia per linoleum o legno;<br \/>\ntrincetto;<br \/>\ncolori da xilografia;<br \/>\nrullo per stampa;<br \/>\nfogli da stampa (120-200 gr.);<br \/>\nun cucchiaio.<\/p>\n<p>Costo approssimativo: 30,00 &#8211; 50,00\u20ac<\/p>\n[\/spb_text_block] [\/spb_accordion_tab] [spb_accordion_tab title=&#8221;Opzionale&#8221; accordion_id=&#8221;&#8221; icon=&#8221;&#8221;] [spb_text_block pb_margin_bottom=&#8221;no&#8221; pb_border_bottom=&#8221;no&#8221; width=&#8221;1\/1&#8243; el_position=&#8221;first last&#8221;]\n<p>Inchiostro di china\u00a0(nero o seppia);<br \/>\nsanguigna;<br \/>\nIndumenti da lavoro.<\/p>\n<p>Per le lezioni all&#8217;aperto:<br \/>\n\u2013 un cavalletto portatile (da campagna);<br \/>\n\u2013 una piccola sedia pieghevole.<\/p>\n[\/spb_text_block] [\/spb_accordion_tab] [\/spb_accordion] [\/spb_column] [spb_column width=&#8221;1\/3&#8243; el_position=&#8221;last&#8221;] [spb_single_image image=&#8221;11185&#8243; image_size=&#8221;full&#8221; frame=&#8221;shadowframe&#8221; intro_animation=&#8221;none&#8221; full_width=&#8221;no&#8221; lightbox=&#8221;no&#8221; link_target=&#8221;_self&#8221; width=&#8221;1\/1&#8243; el_position=&#8221;first last&#8221;] [spb_text_block title=&#8221;Contattaci&#8221; pb_margin_bottom=&#8221;no&#8221; pb_border_bottom=&#8221;no&#8221; width=&#8221;1\/1&#8243; el_position=&#8221;first last&#8221;]\n<p>[contact-form-7 id=&#8221;16216&#8243; title=&#8221;Contattaci&#8221;]<\/p>\n[\/spb_text_block] [\/spb_column]<\/p>\n","protected":false},"excerpt":{"rendered":"<p>[spb_column width=&#8221;2\/3&#8243; el_position=&#8221;first&#8221;] [spb_text_block pb_margin_bottom=&#8221;no&#8221; pb_border_bottom=&#8221;no&#8221; width=&#8221;1\/1&#8243; el_position=&#8221;first last&#8221;] Questo \u00e8 il materiale d&#8217;arte che suggeriamo di comprare per frequentare i nostri corsi di disegno e pittura. Il costo del materiale non \u00e8 compreso nel prezzo dei corsi di arte. Se non lo avete gi\u00e0 con voi, \u00e8 possibile acquistare il materiale presso negozi convenzionati con la nostra accademia, i [&hellip;]<\/p>\n","protected":false},"author":27,"featured_media":0,"parent":0,"menu_order":0,"comment_status":"closed","ping_status":"closed","template":"","meta":{"_joinchat":[],"footnotes":""},"class_list":["post-11063","page","type-page","status-publish","hentry"],"aioseo_notices":[],"_links":{"self":[{"href":"https:\/\/adg.it\/it\/wp-json\/wp\/v2\/pages\/11063","targetHints":{"allow":["GET"]}}],"collection":[{"href":"https:\/\/adg.it\/it\/wp-json\/wp\/v2\/pages"}],"about":[{"href":"https:\/\/adg.it\/it\/wp-json\/wp\/v2\/types\/page"}],"author":[{"embeddable":true,"href":"https:\/\/adg.it\/it\/wp-json\/wp\/v2\/users\/27"}],"replies":[{"embeddable":true,"href":"https:\/\/adg.it\/it\/wp-json\/wp\/v2\/comments?post=11063"}],"version-history":[{"count":0,"href":"https:\/\/adg.it\/it\/wp-json\/wp\/v2\/pages\/11063\/revisions"}],"wp:attachment":[{"href":"https:\/\/adg.it\/it\/wp-json\/wp\/v2\/media?parent=11063"}],"curies":[{"name":"wp","href":"https:\/\/api.w.org\/{rel}","templated":true}]}}