{"id":10948,"date":"2015-10-08T13:16:55","date_gmt":"2015-10-08T13:16:55","guid":{"rendered":"http:\/\/adg.it\/it\/?page_id=10948"},"modified":"2025-01-16T10:54:59","modified_gmt":"2025-01-16T10:54:59","slug":"disegno-pittura-tecniche-avanzate","status":"publish","type":"page","link":"https:\/\/adg.it\/it\/disegno-pittura-tecniche-avanzate\/","title":{"rendered":"Tecniche avanzate di disegno e pittura"},"content":{"rendered":"<p>[spb_column width=&#8221;2\/3&#8243; el_position=&#8221;first&#8221;] [spb_text_block title=&#8221;Arte per studenti avanzati&#8221; pb_margin_bottom=&#8221;no&#8221; pb_border_bottom=&#8221;no&#8221; width=&#8221;1\/1&#8243; el_position=&#8221;first last&#8221;]\n<p>Questo corso di studi annuale \u00e8 stato pensato per gli studenti che sono determinati ad affrontare le pi\u00f9 grandi sfide artistiche attraverso un impianto pi\u00f9 ampio, comprendente tecniche, composizioni e problemi concettuali sempre pi\u00f9 complessi. Lavorando e producendo molteplice materiale, gli studenti accresceranno le loro capacit\u00e0 tecniche, evolveranno il loro approccio nei confronti dell&#8217;opera e realizzeranno <strong>un valido portfolio personale<\/strong>.<\/p>\n<p>All&#8217;inizio del corso il Maestro valuter\u00e0 le capacit\u00e0 degli studenti e li aiuter\u00e0 nello stabilire gli obbiettivi da raggiungere. Gli studenti impareranno quindi le strategie di resa dell&#8217;immagine partendo dall&#8217;osservazione, dai ricordi e dalla fantasia; si eserciteranno sul disegno con punti, linee e sfumato; sperimenteranno le molte tecniche artistiche, con i procedimenti e i supporti pi\u00f9 diversi e anti-convenzionali; acquisiranno <strong>maestr\u00eca nell&#8217;uso dei vari metodi e dei vari materiali<\/strong>. Verr\u00e0 posta particolare enfasi sull&#8217;esplorazione individuale di idee, materiali, concetti e soluzioni di problemi.<\/p>\n<p><strong>I principali temi<\/strong> che potranno essere affrontati sono:<\/p>\n<p><strong>natura morta<\/strong>: rappresentazione pittorica di svariati soggetti come cibo, fiori, piante, animali, pietre, conchiglie, bicchieri, libri, vasi, gioielli, monete, ecc.;<\/p>\n<p><strong>ritratto<\/strong>: studio delle espressioni del volto e degli occhi e della posizione delle mani, attraverso il disegno e la pittura (acrilico o olio);<\/p>\n<p><strong>anatomia\/\u00e9corch\u00e9<\/strong>: abbozzo, disegno e pittura del corpo umano in differenti posizioni e studio della disposizione e della forma dei muscoli, delle vene e delle articolazioni;<\/p>\n<p><strong>illustrazione<\/strong>: espressione visiva di un&#8217;idea o di un concetto. che pu\u00f2 essere elaborata e trasformata in poster, copertine o qualsiasi altra illustrazione che possa essere usata in pubblicit\u00e0;<\/p>\n<p><strong>realismo\/foto-realismo\/iperrealismo<\/strong>: studio di tecniche avanzate e sofisticate di pittura a olio mirate a raggiungere la resa qualitiva di una fotografia in alta risoluzione;<\/p>\n<p><strong>arte astratta e concettuale<\/strong>: galassia artistica in cui esplorare differenti modi di dipingere immagini, sensazioni e idee;<\/p>\n<p><strong>paesaggio en plein air<\/strong>: questo corso si tiene solo in alcuni periodi della primavera e dell&#8217;estate;<\/p>\n<p><strong>prospettiva pittorica e paesaggio urbano<\/strong>: fermare una scena di cui si \u00e8 testimoni o l&#8217;essenza del luogo in cui viviamo o che visitiamo<\/p>\n<p><strong>graphic e fashion design<\/strong>: questa classe \u00e8 concepita per quei graphic e fashion designer che sentono il bisogno di migliorare nel disegno a mano libera o nel padroneggiare i colori (soprattutto attraverso l&#8217;uso dei pennarelli Pantone).<\/p>\n<p><strong>Le principali tecniche<\/strong> adottate saranno: carboncino, sanguigna, gessetto, pastello a olio, penna e inchiostro, grafite, acrilico, pittura a olio, tempera, affresco, scultura in argilla.<\/p>\n<p>Il corso intero ha la durata di un anno accademico (<strong>36 settimane<\/strong>). Si accettano comunque frequenze pi\u00f9 brevi relative a specifiche parti del corso (<strong>minimo 4 settimane<\/strong>). La durata del programma \u00e8 offerta in due varianti di <strong>14 o 20 ore per settimana<\/strong>. Ogni settimana \u00e8 prevista almeno una seduta di <strong>modello<\/strong> della durata di <strong>2 ore<\/strong>.<\/p>\n[\/spb_text_block] [sf_gallery gallery_id=&#8221;11043&#8243; slider_transition=&#8221;fade&#8221; show_thumbs=&#8221;yes&#8221; autoplay=&#8221;yes&#8221; show_captions=&#8221;yes&#8221; enable_lightbox=&#8221;yes&#8221; width=&#8221;1\/1&#8243; el_position=&#8221;first last&#8221;] [boxed_content type=&#8221;coloured&#8221; pb_margin_bottom=&#8221;no&#8221; width=&#8221;1\/1&#8243; el_position=&#8221;first last&#8221;]\n<p><strong>Prezzi e dettagli<\/strong><\/p>\n[\/boxed_content] [spb_accordion width=&#8221;1\/1&#8243; el_position=&#8221;first last&#8221;] [spb_accordion_tab title=&#8221;Prezzi&#8221; accordion_id=&#8221;&#8221; icon=&#8221;&#8221;] [spb_text_block title=&#8221;14 ore a settimana&#8221; pb_margin_bottom=&#8221;no&#8221; pb_border_bottom=&#8221;no&#8221; width=&#8221;1\/1&#8243; el_position=&#8221;first last&#8221;]\n<p>1 unit\u00e0, 4 settimane, 56 ore \u20ac895<br \/>\n2 unit\u00e0, 8 settimane, 112 ore \u20ac1635<br \/>\n3 unit\u00e0, 12 settimane, 168 ore \u20ac2355<br \/>\n6 unit\u00e0, 24 settimane, 336 ore \u20ac4565<br \/>\n9 unit\u00e0, 36 settimane, 504 ore \u20ac6705<\/p>\n[\/spb_text_block] [spb_text_block title=&#8221;20 ore a settimana&#8221; pb_margin_bottom=&#8221;no&#8221; pb_border_bottom=&#8221;no&#8221; width=&#8221;1\/1&#8243; el_position=&#8221;first last&#8221;]\n<p>1 unit\u00e0, 4 settimane, 80 ore \u20ac1175<br \/>\n2 unit\u00e0, 8 settimane, 160 ore \u20ac2115<br \/>\n3 unit\u00e0, 12 settimane, 240 ore \u20ac3135<br \/>\n6 unit\u00e0, 24 settimane, 480 ore \u20ac6025<br \/>\n9 unit\u00e0, 36 settimane, 720 ore \u20ac9015<\/p>\n[\/spb_text_block] [\/spb_accordion_tab] [spb_accordion_tab title=&#8221;Il prezzo del corso include&#8230;&#8221; accordion_id=&#8221;&#8221; icon=&#8221;&#8221;] [spb_text_block pb_margin_bottom=&#8221;no&#8221; pb_border_bottom=&#8221;no&#8221; width=&#8221;1\/1&#8243; el_position=&#8221;first last&#8221;]\n<ul>\n<li>Materiale di base (carta da disegno, lapis\u2026).<\/li>\n<li>Il certificato alla fine del corso.<\/li>\n<\/ul>\n<p>Materiale <a href=\"http:\/\/adg.it\/it\/materiale-arte\">consigliato<\/a>.<\/p>\n[\/spb_text_block] [\/spb_accordion_tab] [spb_accordion_tab title=&#8221;Orari&#8221; accordion_id=&#8221;&#8221; icon=&#8221;&#8221;] [spb_text_block pb_margin_bottom=&#8221;no&#8221; pb_border_bottom=&#8221;no&#8221; width=&#8221;1\/1&#8243; el_position=&#8221;first last&#8221;]\n<ul>\n<li>Disegno e pittura intensivo (<strong>20 ore a settimana<\/strong>) dalle 11:30 alle 13:00 e dalle 13:30 alle 17:00, dal luned\u00ec al gioved\u00ec.<\/li>\n<li>Disegno e pittura (<strong>14 ore a settimana<\/strong>) dalle 13:30 alle 17:00, dal luned\u00ec al gioved\u00ec.<\/li>\n<li>Tutte le mattine e il venerd\u00ec studio aperto dalle 9:30 alle 14:00.<\/li>\n<\/ul>\n[\/spb_text_block] [\/spb_accordion_tab] [spb_accordion_tab title=&#8221;Pagamento&#8221; accordion_id=&#8221;&#8221; icon=&#8221;&#8221;] [spb_text_block pb_margin_bottom=&#8221;no&#8221; pb_border_bottom=&#8221;no&#8221; width=&#8221;1\/1&#8243; el_position=&#8221;first last&#8221;]\n<p>Su richiesta \u00e8 possibile pagare la retta del\u00a0corso in tre rate. Per maggiori informazioni contattare la segreteria della scuola.<\/p>\n[\/spb_text_block] [\/spb_accordion_tab] [spb_accordion_tab title=&#8221;Calendario&#8221; accordion_id=&#8221;&#8221; icon=&#8221;&#8221;] [spb_text_block pb_margin_bottom=&#8221;no&#8221; pb_border_bottom=&#8221;no&#8221; width=&#8221;1\/1&#8243; el_position=&#8221;first last&#8221;]\n<p>I corsi iniziano <strong>il primo luned\u00ec di ogni mese<\/strong>.<\/p>\n[\/spb_text_block] [\/spb_accordion_tab] [spb_accordion_tab title=&#8221;Vacanze&#8221; accordion_id=&#8221;&#8221; icon=&#8221;&#8221;] [spb_text_block pb_margin_bottom=&#8221;no&#8221; pb_border_bottom=&#8221;no&#8221; width=&#8221;1\/1&#8243; el_position=&#8221;first last&#8221;]\n<p>Una breve sospensione del corso (max. 4 settimane) \u00e8 possibile facendone richiesta scritta alla segreteria della scuola al momento dell&#8217;iscrizione o con almeno 4\u00a0settimane di anticipo dalla data d&#8217;inizio della sospensione.<\/p>\n<p>Nel caso lo studente\/la studentessa non fosse\u00a0in grado di frequentare il corso per problemi di salute, potr\u00e0 richiedere di recuperare le ore perse dietro presentazione di un certificato medico.<\/p>\n[\/spb_text_block] [\/spb_accordion_tab] [spb_accordion_tab title=&#8221;Requisiti&#8221; accordion_id=&#8221;&#8221; icon=&#8221;&#8221;] [spb_text_block pb_margin_bottom=&#8221;no&#8221; pb_border_bottom=&#8221;no&#8221; width=&#8221;1\/1&#8243; el_position=&#8221;first last&#8221;]\n<p>La presentazione di 4 opere\u00a0scelte dal proprio portfolio \u00e8 richiesta al momento dell&#8217;iscrizione. Queste dovranno comprendere:<\/p>\n<ul>\n<li>una natura morta a matita o carboncino;<\/li>\n<li>un ritratto o nudo\u00a0a matita o carboncino;<\/li>\n<li>uno studio di paesaggio urbano o naturalistico;<\/li>\n<li>un&#8217;opera in acrilico o olio o acquarello.<\/li>\n<\/ul>\n[\/spb_text_block] [\/spb_accordion_tab] [\/spb_accordion] [\/spb_column] [spb_column width=&#8221;1\/3&#8243; el_position=&#8221;last&#8221;] [spb_single_image image=&#8221;11056&#8243; image_size=&#8221;full&#8221; frame=&#8221;noframe&#8221; intro_animation=&#8221;none&#8221; full_width=&#8221;no&#8221; lightbox=&#8221;no&#8221; link_target=&#8221;_self&#8221; width=&#8221;1\/1&#8243; el_position=&#8221;first last&#8221;] [boxed_content type=&#8221;coloured&#8221; pb_margin_bottom=&#8221;no&#8221; width=&#8221;1\/1&#8243; el_position=&#8221;first last&#8221;]\n<p>Il programma<\/p>\n[\/boxed_content] [spb_accordion width=&#8221;1\/1&#8243; el_position=&#8221;first last&#8221;] [spb_accordion_tab title=&#8221;Che cosa studier\u00f2?&#8221; accordion_id=&#8221;&#8221; icon=&#8221;&#8221;] [spb_text_block pb_margin_bottom=&#8221;no&#8221; pb_border_bottom=&#8221;no&#8221; width=&#8221;1\/1&#8243; el_position=&#8221;first last&#8221;]\n<p>Ecco un esempio di come \u00e8 possibile strutturare il corso di tecniche d&#8217;arte avanzate in un anno:<\/p>\n<p>educazione visiva, 14-20 ore;<br \/>\npaesaggismo urbano e naturalistico en plein air, 16-22 ore;<br \/>\ntecniche del disegno, 30-60 ore;<br \/>\ndisegno del nudo e anatomia, 56-96 ore;<br \/>\nvolumi e prospettiva, 56-96 ore;<br \/>\narti grafiche, 56-96 ore;<br \/>\ntecniche di pittura, 56-96 ore;<br \/>\nelementi di design artistico, 36-56 ore;<br \/>\ndecorazione, 36-56 ore;<br \/>\nillustrazione, 56-96 ore;<br \/>\naffresco, 36-56 ore;<br \/>\ntecnica della doratura a tempera, 12-18 ore;<br \/>\ntecnica della doratura a olio, 12-18 ore;<br \/>\nelementi e tecniche di scultura, 56-96 ore.<\/p>\n<p>Numero totale di ore di lezione: 504-720<\/p>\n<p>Nota bene: il programma qui sopra pu\u00f2 essere adattato alle esigenze di ogni singolo\/a studente\/studentessa in base ai suoi esperienza, capacit\u00e0 e interessi artistici.<\/p>\n[\/spb_text_block] [\/spb_accordion_tab] [spb_accordion_tab title=&#8221;Mostra collettiva di arte&#8221; accordion_id=&#8221;&#8221; icon=&#8221;&#8221;] [spb_text_block pb_margin_bottom=&#8221;no&#8221; pb_border_bottom=&#8221;no&#8221; width=&#8221;1\/1&#8243; el_position=&#8221;first last&#8221;]\n<p>Alla fine del corso\u00a0la scuola organizzer\u00e0 una mostra delle opere degli studenti all\u2019interno dei locali della scuola.<\/p>\n[\/spb_text_block] [\/spb_accordion_tab] [spb_accordion_tab title=&#8221;I docenti&#8221; accordion_id=&#8221;&#8221; icon=&#8221;&#8221;] [spb_text_block pb_margin_bottom=&#8221;no&#8221; pb_border_bottom=&#8221;no&#8221; width=&#8221;1\/1&#8243; el_position=&#8221;first last&#8221;]\n<p>Insegnanti qualificati e con lunga esperienza d\u2019insegnamento seguiranno gli studenti passo passo durante il loro percorso lasciando comunque, caratteristica imprescindibile della nostra Accademia, pi\u00f9 spazio possibile alla loro creativit\u00e0 e alle loro esigenze espressive. Per conoscere meglio i nostri insegnanti visitate la pagina dello <a href=\"http:\/\/adg.it\/it\/staff\">staff<\/a>.<\/p>\n[\/spb_text_block] [\/spb_accordion_tab] [\/spb_accordion] [blank_spacer height=&#8221;30px&#8221; width=&#8221;1\/1&#8243; el_position=&#8221;first last&#8221;] [spb_single_image image=&#8221;13503&#8243; image_size=&#8221;full&#8221; frame=&#8221;noframe&#8221; intro_animation=&#8221;none&#8221; full_width=&#8221;no&#8221; lightbox=&#8221;no&#8221; image_link=&#8221;https:\/\/adg.it\/it\/prodotto\/tecniche-avanzate-disegno-pittura\/&#8221; link_target=&#8221;_self&#8221; width=&#8221;1\/1&#8243; el_position=&#8221;first last&#8221;] [blank_spacer height=&#8221;30px&#8221; width=&#8221;1\/1&#8243; el_position=&#8221;first last&#8221;] [spb_text_block title=&#8221;Contattaci&#8221; pb_margin_bottom=&#8221;no&#8221; pb_border_bottom=&#8221;no&#8221; width=&#8221;1\/1&#8243; el_position=&#8221;first last&#8221;]\n<div class=\"wpforms-container wpforms-container-full\" id=\"wpforms-18575\"><form id=\"wpforms-form-18575\" class=\"wpforms-validate wpforms-form wpforms-ajax-form\" data-formid=\"18575\" method=\"post\" enctype=\"multipart\/form-data\" action=\"\/it\/wp-json\/wp\/v2\/pages\/10948\" data-token=\"b252db015855706f15b22f8d5b6bb94b\" data-token-time=\"1775408317\"><noscript class=\"wpforms-error-noscript\">Abilita JavaScript nel browser per completare questo modulo.<\/noscript><div class=\"wpforms-field-container\"><div id=\"wpforms-18575-field_6-container\" class=\"wpforms-field wpforms-field-name\" data-field-id=\"6\"><label class=\"wpforms-field-label\">Nome <span class=\"wpforms-required-label\">*<\/span><\/label><div class=\"wpforms-field-row wpforms-field-large\"><div class=\"wpforms-field-row-block wpforms-first wpforms-one-half\"><input type=\"text\" id=\"wpforms-18575-field_6\" class=\"wpforms-field-name-first wpforms-field-required\" name=\"wpforms[fields][6][first]\" placeholder=\"Il tuo nome\" required><label for=\"wpforms-18575-field_6\" class=\"wpforms-field-sublabel after\">First<\/label><\/div><div class=\"wpforms-field-row-block wpforms-one-half\"><input type=\"text\" id=\"wpforms-18575-field_6-last\" class=\"wpforms-field-name-last wpforms-field-required\" name=\"wpforms[fields][6][last]\" placeholder=\"Il tuo cognome\" required><label for=\"wpforms-18575-field_6-last\" class=\"wpforms-field-sublabel after\">Last<\/label><\/div><\/div><\/div><div id=\"wpforms-18575-field_1-container\" class=\"wpforms-field wpforms-field-email\" data-field-id=\"1\"><label class=\"wpforms-field-label\" for=\"wpforms-18575-field_1\">Email <span class=\"wpforms-required-label\">*<\/span><\/label><input type=\"email\" id=\"wpforms-18575-field_1\" class=\"wpforms-field-large wpforms-field-required\" name=\"wpforms[fields][1]\" placeholder=\"La tua email\" spellcheck=\"false\" required><\/div><div id=\"wpforms-18575-field_2-container\" class=\"wpforms-field wpforms-field-textarea\" data-field-id=\"2\"><label class=\"wpforms-field-label\" for=\"wpforms-18575-field_2\">Messaggio <span class=\"wpforms-required-label\">*<\/span><\/label><textarea id=\"wpforms-18575-field_2\" class=\"wpforms-field-medium wpforms-field-required\" name=\"wpforms[fields][2]\" placeholder=\"Scrivi qui il tuo messaggio\" required><\/textarea><\/div><\/div><!-- .wpforms-field-container --><div class=\"wpforms-field wpforms-field-hp\"><label for=\"wpforms-18575-field-hp\" class=\"wpforms-field-label\">Message<\/label><input type=\"text\" name=\"wpforms[hp]\" id=\"wpforms-18575-field-hp\" class=\"wpforms-field-medium\"><\/div><div class=\"wpforms-submit-container\" ><input type=\"hidden\" name=\"wpforms[id]\" value=\"18575\"><input type=\"hidden\" name=\"page_title\" value=\"\"><input type=\"hidden\" name=\"page_url\" value=\"https:\/\/adg.it\/it\/wp-json\/wp\/v2\/pages\/10948\"><input type=\"hidden\" name=\"url_referer\" value=\"\"><button type=\"submit\" name=\"wpforms[submit]\" id=\"wpforms-submit-18575\" class=\"wpforms-submit\" data-alt-text=\"Sto inviando...\" data-submit-text=\"Invia\" aria-live=\"assertive\" value=\"wpforms-submit\">Invia<\/button><img loading=\"lazy\" decoding=\"async\" src=\"https:\/\/adg.it\/wp-content\/plugins\/wpforms\/assets\/images\/submit-spin.svg\" class=\"wpforms-submit-spinner\" style=\"display: none;\" width=\"26\" height=\"26\" alt=\"Caricamento\"><\/div><\/form><\/div>  <!-- .wpforms-container -->\n[\/spb_text_block] [\/spb_column]<\/p>\n","protected":false},"excerpt":{"rendered":"<p>[spb_column width=&#8221;2\/3&#8243; el_position=&#8221;first&#8221;] [spb_text_block title=&#8221;Arte per studenti avanzati&#8221; pb_margin_bottom=&#8221;no&#8221; pb_border_bottom=&#8221;no&#8221; width=&#8221;1\/1&#8243; el_position=&#8221;first last&#8221;] Questo corso di studi annuale \u00e8 stato pensato per gli studenti che sono determinati ad affrontare le pi\u00f9 grandi sfide artistiche attraverso un impianto pi\u00f9 ampio, comprendente tecniche, composizioni e problemi concettuali sempre pi\u00f9 complessi. Lavorando e producendo molteplice materiale, gli studenti accresceranno le loro capacit\u00e0 tecniche, [&hellip;]<\/p>\n","protected":false},"author":27,"featured_media":0,"parent":0,"menu_order":0,"comment_status":"closed","ping_status":"closed","template":"","meta":{"_joinchat":[],"footnotes":""},"class_list":["post-10948","page","type-page","status-publish","hentry"],"aioseo_notices":[],"_links":{"self":[{"href":"https:\/\/adg.it\/it\/wp-json\/wp\/v2\/pages\/10948","targetHints":{"allow":["GET"]}}],"collection":[{"href":"https:\/\/adg.it\/it\/wp-json\/wp\/v2\/pages"}],"about":[{"href":"https:\/\/adg.it\/it\/wp-json\/wp\/v2\/types\/page"}],"author":[{"embeddable":true,"href":"https:\/\/adg.it\/it\/wp-json\/wp\/v2\/users\/27"}],"replies":[{"embeddable":true,"href":"https:\/\/adg.it\/it\/wp-json\/wp\/v2\/comments?post=10948"}],"version-history":[{"count":2,"href":"https:\/\/adg.it\/it\/wp-json\/wp\/v2\/pages\/10948\/revisions"}],"predecessor-version":[{"id":25840,"href":"https:\/\/adg.it\/it\/wp-json\/wp\/v2\/pages\/10948\/revisions\/25840"}],"wp:attachment":[{"href":"https:\/\/adg.it\/it\/wp-json\/wp\/v2\/media?parent=10948"}],"curies":[{"name":"wp","href":"https:\/\/api.w.org\/{rel}","templated":true}]}}