{"id":10599,"date":"2015-08-18T13:49:58","date_gmt":"2015-08-18T13:49:58","guid":{"rendered":"http:\/\/adg.it\/it\/?page_id=10599"},"modified":"2023-01-11T15:32:21","modified_gmt":"2023-01-11T15:32:21","slug":"cookies-e-privacy","status":"publish","type":"page","link":"https:\/\/adg.it\/it\/cookies-e-privacy\/","title":{"rendered":"Cookies e Privacy"},"content":{"rendered":"[spb_text_block title=&#8221;Cookies e Privacy&#8221; pb_margin_bottom=&#8221;no&#8221; pb_border_bottom=&#8221;no&#8221; width=&#8221;1\/1&#8243; el_position=&#8221;first last&#8221;]\n<h3>Informativa sulla riservatezza<\/h3>\n<p>L&#8217;informativa sulla riservatezza \u00e8 stata progettata e predisposta ai sensi ed in attuazione della vigente normativa comunitaria ed italiana concernente la protezione dei dati personali delle persone e quindi, in particolare, delle seguenti norme:<\/p>\n<p>\u2013 Regolamento UE n. 679 del 27 aprile 2016 (GDPR) sul trattamento e sulla libera circolazione dei dati personali;<\/p>\n<p>\u2013 D. Lgs 30 giugno 2003, n. 196 (Codice in materia di protezione dei dati personali);<\/p>\n<p>Quali dati raccogliamo: non raccogliamo dati sensibili e non richiediamo registrazioni al sito per usufruire dei nostri servizi. Raccogliamo solamente nome e cognome, partita iva e indirizzo (se richiesta fatturazione), telefono, email, indirizzo IP: questi dati vengono utilizzati al solo scopo di comunicare con gli utenti via email, telefono o chat. Interagendo con il nostro sito, saranno registrati alcuni dati, che potranno poi essere mantenuti per un periodo limitato di tempo od a tempo indeterminato sul vostro computer in piccoli file di testo chiamati cookies (vedi sezione dedicata).<\/p>\n<p>A quale scopo raccogliamo i dati:<\/p>\n<p>&#8211; Quando acquisti qualcosa dal nostro negozio, come parte del processo di acquisto e vendita, raccogliamo le informazioni personali che ci fornisci come nome, indirizzo ed indirizzo email.<\/p>\n<p>&#8211; Quando navighi nel nostro negozio, riceviamo automaticamente anche l&#8217;indirizzo IP (Internet Protocol) del tuo computer per fornirci informazioni che ci aiutano a conoscere il tuo browser (programma che usi per navigare in internet) ed il tuo sistema operativo.<\/p>\n<p>&#8211; Email marketing (se applicabile): con la tua autorizzazione, potremmo inviarti e-mail sul nostro negozio, sui nuovi prodotti ed altri aggiornamenti.<\/p>\n<p>&#8211; Utilizziamo inoltre i tuoi dati per adempiere alle normative contabili, fiscali e di legge.<\/p>\n<p>Per quanto tempo conserviamo i dati: i dati relative all\u2019espletamento dell\u2019ordine, saranno conservati per 5 anni al fine di adempiere agli obblighi della normativa fiscale vigente, le email saranno conservate per un anno, a meno che non vi sia evidente volont\u00e0 di continuare a rimanere in contatto con le nostre proposte.<\/p>\n<p>Dove sono registrati i vostri dati<\/p>\n<p>Per poter correttamente funzionare il nostro sito e la nostra attivit\u00e0 online necessita di uno spazio di archiviazione detto hosting. Ci affidiamo a fornitori (hosting) certificati, i quali garantiscono i massimi standard di sicurezza, contro attacchi informatici e possibili violazioni dei dati contenuti nei loro server.<\/p>\n<p>Non richiediamo mai ed archiviamo dati che riportino, orientamenti politici, sessuali, religiosi, etnici, o simili.<\/p>\n<p>Quali azioni adottiamo per tenere al sicuro i dati: Per il trasferimento dei dati utilizziamo il sistema di sicurezza SSL (Secure Socket Layer) combinato con un algoritmo di cifratura a 128 bit che garantisce la massima protezione dei documenti.<\/p>\n<p>Le transazioni in denaro sono gestite dal servizio esterno Paypal.<\/p>\n<p>Quali sono le terze parti che ricevono i dati: nessuna.<\/p>\n<p>Conoscere i propri dati: \u00e8 sempre possibile da parte dell\u2019utente conoscere i dati personali in nostro possesso scrivendo ad info@adg.it<\/p>\n<p>Diritto all\u2019oblio: \u00e8 sempre possibile da parte dell\u2019utente cancellare i dati personali in nostro possesso scrivendo ad info@adg.it<\/p>\n<p>Chi \u00e8 il titolare dei dati: Accademia del Giglio di Pontenani Cecilia &amp; C. SNC, con sede legale a Firenze, via Ghibellina 116, 50122 Firenze, Italia. Telefono 0552302467, email info@adg.it.<\/p>\n<h3>Cosa sono i cookies<\/h3>\n<p>Gli utenti che visionano adg.it, vedranno inserite delle <strong>quantit\u00e0 minime di informazioni<\/strong> nei dispositivi in uso, che siano computer e periferiche mobili, in piccoli file di testo denominati \u201ccookie\u201d salvati nelle directory utilizzate dal browser web dell\u2019utente.\u00a0Vi sono <strong>vari tipi di cookie<\/strong>,\u00a0ma sostanzialmente lo scopo principale di un cookie \u00e8 quello di far funzionare pi\u00f9 efficacemente il sito e di abilitarne determinate funzionalit\u00e0.<\/p>\n<h3>I cookies presenti sul nostro sito servono per:<\/h3>\n<ul>\n<li>navigare il nostro sito in modo efficiente;<\/li>\n<li>misurare l\u2019utilizzo dei servizi da parte degli utenti, per ottimizzare l\u2019esperienza di navigazione e i servizi stessi;<\/li>\n<li>memorizzare il nome utente e le preferenze inserite;<\/li>\n<li>evitare di inserire le stesse informazioni (come nome utente e password) pi\u00f9 volte durante la visita;<\/li>\n<li>presentare informazioni pubblicitarie mirate in funzione degli interessi e del comportamento manifestato dall\u2019utente durante la navigazione.<\/li>\n<\/ul>\n<h3>Tipologia di cookies presenti nel nostro sito<\/h3>\n<ul>\n<li><strong>Cookie strettamente necessari o tecnici<\/strong>: i\u00a0cookies di questo tipo sono necessari per il corretto funzionamento di alcune aree del sito; senza questi cookies il nostro sito non sarebbe correttamente navigabile.\u00a0I cookies di questa tipologia vengono inviati dal nostro sito.<\/li>\n<li><strong>Cookies\u00a0analitici:<\/strong> questa tipologia di cookies viene utilizzata per raccogliere informazioni sull\u2019utilizzo del sito. Utilizziamo queste \u00a0informazioni per: \u00b7\u00a0\u00a0\u00a0\u00a0\u00a0\u00a0\u00a0\u00a0 analisi statistiche; \u00b7\u00a0\u00a0\u00a0\u00a0\u00a0\u00a0\u00a0\u00a0 per migliorare il sito, semplificarne l\u2019utilizzo e per migliorare i nostri servizi; \u00b7\u00a0\u00a0\u00a0\u00a0\u00a0\u00a0\u00a0\u00a0 per tenere monitorato il corretto funzionamento del sito. Questa tipologia di cookies <strong>raccoglie informazioni in forma anonima sull\u2019attivit\u00e0 degli utenti<\/strong> nel sito e sul modo in cui sono arrivati al sito e alle pagine visitate.\u00a0I cookies di questa tipologia vengono inviati dal nostro sito o da domini di terze parti.<\/li>\n<li><strong>Cookies\u00a0di\u00a0rilevamento\u00a0<\/strong><strong>di\u00a0terze\u00a0parti: <\/strong>i\u00a0cookies di questo tipo vengono utilizzati per raccogliere informazioni sull\u2019utilizzo del sito da parte dei visitatori, le parole chiave usate per raggiungere il sito, i siti Web visitati e le origini del traffico da cui provengono i visitatori per le campagne di marketing.\u00a0Possiamo utilizzare queste informazioni per compilare rapporti e migliorare il sito. I cookies raccolgono informazioni in forma anonima.\u00a0I cookies di questo tipo vengono inviati dal nostro sito o da domini di terze parti.<\/li>\n<li><strong>Cookies\u00a0per\u00a0l\u2019integrazione\u00a0<\/strong><strong>di\u00a0funzionalit\u00e0\u00a0di\u00a0terze\u00a0parti:<\/strong>\u00a0I cookies di questo tipo vengono utilizzati per integrare funzionalit\u00e0 di terze parti nel sito (ad esempio, moduli per i commenti o icone di social network che consentono ai visitatori di condividere il contenuto del sito).\u00a0I cookies di questa categoria possono essere inviati dai domini dei siti partner o che comunque offrono le funzionalit\u00e0 presenti nel sito.<\/li>\n<\/ul>\n<h3>Utilizzo dei cookies presenti su adg.it<\/h3>\n<p>L\u2019utente pu\u00f2 esprimere il consenso per tutte le tipologie di cookies presenti sul nostro sito come previsto dalla legge vigente tranne che per i cookie tecnici i quali sono strettamente necessari a far funzionare correttamente il sito. Il consenso avviene mediante specifiche configurazioni del browser e di programmi informatici o di dispositivi che siano di facile e chiara utilizzabilit\u00e0 per l\u2019utente.\u00a0\u00c8 possibile disabilitare in qualsiasi momento i cookies dal browser, ma questa operazione potrebbe impedire all\u2019utente di utilizzare alcune parti del nostro sito. adg.it\u00a0utilizza i servizi di Web Analytics forniti da Google. Le informazioni, completamente anonime, memorizzate nei cookies sono: data e ora di accesso al sito, ID univoco, ID di sessione. Questi dati vengono inviati ai server di Google dove sono installati i software Google Analytics per elaborare report relativi alle modalit\u00e0 di utilizzo di questo sito Web, alle attivit\u00e0 di web marketing, nonch\u00e9 per fornire al navigatore funzionalit\u00e0 e interazione durante la navigazione. Google potrebbe trasferire queste informazioni a terzi che trattino dati per loro nome e conto, o qualora ci\u00f2 sia imposto da norme imperative. L\u2019informativa completa, resa ai sensi dell\u2019art. 13 D. lgs. n. 196\/03, \u00e8 disponibile su <a href=\"http:\/\/www.google.it\/intl\/it\/policies\/\">http:\/\/www.google.it\/intl\/it\/policies\/<\/a>. Proseguendo la navigazione sul presente sito, dichiari di aver preso visione dell\u2019informativa di cui all\u2019art. 13 D. lgs. n. 196\/03 e manifesti il consenso informato al trattamento dei tuoi dati personali da parte di Google, con le modalit\u00e0 e ai fini sopraindicati.<\/p>\n<h3>Come si possono limitare o disabilitare i cookie?<\/h3>\n<p>Modificando le impostazioni del browser, puoi accettare o rifiutare i cookies o decidere di ricevere un messaggio di avviso prima di accettare un cookies dai siti Web visitati. \u00c8 possibile anche\u00a0eliminare tutti i cookies installati nella cartella dei cookies del tuo browser. Ciascun browser presenta procedure diverse per la gestione delle impostazioni. Clicca\u00a0su uno dei collegamenti sottostanti per ottenere istruzioni specifiche.<\/p>\n<ul>\n<li><a href=\"https:\/\/support.microsoft.com\/it-it\/help\/17442\/windows-internet-explorer-delete-manage-cookies\" target=\"_blank\" rel=\"noopener\">Internet Explorer<\/a><\/li>\n<li><a href=\"https:\/\/support.mozilla.org\/it\/kb\/Gestione%20dei%20cookie\" target=\"_blank\" rel=\"noopener\">Firefox<\/a><\/li>\n<li><a href=\"https:\/\/support.google.com\/chrome\/answer\/95647?hl=it\" target=\"_blank\" rel=\"noopener\">Chrome<\/a><\/li>\n<li><a href=\"https:\/\/support.apple.com\/it-it\/HT201265\" target=\"_blank\" rel=\"noopener\">Safari<\/a><\/li>\n<li><a href=\"https:\/\/tools.google.com\/dlpage\/gaoptout\/\">Google Analytics<\/a><\/li>\n<\/ul>\n<h3>Servizi di integrazione con i Social Network<\/h3>\n<p>Si tratta di servizi per interagire coi social network o con altre piattaforme di terze parti. Le interazioni e le informazioni acquisite sono soggette alle impostazioni privacy relative al social network o alla piattaforma in questione. Nel caso in cui sia installato un servizio di interazione con i social network, \u00e8 possibile che, anche nel caso in cui non si utilizzi il servizio, lo stesso raccolga dati di traffico relativi alle pagine in cui \u00e8 installato. Il pulsante \u201cMi Piace\u201d e i widget social di Facebook sono servizi forniti da Facebook Inc. Per visionare le informazioni sulla privacy \u00e8 possibile leggere la policy su https:\/\/www.facebook.com\/privacy\/explanation. Lo strumento Condividi installato nelle\u00a0pagine del sito \u00e8 un sistema di condivisione delle pagine web sui social network ed \u00e8 fornito da AddThis, Inc. \u00c8 possibile leggere la policy su http:\/\/www.addthis.com\/privacy\/privacy-policy. Altri social network:<\/p>\n<ul>\n<li><a href=\"http:\/\/twitter.com\/privacy\" target=\"_blank\" rel=\"noopener\">Twitter Privacy Policy<\/a><\/li>\n<li><a href=\"http:\/\/www.facebook.com\/about\/privacy\/\" target=\"_blank\" rel=\"noopener\">Facebook Privacy Policy<\/a><\/li>\n<li><a href=\"http:\/\/www.google.com\/privacy.html\" target=\"_blank\" rel=\"noopener\">Google Privacy Policy<\/a><\/li>\n<li><a href=\"http:\/\/www.linkedin.com\/static?key=privacy_policy\" target=\"_blank\" rel=\"noopener\">Linkedin Privacy Policy<\/a><\/li>\n<li><a href=\"https:\/\/www.thenewsletterplugin.com\/legal\/privacy\" target=\"_blank\" rel=\"noopener\">The Newsletter plugin Privacy Policy<\/a><\/li>\n<\/ul>\n<h3>Note<\/h3>\n<p>Questa pagina \u00e8 visibile, mediante link in tutte le pagine di adg.it\u00a0ai sensi dell\u2019art. 122 secondo comma del D.lgs. 196\/2003 e a seguito delle modalit\u00e0 semplificate per l\u2019informativa e l\u2019acquisizione del consenso per l\u2019uso dei cookie pubblicata sulla Gazzetta Ufficiale n.126 del 3 giugno 2014 e relativo registro dei provvedimenti n.229 dell\u20198 maggio 2014 e Regolamento UE n. 679 del 27 aprile 2016 (GDPR) sul trattamento e sulla libera circolazione dei dati personali.<\/p>\n[\/spb_text_block]\n","protected":false},"excerpt":{"rendered":"<p>[spb_text_block title=&#8221;Cookies e Privacy&#8221; pb_margin_bottom=&#8221;no&#8221; pb_border_bottom=&#8221;no&#8221; width=&#8221;1\/1&#8243; el_position=&#8221;first last&#8221;] Informativa sulla riservatezza L&#8217;informativa sulla riservatezza \u00e8 stata progettata e predisposta ai sensi ed in attuazione della vigente normativa comunitaria ed italiana concernente la protezione dei dati personali delle persone e quindi, in particolare, delle seguenti norme: \u2013 Regolamento UE n. 679 del 27 aprile 2016 (GDPR) sul trattamento e sulla [&hellip;]<\/p>\n","protected":false},"author":27,"featured_media":0,"parent":0,"menu_order":0,"comment_status":"closed","ping_status":"closed","template":"","meta":{"_joinchat":[],"footnotes":""},"class_list":["post-10599","page","type-page","status-publish","hentry"],"aioseo_notices":[],"_links":{"self":[{"href":"https:\/\/adg.it\/it\/wp-json\/wp\/v2\/pages\/10599","targetHints":{"allow":["GET"]}}],"collection":[{"href":"https:\/\/adg.it\/it\/wp-json\/wp\/v2\/pages"}],"about":[{"href":"https:\/\/adg.it\/it\/wp-json\/wp\/v2\/types\/page"}],"author":[{"embeddable":true,"href":"https:\/\/adg.it\/it\/wp-json\/wp\/v2\/users\/27"}],"replies":[{"embeddable":true,"href":"https:\/\/adg.it\/it\/wp-json\/wp\/v2\/comments?post=10599"}],"version-history":[{"count":0,"href":"https:\/\/adg.it\/it\/wp-json\/wp\/v2\/pages\/10599\/revisions"}],"wp:attachment":[{"href":"https:\/\/adg.it\/it\/wp-json\/wp\/v2\/media?parent=10599"}],"curies":[{"name":"wp","href":"https:\/\/api.w.org\/{rel}","templated":true}]}}