{"id":9121,"date":"2015-06-10T14:04:39","date_gmt":"2015-06-10T14:04:39","guid":{"rendered":"http:\/\/wp.adg.it\/?page_id=9121"},"modified":"2023-07-19T11:00:31","modified_gmt":"2023-07-19T11:00:31","slug":"contactez-nous","status":"publish","type":"page","link":"https:\/\/adg.it\/fr\/contactez-nous\/","title":{"rendered":"Contactez-nous"},"content":{"rendered":"[spb_raw_html width=\u00a0\u00bb1\/1&Prime; el_position=\u00a0\u00bbfirst last\u00a0\u00bb]JTNDaWZyYW1lJTIwc3JjJTNEJTIyaHR0cHMlM0ElMkYlMkZ3d3cuZ29vZ2xlLmNvbSUyRm1hcHMlMkZlbWJlZCUzRnBiJTNEJTIxMW0xOCUyMTFtMTIlMjExbTMlMjExZDI4ODEuMTA0MjUzNjYyMTI5NCUyMTJkMTEuMjU1ODgwNjE1NTAxNTglMjEzZDQzLjc3MDY5NDY3OTExNzQ3JTIxMm0zJTIxMWYwJTIxMmYwJTIxM2YwJTIxM20yJTIxMWkxMDI0JTIxMmk3NjglMjE0ZjEzLjElMjEzbTMlMjExbTIlMjExczB4MTMyYTU0MDEzNGM0YWJmMyUyNTNBMHg3OGVlY2E2Nzc1YWZlNDU1JTIxMnNBY2NhZGVtaWElMjUyMGRlbCUyNTIwR2lnbGlvJTIxNWUwJTIxM20yJTIxMXNpdCUyMTJzaXQlMjE0djE2ODcxODAxNzM5MDglMjE1bTIlMjExc2l0JTIxMnNpdCUyMiUyMHdpZHRoJTNEJTIyNjAwJTIyJTIwaGVpZ2h0JTNEJTIyNDUwJTIyJTIwc3R5bGUlM0QlMjJib3JkZXIlM0EwJTNCJTIyJTIwYWxsb3dmdWxsc2NyZWVuJTNEJTIyJTIyJTIwbG9hZGluZyUzRCUyMmxhenklMjIlMjByZWZlcnJlcnBvbGljeSUzRCUyMm5vLXJlZmVycmVyLXdoZW4tZG93bmdyYWRlJTIyJTNFJTNDJTJGaWZyYW1lJTNF[\/spb_raw_html] [blank_spacer height=\u00a0\u00bb60px\u00a0\u00bb width=\u00a0\u00bb1\/1&Prime; el_position=\u00a0\u00bbfirst last\u00a0\u00bb] [spb_text_block pb_margin_bottom=\u00a0\u00bbno\u00a0\u00bb pb_border_bottom=\u00a0\u00bbno\u00a0\u00bb width=\u00a0\u00bb1\/2&Prime; el_position=\u00a0\u00bbfirst\u00a0\u00bb]\n<h3 class=\"mt0\">Accademia del Giglio<\/h3>\n<p>Via Ghibellina 116<br \/>\n50122 Firenze<br \/>\nItalie<\/p>\n<p>T\u00e9l\u00e9phone: <strong><a href=\"tel:\/\/+393512754681\">+39-351-275-4681<\/a><\/strong> de 9h \u00e0 21h, du lundi au dimanche, aussi textos et WhatsApp<\/p>\n<p class=\"p1\">Num\u00e9ro de TVA intracommunautaire: 04633720489<\/p>\n<p class=\"p1\">Code PIC (Erasmus +): 941328353<\/p>\n<p class=\"p1\">Bureau des inscriptions ouvert du lundi au vendredi, de 9h \u00e0 17h.<\/p>\n<p>La <em>Accademia del Giglio<\/em>\u00a0est situ\u00e9e en face du Mus\u00e9e National du \u201cBargello\u201d, non loin de la cath\u00e9drale, \u201cil Duomo\u201d, et de l\u2019Hotel de Ville, \u201cil Palazzo Vecchio\u201d. Notre \u00e9cole se trouve dans la via\u00a0Ghibellina, 116 BLEU, au coin avec la via del Proconsolo.<\/p>\n<h3>Nos adresses de courrier \u00e9lectronique:<\/h3>\n<p><a href=\"mailto:info@adg.it\">info@adg.it<\/a>\u00a0ou\u00a0<a href=\"mailto:adg.assistance@gmail.com\">adg.assistance@gmail.com<\/a>\u00a0 Si vous ne recevez une r\u00e9ponse de notre part dans un d\u00e9lai de 24 heures, nous vous prions de nous recontacter, merci!<\/p>\n<h3>Nos r\u00e9seaux sociaux<\/h3>\n<ul class=\"social-icons large \">\n<li class=\"twitter\"><a href=\"http:\/\/www.twitter.com\/AccademiaGiglio\" target=\"_blank\"><i class=\"fab fa-twitter\"><\/i><i class=\"fab fa-twitter\"><\/i><\/a><\/li>\n<li class=\"facebook\"><a href=\"https:\/\/www.facebook.com\/AccademiaGiglio\" target=\"_blank\"><i class=\"fab fa-facebook\"><\/i><i class=\"fab fa-facebook\"><\/i><\/a><\/li>\n<li class=\"youtube\"><a href=\"https:\/\/www.youtube.com\/c\/accademiadelgiglio\" target=\"_blank\"><i class=\"fab fa-youtube\"><\/i><i class=\"fab fa-youtube\"><\/i><\/a><\/li>\n<li class=\"skype\"><a href=\"skype:adgskype\" target=\"_blank\"><i class=\"fab fa-skype\"><\/i><i class=\"fab fa-skype\"><\/i><\/a><\/li>\n<li class=\"linkedin\"><a href=\"https:\/\/www.linkedin.com\/company\/accademia-del-giglio\" target=\"_blank\"><i class=\"fab fa-linkedin\"><\/i><i class=\"fab fa-linkedin\"><\/i><\/a><\/li>\n<li class=\"flickr\"><a href=\"https:\/\/www.flickr.com\/photos\/adgblog\/\" target=\"_blank\"><i class=\"fab fa-flickr\"><\/i><i class=\"fab fa-flickr\"><\/i><\/a><\/li>\n<li class=\"pinterest\"><a href=\"http:\/\/www.pinterest.com\/adgblog\/\" target=\"_blank\"><i class=\"fab fa-pinterest\"><\/i><i class=\"fab fa-pinterest\"><\/i><\/a><\/li>\n<li class=\"foursquare\"><a href=\"https:\/\/it.foursquare.com\/v\/accademia-del-giglio\/4c970ab272dd224b6d69b191\" target=\"_blank\"><i class=\"fab fa-foursquare\"><\/i><i class=\"fab fa-foursquare\"><\/i><\/a><\/li>\n<li class=\"instagram\"><a href=\"http:\/\/instagram.com\/accademiadelgiglio\" target=\"_blank\"><i class=\"fab fa-instagram\"><\/i><i class=\"fab fa-instagram\"><\/i><\/a><\/li>\n<\/ul>\n\n[\/spb_text_block] [spb_text_block title=\u00a0\u00bbContactez-nous\u00a0\u00bb pb_margin_bottom=\u00a0\u00bbyes\u00a0\u00bb pb_border_bottom=\u00a0\u00bbno\u00a0\u00bb width=\u00a0\u00bb1\/2&Prime; el_position=\u00a0\u00bblast\u00a0\u00bb]\n<div class=\"wpforms-container wpforms-container-full\" id=\"wpforms-18575\"><form id=\"wpforms-form-18575\" class=\"wpforms-validate wpforms-form wpforms-ajax-form\" data-formid=\"18575\" method=\"post\" enctype=\"multipart\/form-data\" action=\"\/fr\/wp-json\/wp\/v2\/pages\/9121\" data-token=\"bb946c350c38a431fdbe783a8e6cab34\" data-token-time=\"1776249170\"><noscript class=\"wpforms-error-noscript\">Veuillez activer JavaScript dans votre navigateur pour remplir ce formulaire.<\/noscript><div class=\"wpforms-field-container\"><div id=\"wpforms-18575-field_6-container\" class=\"wpforms-field wpforms-field-name\" data-field-id=\"6\"><label class=\"wpforms-field-label\">Nom <span class=\"wpforms-required-label\">*<\/span><\/label><div class=\"wpforms-field-row wpforms-field-large\"><div class=\"wpforms-field-row-block wpforms-first wpforms-one-half\"><input type=\"text\" id=\"wpforms-18575-field_6\" class=\"wpforms-field-name-first wpforms-field-required\" name=\"wpforms[fields][6][first]\" placeholder=\"Votre pr\u00e9nom\" required><label for=\"wpforms-18575-field_6\" class=\"wpforms-field-sublabel after\">First<\/label><\/div><div class=\"wpforms-field-row-block wpforms-one-half\"><input type=\"text\" id=\"wpforms-18575-field_6-last\" class=\"wpforms-field-name-last wpforms-field-required\" name=\"wpforms[fields][6][last]\" placeholder=\"Votre nom\" required><label for=\"wpforms-18575-field_6-last\" class=\"wpforms-field-sublabel after\">Last<\/label><\/div><\/div><\/div><div id=\"wpforms-18575-field_1-container\" class=\"wpforms-field wpforms-field-email\" data-field-id=\"1\"><label class=\"wpforms-field-label\" for=\"wpforms-18575-field_1\">Courrier \u00e9lectronique <span class=\"wpforms-required-label\">*<\/span><\/label><input type=\"email\" id=\"wpforms-18575-field_1\" class=\"wpforms-field-large wpforms-field-required\" name=\"wpforms[fields][1]\" placeholder=\"Votre adresse \u00e9lectronique\" spellcheck=\"false\" required><\/div><div id=\"wpforms-18575-field_2-container\" class=\"wpforms-field wpforms-field-textarea\" data-field-id=\"2\"><label class=\"wpforms-field-label\" for=\"wpforms-18575-field_2\">Message <span class=\"wpforms-required-label\">*<\/span><\/label><textarea id=\"wpforms-18575-field_2\" class=\"wpforms-field-medium wpforms-field-required\" name=\"wpforms[fields][2]\" placeholder=\"\u00c9crivez ici votre message\" required><\/textarea><\/div><\/div><!-- .wpforms-field-container --><div class=\"wpforms-field wpforms-field-hp\"><label for=\"wpforms-18575-field-hp\" class=\"wpforms-field-label\">Phone<\/label><input type=\"text\" name=\"wpforms[hp]\" id=\"wpforms-18575-field-hp\" class=\"wpforms-field-medium\"><\/div><div class=\"wpforms-submit-container\" ><input type=\"hidden\" name=\"wpforms[id]\" value=\"18575\"><input type=\"hidden\" name=\"page_title\" value=\"\"><input type=\"hidden\" name=\"page_url\" value=\"https:\/\/adg.it\/fr\/wp-json\/wp\/v2\/pages\/9121\"><input type=\"hidden\" name=\"url_referer\" value=\"\"><button type=\"submit\" name=\"wpforms[submit]\" id=\"wpforms-submit-18575\" class=\"wpforms-submit\" data-alt-text=\"Envoyer\" data-submit-text=\"Envoyer\" aria-live=\"assertive\" value=\"wpforms-submit\">Envoyer<\/button><img loading=\"lazy\" decoding=\"async\" src=\"https:\/\/adg.it\/wp-content\/plugins\/wpforms\/assets\/images\/submit-spin.svg\" class=\"wpforms-submit-spinner\" style=\"display: none;\" width=\"26\" height=\"26\" alt=\"Chargement en cours\"><\/div><\/form><\/div>  <!-- .wpforms-container -->\n[\/spb_text_block] [blank_spacer height=\u00a0\u00bb31px\u00a0\u00bb width=\u00a0\u00bb1\/1&Prime; el_position=\u00a0\u00bbfirst last\u00a0\u00bb]\n","protected":false},"excerpt":{"rendered":"<p>[spb_raw_html width=\u00a0\u00bb1\/1&Prime; el_position=\u00a0\u00bbfirst last\u00a0\u00bb]JTNDaWZyYW1lJTIwc3JjJTNEJTIyaHR0cHMlM0ElMkYlMkZ3d3cuZ29vZ2xlLmNvbSUyRm1hcHMlMkZlbWJlZCUzRnBiJTNEJTIxMW0xOCUyMTFtMTIlMjExbTMlMjExZDI4ODEuMTA0MjUzNjYyMTI5NCUyMTJkMTEuMjU1ODgwNjE1NTAxNTglMjEzZDQzLjc3MDY5NDY3OTExNzQ3JTIxMm0zJTIxMWYwJTIxMmYwJTIxM2YwJTIxM20yJTIxMWkxMDI0JTIxMmk3NjglMjE0ZjEzLjElMjEzbTMlMjExbTIlMjExczB4MTMyYTU0MDEzNGM0YWJmMyUyNTNBMHg3OGVlY2E2Nzc1YWZlNDU1JTIxMnNBY2NhZGVtaWElMjUyMGRlbCUyNTIwR2lnbGlvJTIxNWUwJTIxM20yJTIxMXNpdCUyMTJzaXQlMjE0djE2ODcxODAxNzM5MDglMjE1bTIlMjExc2l0JTIxMnNpdCUyMiUyMHdpZHRoJTNEJTIyNjAwJTIyJTIwaGVpZ2h0JTNEJTIyNDUwJTIyJTIwc3R5bGUlM0QlMjJib3JkZXIlM0EwJTNCJTIyJTIwYWxsb3dmdWxsc2NyZWVuJTNEJTIyJTIyJTIwbG9hZGluZyUzRCUyMmxhenklMjIlMjByZWZlcnJlcnBvbGljeSUzRCUyMm5vLXJlZmVycmVyLXdoZW4tZG93bmdyYWRlJTIyJTNFJTNDJTJGaWZyYW1lJTNF[\/spb_raw_html] [blank_spacer height=\u00a0\u00bb60px\u00a0\u00bb width=\u00a0\u00bb1\/1&Prime; el_position=\u00a0\u00bbfirst last\u00a0\u00bb] [spb_text_block pb_margin_bottom=\u00a0\u00bbno\u00a0\u00bb pb_border_bottom=\u00a0\u00bbno\u00a0\u00bb width=\u00a0\u00bb1\/2&Prime; el_position=\u00a0\u00bbfirst\u00a0\u00bb] Accademia del Giglio Via Ghibellina 116 50122 Firenze Italie T\u00e9l\u00e9phone: +39-351-275-4681 de 9h \u00e0 21h, du lundi au dimanche, aussi textos et WhatsApp Num\u00e9ro de TVA intracommunautaire: 04633720489 Code PIC (Erasmus +): 941328353 Bureau des inscriptions ouvert du lundi au vendredi, de 9h \u00e0 17h. La [&hellip;]<\/p>\n","protected":false},"author":27,"featured_media":0,"parent":0,"menu_order":0,"comment_status":"closed","ping_status":"closed","template":"","meta":{"_joinchat":[],"footnotes":""},"class_list":["post-9121","page","type-page","status-publish","hentry"],"aioseo_notices":[],"_links":{"self":[{"href":"https:\/\/adg.it\/fr\/wp-json\/wp\/v2\/pages\/9121","targetHints":{"allow":["GET"]}}],"collection":[{"href":"https:\/\/adg.it\/fr\/wp-json\/wp\/v2\/pages"}],"about":[{"href":"https:\/\/adg.it\/fr\/wp-json\/wp\/v2\/types\/page"}],"author":[{"embeddable":true,"href":"https:\/\/adg.it\/fr\/wp-json\/wp\/v2\/users\/27"}],"replies":[{"embeddable":true,"href":"https:\/\/adg.it\/fr\/wp-json\/wp\/v2\/comments?post=9121"}],"version-history":[{"count":0,"href":"https:\/\/adg.it\/fr\/wp-json\/wp\/v2\/pages\/9121\/revisions"}],"wp:attachment":[{"href":"https:\/\/adg.it\/fr\/wp-json\/wp\/v2\/media?parent=9121"}],"curies":[{"name":"wp","href":"https:\/\/api.w.org\/{rel}","templated":true}]}}