{"id":8352,"date":"2015-05-20T14:22:36","date_gmt":"2015-05-20T14:22:36","guid":{"rendered":"http:\/\/wp.adg.it\/?page_id=8352"},"modified":"2025-02-03T13:14:49","modified_gmt":"2025-02-03T13:14:49","slug":"cours-de-fresque","status":"publish","type":"page","link":"https:\/\/adg.it\/fr\/cours-de-fresque\/","title":{"rendered":"Cours de fresque"},"content":{"rendered":"<p>[spb_column width=\u00a0\u00bb2\/3&Prime; el_position=\u00a0\u00bbfirst\u00a0\u00bb] [spb_text_block title=\u00a0\u00bbL&rsquo;une des techniques de peinture les plus anciennes\u00a0\u00bb pb_margin_bottom=\u00a0\u00bbno\u00a0\u00bb pb_border_bottom=\u00a0\u00bbno\u00a0\u00bb width=\u00a0\u00bb1\/1&Prime; el_position=\u00a0\u00bbfirst last\u00a0\u00bb]\n<p>Le fresque est l&rsquo;une des techniques de peinture les plus anciennes. Il fut invent\u00e9 par les egyptiens qui plus tard l&rsquo;introduirent en Gr\u00e8ce. Toutefois, c&rsquo;est au 14\u00e9me si\u00e8cle que, gr\u00e2ce aussi au peintre Giotto, la technique du fresque devient de plus en plus importante parmi les beaux-arts.<\/p>\n<p>La particularit\u00e9 du fresque demeure probablement dans sa difficult\u00e9 de r\u00e9alisation: le <strong>pigment<\/strong> se fixant rapidement sur le <strong>pl\u00e2tre encore frais<\/strong> (le mot fresque d\u00e9rive du mot italien \u00ab\u00a0fresco\u00a0\u00bb qui signifie frais) \u00e0 travers un proc\u00e9d\u00e9 chimique de coh\u00e9sion ne permet pas de fautes, ni de corrections. Cette op\u00e9ration, qui doit \u00eatre rep\u00e9t\u00e9e plusieurs fois pendant la journ\u00e9e, cr\u00e9e ainsi des couleurs chaudes et nuanc\u00e9es.<\/p>\n<p>Etant donn\u00e9 la complexit\u00e9 de cette technique le cours est adress\u00e9 \u00e0 ces \u00e9l\u00e8ves qui ont d\u00e8j\u00e0 fr\u00e9quent\u00e9 les premi\u00e8res trois unit\u00e9s de notre programme de beaux-arts ou bien qui ont acquis une <strong>pr\u00e9paration technique de base<\/strong>.<\/p>\n<p>Le cours a une dur\u00e9e flexible <strong>de 1 \u00e0 12 semaines <\/strong>et il est<strong> aussi disponible en langue fran\u00e7aise<\/strong>. Deux options sont possibles: soit <strong>14 heures par semaine<\/strong>, soit <strong>20 heures par semaine<\/strong> (normalement du lundi au jeudi).<\/p>\n<p>Nombre maximum de participants: 7.<\/p>\n[\/spb_text_block] [sf_gallery gallery_id=\u00a0\u00bb6314&Prime; slider_transition=\u00a0\u00bbfade\u00a0\u00bb show_thumbs=\u00a0\u00bbyes\u00a0\u00bb autoplay=\u00a0\u00bbyes\u00a0\u00bb show_captions=\u00a0\u00bbyes\u00a0\u00bb enable_lightbox=\u00a0\u00bbyes\u00a0\u00bb width=\u00a0\u00bb1\/1&Prime; el_position=\u00a0\u00bbfirst last\u00a0\u00bb] [boxed_content type=\u00a0\u00bbcoloured\u00a0\u00bb pb_margin_bottom=\u00a0\u00bbno\u00a0\u00bb width=\u00a0\u00bb1\/1&Prime; el_position=\u00a0\u00bbfirst last\u00a0\u00bb]\n<p><strong>Prix<\/strong><\/p>\n[\/boxed_content] [spb_accordion width=\u00a0\u00bb1\/1&Prime; el_position=\u00a0\u00bbfirst last\u00a0\u00bb] [spb_accordion_tab title=\u00a0\u00bbCours de techniques de fresque\u00a0\u00bb accordion_id=\u00a0\u00bb\u00a0\u00bb icon=\u00a0\u00bb\u00a0\u00bb] [spb_text_block title=\u00a0\u00bb14 heures par semaine\u00a0\u00bb pb_margin_bottom=\u00a0\u00bbno\u00a0\u00bb pb_border_bottom=\u00a0\u00bbno\u00a0\u00bb width=\u00a0\u00bb1\/1&Prime; el_position=\u00a0\u00bbfirst last\u00a0\u00bb]\n<p>FC1, 1 semaine, 14 heures \u20ac400<br \/>\nFC2, 2 semaines, 28 heures \u20ac590<br \/>\nFC4, 4 semaines, 56 heures \u20ac990<br \/>\nFC12, 12 semaines, 168 heures \u20ac2790<\/p>\n[\/spb_text_block] [spb_text_block title=\u00a0\u00bb20 heures par semaine\u00a0\u00bb pb_margin_bottom=\u00a0\u00bbno\u00a0\u00bb pb_border_bottom=\u00a0\u00bbno\u00a0\u00bb width=\u00a0\u00bb1\/1&Prime; el_position=\u00a0\u00bbfirst last\u00a0\u00bb]\n<p>FC1, 1 semaine, 20 heures \u20ac460<br \/>\nFC2, 2 semaines, 40 heures \u20ac790<br \/>\nFC4, 4 semaines, 80 heures \u20ac1320<br \/>\nFC12, 12 semaines, 240 heures \u20ac3790<\/p>\n[\/spb_text_block] [\/spb_accordion_tab] [spb_accordion_tab title=\u00a0\u00bbInclus dans le prix\u00a0\u00bb accordion_id=\u00a0\u00bb\u00a0\u00bb icon=\u00a0\u00bb\u00a0\u00bb] [spb_text_block pb_margin_bottom=\u00a0\u00bbno\u00a0\u00bb pb_border_bottom=\u00a0\u00bbno\u00a0\u00bb width=\u00a0\u00bb1\/1&Prime; el_position=\u00a0\u00bbfirst last\u00a0\u00bb]\n<ul>\n<li>Le mat\u00e9riel d\u2019enseignement, <strong>\u00e0 l&rsquo;exception des pinceaux et des couleurs.<\/strong><\/li>\n<li>Le certificat d&rsquo;assiduit\u00e9.<\/li>\n<\/ul>\n[\/spb_text_block] [\/spb_accordion_tab] [spb_accordion_tab title=\u00a0\u00bbEmploi du temps et dates\u00a0\u00bb accordion_id=\u00a0\u00bb\u00a0\u00bb icon=\u00a0\u00bb\u00a0\u00bb] [spb_text_block pb_margin_bottom=\u00a0\u00bbno\u00a0\u00bb pb_border_bottom=\u00a0\u00bbno\u00a0\u00bb width=\u00a0\u00bb1\/1&Prime; el_position=\u00a0\u00bbfirst last\u00a0\u00bb]\n<ul>\n<li>Programme de 20 heures par semaine : 11h30-13h et 13h30-17h lun-jeu.<\/li>\n<li>Programme de 14 heures par semaine : 13h30-17h lun-jeu (option apr\u00e8s-midi) ou 10h-13h lun-jeu + 11h-13h ven (option matin).<\/li>\n<\/ul>\n<p>Il est possible de commencer les cours Fresco tous les lundis.<\/p>\n[\/spb_text_block] [\/spb_accordion_tab] [spb_accordion_tab title=\u00a0\u00bbGroupes d\u00e9j\u00e0 form\u00e9s\u00a0\u00bb accordion_id=\u00a0\u00bb\u00a0\u00bb icon=\u00a0\u00bb\u00a0\u00bb] [spb_text_block pb_margin_bottom=\u00a0\u00bbno\u00a0\u00bb pb_border_bottom=\u00a0\u00bbno\u00a0\u00bb width=\u00a0\u00bb1\/1&Prime; el_position=\u00a0\u00bbfirst last\u00a0\u00bb]\n<p>Si vous avez besoin \u00a0d&rsquo;un devis pour un groupe d\u00e9j\u00e0 form\u00e9, nous vous prions de nous contacter en sp\u00e9cifiant les dates, la dur\u00e9e du cours ainsi que le nombre des participants. Nous vous r\u00e9pondrons en vous fournissant un devis et tous les d\u00e9tails du cours de fresque que vous d\u00e9sirez pour votre groupe.<\/p>\n[\/spb_text_block] [\/spb_accordion_tab] [spb_accordion_tab title=\u00a0\u00bbNotez bien SVP\u00a0\u00bb accordion_id=\u00a0\u00bb\u00a0\u00bb icon=\u00a0\u00bb\u00a0\u00bb] [spb_text_block pb_margin_bottom=\u00a0\u00bbno\u00a0\u00bb pb_border_bottom=\u00a0\u00bbno\u00a0\u00bb width=\u00a0\u00bb1\/1&Prime; el_position=\u00a0\u00bbfirst last\u00a0\u00bb]\n<p>Si \u00e0 la fin du cours vous desirez emmener avec vous un ou plusieurs de vos fresques r\u00e9alis\u00e9s sur les tuiles, vous devrez payer 10 Euro pour chaque tuile grande et 5 Euro pour chaque tuile petite.<\/p>\n[\/spb_text_block] [\/spb_accordion_tab] [\/spb_accordion] [\/spb_column] [spb_column width=\u00a0\u00bb1\/3&Prime; el_position=\u00a0\u00bblast\u00a0\u00bb] [spb_single_image image=\u00a0\u00bb6781&Prime; image_size=\u00a0\u00bbfull\u00a0\u00bb frame=\u00a0\u00bbshadowframe\u00a0\u00bb intro_animation=\u00a0\u00bbnone\u00a0\u00bb full_width=\u00a0\u00bbno\u00a0\u00bb lightbox=\u00a0\u00bbyes\u00a0\u00bb link_target=\u00a0\u00bb_self\u00a0\u00bb width=\u00a0\u00bb1\/1&Prime; el_position=\u00a0\u00bbfirst last\u00a0\u00bb] [boxed_content type=\u00a0\u00bbcoloured\u00a0\u00bb pb_margin_bottom=\u00a0\u00bbno\u00a0\u00bb width=\u00a0\u00bb1\/1&Prime; el_position=\u00a0\u00bbfirst last\u00a0\u00bb]\n<p>Le fresque \u00e9tape par \u00e9tape<\/p>\n[\/boxed_content] [spb_accordion width=\u00a0\u00bb1\/1&Prime; el_position=\u00a0\u00bbfirst last\u00a0\u00bb] [spb_accordion_tab title=\u00a0\u00bbArriccio\u00a0\u00bb accordion_id=\u00a0\u00bb\u00a0\u00bb icon=\u00a0\u00bb\u00a0\u00bb] [spb_text_block pb_margin_bottom=\u00a0\u00bbno\u00a0\u00bb pb_border_bottom=\u00a0\u00bbno\u00a0\u00bb width=\u00a0\u00bb1\/1&Prime; el_position=\u00a0\u00bbfirst last\u00a0\u00bb]\n<p><strong>Le cr\u00e9pi (arriccio)<\/strong><br \/>\nIl faut \u00e9tendre sur le mur ou la tuile le mortier, un m\u00e9lange de sable et de chaux, que les peintres appellent aussi le cr\u00e9pi. Apr\u00e8s avoir rep\u00e9t\u00e9 cette op\u00e9ration on passe \u00e0 l&rsquo;\u00e9tendage du pl\u00e2tre, un m\u00e9lange de sable fin et de chaux.<\/p>\n[\/spb_text_block] [\/spb_accordion_tab] [spb_accordion_tab title=\u00a0\u00bbPonc\u00e9\u00a0\u00bb accordion_id=\u00a0\u00bb\u00a0\u00bb icon=\u00a0\u00bb\u00a0\u00bb] [spb_text_block pb_margin_bottom=\u00a0\u00bbno\u00a0\u00bb pb_border_bottom=\u00a0\u00bbno\u00a0\u00bb width=\u00a0\u00bb1\/1&Prime; el_position=\u00a0\u00bbfirst last\u00a0\u00bb]\n<p>On \u00e9bauche un dessin sur <strong>un carton pr\u00e9paratoire<\/strong>. Le dessin est cribl\u00e9 de trous le long de ses contours et il est ainsi pr\u00eat pour \u00eatre ponc\u00e9 sur le pl\u00e2tre.<\/p>\n[\/spb_text_block] [\/spb_accordion_tab] [spb_accordion_tab title=\u00a0\u00bbSinopia\u00a0\u00bb accordion_id=\u00a0\u00bb\u00a0\u00bb icon=\u00a0\u00bb\u00a0\u00bb] [spb_text_block pb_margin_bottom=\u00a0\u00bbno\u00a0\u00bb pb_border_bottom=\u00a0\u00bbno\u00a0\u00bb width=\u00a0\u00bb1\/1&Prime; el_position=\u00a0\u00bbfirst last\u00a0\u00bb]\n<p>Le r\u00e9sultat de cette op\u00e9ration est la \u00ab\u00a0<strong>sinopia<\/strong>\u00a0\u00bb qui appara\u00eet sur le pl\u00e2tre. Il s&rsquo;agit maintenant d&rsquo;organiser la peinture en divisant la sinopia en plusieurs parties. Chaque partie sera ainsi peinte par la suite pendant une s\u00e9ance.<\/p>\n[\/spb_text_block] [\/spb_accordion_tab] [spb_accordion_tab title=\u00a0\u00bbIntonachino\u00a0\u00bb accordion_id=\u00a0\u00bb\u00a0\u00bb icon=\u00a0\u00bb\u00a0\u00bb] [spb_text_block pb_margin_bottom=\u00a0\u00bbno\u00a0\u00bb pb_border_bottom=\u00a0\u00bbno\u00a0\u00bb width=\u00a0\u00bb1\/1&Prime; el_position=\u00a0\u00bbfirst last\u00a0\u00bb]\n<p>On \u00e9tend finalement le \u00ab\u00a0<strong>intonachino<\/strong>\u00ab\u00a0, une derni\u00e8re couche de pl\u00e2tre compos\u00e9 de chaux \u00e9teinte et de sable tamis\u00e9, que l&rsquo;on lissera avec soin au moyen d&rsquo;une truelle pour qu&rsquo;on puisse ensuite commencer \u00e0 y peindre dessus.<\/p>\n[\/spb_text_block] [\/spb_accordion_tab] [spb_accordion_tab title=\u00a0\u00bbPeinture\u00a0\u00bb accordion_id=\u00a0\u00bb\u00a0\u00bb icon=\u00a0\u00bb\u00a0\u00bb] [spb_text_block pb_margin_bottom=\u00a0\u00bbno\u00a0\u00bb pb_border_bottom=\u00a0\u00bbno\u00a0\u00bb width=\u00a0\u00bb1\/1&Prime; el_position=\u00a0\u00bbfirst last\u00a0\u00bb]\n<p>La surface est maintenant pr\u00eate pour \u00eatre peinte. Le fresque est finalment r\u00e9alis\u00e9.<\/p>\n[\/spb_text_block] [\/spb_accordion_tab] [spb_accordion_tab title=\u00a0\u00bbSgraffito\u00a0\u00bb accordion_id=\u00a0\u00bb\u00a0\u00bb icon=\u00a0\u00bb\u00a0\u00bb] [spb_text_block pb_margin_bottom=\u00a0\u00bbno\u00a0\u00bb pb_border_bottom=\u00a0\u00bbno\u00a0\u00bb width=\u00a0\u00bb1\/1&Prime; el_position=\u00a0\u00bbfirst last\u00a0\u00bb]\n<p>Suivant votre demande il est aussi possible d&rsquo;apprendre des techniques de fresque particuli\u00e8res, telle que le \u00ab\u00a0sgraffito\u00a0\u00bb ou \u00ab\u00a0sgraffite\u00a0\u00bb. Il s&rsquo;agit d&rsquo;une technique qui se r\u00e9alise avec l&rsquo;application de plusieurs couches\u00a0d&rsquo;enduit de couleurs contrast\u00e9es ou d&rsquo;une m\u00eame couleur dans un ton plus ou moins soutenu. Apr\u00e8s que les enduits ont pris,\u00a0on applique le poncif. Ensuite avec un couteau on gratte\u00a0les couches\u00a0suivant le dessin ou la d\u00e9coration qu&rsquo;on veut cr\u00e9er.<\/p>\n[\/spb_text_block] [\/spb_accordion_tab] [\/spb_accordion] [boxed_content type=\u00a0\u00bbcoloured\u00a0\u00bb pb_margin_bottom=\u00a0\u00bbno\u00a0\u00bb width=\u00a0\u00bb1\/1&Prime; el_position=\u00a0\u00bbfirst last\u00a0\u00bb]\n<p>Mat\u00e9riel du cours<\/p>\n[\/boxed_content] [spb_toggle title=\u00a0\u00bbPour le fresque\u00a0\u00bb open=\u00a0\u00bbfalse\u00a0\u00bb width=\u00a0\u00bb1\/1&Prime; el_position=\u00a0\u00bbfirst last\u00a0\u00bb]\n<p>Les pigments et les pinceaux ont un co\u00fbt approximatif de 40-45\u00a0Euros. Nos \u00e9tudiants peuvent b\u00e9n\u00e9ficier de r\u00e9ductions dans les meilleurs magasins de mat\u00e9riel d&rsquo;art \u00e0 Florence, montrant notre carte \u00e9tudiante.<\/p>\n<p>Si vous n&rsquo;avez pas le mat\u00e9riel pour votre cours, ne vous souciez pas; le premier jour \u00e0 l&rsquo;\u00e9cole l&rsquo;enseigant d&rsquo;art vous conseillera o\u00f9 acheter ce dont vous avez besoin.<\/p>\n[\/spb_toggle] [blank_spacer height=\u00a0\u00bb30px\u00a0\u00bb width=\u00a0\u00bb1\/1&Prime; el_position=\u00a0\u00bbfirst last\u00a0\u00bb] [spb_text_block title=\u00a0\u00bbContact us\u00a0\u00bb pb_margin_bottom=\u00a0\u00bbno\u00a0\u00bb pb_border_bottom=\u00a0\u00bbno\u00a0\u00bb width=\u00a0\u00bb1\/1&Prime; el_position=\u00a0\u00bbfirst last\u00a0\u00bb]\n<div class=\"wpforms-container wpforms-container-full\" id=\"wpforms-18575\"><form id=\"wpforms-form-18575\" class=\"wpforms-validate wpforms-form wpforms-ajax-form\" data-formid=\"18575\" method=\"post\" enctype=\"multipart\/form-data\" action=\"\/fr\/wp-json\/wp\/v2\/pages\/8352\" data-token=\"d736e316fd133aefeed49375b426b5a2\" data-token-time=\"1775910066\"><noscript class=\"wpforms-error-noscript\">Veuillez activer JavaScript dans votre navigateur pour remplir ce formulaire.<\/noscript><div class=\"wpforms-field-container\"><div id=\"wpforms-18575-field_6-container\" class=\"wpforms-field wpforms-field-name\" data-field-id=\"6\"><label class=\"wpforms-field-label\">Nom <span class=\"wpforms-required-label\">*<\/span><\/label><div class=\"wpforms-field-row wpforms-field-large\"><div class=\"wpforms-field-row-block wpforms-first wpforms-one-half\"><input type=\"text\" id=\"wpforms-18575-field_6\" class=\"wpforms-field-name-first wpforms-field-required\" name=\"wpforms[fields][6][first]\" placeholder=\"Votre pr\u00e9nom\" required><label for=\"wpforms-18575-field_6\" class=\"wpforms-field-sublabel after\">First<\/label><\/div><div class=\"wpforms-field-row-block wpforms-one-half\"><input type=\"text\" id=\"wpforms-18575-field_6-last\" class=\"wpforms-field-name-last wpforms-field-required\" name=\"wpforms[fields][6][last]\" placeholder=\"Votre nom\" required><label for=\"wpforms-18575-field_6-last\" class=\"wpforms-field-sublabel after\">Last<\/label><\/div><\/div><\/div><div id=\"wpforms-18575-field_1-container\" class=\"wpforms-field wpforms-field-email\" data-field-id=\"1\"><label class=\"wpforms-field-label\" for=\"wpforms-18575-field_1\">Courrier \u00e9lectronique <span class=\"wpforms-required-label\">*<\/span><\/label><input type=\"email\" id=\"wpforms-18575-field_1\" class=\"wpforms-field-large wpforms-field-required\" name=\"wpforms[fields][1]\" placeholder=\"Votre adresse \u00e9lectronique\" spellcheck=\"false\" required><\/div><div id=\"wpforms-18575-field_2-container\" class=\"wpforms-field wpforms-field-textarea\" data-field-id=\"2\"><label class=\"wpforms-field-label\" for=\"wpforms-18575-field_2\">Message <span class=\"wpforms-required-label\">*<\/span><\/label><textarea id=\"wpforms-18575-field_2\" class=\"wpforms-field-medium wpforms-field-required\" name=\"wpforms[fields][2]\" placeholder=\"\u00c9crivez ici votre message\" required><\/textarea><\/div><\/div><!-- .wpforms-field-container --><div class=\"wpforms-field wpforms-field-hp\"><label for=\"wpforms-18575-field-hp\" class=\"wpforms-field-label\">Name<\/label><input type=\"text\" name=\"wpforms[hp]\" id=\"wpforms-18575-field-hp\" class=\"wpforms-field-medium\"><\/div><div class=\"wpforms-submit-container\" ><input type=\"hidden\" name=\"wpforms[id]\" value=\"18575\"><input type=\"hidden\" name=\"page_title\" value=\"\"><input type=\"hidden\" name=\"page_url\" value=\"https:\/\/adg.it\/fr\/wp-json\/wp\/v2\/pages\/8352\"><input type=\"hidden\" name=\"url_referer\" value=\"\"><button type=\"submit\" name=\"wpforms[submit]\" id=\"wpforms-submit-18575\" class=\"wpforms-submit\" data-alt-text=\"Envoyer\" data-submit-text=\"Envoyer\" aria-live=\"assertive\" value=\"wpforms-submit\">Envoyer<\/button><img loading=\"lazy\" decoding=\"async\" src=\"https:\/\/adg.it\/wp-content\/plugins\/wpforms\/assets\/images\/submit-spin.svg\" class=\"wpforms-submit-spinner\" style=\"display: none;\" width=\"26\" height=\"26\" alt=\"Chargement en cours\"><\/div><\/form><\/div>  <!-- .wpforms-container -->\n[\/spb_text_block] [\/spb_column]<\/p>\n","protected":false},"excerpt":{"rendered":"<p>[spb_column width=\u00a0\u00bb2\/3&Prime; el_position=\u00a0\u00bbfirst\u00a0\u00bb] [spb_text_block title=\u00a0\u00bbL&rsquo;une des techniques de peinture les plus anciennes\u00a0\u00bb pb_margin_bottom=\u00a0\u00bbno\u00a0\u00bb pb_border_bottom=\u00a0\u00bbno\u00a0\u00bb width=\u00a0\u00bb1\/1&Prime; el_position=\u00a0\u00bbfirst last\u00a0\u00bb] Le fresque est l&rsquo;une des techniques de peinture les plus anciennes. Il fut invent\u00e9 par les egyptiens qui plus tard l&rsquo;introduirent en Gr\u00e8ce. Toutefois, c&rsquo;est au 14\u00e9me si\u00e8cle que, gr\u00e2ce aussi au peintre Giotto, la technique du fresque devient de plus en plus [&hellip;]<\/p>\n","protected":false},"author":27,"featured_media":0,"parent":0,"menu_order":0,"comment_status":"closed","ping_status":"closed","template":"","meta":{"_joinchat":[],"footnotes":""},"class_list":["post-8352","page","type-page","status-publish","hentry"],"aioseo_notices":[],"_links":{"self":[{"href":"https:\/\/adg.it\/fr\/wp-json\/wp\/v2\/pages\/8352","targetHints":{"allow":["GET"]}}],"collection":[{"href":"https:\/\/adg.it\/fr\/wp-json\/wp\/v2\/pages"}],"about":[{"href":"https:\/\/adg.it\/fr\/wp-json\/wp\/v2\/types\/page"}],"author":[{"embeddable":true,"href":"https:\/\/adg.it\/fr\/wp-json\/wp\/v2\/users\/27"}],"replies":[{"embeddable":true,"href":"https:\/\/adg.it\/fr\/wp-json\/wp\/v2\/comments?post=8352"}],"version-history":[{"count":2,"href":"https:\/\/adg.it\/fr\/wp-json\/wp\/v2\/pages\/8352\/revisions"}],"predecessor-version":[{"id":26286,"href":"https:\/\/adg.it\/fr\/wp-json\/wp\/v2\/pages\/8352\/revisions\/26286"}],"wp:attachment":[{"href":"https:\/\/adg.it\/fr\/wp-json\/wp\/v2\/media?parent=8352"}],"curies":[{"name":"wp","href":"https:\/\/api.w.org\/{rel}","templated":true}]}}