{"id":8337,"date":"2015-05-20T13:40:17","date_gmt":"2015-05-20T13:40:17","guid":{"rendered":"http:\/\/wp.adg.it\/?page_id=8337"},"modified":"2026-02-09T11:19:35","modified_gmt":"2026-02-09T11:19:35","slug":"cours-de-dessin-et-peinture","status":"publish","type":"page","link":"https:\/\/adg.it\/fr\/cours-de-dessin-et-peinture\/","title":{"rendered":"Techniques de dessin et de peinture"},"content":{"rendered":"<p>[spb_column width=\u00a0\u00bb2\/3&Prime; el_position=\u00a0\u00bbfirst\u00a0\u00bb] [spb_text_block title=\u00a0\u00bbCours de beaux-arts d&rsquo;une semaine \u00e0 neuf mois\u00a0\u00bb pb_margin_bottom=\u00a0\u00bbno\u00a0\u00bb pb_border_bottom=\u00a0\u00bbno\u00a0\u00bb width=\u00a0\u00bb1\/1&Prime; el_position=\u00a0\u00bbfirst last\u00a0\u00bb]\n<p>Le cours complet de beaux-arts est reparti en 9 unit\u00e9s (de l\u2019unit\u00e9 A jusqu\u2019\u00e0 l\u2019unit\u00e9 I) et il a une dur\u00e9e totale de <strong>9 mois<\/strong>. Les \u00e9l\u00e8ves peuvent toutefois choisir de fr\u00e9quenter seulement une unit\u00e9 ou bien une \u00ab\u00a0sous-unit\u00e9\u00a0\u00bb du cours (<strong>minimum 1 semaine<\/strong>).<\/p>\n<p>Deux programmes sont disponibles:<\/p>\n<ul>\n<li>Les <strong>cours d&rsquo;art intensifs<\/strong> (20 heures par semaine) ont lieu de 11h30 \u00e0 13h et de 13h30 \u00e0 17h, du lundi au jeudi.<\/li>\n<li>Les <strong>cours d&rsquo;art g\u00e9n\u00e9ral<\/strong> (14 heures par semaine) ont lieu soit le matin (de 10h \u00e0 13h du lundi au jeudi et de 10h \u00e0 12h le vendredi), soit l&rsquo;apr\u00e8s-midi (de 13h30 \u00e0 17h du lundi au jeudi).<\/li>\n<\/ul>\n<p>Les cours, organis\u00e9s par des enseignants hautement qualifi\u00e9s, sont int\u00e9gr\u00e9s par des d\u00e9bats sur l\u2019art. Chaque classe est compos\u00e9e d&rsquo;environ 8-10 personnes, afin que tout \u00e9l\u00e8ve puisse b\u00e9n\u00e9ficier de l\u2019assistance la plus compl\u00e8te de la part du professeur.<\/p>\n<p>Les 3 premi\u00e8res unit\u00e9s poursuivent l&rsquo;<strong>apprentissage des techniques<\/strong> \u00e9lementaires du dessin et de la peinture, tandis que les unit\u00e9s suivantes visent \u00e0 <strong>d\u00e9velopper les aptitudes artistiques<\/strong> de chaque \u00e9l\u00e8ve.<\/p>\n<p>Un <strong>mod\u00e8le<\/strong> posant nu est disponible pour les \u00e9tudiants 2 heures par semaine pendant les heures scolaires.<\/p>\n<p>A la fin des 9 unit\u00e9s les \u00e9l\u00e8ves auront acquis les connaissances n\u00e9cessaires pour la cr\u00e9ation de leur <strong>album personnel<\/strong> et ils pourront aussi s&rsquo;adonner \u00e0 l&rsquo;\u00e9tude d&rsquo;une technique particuli\u00e8re.<\/p>\n<p>Tous les participants au cours recevront un <strong>certificat d&rsquo;assiduit\u00e9<\/strong> avec le type de cours et le nombre d&rsquo;heures frequent\u00e9s.<\/p>\n[\/spb_text_block] [spb_text_block title=\u00a0\u00bb\u00c0 noter\u00a0\u00bb pb_margin_bottom=\u00a0\u00bbno\u00a0\u00bb pb_border_bottom=\u00a0\u00bbno\u00a0\u00bb width=\u00a0\u00bb1\/1&Prime; el_position=\u00a0\u00bbfirst last\u00a0\u00bb]\n<p>Pendant vos \u00e9tudes \u00e0 notre acad\u00e9mie, vous \u00eates libre de vous concentrer sur <strong>les techniques artistiques qui vous int\u00e9ressent<\/strong> le plus ou que vous souhaitez am\u00e9liorer. Les \u00ab 9 unit\u00e9s \u00bb repr\u00e9sentent un cadre d&rsquo;apprentissage g\u00e9n\u00e9ral, et non des modules fixes qui se d\u00e9roulent s\u00e9par\u00e9ment ou selon une rotation hebdomadaire.<\/p>\n<p>Nos classes \u00e9tant petites (g\u00e9n\u00e9ralement 8 \u00e0 10 \u00e9tudiants), <strong>l&rsquo;enseignement est tr\u00e8s personnalis\u00e9<\/strong>. M\u00eame si vous ne venez qu&rsquo;une ou deux semaines, vous ne serez pas limit\u00e9 \u00e0 une seule unit\u00e9. Au contraire, les professeurs s\u00e9lectionnent et combinent des \u00e9l\u00e9ments provenant de plusieurs unit\u00e9s afin de s&rsquo;adapter au mieux \u00e0 votre niveau et \u00e0 vos objectifs.<\/p>\n<p>Nos professeurs d&rsquo;art travaillent en \u00e9troite collaboration avec chaque \u00e9l\u00e8ve afin de concevoir <strong>un programme sur mesure<\/strong> en fonction des comp\u00e9tences, de l&rsquo;exp\u00e9rience et des int\u00e9r\u00eats de chacun. Vous pouvez choisir les supports avec lesquels vous souhaitez travailler et les sujets que vous souhaitez explorer, et votre professeur structurera la semaine en cons\u00e9quence.<\/p>\n[\/spb_text_block] [sf_gallery gallery_id=\u00a0\u00bb8524&Prime; slider_transition=\u00a0\u00bbslide\u00a0\u00bb show_thumbs=\u00a0\u00bbyes\u00a0\u00bb autoplay=\u00a0\u00bbyes\u00a0\u00bb show_captions=\u00a0\u00bbyes\u00a0\u00bb enable_lightbox=\u00a0\u00bbyes\u00a0\u00bb width=\u00a0\u00bb1\/1&Prime; el_position=\u00a0\u00bbfirst last\u00a0\u00bb] [boxed_content type=\u00a0\u00bbcoloured\u00a0\u00bb pb_margin_bottom=\u00a0\u00bbno\u00a0\u00bb width=\u00a0\u00bb1\/1&Prime; el_position=\u00a0\u00bbfirst last\u00a0\u00bb]\n<p><strong>Prix des cours<\/strong><\/p>\n[\/boxed_content] [spb_accordion width=\u00a0\u00bb1\/1&Prime; el_position=\u00a0\u00bbfirst last\u00a0\u00bb] [spb_accordion_tab title=\u00a0\u00bb14 heures par semaine\u00a0\u00bb accordion_id=\u00a0\u00bb\u00a0\u00bb icon=\u00a0\u00bb\u00a0\u00bb] [spb_text_block title=\u00a0\u00bbSans mat\u00e9riel\u00a0\u00bb pb_margin_bottom=\u00a0\u00bbno\u00a0\u00bb pb_border_bottom=\u00a0\u00bbno\u00a0\u00bb width=\u00a0\u00bb1\/1&Prime; el_position=\u00a0\u00bbfirst last\u00a0\u00bb]\n<p>1 semaine, 14 heures \u20ac335<br \/>\n2 semaines, 28 heures \u20ac585<br \/>\n3 semaines, 42 heures \u20ac845<br \/>\n1 unit\u00e9, 4 semaines, 56 heures \u20ac895<br \/>\n2 unit\u00e9s, 8 semaines, 112 heures \u20ac1635<br \/>\n3 unit\u00e9s, 12 semaines, 168 heures \u20ac2355<br \/>\n6 unit\u00e9s, 24 semaines, 336 heures \u20ac4565<br \/>\n9 unit\u00e9s, 36 semaines, 504 heures \u20ac6705<\/p>\n[\/spb_text_block] [spb_text_block title=\u00a0\u00bbMat\u00e9riel inclus\u00a0\u00bb pb_margin_bottom=\u00a0\u00bbno\u00a0\u00bb pb_border_bottom=\u00a0\u00bbno\u00a0\u00bb width=\u00a0\u00bb1\/1&Prime; el_position=\u00a0\u00bbfirst last\u00a0\u00bb]\n<p>1 semaine, 14 heures \u20ac375<br \/>\n2 semaines, 28 heures \u20ac655<br \/>\n3 semaines, 42 heures \u20ac945<br \/>\n1 unit\u00e9, 4 semaines, 56 heures \u20ac1025<br \/>\n2 unit\u00e9s, 8 semaines, 112 heures \u20ac1895<br \/>\n3 unit\u00e9s, 12 semaines, 168 heures \u20ac2745<\/p>\n[\/spb_text_block] [\/spb_accordion_tab] [spb_accordion_tab title=\u00a0\u00bb20 heures par semaine\u00a0\u00bb accordion_id=\u00a0\u00bb\u00a0\u00bb icon=\u00a0\u00bb\u00a0\u00bb] [spb_text_block title=\u00a0\u00bbSans mat\u00e9riel\u00a0\u00bb pb_margin_bottom=\u00a0\u00bbno\u00a0\u00bb pb_border_bottom=\u00a0\u00bbno\u00a0\u00bb width=\u00a0\u00bb1\/1&Prime; el_position=\u00a0\u00bbfirst last\u00a0\u00bb]\n<p>1 semaine, 20 heures \u20ac375<br \/>\n2 semaines, 40 heures \u20ac655<br \/>\n3 semaines, 60 heures \u20ac895<br \/>\n1 unit\u00e9, 4 semaines, 80 heures \u20ac1175<br \/>\n2 unit\u00e9s, 8 semaines, 160 heures \u20ac2115<br \/>\n3 unit\u00e9s, 12 semaines, 240 heures \u20ac3135<br \/>\n6 unit\u00e9s, 24 semaines, 480 heures \u20ac6025<br \/>\n9 unit\u00e9s, 36 semaines, 720 heures \u20ac9015<\/p>\n[\/spb_text_block] [spb_text_block title=\u00a0\u00bbMat\u00e9riel inclus\u00a0\u00bb pb_margin_bottom=\u00a0\u00bbno\u00a0\u00bb pb_border_bottom=\u00a0\u00bbno\u00a0\u00bb width=\u00a0\u00bb1\/1&Prime; el_position=\u00a0\u00bbfirst last\u00a0\u00bb]\n<p>1 semaine, 20 heures \u20ac420<br \/>\n2 semaines, 40 heures \u20ac735<br \/>\n3 semaines, 60 heures \u20ac1010<br \/>\n1 unit\u00e9, 4 semaines, 80 heures \u20ac1315<br \/>\n2 unit\u00e9s, 8 semaines, 160 heures \u20ac2395<br \/>\n3 unit\u00e9s, 12 semaines, 240 heures \u20ac3555<\/p>\n[\/spb_text_block] [\/spb_accordion_tab] [spb_accordion_tab title=\u00a0\u00bbInclus dans le prix\u00a0\u00bb accordion_id=\u00a0\u00bb\u00a0\u00bb icon=\u00a0\u00bb\u00a0\u00bb] [spb_text_block pb_margin_bottom=\u00a0\u00bbno\u00a0\u00bb pb_border_bottom=\u00a0\u00bbno\u00a0\u00bb width=\u00a0\u00bb1\/1&Prime; el_position=\u00a0\u00bbfirst last\u00a0\u00bb]\n<ul>\n<li><strong>Sans mat\u00e9riel artistique<\/strong> : le mat\u00e9riel artistique de base (papier, crayons et gommes) est inclus. L&rsquo;autre mat\u00e9riel peut \u00eatre achet\u00e9 dans un magasin d&rsquo;art qui offre une r\u00e9duction de 10 % \u00e0 nos \u00e9tudiants.<\/li>\n<li><strong>Avec mat\u00e9riel artistique<\/strong> : l&rsquo;utilisation de tout le mat\u00e9riel et outils artistiques n\u00e9cessaires pour le cours est incluse.<\/li>\n<li>Un <strong>certificat de participation<\/strong> sera d\u00e9livr\u00e9 \u00e0 la fin du cours.<\/li>\n<\/ul>\n[\/spb_text_block] [\/spb_accordion_tab] [spb_accordion_tab title=\u00a0\u00bbEmploi du temps et dates des cours\u00a0\u00bb accordion_id=\u00a0\u00bb\u00a0\u00bb icon=\u00a0\u00bb\u00a0\u00bb] [spb_text_block pb_margin_bottom=\u00a0\u00bbno\u00a0\u00bb pb_border_bottom=\u00a0\u00bbno\u00a0\u00bb width=\u00a0\u00bb1\/1&Prime; el_position=\u00a0\u00bbfirst last\u00a0\u00bb]\n<p>Il est possible <strong>commencer ce cours tous les lundis<\/strong>, en fonction de la disponibilit\u00e9 des places.<\/p>\n[\/spb_text_block] [\/spb_accordion_tab] [spb_accordion_tab title=\u00a0\u00bbInscription\u00a0\u00bb accordion_id=\u00a0\u00bb\u00a0\u00bb icon=\u00a0\u00bb\u00a0\u00bb] [spb_text_block pb_margin_bottom=\u00a0\u00bbno\u00a0\u00bb pb_border_bottom=\u00a0\u00bbno\u00a0\u00bb width=\u00a0\u00bb1\/1&Prime; el_position=\u00a0\u00bbfirst last\u00a0\u00bb]\n<p><a href=\"https:\/\/adg.it\/en\/product\/drawing-and-painting-techniques\/\" target=\"_blank\" rel=\"noopener\">14 heures par semaine<\/a><\/p>\n<p><a href=\"https:\/\/adg.it\/en\/product\/drawing-and-painting-techniques-20-hours-per-week\/\">20 heures par semaine<\/a><\/p>\n[\/spb_text_block] [\/spb_accordion_tab] [\/spb_accordion] [\/spb_column] [spb_column width=\u00a0\u00bb1\/3&Prime; el_position=\u00a0\u00bblast\u00a0\u00bb] [spb_single_image image=\u00a0\u00bb7207&Prime; image_size=\u00a0\u00bbfull\u00a0\u00bb frame=\u00a0\u00bbnoframe\u00a0\u00bb intro_animation=\u00a0\u00bbnone\u00a0\u00bb full_width=\u00a0\u00bbno\u00a0\u00bb lightbox=\u00a0\u00bbyes\u00a0\u00bb link_target=\u00a0\u00bb_self\u00a0\u00bb width=\u00a0\u00bb1\/1&Prime; el_position=\u00a0\u00bbfirst last\u00a0\u00bb] [spb_single_image image=\u00a0\u00bb27125&Prime; image_size=\u00a0\u00bbfull\u00a0\u00bb frame=\u00a0\u00bbnoframe\u00a0\u00bb intro_animation=\u00a0\u00bbnone\u00a0\u00bb full_width=\u00a0\u00bbno\u00a0\u00bb lightbox=\u00a0\u00bbyes\u00a0\u00bb image_link=\u00a0\u00bbhttps:\/\/adg.it\/en\/product\/drawing-and-painting-techniques-20-hours-per-week\/\u00a0\u00bb link_target=\u00a0\u00bb_blank\u00a0\u00bb caption=\u00a0\u00bb20 heures par semaine\u00a0\u00bb width=\u00a0\u00bb1\/1&Prime; el_position=\u00a0\u00bbfirst last\u00a0\u00bb] [spb_single_image image=\u00a0\u00bb13498&Prime; image_size=\u00a0\u00bbfull\u00a0\u00bb frame=\u00a0\u00bbnoframe\u00a0\u00bb intro_animation=\u00a0\u00bbnone\u00a0\u00bb full_width=\u00a0\u00bbno\u00a0\u00bb lightbox=\u00a0\u00bbyes\u00a0\u00bb image_link=\u00a0\u00bbhttps:\/\/adg.it\/en\/product\/drawing-and-painting-techniques\/\u00a0\u00bb link_target=\u00a0\u00bb_blank\u00a0\u00bb caption=\u00a0\u00bb14 heures par semaine\u00a0\u00bb width=\u00a0\u00bb1\/1&Prime; el_position=\u00a0\u00bbfirst last\u00a0\u00bb] [boxed_content type=\u00a0\u00bbcoloured\u00a0\u00bb pb_margin_bottom=\u00a0\u00bbno\u00a0\u00bb width=\u00a0\u00bb1\/1&Prime; el_position=\u00a0\u00bbfirst last\u00a0\u00bb]\n<p>Le programme<\/p>\n[\/boxed_content] [spb_accordion width=\u00a0\u00bb1\/1&Prime; el_position=\u00a0\u00bbfirst last\u00a0\u00bb] [spb_accordion_tab title=\u00a0\u00bbUnit\u00e9 A\u00a0\u00bb accordion_id=\u00a0\u00bb\u00a0\u00bb icon=\u00a0\u00bb\u00a0\u00bb] [spb_text_block pb_margin_bottom=\u00a0\u00bbno\u00a0\u00bb pb_border_bottom=\u00a0\u00bbno\u00a0\u00bb width=\u00a0\u00bb1\/1&Prime; el_position=\u00a0\u00bbfirst last\u00a0\u00bb]\n<h4>Techniques fondamentales du dessin I<\/h4>\n<p>Approche des techniques fondamentales du dessein artistique (ligne et clair-obscur) par lesquelles on apprend \u00e0 reproduire un objet suivant sa forme et ses proportions.<br \/>\nLa graphite, le fusain, la sanguine, le crayon et la plume seront les instruments employ\u00e9s pendant ce cours qui s\u2019adresse notamment aux \u00e9l\u00e8ves qui ne poss\u00e8dent pas une pr\u00e9paration sp\u00e9cifique.<\/p>\n[\/spb_text_block] [\/spb_accordion_tab] [spb_accordion_tab title=\u00a0\u00bbUnit\u00e9 B\u00a0\u00bb accordion_id=\u00a0\u00bb\u00a0\u00bb icon=\u00a0\u00bb\u00a0\u00bb] [spb_text_block pb_margin_bottom=\u00a0\u00bbno\u00a0\u00bb pb_border_bottom=\u00a0\u00bbno\u00a0\u00bb width=\u00a0\u00bb1\/1&Prime; el_position=\u00a0\u00bbfirst last\u00a0\u00bb]\n<h4>Techniques fondamentales du dessin II<\/h4>\n<p>Cette unit\u00e9 vise \u00e0 l&rsquo;apprentissage de notions d&rsquo;anatomie et de la m\u00e9thode traditionelle utilis\u00e9e pour dessiner un corps ou un visage.<\/p>\n[\/spb_text_block] [\/spb_accordion_tab] [spb_accordion_tab title=\u00a0\u00bbUnit\u00e9 C\u00a0\u00bb accordion_id=\u00a0\u00bb\u00a0\u00bb icon=\u00a0\u00bb\u00a0\u00bb] [spb_text_block pb_margin_bottom=\u00a0\u00bbno\u00a0\u00bb pb_border_bottom=\u00a0\u00bbno\u00a0\u00bb width=\u00a0\u00bb1\/1&Prime; el_position=\u00a0\u00bbfirst last\u00a0\u00bb]\n<h4>Dessin d&rsquo;apr\u00e8s nature I<\/h4>\n<p>Approfondissement des techniques apprises dans les premi\u00e8res unit\u00e9s, particuli\u00e8rement du clair-obscur. \u00c9tude de la th\u00e9orie des ombres et de la perspective.<br \/>\nDes cours en plein air auront lieu dans des places et des mus\u00e9es de Florence. \u00c9tude approfondie de l\u2019anatomie humaine.<\/p>\n[\/spb_text_block] [\/spb_accordion_tab] [spb_accordion_tab title=\u00a0\u00bbUnit\u00e9 D\u00a0\u00bb accordion_id=\u00a0\u00bb\u00a0\u00bb icon=\u00a0\u00bb\u00a0\u00bb] [spb_text_block pb_margin_bottom=\u00a0\u00bbno\u00a0\u00bb pb_border_bottom=\u00a0\u00bbno\u00a0\u00bb width=\u00a0\u00bb1\/1&Prime; el_position=\u00a0\u00bbfirst last\u00a0\u00bb]\n<h4>Techniques fondamentales de peinture I<\/h4>\n<p>Connaissance et \u00e9tude des th\u00e9ories de base de la couleur gr\u00e2ce \u00e0 l&rsquo;utilisation de l&rsquo;acrylique, tempera, pastel et d\u00e9riv\u00e9s.<\/p>\n[\/spb_text_block] [\/spb_accordion_tab] [spb_accordion_tab title=\u00a0\u00bbUnit\u00e9 E\u00a0\u00bb accordion_id=\u00a0\u00bb\u00a0\u00bb icon=\u00a0\u00bb\u00a0\u00bb] [spb_text_block pb_margin_bottom=\u00a0\u00bbno\u00a0\u00bb pb_border_bottom=\u00a0\u00bbno\u00a0\u00bb width=\u00a0\u00bb1\/1&Prime; el_position=\u00a0\u00bbfirst last\u00a0\u00bb]\n<h4>Techniques fondamentales de peinture II<\/h4>\n<p>\u00c9tude des rapports lumi\u00e8re-couleur sur un incarnat et sur une draperie.<br \/>\nL&#8217;emploi des couleurs et les effets de luminosit\u00e9 dans la repr\u00e9sentation d&rsquo;objets en mat\u00e9riaux diff\u00e9rents, tels que la vitre, le m\u00e9tal, etc.<\/p>\n[\/spb_text_block] [\/spb_accordion_tab] [spb_accordion_tab title=\u00a0\u00bbUnit\u00e9 F\u00a0\u00bb accordion_id=\u00a0\u00bb\u00a0\u00bb icon=\u00a0\u00bb\u00a0\u00bb] [spb_text_block pb_margin_bottom=\u00a0\u00bbno\u00a0\u00bb pb_border_bottom=\u00a0\u00bbno\u00a0\u00bb width=\u00a0\u00bb1\/1&Prime; el_position=\u00a0\u00bbfirst last\u00a0\u00bb]\n<h4>Techniques avanc\u00e9es de peinture I<\/h4>\n<p>Une approche aux techniques traditionelles de peinture, notamment la peinture \u00e0 l\u2019aquarelle et la peinture \u00e0 l\u2019huile.<\/p>\n[\/spb_text_block] [\/spb_accordion_tab] [spb_accordion_tab title=\u00a0\u00bbUnit\u00e9 G\u00a0\u00bb accordion_id=\u00a0\u00bb\u00a0\u00bb icon=\u00a0\u00bb\u00a0\u00bb] [spb_text_block pb_margin_bottom=\u00a0\u00bbno\u00a0\u00bb pb_border_bottom=\u00a0\u00bbno\u00a0\u00bb width=\u00a0\u00bb1\/1&Prime; el_position=\u00a0\u00bbfirst last\u00a0\u00bb]\n<h4>Techniques avanc\u00e9es de peinture II<\/h4>\n<p>Approfondissement des techniques de l&rsquo;unit\u00e9 pr\u00e9c\u00e9dente. L&rsquo;utilisation de la tempera et de l&rsquo;acrylique.<\/p>\n[\/spb_text_block] [\/spb_accordion_tab] [spb_accordion_tab title=\u00a0\u00bbUnit\u00e9 H\u00a0\u00bb accordion_id=\u00a0\u00bb\u00a0\u00bb icon=\u00a0\u00bb\u00a0\u00bb] [spb_text_block pb_margin_bottom=\u00a0\u00bbno\u00a0\u00bb pb_border_bottom=\u00a0\u00bbno\u00a0\u00bb width=\u00a0\u00bb1\/1&Prime; el_position=\u00a0\u00bbfirst last\u00a0\u00bb]\n<h4>Techniques avanc\u00e9es de peinture III<\/h4>\n<p>Une introduction aux techniques diff\u00e9rentes de fresque. Exercises de peinture sur la chaux ou de bas-relief et m\u00e9plat.<\/p>\n[\/spb_text_block] [\/spb_accordion_tab] [spb_accordion_tab title=\u00a0\u00bbUnit\u00e9 I\u00a0\u00bb accordion_id=\u00a0\u00bb\u00a0\u00bb icon=\u00a0\u00bb\u00a0\u00bb] [spb_text_block pb_margin_bottom=\u00a0\u00bbno\u00a0\u00bb pb_border_bottom=\u00a0\u00bbno\u00a0\u00bb width=\u00a0\u00bb1\/1&Prime; el_position=\u00a0\u00bbfirst last\u00a0\u00bb]\n<h4>Vers la creation d&rsquo;un style personnel<\/h4>\n<p>Approfondissement d&rsquo;une ou plusieurs techniques que chaque \u00e9l\u00e8ve pourra choisir pour continuer sa recherche artistique personnelle.<\/p>\n[\/spb_text_block] [\/spb_accordion_tab] [\/spb_accordion] [\/spb_column]<\/p>\n","protected":false},"excerpt":{"rendered":"<p>[spb_column width=\u00a0\u00bb2\/3&Prime; el_position=\u00a0\u00bbfirst\u00a0\u00bb] [spb_text_block title=\u00a0\u00bbCours de beaux-arts d&rsquo;une semaine \u00e0 neuf mois\u00a0\u00bb pb_margin_bottom=\u00a0\u00bbno\u00a0\u00bb pb_border_bottom=\u00a0\u00bbno\u00a0\u00bb width=\u00a0\u00bb1\/1&Prime; el_position=\u00a0\u00bbfirst last\u00a0\u00bb] Le cours complet de beaux-arts est reparti en 9 unit\u00e9s (de l\u2019unit\u00e9 A jusqu\u2019\u00e0 l\u2019unit\u00e9 I) et il a une dur\u00e9e totale de 9 mois. Les \u00e9l\u00e8ves peuvent toutefois choisir de fr\u00e9quenter seulement une unit\u00e9 ou bien une \u00ab\u00a0sous-unit\u00e9\u00a0\u00bb du cours (minimum 1 [&hellip;]<\/p>\n","protected":false},"author":27,"featured_media":7207,"parent":0,"menu_order":0,"comment_status":"closed","ping_status":"closed","template":"","meta":{"_joinchat":[],"footnotes":""},"class_list":["post-8337","page","type-page","status-publish","has-post-thumbnail","hentry"],"aioseo_notices":[],"_links":{"self":[{"href":"https:\/\/adg.it\/fr\/wp-json\/wp\/v2\/pages\/8337","targetHints":{"allow":["GET"]}}],"collection":[{"href":"https:\/\/adg.it\/fr\/wp-json\/wp\/v2\/pages"}],"about":[{"href":"https:\/\/adg.it\/fr\/wp-json\/wp\/v2\/types\/page"}],"author":[{"embeddable":true,"href":"https:\/\/adg.it\/fr\/wp-json\/wp\/v2\/users\/27"}],"replies":[{"embeddable":true,"href":"https:\/\/adg.it\/fr\/wp-json\/wp\/v2\/comments?post=8337"}],"version-history":[{"count":5,"href":"https:\/\/adg.it\/fr\/wp-json\/wp\/v2\/pages\/8337\/revisions"}],"predecessor-version":[{"id":27614,"href":"https:\/\/adg.it\/fr\/wp-json\/wp\/v2\/pages\/8337\/revisions\/27614"}],"wp:featuredmedia":[{"embeddable":true,"href":"https:\/\/adg.it\/fr\/wp-json\/wp\/v2\/media\/7207"}],"wp:attachment":[{"href":"https:\/\/adg.it\/fr\/wp-json\/wp\/v2\/media?parent=8337"}],"curies":[{"name":"wp","href":"https:\/\/api.w.org\/{rel}","templated":true}]}}