{"id":8228,"date":"2015-05-13T14:06:25","date_gmt":"2015-05-13T14:06:25","guid":{"rendered":"http:\/\/wp.adg.it\/?page_id=8228"},"modified":"2025-01-16T12:20:27","modified_gmt":"2025-01-16T12:20:27","slug":"academies-des-beaux-arts","status":"publish","type":"page","link":"https:\/\/adg.it\/fr\/academies-des-beaux-arts\/","title":{"rendered":"Pr\u00e9paration aux Acad\u00e9mies des Beaux-Arts italiennes"},"content":{"rendered":"<p>[spb_column width=\u00a0\u00bb2\/3&Prime; el_position=\u00a0\u00bbfirst\u00a0\u00bb] [spb_text_block title=\u00a0\u00bbCours pr\u00e9paratoires\u00a0\u00bb pb_margin_bottom=\u00a0\u00bbno\u00a0\u00bb pb_border_bottom=\u00a0\u00bbno\u00a0\u00bb width=\u00a0\u00bb1\/1&Prime; el_position=\u00a0\u00bbfirst last\u00a0\u00bb]\n<p>L\u2019Accademia del Giglio dispose d\u2019une longue exp\u00e9rience dans l\u2019organisation des cours de pr\u00e9paration aux examens d\u2019admission (pour les \u00e9trangers et pour les italiens) \u00e0 l\u2019Accademia di Belle Arti statali (de Florence et d\u2019autres villes italiennes), \u00e9cole de beaux-arts dont les dipl\u00f4mes en peinture, en sculpture, en d\u00e9coration et en sc\u00e9nographie, sont tr\u00e8s r\u00e9put\u00e9s.<\/p>\n<p>L\u2019examen d\u2019admission \u00e0 l\u2019Accademia a lieu dans la premi\u00e8re d\u00e9cade d\u2019octobre. Les cours pr\u00e9paratoires ont lieu pendant toute l&rsquo;ann\u00e9e et ont une dur\u00e9e variabile.<\/p>\n<p>Pendant le cours les \u00e9l\u00e8ves \u00e9tudieront les \u00e9l\u00e9ments de histoire de l&rsquo;art, perspective, le dessin du nu et d&rsquo;autres techniques artistiques visant \u00e0 passer l&rsquo;examen.<\/p>\n<p>Les \u00e9tudiants seront \u00e9galement soumis \u00e0 une ou plusieurs simulations de l&rsquo;examen, afin de soutenir les \u00e9preuves avec suret\u00e9.<\/p>\n<p>Notre institut peut fournir des informations et des conseils tr\u00e8s utiles sur les d\u00e9marches administratives et les fomalit\u00e9s \u00e0 suivre pour l\u2019inscription \u00e0 l\u2019Accademia di Belle Arti statali.<\/p>\n[\/spb_text_block] [sf_gallery gallery_id=\u00a0\u00bb6412&Prime; slider_transition=\u00a0\u00bbfade\u00a0\u00bb show_thumbs=\u00a0\u00bbyes\u00a0\u00bb autoplay=\u00a0\u00bbyes\u00a0\u00bb show_captions=\u00a0\u00bbyes\u00a0\u00bb enable_lightbox=\u00a0\u00bbyes\u00a0\u00bb width=\u00a0\u00bb1\/1&Prime; el_position=\u00a0\u00bbfirst last\u00a0\u00bb] [spb_accordion width=\u00a0\u00bb1\/1&Prime; el_position=\u00a0\u00bbfirst last\u00a0\u00bb] [spb_accordion_tab title=\u00a0\u00bbPrix\u00a0\u00bb accordion_id=\u00a0\u00bb\u00a0\u00bb icon=\u00a0\u00bb\u00a0\u00bb] [spb_text_block title=\u00a0\u00bb14 heures par semaine\u00a0\u00bb pb_margin_bottom=\u00a0\u00bbno\u00a0\u00bb pb_border_bottom=\u00a0\u00bbno\u00a0\u00bb width=\u00a0\u00bb1\/1&Prime; el_position=\u00a0\u00bbfirst last\u00a0\u00bb]\n<p>BA1, 1 semaine, 14 heures \u20ac335<br \/>\nBA2, 2 semaines, 28 heures \u20ac585<br \/>\nBA4, 4 semaines, 56 heures \u20ac895<br \/>\nBA8, 8 semaines, 112 heures \u20ac1635<br \/>\nBA12, 12 semaines, 168 heures \u20ac2355<\/p>\n[\/spb_text_block] [spb_text_block title=\u00a0\u00bb20 heures par semaine\u00a0\u00bb pb_margin_bottom=\u00a0\u00bbno\u00a0\u00bb pb_border_bottom=\u00a0\u00bbno\u00a0\u00bb width=\u00a0\u00bb1\/1&Prime; el_position=\u00a0\u00bbfirst last\u00a0\u00bb]\n<p>BA1+, 1 semaine, 20 heures \u20ac375<br \/>\nBA2+, 2 semaines, 40 heures \u20ac655<br \/>\nBA4+, 4 semaines, 80 heures \u20ac1175<br \/>\nBA8+, 8 semaines, 160 heures \u20ac2115<br \/>\nBA12+, 12 semaines, 240 heures \u20ac3135<\/p>\n[\/spb_text_block] [spb_text_block title=\u00a0\u00bb30 heures par semaine\u00a0\u00bb pb_margin_bottom=\u00a0\u00bbno\u00a0\u00bb pb_border_bottom=\u00a0\u00bbno\u00a0\u00bb width=\u00a0\u00bb1\/1&Prime; el_position=\u00a0\u00bbfirst last\u00a0\u00bb]\n<p>BA30, 1 semaine, 30 heures \u20ac565<\/p>\n[\/spb_text_block] [\/spb_accordion_tab] [spb_accordion_tab title=\u00a0\u00bbInclus dans le prix\u00a0\u00bb accordion_id=\u00a0\u00bb\u00a0\u00bb icon=\u00a0\u00bb\u00a0\u00bb] [spb_text_block pb_margin_bottom=\u00a0\u00bbno\u00a0\u00bb pb_border_bottom=\u00a0\u00bbno\u00a0\u00bb width=\u00a0\u00bb1\/1&Prime; el_position=\u00a0\u00bbfirst last\u00a0\u00bb]\n<ul>\n<li>Mat\u00e9riel de\u00a0base (papier, crayon&#8230;);<\/li>\n<li>certificat d&rsquo;assiduit\u00e9.<\/li>\n<\/ul>\n[\/spb_text_block] [\/spb_accordion_tab] [spb_accordion_tab title=\u00a0\u00bbDates\u00a0\u00bb accordion_id=\u00a0\u00bb\u00a0\u00bb icon=\u00a0\u00bb\u00a0\u00bb] [spb_text_block pb_margin_bottom=\u00a0\u00bbno\u00a0\u00bb pb_border_bottom=\u00a0\u00bbno\u00a0\u00bb width=\u00a0\u00bb1\/1&Prime; el_position=\u00a0\u00bbfirst last\u00a0\u00bb]\n<p>Il est possible\u00a0<strong>commencer ce cours tous les lundis<\/strong>, en fonction de la disponibilit\u00e9 des places.<\/p>\n[\/spb_text_block] [\/spb_accordion_tab] [spb_accordion_tab title=\u00a0\u00bbEmploi du temps\u00a0\u00bb accordion_id=\u00a0\u00bb\u00a0\u00bb icon=\u00a0\u00bb\u00a0\u00bb] [spb_text_block pb_margin_bottom=\u00a0\u00bbno\u00a0\u00bb pb_border_bottom=\u00a0\u00bbno\u00a0\u00bb width=\u00a0\u00bb1\/1&Prime; el_position=\u00a0\u00bbfirst last\u00a0\u00bb]\n<p><strong>14 heures<\/strong> par semaine:<\/p>\n<ul>\n<li>Lundi au jeudi, de 10h00 \u00e0 13h00 et vendredi, de 11h00 \u00e0 13h00<\/li>\n<\/ul>\n<p>ou<\/p>\n<ul>\n<li>Lundi au jeudi, de 13h30 \u00e0 17h00.<\/li>\n<\/ul>\n<p><strong>20 heures<\/strong> par semaine:<\/p>\n<ul>\n<li>Lundi au jeudi, de 11h30 \u00e0 13h00 et de 13h30 \u00e0 17h00.<\/li>\n<\/ul>\n<p><strong>30 heures<\/strong> par semaine:<\/p>\n<ul>\n<li>Lundi au vendredi, de 10h00 \u00e0 13h00 et Lundi au jeudi, de 13h30 \u00e0 17h00.<\/li>\n<\/ul>\n[\/spb_text_block] [\/spb_accordion_tab] [spb_accordion_tab title=\u00a0\u00bbDisciplines\u00a0\u00bb accordion_id=\u00a0\u00bb\u00a0\u00bb icon=\u00a0\u00bb\u00a0\u00bb] [spb_text_block pb_margin_bottom=\u00a0\u00bbno\u00a0\u00bb pb_border_bottom=\u00a0\u00bbno\u00a0\u00bb width=\u00a0\u00bb1\/1&Prime; el_position=\u00a0\u00bbfirst last\u00a0\u00bb]\n<p>Pr\u00e9ciser au moment de l&rsquo;inscription le domaine d&rsquo;\u00e9tudes artistiques que vous d\u00e9sirez suivre: <span class=\"color-10\"><strong>Peinture dessin, Peinture projet, Graphique, Sculpture, D\u00e9coration, Scenographie, \u00c9cole libre du nu,<\/strong> etc.<\/span><\/p>\n[\/spb_text_block] [\/spb_accordion_tab] [spb_accordion_tab title=\u00a0\u00bbR\u00e9ductions\u00a0\u00bb accordion_id=\u00a0\u00bb\u00a0\u00bb icon=\u00a0\u00bb\u00a0\u00bb] [spb_text_block pb_margin_bottom=\u00a0\u00bbno\u00a0\u00bb pb_border_bottom=\u00a0\u00bbno\u00a0\u00bb width=\u00a0\u00bb1\/1&Prime; el_position=\u00a0\u00bbfirst last\u00a0\u00bb]\n<p>Tout cours est en langue italienne. Ceux qui n\u2019ont pas une connaissance suffisante de la langue, peuvent profiter de la possibilit\u00e9 de combiner un cours de culture ou de beaux-arts avec un cours d\u2019italien, qui sera ainsi r\u00e9duit de 10%.<br \/>\nLes \u00e9l\u00e8ves inscrits \u00e0 un cours BA ont la possibilit\u00e9 de frequenter tous les autres cours et s\u00e9minaires d&rsquo;art avec une reduction de 10%.<\/p>\n[\/spb_text_block] [\/spb_accordion_tab] [spb_accordion_tab title=\u00a0\u00bbMat\u00e9riel recommand\u00e9\u00a0\u00bb accordion_id=\u00a0\u00bb\u00a0\u00bb icon=\u00a0\u00bb\u00a0\u00bb] [spb_text_block pb_margin_bottom=\u00a0\u00bbno\u00a0\u00bb pb_border_bottom=\u00a0\u00bbno\u00a0\u00bb width=\u00a0\u00bb1\/1&Prime; el_position=\u00a0\u00bbfirst last\u00a0\u00bb]\n<ul>\n<li>Crayon B,<\/li>\n<li>sanguine,<\/li>\n<li>fusain,<\/li>\n<li>gomme,<\/li>\n<li>papier.<\/li>\n<\/ul>\n<p>Le mat\u00e9riel sus-mentionn\u00e9 n&rsquo;est pas inclus dans le prix.<br \/>\nPrix approximatif 25-35 \u20ac<\/p>\n<p>Si vous n&rsquo;avez pas le mat\u00e9riel pour votre cours, ne vous souciez pas; le premier jour \u00e0 l&rsquo;\u00e9cole l&rsquo;enseignant d&rsquo;art vous conseillera o\u00f9 acheter ce dont vous avez besoin \u00e0 un prix r\u00e9duit.<\/p>\n[\/spb_text_block] [\/spb_accordion_tab] [\/spb_accordion] [\/spb_column] [spb_column width=\u00a0\u00bb1\/3&Prime; el_position=\u00a0\u00bblast\u00a0\u00bb] [spb_single_image image=\u00a0\u00bb8169&Prime; image_size=\u00a0\u00bbfull\u00a0\u00bb frame=\u00a0\u00bbshadowframe\u00a0\u00bb intro_animation=\u00a0\u00bbnone\u00a0\u00bb full_width=\u00a0\u00bbno\u00a0\u00bb lightbox=\u00a0\u00bbyes\u00a0\u00bb link_target=\u00a0\u00bb_self\u00a0\u00bb width=\u00a0\u00bb1\/1&Prime; el_position=\u00a0\u00bbfirst last\u00a0\u00bb] [spb_text_block title=\u00a0\u00bbContactez-nous\u00a0\u00bb pb_margin_bottom=\u00a0\u00bbno\u00a0\u00bb pb_border_bottom=\u00a0\u00bbno\u00a0\u00bb width=\u00a0\u00bb1\/1&Prime; el_position=\u00a0\u00bbfirst last\u00a0\u00bb]\n<div class=\"wpforms-container wpforms-container-full\" id=\"wpforms-18575\"><form id=\"wpforms-form-18575\" class=\"wpforms-validate wpforms-form wpforms-ajax-form\" data-formid=\"18575\" method=\"post\" enctype=\"multipart\/form-data\" action=\"\/fr\/wp-json\/wp\/v2\/pages\/8228\" data-token=\"003b2f6940661971fb3c0694d566e1ca\" data-token-time=\"1776680942\"><noscript class=\"wpforms-error-noscript\">Veuillez activer JavaScript dans votre navigateur pour remplir ce formulaire.<\/noscript><div class=\"wpforms-field-container\"><div id=\"wpforms-18575-field_6-container\" class=\"wpforms-field wpforms-field-name\" data-field-id=\"6\"><label class=\"wpforms-field-label\">Nom <span class=\"wpforms-required-label\">*<\/span><\/label><div class=\"wpforms-field-row wpforms-field-large\"><div class=\"wpforms-field-row-block wpforms-first wpforms-one-half\"><input type=\"text\" id=\"wpforms-18575-field_6\" class=\"wpforms-field-name-first wpforms-field-required\" name=\"wpforms[fields][6][first]\" placeholder=\"Votre pr\u00e9nom\" required><label for=\"wpforms-18575-field_6\" class=\"wpforms-field-sublabel after\">First<\/label><\/div><div class=\"wpforms-field-row-block wpforms-one-half\"><input type=\"text\" id=\"wpforms-18575-field_6-last\" class=\"wpforms-field-name-last wpforms-field-required\" name=\"wpforms[fields][6][last]\" placeholder=\"Votre nom\" required><label for=\"wpforms-18575-field_6-last\" class=\"wpforms-field-sublabel after\">Last<\/label><\/div><\/div><\/div><div id=\"wpforms-18575-field_1-container\" class=\"wpforms-field wpforms-field-email\" data-field-id=\"1\"><label class=\"wpforms-field-label\" for=\"wpforms-18575-field_1\">Courrier \u00e9lectronique <span class=\"wpforms-required-label\">*<\/span><\/label><input type=\"email\" id=\"wpforms-18575-field_1\" class=\"wpforms-field-large wpforms-field-required\" name=\"wpforms[fields][1]\" placeholder=\"Votre adresse \u00e9lectronique\" spellcheck=\"false\" required><\/div><div id=\"wpforms-18575-field_2-container\" class=\"wpforms-field wpforms-field-textarea\" data-field-id=\"2\"><label class=\"wpforms-field-label\" for=\"wpforms-18575-field_2\">Message <span class=\"wpforms-required-label\">*<\/span><\/label><textarea id=\"wpforms-18575-field_2\" class=\"wpforms-field-medium wpforms-field-required\" name=\"wpforms[fields][2]\" placeholder=\"\u00c9crivez ici votre message\" required><\/textarea><\/div><\/div><!-- .wpforms-field-container --><div class=\"wpforms-field wpforms-field-hp\"><label for=\"wpforms-18575-field-hp\" class=\"wpforms-field-label\">Name<\/label><input type=\"text\" name=\"wpforms[hp]\" id=\"wpforms-18575-field-hp\" class=\"wpforms-field-medium\"><\/div><div class=\"wpforms-submit-container\" ><input type=\"hidden\" name=\"wpforms[id]\" value=\"18575\"><input type=\"hidden\" name=\"page_title\" value=\"\"><input type=\"hidden\" name=\"page_url\" value=\"https:\/\/adg.it\/fr\/wp-json\/wp\/v2\/pages\/8228\"><input type=\"hidden\" name=\"url_referer\" value=\"\"><button type=\"submit\" name=\"wpforms[submit]\" id=\"wpforms-submit-18575\" class=\"wpforms-submit\" data-alt-text=\"Envoyer\" data-submit-text=\"Envoyer\" aria-live=\"assertive\" value=\"wpforms-submit\">Envoyer<\/button><img loading=\"lazy\" decoding=\"async\" src=\"https:\/\/adg.it\/wp-content\/plugins\/wpforms\/assets\/images\/submit-spin.svg\" class=\"wpforms-submit-spinner\" style=\"display: none;\" width=\"26\" height=\"26\" alt=\"Chargement en cours\"><\/div><\/form><\/div>  <!-- .wpforms-container -->\n[\/spb_text_block] [testimonial title=\u00a0\u00bbT\u00e9moignages d&rsquo;estime\u00a0\u00bb text_size=\u00a0\u00bbnormal\u00a0\u00bb item_count=\u00a0\u00bb1&Prime; order=\u00a0\u00bbrand\u00a0\u00bb category=\u00a0\u00bbart-fr\u00a0\u00bb pagination=\u00a0\u00bbno\u00a0\u00bb page_link=\u00a0\u00bbno\u00a0\u00bb width=\u00a0\u00bb1\/1&Prime; el_position=\u00a0\u00bbfirst last\u00a0\u00bb] [\/spb_column]<\/p>\n","protected":false},"excerpt":{"rendered":"<p>[spb_column width=\u00a0\u00bb2\/3&Prime; el_position=\u00a0\u00bbfirst\u00a0\u00bb] [spb_text_block title=\u00a0\u00bbCours pr\u00e9paratoires\u00a0\u00bb pb_margin_bottom=\u00a0\u00bbno\u00a0\u00bb pb_border_bottom=\u00a0\u00bbno\u00a0\u00bb width=\u00a0\u00bb1\/1&Prime; el_position=\u00a0\u00bbfirst last\u00a0\u00bb] L\u2019Accademia del Giglio dispose d\u2019une longue exp\u00e9rience dans l\u2019organisation des cours de pr\u00e9paration aux examens d\u2019admission (pour les \u00e9trangers et pour les italiens) \u00e0 l\u2019Accademia di Belle Arti statali (de Florence et d\u2019autres villes italiennes), \u00e9cole de beaux-arts dont les dipl\u00f4mes en peinture, en sculpture, en d\u00e9coration et en [&hellip;]<\/p>\n","protected":false},"author":27,"featured_media":0,"parent":0,"menu_order":0,"comment_status":"closed","ping_status":"closed","template":"","meta":{"_joinchat":[],"footnotes":""},"class_list":["post-8228","page","type-page","status-publish","hentry"],"aioseo_notices":[],"_links":{"self":[{"href":"https:\/\/adg.it\/fr\/wp-json\/wp\/v2\/pages\/8228","targetHints":{"allow":["GET"]}}],"collection":[{"href":"https:\/\/adg.it\/fr\/wp-json\/wp\/v2\/pages"}],"about":[{"href":"https:\/\/adg.it\/fr\/wp-json\/wp\/v2\/types\/page"}],"author":[{"embeddable":true,"href":"https:\/\/adg.it\/fr\/wp-json\/wp\/v2\/users\/27"}],"replies":[{"embeddable":true,"href":"https:\/\/adg.it\/fr\/wp-json\/wp\/v2\/comments?post=8228"}],"version-history":[{"count":1,"href":"https:\/\/adg.it\/fr\/wp-json\/wp\/v2\/pages\/8228\/revisions"}],"predecessor-version":[{"id":25865,"href":"https:\/\/adg.it\/fr\/wp-json\/wp\/v2\/pages\/8228\/revisions\/25865"}],"wp:attachment":[{"href":"https:\/\/adg.it\/fr\/wp-json\/wp\/v2\/media?parent=8228"}],"curies":[{"name":"wp","href":"https:\/\/api.w.org\/{rel}","templated":true}]}}