{"id":8218,"date":"2015-05-13T12:12:58","date_gmt":"2015-05-13T12:12:58","guid":{"rendered":"http:\/\/wp.adg.it\/?page_id=8218"},"modified":"2025-07-24T09:39:14","modified_gmt":"2025-07-24T09:39:14","slug":"cours-de-beaux-arts","status":"publish","type":"page","link":"https:\/\/adg.it\/fr\/cours-de-beaux-arts\/","title":{"rendered":"Cours de beaux-arts \u00e0 Florence"},"content":{"rendered":"[spb_text_block pb_margin_bottom=\u00a0\u00bbno\u00a0\u00bb pb_border_bottom=\u00a0\u00bbno\u00a0\u00bb width=\u00a0\u00bb3\/4&Prime; el_position=\u00a0\u00bbfirst last\u00a0\u00bb]\n<p><strong>Depuis 1995<\/strong> l&rsquo;Accademia del Giglio est une \u00e9cole de beaux-arts, o\u00f9 l&rsquo;on enseigne \u00e0 des \u00e9l\u00e8ves \u00e9trangers ainsi qu&rsquo;\u00e0 des \u00e9leves italiens une grande vari\u00e9t\u00e9 de techniques artistiques, telles que le <strong>dessin<\/strong> (la graphite, le fusain, la sanguine, le crayon et la plume) la <strong>peinture<\/strong> (la d\u00e9trempe, l&rsquo;acrylique, l&rsquo;huile et le pastel), l&rsquo;aquarelle et le fresque.<\/p>\n<p>\u00c0 l&rsquo;Accademia del Giglio on a toujours donn\u00e9 beaucoup d&rsquo;importance \u00e0 la <strong>qualit\u00e9 de l&rsquo;enseignement<\/strong> et des programmes; c&rsquo;est pourquoi tous nos enseignants ont une ma\u00eetrise de beaux-arts ainsi qu&rsquo;une exp\u00e9rience de travail en milieu scolaire d&rsquo;au moins quatre ann\u00e9es.<\/p>\n[\/spb_text_block] [spb_accordion width=\u00a0\u00bb3\/4&Prime; el_position=\u00a0\u00bbfirst last\u00a0\u00bb] [spb_accordion_tab title=\u00a0\u00bbCours de dessin et peinture\u00a0\u00bb accordion_id=\u00a0\u00bb\u00a0\u00bb icon=\u00a0\u00bb\u00a0\u00bb] [spb_text_block pb_margin_bottom=\u00a0\u00bbno\u00a0\u00bb pb_border_bottom=\u00a0\u00bbno\u00a0\u00bb width=\u00a0\u00bb1\/1&Prime; el_position=\u00a0\u00bbfirst last\u00a0\u00bb]\n<p>Apr\u00e8s avoir fr\u00e9quent\u00e9 nos cours de beaux-arts nos \u00e9l\u00e8ves prendront conscience de leur capacit\u00e9s et des progr\u00e8s qu&rsquo;il auront faits et ils pourront ainsi mieux ma\u00eetriser les techniques qu&rsquo;ils auront \u00e9tudi\u00e9es.<\/p>\n<p>Ils d\u00e9couvriront par exemple les r\u00e8gles et les secrets pour r\u00e9aliser un portrait r\u00e9aliste (les plus dou\u00e9s pourront aussi se mesurer avec le portrait psychologique), ils apprendront aussi \u00e0 saisir dans un dessin l&rsquo;harmonie et les justes proportions du corps humain tant avec des esquisses d&rsquo;<strong>un mod\u00e8le posant nu<\/strong> qu&rsquo;avec des \u00e9tudes de l&rsquo;anatomie ou des positions du corps.<\/p>\n<p>Ils pourront en outre r\u00e9aliser leur propre <strong>album artistique<\/strong> de Florence et ses environs ou, s&rsquo;ils pr\u00e9f\u00e8rent, mettre en pratique la th\u00e9orie de la perspective et celle des ombres sur une nature morte. Nos \u00e9l\u00e8ves pourront m\u00eame aborder quelques techniques moins traditionnelles telles que le trompe l&rsquo;oeil ou la xylographie.<\/p>\n[\/spb_text_block] [\/spb_accordion_tab] [spb_accordion_tab title=\u00a0\u00bbPour d\u00e9butants et avanc\u00e9s\u00a0\u00bb accordion_id=\u00a0\u00bb\u00a0\u00bb icon=\u00a0\u00bb\u00a0\u00bb] [spb_text_block pb_margin_bottom=\u00a0\u00bbno\u00a0\u00bb pb_border_bottom=\u00a0\u00bbno\u00a0\u00bb width=\u00a0\u00bb1\/1&Prime; el_position=\u00a0\u00bbfirst last\u00a0\u00bb]\n<p>Nos classes sont compos\u00e9es normalement de <strong>7-8 \u00e9l\u00e8ves<\/strong> (maximum 10) pour faciliter le processus d&rsquo;apprentissage ainsi que pour pour assurer un suivi constant de chaque \u00e9l\u00e8ve, comprendre ses exigences ainsi que ses objectifs, et l\u2019assister dans toute difficult\u00e9 rencontr\u00e9e.<\/p>\n<p>L&rsquo;<strong>ambiance amicale et relax\u00e9e<\/strong> aidera les \u00e9l\u00e8ves \u00e0 apprendre tranquillement les techniques qu&rsquo;ils choisiront d&rsquo;\u00e9tudier parmi la large gamme des cours que nous offrons.<\/p>\n<p>Nos classes peuvent ainsi \u00eatre fr\u00e9quent\u00e9es tant par des \u00e9l\u00e8ves <strong>d\u00e9butants<\/strong> que par des \u00e9l\u00e8ves qui ont d\u00e9j\u00e0 acquis des bases dans le domaine artistique ou qui ont d\u00e9j\u00e0 une<br \/>\n<strong>exp\u00e9rience professionnelle<\/strong>, mais qui d\u00e9sirent am\u00e9liorer un e ou plusieurs techniques.<\/p>\n<p>Les le\u00e7ons se tiennent en <strong><span class=\"color-10\">Anglais<\/span> <\/strong>et en <strong><span class=\"color-10\">Italien<\/span><\/strong> dans notre atelier compl\u00e8tement \u00e9quip\u00e9.<\/p>\n[\/spb_text_block] [\/spb_accordion_tab] [spb_accordion_tab title=\u00a0\u00bbDans l&rsquo;atelier ainsi qu&rsquo;en plein air\u00a0\u00bb accordion_id=\u00a0\u00bb\u00a0\u00bb icon=\u00a0\u00bb\u00a0\u00bb] [spb_text_block pb_margin_bottom=\u00a0\u00bbno\u00a0\u00bb pb_border_bottom=\u00a0\u00bbno\u00a0\u00bb width=\u00a0\u00bb1\/1&Prime; el_position=\u00a0\u00bbfirst last\u00a0\u00bb]\n<p>L\u2019Accademia del Giglio a son si\u00e8ge <strong>au c\u0153ur de la ville<\/strong>, dans un palais du 19\u00e8me si\u00e8cle. Elle est situ\u00e9e en face du Mus\u00e9e National du \u201cBargello\u201d, non loin de la cath\u00e9drale et de la Galerie des Offices.<\/p>\n<p>Nos \u00e9l\u00e8ves peuvent aussi prendre part \u00e0 des <strong>le\u00e7ons en plein air<\/strong> dans les rues, les places et les jardins de Florence.<\/p>\n<p>G\u00e9n\u00e9ralement les cours se tiennent l&rsquo;<strong>apr\u00e8s-midi<\/strong> pendant la semaine, mais les s\u00e9minaires intensifs ainsi que les ateliers peuvent avoir lieu m\u00eame le <strong>matin<\/strong> ou pendant le <strong>fin de semaine<\/strong>.<\/p>\n[\/spb_text_block] [\/spb_accordion_tab] [spb_accordion_tab title=\u00a0\u00bbNotre atelier\u00a0\u00bb accordion_id=\u00a0\u00bb\u00a0\u00bb icon=\u00a0\u00bb\u00a0\u00bb] [spb_text_block pb_margin_bottom=\u00a0\u00bbno\u00a0\u00bb pb_border_bottom=\u00a0\u00bbno\u00a0\u00bb width=\u00a0\u00bb1\/1&Prime; el_position=\u00a0\u00bbfirst last\u00a0\u00bb]\n<p>Dans notre atelier nous organisons des cours de:<\/p>\n<ul>\n<li>dessin, fusain et dessin \u00e0 la craie rouge;<\/li>\n<li>peinture, peinture \u00e0 l&rsquo;huile et tempera;<\/li>\n<li>fresque;<\/li>\n<li>aquarelle;<\/li>\n<li>gravure sur bois;<\/li>\n<li>cours de nu avec mod\u00e8le;<\/li>\n<li>s\u00e9minaires intensifs de techniques artistiques diff\u00e9rentes.<\/li>\n<\/ul>\n<p>Tous les cours sont tenus tant en anglais qu&rsquo;en italien dans une atmosph\u00e8re agr\u00e9able et internationale.<\/p>\n[\/spb_text_block] [\/spb_accordion_tab] [\/spb_accordion] [spb_column width=\u00a0\u00bb3\/4&Prime; el_position=\u00a0\u00bbfirst last\u00a0\u00bb] [spb_single_image image=\u00a0\u00bb6802&Prime; image_size=\u00a0\u00bbfull\u00a0\u00bb frame=\u00a0\u00bbglowframe\u00a0\u00bb intro_animation=\u00a0\u00bbnone\u00a0\u00bb full_width=\u00a0\u00bbno\u00a0\u00bb lightbox=\u00a0\u00bbno\u00a0\u00bb image_link=\u00a0\u00bbhttps:\/\/adg.it\/fr\/cours-de-dessin-et-peinture\u00a0\u00bb link_target=\u00a0\u00bb_self\u00a0\u00bb width=\u00a0\u00bb1\/3&Prime; el_position=\u00a0\u00bbfirst\u00a0\u00bb] [spb_text_block title=\u00a0\u00bbDessin et Peinture\u00a0\u00bb pb_margin_bottom=\u00a0\u00bbno\u00a0\u00bb pb_border_bottom=\u00a0\u00bbno\u00a0\u00bb width=\u00a0\u00bb2\/3&Prime; el_position=\u00a0\u00bblast\u00a0\u00bb]\n<p style=\"text-align: center;\">Cours de dessin et peinture de base et avanc\u00e9e: 9 unit\u00e9s pour explorer toutes les techniques classiques du fusain au d\u00e9trempe, du huile au fresque&#8230;<\/p>\n<p style=\"text-align: center;\"><a class=\"sf-button standard orange standard  dropshadow\" href=\"https:\/\/adg.it\/fr\/cours-de-dessin-et-peinture\" target=\"_self\"><span class=\"text\">Renseignements<\/span><\/a><\/p>\n[\/spb_text_block] [\/spb_column] [spb_column width=\u00a0\u00bb3\/4&Prime; el_position=\u00a0\u00bbfirst last\u00a0\u00bb] [spb_single_image image=\u00a0\u00bb11054&Prime; image_size=\u00a0\u00bbfull\u00a0\u00bb frame=\u00a0\u00bbglowframe\u00a0\u00bb intro_animation=\u00a0\u00bbnone\u00a0\u00bb full_width=\u00a0\u00bbno\u00a0\u00bb lightbox=\u00a0\u00bbno\u00a0\u00bb image_link=\u00a0\u00bbhttps:\/\/adg.it\/fr\/dessin-peinture-avances\/\u00a0\u00bb link_target=\u00a0\u00bb_self\u00a0\u00bb width=\u00a0\u00bb1\/3&Prime; el_position=\u00a0\u00bbfirst\u00a0\u00bb] [spb_text_block title=\u00a0\u00bbTechniques avanc\u00e9es\u00a0\u00bb pb_margin_bottom=\u00a0\u00bbno\u00a0\u00bb pb_border_bottom=\u00a0\u00bbno\u00a0\u00bb width=\u00a0\u00bb2\/3&Prime; el_position=\u00a0\u00bblast\u00a0\u00bb]\n<p style=\"text-align: center;\">Pour ces \u00e9l\u00e8ves qui sont d\u00e9termin\u00e9s \u00e0 relever de plus grands d\u00e9fis artistiques gr\u00e2ce \u00e0 la pratique de plusieurs techniques de dessin et de peinture.<\/p>\n<p style=\"text-align: center;\"><a class=\"sf-button standard orange standard  dropshadow\" href=\"https:\/\/adg.it\/fr\/dessin-peinture-avances\/\" target=\"_self\"><span class=\"text\">Renseignements<\/span><\/a><\/p>\n[\/spb_text_block] [\/spb_column] [spb_column width=\u00a0\u00bb3\/4&Prime; el_position=\u00a0\u00bbfirst last\u00a0\u00bb] [spb_single_image image=\u00a0\u00bb17906&Prime; image_size=\u00a0\u00bbfull\u00a0\u00bb frame=\u00a0\u00bbborderframe\u00a0\u00bb intro_animation=\u00a0\u00bbnone\u00a0\u00bb full_width=\u00a0\u00bbno\u00a0\u00bb lightbox=\u00a0\u00bbno\u00a0\u00bb image_link=\u00a0\u00bbhttps:\/\/adg.it\/fr\/cours-de-nu\/\u00a0\u00bb link_target=\u00a0\u00bb_self\u00a0\u00bb width=\u00a0\u00bb1\/3&Prime; el_position=\u00a0\u00bbfirst\u00a0\u00bb] [spb_text_block title=\u00a0\u00bbCours de nu\u00a0\u00bb pb_margin_bottom=\u00a0\u00bbno\u00a0\u00bb pb_border_bottom=\u00a0\u00bbno\u00a0\u00bb width=\u00a0\u00bb2\/3&Prime; el_position=\u00a0\u00bblast\u00a0\u00bb]\n<p style=\"text-align: center;\">Toutes les notions de l&rsquo;anatomie artistique et les techniques pour dessiner un corps et un visage avec les m\u00e9thodes traditionnelles ou modernes.<\/p>\n<p style=\"text-align: center;\"><a class=\"sf-button standard orange standard  dropshadow\" href=\"https:\/\/adg.it\/fr\/cours-de-nu\/\" target=\"_self\"><span class=\"text\">Renseignements<\/span><\/a><\/p>\n[\/spb_text_block] [\/spb_column] [spb_column width=\u00a0\u00bb3\/4&Prime; el_position=\u00a0\u00bbfirst last\u00a0\u00bb] [spb_single_image image=\u00a0\u00bb21422&Prime; image_size=\u00a0\u00bbfull\u00a0\u00bb frame=\u00a0\u00bbglowframe\u00a0\u00bb intro_animation=\u00a0\u00bbnone\u00a0\u00bb full_width=\u00a0\u00bbno\u00a0\u00bb lightbox=\u00a0\u00bbno\u00a0\u00bb image_link=\u00a0\u00bbhttps:\/\/adg.it\/fr\/cours-de-sculpture\/\u00a0\u00bb link_target=\u00a0\u00bb_self\u00a0\u00bb width=\u00a0\u00bb1\/3&Prime; el_position=\u00a0\u00bbfirst\u00a0\u00bb] [spb_text_block title=\u00a0\u00bbCours de sculpture\u00a0\u00bb pb_margin_bottom=\u00a0\u00bbno\u00a0\u00bb pb_border_bottom=\u00a0\u00bbno\u00a0\u00bb width=\u00a0\u00bb2\/3&Prime; el_position=\u00a0\u00bblast\u00a0\u00bb]\n<p style=\"text-align: center;\">Le cours complet de sculpture \u00e0 l&rsquo;argile est compos\u00e9 de 3 modules : bas-relief et ronde bosse, \u00e9tude de la figure humaine et de la t\u00eate humaine.<\/p>\n<p style=\"text-align: center;\"><a class=\"sf-button standard orange standard  dropshadow\" href=\"https:\/\/adg.it\/fr\/cours-de-sculpture\/\" target=\"_self\"><span class=\"text\">Renseignements<\/span><\/a><\/p>\n[\/spb_text_block] [\/spb_column] [spb_column width=\u00a0\u00bb3\/4&Prime; el_position=\u00a0\u00bbfirst last\u00a0\u00bb] [spb_single_image image=\u00a0\u00bb6781&Prime; image_size=\u00a0\u00bbfull\u00a0\u00bb frame=\u00a0\u00bbglowframe\u00a0\u00bb intro_animation=\u00a0\u00bbnone\u00a0\u00bb full_width=\u00a0\u00bbno\u00a0\u00bb lightbox=\u00a0\u00bbno\u00a0\u00bb image_link=\u00a0\u00bbhttps:\/\/adg.it\/fr\/cours-de-fresque\u00a0\u00bb link_target=\u00a0\u00bb_self\u00a0\u00bb width=\u00a0\u00bb1\/3&Prime; el_position=\u00a0\u00bbfirst\u00a0\u00bb] [spb_text_block title=\u00a0\u00bbCours de fresque\u00a0\u00bb pb_margin_bottom=\u00a0\u00bbno\u00a0\u00bb pb_border_bottom=\u00a0\u00bbno\u00a0\u00bb width=\u00a0\u00bb2\/3&Prime; el_position=\u00a0\u00bblast\u00a0\u00bb]\n<p style=\"text-align: center;\">D\u00e9couvrez tous les secrets d&rsquo;une des plus anciennes techniques utilis\u00e9es par les plus grands artistes italiens du Moyen Age et de la Renaissance.<\/p>\n<p style=\"text-align: center;\"><a class=\"sf-button standard orange standard  dropshadow\" href=\"https:\/\/adg.it\/fr\/cours-de-fresque\" target=\"_self\"><span class=\"text\">Renseignements<\/span><\/a><\/p>\n[\/spb_text_block] [\/spb_column] [spb_column width=\u00a0\u00bb3\/4&Prime; el_position=\u00a0\u00bbfirst last\u00a0\u00bb] [spb_single_image image=\u00a0\u00bb6303&Prime; image_size=\u00a0\u00bbfull\u00a0\u00bb frame=\u00a0\u00bbglowframe\u00a0\u00bb intro_animation=\u00a0\u00bbnone\u00a0\u00bb full_width=\u00a0\u00bbno\u00a0\u00bb lightbox=\u00a0\u00bbno\u00a0\u00bb link_target=\u00a0\u00bb_self\u00a0\u00bb width=\u00a0\u00bb1\/3&Prime; el_position=\u00a0\u00bbfirst\u00a0\u00bb] [spb_text_block title=\u00a0\u00bbCours de deux ans d&rsquo;arts visuels\u00a0\u00bb pb_margin_bottom=\u00a0\u00bbno\u00a0\u00bb pb_border_bottom=\u00a0\u00bbno\u00a0\u00bb width=\u00a0\u00bb2\/3&Prime; el_position=\u00a0\u00bblast\u00a0\u00bb]\n<p style=\"text-align: center;\">Un cours de deux ann\u00e9es pour r\u00e9pondre aux besoins de ceux qui veulent affiner leurs comp\u00e9tences et d&rsquo;essayer diff\u00e9rentes techniques et mat\u00e9riaux.<\/p>\n<p style=\"text-align: center;\"><a class=\"sf-button standard orange standard  dropshadow\" href=\"https:\/\/adg.it\/it\/corso-biennale-di-tecniche-artistiche\/\" target=\"_self\"><span class=\"text\">italien<\/span><\/a> ou <a class=\"sf-button standard orange standard  dropshadow\" href=\"https:\/\/adg.it\/en\/art-classes-long-term\/\" target=\"_self\"><span class=\"text\">anglais<\/span><\/a><\/p>\n[\/spb_text_block] [\/spb_column] [spb_column width=\u00a0\u00bb3\/4&Prime; el_position=\u00a0\u00bbfirst last\u00a0\u00bb] [spb_single_image image=\u00a0\u00bb21378&Prime; image_size=\u00a0\u00bbfull\u00a0\u00bb frame=\u00a0\u00bbglowframe\u00a0\u00bb intro_animation=\u00a0\u00bbnone\u00a0\u00bb full_width=\u00a0\u00bbno\u00a0\u00bb lightbox=\u00a0\u00bbno\u00a0\u00bb image_link=\u00a0\u00bbhttps:\/\/adg.it\/fr\/seminaires-de-beaux-arts\u00a0\u00bb link_target=\u00a0\u00bb_self\u00a0\u00bb width=\u00a0\u00bb1\/3&Prime; el_position=\u00a0\u00bbfirst\u00a0\u00bb] [spb_text_block title=\u00a0\u00bbS\u00e9minaires d&rsquo;art\u00a0\u00bb pb_margin_bottom=\u00a0\u00bbno\u00a0\u00bb pb_border_bottom=\u00a0\u00bbno\u00a0\u00bb width=\u00a0\u00bb2\/3&Prime; el_position=\u00a0\u00bblast\u00a0\u00bb]\n<p style=\"text-align: center;\">Cours Intensif hebdomadaires de sketchbook du paysage, portrait, aquarelle, sanguine,\u00a0fresques, trompe-l&rsquo;\u0153il et d&rsquo;autres techniques classiques.<\/p>\n<p style=\"text-align: center;\"><a class=\"sf-button standard orange standard  dropshadow\" href=\"https:\/\/adg.it\/fr\/seminaires-de-beaux-arts\" target=\"_self\"><span class=\"text\">Renseignements<\/span><\/a><\/p>\n[\/spb_text_block] [\/spb_column] [spb_column width=\u00a0\u00bb3\/4&Prime; el_position=\u00a0\u00bbfirst last\u00a0\u00bb] [spb_single_image image=\u00a0\u00bb13246&Prime; image_size=\u00a0\u00bbfull\u00a0\u00bb frame=\u00a0\u00bbglowframe\u00a0\u00bb intro_animation=\u00a0\u00bbnone\u00a0\u00bb full_width=\u00a0\u00bbno\u00a0\u00bb lightbox=\u00a0\u00bbno\u00a0\u00bb image_link=\u00a0\u00bbhttps:\/\/adg.it\/fr\/cours-art-un-jour\/\u00a0\u00bb link_target=\u00a0\u00bb_self\u00a0\u00bb width=\u00a0\u00bb1\/3&Prime; el_position=\u00a0\u00bbfirst\u00a0\u00bb] [spb_text_block title=\u00a0\u00bbUne journ\u00e9e d&rsquo;art \u00e0 Florence\u00a0\u00bb pb_margin_bottom=\u00a0\u00bbno\u00a0\u00bb pb_border_bottom=\u00a0\u00bbno\u00a0\u00bb width=\u00a0\u00bb2\/3&Prime; el_position=\u00a0\u00bblast\u00a0\u00bb]\n<p style=\"text-align: center;\">Une journ\u00e9e en atelier ou en plein air \u00e0 Florence consacr\u00e9e aux beaux-arts. Dessinez et peignez dans l&rsquo;atmosph\u00e8re de la Renaissance et capturez des croquis des vues magnifiques de la ville.<\/p>\n<p style=\"text-align: center;\"><a class=\"sf-button standard orange standard  dropshadow\" href=\"https:\/\/adg.it\/fr\/cours-art-un-jour\/\" target=\"_self\"><span class=\"text\">Renseignements<\/span><\/a><\/p>\n[\/spb_text_block] [\/spb_column] [spb_column width=\u00a0\u00bb3\/4&Prime; el_position=\u00a0\u00bbfirst last\u00a0\u00bb] [spb_single_image image=\u00a0\u00bb26876&Prime; image_size=\u00a0\u00bbfull\u00a0\u00bb frame=\u00a0\u00bbglowframe\u00a0\u00bb intro_animation=\u00a0\u00bbnone\u00a0\u00bb full_width=\u00a0\u00bbno\u00a0\u00bb lightbox=\u00a0\u00bbno\u00a0\u00bb image_link=\u00a0\u00bbhttps:\/\/adg.it\/fr\/journee-art-en-toscane\/\u00a0\u00bb link_target=\u00a0\u00bb_self\u00a0\u00bb width=\u00a0\u00bb1\/3&Prime; el_position=\u00a0\u00bbfirst\u00a0\u00bb] [spb_text_block title=\u00a0\u00bbUn jour d&rsquo;art en Toscane\u00a0\u00bb pb_margin_bottom=\u00a0\u00bbno\u00a0\u00bb pb_border_bottom=\u00a0\u00bbno\u00a0\u00bb width=\u00a0\u00bb2\/3&Prime; el_position=\u00a0\u00bblast\u00a0\u00bb]\n<p style=\"text-align: center;\">Vivez une journ\u00e9e intensive consacr\u00e9e \u00e0 l&rsquo;art dans votre cadre toscan pr\u00e9f\u00e9r\u00e9, que ce soit les charmantes collines du Chianti, les villes m\u00e9di\u00e9vales de Sienne ou San Gimignano, ou encore la ville de Lucques.<\/p>\n<p style=\"text-align: center;\"><a class=\"sf-button standard orange standard  dropshadow\" href=\"https:\/\/adg.it\/fr\/journee-art-en-toscane\/\" target=\"_self\"><span class=\"text\">Renseignements<\/span><\/a><\/p>\n[\/spb_text_block] [\/spb_column] [spb_column width=\u00a0\u00bb3\/4&Prime; el_position=\u00a0\u00bbfirst last\u00a0\u00bb] [spb_single_image image=\u00a0\u00bb8396&Prime; image_size=\u00a0\u00bbfull\u00a0\u00bb frame=\u00a0\u00bbglowframe\u00a0\u00bb intro_animation=\u00a0\u00bbnone\u00a0\u00bb full_width=\u00a0\u00bbno\u00a0\u00bb lightbox=\u00a0\u00bbno\u00a0\u00bb image_link=\u00a0\u00bbhttps:\/\/adg.it\/fr\/cours-art-week-end\/\u00a0\u00bb link_target=\u00a0\u00bb_self\u00a0\u00bb width=\u00a0\u00bb1\/3&Prime; el_position=\u00a0\u00bbfirst\u00a0\u00bb] [spb_text_block title=\u00a0\u00bbFin de semaine d&rsquo;art\u00a0\u00bb pb_margin_bottom=\u00a0\u00bbno\u00a0\u00bb pb_border_bottom=\u00a0\u00bbno\u00a0\u00bb width=\u00a0\u00bb2\/3&Prime; el_position=\u00a0\u00bblast\u00a0\u00bb]\n<p style=\"text-align: center;\">Cours super-intensifs particuliers ou de petits groupes d&rsquo;une ou plusieurs techniques artistiques. Les cours ont lieu dans le studio ou en plein air.<\/p>\n<p style=\"text-align: center;\"><a class=\"sf-button standard orange standard  dropshadow\" href=\"https:\/\/adg.it\/fr\/cours-art-week-end\/\" target=\"_self\"><span class=\"text\">Renseignements<\/span><\/a><\/p>\n[\/spb_text_block] [\/spb_column] [spb_column width=\u00a0\u00bb3\/4&Prime; el_position=\u00a0\u00bbfirst last\u00a0\u00bb] [spb_single_image image=\u00a0\u00bb6791&Prime; image_size=\u00a0\u00bbfull\u00a0\u00bb frame=\u00a0\u00bbglowframe\u00a0\u00bb intro_animation=\u00a0\u00bbnone\u00a0\u00bb full_width=\u00a0\u00bbno\u00a0\u00bb lightbox=\u00a0\u00bbno\u00a0\u00bb image_link=\u00a0\u00bbhttps:\/\/adg.it\/fr\/academies-des-beaux-arts\/\u00a0\u00bb link_target=\u00a0\u00bb_self\u00a0\u00bb width=\u00a0\u00bb1\/3&Prime; el_position=\u00a0\u00bbfirst\u00a0\u00bb] [spb_text_block title=\u00a0\u00bbCours pr\u00e9paratoire Acad\u00e9mies des Beaux-Arts\u00a0\u00bb pb_margin_bottom=\u00a0\u00bbno\u00a0\u00bb pb_border_bottom=\u00a0\u00bbno\u00a0\u00bb width=\u00a0\u00bb2\/3&Prime; el_position=\u00a0\u00bblast\u00a0\u00bb]\n<p style=\"text-align: center;\">Exercices et simulations pour l&rsquo;examen de peinture, graphisme, sculpture, d\u00e9coration, sc\u00e9nographie, des Acad\u00e9mies des Beaux-Arts italiennes.<\/p>\n<p style=\"text-align: center;\"><a class=\"sf-button standard orange standard  dropshadow\" href=\"https:\/\/adg.it\/fr\/academies-des-beaux-arts\/\" target=\"_self\"><span class=\"text\">Renseignements<\/span><\/a><\/p>\n[\/spb_text_block] [\/spb_column]<\/p>\n","protected":false},"excerpt":{"rendered":"<p>[spb_text_block pb_margin_bottom=\u00a0\u00bbno\u00a0\u00bb pb_border_bottom=\u00a0\u00bbno\u00a0\u00bb width=\u00a0\u00bb3\/4&Prime; el_position=\u00a0\u00bbfirst last\u00a0\u00bb] Depuis 1995 l&rsquo;Accademia del Giglio est une \u00e9cole de beaux-arts, o\u00f9 l&rsquo;on enseigne \u00e0 des \u00e9l\u00e8ves \u00e9trangers ainsi qu&rsquo;\u00e0 des \u00e9leves italiens une grande vari\u00e9t\u00e9 de techniques artistiques, telles que le dessin (la graphite, le fusain, la sanguine, le crayon et la plume) la peinture (la d\u00e9trempe, l&rsquo;acrylique, l&rsquo;huile et le pastel), l&rsquo;aquarelle et [&hellip;]<\/p>\n","protected":false},"author":27,"featured_media":0,"parent":0,"menu_order":0,"comment_status":"closed","ping_status":"closed","template":"","meta":{"_joinchat":[],"footnotes":""},"class_list":["post-8218","page","type-page","status-publish","hentry"],"aioseo_notices":[],"_links":{"self":[{"href":"https:\/\/adg.it\/fr\/wp-json\/wp\/v2\/pages\/8218","targetHints":{"allow":["GET"]}}],"collection":[{"href":"https:\/\/adg.it\/fr\/wp-json\/wp\/v2\/pages"}],"about":[{"href":"https:\/\/adg.it\/fr\/wp-json\/wp\/v2\/types\/page"}],"author":[{"embeddable":true,"href":"https:\/\/adg.it\/fr\/wp-json\/wp\/v2\/users\/27"}],"replies":[{"embeddable":true,"href":"https:\/\/adg.it\/fr\/wp-json\/wp\/v2\/comments?post=8218"}],"version-history":[{"count":1,"href":"https:\/\/adg.it\/fr\/wp-json\/wp\/v2\/pages\/8218\/revisions"}],"predecessor-version":[{"id":26895,"href":"https:\/\/adg.it\/fr\/wp-json\/wp\/v2\/pages\/8218\/revisions\/26895"}],"wp:attachment":[{"href":"https:\/\/adg.it\/fr\/wp-json\/wp\/v2\/media?parent=8218"}],"curies":[{"name":"wp","href":"https:\/\/api.w.org\/{rel}","templated":true}]}}