{"id":8216,"date":"2015-05-13T10:02:54","date_gmt":"2015-05-13T10:02:54","guid":{"rendered":"http:\/\/wp.adg.it\/?page_id=8216"},"modified":"2026-02-02T10:15:42","modified_gmt":"2026-02-02T10:15:42","slug":"personnel-enseignant","status":"publish","type":"page","link":"https:\/\/adg.it\/fr\/personnel-enseignant\/","title":{"rendered":"Le personnel enseignant"},"content":{"rendered":"[team item_columns=\u00a0\u00bb3&Prime; item_count=\u00a0\u00bb12&Prime; category=\u00a0\u00bbAll\u00a0\u00bb pagination=\u00a0\u00bbno\u00a0\u00bb el_class=\u00a0\u00bbpb0 mb0&Prime; width=\u00a0\u00bb1\/1&Prime; el_position=\u00a0\u00bbfirst last\u00a0\u00bb] [blank_spacer height=\u00a0\u00bb40px\u00a0\u00bb width=\u00a0\u00bb1\/1&Prime; el_position=\u00a0\u00bbfirst last\u00a0\u00bb] [spb_text_block title=\u00a0\u00bbAffectation des enseignants : \u00e0 quoi s&rsquo;attendre\u00a0\u00bb pb_margin_bottom=\u00a0\u00bbno\u00a0\u00bb pb_border_bottom=\u00a0\u00bbno\u00a0\u00bb width=\u00a0\u00bb1\/1&Prime; el_position=\u00a0\u00bbfirst last\u00a0\u00bb]\n<div dir=\"auto\">Les futurs \u00e9tudiants demandent souvent qui sera leur enseignant bien avant la date de d\u00e9but des cours. Malheureusement, il n&rsquo;est pas possible de d\u00e9terminer ou de garantir un enseignant sp\u00e9cifique plusieurs mois \u00e0 l&rsquo;avance, car l&#8217;emploi du temps et l&rsquo;affectation des enseignants sont g\u00e9n\u00e9ralement finalis\u00e9s environ 10 jours avant le d\u00e9but des cours.<\/div>\n<div dir=\"auto\"><\/div>\n<div dir=\"auto\">De plus, il n&rsquo;est pas possible de garantir un professeur sp\u00e9cifique dans toutes les circonstances, car des situations impr\u00e9vues peuvent survenir (telles que maladie, cong\u00e9 personnel ou vacances).<\/div>\n<div dir=\"auto\"><\/div>\n<div dir=\"auto\">Ce que nous pouvons garantir, c&rsquo;est notre engagement total \u00e0 vous attribuer le professeur le plus adapt\u00e9 \u00e0 votre cours : un professionnel qualifi\u00e9 et attentif qui vous accompagnera pas \u00e0 pas, en tenant compte de vos objectifs, de vos int\u00e9r\u00eats et de vos comp\u00e9tences artistiques. Si n\u00e9cessaire, l&rsquo;\u00e9cole assure toujours la continuit\u00e9 de l&rsquo;enseignement en fournissant un professeur rempla\u00e7ant qualifi\u00e9.<\/div>\n<div dir=\"auto\"><\/div>\n[\/spb_text_block] [blank_spacer height=\u00a0\u00bb40px\u00a0\u00bb width=\u00a0\u00bb1\/1&Prime; el_position=\u00a0\u00bbfirst last\u00a0\u00bb] [spb_text_block title=\u00a0\u00bbPlus que des artistes : des enseignants d\u00e9vou\u00e9s\u00a0\u00bb pb_margin_bottom=\u00a0\u00bbno\u00a0\u00bb pb_border_bottom=\u00a0\u00bbno\u00a0\u00bb width=\u00a0\u00bb1\/1&Prime; el_position=\u00a0\u00bbfirst last\u00a0\u00bb]\n<div dir=\"auto\">\n<div dir=\"auto\">De nombreux \u00e9tudiants potentiels demandent \u00e9galement si nos professeurs sont des artistes reconnus ou si leur style artistique correspond \u00e0 leurs propres pr\u00e9f\u00e9rences. Nous tenons \u00e0 clarifier un point important : nos professeurs sont avant tout des enseignants, en plus d&rsquo;\u00eatre des artistes professionnels.<\/div>\n<div dir=\"auto\"><\/div>\n<div dir=\"auto\">Leur plus grande force n&rsquo;est pas seulement leur talent artistique, mais surtout leur capacit\u00e9 \u00e0 enseigner et \u00e0 transmettre clairement leurs connaissances et leurs comp\u00e9tences, acquises au fil de nombreuses ann\u00e9es d&rsquo;exp\u00e9rience dans l&rsquo;enseignement. \u00catre un bon artiste ne signifie pas automatiquement \u00eatre un bon enseignant.<\/div>\n<div dir=\"auto\"><\/div>\n<div dir=\"auto\">M\u00eame si les go\u00fbts artistiques personnels d&rsquo;un professeur diff\u00e8rent des v\u00f4tres, il est pleinement qualifi\u00e9 pour enseigner de mani\u00e8re professionnelle et comp\u00e9tente un large \u00e9ventail de styles, de techniques et d&rsquo;approches artistiques. L&rsquo;histoire de l&rsquo;art nous montre \u00e9galement que de nombreux grands artistes, tels que Michel-Ange, Vermeer ou Caravage, n&rsquo;\u00e9taient pas particuli\u00e8rement int\u00e9ress\u00e9s par l&rsquo;enseignement ou le travail en \u00e9troite collaboration avec des \u00e9tudiants.<\/div>\n<div dir=\"auto\">C&rsquo;est pourquoi notre priorit\u00e9 est de vous proposer d&rsquo;excellents enseignants, capables de vous guider et de vous soutenir v\u00e9ritablement dans votre d\u00e9veloppement artistique, plut\u00f4t que de simples artistes connus ou reconnus.<\/div>\n<\/div>\n<div dir=\"auto\"><\/div>\n[\/spb_text_block] [blank_spacer height=\u00a0\u00bb40px\u00a0\u00bb width=\u00a0\u00bb1\/1&Prime; el_position=\u00a0\u00bbfirst last\u00a0\u00bb] [impact_text include_button=\u00a0\u00bbyes\u00a0\u00bb button_style=\u00a0\u00bbstandard\u00a0\u00bb title=\u00a0\u00bbEN SAVOIR PLUS SUR ADG\u00a0\u00bb href=\u00a0\u00bbhttps:\/\/adg.it\/fr\/a-propos-de-accademia-del-giglio\/\u00a0\u00bb color=\u00a0\u00bbaccent\u00a0\u00bb target=\u00a0\u00bb_self\u00a0\u00bb position=\u00a0\u00bbcta_align_right\u00a0\u00bb alt_background=\u00a0\u00bbnone\u00a0\u00bb width=\u00a0\u00bb1\/1&Prime; el_position=\u00a0\u00bbfirst last\u00a0\u00bb]\n<p class=\"impact-text\">Accademia del Giglio \u2013 Langue italienne, Beaux-Arts et Culture Italienne \u00e0 Florence depuis 1995<\/p>\n[\/impact_text] [blank_spacer height=\u00a0\u00bb30px\u00a0\u00bb width=\u00a0\u00bb1\/1&Prime; el_position=\u00a0\u00bbfirst last\u00a0\u00bb]\n","protected":false},"excerpt":{"rendered":"<p>[team item_columns=\u00a0\u00bb3&Prime; item_count=\u00a0\u00bb12&Prime; category=\u00a0\u00bbAll\u00a0\u00bb pagination=\u00a0\u00bbno\u00a0\u00bb el_class=\u00a0\u00bbpb0 mb0&Prime; width=\u00a0\u00bb1\/1&Prime; el_position=\u00a0\u00bbfirst last\u00a0\u00bb] [blank_spacer height=\u00a0\u00bb40px\u00a0\u00bb width=\u00a0\u00bb1\/1&Prime; el_position=\u00a0\u00bbfirst last\u00a0\u00bb] [spb_text_block title=\u00a0\u00bbAffectation des enseignants : \u00e0 quoi s&rsquo;attendre\u00a0\u00bb pb_margin_bottom=\u00a0\u00bbno\u00a0\u00bb pb_border_bottom=\u00a0\u00bbno\u00a0\u00bb width=\u00a0\u00bb1\/1&Prime; el_position=\u00a0\u00bbfirst last\u00a0\u00bb] Les futurs \u00e9tudiants demandent souvent qui sera leur enseignant bien avant la date de d\u00e9but des cours. Malheureusement, il n&rsquo;est pas possible de d\u00e9terminer ou de garantir un enseignant sp\u00e9cifique plusieurs mois [&hellip;]<\/p>\n","protected":false},"author":27,"featured_media":0,"parent":0,"menu_order":0,"comment_status":"closed","ping_status":"closed","template":"","meta":{"_joinchat":[],"footnotes":""},"class_list":["post-8216","page","type-page","status-publish","hentry"],"aioseo_notices":[],"_links":{"self":[{"href":"https:\/\/adg.it\/fr\/wp-json\/wp\/v2\/pages\/8216","targetHints":{"allow":["GET"]}}],"collection":[{"href":"https:\/\/adg.it\/fr\/wp-json\/wp\/v2\/pages"}],"about":[{"href":"https:\/\/adg.it\/fr\/wp-json\/wp\/v2\/types\/page"}],"author":[{"embeddable":true,"href":"https:\/\/adg.it\/fr\/wp-json\/wp\/v2\/users\/27"}],"replies":[{"embeddable":true,"href":"https:\/\/adg.it\/fr\/wp-json\/wp\/v2\/comments?post=8216"}],"version-history":[{"count":3,"href":"https:\/\/adg.it\/fr\/wp-json\/wp\/v2\/pages\/8216\/revisions"}],"predecessor-version":[{"id":27583,"href":"https:\/\/adg.it\/fr\/wp-json\/wp\/v2\/pages\/8216\/revisions\/27583"}],"wp:attachment":[{"href":"https:\/\/adg.it\/fr\/wp-json\/wp\/v2\/media?parent=8216"}],"curies":[{"name":"wp","href":"https:\/\/api.w.org\/{rel}","templated":true}]}}