{"id":7931,"date":"2015-05-04T14:43:08","date_gmt":"2015-05-04T14:43:08","guid":{"rendered":"http:\/\/wp.adg.it\/?page_id=7931"},"modified":"2025-09-18T08:11:51","modified_gmt":"2025-09-18T08:11:51","slug":"cours-italien-et-art","status":"publish","type":"page","link":"https:\/\/adg.it\/fr\/cours-italien-et-art\/","title":{"rendered":"Cours d&rsquo;italien et d&rsquo;art"},"content":{"rendered":"<p>[spb_column width=\u00a0\u00bb2\/3&Prime; el_position=\u00a0\u00bbfirst\u00a0\u00bb] [spb_text_block title=\u00a0\u00bbItalien + Art\u00a0\u00bb pb_margin_bottom=\u00a0\u00bbno\u00a0\u00bb pb_border_bottom=\u00a0\u00bbno\u00a0\u00bb width=\u00a0\u00bb1\/1&Prime; el_position=\u00a0\u00bbfirst last\u00a0\u00bb]\n<p>Nos cours d&rsquo;italien se d\u00e9roulent dans un quartier paisible du centre-ville.<\/p>\n<p><strong>Nos classes sont peu nombreuses<\/strong> parce que nous estimons que des classes de petite taille sont essentielles pour faciliter le processus d&rsquo;apprentissage et garantir que l&rsquo;accent est mis sur les besoins d&rsquo;apprentissage de chaque \u00e9tudiant et sur l&rsquo;aide \u00e0 apporter pour surmonter les difficult\u00e9s dans un environnement convivial, tandis que la gamme de cours propos\u00e9s permet \u00e0 l&rsquo;\u00e9tudiant d&rsquo;adapter le programme \u00e0 ses besoins individuels.<\/p>\n<blockquote class=\"blockquote2\">Il existe six niveaux, du d\u00e9butant absolu \u00e0 la ma\u00eetrise, selon le <strong><a class=\"centrino\" href=\"http:\/\/www.coe.int\/t\/dg4\/education\/elp\/\" target=\"_blank\" rel=\"noopener noreferrer\">Portfolio europ\u00e9en<\/a><\/strong> des langues.<\/blockquote>\n<p>Il est possible de combiner un cours d&rsquo;italien en groupe avec un <a href=\"https:\/\/adg.it\/fr\/cours-de-dessin-et-peinture\/\">cours de dessin et de peinture<\/a>.<\/p>\n<p>Les <strong>cours d&rsquo;italien<\/strong> ont lieu le matin, du lundi au vendredi de 9h00 \u00e0 10h30, <strong>10 le\u00e7ons<\/strong> par semaine.<\/p>\n<p>Les <strong>cours d&rsquo;art<\/strong> ont lieu du lundi au jeudi :<\/p>\n<ul>\n<li>de 11h30 \u00e0 13h00 et de 13h30 \u00e0 17h00 (<strong>20 heures par semaine<\/strong>)<\/li>\n<li>soit uniquement l&rsquo;apr\u00e8s-midi de 13h30 \u00e0 17h (<strong>14 heures par semaine<\/strong>).<\/li>\n<\/ul>\n[\/spb_text_block] [boxed_content type=\u00a0\u00bbcoloured\u00a0\u00bb pb_margin_bottom=\u00a0\u00bbno\u00a0\u00bb width=\u00a0\u00bb1\/1&Prime; el_position=\u00a0\u00bbfirst last\u00a0\u00bb]\n<p>plus d&rsquo;info<\/p>\n[\/boxed_content] [spb_accordion width=\u00a0\u00bb1\/1&Prime; el_position=\u00a0\u00bbfirst last\u00a0\u00bb] [spb_accordion_tab title=\u00a0\u00bbCaract\u00e9ristiques du cours\u00a0\u00bb accordion_id=\u00a0\u00bb\u00a0\u00bb icon=\u00a0\u00bb\u00a0\u00bb] [spb_text_block pb_margin_bottom=\u00a0\u00bbno\u00a0\u00bb pb_border_bottom=\u00a0\u00bbno\u00a0\u00bb width=\u00a0\u00bb1\/1&Prime; el_position=\u00a0\u00bbfirst last\u00a0\u00bb]\n<p>Les classes sont peu nombreuses afin de maximiser l&rsquo;apprentissage.<\/p>\n<p>Les cours de langue italienne sont propos\u00e9s \u00e0 tous les niveaux, des \u00e9tudiants qui d\u00e9butent \u00e0 ceux qui ont une compr\u00e9hension plus avanc\u00e9e de la langue.<\/p>\n<p>Les \u00e9l\u00e8ves seront test\u00e9s \u00e0 leur arriv\u00e9e et plac\u00e9s dans le niveau appropri\u00e9.<\/p>\n<p>Les \u00e9tudiants sont tenus d&rsquo;assister r\u00e9guli\u00e8rement \u00e0 leurs cours.<\/p>\n[\/spb_text_block] [\/spb_accordion_tab] [spb_accordion_tab title=\u00a0\u00bbCr\u00e9dits et certificats\u00a0\u00bb accordion_id=\u00a0\u00bb\u00a0\u00bb icon=\u00a0\u00bb\u00a0\u00bb] [spb_text_block pb_margin_bottom=\u00a0\u00bbno\u00a0\u00bb pb_border_bottom=\u00a0\u00bbno\u00a0\u00bb width=\u00a0\u00bb1\/1&Prime; el_position=\u00a0\u00bbfirst last\u00a0\u00bb]\n<p>L&rsquo;Accademia del Giglio recommande aux \u00e9tudiants qui souhaitent obtenir des cr\u00e9dits pour leurs \u00e9tudes \u00e0 l&rsquo;\u00e9tranger de se renseigner aupr\u00e8s de leur universit\u00e9 ou de leur \u00e9tablissement d&rsquo;enseignement sup\u00e9rieur avant de s&rsquo;inscrire.<br \/>\nComme la plupart des universit\u00e9s et des coll\u00e8ges consid\u00e8rent que 15 heures d&rsquo;\u00e9tude par trimestre est un niveau acceptable, nous proposons des classes qui fournissent l&rsquo;\u00e9quivalent de 5 heures de cr\u00e9dit par trimestre pour l&rsquo;\u00e9tude de la langue italienne, ainsi que des heures optionnelles pour les \u00e9tudiants qui souhaitent \u00e9tudier d&rsquo;autres modules tels que l&rsquo;histoire de l&rsquo;art, l&rsquo;art d&rsquo;atelier, etc. Veuillez cliquer ici pour obtenir des informations plus d\u00e9taill\u00e9es.<\/p>\n[\/spb_text_block] [\/spb_accordion_tab] [\/spb_accordion] [sf_gallery gallery_id=\u00a0\u00bb6875&Prime; slider_transition=\u00a0\u00bbfade\u00a0\u00bb show_thumbs=\u00a0\u00bbyes\u00a0\u00bb autoplay=\u00a0\u00bbyes\u00a0\u00bb show_captions=\u00a0\u00bbyes\u00a0\u00bb enable_lightbox=\u00a0\u00bbyes\u00a0\u00bb width=\u00a0\u00bb1\/1&Prime; el_position=\u00a0\u00bbfirst last\u00a0\u00bb] [boxed_content type=\u00a0\u00bbcoloured\u00a0\u00bb pb_margin_bottom=\u00a0\u00bbno\u00a0\u00bb width=\u00a0\u00bb1\/1&Prime; el_position=\u00a0\u00bbfirst last\u00a0\u00bb]\n<p>Frais de scolarit\u00e9<\/p>\n[\/boxed_content] [spb_accordion width=\u00a0\u00bb1\/1&Prime; el_position=\u00a0\u00bbfirst last\u00a0\u00bb] [spb_accordion_tab title=\u00a0\u00bbItalien + Art\u00a0\u00bb accordion_id=\u00a0\u00bb\u00a0\u00bb icon=\u00a0\u00bb\u00a0\u00bb] [spb_text_block title=\u00a0\u00bb10 + 20 heures par semaine\u00a0\u00bb pb_margin_bottom=\u00a0\u00bbno\u00a0\u00bb pb_border_bottom=\u00a0\u00bbno\u00a0\u00bb width=\u00a0\u00bb1\/1&Prime; el_position=\u00a0\u00bbfirst last\u00a0\u00bb]\n<p>LA1+, 1 semaine, 10 le\u00e7ons de langue italienne + 20 heures de techniques de dessin et de peinture, \u20ac495<br \/>\nLA2+, 2 semaines, 20 le\u00e7ons de langue italienne + 40 heures de techniques de dessin et de peinture, \u20ac865<br \/>\nLA3+, 3 semaines, 30 le\u00e7ons de langue italienne + 60 heures de techniques de dessin et de peinture, \u20ac1195<br \/>\nLA4+, 4 semaines, 40 le\u00e7ons de langue italienne + 80 heures de techniques de dessin et de peinture, \u20ac1595<br \/>\nLA8+, 8 semaines, 80 le\u00e7ons de langue italienne + 160 heures de techniques de dessin et de peinture, \u20ac2855<br \/>\nLA12+, 12 semaines, 120 le\u00e7ons de langue italienne + 240 heures de techniques de dessin et de peinture, \u20ac4245<\/p>\n[\/spb_text_block] [spb_text_block title=\u00a0\u00bb10 + 14 heures par semaine\u00a0\u00bb pb_margin_bottom=\u00a0\u00bbno\u00a0\u00bb pb_border_bottom=\u00a0\u00bbno\u00a0\u00bb width=\u00a0\u00bb1\/1&Prime; el_position=\u00a0\u00bbfirst last\u00a0\u00bb]\n<p>LA1, 1 semaine, 10 le\u00e7ons de langue italienne + 14 heures de techniques de dessin et de peinture, \u20ac455<br \/>\nLA2, 2 semaines, 20 le\u00e7ons de langue italienne + 28 heures de techniques de dessin et de peinture, \u20ac795<br \/>\nLA3, 3 semaines, 30 le\u00e7ons de langue italienne + 42 heures de techniques de dessin et de peinture, \u20ac1175<br \/>\nLA4, 4 semaines, 40 le\u00e7ons de langue italienne + 56 heures de techniques de dessin et de peinture, \u20ac1255<br \/>\nLA8, 8 semaines, 80 le\u00e7ons de langue italienne + 112 heures de techniques de dessin et de peinture, \u20ac2385<br \/>\nLA12, 12 semaines, 120 le\u00e7ons de langue italienne + 168 heures de techniques de dessin et de peinture, \u20ac3465<\/p>\n[\/spb_text_block] [\/spb_accordion_tab] [spb_accordion_tab title=\u00a0\u00bbNotez bien\u00a0\u00bb accordion_id=\u00a0\u00bb\u00a0\u00bb icon=\u00a0\u00bb\u00a0\u00bb] [spb_text_block pb_margin_bottom=\u00a0\u00bbno\u00a0\u00bb pb_border_bottom=\u00a0\u00bbno\u00a0\u00bb width=\u00a0\u00bb1\/1&Prime; el_position=\u00a0\u00bbfirst last\u00a0\u00bb]\n<p>1 le\u00e7on de langue italienne = 45 minutes<br \/>\n1 heure de techniques de dessin et de peinture = 60 minutes<\/p>\n[\/spb_text_block] [\/spb_accordion_tab] [spb_accordion_tab title=\u00a0\u00bbLe prix du cours comprend\u00a0\u00bb accordion_id=\u00a0\u00bb\u00a0\u00bb icon=\u00a0\u00bb\u00a0\u00bb] [spb_text_block pb_margin_bottom=\u00a0\u00bbno\u00a0\u00bb pb_border_bottom=\u00a0\u00bbno\u00a0\u00bb width=\u00a0\u00bb1\/1&Prime; el_position=\u00a0\u00bbfirst last\u00a0\u00bb]\n<p>Mat\u00e9riel de cours d&rsquo;italien (le mat\u00e9riel artistique n&rsquo;est pas inclus)<br \/>\nTest d&rsquo;\u00e9valuation et examen final<br \/>\nUn certificat \u00e0 la fin du cours<\/p>\n[\/spb_text_block] [\/spb_accordion_tab] [spb_accordion_tab title=\u00a0\u00bbDates\u00a0\u00bb accordion_id=\u00a0\u00bbdates\u00a0\u00bb icon=\u00a0\u00bb\u00a0\u00bb] [spb_text_block pb_margin_bottom=\u00a0\u00bbno\u00a0\u00bb pb_border_bottom=\u00a0\u00bbno\u00a0\u00bb width=\u00a0\u00bb1\/1&Prime; el_position=\u00a0\u00bbfirst last\u00a0\u00bb]\n<p>Nos cours offrent des dates de d\u00e9but flexibles pour s&rsquo;adapter \u00e0 votre emploi du temps.<\/p>\n<ul>\n<li>Si vous avez d\u00e9j\u00e0 des connaissances en italien, vous pouvez commencer votre programme Art+Italien chaque lundi.<\/li>\n<li>Si vous \u00eates d\u00e9butant en italien, vous pouvez nous rejoindre le premier lundi de chaque mois.<\/li>\n<\/ul>\n<p>Nous proposons parfois des dates de d\u00e9but suppl\u00e9mentaires. Veuillez nous contacter pour plus d&rsquo;informations sur les disponibilit\u00e9s.<\/p>\n[\/spb_text_block] [\/spb_accordion_tab] [\/spb_accordion] [\/spb_column] [spb_column width=\u00a0\u00bb1\/3&Prime; el_position=\u00a0\u00bblast\u00a0\u00bb] [spb_single_image image=\u00a0\u00bb8068&Prime; image_size=\u00a0\u00bbfull\u00a0\u00bb frame=\u00a0\u00bbnoframe\u00a0\u00bb intro_animation=\u00a0\u00bbnone\u00a0\u00bb full_width=\u00a0\u00bbno\u00a0\u00bb lightbox=\u00a0\u00bbno\u00a0\u00bb link_target=\u00a0\u00bb_self\u00a0\u00bb width=\u00a0\u00bb1\/1&Prime; el_position=\u00a0\u00bbfirst last\u00a0\u00bb] [spb_single_image image=\u00a0\u00bb13496&Prime; image_size=\u00a0\u00bbfull\u00a0\u00bb frame=\u00a0\u00bbnoframe\u00a0\u00bb intro_animation=\u00a0\u00bbnone\u00a0\u00bb full_width=\u00a0\u00bbno\u00a0\u00bb lightbox=\u00a0\u00bbyes\u00a0\u00bb image_link=\u00a0\u00bbhttps:\/\/adg.it\/en\/product\/italian-language-and-art-classes\/\u00a0\u00bb link_target=\u00a0\u00bb_self\u00a0\u00bb caption=\u00a0\u00bbItalian + Art\u00a0\u00bb width=\u00a0\u00bb1\/1&Prime; el_position=\u00a0\u00bbfirst last\u00a0\u00bb] [spb_text_block title=\u00a0\u00bbContactez-nous\u00a0\u00bb pb_margin_bottom=\u00a0\u00bbno\u00a0\u00bb pb_border_bottom=\u00a0\u00bbno\u00a0\u00bb width=\u00a0\u00bb1\/1&Prime; el_position=\u00a0\u00bbfirst last\u00a0\u00bb]\n<div class=\"wpforms-container wpforms-container-full\" id=\"wpforms-18575\"><form id=\"wpforms-form-18575\" class=\"wpforms-validate wpforms-form wpforms-ajax-form\" data-formid=\"18575\" method=\"post\" enctype=\"multipart\/form-data\" action=\"\/fr\/wp-json\/wp\/v2\/pages\/7931\" data-token=\"3f3ff71d0b6b1bd44722f799fdef814e\" data-token-time=\"1776200350\"><noscript class=\"wpforms-error-noscript\">Veuillez activer JavaScript dans votre navigateur pour remplir ce formulaire.<\/noscript><div class=\"wpforms-field-container\"><div id=\"wpforms-18575-field_6-container\" class=\"wpforms-field wpforms-field-name\" data-field-id=\"6\"><label class=\"wpforms-field-label\">Nom <span class=\"wpforms-required-label\">*<\/span><\/label><div class=\"wpforms-field-row wpforms-field-large\"><div class=\"wpforms-field-row-block wpforms-first wpforms-one-half\"><input type=\"text\" id=\"wpforms-18575-field_6\" class=\"wpforms-field-name-first wpforms-field-required\" name=\"wpforms[fields][6][first]\" placeholder=\"Votre pr\u00e9nom\" required><label for=\"wpforms-18575-field_6\" class=\"wpforms-field-sublabel after\">First<\/label><\/div><div class=\"wpforms-field-row-block wpforms-one-half\"><input type=\"text\" id=\"wpforms-18575-field_6-last\" class=\"wpforms-field-name-last wpforms-field-required\" name=\"wpforms[fields][6][last]\" placeholder=\"Votre nom\" required><label for=\"wpforms-18575-field_6-last\" class=\"wpforms-field-sublabel after\">Last<\/label><\/div><\/div><\/div><div id=\"wpforms-18575-field_1-container\" class=\"wpforms-field wpforms-field-email\" data-field-id=\"1\"><label class=\"wpforms-field-label\" for=\"wpforms-18575-field_1\">Courrier \u00e9lectronique <span class=\"wpforms-required-label\">*<\/span><\/label><input type=\"email\" id=\"wpforms-18575-field_1\" class=\"wpforms-field-large wpforms-field-required\" name=\"wpforms[fields][1]\" placeholder=\"Votre adresse \u00e9lectronique\" spellcheck=\"false\" required><\/div><div id=\"wpforms-18575-field_2-container\" class=\"wpforms-field wpforms-field-textarea\" data-field-id=\"2\"><label class=\"wpforms-field-label\" for=\"wpforms-18575-field_2\">Message <span class=\"wpforms-required-label\">*<\/span><\/label><textarea id=\"wpforms-18575-field_2\" class=\"wpforms-field-medium wpforms-field-required\" name=\"wpforms[fields][2]\" placeholder=\"\u00c9crivez ici votre message\" required><\/textarea><\/div><\/div><!-- .wpforms-field-container --><div class=\"wpforms-field wpforms-field-hp\"><label for=\"wpforms-18575-field-hp\" class=\"wpforms-field-label\">Message<\/label><input type=\"text\" name=\"wpforms[hp]\" id=\"wpforms-18575-field-hp\" class=\"wpforms-field-medium\"><\/div><div class=\"wpforms-submit-container\" ><input type=\"hidden\" name=\"wpforms[id]\" value=\"18575\"><input type=\"hidden\" name=\"page_title\" value=\"\"><input type=\"hidden\" name=\"page_url\" value=\"https:\/\/adg.it\/fr\/wp-json\/wp\/v2\/pages\/7931\"><input type=\"hidden\" name=\"url_referer\" value=\"\"><button type=\"submit\" name=\"wpforms[submit]\" id=\"wpforms-submit-18575\" class=\"wpforms-submit\" data-alt-text=\"Envoyer\" data-submit-text=\"Envoyer\" aria-live=\"assertive\" value=\"wpforms-submit\">Envoyer<\/button><img loading=\"lazy\" decoding=\"async\" src=\"https:\/\/adg.it\/wp-content\/plugins\/wpforms\/assets\/images\/submit-spin.svg\" class=\"wpforms-submit-spinner\" style=\"display: none;\" width=\"26\" height=\"26\" alt=\"Chargement en cours\"><\/div><\/form><\/div>  <!-- .wpforms-container -->\n[\/spb_text_block] [testimonial title=\u00a0\u00bbT\u00e9moignages\u00a0\u00bb text_size=\u00a0\u00bbnormal\u00a0\u00bb item_count=\u00a0\u00bb2&Prime; order=\u00a0\u00bbrand\u00a0\u00bb category=\u00a0\u00bbitalian-group\u00a0\u00bb pagination=\u00a0\u00bbno\u00a0\u00bb page_link=\u00a0\u00bbno\u00a0\u00bb width=\u00a0\u00bb1\/1&Prime; el_position=\u00a0\u00bbfirst last\u00a0\u00bb] [\/spb_column]<\/p>\n","protected":false},"excerpt":{"rendered":"<p>[spb_column width=\u00a0\u00bb2\/3&Prime; el_position=\u00a0\u00bbfirst\u00a0\u00bb] [spb_text_block title=\u00a0\u00bbItalien + Art\u00a0\u00bb pb_margin_bottom=\u00a0\u00bbno\u00a0\u00bb pb_border_bottom=\u00a0\u00bbno\u00a0\u00bb width=\u00a0\u00bb1\/1&Prime; el_position=\u00a0\u00bbfirst last\u00a0\u00bb] Nos cours d&rsquo;italien se d\u00e9roulent dans un quartier paisible du centre-ville. Nos classes sont peu nombreuses parce que nous estimons que des classes de petite taille sont essentielles pour faciliter le processus d&rsquo;apprentissage et garantir que l&rsquo;accent est mis sur les besoins d&rsquo;apprentissage de chaque \u00e9tudiant et sur [&hellip;]<\/p>\n","protected":false},"author":27,"featured_media":8069,"parent":0,"menu_order":0,"comment_status":"closed","ping_status":"closed","template":"","meta":{"_joinchat":[],"footnotes":""},"class_list":["post-7931","page","type-page","status-publish","has-post-thumbnail","hentry"],"aioseo_notices":[],"_links":{"self":[{"href":"https:\/\/adg.it\/fr\/wp-json\/wp\/v2\/pages\/7931","targetHints":{"allow":["GET"]}}],"collection":[{"href":"https:\/\/adg.it\/fr\/wp-json\/wp\/v2\/pages"}],"about":[{"href":"https:\/\/adg.it\/fr\/wp-json\/wp\/v2\/types\/page"}],"author":[{"embeddable":true,"href":"https:\/\/adg.it\/fr\/wp-json\/wp\/v2\/users\/27"}],"replies":[{"embeddable":true,"href":"https:\/\/adg.it\/fr\/wp-json\/wp\/v2\/comments?post=7931"}],"version-history":[{"count":3,"href":"https:\/\/adg.it\/fr\/wp-json\/wp\/v2\/pages\/7931\/revisions"}],"predecessor-version":[{"id":27098,"href":"https:\/\/adg.it\/fr\/wp-json\/wp\/v2\/pages\/7931\/revisions\/27098"}],"wp:featuredmedia":[{"embeddable":true,"href":"https:\/\/adg.it\/fr\/wp-json\/wp\/v2\/media\/8069"}],"wp:attachment":[{"href":"https:\/\/adg.it\/fr\/wp-json\/wp\/v2\/media?parent=7931"}],"curies":[{"name":"wp","href":"https:\/\/api.w.org\/{rel}","templated":true}]}}