{"id":7874,"date":"2015-05-04T12:47:21","date_gmt":"2015-05-04T12:47:21","guid":{"rendered":"http:\/\/wp.adg.it\/?page_id=7874"},"modified":"2019-12-03T18:38:45","modified_gmt":"2019-12-03T18:38:45","slug":"services-aux-etudiants","status":"publish","type":"page","link":"https:\/\/adg.it\/fr\/services-aux-etudiants\/","title":{"rendered":"Services aux \u00e9tudiants"},"content":{"rendered":"<p>[spb_column width=\u00a0\u00bb1\/2&Prime; el_position=\u00a0\u00bbfirst\u00a0\u00bb] [spb_text_block pb_margin_bottom=\u00a0\u00bbno\u00a0\u00bb pb_border_bottom=\u00a0\u00bbno\u00a0\u00bb width=\u00a0\u00bb1\/1&Prime; el_position=\u00a0\u00bbfirst last\u00a0\u00bb]\n<p>L\u2019\u00e9quipe de l\u2019Accademia del Giglio est en mesure de<br \/>\nfournir gratuitement aux \u00e9tudiants des informations concernant:<\/p>\n<p>&#8211; L\u2019assistance sanitaire, o\u00f9 se soigner en cas de maladie, \u00e0 qui s\u2019adresser en toute confiance.<\/p>\n<p>&#8211; Les transports en commun, l\u2019abonnement aux services d\u2019autobus, les horaires des trains et des avions, les offres sp\u00e9ciales de voyages en Italie et en Europe.<\/p>\n<p>&#8211; Les droits de l\u2019\u00e9l\u00e8ve vis-\u00e0-vis du propri\u00e9taire de son logement (appartement lou\u00e9 ou hotel).<\/p>\n<p>&#8211; Les manifestations culturelles, les expositions \u00e0 Florence et en Italie.<\/p>\n<p>&#8211; L\u2019inscription aux cours des universit\u00e9s, de l\u2019Acad\u00e9mie des Beaux-Arts, des \u00e9coles sp\u00e9ciales g\u00e9r\u00e9es par la province de Florence.<\/p>\n<p>&#8211; Les modalit\u00e9s pour demander le visa avant de venir en Italie, et ensuite pour obtenir ou prolonger le permis de s\u00e9jour pour des raisons d\u2019\u00e9tudes.<\/p>\n[\/spb_text_block] [\/spb_column] [spb_column width=\u00a0\u00bb1\/2&Prime; el_position=\u00a0\u00bblast\u00a0\u00bb] [boxed_content type=\u00a0\u00bbcoloured\u00a0\u00bb pb_margin_bottom=\u00a0\u00bbyes\u00a0\u00bb width=\u00a0\u00bb1\/1&Prime; el_position=\u00a0\u00bbfirst last\u00a0\u00bb]\n<p>Services<\/p>\n[\/boxed_content] [spb_accordion width=\u00a0\u00bb1\/1&Prime; el_position=\u00a0\u00bbfirst last\u00a0\u00bb] [spb_accordion_tab title=\u00a0\u00bbPick-up\u00a0\u00bb] [spb_text_block title=\u00a0\u00bbService de transfert\u00a0\u00bb pb_margin_bottom=\u00a0\u00bbno\u00a0\u00bb pb_border_bottom=\u00a0\u00bbno\u00a0\u00bb width=\u00a0\u00bb1\/1&Prime; el_position=\u00a0\u00bbfirst last\u00a0\u00bb]\n<p>Un membre de l\u2019\u00e9quipe de l\u2019Accademia del Giglio accueillera l\u2019\u00e9tudiant \u00e0 son arriv\u00e9e \u00e0 la gare ou \u00e0 l\u2019a\u00e9roport pour l\u2019accompagner au logement de son s\u00e9jour \u00e0 Florence. Ce service est disponible de 6h du matin \u00e0 minuit, de la gare ou de l\u2019a\u00e9roport de Florence pour un co\u00fbt de 50,00 \u20ac, ou de l\u2019a\u00e9roport de Pise pour un co\u00fbt de 130,00 \u20ac.<\/p>\n[\/spb_text_block] [\/spb_accordion_tab] [spb_accordion_tab title=\u00a0\u00bbGiovanissimo\u00a0\u00bb] [spb_text_block title=\u00a0\u00bbGiovanissimo\u00a0\u00bb pb_margin_bottom=\u00a0\u00bbno\u00a0\u00bb pb_border_bottom=\u00a0\u00bbno\u00a0\u00bb width=\u00a0\u00bb1\/1&Prime; el_position=\u00a0\u00bbfirst last\u00a0\u00bb]\n<p>Le service \u00ab\u00a0Giovanissimo\u00a0\u00bb est destin\u00e9 aux \u00e9l\u00e8ves \u00e2g\u00e9s <strong>de 13 \u00e0 17 ans<\/strong> qui ont besoin d\u2019\u00eatre suivis et pris en charge en dehors des heures de cours et durant les week-ends. Un \u00ab\u00a0tuteur\u00a0\u00bb aidera l\u2019\u00e9tudiant \u00e0 faire ses devoirs l\u2019apr\u00e8s-midi, contr\u00f4lera r\u00e9guli\u00e8rement ses progr\u00e8s dans l\u2019apprentissage de la langue ou des autres disciplines. Le \u00ab\u00a0tuteur\u00a0\u00bb, toujours en contact avec la \u00ab\u00a0famille d\u2019h\u00e9bergement\u00a0\u00bb, donnera en outre son propre num\u00e9ro de t\u00e9l\u00e9phone \u00e0 l\u2019\u00e9l\u00e8ve qui pourra ainsi le contacter en cas d\u2019urgence ou d\u2019extr\u00eame n\u00e9cessit\u00e9. Ce service est accessible pour un co\u00fbt de 150,00 \u20ac par semaine.<\/p>\n[\/spb_text_block] [\/spb_accordion_tab] [spb_accordion_tab title=\u00a0\u00bbWi-Fi\u00a0\u00bb] [spb_text_block title=\u00a0\u00bbConnexion Wi-Fi gratuite\u00a0\u00bb pb_margin_bottom=\u00a0\u00bbno\u00a0\u00bb pb_border_bottom=\u00a0\u00bbno\u00a0\u00bb width=\u00a0\u00bb1\/1&Prime; el_position=\u00a0\u00bbfirst last\u00a0\u00bb]\n<p>Les \u00e9l\u00e8ves de l\u2019Accademia del Giglio peuvent surfer sur Internet gratuitement avec notre ligne ADSL WiFi! En outre ils peuvent disposer d\u2019un service e-mail et surfer sur internet \u00e0 un prix avantageux aupr\u00e8s de plusieurs cybercaf\u00e9s, hautement specialis\u00e9s et li\u00e9s \u00e0 l\u2019\u00e9cole par une convention. La plupart de ces centres offrent aussi d&rsquo;autres services (t\u00e9l\u00e9copie, scanner, imprimante, location de v\u00e9los, de t\u00e9l\u00e9phones portables et d&rsquo;ordinateurs de table).<\/p>\n[\/spb_text_block] [\/spb_accordion_tab] [\/spb_accordion] [\/spb_column]<\/p>\n","protected":false},"excerpt":{"rendered":"<p>[spb_column width=\u00a0\u00bb1\/2&Prime; el_position=\u00a0\u00bbfirst\u00a0\u00bb] [spb_text_block pb_margin_bottom=\u00a0\u00bbno\u00a0\u00bb pb_border_bottom=\u00a0\u00bbno\u00a0\u00bb width=\u00a0\u00bb1\/1&Prime; el_position=\u00a0\u00bbfirst last\u00a0\u00bb] L\u2019\u00e9quipe de l\u2019Accademia del Giglio est en mesure de fournir gratuitement aux \u00e9tudiants des informations concernant: &#8211; L\u2019assistance sanitaire, o\u00f9 se soigner en cas de maladie, \u00e0 qui s\u2019adresser en toute confiance. &#8211; Les transports en commun, l\u2019abonnement aux services d\u2019autobus, les horaires des trains et des avions, les offres sp\u00e9ciales [&hellip;]<\/p>\n","protected":false},"author":27,"featured_media":0,"parent":0,"menu_order":0,"comment_status":"closed","ping_status":"open","template":"","meta":{"_joinchat":[],"footnotes":""},"class_list":["post-7874","page","type-page","status-publish","hentry"],"aioseo_notices":[],"_links":{"self":[{"href":"https:\/\/adg.it\/fr\/wp-json\/wp\/v2\/pages\/7874","targetHints":{"allow":["GET"]}}],"collection":[{"href":"https:\/\/adg.it\/fr\/wp-json\/wp\/v2\/pages"}],"about":[{"href":"https:\/\/adg.it\/fr\/wp-json\/wp\/v2\/types\/page"}],"author":[{"embeddable":true,"href":"https:\/\/adg.it\/fr\/wp-json\/wp\/v2\/users\/27"}],"replies":[{"embeddable":true,"href":"https:\/\/adg.it\/fr\/wp-json\/wp\/v2\/comments?post=7874"}],"version-history":[{"count":0,"href":"https:\/\/adg.it\/fr\/wp-json\/wp\/v2\/pages\/7874\/revisions"}],"wp:attachment":[{"href":"https:\/\/adg.it\/fr\/wp-json\/wp\/v2\/media?parent=7874"}],"curies":[{"name":"wp","href":"https:\/\/api.w.org\/{rel}","templated":true}]}}