{"id":7834,"date":"2015-04-30T13:23:46","date_gmt":"2015-04-30T13:23:46","guid":{"rendered":"http:\/\/wp.adg.it\/?page_id=7834"},"modified":"2025-11-04T11:07:07","modified_gmt":"2025-11-04T11:07:07","slug":"accueil","status":"publish","type":"page","link":"https:\/\/adg.it\/fr\/","title":{"rendered":"Accueil"},"content":{"rendered":"[spb_single_image image=\u00a0\u00bb27332&Prime; image_size=\u00a0\u00bbfull\u00a0\u00bb frame=\u00a0\u00bbnoframe\u00a0\u00bb intro_animation=\u00a0\u00bbnone\u00a0\u00bb full_width=\u00a0\u00bbyes\u00a0\u00bb lightbox=\u00a0\u00bbno\u00a0\u00bb image_link=\u00a0\u00bbhttps:\/\/adg.it\/fr\/seminaires-de-beaux-arts\/\u00a0\u00bb link_target=\u00a0\u00bb_self\u00a0\u00bb width=\u00a0\u00bb1\/1&Prime; el_position=\u00a0\u00bbfirst last\u00a0\u00bb] [spb_column width=\u00a0\u00bb1\/4&Prime; el_position=\u00a0\u00bbfirst\u00a0\u00bb] [spb_icon_box title=\u00a0\u00bbCours de beaux-arts\u00a0\u00bb box_type=\u00a0\u00bbstandard\u00a0\u00bb image=\u00a0\u00bbfa-paint-brush\u00a0\u00bb color=\u00a0\u00bbstandard\u00a0\u00bb link=\u00a0\u00bbhttp:\/\/adg.it\/fr\/cours-de-beaux-arts\u00a0\u00bb target=\u00a0\u00bb_self\u00a0\u00bb animation=\u00a0\u00bbnone\u00a0\u00bb animation_delay=\u00a0\u00bb0&Prime; width=\u00a0\u00bb1\/1&Prime; el_position=\u00a0\u00bbfirst last\u00a0\u00bb]\n<p>Cours de dessin et peinture, s\u00e9minaires intensifs sur plusieurs techniques: dessin du nu, huile, fresque, portrait, aquarelle&#8230;<\/p>\n[\/spb_icon_box] [\/spb_column] [spb_column width=\u00a0\u00bb1\/4&Prime;] [spb_icon_box title=\u00a0\u00bbS\u00e9minaires de beaux-arts\u00a0\u00bb box_type=\u00a0\u00bbstandard\u00a0\u00bb image=\u00a0\u00bbss-write\u00a0\u00bb color=\u00a0\u00bbstandard\u00a0\u00bb link=\u00a0\u00bbhttps:\/\/adg.it\/fr\/seminaires-de-beaux-arts\/\u00a0\u00bb target=\u00a0\u00bb_self\u00a0\u00bb animation=\u00a0\u00bbnone\u00a0\u00bb animation_delay=\u00a0\u00bb0&Prime; width=\u00a0\u00bb1\/1&Prime; el_position=\u00a0\u00bbfirst last\u00a0\u00bb]\n<p>Ateliers hebdomadaires intensifs en art : peinture \u00e0 l&rsquo;huile, \u00e0 la d\u00e9trempe et \u00e0 l&rsquo;acrylique, techniques de dessin de base et avanc\u00e9es, art classique et contemporain.<\/p>\n[\/spb_icon_box] [\/spb_column] [spb_column width=\u00a0\u00bb1\/4&Prime;] [spb_icon_box title=\u00a0\u00bbAutres cours d&rsquo;art\u00a0\u00bb box_type=\u00a0\u00bbstandard\u00a0\u00bb image=\u00a0\u00bbfas fa-university\u00a0\u00bb color=\u00a0\u00bbstandard\u00a0\u00bb link=\u00a0\u00bbhttps:\/\/adg.it\/fr\/cours-de-beaux-arts\/\u00a0\u00bb target=\u00a0\u00bb_self\u00a0\u00bb animation=\u00a0\u00bbnone\u00a0\u00bb animation_delay=\u00a0\u00bb0&Prime; width=\u00a0\u00bb1\/1&Prime; el_position=\u00a0\u00bbfirst last\u00a0\u00bb]\n<p>Cours d&rsquo;art intensifs, \u00e0 court et \u00e0 long terme, \u00e0 Florence : fresque, aquarelle, cours de dessin avanc\u00e9, dessin d&rsquo;apr\u00e8s nature et sculpture avec de l&rsquo;argile.<\/p>\n[\/spb_icon_box] [\/spb_column] [spb_column width=\u00a0\u00bb1\/4&Prime; el_position=\u00a0\u00bblast\u00a0\u00bb] [spb_icon_box title=\u00a0\u00bbGroupes scolaires\u00a0\u00bb box_type=\u00a0\u00bbstandard\u00a0\u00bb image=\u00a0\u00bbfa-users\u00a0\u00bb color=\u00a0\u00bbstandard\u00a0\u00bb link=\u00a0\u00bbhttp:\/\/adg.it\/fr\/cours-pour-groupes-scolaires\u00a0\u00bb target=\u00a0\u00bb_self\u00a0\u00bb animation=\u00a0\u00bbnone\u00a0\u00bb animation_delay=\u00a0\u00bb0&Prime; width=\u00a0\u00bb1\/1&Prime; el_position=\u00a0\u00bbfirst last\u00a0\u00bb]\n<p>Cours de langue italienne, de beaux-arts et de culture pour groupes scolaires. Programmes r\u00e9alis\u00e9s suivant vos exigences.<\/p>\n[\/spb_icon_box] [\/spb_column] [posts_carousel title=\u00a0\u00bbS\u00e9minaires de beaux-arts\u00a0\u00bb item_count=\u00a0\u00bb12&Prime; category=\u00a0\u00bbseminaires-de-beaux-arts\u00a0\u00bb offset=\u00a0\u00bb0&Prime; posts_order=\u00a0\u00bbASC\u00a0\u00bb show_title=\u00a0\u00bbyes\u00a0\u00bb show_excerpt=\u00a0\u00bbno\u00a0\u00bb show_details=\u00a0\u00bbno\u00a0\u00bb excerpt_length=\u00a0\u00bb20&Prime; width=\u00a0\u00bb1\/1&Prime; el_position=\u00a0\u00bbfirst last\u00a0\u00bb] [boxed_content title=\u00a0\u00bbA Florence depuis 1995&Prime; type=\u00a0\u00bbcoloured\u00a0\u00bb pb_margin_bottom=\u00a0\u00bbyes\u00a0\u00bb width=\u00a0\u00bb1\/1&Prime; el_position=\u00a0\u00bbfirst last\u00a0\u00bb]\n<p>L\u2019Accademia del Giglio est une \u00e9cole specialis\u00e9e dans l\u2019enseignement de beaux-arts aux \u00e9trangers et aux italiens.<\/p>\n[\/boxed_content] [spb_toggle title=\u00a0\u00bbPoints forts\u00a0\u00bb open=\u00a0\u00bbfalse\u00a0\u00bb width=\u00a0\u00bb1\/1&Prime; el_position=\u00a0\u00bbfirst last\u00a0\u00bb]\n<p>Il est possibile de suivre les cours de dessin et peinture pendant tout l&rsquo;ann\u00e9e.<\/p>\n<p>Tous nos cours ont lieu dans les locaux de l&rsquo;\u00e9cole et sont dispens\u00e9s par notre personnel enseignant qualifi\u00e9 et exp\u00e9riment\u00e9.<\/p>\n<p>Petites classes : nos classes d&rsquo;art varient de 6 \u00e0 10 \u00e9tudiants.<\/p>\n<p>Wifi gratuit.<\/p>\n<p>Climatisation.<\/p>\n<p>Assistance pour les visas.<\/p>\n<p>R\u00e9ductions pour nos \u00e9tudiants avec notre carte d&rsquo;\u00e9tudiant.<\/p>\n<p>A la Accademia del Giglio nous faisons de notre mieux pour vous offrir des le\u00e7ons de haute qualit\u00e9 dans une ambiance motivante et pour rendre agr\u00e9able votre cours ainsi que votre s\u00e9jour \u00e0 Florence, que nous nous souhaitons vous trouverez aussi inoubliable.<\/p>\n[\/spb_toggle] [spb_toggle title=\u00a0\u00bbDans le berceau de la Renaissance\u00a0\u00bb open=\u00a0\u00bbfalse\u00a0\u00bb width=\u00a0\u00bb1\/1&Prime; el_position=\u00a0\u00bbfirst last\u00a0\u00bb]\n<p>L\u2019Accademia del Giglio a son si\u00e8ge au coeur de la ville, dans un palais du si\u00e8cle dernier. Elle est situ\u00e9e en face du Mus\u00e9e National du Bargello, non loin de la cath\u00e9drale, il Duomo, et de l\u2019H\u00f4tel de Ville, le Palazzo Vecchio.<br \/>\nNos \u00e9l\u00e8ves peuvent ainsi se plonger compl\u00e8tement dans la vie artistique, historique et culturelle de Florence, berceau de la Renaissance, cotoyant les monuments les plus prestigieux de l\u2019art roman, gothique et du XV\u00e8me si\u00e8cle.<\/p>\n[\/spb_toggle] [blank_spacer height=\u00a0\u00bb30px\u00a0\u00bb width=\u00a0\u00bb1\/1&Prime; el_position=\u00a0\u00bbfirst last\u00a0\u00bb] [spb_column width=\u00a0\u00bb1\/3&Prime; el_position=\u00a0\u00bbfirst\u00a0\u00bb] [spb_icon_box title=\u00a0\u00bbOffres sp\u00e9ciales\u00a0\u00bb box_type=\u00a0\u00bbanimated\u00a0\u00bb image=\u00a0\u00bbfas fa-smile\u00a0\u00bb color=\u00a0\u00bbstandard\u00a0\u00bb link=\u00a0\u00bbhttp:\/\/adg.it\/fr\/offres-speciales\u00a0\u00bb target=\u00a0\u00bb_self\u00a0\u00bb animation=\u00a0\u00bbnone\u00a0\u00bb animation_delay=\u00a0\u00bb0&Prime; width=\u00a0\u00bb1\/1&Prime; el_position=\u00a0\u00bbfirst last\u00a0\u00bb]\n<p>Offres sp\u00e9ciales, promos,\u00a0r\u00e9ductions, bourses d&rsquo;\u00e9tudes<\/p>\n[\/spb_icon_box] [\/spb_column] [spb_column width=\u00a0\u00bb1\/3&Prime;] [spb_icon_box title=\u00a0\u00bbT\u00e9moignages d&rsquo;estime\u00a0\u00bb box_type=\u00a0\u00bbanimated\u00a0\u00bb image=\u00a0\u00bbfas fa-bullhorn\u00a0\u00bb color=\u00a0\u00bbstandard\u00a0\u00bb link=\u00a0\u00bbhttp:\/\/adg.it\/fr\/commentaires\u00a0\u00bb target=\u00a0\u00bb_self\u00a0\u00bb animation=\u00a0\u00bbnone\u00a0\u00bb animation_delay=\u00a0\u00bb0&Prime; width=\u00a0\u00bb1\/1&Prime; el_position=\u00a0\u00bbfirst last\u00a0\u00bb]\n<p>Lisez ce que nos anciens \u00e9l\u00e8ves disent de nous<\/p>\n[\/spb_icon_box] [\/spb_column] [spb_column width=\u00a0\u00bb1\/3&Prime; el_position=\u00a0\u00bblast\u00a0\u00bb] [spb_icon_box title=\u00a0\u00bbPhoto album\u00a0\u00bb box_type=\u00a0\u00bbanimated\u00a0\u00bb image=\u00a0\u00bbfa-camera-retro\u00a0\u00bb color=\u00a0\u00bbstandard\u00a0\u00bb link=\u00a0\u00bbhttps:\/\/www.instagram.com\/accademiadelgiglio\/\u00a0\u00bb target=\u00a0\u00bb_blank\u00a0\u00bb animation=\u00a0\u00bbnone\u00a0\u00bb animation_delay=\u00a0\u00bb0&Prime; width=\u00a0\u00bb1\/1&Prime; el_position=\u00a0\u00bbfirst last\u00a0\u00bb]\n<p>Regardez notre photo album sur Instagram<\/p>\n[\/spb_icon_box] [\/spb_column]<\/p>\n","protected":false},"excerpt":{"rendered":"<p>[spb_single_image image=\u00a0\u00bb27332&Prime; image_size=\u00a0\u00bbfull\u00a0\u00bb frame=\u00a0\u00bbnoframe\u00a0\u00bb intro_animation=\u00a0\u00bbnone\u00a0\u00bb full_width=\u00a0\u00bbyes\u00a0\u00bb lightbox=\u00a0\u00bbno\u00a0\u00bb image_link=\u00a0\u00bbhttps:\/\/adg.it\/fr\/seminaires-de-beaux-arts\/\u00a0\u00bb link_target=\u00a0\u00bb_self\u00a0\u00bb width=\u00a0\u00bb1\/1&Prime; el_position=\u00a0\u00bbfirst last\u00a0\u00bb] [spb_column width=\u00a0\u00bb1\/4&Prime; el_position=\u00a0\u00bbfirst\u00a0\u00bb] [spb_icon_box title=\u00a0\u00bbCours de beaux-arts\u00a0\u00bb box_type=\u00a0\u00bbstandard\u00a0\u00bb image=\u00a0\u00bbfa-paint-brush\u00a0\u00bb color=\u00a0\u00bbstandard\u00a0\u00bb link=\u00a0\u00bbhttp:\/\/adg.it\/fr\/cours-de-beaux-arts\u00a0\u00bb target=\u00a0\u00bb_self\u00a0\u00bb animation=\u00a0\u00bbnone\u00a0\u00bb animation_delay=\u00a0\u00bb0&Prime; width=\u00a0\u00bb1\/1&Prime; el_position=\u00a0\u00bbfirst last\u00a0\u00bb] Cours de dessin et peinture, s\u00e9minaires intensifs sur plusieurs techniques: dessin du nu, huile, fresque, portrait, aquarelle&#8230; [\/spb_icon_box] [\/spb_column] [spb_column width=\u00a0\u00bb1\/4&Prime;] [spb_icon_box title=\u00a0\u00bbS\u00e9minaires de beaux-arts\u00a0\u00bb box_type=\u00a0\u00bbstandard\u00a0\u00bb image=\u00a0\u00bbss-write\u00a0\u00bb color=\u00a0\u00bbstandard\u00a0\u00bb link=\u00a0\u00bbhttps:\/\/adg.it\/fr\/seminaires-de-beaux-arts\/\u00a0\u00bb target=\u00a0\u00bb_self\u00a0\u00bb animation=\u00a0\u00bbnone\u00a0\u00bb [&hellip;]<\/p>\n","protected":false},"author":27,"featured_media":0,"parent":0,"menu_order":0,"comment_status":"closed","ping_status":"closed","template":"","meta":{"_joinchat":[],"footnotes":""},"class_list":["post-7834","page","type-page","status-publish","hentry"],"aioseo_notices":[],"_links":{"self":[{"href":"https:\/\/adg.it\/fr\/wp-json\/wp\/v2\/pages\/7834","targetHints":{"allow":["GET"]}}],"collection":[{"href":"https:\/\/adg.it\/fr\/wp-json\/wp\/v2\/pages"}],"about":[{"href":"https:\/\/adg.it\/fr\/wp-json\/wp\/v2\/types\/page"}],"author":[{"embeddable":true,"href":"https:\/\/adg.it\/fr\/wp-json\/wp\/v2\/users\/27"}],"replies":[{"embeddable":true,"href":"https:\/\/adg.it\/fr\/wp-json\/wp\/v2\/comments?post=7834"}],"version-history":[{"count":2,"href":"https:\/\/adg.it\/fr\/wp-json\/wp\/v2\/pages\/7834\/revisions"}],"predecessor-version":[{"id":27336,"href":"https:\/\/adg.it\/fr\/wp-json\/wp\/v2\/pages\/7834\/revisions\/27336"}],"wp:attachment":[{"href":"https:\/\/adg.it\/fr\/wp-json\/wp\/v2\/media?parent=7834"}],"curies":[{"name":"wp","href":"https:\/\/api.w.org\/{rel}","templated":true}]}}