{"id":7790,"date":"2015-04-29T13:04:09","date_gmt":"2015-04-29T13:04:09","guid":{"rendered":"http:\/\/wp.adg.it\/?page_id=7790"},"modified":"2025-05-02T09:51:58","modified_gmt":"2025-05-02T09:51:58","slug":"logement-pour-nos-eleves","status":"publish","type":"page","link":"https:\/\/adg.it\/fr\/logement-pour-nos-eleves\/","title":{"rendered":"Logement pour nos \u00e9l\u00e8ves"},"content":{"rendered":"<p>[spb_column width=\u00a0\u00bb1\/3&Prime; el_position=\u00a0\u00bbfirst\u00a0\u00bb] [sf_gallery gallery_id=\u00a0\u00bb6444&Prime; slider_transition=\u00a0\u00bbslide\u00a0\u00bb show_thumbs=\u00a0\u00bbyes\u00a0\u00bb autoplay=\u00a0\u00bbyes\u00a0\u00bb show_captions=\u00a0\u00bbyes\u00a0\u00bb enable_lightbox=\u00a0\u00bbno\u00a0\u00bb width=\u00a0\u00bb1\/1&Prime; el_position=\u00a0\u00bbfirst last\u00a0\u00bb] [\/spb_column] [spb_column width=\u00a0\u00bb2\/3&Prime; el_position=\u00a0\u00bblast\u00a0\u00bb] [spb_text_block pb_margin_bottom=\u00a0\u00bbno\u00a0\u00bb pb_border_bottom=\u00a0\u00bbno\u00a0\u00bb width=\u00a0\u00bb1\/1&Prime; el_position=\u00a0\u00bbfirst last\u00a0\u00bb]\n<p>Trouver un h\u00e9bergement \u00e0 Florence est g\u00e9n\u00e9ralement facile, avec de nombreuses options en ligne pour r\u00e9pondre \u00e0 divers budgets et besoins. Pour vous aider \u00e0 d\u00e9marrer, voici quelques suggestions. Bonne chance dans votre recherche !<\/p>\n[\/spb_text_block] [boxed_content title=\u00a0\u00bbStudio ou F2&Prime; type=\u00a0\u00bbwhitestroke\u00a0\u00bb custom_bg_colour=\u00a0\u00bb#4e6894&Prime; custom_text_colour=\u00a0\u00bb#FFFFFF\u00a0\u00bb pb_margin_bottom=\u00a0\u00bbno\u00a0\u00bb width=\u00a0\u00bb1\/1&Prime; el_position=\u00a0\u00bbfirst last\u00a0\u00bb]\n<p>Si vous \u00eates \u00e0 la recherche d&rsquo;un appartement ind\u00e9pendant, Vous trouverez le type d&rsquo;appartement qui convient \u00e0 vos besoins (prix, lieu, nombre de chambres, wifi, climatisation, lave-linge, etc.) dans les sites suivantes:<\/p>\n[\/boxed_content] [spb_text_block pb_margin_bottom=\u00a0\u00bbno\u00a0\u00bb pb_border_bottom=\u00a0\u00bbno\u00a0\u00bb width=\u00a0\u00bb1\/1&Prime; el_position=\u00a0\u00bbfirst last\u00a0\u00bb]\n<div>Pour vous aider \u00e0 trouver un logement avant d&rsquo;arriver \u00e0 Florence, Accademia del Giglio recommande le r\u00e9seau\u00a0<a href=\"http:\/\/t.sidekickopen04.com\/e1t\/c\/5\/f18dQhb0S7lM8dDMPbW2n0x6l2B9nMJN7t5X-Ff4Yc8VRYt1R8q2nkbW6TMd4C11fj5b0?t=https%3A%2F%2Fhousinganywhere.com%2F&amp;si=7000000000083897&amp;pi=e6b53dda-0abb-4222-ef7f-04230f195859\" target=\"_blank\" rel=\"noopener noreferrer\" data-saferedirecturl=\"https:\/\/www.google.com\/url?hl=it&amp;q=http:\/\/t.sidekickopen04.com\/e1t\/c\/5\/f18dQhb0S7lM8dDMPbW2n0x6l2B9nMJN7t5X-Ff4Yc8VRYt1R8q2nkbW6TMd4C11fj5b0?t%3Dhttps%253A%252F%252Fhousinganywhere.com%252F%26si%3D7000000000083897%26pi%3De6b53dda-0abb-4222-ef7f-04230f195859&amp;source=gmail&amp;ust=1521203778780000&amp;usg=AFQjCNEOqtRfXI0sfrkTHGo-ppVKRTBemA\">HousingAnywhere<\/a>, la\u00a0plateforme internationale de logement.\u00a0Ici, vous pouvez r\u00e9server en s\u00e9curit\u00e9\u00a0des logements propos\u00e9s par des propi\u00e9taires verifi\u00e9s.<\/div>\n<div>Cliquez sur\u00a0<a href=\"http:\/\/t.sidekickopen04.com\/e1t\/c\/5\/f18dQhb0S7lM8dDMPbW2n0x6l2B9nMJN7t5X-Ff4Yc8VRYt1R8q2nkbW6TMd4C11fj5b0?t=https%3A%2F%2Fhousinganywhere.com%2FFlorence--Italy&amp;si=7000000000083897&amp;pi=e6b53dda-0abb-4222-ef7f-04230f195859\" target=\"_blank\" rel=\"noopener noreferrer\" data-saferedirecturl=\"https:\/\/www.google.com\/url?hl=it&amp;q=http:\/\/t.sidekickopen04.com\/e1t\/c\/5\/f18dQhb0S7lM8dDMPbW2n0x6l2B9nMJN7t5X-Ff4Yc8VRYt1R8q2nkbW6TMd4C11fj5b0?t%3Dhttps%253A%252F%252Fhousinganywhere.com%252FFlorence--Italy%26si%3D7000000000083897%26pi%3De6b53dda-0abb-4222-ef7f-04230f195859&amp;source=gmail&amp;ust=1521203778780000&amp;usg=AFQjCNFeXBJ4mVSGDfFbeSwYVyDgJEHcOA\">cette page<\/a>\u00a0pour consulter les logements disponibles et plus d&rsquo;information sur la vie\u00a0\u00e0\u00a0Florence.<\/div>\n<div>Si vous avez des questions, contactez:\u00a0<a href=\"mailto:support@housinganywhere.com\" target=\"_blank\" rel=\"noopener noreferrer\">support@housinganywhere.com<\/a>.<\/div>\n<p><a href=\"https:\/\/www.only-apartments.fr\/italie.html?utm_source=aff628274&amp;utm_medium=share\">Only-apartments<\/a><\/p>\n<p><a href=\"https:\/\/www.airbnb.fr\/\" target=\"_blank\" rel=\"nofollow noopener noreferrer\">Airbnb<\/a><\/p>\n[\/spb_text_block] [boxed_content title=\u00a0\u00bbHotel\u00a0\u00bb type=\u00a0\u00bbwhitestroke\u00a0\u00bb custom_bg_colour=\u00a0\u00bb#4e6894&Prime; custom_text_colour=\u00a0\u00bb#FFFFFF\u00a0\u00bb pb_margin_bottom=\u00a0\u00bbno\u00a0\u00bb width=\u00a0\u00bb1\/1&Prime; el_position=\u00a0\u00bbfirst last\u00a0\u00bb]\n<p>Si vous \u00eates \u00e0 la recherche d&rsquo;un hotel nous vous conseillons de consulter le site suivant:<\/p>\n<p><a href=\"https:\/\/www.booking.com\">Booking.com<\/a><\/p>\n<p>Si vous recherchez des auberges de qualit\u00e9:<br \/>\n<a href=\"https:\/\/www.beyoo.it\/en\/residenza-universitaria\/florence\/florentia-living-firenze\/\">Beyoo, student accommodation in Italy<\/a><br \/>\n<a href=\"https:\/\/plushostels.com\/it\/firenze\">Plus Florence Hostel<\/a><br \/>\n<a href=\"https:\/\/www.thesocialhub.co\/fr\/florence-belfiore\/sejourner\/sejour-etudiant\/\">The Social Hub<\/a><br \/>\n<a href=\"https:\/\/www.cx-place.com\/cxflorence-rifredi-campus.html\">CX Student and Explorer Place<\/a><br \/>\n<a href=\"https:\/\/yellowsquare.com\/florence\/it\/\">The Yellow Square<\/a><\/p>\n[\/boxed_content] [\/spb_column]<\/p>\n","protected":false},"excerpt":{"rendered":"<p>[spb_column width=\u00a0\u00bb1\/3&Prime; el_position=\u00a0\u00bbfirst\u00a0\u00bb] [sf_gallery gallery_id=\u00a0\u00bb6444&Prime; slider_transition=\u00a0\u00bbslide\u00a0\u00bb show_thumbs=\u00a0\u00bbyes\u00a0\u00bb autoplay=\u00a0\u00bbyes\u00a0\u00bb show_captions=\u00a0\u00bbyes\u00a0\u00bb enable_lightbox=\u00a0\u00bbno\u00a0\u00bb width=\u00a0\u00bb1\/1&Prime; el_position=\u00a0\u00bbfirst last\u00a0\u00bb] [\/spb_column] [spb_column width=\u00a0\u00bb2\/3&Prime; el_position=\u00a0\u00bblast\u00a0\u00bb] [spb_text_block pb_margin_bottom=\u00a0\u00bbno\u00a0\u00bb pb_border_bottom=\u00a0\u00bbno\u00a0\u00bb width=\u00a0\u00bb1\/1&Prime; el_position=\u00a0\u00bbfirst last\u00a0\u00bb] Trouver un h\u00e9bergement \u00e0 Florence est g\u00e9n\u00e9ralement facile, avec de nombreuses options en ligne pour r\u00e9pondre \u00e0 divers budgets et besoins. Pour vous aider \u00e0 d\u00e9marrer, voici quelques suggestions. Bonne chance dans votre recherche ! [\/spb_text_block] [boxed_content [&hellip;]<\/p>\n","protected":false},"author":27,"featured_media":0,"parent":0,"menu_order":0,"comment_status":"closed","ping_status":"closed","template":"","meta":{"_joinchat":[],"footnotes":""},"class_list":["post-7790","page","type-page","status-publish","hentry"],"aioseo_notices":[],"_links":{"self":[{"href":"https:\/\/adg.it\/fr\/wp-json\/wp\/v2\/pages\/7790","targetHints":{"allow":["GET"]}}],"collection":[{"href":"https:\/\/adg.it\/fr\/wp-json\/wp\/v2\/pages"}],"about":[{"href":"https:\/\/adg.it\/fr\/wp-json\/wp\/v2\/types\/page"}],"author":[{"embeddable":true,"href":"https:\/\/adg.it\/fr\/wp-json\/wp\/v2\/users\/27"}],"replies":[{"embeddable":true,"href":"https:\/\/adg.it\/fr\/wp-json\/wp\/v2\/comments?post=7790"}],"version-history":[{"count":3,"href":"https:\/\/adg.it\/fr\/wp-json\/wp\/v2\/pages\/7790\/revisions"}],"predecessor-version":[{"id":26584,"href":"https:\/\/adg.it\/fr\/wp-json\/wp\/v2\/pages\/7790\/revisions\/26584"}],"wp:attachment":[{"href":"https:\/\/adg.it\/fr\/wp-json\/wp\/v2\/media?parent=7790"}],"curies":[{"name":"wp","href":"https:\/\/api.w.org\/{rel}","templated":true}]}}