{"id":7785,"date":"2015-04-29T12:09:23","date_gmt":"2015-04-29T12:09:23","guid":{"rendered":"http:\/\/wp.adg.it\/?page_id=7785"},"modified":"2026-03-30T11:15:34","modified_gmt":"2026-03-30T11:15:34","slug":"reglement","status":"publish","type":"page","link":"https:\/\/adg.it\/fr\/reglement\/","title":{"rendered":"R\u00e8glement"},"content":{"rendered":"<p>[spb_column width=\u00a0\u00bb2\/3&Prime; el_position=\u00a0\u00bbfirst\u00a0\u00bb] [spb_text_block pb_margin_bottom=\u00a0\u00bbno\u00a0\u00bb pb_border_bottom=\u00a0\u00bbno\u00a0\u00bb width=\u00a0\u00bb1\/1&Prime; el_position=\u00a0\u00bbfirst last\u00a0\u00bb]\n<p>Conditions g\u00e9n\u00e9rales<\/p>\n<p><strong>Dur\u00e9e des cours<\/strong> : Une heure acad\u00e9mique est de 45 minutes pour les cours d&rsquo;italien en groupe et de 60 minutes pour les cours d&rsquo;arts plastiques (sauf indication contraire).<\/p>\n<p><strong>Horaire<\/strong> : L&#8217;emploi du temps de l&rsquo;\u00e9cole peut varier en fonction des jours f\u00e9ri\u00e9s.<\/p>\n<p><strong>Nombre minimum d&rsquo;inscriptions<\/strong> : L&rsquo;acad\u00e9mie se r\u00e9serve le droit d&rsquo;annuler tout cours qui n&rsquo;atteint pas le nombre minimum de trois \u00e9tudiants. Dans ce cas, un remboursement int\u00e9gral sera effectu\u00e9.<\/p>\n<p><strong>Remplacement de l&rsquo;enseignant<\/strong> : L&rsquo;acad\u00e9mie se r\u00e9serve le droit de remplacer des enseignants pour tout cours ou atelier \u00e0 court terme ou pendant la session.<\/p>\n<p><strong>Force majeure<\/strong> : Nous conseillons vivement aux participants de souscrire une assurance voyage pour couvrir les circonstances impr\u00e9vues (force majeure) qui peuvent entra\u00eener l&rsquo;annulation du cours et des pertes potentielles pour les billets d&rsquo;avion et l&rsquo;h\u00e9bergement.<\/p>\n<p><strong>Responsabilit\u00e9 des \u00e9tudiants<\/strong> : Les \u00e9tudiants sont responsables des dommages qu&rsquo;ils causent \u00e0 la propri\u00e9t\u00e9 de l&rsquo;\u00e9cole.<br \/>\nResponsabilit\u00e9 de l&rsquo;\u00e9cole : L&rsquo;acad\u00e9mie n&rsquo;est pas responsable des dommages, pertes ou blessures subis par les \u00e9tudiants pendant leurs \u00e9tudes.<\/p>\n<p><strong>Conditions d&rsquo;annulation<\/strong> :<\/p>\n<ul>\n<li>Le d\u00e9p\u00f4t vers\u00e9 n&rsquo;est int\u00e9gralement remboursable que si l&rsquo;\u00e9tudiant a souscrit \u00e0 l&rsquo;\u00ab option Flex \u00bb. Dans tous les autres cas, le d\u00e9p\u00f4t n&rsquo;est pas remboursable.<\/li>\n<li>L&rsquo;option \u00ab Flex \u00bb n&rsquo;est pas remboursable.<\/li>\n<li>Les \u00e9tudiants inscrits \u00e0 un cours priv\u00e9 ayant r\u00e9gl\u00e9 la totalit\u00e9 des frais ont droit \u00e0 un remboursement de 80 % du montant, \u00e0 condition que l&rsquo;annulation soit signal\u00e9e au moins 7 jours \u00e0 l&rsquo;avance. Pass\u00e9 ce d\u00e9lai, aucun remboursement ne sera accord\u00e9.<\/li>\n<li>Demande de visa : Les \u00e9tudiants qui demandent un visa d&rsquo;\u00e9tudiant et qui sont en possession d&rsquo;une lettre d&rsquo;acceptation de notre acad\u00e9mie recevront un remboursement de 80 % de l&rsquo;acompte sur pr\u00e9sentation d&rsquo;une preuve de refus de visa (par exemple, une lettre de l&rsquo;ambassade ou du consulat italien).<\/li>\n<li>Arriv\u00e9e tardive\/d\u00e9part anticip\u00e9 : Aucun remboursement ne sera accord\u00e9 en cas d&rsquo;arriv\u00e9e tardive ou de d\u00e9part anticip\u00e9 pendant un cours.<\/li>\n<\/ul>\n<p><strong>Changements de cours<\/strong> : les \u00e9tudiants qui souhaitent modifier le type de cours ou les dates de cours peuvent le faire apr\u00e8s avoir obtenu l&rsquo;autorisation de la direction de l&rsquo;\u00e9cole. Cependant, ils devront payer des frais administratifs suppl\u00e9mentaires de 50 euros.<\/p>\n<p><strong>Frais bancaires<\/strong> : Les \u00e9tudiants sont responsables de tous les frais de transfert bancaire li\u00e9s \u00e0 leur inscription.<\/p>\n<p><strong>Probl\u00e8mes entre enseignants et \u00e9tudiants <\/strong>: L&rsquo;acad\u00e9mie fera tous les efforts raisonnables pour s&rsquo;assurer de l&rsquo;ad\u00e9quation entre le professeur et le cours. Toutefois, nous ne sommes pas responsables des probl\u00e8mes entre \u00e9tudiants et professeurs qui \u00e9chappent \u00e0 notre contr\u00f4le.<\/p>\n<p><strong>Acceptation des conditions et r\u00e8glement des litiges<\/strong> : En s&rsquo;inscrivant, l&rsquo;\u00e9tudiant reconna\u00eet et accepte les pr\u00e9sentes conditions g\u00e9n\u00e9rales. Tout litige d\u00e9coulant de cet accord sera r\u00e9gl\u00e9 par le tribunal comp\u00e9tent de Florence, en Italie.<\/p>\n[\/spb_text_block] [\/spb_column] [spb_column width=\u00a0\u00bb1\/3&Prime; el_position=\u00a0\u00bblast\u00a0\u00bb] [spb_single_image image=\u00a0\u00bb9715&Prime; image_size=\u00a0\u00bbfull\u00a0\u00bb frame=\u00a0\u00bbshadowframe\u00a0\u00bb intro_animation=\u00a0\u00bbnone\u00a0\u00bb full_width=\u00a0\u00bbno\u00a0\u00bb lightbox=\u00a0\u00bbno\u00a0\u00bb link_target=\u00a0\u00bb_self\u00a0\u00bb width=\u00a0\u00bb1\/1&Prime; el_position=\u00a0\u00bbfirst last\u00a0\u00bb] [\/spb_column]<\/p>\n","protected":false},"excerpt":{"rendered":"<p>[spb_column width=\u00a0\u00bb2\/3&Prime; el_position=\u00a0\u00bbfirst\u00a0\u00bb] [spb_text_block pb_margin_bottom=\u00a0\u00bbno\u00a0\u00bb pb_border_bottom=\u00a0\u00bbno\u00a0\u00bb width=\u00a0\u00bb1\/1&Prime; el_position=\u00a0\u00bbfirst last\u00a0\u00bb] Conditions g\u00e9n\u00e9rales Dur\u00e9e des cours : Une heure acad\u00e9mique est de 45 minutes pour les cours d&rsquo;italien en groupe et de 60 minutes pour les cours d&rsquo;arts plastiques (sauf indication contraire). Horaire : L&#8217;emploi du temps de l&rsquo;\u00e9cole peut varier en fonction des jours f\u00e9ri\u00e9s. Nombre minimum d&rsquo;inscriptions : L&rsquo;acad\u00e9mie se [&hellip;]<\/p>\n","protected":false},"author":27,"featured_media":0,"parent":0,"menu_order":0,"comment_status":"closed","ping_status":"closed","template":"","meta":{"_joinchat":[],"footnotes":""},"class_list":["post-7785","page","type-page","status-publish","hentry"],"aioseo_notices":[],"_links":{"self":[{"href":"https:\/\/adg.it\/fr\/wp-json\/wp\/v2\/pages\/7785","targetHints":{"allow":["GET"]}}],"collection":[{"href":"https:\/\/adg.it\/fr\/wp-json\/wp\/v2\/pages"}],"about":[{"href":"https:\/\/adg.it\/fr\/wp-json\/wp\/v2\/types\/page"}],"author":[{"embeddable":true,"href":"https:\/\/adg.it\/fr\/wp-json\/wp\/v2\/users\/27"}],"replies":[{"embeddable":true,"href":"https:\/\/adg.it\/fr\/wp-json\/wp\/v2\/comments?post=7785"}],"version-history":[{"count":4,"href":"https:\/\/adg.it\/fr\/wp-json\/wp\/v2\/pages\/7785\/revisions"}],"predecessor-version":[{"id":27767,"href":"https:\/\/adg.it\/fr\/wp-json\/wp\/v2\/pages\/7785\/revisions\/27767"}],"wp:attachment":[{"href":"https:\/\/adg.it\/fr\/wp-json\/wp\/v2\/media?parent=7785"}],"curies":[{"name":"wp","href":"https:\/\/api.w.org\/{rel}","templated":true}]}}