{"id":7781,"date":"2015-04-29T11:58:38","date_gmt":"2015-04-29T11:58:38","guid":{"rendered":"http:\/\/wp.adg.it\/?page_id=7781"},"modified":"2025-08-12T09:31:42","modified_gmt":"2025-08-12T09:31:42","slug":"modalites-dinscription","status":"publish","type":"page","link":"https:\/\/adg.it\/fr\/modalites-dinscription\/","title":{"rendered":"Modalit\u00e9s d&rsquo;inscription"},"content":{"rendered":"<p>[spb_column width=\u00a0\u00bb2\/3&Prime; el_position=\u00a0\u00bbfirst\u00a0\u00bb] [impact_text include_button=\u00a0\u00bbyes\u00a0\u00bb button_style=\u00a0\u00bbstandard\u00a0\u00bb title=\u00a0\u00bbADG shop\u00a0\u00bb href=\u00a0\u00bbhttps:\/\/adg.it\/en\/shop\/\u00a0\u00bb color=\u00a0\u00bbaccent\u00a0\u00bb target=\u00a0\u00bb_self\u00a0\u00bb position=\u00a0\u00bbcta_align_right\u00a0\u00bb alt_background=\u00a0\u00bbnone\u00a0\u00bb width=\u00a0\u00bb1\/1&Prime; el_position=\u00a0\u00bbfirst last\u00a0\u00bb]\n<p>Inscrivez-vous en ligne<\/p>\n[\/impact_text] [blank_spacer height=\u00a0\u00bb15px\u00a0\u00bb width=\u00a0\u00bb1\/1&Prime; el_position=\u00a0\u00bbfirst last\u00a0\u00bb] [spb_text_block pb_margin_bottom=\u00a0\u00bbno\u00a0\u00bb pb_border_bottom=\u00a0\u00bbno\u00a0\u00bb width=\u00a0\u00bb1\/1&Prime; el_position=\u00a0\u00bbfirst last\u00a0\u00bb]\n<p>Si vous souhaitez vous inscrire \u00e0 l&rsquo;un de nos cours de longue dur\u00e9e (<strong>13 semaines ou plus<\/strong>), veuillez <strong><a href=\"https:\/\/adg.it\/fr\/contactez-nous\/\">nous contacter<\/a><\/strong>.<\/p>\n<p>Si vous ne pouvez vous inscrire qu&rsquo;\u00e0 la derni\u00e8re minute vous \u00eates pri\u00e9s de contacter le secretariat de notre \u00e9cole \u00e0: <strong>adg.assistance@gmail.com<\/strong>.<\/p>\n[\/spb_text_block] [spb_message color=\u00a0\u00bbalert-block\u00a0\u00bb width=\u00a0\u00bb1\/1&Prime; el_position=\u00a0\u00bbfirst last\u00a0\u00bb]\n<p>Au cas o\u00f9 vous ne recevriez pas notre r\u00e9ponse dans un d\u00e9lai de 24 heures, nous vous prions de nous contacter une deuxi\u00e8me fois, merci d&rsquo;avance!<\/p>\n[\/spb_message] [spb_text_block title=\u00a0\u00bbPaiement\u00a0\u00bb pb_margin_bottom=\u00a0\u00bbno\u00a0\u00bb pb_border_bottom=\u00a0\u00bbno\u00a0\u00bb width=\u00a0\u00bb1\/1&Prime; el_position=\u00a0\u00bbfirst last\u00a0\u00bb]\n<p>Le versement de la somme \u00e0 payer peut \u00eatre effectu\u00e9 par:<\/p>\n<p><strong>&#8211; Virement<\/strong> adress\u00e9 \u00e0:<\/p>\n<p>Accademia del Giglio<br \/>\nc\/o UniCredit<br \/>\nFiliale Firenze Vecchietti<br \/>\nVia dei Vecchietti 11 &#8211; 50123 Firenze, ITALIE<br \/>\nABI 02008 CAB 02837<br \/>\nCompte-courant: 2819790<br \/>\nSwift Code: UNCRITM1F86<br \/>\nIBAN code:\u00a0IT 39 U 02008 02837 000002819790<\/p>\n<p><strong>&#8211; PayPal<\/strong> (cliquez sur l&rsquo;image):<\/p>\n<p><a href=\"https:\/\/www.paypal.com\/cgi-bin\/webscr?cmd=_s-xclick&amp;hosted_button_id=5SWHA2F8XKF7E\"><img decoding=\"async\" src=\"https:\/\/www.paypal.com\/fr_FR\/FR\/i\/btn\/btn_buynowCC_LG.gif\" alt=\"Acheter Button\" \/><\/a><\/p>\n<p><strong>&#8211; Comptant<\/strong> (directement \u00e0 l&rsquo;\u00e9cole).<\/p>\n[\/spb_text_block] [spb_message color=\u00a0\u00bbalert-info\u00a0\u00bb width=\u00a0\u00bb1\/1&Prime; el_position=\u00a0\u00bbfirst last\u00a0\u00bb]\n<p>Notez bien SVP: le paiement devra \u00eatre r\u00e9gl\u00e9 le premier jour du d\u00e9but du cours.<\/p>\n[\/spb_message] [impact_text include_button=\u00a0\u00bbyes\u00a0\u00bb button_style=\u00a0\u00bbarrow\u00a0\u00bb title=\u00a0\u00bbText on the button\u00a0\u00bb href=\u00a0\u00bbhttp:\/\/adg.it\/fr\/reglement\u00a0\u00bb color=\u00a0\u00bbaccent\u00a0\u00bb target=\u00a0\u00bb_self\u00a0\u00bb position=\u00a0\u00bbcta_align_right\u00a0\u00bb alt_background=\u00a0\u00bbnone\u00a0\u00bb width=\u00a0\u00bb1\/1&Prime; el_position=\u00a0\u00bbfirst last\u00a0\u00bb]\n<p>R\u00e8glement<\/p>\n[\/impact_text] [\/spb_column] [spb_column width=\u00a0\u00bb1\/3&Prime; el_position=\u00a0\u00bblast\u00a0\u00bb] [spb_single_image image=\u00a0\u00bb9302&Prime; image_size=\u00a0\u00bbfull\u00a0\u00bb frame=\u00a0\u00bbshadowframe\u00a0\u00bb intro_animation=\u00a0\u00bbnone\u00a0\u00bb full_width=\u00a0\u00bbno\u00a0\u00bb lightbox=\u00a0\u00bbno\u00a0\u00bb link_target=\u00a0\u00bb_self\u00a0\u00bb width=\u00a0\u00bb1\/1&Prime; el_position=\u00a0\u00bbfirst last\u00a0\u00bb] [blank_spacer height=\u00a0\u00bb30px\u00a0\u00bb width=\u00a0\u00bb1\/1&Prime; el_position=\u00a0\u00bbfirst last\u00a0\u00bb] [spb_text_block title=\u00a0\u00bbContactez-nous!\u00a0\u00bb pb_margin_bottom=\u00a0\u00bbno\u00a0\u00bb pb_border_bottom=\u00a0\u00bbno\u00a0\u00bb width=\u00a0\u00bb1\/1&Prime; el_position=\u00a0\u00bbfirst last\u00a0\u00bb]\n<div class=\"wpforms-container wpforms-container-full\" id=\"wpforms-18575\"><form id=\"wpforms-form-18575\" class=\"wpforms-validate wpforms-form wpforms-ajax-form\" data-formid=\"18575\" method=\"post\" enctype=\"multipart\/form-data\" action=\"\/fr\/wp-json\/wp\/v2\/pages\/7781\" data-token=\"ee3f748c041500a2d86e48cf6b76bae2\" data-token-time=\"1776938854\"><noscript class=\"wpforms-error-noscript\">Veuillez activer JavaScript dans votre navigateur pour remplir ce formulaire.<\/noscript><div class=\"wpforms-field-container\"><div id=\"wpforms-18575-field_6-container\" class=\"wpforms-field wpforms-field-name\" data-field-id=\"6\"><label class=\"wpforms-field-label\">Nom <span class=\"wpforms-required-label\">*<\/span><\/label><div class=\"wpforms-field-row wpforms-field-large\"><div class=\"wpforms-field-row-block wpforms-first wpforms-one-half\"><input type=\"text\" id=\"wpforms-18575-field_6\" class=\"wpforms-field-name-first wpforms-field-required\" name=\"wpforms[fields][6][first]\" placeholder=\"Votre pr\u00e9nom\" required><label for=\"wpforms-18575-field_6\" class=\"wpforms-field-sublabel after\">First<\/label><\/div><div class=\"wpforms-field-row-block wpforms-one-half\"><input type=\"text\" id=\"wpforms-18575-field_6-last\" class=\"wpforms-field-name-last wpforms-field-required\" name=\"wpforms[fields][6][last]\" placeholder=\"Votre nom\" required><label for=\"wpforms-18575-field_6-last\" class=\"wpforms-field-sublabel after\">Last<\/label><\/div><\/div><\/div><div id=\"wpforms-18575-field_1-container\" class=\"wpforms-field wpforms-field-email\" data-field-id=\"1\"><label class=\"wpforms-field-label\" for=\"wpforms-18575-field_1\">Courrier \u00e9lectronique <span class=\"wpforms-required-label\">*<\/span><\/label><input type=\"email\" id=\"wpforms-18575-field_1\" class=\"wpforms-field-large wpforms-field-required\" name=\"wpforms[fields][1]\" placeholder=\"Votre adresse \u00e9lectronique\" spellcheck=\"false\" required><\/div><div id=\"wpforms-18575-field_2-container\" class=\"wpforms-field wpforms-field-textarea\" data-field-id=\"2\"><label class=\"wpforms-field-label\" for=\"wpforms-18575-field_2\">Message <span class=\"wpforms-required-label\">*<\/span><\/label><textarea id=\"wpforms-18575-field_2\" class=\"wpforms-field-medium wpforms-field-required\" name=\"wpforms[fields][2]\" placeholder=\"\u00c9crivez ici votre message\" required><\/textarea><\/div><\/div><!-- .wpforms-field-container --><div class=\"wpforms-field wpforms-field-hp\"><label for=\"wpforms-18575-field-hp\" class=\"wpforms-field-label\">Phone<\/label><input type=\"text\" name=\"wpforms[hp]\" id=\"wpforms-18575-field-hp\" class=\"wpforms-field-medium\"><\/div><div class=\"wpforms-submit-container\" ><input type=\"hidden\" name=\"wpforms[id]\" value=\"18575\"><input type=\"hidden\" name=\"page_title\" value=\"\"><input type=\"hidden\" name=\"page_url\" value=\"https:\/\/adg.it\/fr\/wp-json\/wp\/v2\/pages\/7781\"><input type=\"hidden\" name=\"url_referer\" value=\"\"><button type=\"submit\" name=\"wpforms[submit]\" id=\"wpforms-submit-18575\" class=\"wpforms-submit\" data-alt-text=\"Envoyer\" data-submit-text=\"Envoyer\" aria-live=\"assertive\" value=\"wpforms-submit\">Envoyer<\/button><img loading=\"lazy\" decoding=\"async\" src=\"https:\/\/adg.it\/wp-content\/plugins\/wpforms\/assets\/images\/submit-spin.svg\" class=\"wpforms-submit-spinner\" style=\"display: none;\" width=\"26\" height=\"26\" alt=\"Chargement en cours\"><\/div><\/form><\/div>  <!-- .wpforms-container -->\n[\/spb_text_block] [\/spb_column]<\/p>\n","protected":false},"excerpt":{"rendered":"<p>[spb_column width=\u00a0\u00bb2\/3&Prime; el_position=\u00a0\u00bbfirst\u00a0\u00bb] [impact_text include_button=\u00a0\u00bbyes\u00a0\u00bb button_style=\u00a0\u00bbstandard\u00a0\u00bb title=\u00a0\u00bbADG shop\u00a0\u00bb href=\u00a0\u00bbhttps:\/\/adg.it\/en\/shop\/\u00a0\u00bb color=\u00a0\u00bbaccent\u00a0\u00bb target=\u00a0\u00bb_self\u00a0\u00bb position=\u00a0\u00bbcta_align_right\u00a0\u00bb alt_background=\u00a0\u00bbnone\u00a0\u00bb width=\u00a0\u00bb1\/1&Prime; el_position=\u00a0\u00bbfirst last\u00a0\u00bb] Inscrivez-vous en ligne [\/impact_text] [blank_spacer height=\u00a0\u00bb15px\u00a0\u00bb width=\u00a0\u00bb1\/1&Prime; el_position=\u00a0\u00bbfirst last\u00a0\u00bb] [spb_text_block pb_margin_bottom=\u00a0\u00bbno\u00a0\u00bb pb_border_bottom=\u00a0\u00bbno\u00a0\u00bb width=\u00a0\u00bb1\/1&Prime; el_position=\u00a0\u00bbfirst last\u00a0\u00bb] Si vous souhaitez vous inscrire \u00e0 l&rsquo;un de nos cours de longue dur\u00e9e (13 semaines ou plus), veuillez nous contacter. Si vous ne pouvez vous inscrire qu&rsquo;\u00e0 la derni\u00e8re [&hellip;]<\/p>\n","protected":false},"author":27,"featured_media":0,"parent":0,"menu_order":0,"comment_status":"closed","ping_status":"closed","template":"","meta":{"_joinchat":[],"footnotes":""},"class_list":["post-7781","page","type-page","status-publish","hentry"],"aioseo_notices":[],"_links":{"self":[{"href":"https:\/\/adg.it\/fr\/wp-json\/wp\/v2\/pages\/7781","targetHints":{"allow":["GET"]}}],"collection":[{"href":"https:\/\/adg.it\/fr\/wp-json\/wp\/v2\/pages"}],"about":[{"href":"https:\/\/adg.it\/fr\/wp-json\/wp\/v2\/types\/page"}],"author":[{"embeddable":true,"href":"https:\/\/adg.it\/fr\/wp-json\/wp\/v2\/users\/27"}],"replies":[{"embeddable":true,"href":"https:\/\/adg.it\/fr\/wp-json\/wp\/v2\/comments?post=7781"}],"version-history":[{"count":4,"href":"https:\/\/adg.it\/fr\/wp-json\/wp\/v2\/pages\/7781\/revisions"}],"predecessor-version":[{"id":26988,"href":"https:\/\/adg.it\/fr\/wp-json\/wp\/v2\/pages\/7781\/revisions\/26988"}],"wp:attachment":[{"href":"https:\/\/adg.it\/fr\/wp-json\/wp\/v2\/media?parent=7781"}],"curies":[{"name":"wp","href":"https:\/\/api.w.org\/{rel}","templated":true}]}}