{"id":7766,"date":"2015-04-29T10:42:08","date_gmt":"2015-04-29T10:42:08","guid":{"rendered":"http:\/\/wp.adg.it\/?page_id=7766"},"modified":"2025-10-17T10:11:49","modified_gmt":"2025-10-17T10:11:49","slug":"a-propos-de-accademia-del-giglio","status":"publish","type":"page","link":"https:\/\/adg.it\/fr\/a-propos-de-accademia-del-giglio\/","title":{"rendered":"A propos de Accademia del Giglio"},"content":{"rendered":"<p>[spb_column width=\u00a0\u00bb2\/3&Prime; el_position=\u00a0\u00bbfirst\u00a0\u00bb] [spb_text_block title=\u00a0\u00bbL&rsquo;\u00e9cole\u00a0\u00bb pb_margin_bottom=\u00a0\u00bbno\u00a0\u00bb pb_border_bottom=\u00a0\u00bbno\u00a0\u00bb width=\u00a0\u00bb1\/1&Prime; el_position=\u00a0\u00bbfirst last\u00a0\u00bb]\n<p><span class=\"hps\">Notre institut<\/span> <span class=\"hps alt-edited\">op\u00e8re<\/span> <strong><span class=\"hps\">depuis 1995<\/span><\/strong> <span class=\"hps\">en organisant des cours<\/span> <span class=\"hps\">de <\/span><span class=\"hps\">court, moyen et longue terme<\/span> <span class=\"hps\">pour les \u00e9tudiants<\/span> <span class=\"hps\">italiens et \u00e9trangers<\/span><span class=\"\">.<\/span><\/p>\n[\/spb_text_block] [spb_accordion width=\u00a0\u00bb1\/1&Prime; el_position=\u00a0\u00bbfirst last\u00a0\u00bb] [spb_accordion_tab title=\u00a0\u00bbAccr\u00e9ditations\u00a0\u00bb accordion_id=\u00a0\u00bb\u00a0\u00bb icon=\u00a0\u00bb\u00a0\u00bb] [spb_text_block pb_margin_bottom=\u00a0\u00bbno\u00a0\u00bb pb_border_bottom=\u00a0\u00bbno\u00a0\u00bb width=\u00a0\u00bb1\/1&Prime; el_position=\u00a0\u00bbfirst last\u00a0\u00bb]\n<p>Notre \u00e9cole est reconnue:<br \/>\n&#8211; du <strong>Minist\u00e8re italien de l&rsquo;\u00c9ducation, Universit\u00e9 et Recherche<\/strong> par une reconnaissance officielle;<br \/>\n&#8211; du centre de formation su\u00e9doise <a href=\"http:\/\/www.csn.se\/\" target=\"_blank\" rel=\"noopener noreferrer\"><strong>CSN<\/strong><\/a>;<br \/>\n&#8211; de l&rsquo;<a href=\"http:\/\/www.ku.edu\/\" target=\"_blank\" rel=\"noopener noreferrer\"><strong>Universit\u00e9 du Kansas<\/strong><\/a>, comme si\u00e8ge pour ses cours d&rsquo;\u00e9t\u00e9 \u00e0 Florence.<\/p>\n[\/spb_text_block] [\/spb_accordion_tab] [spb_accordion_tab title=\u00a0\u00bbReconnaissances\u00a0\u00bb accordion_id=\u00a0\u00bb\u00a0\u00bb icon=\u00a0\u00bb\u00a0\u00bb] [spb_text_block pb_margin_bottom=\u00a0\u00bbno\u00a0\u00bb pb_border_bottom=\u00a0\u00bbno\u00a0\u00bb width=\u00a0\u00bb1\/1&Prime; el_position=\u00a0\u00bbfirst last\u00a0\u00bb]\n<p>En outre:<br \/>\n&#8211; L&rsquo;\u00e9cole a re\u00e7u le \u00ab\u00a0<strong>Label europ\u00e9en 2007<\/strong>\u00a0\u00bb par la Commission europ\u00e9enne, le minist\u00e8re du Travail et le minist\u00e8re de l&rsquo;\u00c9ducation, l&rsquo;Universit\u00e9 de la Recherche, pour ses efforts en mati\u00e8re d&rsquo;enseignement et d&rsquo;apprentissage novatrices des langues;<\/p>\n[\/spb_text_block] [\/spb_accordion_tab] [spb_accordion_tab title=\u00a0\u00bbCollaborations\u00a0\u00bb accordion_id=\u00a0\u00bb\u00a0\u00bb icon=\u00a0\u00bb\u00a0\u00bb] [spb_text_block pb_margin_bottom=\u00a0\u00bbno\u00a0\u00bb pb_border_bottom=\u00a0\u00bbno\u00a0\u00bb width=\u00a0\u00bb1\/1&Prime; el_position=\u00a0\u00bbfirst last\u00a0\u00bb]\n<p>&#8211; l&rsquo;\u00e9cole est la si\u00e8ge pour les cours du <a href=\"http:\/\/www.lyceefloratristan77.com\/\" target=\"_blank\" rel=\"noopener noreferrer\"><strong>Lic\u00e9e Flora Tristan<\/strong><\/a> (France) dans le cadre du projet Erasmus+, un programme d&rsquo;action de l&rsquo;Union europ\u00e9enne qui vise \u00e0 mettre en \u0153uvre une politique de formation professionnelle;<br \/>\n&#8211; au cours de ces ann\u00e9es, l&rsquo;\u00e9cole a organis\u00e9 des cours sur divers sujets pour de <strong>nombreuses \u00e9coles, universit\u00e9s et instituts \u00e0 travers le monde<\/strong> (plus d&rsquo;informations sur la page des cours pour groupes scolaires).<\/p>\n[\/spb_text_block] [\/spb_accordion_tab] [spb_accordion_tab title=\u00a0\u00bbPublications\u00a0\u00bb accordion_id=\u00a0\u00bb\u00a0\u00bb icon=\u00a0\u00bb\u00a0\u00bb] [spb_text_block pb_margin_bottom=\u00a0\u00bbno\u00a0\u00bb pb_border_bottom=\u00a0\u00bbno\u00a0\u00bb width=\u00a0\u00bb1\/1&Prime; el_position=\u00a0\u00bbfirst last\u00a0\u00bb]\n<p>L&rsquo;Accademia del Giglio a organis\u00e9 des cours de formation pour les enseignants d&rsquo;italien comme L2 et, dans sa offre de formation, concentre actuellement ses efforts&rsquo; dans l&rsquo;utilisation et le d\u00e9veloppement de nouvelles technologies dans l&rsquo;enseignement et l&rsquo;utilisation de l&rsquo;enseignement \u00e0 distance. Le personnel de l&rsquo;\u00e9cole a \u00e9galement publi\u00e9 dans les <a href=\"http:\/\/www.itals.it\/\" target=\"_blank\" rel=\"noopener noreferrer\">bulletins ITALS<\/a> de l&rsquo;Universit\u00e9 Ca&rsquo; Foscari de Venise, des articles et des activit\u00e9s \u00e9ducatives de l&rsquo;italien L2:<br \/>\njuin 2007 (ann\u00e9e V n. XX);<br \/>\nseptembre 2007 (ann\u00e9e V n. XXI);<br \/>\njuin 2008 (ann\u00e9e VI n. 25).<\/p>\n<p>De novembre 2010, les enseignants de l&rsquo;Accademia del Giglio sont auteurs des learning object et des podcasts de projet d&rsquo;italien L2\/LS pour <a href=\"http:\/\/www.progettotrio.it\/trio\/\" target=\"_blank\" rel=\"noopener noreferrer\">Progetto TRIO<\/a>, le syst\u00e8me d&rsquo;apprentissage en ligne de la R\u00e9gion Toscane<\/p>\n[\/spb_text_block] [\/spb_accordion_tab] [spb_accordion_tab title=\u00a0\u00bbL&rsquo;\u00e9quipe\u00a0\u00bb accordion_id=\u00a0\u00bb\u00a0\u00bb icon=\u00a0\u00bb\u00a0\u00bb] [spb_text_block pb_margin_bottom=\u00a0\u00bbno\u00a0\u00bb pb_border_bottom=\u00a0\u00bbno\u00a0\u00bb width=\u00a0\u00bb1\/1&Prime; el_position=\u00a0\u00bbfirst last\u00a0\u00bb]\n<p>Veuillez consulter la page d\u00e9di\u00e9e \u00e0 <a href=\"https:\/\/adg.it\/fr\/personnel-enseignant\/\">notre \u00e9quipe<\/a>.<\/p>\n[\/spb_text_block] [\/spb_accordion_tab] [\/spb_accordion] [sf_gallery gallery_id=\u00a0\u00bb6277&Prime; slider_transition=\u00a0\u00bbfade\u00a0\u00bb show_thumbs=\u00a0\u00bbyes\u00a0\u00bb autoplay=\u00a0\u00bbyes\u00a0\u00bb show_captions=\u00a0\u00bbyes\u00a0\u00bb enable_lightbox=\u00a0\u00bbyes\u00a0\u00bb width=\u00a0\u00bb1\/1&Prime; el_position=\u00a0\u00bbfirst last\u00a0\u00bb] [\/spb_column] [spb_column width=\u00a0\u00bb1\/3&Prime; el_position=\u00a0\u00bblast\u00a0\u00bb] [spb_single_image image=\u00a0\u00bb9509&Prime; image_size=\u00a0\u00bbfull\u00a0\u00bb frame=\u00a0\u00bbshadowframe\u00a0\u00bb intro_animation=\u00a0\u00bbnone\u00a0\u00bb full_width=\u00a0\u00bbno\u00a0\u00bb lightbox=\u00a0\u00bbyes\u00a0\u00bb link_target=\u00a0\u00bb_self\u00a0\u00bb width=\u00a0\u00bb1\/1&Prime; el_position=\u00a0\u00bbfirst last\u00a0\u00bb] [spb_message color=\u00a0\u00bbalert-info\u00a0\u00bb width=\u00a0\u00bb1\/1&Prime; el_position=\u00a0\u00bbfirst last\u00a0\u00bb]\n<p>Tous nos cours ont lieu dans notre \u00e9tablissment et ils sont tenus par\u00a0des\u00a0enseignants qualifi\u00e9s et avec exp\u00e9rience dans le domaine de l&rsquo;\u00e9ducation.<\/p>\n[\/spb_message] [spb_message color=\u00a0\u00bbalert-success\u00a0\u00bb width=\u00a0\u00bb1\/1&Prime; el_position=\u00a0\u00bbfirst last\u00a0\u00bb]\n<p><strong>R\u00e9ductions<\/strong> pour nos \u00e9l\u00e8ves avec notre carte \u00e9tudiant<\/p>\n[\/spb_message] [blank_spacer height=\u00a0\u00bb30px\u00a0\u00bb width=\u00a0\u00bb1\/1&Prime; el_position=\u00a0\u00bbfirst last\u00a0\u00bb] [spb_text_block title=\u00a0\u00bbContactez-nous!\u00a0\u00bb pb_margin_bottom=\u00a0\u00bbno\u00a0\u00bb pb_border_bottom=\u00a0\u00bbno\u00a0\u00bb width=\u00a0\u00bb1\/1&Prime; el_position=\u00a0\u00bbfirst last\u00a0\u00bb]\n<div class=\"wpforms-container wpforms-container-full\" id=\"wpforms-18575\"><form id=\"wpforms-form-18575\" class=\"wpforms-validate wpforms-form wpforms-ajax-form\" data-formid=\"18575\" method=\"post\" enctype=\"multipart\/form-data\" action=\"\/fr\/wp-json\/wp\/v2\/pages\/7766\" data-token=\"b252db015855706f15b22f8d5b6bb94b\" data-token-time=\"1775403625\"><noscript class=\"wpforms-error-noscript\">Veuillez activer JavaScript dans votre navigateur pour remplir ce formulaire.<\/noscript><div class=\"wpforms-field-container\"><div id=\"wpforms-18575-field_6-container\" class=\"wpforms-field wpforms-field-name\" data-field-id=\"6\"><label class=\"wpforms-field-label\">Nom <span class=\"wpforms-required-label\">*<\/span><\/label><div class=\"wpforms-field-row wpforms-field-large\"><div class=\"wpforms-field-row-block wpforms-first wpforms-one-half\"><input type=\"text\" id=\"wpforms-18575-field_6\" class=\"wpforms-field-name-first wpforms-field-required\" name=\"wpforms[fields][6][first]\" placeholder=\"Votre pr\u00e9nom\" required><label for=\"wpforms-18575-field_6\" class=\"wpforms-field-sublabel after\">First<\/label><\/div><div class=\"wpforms-field-row-block wpforms-one-half\"><input type=\"text\" id=\"wpforms-18575-field_6-last\" class=\"wpforms-field-name-last wpforms-field-required\" name=\"wpforms[fields][6][last]\" placeholder=\"Votre nom\" required><label for=\"wpforms-18575-field_6-last\" class=\"wpforms-field-sublabel after\">Last<\/label><\/div><\/div><\/div><div id=\"wpforms-18575-field_1-container\" class=\"wpforms-field wpforms-field-email\" data-field-id=\"1\"><label class=\"wpforms-field-label\" for=\"wpforms-18575-field_1\">Courrier \u00e9lectronique <span class=\"wpforms-required-label\">*<\/span><\/label><input type=\"email\" id=\"wpforms-18575-field_1\" class=\"wpforms-field-large wpforms-field-required\" name=\"wpforms[fields][1]\" placeholder=\"Votre adresse \u00e9lectronique\" spellcheck=\"false\" required><\/div><div id=\"wpforms-18575-field_2-container\" class=\"wpforms-field wpforms-field-textarea\" data-field-id=\"2\"><label class=\"wpforms-field-label\" for=\"wpforms-18575-field_2\">Message <span class=\"wpforms-required-label\">*<\/span><\/label><textarea id=\"wpforms-18575-field_2\" class=\"wpforms-field-medium wpforms-field-required\" name=\"wpforms[fields][2]\" placeholder=\"\u00c9crivez ici votre message\" required><\/textarea><\/div><\/div><!-- .wpforms-field-container --><div class=\"wpforms-field wpforms-field-hp\"><label for=\"wpforms-18575-field-hp\" class=\"wpforms-field-label\">Message<\/label><input type=\"text\" name=\"wpforms[hp]\" id=\"wpforms-18575-field-hp\" class=\"wpforms-field-medium\"><\/div><div class=\"wpforms-submit-container\" ><input type=\"hidden\" name=\"wpforms[id]\" value=\"18575\"><input type=\"hidden\" name=\"page_title\" value=\"\"><input type=\"hidden\" name=\"page_url\" value=\"https:\/\/adg.it\/fr\/wp-json\/wp\/v2\/pages\/7766\"><input type=\"hidden\" name=\"url_referer\" value=\"\"><button type=\"submit\" name=\"wpforms[submit]\" id=\"wpforms-submit-18575\" class=\"wpforms-submit\" data-alt-text=\"Envoyer\" data-submit-text=\"Envoyer\" aria-live=\"assertive\" value=\"wpforms-submit\">Envoyer<\/button><img loading=\"lazy\" decoding=\"async\" src=\"https:\/\/adg.it\/wp-content\/plugins\/wpforms\/assets\/images\/submit-spin.svg\" class=\"wpforms-submit-spinner\" style=\"display: none;\" width=\"26\" height=\"26\" alt=\"Chargement en cours\"><\/div><\/form><\/div>  <!-- .wpforms-container -->\n[\/spb_text_block] [testimonial title=\u00a0\u00bbT\u00e9moignages d&rsquo;estime\u00a0\u00bb text_size=\u00a0\u00bbnormal\u00a0\u00bb item_count=\u00a0\u00bb1&Prime; order=\u00a0\u00bbrand\u00a0\u00bb category=\u00a0\u00bbAll\u00a0\u00bb pagination=\u00a0\u00bbno\u00a0\u00bb page_link=\u00a0\u00bbno\u00a0\u00bb width=\u00a0\u00bb1\/1&Prime; el_position=\u00a0\u00bbfirst last\u00a0\u00bb] [\/spb_column]<\/p>\n","protected":false},"excerpt":{"rendered":"<p>[spb_column width=\u00a0\u00bb2\/3&Prime; el_position=\u00a0\u00bbfirst\u00a0\u00bb] [spb_text_block title=\u00a0\u00bbL&rsquo;\u00e9cole\u00a0\u00bb pb_margin_bottom=\u00a0\u00bbno\u00a0\u00bb pb_border_bottom=\u00a0\u00bbno\u00a0\u00bb width=\u00a0\u00bb1\/1&Prime; el_position=\u00a0\u00bbfirst last\u00a0\u00bb] Notre institut op\u00e8re depuis 1995 en organisant des cours de court, moyen et longue terme pour les \u00e9tudiants italiens et \u00e9trangers. [\/spb_text_block] [spb_accordion width=\u00a0\u00bb1\/1&Prime; el_position=\u00a0\u00bbfirst last\u00a0\u00bb] [spb_accordion_tab title=\u00a0\u00bbAccr\u00e9ditations\u00a0\u00bb accordion_id=\u00a0\u00bb\u00a0\u00bb icon=\u00a0\u00bb\u00a0\u00bb] [spb_text_block pb_margin_bottom=\u00a0\u00bbno\u00a0\u00bb pb_border_bottom=\u00a0\u00bbno\u00a0\u00bb width=\u00a0\u00bb1\/1&Prime; el_position=\u00a0\u00bbfirst last\u00a0\u00bb] Notre \u00e9cole est reconnue: &#8211; du Minist\u00e8re italien de l&rsquo;\u00c9ducation, Universit\u00e9 et Recherche par [&hellip;]<\/p>\n","protected":false},"author":27,"featured_media":0,"parent":0,"menu_order":0,"comment_status":"closed","ping_status":"closed","template":"","meta":{"_joinchat":[],"footnotes":""},"class_list":["post-7766","page","type-page","status-publish","hentry"],"aioseo_notices":[],"_links":{"self":[{"href":"https:\/\/adg.it\/fr\/wp-json\/wp\/v2\/pages\/7766","targetHints":{"allow":["GET"]}}],"collection":[{"href":"https:\/\/adg.it\/fr\/wp-json\/wp\/v2\/pages"}],"about":[{"href":"https:\/\/adg.it\/fr\/wp-json\/wp\/v2\/types\/page"}],"author":[{"embeddable":true,"href":"https:\/\/adg.it\/fr\/wp-json\/wp\/v2\/users\/27"}],"replies":[{"embeddable":true,"href":"https:\/\/adg.it\/fr\/wp-json\/wp\/v2\/comments?post=7766"}],"version-history":[{"count":2,"href":"https:\/\/adg.it\/fr\/wp-json\/wp\/v2\/pages\/7766\/revisions"}],"predecessor-version":[{"id":27242,"href":"https:\/\/adg.it\/fr\/wp-json\/wp\/v2\/pages\/7766\/revisions\/27242"}],"wp:attachment":[{"href":"https:\/\/adg.it\/fr\/wp-json\/wp\/v2\/media?parent=7766"}],"curies":[{"name":"wp","href":"https:\/\/api.w.org\/{rel}","templated":true}]}}