{"id":26874,"date":"2025-07-23T15:56:21","date_gmt":"2025-07-23T15:56:21","guid":{"rendered":"https:\/\/adg.it\/?page_id=26874"},"modified":"2025-07-23T15:58:06","modified_gmt":"2025-07-23T15:58:06","slug":"journee-art-en-toscane","status":"publish","type":"page","link":"https:\/\/adg.it\/fr\/journee-art-en-toscane\/","title":{"rendered":"Une journ\u00e9e d&rsquo;art en Toscane"},"content":{"rendered":"<p>[spb_column width=\u00a0\u00bb2\/3&Prime; el_position=\u00a0\u00bbfirst\u00a0\u00bb] [spb_text_block title=\u00a0\u00bbUne journ\u00e9e intensive d\u2019art\u00a0\u00bb pb_margin_bottom=\u00a0\u00bbno\u00a0\u00bb pb_border_bottom=\u00a0\u00bbno\u00a0\u00bb width=\u00a0\u00bb1\/1&Prime; el_position=\u00a0\u00bbfirst last\u00a0\u00bb]\n<p>Nos cours d&rsquo;art d&rsquo;une journ\u00e9e sont parfaits pour les amateurs d&rsquo;art qui disposent de peu de temps en <strong>Toscane<\/strong> ! Vivez une journ\u00e9e intensive d&rsquo;art dans votre cadre toscan pr\u00e9f\u00e9r\u00e9, qu&rsquo;il s&rsquo;agisse des charmantes collines du <strong>Chianti<\/strong>, de la ville m\u00e9di\u00e9vale de <strong>Sienne<\/strong> ou de <strong>San Gimignano,<\/strong> ou encore de la ville captivante de <strong>Lucques<\/strong>.<\/p>\n[\/spb_text_block] [spb_text_block title=\u00a0\u00bbCours particuliers en Toscane\u00a0\u00bb pb_margin_bottom=\u00a0\u00bbno\u00a0\u00bb pb_border_bottom=\u00a0\u00bbno\u00a0\u00bb width=\u00a0\u00bb1\/1&Prime; el_position=\u00a0\u00bbfirst last\u00a0\u00bb]\n<p>Vous recherchez une aventure artistique vraiment personnalis\u00e9e en Toscane ? Nos cours <strong>individuels<\/strong> et <strong>nos cours \u00e0 deux<\/strong> sont con\u00e7us sp\u00e9cialement pour vous et sont disponibles tous les jours, y compris les week-ends, dans toute la r\u00e9gion. Que vous soyez dans les charmantes collines du Chianti, dans la ville m\u00e9di\u00e9vale de Sienne, dans la ville historique de Lucques ou dans tout autre joyau de la Toscane, nous ferons venir l&rsquo;exp\u00e9rience artistique jusqu&rsquo;\u00e0 vous.<\/p>\n<h3>Exp\u00e9riences artistiques sur mesure en Toscane<\/h3>\n<p>Vous adapterez votre pratique \u00e0 votre niveau de comp\u00e9tence et \u00e0 la dur\u00e9e de la le\u00e7on que vous pr\u00e9f\u00e9rez. Nos instructeurs vous guideront toujours \u00e0 votre niveau d&rsquo;expertise, garantissant ainsi une session enrichissante et productive.<\/p>\n<h3>Votre parcours artistique, \u00e0 votre fa\u00e7on<\/h3>\n<p>Choisissez une ou plusieurs destinations embl\u00e9matiques de la Toscane comme toile de fond artistique :<\/p>\n<ul>\n<li>Sienne<\/li>\n<li>San Gimignano<\/li>\n<li>Monteriggioni<\/li>\n<li>Pise<\/li>\n<li>Vinci<\/li>\n<li>Volterra<\/li>\n<li>Certaldo<\/li>\n<li>Lucques<\/li>\n<li>Montepulciano<\/li>\n<li>Pienza<\/li>\n<li>Montalcino<\/li>\n<li>Arezzo<\/li>\n<li>La r\u00e9gion du Chianti<\/li>\n<\/ul>\n<p>Pour les individus et les petits groupes, le programme et l&rsquo;horaire peuvent \u00eatre enti\u00e8rement personnalis\u00e9s pour r\u00e9pondre \u00e0 vos besoins et int\u00e9r\u00eats sp\u00e9cifiques.<\/p>\n<p>\u00c0 la fin de votre cours, vous repartirez avec une petite \u0153uvre d&rsquo;art significative, un souvenir parfait de votre voyage artistique en Italie.<\/p>\n[\/spb_text_block] [boxed_content type=\u00a0\u00bbcoloured\u00a0\u00bb pb_margin_bottom=\u00a0\u00bbno\u00a0\u00bb width=\u00a0\u00bb1\/1&Prime; el_position=\u00a0\u00bbfirst last\u00a0\u00bb]\n<p>Le programme<\/p>\n[\/boxed_content] [spb_accordion width=\u00a0\u00bb1\/1&Prime; el_position=\u00a0\u00bbfirst last\u00a0\u00bb] [spb_accordion_tab title=\u00a0\u00bbUne journ\u00e9e de dessin et de peinture en Toscane\u00a0\u00bb accordion_id=\u00a0\u00bb\u00a0\u00bb icon=\u00a0\u00bb\u00a0\u00bb] [spb_text_block pb_margin_bottom=\u00a0\u00bbno\u00a0\u00bb pb_border_bottom=\u00a0\u00bbno\u00a0\u00bb width=\u00a0\u00bb1\/1&Prime; el_position=\u00a0\u00bbfirst last\u00a0\u00bb]\n<h3 class=\"ui-sortable-handle\">D\u00e9couvrez l&rsquo;art et la beaut\u00e9 de la Toscane : Un cours priv\u00e9 d&rsquo;une journ\u00e9e<\/h3>\n<p>Embarquez pour un cours d&rsquo;art priv\u00e9 d&rsquo;une journ\u00e9e vraiment sp\u00e9cial qui vous emm\u00e8ne de Florence \u00e0 une ou plusieurs destinations toscanes inoubliables. Vous voyagerez confortablement et aurez l&rsquo;occasion unique de faire des croquis de la merveilleuse campagne et des villes toscanes, et de peindre des \u00ab scorci \u00bb (vues) \u00e0 couper le souffle en plein air.<\/p>\n<p>Vos choix de destination :<\/p>\n<ul>\n<li>R\u00e9gion du Chianti : explorez cette charmante r\u00e9gion entre Florence et Sienne en voiture priv\u00e9e.<\/li>\n<li>Sienne : d\u00e9couverte de la ville m\u00e9di\u00e9vale, accessible en bus.<\/li>\n<li>San Gimignano ou Monteriggioni : d\u00e9couvrez ces joyaux historiques en voiture priv\u00e9e.<\/li>\n<li>Pise : visite de l&#8217;embl\u00e9matique tour pench\u00e9e, accessible en train.<\/li>\n<li>Volterra : d\u00e9couverte de cette ancienne ville \u00e9trusque en voiture priv\u00e9e.<\/li>\n<li>Vinci ou Certaldo : visite de ces sites culturels en voiture priv\u00e9e.<\/li>\n<li>Lucques : d\u00e9couvrez cette captivante ville fortifi\u00e9e, accessible en train.<\/li>\n<li>Montepulciano, Pienza ou Montalcino : plongez dans ces villes viticoles renomm\u00e9es en voiture priv\u00e9e.<\/li>\n<li>Arezzo : d\u00e9couvrez cette ville artistique, accessible en train.<\/li>\n<\/ul>\n<p>Une voiture priv\u00e9e ou les transports en commun vous emm\u00e8neront, vous et votre professeur d&rsquo;art, \u00e0 l&rsquo;endroit que vous avez choisi : vous aurez l&rsquo;occasion de dessiner dans une atmosph\u00e8re d\u00e9tendue et de r\u00e9aliser des \u0153uvres d&rsquo;art que vous emporterez chez vous et que vous utiliserez peut-\u00eatre pour vous inspirer \u00e0 l&rsquo;avenir.<\/p>\n<p>Nos <strong>professeurs d&rsquo;art exp\u00e9riment\u00e9s<\/strong> vous aideront \u00e0 d\u00e9velopper votre sens de l&rsquo;observation en vous permettant de saisir la beaut\u00e9 d&rsquo;un paysage naturel, d&rsquo;un charmant paysage urbain, d&rsquo;un monument historique ou d&rsquo;un b\u00e2timent ancien. Vous aurez la libert\u00e9 de choisir et de pratiquer une ou plusieurs techniques adapt\u00e9es \u00e0 vos comp\u00e9tences et \u00e0 vos pr\u00e9f\u00e9rences, notamment <strong>le fusain, le pastel, l&rsquo;aquarelle ou l&rsquo;acrylique<\/strong>.<\/p>\n<h3 class=\"ui-sortable-handle\">Votre journ\u00e9e artistique en Toscane<\/h3>\n<p>Voici en quoi consiste votre exp\u00e9rience artistique personnalis\u00e9e d&rsquo;une journ\u00e9e :<\/p>\n<ul>\n<li>D\u00e9part le matin : Nous viendrons vous chercher \u00e0 Florence entre 9 et 10 heures.<\/li>\n<li>Immersion artistique : Arrivez \u00e0 la destination toscane de votre choix et plongez dans l&rsquo;art du croquis et de la peinture en plein air.<\/li>\n<li>D\u00e9jeuner l\u00e9ger (non inclus) : Profitez d&rsquo;un d\u00e9jeuner l\u00e9ger et rafra\u00eechissant pendant vos activit\u00e9s artistiques.<\/li>\n<li>Exploration de l&rsquo;apr\u00e8s-midi : Continuez \u00e0 dessiner et \u00e0 visiter les sites touristiques locaux.<\/li>\n<li>Retour \u00e0 Florence : Nous vous ram\u00e8nerons \u00e0 Florence vers 18 ou 19 heures.<\/li>\n<\/ul>\n<p>La dur\u00e9e totale de la le\u00e7on est d&rsquo;environ <strong>5 heures d&rsquo;enseignement artistique<\/strong> cibl\u00e9.<\/p>\n<h3 class=\"ui-sortable-handle\">Ce qu&rsquo;il faut apporter<\/h3>\n<p>Nous vous recommandons de porter des chaussures de trekking ou des chaussures confortables, ainsi qu&rsquo;un chapeau \u00e0 large bord pour \u00eatre \u00e0 l&rsquo;aise tout au long de la journ\u00e9e.<\/p>\n<p>Ce cours peut \u00eatre recommand\u00e9 tant aux novices en art qu&rsquo;aux artistes et professionnels exp\u00e9riment\u00e9s.<\/p>\n<h3 class=\"ui-sortable-handle\">Notez bien<\/h3>\n<p>Nos cours en plein air impliquent de marcher et de monter des escaliers pour atteindre des lieux en plein air afin de dessiner et de peindre des vues magnifiques et embl\u00e9matiques. Si vous avez des probl\u00e8mes de mobilit\u00e9, ce cours peut ne pas vous convenir. Nous vous recommandons de nous contacter pour discuter d&rsquo;autres options. Les remboursements seront envisag\u00e9s au cas par cas pour les probl\u00e8mes de mobilit\u00e9 document\u00e9s qui emp\u00eachent la participation.<\/p>\n[\/spb_text_block] [\/spb_accordion_tab] [\/spb_accordion] [sf_gallery gallery_id=\u00a0\u00bb12093&Prime; slider_transition=\u00a0\u00bbfade\u00a0\u00bb show_thumbs=\u00a0\u00bbyes\u00a0\u00bb autoplay=\u00a0\u00bbyes\u00a0\u00bb show_captions=\u00a0\u00bbyes\u00a0\u00bb enable_lightbox=\u00a0\u00bbyes\u00a0\u00bb width=\u00a0\u00bb1\/1&Prime; el_position=\u00a0\u00bbfirst last\u00a0\u00bb] [boxed_content type=\u00a0\u00bbcoloured\u00a0\u00bb pb_margin_bottom=\u00a0\u00bbno\u00a0\u00bb width=\u00a0\u00bb1\/1&Prime; el_position=\u00a0\u00bbfirst last\u00a0\u00bb]\n<p><strong>D\u00e9tails des prix<\/strong><\/p>\n[\/boxed_content] [spb_accordion width=\u00a0\u00bb1\/1&Prime; el_position=\u00a0\u00bbfirst last\u00a0\u00bb] [spb_accordion_tab title=\u00a0\u00bbPrix\u00a0\u00bb accordion_id=\u00a0\u00bb\u00a0\u00bb icon=\u00a0\u00bb\u00a0\u00bb] [spb_text_block title=\u00a0\u00bbUne journ\u00e9e en Toscane\u00a0\u00bb pb_margin_bottom=\u00a0\u00bbno\u00a0\u00bb pb_border_bottom=\u00a0\u00bbno\u00a0\u00bb width=\u00a0\u00bb1\/1&Prime; el_position=\u00a0\u00bbfirst last\u00a0\u00bb]\n<p>Nos cours d&rsquo;art priv\u00e9s exclusifs ont lieu du <strong>lundi<\/strong> au <strong>samedi<\/strong>.<\/p>\n<p><strong>Les prix ci-dessous <\/strong>sont pour un \u00e9tudiant et comprennent le transport de Florence \u00e0 la destination choisie :<\/p>\n<ul>\n<li>R\u00e9gion du Chianti (entre Florence et Sienne, voiture priv\u00e9e) : \u20ac800<\/li>\n<li>Sienne (Bus) : \u20ac750<\/li>\n<li>San Gimignano \/ Monteriggioni (voiture priv\u00e9e) : \u20ac900<\/li>\n<li>Montepulciano, Pienza, Montalcino (voiture priv\u00e9e) : 900 \u20ac<\/li>\n<li>Pise (train) : 750<\/li>\n<li>Vinci (voiture priv\u00e9e) : \u20ac850<\/li>\n<li>Lucques (Train) : \u20ac750<\/li>\n<li>Arezzo (Train) : \u20ac800<\/li>\n<\/ul>\n<p><strong>Ajustement des prix<\/strong> :<\/p>\n<p>Ajout d&rsquo;un \u00e9l\u00e8ve : des frais suppl\u00e9mentaires de 120 \u20ac s&rsquo;appliquent pour chaque \u00e9l\u00e8ve suppl\u00e9mentaire participant \u00e0 la le\u00e7on.<\/p>\n<p>Remise pour l&rsquo;auto-transport :<\/p>\n<ul>\n<li>Si vous organisez votre propre transport pour les destinations en train\/bus, d\u00e9duisez 50 \u20ac du prix indiqu\u00e9.<\/li>\n<li>Si vous organisez votre propre transport pour les destinations en voiture priv\u00e9e, d\u00e9duisez 100 \u20ac du prix indiqu\u00e9.<\/li>\n<\/ul>\n<p>Pour les petits groupes, d\u2019autres options ou plus d\u2019informations, veuillez <a title=\"Contactes\" href=\"https:\/\/adg.it\/fr\/contactez-nous\/\">nous contacter<\/a>.<\/p>\n[\/spb_text_block] [\/spb_accordion_tab] [spb_accordion_tab title=\u00a0\u00bbLe prix du cours comprend\u00a0\u00bb accordion_id=\u00a0\u00bb\u00a0\u00bb icon=\u00a0\u00bb\u00a0\u00bb] [spb_text_block pb_margin_bottom=\u00a0\u00bbno\u00a0\u00bb pb_border_bottom=\u00a0\u00bbno\u00a0\u00bb width=\u00a0\u00bb1\/1&Prime; el_position=\u00a0\u00bbfirst last\u00a0\u00bb]\n<ul>\n<li>tous les mat\u00e9riaux et outils n\u00e9cessaires au cours;<\/li>\n<li>un certificat de fr\u00e9quence \u00e0 la fin du s\u00e9minaire;<\/li>\n<li>le transport, comme indiqu\u00e9 ci-dessus.<\/li>\n<\/ul>\n[\/spb_text_block] [\/spb_accordion_tab] [spb_accordion_tab title=\u00a0\u00bbNotez bien\u00a0\u00bb accordion_id=\u00a0\u00bb\u00a0\u00bb icon=\u00a0\u00bb\u00a0\u00bb] [spb_text_block pb_margin_bottom=\u00a0\u00bbno\u00a0\u00bb pb_border_bottom=\u00a0\u00bbno\u00a0\u00bb width=\u00a0\u00bb1\/1&Prime; el_position=\u00a0\u00bbfirst last\u00a0\u00bb]\n<ul>\n<li>Les cours priv\u00e9s sont dispens\u00e9s en anglais et en italien.<\/li>\n<li>Sur demande, des cours priv\u00e9s peuvent \u00e9galement \u00eatre organis\u00e9s en espagnol, en fran\u00e7ais ou en allemand.<\/li>\n<li>Le programme peut \u00eatre adapt\u00e9 aux besoins, aux comp\u00e9tences et aux int\u00e9r\u00eats de l&rsquo;\u00e9tudiant.<\/li>\n<li>Le mat\u00e9riel d\u2019art sera fourni par l\u2019\u00e9cole, mais les \u00e9l\u00e8ves peuvent aussi apporter avec eux le mat\u00e9riel qu\u2019ils utilisent normalement dans leurs ateliers ou dans d\u2019autres acad\u00e9mies.<\/li>\n<li>Lors de l\u2019inscription \u00e0 des cours d\u2019art, chaque candidat est pri\u00e9 de pr\u00e9ciser la technique qu\u2019il souhaite \u00e9tudier pendant son cours.<\/li>\n<\/ul>\n[\/spb_text_block] [\/spb_accordion_tab] [\/spb_accordion] [\/spb_column] [spb_column width=\u00a0\u00bb1\/3&Prime; el_position=\u00a0\u00bblast\u00a0\u00bb] [spb_single_image image=\u00a0\u00bb26794&Prime; image_size=\u00a0\u00bbfull\u00a0\u00bb frame=\u00a0\u00bbshadowframe\u00a0\u00bb intro_animation=\u00a0\u00bbnone\u00a0\u00bb full_width=\u00a0\u00bbno\u00a0\u00bb lightbox=\u00a0\u00bbno\u00a0\u00bb link_target=\u00a0\u00bb_self\u00a0\u00bb width=\u00a0\u00bb1\/1&Prime; el_position=\u00a0\u00bbfirst last\u00a0\u00bb] [spb_text_block title=\u00a0\u00bbContactez-nous\u00a0\u00bb pb_margin_bottom=\u00a0\u00bbno\u00a0\u00bb pb_border_bottom=\u00a0\u00bbno\u00a0\u00bb width=\u00a0\u00bb1\/1&Prime; el_position=\u00a0\u00bbfirst last\u00a0\u00bb]\n<div class=\"wpforms-container wpforms-container-full\" id=\"wpforms-18575\"><form id=\"wpforms-form-18575\" class=\"wpforms-validate wpforms-form wpforms-ajax-form\" data-formid=\"18575\" method=\"post\" enctype=\"multipart\/form-data\" action=\"\/fr\/wp-json\/wp\/v2\/pages\/26874\" data-token=\"084cdca4354971784843ebc4534ae9e5\" data-token-time=\"1776392976\"><noscript class=\"wpforms-error-noscript\">Veuillez activer JavaScript dans votre navigateur pour remplir ce formulaire.<\/noscript><div class=\"wpforms-field-container\"><div id=\"wpforms-18575-field_6-container\" class=\"wpforms-field wpforms-field-name\" data-field-id=\"6\"><label class=\"wpforms-field-label\">Nom <span class=\"wpforms-required-label\">*<\/span><\/label><div class=\"wpforms-field-row wpforms-field-large\"><div class=\"wpforms-field-row-block wpforms-first wpforms-one-half\"><input type=\"text\" id=\"wpforms-18575-field_6\" class=\"wpforms-field-name-first wpforms-field-required\" name=\"wpforms[fields][6][first]\" placeholder=\"Votre pr\u00e9nom\" required><label for=\"wpforms-18575-field_6\" class=\"wpforms-field-sublabel after\">First<\/label><\/div><div class=\"wpforms-field-row-block wpforms-one-half\"><input type=\"text\" id=\"wpforms-18575-field_6-last\" class=\"wpforms-field-name-last wpforms-field-required\" name=\"wpforms[fields][6][last]\" placeholder=\"Votre nom\" required><label for=\"wpforms-18575-field_6-last\" class=\"wpforms-field-sublabel after\">Last<\/label><\/div><\/div><\/div><div id=\"wpforms-18575-field_1-container\" class=\"wpforms-field wpforms-field-email\" data-field-id=\"1\"><label class=\"wpforms-field-label\" for=\"wpforms-18575-field_1\">Courrier \u00e9lectronique <span class=\"wpforms-required-label\">*<\/span><\/label><input type=\"email\" id=\"wpforms-18575-field_1\" class=\"wpforms-field-large wpforms-field-required\" name=\"wpforms[fields][1]\" placeholder=\"Votre adresse \u00e9lectronique\" spellcheck=\"false\" required><\/div><div id=\"wpforms-18575-field_2-container\" class=\"wpforms-field wpforms-field-textarea\" data-field-id=\"2\"><label class=\"wpforms-field-label\" for=\"wpforms-18575-field_2\">Message <span class=\"wpforms-required-label\">*<\/span><\/label><textarea id=\"wpforms-18575-field_2\" class=\"wpforms-field-medium wpforms-field-required\" name=\"wpforms[fields][2]\" placeholder=\"\u00c9crivez ici votre message\" required><\/textarea><\/div><\/div><!-- .wpforms-field-container --><div class=\"wpforms-field wpforms-field-hp\"><label for=\"wpforms-18575-field-hp\" class=\"wpforms-field-label\">Phone<\/label><input type=\"text\" name=\"wpforms[hp]\" id=\"wpforms-18575-field-hp\" class=\"wpforms-field-medium\"><\/div><div class=\"wpforms-submit-container\" ><input type=\"hidden\" name=\"wpforms[id]\" value=\"18575\"><input type=\"hidden\" name=\"page_title\" value=\"\"><input type=\"hidden\" name=\"page_url\" value=\"https:\/\/adg.it\/fr\/wp-json\/wp\/v2\/pages\/26874\"><input type=\"hidden\" name=\"url_referer\" value=\"\"><button type=\"submit\" name=\"wpforms[submit]\" id=\"wpforms-submit-18575\" class=\"wpforms-submit\" data-alt-text=\"Envoyer\" data-submit-text=\"Envoyer\" aria-live=\"assertive\" value=\"wpforms-submit\">Envoyer<\/button><img loading=\"lazy\" decoding=\"async\" src=\"https:\/\/adg.it\/wp-content\/plugins\/wpforms\/assets\/images\/submit-spin.svg\" class=\"wpforms-submit-spinner\" style=\"display: none;\" width=\"26\" height=\"26\" alt=\"Chargement en cours\"><\/div><\/form><\/div>  <!-- .wpforms-container -->\n[\/spb_text_block] [testimonial title=\u00a0\u00bbT\u00e9moignages\u00a0\u00bb text_size=\u00a0\u00bbnormal\u00a0\u00bb item_count=\u00a0\u00bb2&Prime; order=\u00a0\u00bbrand\u00a0\u00bb category=\u00a0\u00bbfrancais-fr\u00a0\u00bb pagination=\u00a0\u00bbno\u00a0\u00bb page_link=\u00a0\u00bbno\u00a0\u00bb width=\u00a0\u00bb1\/1&Prime; el_position=\u00a0\u00bbfirst last\u00a0\u00bb] [\/spb_column]<\/p>\n","protected":false},"excerpt":{"rendered":"<p>[spb_column width=\u00a0\u00bb2\/3&Prime; el_position=\u00a0\u00bbfirst\u00a0\u00bb] [spb_text_block title=\u00a0\u00bbUne journ\u00e9e intensive d\u2019art\u00a0\u00bb pb_margin_bottom=\u00a0\u00bbno\u00a0\u00bb pb_border_bottom=\u00a0\u00bbno\u00a0\u00bb width=\u00a0\u00bb1\/1&Prime; el_position=\u00a0\u00bbfirst last\u00a0\u00bb] Nos cours d&rsquo;art d&rsquo;une journ\u00e9e sont parfaits pour les amateurs d&rsquo;art qui disposent de peu de temps en Toscane ! Vivez une journ\u00e9e intensive d&rsquo;art dans votre cadre toscan pr\u00e9f\u00e9r\u00e9, qu&rsquo;il s&rsquo;agisse des charmantes collines du Chianti, de la ville m\u00e9di\u00e9vale de Sienne ou de San Gimignano, [&hellip;]<\/p>\n","protected":false},"author":27,"featured_media":0,"parent":0,"menu_order":0,"comment_status":"closed","ping_status":"closed","template":"","meta":{"_joinchat":[],"footnotes":""},"class_list":["post-26874","page","type-page","status-publish","hentry"],"aioseo_notices":[],"_links":{"self":[{"href":"https:\/\/adg.it\/fr\/wp-json\/wp\/v2\/pages\/26874","targetHints":{"allow":["GET"]}}],"collection":[{"href":"https:\/\/adg.it\/fr\/wp-json\/wp\/v2\/pages"}],"about":[{"href":"https:\/\/adg.it\/fr\/wp-json\/wp\/v2\/types\/page"}],"author":[{"embeddable":true,"href":"https:\/\/adg.it\/fr\/wp-json\/wp\/v2\/users\/27"}],"replies":[{"embeddable":true,"href":"https:\/\/adg.it\/fr\/wp-json\/wp\/v2\/comments?post=26874"}],"version-history":[{"count":2,"href":"https:\/\/adg.it\/fr\/wp-json\/wp\/v2\/pages\/26874\/revisions"}],"predecessor-version":[{"id":26879,"href":"https:\/\/adg.it\/fr\/wp-json\/wp\/v2\/pages\/26874\/revisions\/26879"}],"wp:attachment":[{"href":"https:\/\/adg.it\/fr\/wp-json\/wp\/v2\/media?parent=26874"}],"curies":[{"name":"wp","href":"https:\/\/api.w.org\/{rel}","templated":true}]}}