{"id":19648,"date":"2020-06-26T14:51:15","date_gmt":"2020-06-26T14:51:15","guid":{"rendered":"https:\/\/adg.it\/?page_id=19648"},"modified":"2020-06-26T14:54:30","modified_gmt":"2020-06-26T14:54:30","slug":"art-en-ligne-art-cadeau","status":"publish","type":"page","link":"https:\/\/adg.it\/fr\/art-en-ligne-art-cadeau\/","title":{"rendered":"Offrez un cours d\u2019art en ligne en cadeau"},"content":{"rendered":"<p>[spb_column width=\u00a0\u00bb3\/4&Prime; el_position=\u00a0\u00bbfirst last\u00a0\u00bb] [spb_text_block title=\u00a0\u00bbOffrez un cours d\u2019art en ligne en cadeau\u00a0\u00bb pb_margin_bottom=\u00a0\u00bbno\u00a0\u00bb pb_border_bottom=\u00a0\u00bbno\u00a0\u00bb width=\u00a0\u00bb1\/1&Prime; el_position=\u00a0\u00bbfirst last\u00a0\u00bb]\n<blockquote class=\"blockquote3\">Offrez \u00e0 quelqu\u2019un un cadeau inoubliable : un <strong>cours d\u2019art<\/strong> en ligne \u00e0 Florence \u00e0 l&rsquo;Accademia del Giglio.<\/blockquote>\n<p>Les <strong>professeurs d\u2019art<\/strong> de l\u2019Accademia del Giglio \u00e0 Florence sont disponibles en <strong>ligne pour des conseils et des le\u00e7ons<\/strong> sur la fa\u00e7on d\u2019am\u00e9liorer vos comp\u00e9tences de dessin et de peinture ainsi que sur la fa\u00e7on de concevoir et de r\u00e9aliser votre \u0153uvre d\u2019art \u00e9tape par \u00e9tape.<\/p>\n<p>Un cours-cadeau est un cours que vous pouvez offrir \u00e0 un ami ou <strong>\u00e0 votre bien-aim\u00e9(s) lors d\u2019une<\/strong> occasion sp\u00e9ciale (anniversaire, anniversaire, engagement, No\u00ebl, etc) ou tout simplement parce que.<\/p>\n<p>Diff\u00e9rents sujets sont disponibles pour votre <strong>cours cadeau,<\/strong>tels que:<\/p>\n<ul>\n<li>Dessin<\/li>\n<li>Peinture<\/li>\n<li>Aquarelle<\/li>\n<li>Peinture \u00e0 l\u2019huile ou \u00e0 l\u2019acrylique<\/li>\n<li>Illustration<\/li>\n<li>D\u00e9coration<\/li>\n<\/ul>\n<blockquote class=\"blockquote3\">Les le\u00e7ons en ligne sont tr\u00e8s faciles et elles se d\u00e9roulent sur une <strong>base individuelle.<\/strong><\/blockquote>\n<p>Vous pouvez utiliser skype, messanger, zoom ou toute autre application pour les appels vid\u00e9o.<\/p>\n<p>Si vous souhaitez rencontrer <strong>notre personnel enseignant<\/strong> vous pouvez visiter cette <a href=\"https:\/\/adg.it\/fr\/personnel-enseignant\/\">page<\/a>.<\/p>\n<p>Chaque le\u00e7on a une dur\u00e9e de 30 minutes et un co\u00fbt de <strong>19,90 euros.<\/strong><\/p>\n<p>Un forfait de 10 le\u00e7ons a un prix sp\u00e9cial de <strong>185 euros<\/strong> (au lieu de 199 Euros).<\/p>\n[\/spb_text_block] [sf_gallery gallery_id=\u00a0\u00bb18868&Prime; slider_transition=\u00a0\u00bbfade\u00a0\u00bb show_thumbs=\u00a0\u00bbyes\u00a0\u00bb autoplay=\u00a0\u00bbyes\u00a0\u00bb show_captions=\u00a0\u00bbyes\u00a0\u00bb enable_lightbox=\u00a0\u00bbno\u00a0\u00bb width=\u00a0\u00bb3\/4&Prime; el_position=\u00a0\u00bbfirst last\u00a0\u00bb] [boxed_content type=\u00a0\u00bbcoloured\u00a0\u00bb pb_margin_bottom=\u00a0\u00bbno\u00a0\u00bb width=\u00a0\u00bb1\/1&Prime; el_position=\u00a0\u00bbfirst last\u00a0\u00bb]\n<p><strong>Testimonials<\/strong> T\u00e9moignages<\/p>\n[\/boxed_content] [testimonial_carousel item_count=\u00a0\u00bb3&Prime; order=\u00a0\u00bbrand\u00a0\u00bb category=\u00a0\u00bbAll\u00a0\u00bb page_link=\u00a0\u00bbyes\u00a0\u00bb width=\u00a0\u00bb1\/1&Prime; el_position=\u00a0\u00bbfirst last\u00a0\u00bb] [blank_spacer height=\u00a0\u00bb30px\u00a0\u00bb width=\u00a0\u00bb1\/1&Prime; el_position=\u00a0\u00bbfirst last\u00a0\u00bb] [boxed_content type=\u00a0\u00bbcoloured\u00a0\u00bb pb_margin_bottom=\u00a0\u00bbno\u00a0\u00bb width=\u00a0\u00bb1\/1&Prime; el_position=\u00a0\u00bbfirst last\u00a0\u00bb]\n<p><strong>Prix et d\u00e9tails<\/strong><\/p>\n[\/boxed_content] [spb_accordion width=\u00a0\u00bb1\/1&Prime; el_position=\u00a0\u00bbfirst last\u00a0\u00bb] [spb_accordion_tab title=\u00a0\u00bbPrix\u00a0\u00bb accordion_id=\u00a0\u00bb\u00a0\u00bb icon=\u00a0\u00bb\u00a0\u00bb] [spb_text_block pb_margin_bottom=\u00a0\u00bbno\u00a0\u00bb pb_border_bottom=\u00a0\u00bbno\u00a0\u00bb width=\u00a0\u00bb1\/1&Prime; el_position=\u00a0\u00bbfirst last\u00a0\u00bb]\n<p>1 le\u00e7on de 30 minutes 19,90 \u20ac<br \/>\n10 le\u00e7ons de 30 minutes <strong>185,00<\/strong> \u20ac (au lieu de <del>199,00 \u20ac)<\/del><br \/>\n1 le\u00e7on de 60 minutes 39,80 \u20ac<br \/>\n10 le\u00e7ons de 60 minutes <strong>360,00<\/strong> \u20ac (au lieu de <del>398,00 \u20ac)<\/del><\/p>\n[\/spb_text_block] [\/spb_accordion_tab] [spb_accordion_tab title=\u00a0\u00bbComment le cadeau sera-t-il envoy\u00e9?\u00a0\u00bb accordion_id=\u00a0\u00bb\u00a0\u00bb icon=\u00a0\u00bb\u00a0\u00bb] [spb_text_block icon=\u00a0\u00bbComment le cadeau sera-t-il envoy\u00e9?\u00a0\u00bb pb_margin_bottom=\u00a0\u00bbno\u00a0\u00bb pb_border_bottom=\u00a0\u00bbno\u00a0\u00bb width=\u00a0\u00bb1\/1&Prime; el_position=\u00a0\u00bbfirst last\u00a0\u00bb]\n<p>Le cours-cadeau que vous acheterez vous sera envoy\u00e9 sous forme de coupon digital (si vous souhaitez voir un \u00e9chantillon de ce coupon cliquez ici s\u2019il vous pla\u00eet).<\/p>\n<p>Vous pouvez aussi demander une date pr\u00e9cise pour l&rsquo;envoi si vous le d\u00e9sirez. Deux options de livraison sont disponibles :<\/p>\n<ul>\n<li>vous pouvez demander de recevoir le coupon, que vous d\u00e9livrerez ensuite personnellement \u00e0 votre bien-aim\u00e9(\u00e9);<\/li>\n<li>vous pouvez nous demander d&rsquo;envoyer le coupon au destinataire.<\/li>\n<\/ul>\n[\/spb_text_block] [\/spb_accordion_tab] [spb_accordion_tab title=\u00a0\u00bbPuis-je retourner un cadeau?\u00a0\u00bb accordion_id=\u00a0\u00bb\u00a0\u00bb icon=\u00a0\u00bb\u00a0\u00bb] [spb_text_block title=\u00a0\u00bbPuis-je retourner un cadeau?\u00a0\u00bb pb_margin_bottom=\u00a0\u00bbno\u00a0\u00bb pb_border_bottom=\u00a0\u00bbno\u00a0\u00bb width=\u00a0\u00bb1\/1&Prime; el_position=\u00a0\u00bbfirst last\u00a0\u00bb]\n<p>Oui, \u00e0 condition de le retourner au moins 7 jours avant le d\u00e9but du cours. Dans ce cas, le montant vous sera rembours\u00e9 enti\u00e8rement.<\/p>\n[\/spb_text_block] [\/spb_accordion_tab] [spb_accordion_tab title=\u00a0\u00bbProgramme\u00a0\u00bb accordion_id=\u00a0\u00bb\u00a0\u00bb icon=\u00a0\u00bb\u00a0\u00bb] [spb_text_block pb_margin_bottom=\u00a0\u00bbno\u00a0\u00bb pb_border_bottom=\u00a0\u00bbno\u00a0\u00bb width=\u00a0\u00bb1\/1&Prime; el_position=\u00a0\u00bbfirst last\u00a0\u00bb]\n<p>Les cours en ligne peuvent avoir lieu entre <strong>7h30<\/strong> et <strong>23h30<\/strong>, heure de l\u2019Europe centrale.<\/p>\n<p>La le\u00e7on peut \u00eatre divis\u00e9e en deux : c\u2019est-\u00e0-dire que dans les 15 premi\u00e8res minutes, vous \u00e9tablissez un plan de travail, puis apr\u00e8s environ une heure, dans les 15 minutes suivantes, notre instructeur v\u00e9rifie ce que vous avez fait, peut sugg\u00e9rer quelques changements et vous donne d\u2019autres conseils jusqu\u2019\u00e0 la prochaine le\u00e7on;<\/p>\n[\/spb_text_block] [\/spb_accordion_tab] [spb_accordion_tab title=\u00a0\u00bbConditions g\u00e9n\u00e9rales\u00a0\u00bb accordion_id=\u00a0\u00bb\u00a0\u00bb icon=\u00a0\u00bb\u00a0\u00bb] [spb_text_block pb_margin_bottom=\u00a0\u00bbno\u00a0\u00bb pb_border_bottom=\u00a0\u00bbno\u00a0\u00bb width=\u00a0\u00bb1\/1&Prime; el_position=\u00a0\u00bbfirst last\u00a0\u00bb]\n<ul>\n<li>Les b\u00e9n\u00e9ficiaires doivent avoir 14 ans ou plus.<\/li>\n<li>Une le\u00e7on est de 30 minutes.<\/li>\n<li>R\u00e9servations annul\u00e9es. Si une le\u00e7on est annul\u00e9e au moins 24 heures avant le d\u00e9but du cours, la le\u00e7on peut \u00eatre recup\u00e9r\u00e9e dans le futur. Si une le\u00e7on est annul\u00e9e moins de 24 heures avant le d\u00e9but du cours, la le\u00e7on ne peut pas \u00eatre recu\u00e9r\u00e9e.<\/li>\n<li>Aucun remboursement ne sera fait aux \u00e9l\u00e8ves qui commencent leur cours en retard ou l\u2019interrompent avant sa fin officielle.<\/li>\n<li>En envoyant votre demande d&rsquo;inscription, vous acceptez nos conditions g\u00e9n\u00e9rales. Des litiges \u00e9ventuels seront r\u00e9gl\u00e9s devant le tribunal comp\u00e9tent de Florence.<\/li>\n<\/ul>\n[\/spb_text_block] [\/spb_accordion_tab] [\/spb_accordion] [boxed_content type=\u00a0\u00bbcoloured\u00a0\u00bb pb_margin_bottom=\u00a0\u00bbno\u00a0\u00bb width=\u00a0\u00bb1\/1&Prime; el_position=\u00a0\u00bbfirst last\u00a0\u00bb]\n<p><strong>Formulaire<\/strong><\/p>\n<p>Veuillez remplir ce formulaire et apr\u00e8s l\u2019avoir envoy\u00e9, vous serez redirig\u00e9 vers la page de paiement. Si vous avez une question, s\u2019il vous pla\u00eet <a href=\"https:\/\/adg.it\/fr\/contactez-nous\/\">contactez-nous<\/a>.<\/p>\n[\/boxed_content] [spb_text_block pb_margin_bottom=\u00a0\u00bbno\u00a0\u00bb pb_border_bottom=\u00a0\u00bbno\u00a0\u00bb width=\u00a0\u00bb1\/1&Prime; el_position=\u00a0\u00bbfirst last\u00a0\u00bb]\n<div class=\"wpforms-container wpforms-container-full\" id=\"wpforms-18860\"><form id=\"wpforms-form-18860\" class=\"wpforms-validate wpforms-form\" data-formid=\"18860\" method=\"post\" enctype=\"multipart\/form-data\" action=\"\/fr\/wp-json\/wp\/v2\/pages\/19648\" data-token=\"d04bfa35d43e65bbf85addbb3d62b5d1\" data-token-time=\"1776800360\"><noscript class=\"wpforms-error-noscript\">Veuillez activer JavaScript dans votre navigateur pour remplir ce formulaire.<\/noscript><div class=\"wpforms-field-container\"><div id=\"wpforms-18860-field_2-container\" class=\"wpforms-field wpforms-field-text\" data-field-id=\"2\"><label class=\"wpforms-field-label\" for=\"wpforms-18860-field_2\">Votre pr\u00e9nom <span class=\"wpforms-required-label\">*<\/span><\/label><input type=\"text\" id=\"wpforms-18860-field_2\" class=\"wpforms-field-large wpforms-field-required\" name=\"wpforms[fields][2]\" required><\/div><div id=\"wpforms-18860-field_1-container\" class=\"wpforms-field wpforms-field-text\" data-field-id=\"1\"><label class=\"wpforms-field-label\" for=\"wpforms-18860-field_1\">Votre nom <span class=\"wpforms-required-label\">*<\/span><\/label><input type=\"text\" id=\"wpforms-18860-field_1\" class=\"wpforms-field-large wpforms-field-required\" name=\"wpforms[fields][1]\" required><\/div><div id=\"wpforms-18860-field_3-container\" class=\"wpforms-field wpforms-field-email\" data-field-id=\"3\"><label class=\"wpforms-field-label\" for=\"wpforms-18860-field_3\">Votre adresse \u00e9lectronique <span class=\"wpforms-required-label\">*<\/span><\/label><input type=\"email\" id=\"wpforms-18860-field_3\" class=\"wpforms-field-large wpforms-field-required\" name=\"wpforms[fields][3]\" spellcheck=\"false\" required><\/div><div id=\"wpforms-18860-field_4-container\" class=\"wpforms-field wpforms-field-phone\" data-field-id=\"4\"><label class=\"wpforms-field-label\" for=\"wpforms-18860-field_4\">Votre t\u00e9l\u00e9phone<\/label><input type=\"tel\" id=\"wpforms-18860-field_4\" class=\"wpforms-field-large\" data-rule-int-phone-field=\"true\" name=\"wpforms[fields][4]\" aria-label=\"Votre t\u00e9l\u00e9phone\" ><\/div><div id=\"wpforms-18860-field_8-container\" class=\"wpforms-field wpforms-field-text\" data-field-id=\"8\"><label class=\"wpforms-field-label\" for=\"wpforms-18860-field_8\">Pr\u00e9nom du destinataire <span class=\"wpforms-required-label\">*<\/span><\/label><input type=\"text\" id=\"wpforms-18860-field_8\" class=\"wpforms-field-large wpforms-field-required\" name=\"wpforms[fields][8]\" required><\/div><div id=\"wpforms-18860-field_18-container\" class=\"wpforms-field wpforms-field-text\" data-field-id=\"18\"><label class=\"wpforms-field-label\" for=\"wpforms-18860-field_18\">Nom de famille du destinataire <span class=\"wpforms-required-label\">*<\/span><\/label><input type=\"text\" id=\"wpforms-18860-field_18\" class=\"wpforms-field-large wpforms-field-required\" name=\"wpforms[fields][18]\" required><\/div><div id=\"wpforms-18860-field_19-container\" class=\"wpforms-field wpforms-field-text\" data-field-id=\"19\"><label class=\"wpforms-field-label\" for=\"wpforms-18860-field_19\">E-mail du destinataire<\/label><input type=\"text\" id=\"wpforms-18860-field_19\" class=\"wpforms-field-large\" name=\"wpforms[fields][19]\" ><\/div><div id=\"wpforms-18860-field_15-container\" class=\"wpforms-field wpforms-field-payment-select wpforms-field-select-style-classic\" data-field-id=\"15\"><label class=\"wpforms-field-label\" for=\"wpforms-18860-field_15\">S\u00e9lectionnez le cours-cadeau <span class=\"wpforms-required-label\">*<\/span><\/label><select id=\"wpforms-18860-field_15\" class=\"wpforms-payment-price wpforms-field-large wpforms-field-required\" name=\"wpforms[fields][15]\" required=\"required\"><option value=\"\" class=\"placeholder\" disabled  selected='selected'>---<\/option><option value=\"2\" data-amount=\"19.90\" >1 le\u00e7on de 30 minutes<\/option><option value=\"3\" data-amount=\"185.00\" >10 le\u00e7ons de 30 minutes<\/option><option value=\"5\" data-amount=\"39.80\" >1 le\u00e7on de 60 minutes<\/option><option value=\"6\" data-amount=\"360.00\" >10 le\u00e7ons de 60 minutes<\/option><\/select><\/div><div id=\"wpforms-18860-field_17-container\" class=\"wpforms-field wpforms-field-select wpforms-field-select-style-classic\" data-field-id=\"17\"><label class=\"wpforms-field-label\" for=\"wpforms-18860-field_17\">S\u00e9lectionner l\u2019enseignant<\/label><select id=\"wpforms-18860-field_17\" class=\"wpforms-field-large\" name=\"wpforms[fields][17]\"><option value=\"Pas de pr\u00e9f\u00e9rence\"  class=\"choice-4 depth-1\"  >Pas de pr\u00e9f\u00e9rence<\/option><option value=\"Stefano Cesarato\"  class=\"choice-2 depth-1\"  >Stefano Cesarato<\/option><option value=\"Mohsen Veysi\"  class=\"choice-1 depth-1\"  >Mohsen Veysi<\/option><option value=\"Enrico Deiana\"  class=\"choice-3 depth-1\"  >Enrico Deiana<\/option><\/select><\/div><div id=\"wpforms-18860-field_13-container\" class=\"wpforms-field wpforms-field-textarea\" data-field-id=\"13\"><label class=\"wpforms-field-label\" for=\"wpforms-18860-field_13\">Ajoutez ici votre message<\/label><textarea id=\"wpforms-18860-field_13\" class=\"wpforms-field-medium\" name=\"wpforms[fields][13]\" ><\/textarea><\/div><div id=\"wpforms-18860-field_14-container\" class=\"wpforms-field wpforms-field-radio\" data-field-id=\"14\"><label class=\"wpforms-field-label\">Je certifie que les informations que j\u2019ai donn\u00e9es ci-dessus sont vraies et correctes et que j\u2019ai lu les Conditions g\u00e9n\u00e9rales et que j\u2019accepte d\u2019\u00eatre li\u00e9 par celles-ci : <span class=\"wpforms-required-label\">*<\/span><\/label><ul id=\"wpforms-18860-field_14\" class=\"wpforms-field-required\"><li class=\"choice-0 depth-1 wpforms-selected\"><input type=\"radio\" id=\"wpforms-18860-field_14_0\" name=\"wpforms[fields][14]\" value=\"oui\" required  checked='checked'><label class=\"wpforms-field-label-inline\" for=\"wpforms-18860-field_14_0\">oui<\/label><\/li><li class=\"choice-1 depth-1\"><input type=\"radio\" id=\"wpforms-18860-field_14_1\" name=\"wpforms[fields][14]\" value=\"non\" required ><label class=\"wpforms-field-label-inline\" for=\"wpforms-18860-field_14_1\">non<\/label><\/li><\/ul><\/div><\/div><!-- .wpforms-field-container --><div class=\"wpforms-field wpforms-field-hp\"><label for=\"wpforms-18860-field-hp\" class=\"wpforms-field-label\">Comment<\/label><input type=\"text\" name=\"wpforms[hp]\" id=\"wpforms-18860-field-hp\" class=\"wpforms-field-medium\"><\/div><div class=\"wpforms-submit-container\" ><input type=\"hidden\" name=\"wpforms[id]\" value=\"18860\"><input type=\"hidden\" name=\"page_title\" value=\"\"><input type=\"hidden\" name=\"page_url\" value=\"https:\/\/adg.it\/fr\/wp-json\/wp\/v2\/pages\/19648\"><input type=\"hidden\" name=\"url_referer\" value=\"\"><button type=\"submit\" name=\"wpforms[submit]\" id=\"wpforms-submit-18860\" class=\"wpforms-submit\" data-alt-text=\"Envoyer\" data-submit-text=\"Soumettre et aller \u00e0 la page de paiement\" aria-live=\"assertive\" value=\"wpforms-submit\">Soumettre et aller \u00e0 la page de paiement<\/button><\/div><\/form><\/div>  <!-- .wpforms-container -->\n[\/spb_text_block] [\/spb_column]<\/p>\n","protected":false},"excerpt":{"rendered":"<p>[spb_column width=\u00a0\u00bb3\/4&Prime; el_position=\u00a0\u00bbfirst last\u00a0\u00bb] [spb_text_block title=\u00a0\u00bbOffrez un cours d\u2019art en ligne en cadeau\u00a0\u00bb pb_margin_bottom=\u00a0\u00bbno\u00a0\u00bb pb_border_bottom=\u00a0\u00bbno\u00a0\u00bb width=\u00a0\u00bb1\/1&Prime; el_position=\u00a0\u00bbfirst last\u00a0\u00bb] Les professeurs d\u2019art de l\u2019Accademia del Giglio \u00e0 Florence sont disponibles en ligne pour des conseils et des le\u00e7ons sur la fa\u00e7on d\u2019am\u00e9liorer vos comp\u00e9tences de dessin et de peinture ainsi que sur la fa\u00e7on de concevoir et de r\u00e9aliser votre \u0153uvre [&hellip;]<\/p>\n","protected":false},"author":27,"featured_media":0,"parent":0,"menu_order":0,"comment_status":"closed","ping_status":"closed","template":"","meta":{"_joinchat":[],"footnotes":""},"class_list":["post-19648","page","type-page","status-publish","hentry"],"aioseo_notices":[],"_links":{"self":[{"href":"https:\/\/adg.it\/fr\/wp-json\/wp\/v2\/pages\/19648","targetHints":{"allow":["GET"]}}],"collection":[{"href":"https:\/\/adg.it\/fr\/wp-json\/wp\/v2\/pages"}],"about":[{"href":"https:\/\/adg.it\/fr\/wp-json\/wp\/v2\/types\/page"}],"author":[{"embeddable":true,"href":"https:\/\/adg.it\/fr\/wp-json\/wp\/v2\/users\/27"}],"replies":[{"embeddable":true,"href":"https:\/\/adg.it\/fr\/wp-json\/wp\/v2\/comments?post=19648"}],"version-history":[{"count":0,"href":"https:\/\/adg.it\/fr\/wp-json\/wp\/v2\/pages\/19648\/revisions"}],"wp:attachment":[{"href":"https:\/\/adg.it\/fr\/wp-json\/wp\/v2\/media?parent=19648"}],"curies":[{"name":"wp","href":"https:\/\/api.w.org\/{rel}","templated":true}]}}