{"id":19414,"date":"2020-06-04T08:21:36","date_gmt":"2020-06-04T08:21:36","guid":{"rendered":"https:\/\/adg.it\/?page_id=19414"},"modified":"2025-01-16T11:16:18","modified_gmt":"2025-01-16T11:16:18","slug":"dessin-peinture-avances","status":"publish","type":"page","link":"https:\/\/adg.it\/fr\/dessin-peinture-avances\/","title":{"rendered":"Techniques avanc\u00e9es de dessin et de peinture"},"content":{"rendered":"<p>[spb_column width=\u00a0\u00bb2\/3&Prime; el_position=\u00a0\u00bbfirst\u00a0\u00bb] [spb_text_block title=\u00a0\u00bbProgramme de beaux-arts pour \u00e9tudiants avanc\u00e9s\u00a0\u00bb pb_margin_bottom=\u00a0\u00bbno\u00a0\u00bb pb_border_bottom=\u00a0\u00bbno\u00a0\u00bb width=\u00a0\u00bb1\/1&Prime; el_position=\u00a0\u00bbfirst last\u00a0\u00bb]\n<p>Ce programme d\u2019un an a \u00e9t\u00e9 con\u00e7u pour ces \u00e9l\u00e8ves qui sont d\u00e9termin\u00e9s \u00e0 relever de <strong>plus grands d\u00e9fis artistiques<\/strong> gr\u00e2ce \u00e0 la pratique de plusieurs techniques de dessin et de peinture impliquant aussi des probl\u00e8mes <strong>compositionnels et conceptuels plus complexes.<\/strong><\/p>\n<p>Au d\u00e9but du cours, notre professeur d\u2019art \u00e9valuera les comp\u00e9tences des \u00e9l\u00e8ves et les aidera \u00e0 \u00e9tablir leurs objectifs. Tout en travaillant au cours de leurs classes sur une large gamme de techniques de dessin et de peinture, les \u00e9tudiants augmenteront leurs comp\u00e9tences artistiques, ils d\u00e9velopperont une approche plus raffin\u00e9e au processus ainsi qu&rsquo;au sujet artistique, ils <strong>cr\u00e9eront finalement un portfolio individuel.<\/strong><\/p>\n<p>Les \u00e9l\u00e8ves apprendront aussi \u00e0 reconna\u00eetre et \u00e0 choisir les mat\u00e9riaux les plus appropri\u00e9s qu&rsquo;ils utiliseront dans leurs oeuvre, ils comprendront l&rsquo;importance de la r\u00e9alisation des strat\u00e9gies de d\u00e9veloppement d\u2019images d\u00e9coulant d\u2019une observation ou d\u2019un souvenir ou bien de leur propre imagination; ils pratiqueront une s\u00e9lection de <strong>m\u00e9thodes de dessin<\/strong> qui incluront le dessin lin\u00e9aire au crayon, le croquis, le dessin au stylo \u00e0 bille, la ligne continue, le fusain, le pastel, la sanguine, la craie blanche ainsi que, l&rsquo;encre de Chine.<\/p>\n<p>En ce qui concerne les <strong>techniques de peinture, <\/strong>les \u00e9l\u00e8ves exp\u00e9rimenteront celles les plus traditionelles telles que l&rsquo;acrylique, l&rsquo;huile, le fresque, la d\u00e9trempe, mais aussi les m\u00e9dias mixtes sur papier, toile, panneaux et d&rsquo;autres surfaces.<\/p>\n<p>Chaque \u00e9l\u00e8ve entreprendra une <strong>exploration personnelle d\u2019id\u00e9es, de mat\u00e9riaux, de concepts<\/strong> et de probl\u00e8mes pour concevoir des solutions artistiques.<\/p>\n[\/spb_text_block] [spb_accordion width=\u00a0\u00bb1\/1&Prime; el_position=\u00a0\u00bbfirst last\u00a0\u00bb] [spb_accordion_tab title=\u00a0\u00bbSujets\u00a0\u00bb accordion_id=\u00a0\u00bb\u00a0\u00bb icon=\u00a0\u00bb\u00a0\u00bb] [spb_text_block pb_margin_bottom=\u00a0\u00bbno\u00a0\u00bb pb_border_bottom=\u00a0\u00bbno\u00a0\u00bb width=\u00a0\u00bb1\/1&Prime; el_position=\u00a0\u00bbfirst last\u00a0\u00bb]\n<p>Voici <strong>quelques-uns<\/strong> des principaux sujets que vous pouvez choisir d\u2019aborder :<\/p>\n<ul>\n<li><strong>nature morte<\/strong>, repr\u00e9sentant plusieurs types d\u2019objets tels que la nourriture, les fleurs, les animaux, les plantes, les roches, les coquillages, les verres, les livres, les vases, les bijoux, les pi\u00e8ces de monnaie, etc.<\/li>\n<li><strong>portrait<\/strong>, \u00e9tude des expressions faciales, des mains, des yeux en utilisant des techniques tant de dessin que de peinture (acrylique ou huile);<\/li>\n<li><strong>\u00e9corch\u00e9\/anatomie<\/strong>. Les \u00e9l\u00e8ves apprendront \u00e0 dessiner, dessiner et peindre le corps humain ainsi que les pieds dans leurs positions diff\u00e9rentes;<\/li>\n<li><strong>illustration<\/strong>. Les participants apprendront \u00e0 d\u00e9corer, interpr\u00e9ter ou expliquer visuellement un texte ou m\u00eame un concept. Ils apprendront \u00e0 concevoir des affiches, des couvertures et toute autre illustration qui peut \u00eatre utilis\u00e9e dans les m\u00e9dias.<\/li>\n<li><strong>r\u00e9alisme\/photor\u00e9alisme\/hyperr\u00e9alisme<\/strong>. \u00c9tude des techniques avanc\u00e9es et sophistiqu\u00e9es de peinture \u00e0 l\u2019huile visant \u00e0 ressembler \u00e0 une photographie de haute r\u00e9solution.<\/li>\n<li><strong>l\u2019art abstrait et conceptuel<\/strong>. Les \u00e9l\u00e8ves seront initi\u00e9s \u00e0 cette galaxie artistique o\u00f9 ils auront l\u2019occasion d\u2019explorer les fa\u00e7ons diff\u00e9rentes de peindre l\u2019imaginaire, les sensations et les id\u00e9es.<\/li>\n<li><strong>paysage plein-air<\/strong>. Cette classe ne se d\u00e9roulera que pendant une certaine p\u00e9riode au printemps et en \u00e9t\u00e9.<\/li>\n<li><strong>dessin de perspective et croquis urbains<\/strong>. Les \u00e9l\u00e8ves apprendront \u00e0 capturer les sc\u00e8nes dont ils sont t\u00e9moins et \u00e0 attraper l\u2019essence des endroits o\u00f9 ils vivent ou des endroits qu&rsquo;ils ont visit\u00e9s.<\/li>\n<li><strong>design graphique et de mode<\/strong>. Cette classe a \u00e9t\u00e9 con\u00e7ue pour les graphistes et les cr\u00e9ateurs de mode qui ont besoin d\u2019am\u00e9liorer leurs comp\u00e9tences artistiques \u00e0 main lev\u00e9e en se concentrant sur les croquis ainsi que sur la ma\u00eetrise des couleurs (principalement par l\u2019utilisation de couleurs acryliques et des feutres Pantone).<\/li>\n<\/ul>\n[\/spb_text_block] [\/spb_accordion_tab] [spb_accordion_tab title=\u00a0\u00bbTechniques\u00a0\u00bb accordion_id=\u00a0\u00bb\u00a0\u00bb icon=\u00a0\u00bb\u00a0\u00bb] [spb_text_block pb_margin_bottom=\u00a0\u00bbno\u00a0\u00bb pb_border_bottom=\u00a0\u00bbno\u00a0\u00bb width=\u00a0\u00bb1\/1&Prime; el_position=\u00a0\u00bbfirst last\u00a0\u00bb]\n<p>Voici <strong>quelques-unes<\/strong> des techniques que les \u00e9l\u00e8ves pourront perfectionner : fusain, sanguine, pastel sec, pastel \u00e0 l\u2019huile, stylo et encre, aquarelle, gouache, graphite, peinture acrylique, peinture \u00e0 l\u2019huile, tempera, fresque, sculpture en argile.<\/p>\n[\/spb_text_block] [\/spb_accordion_tab] [spb_accordion_tab title=\u00a0\u00bbDur\u00e9e\u00a0\u00bb accordion_id=\u00a0\u00bb\u00a0\u00bb icon=\u00a0\u00bb\u00a0\u00bb] [spb_text_block pb_margin_bottom=\u00a0\u00bbno\u00a0\u00bb pb_border_bottom=\u00a0\u00bbno\u00a0\u00bb width=\u00a0\u00bb1\/1&Prime; el_position=\u00a0\u00bbfirst last\u00a0\u00bb]\n<p>L\u2019ensemble du cours a une dur\u00e9e d\u2019une ann\u00e9e acad\u00e9mique (<strong>36 semaines<\/strong>). Les \u00e9l\u00e8ves peuvent toutefois fr\u00e9quenter seulement des parties sp\u00e9cifiques du cours<strong>(minimum 4 semaines<\/strong>). Deux programmes sont disponibles : <strong>20 heures de cours par semaine<\/strong> et <strong>14 heures de cours par semaine.<\/strong> Chaque semaine le cours inclura su moins <strong>2 heures de dessin de nu avec un\/e mod\u00e8le vivant\/e<\/strong>.<\/p>\n<p>Nombre maximum d\u2019\u00e9l\u00e8ves par classe : 10.<\/p>\n[\/spb_text_block] [\/spb_accordion_tab] [\/spb_accordion] [sf_gallery gallery_id=\u00a0\u00bb11016&Prime; slider_transition=\u00a0\u00bbfade\u00a0\u00bb show_thumbs=\u00a0\u00bbyes\u00a0\u00bb autoplay=\u00a0\u00bbyes\u00a0\u00bb show_captions=\u00a0\u00bbyes\u00a0\u00bb enable_lightbox=\u00a0\u00bbno\u00a0\u00bb width=\u00a0\u00bb1\/1&Prime; el_position=\u00a0\u00bbfirst last\u00a0\u00bb] [boxed_content type=\u00a0\u00bbcoloured\u00a0\u00bb pb_margin_bottom=\u00a0\u00bbno\u00a0\u00bb width=\u00a0\u00bb1\/1&Prime; el_position=\u00a0\u00bbfirst last\u00a0\u00bb]\n<p><strong>Prix et d\u00e9tails<\/strong><\/p>\n[\/boxed_content] [spb_accordion width=\u00a0\u00bb1\/1&Prime; el_position=\u00a0\u00bbfirst last\u00a0\u00bb] [spb_accordion_tab title=\u00a0\u00bbPrix\u00a0\u00bb accordion_id=\u00a0\u00bb\u00a0\u00bb icon=\u00a0\u00bb\u00a0\u00bb] [spb_text_block title=\u00a0\u00bb14 heures par semaine\u00a0\u00bb pb_margin_bottom=\u00a0\u00bbno\u00a0\u00bb pb_border_bottom=\u00a0\u00bbno\u00a0\u00bb width=\u00a0\u00bb1\/1&Prime; el_position=\u00a0\u00bbfirst last\u00a0\u00bb]\n<p>1 unit\u00e9, 4 semaines, 56 heures 895 euros<br \/>\n2 unit\u00e9s, 8 semaines, 112 heures 1635 euros<br \/>\n3 unit\u00e9s, 12 semaines, 168 heures 2355 euros<br \/>\n6 unit\u00e9s, 24 semaines, 336 heures 4565 euros<br \/>\n9 unit\u00e9s, 36 semaines, 504 heures 6705 euros<\/p>\n[\/spb_text_block] [spb_text_block title=\u00a0\u00bb20 heures par semaine\u00a0\u00bb pb_margin_bottom=\u00a0\u00bbno\u00a0\u00bb pb_border_bottom=\u00a0\u00bbno\u00a0\u00bb width=\u00a0\u00bb1\/1&Prime; el_position=\u00a0\u00bbfirst last\u00a0\u00bb]\n<p>1 unit\u00e9, 4 semaines, 80 heures 1175 euros<br \/>\n2 unit\u00e9s, 8 semaines, 160 heures 2115 euros<br \/>\n3 unit\u00e9s, 12 semaines, 240 heures 3135 euros<br \/>\n6 unit\u00e9s, 24 semaines, 480 heures 6025 euros<br \/>\n9 unit\u00e9s, 36 semaines, 720 heures 9015 euros<\/p>\n[\/spb_text_block] [\/spb_accordion_tab] [spb_accordion_tab title=\u00a0\u00bbLe prix du cours comprend:\u00a0\u00bb accordion_id=\u00a0\u00bb\u00a0\u00bb icon=\u00a0\u00bb\u00a0\u00bb] [spb_text_block pb_margin_bottom=\u00a0\u00bbno\u00a0\u00bb pb_border_bottom=\u00a0\u00bbno\u00a0\u00bb width=\u00a0\u00bb1\/1&Prime; el_position=\u00a0\u00bbfirst last\u00a0\u00bb]\n<p>Le mat\u00e9riel de dessin de base est compris dans le prix: papier normal et crayons.<br \/>\nUn certificat de fr\u00e9quence.<\/p>\n[\/spb_text_block] [\/spb_accordion_tab] [spb_accordion_tab title=\u00a0\u00bbEmploi du temps\u00a0\u00bb accordion_id=\u00a0\u00bb\u00a0\u00bb icon=\u00a0\u00bb\u00a0\u00bb] [spb_text_block pb_margin_bottom=\u00a0\u00bbno\u00a0\u00bb pb_border_bottom=\u00a0\u00bbno\u00a0\u00bb width=\u00a0\u00bb1\/1&Prime; el_position=\u00a0\u00bbfirst last\u00a0\u00bb]\n<ul>\n<li>Les cours intensifs de techniques d\u2019art avanc\u00e9es<strong> (20 heures par semaine) <\/strong>ont lieu<strong> de 11h30 \u00e0 13h <\/strong>et <strong>de 13h30 \u00e0 17h00,<\/strong> <strong>du lundi au jeudi.<\/strong><\/li>\n<\/ul>\n<ul>\n<li>Les cours de techniques d&rsquo;art avanc\u00e9es <strong>(14 heures par semaine)<\/strong> ont lieu <strong>de 13h.30 \u00e0 17h, du lundi au jeudi.<\/strong><\/li>\n<\/ul>\n<p>Chaque jour de 9h30 et le vendredi jusqu&rsquo;\u00e0 14h30 les \u00e9l\u00e8ves pourront travailler individuellement dans notre atelier en perfectionnant leur habilet\u00e9 artistique. Notre atelier sera ainsi disponible pour nos \u00e9l\u00e8ves chaque semaine, \u00e0 moins que la direction ne doive utiliser l&rsquo;atelier pour des cours extraordinaires.<\/p>\n[\/spb_text_block] [\/spb_accordion_tab] [spb_accordion_tab title=\u00a0\u00bbPaiement\u00a0\u00bb accordion_id=\u00a0\u00bb\u00a0\u00bb icon=\u00a0\u00bb\u00a0\u00bb] [spb_text_block pb_margin_bottom=\u00a0\u00bbno\u00a0\u00bb pb_border_bottom=\u00a0\u00bbno\u00a0\u00bb width=\u00a0\u00bb1\/1&Prime; el_position=\u00a0\u00bbfirst last\u00a0\u00bb]\n<p>On demand it is possible to pay for the tuition fees by 3-month instalments: for further details please contact the school registry.<\/p>\n[\/spb_text_block] [\/spb_accordion_tab] [spb_accordion_tab title=\u00a0\u00bbDates de d\u00e9but\u00a0\u00bb accordion_id=\u00a0\u00bb\u00a0\u00bb icon=\u00a0\u00bb\u00a0\u00bb] [spb_text_block pb_margin_bottom=\u00a0\u00bbno\u00a0\u00bb pb_border_bottom=\u00a0\u00bbno\u00a0\u00bb width=\u00a0\u00bb1\/1&Prime; el_position=\u00a0\u00bbfirst last\u00a0\u00bb]\n<p>Les cours commencent le premier lundi de chaque mois et ils se d\u00e9roulent tant en italien qu&rsquo;en anglais.<\/p>\n[\/spb_text_block] [\/spb_accordion_tab] [spb_accordion_tab title=\u00a0\u00bbCong\u00e9s\u00a0\u00bb accordion_id=\u00a0\u00bb\u00a0\u00bb icon=\u00a0\u00bb\u00a0\u00bb] [spb_text_block pb_margin_bottom=\u00a0\u00bbno\u00a0\u00bb pb_border_bottom=\u00a0\u00bbno\u00a0\u00bb width=\u00a0\u00bb1\/1&Prime; el_position=\u00a0\u00bbfirst last\u00a0\u00bb]\n<p>Une <strong>p\u00e9riode de pause ou de vacances<\/strong> peut \u00eatre arrang\u00e9e directement avec le secr\u00e9tariat de notre acad\u00e9mie au moment de votre inscription ou avec un pr\u00e9avis de 2 semaines. Au cas o\u00f9 un \u00e9l\u00e8ve ne pourrait pas fr\u00e9quenter une partie du cours \u00e0 cause de probl\u00e8mes de sant\u00e9 ou pour des raisons personelles, il\/elle pourra demander de r\u00e9cuperer les le\u00e7ons dans le cours suivant, pourvu qu&rsquo;il\/elle puisse prouver le motif de son absence.<\/p>\n[\/spb_text_block] [\/spb_accordion_tab] [spb_accordion_tab title=\u00a0\u00bbExigences\u00a0\u00bb accordion_id=\u00a0\u00bb\u00a0\u00bb icon=\u00a0\u00bb\u00a0\u00bb] [spb_text_block pb_margin_bottom=\u00a0\u00bbno\u00a0\u00bb pb_border_bottom=\u00a0\u00bbno\u00a0\u00bb width=\u00a0\u00bb1\/1&Prime; el_position=\u00a0\u00bbfirst last\u00a0\u00bb]\n<p>Au moment de l&rsquo;inscription chaque \u00e9l\u00e8ve devra soumettre 4 exemples d&rsquo;oeuvres de son portfolio comme il suit:<\/p>\n<ol>\n<li>dessin de nature morte, soit au crayon soit au fusain;<\/li>\n<li>dessin de nu, soit au crayon soit au fusain;<\/li>\n<li>dessin de paysage, soit au crayon soit aux pastels;<\/li>\n<li>un tableau r\u00e9alis\u00e9 avec une des techniques suivantes: huile, acryliques, aquarelle.<\/li>\n<\/ol>\n[\/spb_text_block] [\/spb_accordion_tab] [\/spb_accordion] [spb_icon_box box_type=\u00a0\u00bbstandard\u00a0\u00bb image=\u00a0\u00bbfas fa-file-pdf\u00a0\u00bb color=\u00a0\u00bbstandard\u00a0\u00bb link=\u00a0\u00bbhttps:\/\/adg.it\/wp-content\/uploads\/2019\/10\/brochure-advanced-drawing-and-painting-classes.pdf\u00a0\u00bb target=\u00a0\u00bb_blank\u00a0\u00bb animation=\u00a0\u00bbnone\u00a0\u00bb animation_delay=\u00a0\u00bb0&Prime; width=\u00a0\u00bb1\/1&Prime; el_position=\u00a0\u00bbfirst last\u00a0\u00bb]\n<p><a href=\"https:\/\/adg.it\/wp-content\/uploads\/2019\/10\/brochure-advanced-drawing-and-painting-classes.pdf\" target=\"_blank\" rel=\"noopener noreferrer\">T\u00e9l\u00e9chargez cette page en PDF<\/a><\/p>\n[\/spb_icon_box] [\/spb_column] [spb_column width=\u00a0\u00bb1\/3&Prime; el_position=\u00a0\u00bblast\u00a0\u00bb] [spb_single_image image=\u00a0\u00bb11053&Prime; image_size=\u00a0\u00bbfull\u00a0\u00bb frame=\u00a0\u00bbshadowframe\u00a0\u00bb intro_animation=\u00a0\u00bbnone\u00a0\u00bb full_width=\u00a0\u00bbno\u00a0\u00bb lightbox=\u00a0\u00bbno\u00a0\u00bb link_target=\u00a0\u00bb_self\u00a0\u00bb width=\u00a0\u00bb1\/1&Prime; el_position=\u00a0\u00bbfirst last\u00a0\u00bb] [spb_single_image image=\u00a0\u00bb13498&Prime; image_size=\u00a0\u00bbfull\u00a0\u00bb frame=\u00a0\u00bbshadowframe\u00a0\u00bb intro_animation=\u00a0\u00bbnone\u00a0\u00bb full_width=\u00a0\u00bbno\u00a0\u00bb lightbox=\u00a0\u00bbno\u00a0\u00bb image_link=\u00a0\u00bbhttps:\/\/adg.it\/en\/product\/advanced-drawing-and-painting-techniques\/\u00a0\u00bb link_target=\u00a0\u00bb_blank\u00a0\u00bb width=\u00a0\u00bb1\/1&Prime; el_position=\u00a0\u00bbfirst last\u00a0\u00bb] [boxed_content type=\u00a0\u00bbcoloured\u00a0\u00bb pb_margin_bottom=\u00a0\u00bbno\u00a0\u00bb width=\u00a0\u00bb1\/1&Prime; el_position=\u00a0\u00bbfirst last\u00a0\u00bb]\n<p>Le programme<\/p>\n[\/boxed_content] [spb_accordion width=\u00a0\u00bb1\/1&Prime; el_position=\u00a0\u00bbfirst last\u00a0\u00bb] [spb_accordion_tab title=\u00a0\u00bbQu&rsquo;est-ce que je vais \u00e9tudier?\u00a0\u00bb accordion_id=\u00a0\u00bb\u00a0\u00bb icon=\u00a0\u00bb\u00a0\u00bb] [spb_text_block pb_margin_bottom=\u00a0\u00bbno\u00a0\u00bb pb_border_bottom=\u00a0\u00bbno\u00a0\u00bb width=\u00a0\u00bb1\/1&Prime; el_position=\u00a0\u00bbfirst last\u00a0\u00bb]\n<p>Voici un exemple d&rsquo;un programme d&rsquo;une ann\u00e9e que nous pouvons arranger suivant vos exigences et vos int\u00e9r\u00eats:<\/p>\n<p>Education visuelle, 14-20 heures;<br \/>\nEn plein air paysage, 16-22 heures;<br \/>\nTechniques du dessin, 30-60 heures;<br \/>\nTechniques de dessin du nu, 56-96 heures;<br \/>\nVolumes et perspective, 56-96 heures;<br \/>\nart graphique, 56-96 heures;<br \/>\nTechniques de peinture, 56-96 heures;<br \/>\nTechniques de design \u00e0 main lev\u00e9e, 36-56 heures;<br \/>\nD\u00e9coration, 36-56 heures;<br \/>\nIllustration, 56-56 heures;<br \/>\nFresque, 36-56 heures;<br \/>\nTechniques de dorure \u00e0 la d\u00e9trempe, 12-18 heures;<br \/>\nTechniques de dorure \u00e0 l&rsquo;huile, 12-18 heures;<br \/>\nEl\u00e9ments et techniques de sculpture, 56-96 heures.<\/p>\n<p>Heures totales: 504-720<\/p>\n<p>Notez bien SVP: <strong>Le programme susmentionn\u00e9 peut \u00eatre adapt\u00e9 \u00e0 vos comp\u00e9tences, \u00e0 vos exp\u00e9riences, ainsi qu&rsquo;\u00e0 vos inter\u00eats artistiques..<\/strong><\/p>\n[\/spb_text_block] [\/spb_accordion_tab] [\/spb_accordion] [spb_text_block title=\u00a0\u00bbContactez-nous\u00a0\u00bb pb_margin_bottom=\u00a0\u00bbno\u00a0\u00bb pb_border_bottom=\u00a0\u00bbno\u00a0\u00bb width=\u00a0\u00bb1\/1&Prime; el_position=\u00a0\u00bbfirst last\u00a0\u00bb]\n<div class=\"wpforms-container wpforms-container-full\" id=\"wpforms-18575\"><form id=\"wpforms-form-18575\" class=\"wpforms-validate wpforms-form wpforms-ajax-form\" data-formid=\"18575\" method=\"post\" enctype=\"multipart\/form-data\" action=\"\/fr\/wp-json\/wp\/v2\/pages\/19414\" data-token=\"6303a29587ec3e472192ee6cfa24fa6a\" data-token-time=\"1775846722\"><noscript class=\"wpforms-error-noscript\">Veuillez activer JavaScript dans votre navigateur pour remplir ce formulaire.<\/noscript><div class=\"wpforms-field-container\"><div id=\"wpforms-18575-field_6-container\" class=\"wpforms-field wpforms-field-name\" data-field-id=\"6\"><label class=\"wpforms-field-label\">Nom <span class=\"wpforms-required-label\">*<\/span><\/label><div class=\"wpforms-field-row wpforms-field-large\"><div class=\"wpforms-field-row-block wpforms-first wpforms-one-half\"><input type=\"text\" id=\"wpforms-18575-field_6\" class=\"wpforms-field-name-first wpforms-field-required\" name=\"wpforms[fields][6][first]\" placeholder=\"Votre pr\u00e9nom\" required><label for=\"wpforms-18575-field_6\" class=\"wpforms-field-sublabel after\">First<\/label><\/div><div class=\"wpforms-field-row-block wpforms-one-half\"><input type=\"text\" id=\"wpforms-18575-field_6-last\" class=\"wpforms-field-name-last wpforms-field-required\" name=\"wpforms[fields][6][last]\" placeholder=\"Votre nom\" required><label for=\"wpforms-18575-field_6-last\" class=\"wpforms-field-sublabel after\">Last<\/label><\/div><\/div><\/div><div id=\"wpforms-18575-field_1-container\" class=\"wpforms-field wpforms-field-email\" data-field-id=\"1\"><label class=\"wpforms-field-label\" for=\"wpforms-18575-field_1\">Courrier \u00e9lectronique <span class=\"wpforms-required-label\">*<\/span><\/label><input type=\"email\" id=\"wpforms-18575-field_1\" class=\"wpforms-field-large wpforms-field-required\" name=\"wpforms[fields][1]\" placeholder=\"Votre adresse \u00e9lectronique\" spellcheck=\"false\" required><\/div><div id=\"wpforms-18575-field_2-container\" class=\"wpforms-field wpforms-field-textarea\" data-field-id=\"2\"><label class=\"wpforms-field-label\" for=\"wpforms-18575-field_2\">Message <span class=\"wpforms-required-label\">*<\/span><\/label><textarea id=\"wpforms-18575-field_2\" class=\"wpforms-field-medium wpforms-field-required\" name=\"wpforms[fields][2]\" placeholder=\"\u00c9crivez ici votre message\" required><\/textarea><\/div><\/div><!-- .wpforms-field-container --><div class=\"wpforms-field wpforms-field-hp\"><label for=\"wpforms-18575-field-hp\" class=\"wpforms-field-label\">Message<\/label><input type=\"text\" name=\"wpforms[hp]\" id=\"wpforms-18575-field-hp\" class=\"wpforms-field-medium\"><\/div><div class=\"wpforms-submit-container\" ><input type=\"hidden\" name=\"wpforms[id]\" value=\"18575\"><input type=\"hidden\" name=\"page_title\" value=\"\"><input type=\"hidden\" name=\"page_url\" value=\"https:\/\/adg.it\/fr\/wp-json\/wp\/v2\/pages\/19414\"><input type=\"hidden\" name=\"url_referer\" value=\"\"><button type=\"submit\" name=\"wpforms[submit]\" id=\"wpforms-submit-18575\" class=\"wpforms-submit\" data-alt-text=\"Envoyer\" data-submit-text=\"Envoyer\" aria-live=\"assertive\" value=\"wpforms-submit\">Envoyer<\/button><img loading=\"lazy\" decoding=\"async\" src=\"https:\/\/adg.it\/wp-content\/plugins\/wpforms\/assets\/images\/submit-spin.svg\" class=\"wpforms-submit-spinner\" style=\"display: none;\" width=\"26\" height=\"26\" alt=\"Chargement en cours\"><\/div><\/form><\/div>  <!-- .wpforms-container -->\n[\/spb_text_block] [testimonial text_size=\u00a0\u00bbnormal\u00a0\u00bb item_count=\u00a0\u00bb1&Prime; order=\u00a0\u00bbrand\u00a0\u00bb category=\u00a0\u00bbadvanced-art\u00a0\u00bb pagination=\u00a0\u00bbno\u00a0\u00bb page_link=\u00a0\u00bbno\u00a0\u00bb width=\u00a0\u00bb1\/1&Prime; el_position=\u00a0\u00bbfirst last\u00a0\u00bb] [\/spb_column]<\/p>\n","protected":false},"excerpt":{"rendered":"<p>[spb_column width=\u00a0\u00bb2\/3&Prime; el_position=\u00a0\u00bbfirst\u00a0\u00bb] [spb_text_block title=\u00a0\u00bbProgramme de beaux-arts pour \u00e9tudiants avanc\u00e9s\u00a0\u00bb pb_margin_bottom=\u00a0\u00bbno\u00a0\u00bb pb_border_bottom=\u00a0\u00bbno\u00a0\u00bb width=\u00a0\u00bb1\/1&Prime; el_position=\u00a0\u00bbfirst last\u00a0\u00bb] Ce programme d\u2019un an a \u00e9t\u00e9 con\u00e7u pour ces \u00e9l\u00e8ves qui sont d\u00e9termin\u00e9s \u00e0 relever de plus grands d\u00e9fis artistiques gr\u00e2ce \u00e0 la pratique de plusieurs techniques de dessin et de peinture impliquant aussi des probl\u00e8mes compositionnels et conceptuels plus complexes. Au d\u00e9but du cours, [&hellip;]<\/p>\n","protected":false},"author":27,"featured_media":0,"parent":0,"menu_order":0,"comment_status":"closed","ping_status":"closed","template":"","meta":{"_joinchat":[],"footnotes":""},"class_list":["post-19414","page","type-page","status-publish","hentry"],"aioseo_notices":[],"_links":{"self":[{"href":"https:\/\/adg.it\/fr\/wp-json\/wp\/v2\/pages\/19414","targetHints":{"allow":["GET"]}}],"collection":[{"href":"https:\/\/adg.it\/fr\/wp-json\/wp\/v2\/pages"}],"about":[{"href":"https:\/\/adg.it\/fr\/wp-json\/wp\/v2\/types\/page"}],"author":[{"embeddable":true,"href":"https:\/\/adg.it\/fr\/wp-json\/wp\/v2\/users\/27"}],"replies":[{"embeddable":true,"href":"https:\/\/adg.it\/fr\/wp-json\/wp\/v2\/comments?post=19414"}],"version-history":[{"count":2,"href":"https:\/\/adg.it\/fr\/wp-json\/wp\/v2\/pages\/19414\/revisions"}],"predecessor-version":[{"id":25847,"href":"https:\/\/adg.it\/fr\/wp-json\/wp\/v2\/pages\/19414\/revisions\/25847"}],"wp:attachment":[{"href":"https:\/\/adg.it\/fr\/wp-json\/wp\/v2\/media?parent=19414"}],"curies":[{"name":"wp","href":"https:\/\/api.w.org\/{rel}","templated":true}]}}