{"id":19361,"date":"2020-05-11T10:51:48","date_gmt":"2020-05-11T10:51:48","guid":{"rendered":"https:\/\/adg.it\/?page_id=19361"},"modified":"2026-01-16T10:12:59","modified_gmt":"2026-01-16T10:12:59","slug":"cadeau","status":"publish","type":"page","link":"https:\/\/adg.it\/fr\/cadeau\/","title":{"rendered":"Id\u00e9es cadeaux"},"content":{"rendered":"<p>[spb_column width=\u00a0\u00bb2\/3&Prime; el_position=\u00a0\u00bbfirst\u00a0\u00bb] [spb_text_block title=\u00a0\u00bbOffrir un cours en cadeau\u00a0\u00bb pb_margin_bottom=\u00a0\u00bbno\u00a0\u00bb pb_border_bottom=\u00a0\u00bbno\u00a0\u00bb width=\u00a0\u00bb1\/1&Prime; el_position=\u00a0\u00bbfirst last\u00a0\u00bb]\n<p>Offrez \u00e0 quelqu\u2019un un cadeau inoubliable : un cours \u00e0 Florence \u00e0 l\u2019Accademia del Giglio.<\/p>\n<p>Voici une s\u00e9lection d\u2019exemples de le\u00e7ons que vous pouvez offrir en cadeau \u00e0 la personne que vous aimez, mais si vous voulez quelque chose qui ne se trouve pas dans notre liste, ou si vous d\u00e9sirez un programme personnalis\u00e9, contactez-nous directement s\u2019il vous pla\u00eet en remplissant le formulaire sur cette page.<\/p>\n<p>Les cours cadeaux peuvent s\u2019adapter \u00e0 des budgets diff\u00e9rents: vous pouvez les choisir dans la liste que nous vous proposons sur notre site web ou vous pouvez \u00e9tablir un budget et nous demander ce que nous pouvons vous offrir suivant vos possibilit\u00e9s.<\/p>\n<p>Le cours que vous proposerez peut \u00eatre suivi <strong>dans l&rsquo;ann\u00e9e suivant son achat<\/strong> !<\/p>\n<p><strong>COURS D\u2019ART<\/strong><br \/>\n<a href=\"https:\/\/adg.it\/fr\/cours-art-un-jour\/\">Un jour d\u2019art \u00e0 Florence<\/a>: \u00e0 partir de 85 euros<br \/>\n1 semaine de cours de <a href=\"https:\/\/adg.it\/fr\/cours-de-dessin-et-peinture\/\">dessin et peinture \u00e0 Florence<\/a> : \u00e0 partir de 335 euros<br \/>\n<a href=\"https:\/\/adg.it\/fr\/cours-art-week-end\/\">Week-end<\/a> Cours de dessin et de peinture : \u00e0 partir de 405 euros<br \/>\n<a href=\"https:\/\/adg.it\/fr\/seminaires-de-beaux-arts\/\">Ateliers d\u2019art<\/a>, 30 heures en 5 jours : \u00e0 partir de 750 euros<\/p>\n[\/spb_text_block] [sf_gallery gallery_id=\u00a0\u00bb14688&Prime; slider_transition=\u00a0\u00bbfade\u00a0\u00bb show_thumbs=\u00a0\u00bbyes\u00a0\u00bb autoplay=\u00a0\u00bbyes\u00a0\u00bb show_captions=\u00a0\u00bbyes\u00a0\u00bb enable_lightbox=\u00a0\u00bbno\u00a0\u00bb width=\u00a0\u00bb1\/1&Prime; el_position=\u00a0\u00bbfirst last\u00a0\u00bb] [boxed_content type=\u00a0\u00bbcoloured\u00a0\u00bb pb_margin_bottom=\u00a0\u00bbno\u00a0\u00bb width=\u00a0\u00bb1\/1&Prime; el_position=\u00a0\u00bbfirst last\u00a0\u00bb]\n<p>Plus de d\u00e9tails<\/p>\n[\/boxed_content] [spb_accordion width=\u00a0\u00bb1\/1&Prime; el_position=\u00a0\u00bbfirst last\u00a0\u00bb] [spb_accordion_tab title=\u00a0\u00bbQu\u2019est-ce qu\u2019un cours-cadeau?\u00a0\u00bb accordion_id=\u00a0\u00bb\u00a0\u00bb icon=\u00a0\u00bb\u00a0\u00bb] [spb_text_block pb_margin_bottom=\u00a0\u00bbno\u00a0\u00bb pb_border_bottom=\u00a0\u00bbno\u00a0\u00bb width=\u00a0\u00bb1\/1&Prime; el_position=\u00a0\u00bbfirst last\u00a0\u00bb]\n<p>Un cours-cadeau est un cours que vous pouvez offrir \u00e0 quelqu&rsquo;un de votre famille, ou \u00e0 un ami ou \u00e0 votre copin\/e pour une occasion sp\u00e9ciale (anniversaire, fian\u00e7ailles, N\u00f6el, etc) ou tout simplement parce que. Plusieurs sujets sont disponibles pour nos cours cadeau, tels que :<\/p>\n<ul>\n<li>Dessin.<\/li>\n<li>Peinture.<\/li>\n<li>Aquarelle.<\/li>\n<li>Illustration.<\/li>\n<li>D\u00e9coration.<\/li>\n<li>Fresque.<\/li>\n<li>Sculpture avec de l\u2019argile.<\/li>\n<li>Histoire de l\u2019art.<\/li>\n<li>Italien comme langue \u00e9trang\u00e8re.<\/li>\n<li>Culture italienne.<\/li>\n<\/ul>\n[\/spb_text_block] [\/spb_accordion_tab] [spb_accordion_tab title=\u00a0\u00bbQuel est le prix du cours?\u00a0\u00bb accordion_id=\u00a0\u00bb\u00a0\u00bb icon=\u00a0\u00bb\u00a0\u00bb] [spb_text_block pb_margin_bottom=\u00a0\u00bbno\u00a0\u00bb pb_border_bottom=\u00a0\u00bbno\u00a0\u00bb width=\u00a0\u00bb1\/1&Prime; el_position=\u00a0\u00bbfirst last\u00a0\u00bb]\n<p>Le prix de chaque cours comprend tout le mat\u00e9riel qui est consid\u00e9r\u00e9 comme n\u00e9cessaire pendant la le\u00e7on.<\/p>\n[\/spb_text_block] [\/spb_accordion_tab] [spb_accordion_tab title=\u00a0\u00bbComment le cadeau sera-t-il envoy\u00e9?\u00a0\u00bb accordion_id=\u00a0\u00bb\u00a0\u00bb icon=\u00a0\u00bb\u00a0\u00bb] [spb_text_block pb_margin_bottom=\u00a0\u00bbno\u00a0\u00bb pb_border_bottom=\u00a0\u00bbno\u00a0\u00bb width=\u00a0\u00bb1\/1&Prime; el_position=\u00a0\u00bbfirst last\u00a0\u00bb]\n<p>Le cours-cadeau que vous acheterez vous sera envoy\u00e9 sous forme de coupon digital (si vous souhaitez voir un \u00e9chantillon de ce coupon cliquez ici s\u2019il vous pla\u00eet).<\/p>\n<p>Vous pouvez aussi demander une date pr\u00e9cise pour l&rsquo;envoi si vous le d\u00e9sirez. Deux options de livraison sont disponibles :<\/p>\n<ul>\n<li>vous pouvez demander de recevoir le coupon, que vous d\u00e9livrerez ensuite personnellement \u00e0 votre bien-aim\u00e9(\u00e9);<\/li>\n<li>vous pouvez nous demander d&rsquo;envoyer le coupon au destinataire.<\/li>\n<\/ul>\n[\/spb_text_block] [\/spb_accordion_tab] [spb_accordion_tab title=\u00a0\u00bbPuis-je retourner un cadeau?\u00a0\u00bb accordion_id=\u00a0\u00bb\u00a0\u00bb icon=\u00a0\u00bb\u00a0\u00bb] [spb_text_block pb_margin_bottom=\u00a0\u00bbno\u00a0\u00bb pb_border_bottom=\u00a0\u00bbno\u00a0\u00bb width=\u00a0\u00bb1\/1&Prime; el_position=\u00a0\u00bbfirst last\u00a0\u00bb]\n<p>Oui, vous disposez d&rsquo;un d\u00e9lai de 30 jours \u00e0 compter de la date d&rsquo;achat pour demander un remboursement.<\/p>\n[\/spb_text_block] [\/spb_accordion_tab] [spb_accordion_tab title=\u00a0\u00bbConditions g\u00e9n\u00e9rales\u00a0\u00bb accordion_id=\u00a0\u00bb\u00a0\u00bb icon=\u00a0\u00bb\u00a0\u00bb] [spb_text_block pb_margin_bottom=\u00a0\u00bbno\u00a0\u00bb pb_border_bottom=\u00a0\u00bbno\u00a0\u00bb width=\u00a0\u00bb1\/1&Prime; el_position=\u00a0\u00bbfirst last\u00a0\u00bb]\n<ul>\n<li>Les b\u00e9n\u00e9ficiaires doivent avoir 16 ans ou plus.<\/li>\n<li>Une le\u00e7on d\u2019une heure est en fait de 55 minutes pour les cours d\u2019italien et de 60 minutes pour les cours d\u2019art (sauf indication contraire).<\/li>\n<li>En cas d\u2019annulation d\u2019un cours ou d\u2019un atelier pour des raisons ind\u00e9pendantes de notre volont\u00e9, nous conseillons fortement les participants aux cours d\u2019acqu\u00e9rir une assurance voyage qui couvre la perte de tout montant pay\u00e9 pour le billet d\u2019avion et l\u2019h\u00e9bergement.<\/li>\n<li>L\u2019\u00e9cole ne doit pas \u00eatre tenue responsable pour des dommages, des pertes ou des blessures que les \u00e9l\u00e8ves peuvent subir pendant le cours.<\/li>\n<li>Les \u00e9l\u00e8ves seront tenus responsables de tout dommage aux biens de l\u2019\u00e9cole.<\/li>\n<li>R\u00e9servations annul\u00e9es. Si une r\u00e9servation est annul\u00e9e 21 jours avant le d\u00e9but du cours, le prix du cours sera rembours\u00e9 enti\u00e8rement. Si une r\u00e9servation est annul\u00e9e entre 20 jours et 1 jour avant le d\u00e9but du cours, la moiti\u00e9 de la somme pay\u00e9e sera rembours\u00e9e.<br \/>\nAucun remboursement ne sera fait aux \u00e9l\u00e8ves qui commencent leur cours en retard ou l\u2019interrompent avant sa fin officielle.<\/li>\n<li>En envoyant votre demande d&rsquo;inscription, vous acceptez nos conditions g\u00e9n\u00e9rales. Des litiges \u00e9ventuels seront r\u00e9gl\u00e9s devant le tribunal comp\u00e9tent de Florence.<\/li>\n<\/ul>\n[\/spb_text_block] [\/spb_accordion_tab] [spb_accordion_tab title=\u00a0\u00bbFormulaire\u00a0\u00bb accordion_id=\u00a0\u00bb\u00a0\u00bb icon=\u00a0\u00bb\u00a0\u00bb] [spb_text_block pb_margin_bottom=\u00a0\u00bbno\u00a0\u00bb pb_border_bottom=\u00a0\u00bbno\u00a0\u00bb width=\u00a0\u00bb1\/1&Prime; el_position=\u00a0\u00bbfirst last\u00a0\u00bb]\n<p>Visitez <a href=\"https:\/\/adg.it\/en\/shop\/\" target=\"_blank\" rel=\"noopener\">notre boutique<\/a>.<\/p>\n[\/spb_text_block] [\/spb_accordion_tab] [\/spb_accordion] [\/spb_column] [spb_column width=\u00a0\u00bb1\/3&Prime; el_position=\u00a0\u00bblast\u00a0\u00bb] [spb_single_image image=\u00a0\u00bb20274&Prime; image_size=\u00a0\u00bbfull\u00a0\u00bb frame=\u00a0\u00bbshadowframe\u00a0\u00bb intro_animation=\u00a0\u00bbnone\u00a0\u00bb full_width=\u00a0\u00bbno\u00a0\u00bb lightbox=\u00a0\u00bbno\u00a0\u00bb link_target=\u00a0\u00bb_self\u00a0\u00bb width=\u00a0\u00bb1\/1&Prime; el_position=\u00a0\u00bbfirst last\u00a0\u00bb] [spb_text_block pb_margin_bottom=\u00a0\u00bbno\u00a0\u00bb pb_border_bottom=\u00a0\u00bbno\u00a0\u00bb width=\u00a0\u00bb1\/1&Prime; el_position=\u00a0\u00bbfirst last\u00a0\u00bb]\n<div class=\"wpforms-container wpforms-container-full\" id=\"wpforms-18575\"><form id=\"wpforms-form-18575\" class=\"wpforms-validate wpforms-form wpforms-ajax-form\" data-formid=\"18575\" method=\"post\" enctype=\"multipart\/form-data\" action=\"\/fr\/wp-json\/wp\/v2\/pages\/19361\" data-token=\"3f3ff71d0b6b1bd44722f799fdef814e\" data-token-time=\"1776200222\"><noscript class=\"wpforms-error-noscript\">Veuillez activer JavaScript dans votre navigateur pour remplir ce formulaire.<\/noscript><div class=\"wpforms-field-container\"><div id=\"wpforms-18575-field_6-container\" class=\"wpforms-field wpforms-field-name\" data-field-id=\"6\"><label class=\"wpforms-field-label\">Nom <span class=\"wpforms-required-label\">*<\/span><\/label><div class=\"wpforms-field-row wpforms-field-large\"><div class=\"wpforms-field-row-block wpforms-first wpforms-one-half\"><input type=\"text\" id=\"wpforms-18575-field_6\" class=\"wpforms-field-name-first wpforms-field-required\" name=\"wpforms[fields][6][first]\" placeholder=\"Votre pr\u00e9nom\" required><label for=\"wpforms-18575-field_6\" class=\"wpforms-field-sublabel after\">First<\/label><\/div><div class=\"wpforms-field-row-block wpforms-one-half\"><input type=\"text\" id=\"wpforms-18575-field_6-last\" class=\"wpforms-field-name-last wpforms-field-required\" name=\"wpforms[fields][6][last]\" placeholder=\"Votre nom\" required><label for=\"wpforms-18575-field_6-last\" class=\"wpforms-field-sublabel after\">Last<\/label><\/div><\/div><\/div><div id=\"wpforms-18575-field_1-container\" class=\"wpforms-field wpforms-field-email\" data-field-id=\"1\"><label class=\"wpforms-field-label\" for=\"wpforms-18575-field_1\">Courrier \u00e9lectronique <span class=\"wpforms-required-label\">*<\/span><\/label><input type=\"email\" id=\"wpforms-18575-field_1\" class=\"wpforms-field-large wpforms-field-required\" name=\"wpforms[fields][1]\" placeholder=\"Votre adresse \u00e9lectronique\" spellcheck=\"false\" required><\/div><div id=\"wpforms-18575-field_2-container\" class=\"wpforms-field wpforms-field-textarea\" data-field-id=\"2\"><label class=\"wpforms-field-label\" for=\"wpforms-18575-field_2\">Message <span class=\"wpforms-required-label\">*<\/span><\/label><textarea id=\"wpforms-18575-field_2\" class=\"wpforms-field-medium wpforms-field-required\" name=\"wpforms[fields][2]\" placeholder=\"\u00c9crivez ici votre message\" required><\/textarea><\/div><\/div><!-- .wpforms-field-container --><div class=\"wpforms-field wpforms-field-hp\"><label for=\"wpforms-18575-field-hp\" class=\"wpforms-field-label\">Phone<\/label><input type=\"text\" name=\"wpforms[hp]\" id=\"wpforms-18575-field-hp\" class=\"wpforms-field-medium\"><\/div><div class=\"wpforms-submit-container\" ><input type=\"hidden\" name=\"wpforms[id]\" value=\"18575\"><input type=\"hidden\" name=\"page_title\" value=\"\"><input type=\"hidden\" name=\"page_url\" value=\"https:\/\/adg.it\/fr\/wp-json\/wp\/v2\/pages\/19361\"><input type=\"hidden\" name=\"url_referer\" value=\"\"><button type=\"submit\" name=\"wpforms[submit]\" id=\"wpforms-submit-18575\" class=\"wpforms-submit\" data-alt-text=\"Envoyer\" data-submit-text=\"Envoyer\" aria-live=\"assertive\" value=\"wpforms-submit\">Envoyer<\/button><img loading=\"lazy\" decoding=\"async\" src=\"https:\/\/adg.it\/wp-content\/plugins\/wpforms\/assets\/images\/submit-spin.svg\" class=\"wpforms-submit-spinner\" style=\"display: none;\" width=\"26\" height=\"26\" alt=\"Chargement en cours\"><\/div><\/form><\/div>  <!-- .wpforms-container -->\n[\/spb_text_block] [testimonial_carousel item_count=\u00a0\u00bb3&Prime; order=\u00a0\u00bbrand\u00a0\u00bb category=\u00a0\u00bbAll\u00a0\u00bb page_link=\u00a0\u00bbyes\u00a0\u00bb width=\u00a0\u00bb1\/1&Prime; el_position=\u00a0\u00bbfirst last\u00a0\u00bb] [\/spb_column]<\/p>\n","protected":false},"excerpt":{"rendered":"<p>[spb_column width=\u00a0\u00bb2\/3&Prime; el_position=\u00a0\u00bbfirst\u00a0\u00bb] [spb_text_block title=\u00a0\u00bbOffrir un cours en cadeau\u00a0\u00bb pb_margin_bottom=\u00a0\u00bbno\u00a0\u00bb pb_border_bottom=\u00a0\u00bbno\u00a0\u00bb width=\u00a0\u00bb1\/1&Prime; el_position=\u00a0\u00bbfirst last\u00a0\u00bb] Offrez \u00e0 quelqu\u2019un un cadeau inoubliable : un cours \u00e0 Florence \u00e0 l\u2019Accademia del Giglio. Voici une s\u00e9lection d\u2019exemples de le\u00e7ons que vous pouvez offrir en cadeau \u00e0 la personne que vous aimez, mais si vous voulez quelque chose qui ne se trouve pas dans notre [&hellip;]<\/p>\n","protected":false},"author":27,"featured_media":0,"parent":0,"menu_order":0,"comment_status":"closed","ping_status":"closed","template":"","meta":{"_joinchat":[],"footnotes":""},"class_list":["post-19361","page","type-page","status-publish","hentry"],"aioseo_notices":[],"_links":{"self":[{"href":"https:\/\/adg.it\/fr\/wp-json\/wp\/v2\/pages\/19361","targetHints":{"allow":["GET"]}}],"collection":[{"href":"https:\/\/adg.it\/fr\/wp-json\/wp\/v2\/pages"}],"about":[{"href":"https:\/\/adg.it\/fr\/wp-json\/wp\/v2\/types\/page"}],"author":[{"embeddable":true,"href":"https:\/\/adg.it\/fr\/wp-json\/wp\/v2\/users\/27"}],"replies":[{"embeddable":true,"href":"https:\/\/adg.it\/fr\/wp-json\/wp\/v2\/comments?post=19361"}],"version-history":[{"count":2,"href":"https:\/\/adg.it\/fr\/wp-json\/wp\/v2\/pages\/19361\/revisions"}],"predecessor-version":[{"id":27547,"href":"https:\/\/adg.it\/fr\/wp-json\/wp\/v2\/pages\/19361\/revisions\/27547"}],"wp:attachment":[{"href":"https:\/\/adg.it\/fr\/wp-json\/wp\/v2\/media?parent=19361"}],"curies":[{"name":"wp","href":"https:\/\/api.w.org\/{rel}","templated":true}]}}