{"id":19214,"date":"2020-05-03T16:36:18","date_gmt":"2020-05-03T16:36:18","guid":{"rendered":"https:\/\/adg.it\/?page_id=19214"},"modified":"2025-01-28T13:17:58","modified_gmt":"2025-01-28T13:17:58","slug":"cours-art-week-end","status":"publish","type":"page","link":"https:\/\/adg.it\/fr\/cours-art-week-end\/","title":{"rendered":"Cours de dessin et de peinture pendant le fin de semaine"},"content":{"rendered":"<p>[spb_column width=\u00a0\u00bb2\/3&Prime; el_position=\u00a0\u00bbfirst\u00a0\u00bb] [spb_text_block title=\u00a0\u00bbCours d\u2019art le week-end\u00a0\u00bb pb_margin_bottom=\u00a0\u00bbno\u00a0\u00bb pb_border_bottom=\u00a0\u00bbno\u00a0\u00bb width=\u00a0\u00bb1\/1&Prime; el_position=\u00a0\u00bbfirst last\u00a0\u00bb]\n<p>Ce sont des <strong>cours intensifs v\u00e9ritables<\/strong>, destin\u00e9s \u00e0 ceux qui ont peu de temps pour se concentrer sur une ou plusieurs techniques artistiques. Des cours individuels peuvent avoir lieu le week-end dans l\u2019une des langues suivantes : <strong>anglais, Fran\u00e7ais, espagnol, russe, allemand<\/strong> et <strong>italien.<\/strong> Les \u00e9l\u00e8ves peuvent suivre leurs cours soit dans notre <strong>atelier,<\/strong> soit dans <strong>les places et les rues<\/strong> de Florence.<\/p>\n[\/spb_text_block] [boxed_content type=\u00a0\u00bbcoloured\u00a0\u00bb pb_margin_bottom=\u00a0\u00bbno\u00a0\u00bb width=\u00a0\u00bb1\/1&Prime; el_position=\u00a0\u00bbfirst last\u00a0\u00bb]\n<p>Les programmes<\/p>\n[\/boxed_content] [spb_accordion width=\u00a0\u00bb1\/1&Prime; el_position=\u00a0\u00bbfirst last\u00a0\u00bb] [spb_accordion_tab title=\u00a0\u00bbA. Techniques de dessin et de peinture dans l\u2019atelier \u00a0\u00bb accordion_id=\u00a0\u00bb\u00a0\u00bb icon=\u00a0\u00bb\u00a0\u00bb] [spb_text_block pb_margin_bottom=\u00a0\u00bbno\u00a0\u00bb pb_border_bottom=\u00a0\u00bbno\u00a0\u00bb width=\u00a0\u00bb1\/1&Prime; el_position=\u00a0\u00bbfirst last\u00a0\u00bb]\n<p>Il s\u2019agit d\u2019un cours priv\u00e9 tr\u00e8s approfondi con\u00e7u pour les artistes qui, tout en passant un week-end \u00e0 Florence, souhaitent \u00eatre immerg\u00e9s dans l\u2019atmosph\u00e8re de la Renaissance, dessiner et peindre avec d\u2019autres artistes sous la supervision de nos professeurs de beaux-arts.<\/p>\n<p>Pendant ce cours particuliers, les \u00e9l\u00e8ves auront l\u2019occasion de pratiquer une ou plusieurs techniques de dessin et de peinture, comme le graphite, le fusain, le pastel, l&rsquo;aquarelle, les couleurs acryliques, l\u2019huile. Les sujets peuvent varier en suivant la pr\u00e9f\u00e9rence de chaque participant, de la nature morte au portrait et jusqu&rsquo;au mod\u00e8le vivant.<\/p>\n<p>Selon les conditions m\u00e9t\u00e9orologiques, une partie du cours peut \u00e9galement \u00eatre consacr\u00e9e \u00e0 des s\u00e9ances en plein air dans les anciennes places et jardins de Florence, ou bien le long de la rivi\u00e8re Arno, o\u00f9 l\u2019eau scintillante rencontre les lignes harmonieuses des b\u00e2timents de la Renaissance.<\/p>\n<p>Ce cours priv\u00e9 peut \u00eatre recommand\u00e9 \u00e0 la fois aux novices en art et aux artistes et professionnels exp\u00e9riment\u00e9s qui ont besoin d\u2019une approche pratique avec les diff\u00e9rentes techniques de dessin et de peinture.<\/p>\n[\/spb_text_block] [\/spb_accordion_tab] [spb_accordion_tab title=\u00a0\u00bbSection\u00a0\u00bb accordion_id=\u00a0\u00bb\u00a0\u00bb icon=\u00a0\u00bb\u00a0\u00bb] [spb_text_block pb_margin_bottom=\u00a0\u00bbno\u00a0\u00bb pb_border_bottom=\u00a0\u00bbno\u00a0\u00bb width=\u00a0\u00bb1\/1&Prime; el_position=\u00a0\u00bbfirst last\u00a0\u00bb]\n<p>Ce cours priv\u00e9 tr\u00e8s intensif de 2 jours se d\u00e9roulera principalement \u00e0 l\u2019ext\u00e9rieur au c\u0153ur de Florence, dans ses rues pittoresques et \u00e0 c\u00f4t\u00e9 des palais de la Renaissance. Les \u00e9l\u00e8ves dessineront et peindreont par exemple devant l\u2019ancien h\u00f4tel de ville, le Palazzo Vecchio, ou pas loin de l\u2019unique \u00ab vieux pont \u00bb, le Ponte Vecchio, ou sur la place Santa Croce, o\u00f9 la statue de Dante regarde tous les passants, ou m\u00eame dans certains quartiers tranquilles pr\u00e8s du jardin historique de Boboli.<\/p>\n<p>En outre, dans notre atelier, les apprenants peuvent \u00e9galement se concentrer sur l\u2019\u00e9tude du dessin de perspective ainsi que sur la cr\u00e9ation des effets de lumi\u00e8re naturelle dans leurs peintures.<\/p>\n<p>Ce s\u00e9minaire particulier s\u2019adresse non seulement aux \u00e9tudiants comp\u00e9tents qui souhaitent am\u00e9liorer leur style et leur cr\u00e9ativit\u00e9, mais aussi \u00e0 ceux qui (comme les futurs architectes et graphistes) veulent d\u00e9couvrir les fondements de la perspective et de l\u2019esquisse \u00e0 main lev\u00e9e. C\u2019est pourquoi, pendant ces cours, chaque \u00e9l\u00e8ve sera suivi individuellement.<\/p>\n<p>Nos professeurs d\u2019art aideront les \u00e9l\u00e8ves \u00e0 d\u00e9velopper leurs capacit\u00e9s d\u2019observation tout en reproduisant tant un paysage naturel qu&rsquo;une structure architecturale.<\/p>\n<p>Les \u00e9l\u00e8ves peuvent choisir d\u2019approcher et de pratiquer une ou plusieurs techniques en fonction de leurs comp\u00e9tences et de leurs pr\u00e9f\u00e9rences, comme le fusain, l\u2019aquarelle, le pastel, la peinture \u00e0 l\u2019huile.<\/p>\n[\/spb_text_block] [\/spb_accordion_tab] [spb_accordion_tab title=\u00a0\u00bbCours de fin de semaine ou cours particuliers de Beaux-Arts\u00a0\u00bb accordion_id=\u00a0\u00bb\u00a0\u00bb icon=\u00a0\u00bb\u00a0\u00bb] [spb_text_block pb_margin_bottom=\u00a0\u00bbno\u00a0\u00bb pb_border_bottom=\u00a0\u00bbno\u00a0\u00bb width=\u00a0\u00bb1\/1&Prime; el_position=\u00a0\u00bbfirst last\u00a0\u00bb]\n<p>Les deux programmes et leurs horaires sont totalement adapt\u00e9s aux besoins et aux int\u00e9r\u00eats de chaque \u00e9l\u00e8ve, qui a la possibilit\u00e9 de choisir l\u2019\u00e9tude d\u2019une ou plusieurs techniques d\u2019art, telles que le fusain, la sanguine, les pastels, l\u2019huile, l\u2019acrylique, l\u2019aquarelle, le fresque, la tempera.<\/p>\n<p>Nos enseignannts de beaux-arts guideront chaque \u00e9l\u00e8ve, \u00e9tape par \u00e9tape, \u00e0 travers les secrets et la pratique de chaque technique, toujours pr\u00eat \u00e0 l\u2019aider \u00e0 am\u00e9liorer ses comp\u00e9tences artistiques.<\/p>\n<p>Il est possible de s\u2019inscrire \u00e0 ce cours chaque fin de semaine. Trois formules sont disponibles : 6, 9 et 12 heures de cours, soit pour une personne soit pour deux personnes.<\/p>\n<p>Ce genre de le\u00e7ons est id\u00e9al pour ceux qui ont besoin d\u2019approcher rapidement la base d\u2019une nouvelle technique artistique et qui souhaitent ensuite poursuivre la pratique par eux-m\u00eames, une fois qu\u2019ils seront retourn\u00e9s dans leurs ateliers ou dans leurs maisons. Mais aussi des artistes exp\u00e9riment\u00e9s et talentueux peuvent trouver tr\u00e8s utile d\u2019assister \u00e0 un cours intensif d\u2019art afin d\u2019am\u00e9liorer leurs comp\u00e9tences, ainsi que d\u2019enrichir leur portefolio.<\/p>\n[\/spb_text_block] [\/spb_accordion_tab] [\/spb_accordion] [sf_gallery gallery_id=\u00a0\u00bb8524&Prime; slider_transition=\u00a0\u00bbfade\u00a0\u00bb show_thumbs=\u00a0\u00bbyes\u00a0\u00bb autoplay=\u00a0\u00bbyes\u00a0\u00bb show_captions=\u00a0\u00bbyes\u00a0\u00bb enable_lightbox=\u00a0\u00bbyes\u00a0\u00bb width=\u00a0\u00bb1\/1&Prime; el_position=\u00a0\u00bbfirst last\u00a0\u00bb] [boxed_content type=\u00a0\u00bbcoloured\u00a0\u00bb pb_margin_bottom=\u00a0\u00bbno\u00a0\u00bb width=\u00a0\u00bb1\/1&Prime; el_position=\u00a0\u00bbfirst last\u00a0\u00bb]\n<p><strong>Prix et d\u00e9tails<\/strong><\/p>\n[\/boxed_content] [spb_accordion width=\u00a0\u00bb1\/1&Prime; el_position=\u00a0\u00bbfirst last\u00a0\u00bb] [spb_accordion_tab title=\u00a0\u00bbPrix\u00a0\u00bb accordion_id=\u00a0\u00bb\u00a0\u00bb icon=\u00a0\u00bb\u00a0\u00bb] [spb_text_block title=\u00a0\u00bbWeek-end d&rsquo;art pour une personne\u00a0\u00bb pb_margin_bottom=\u00a0\u00bbno\u00a0\u00bb pb_border_bottom=\u00a0\u00bbno\u00a0\u00bb width=\u00a0\u00bb1\/1&Prime; el_position=\u00a0\u00bbfirst last\u00a0\u00bb]\n<p>Sam ou dim, 1 jour, 6 heures 405 euros<br \/>\nSam et dim, 2 jours, 9 heures 540 euros<br \/>\nSat et dim, 2 jours, 10 heures 595 euros<br \/>\nSam et dim, 2 jours, 12 heures 670 euros<\/p>\n[\/spb_text_block] [spb_text_block title=\u00a0\u00bbWeek-end d&rsquo;art pour deux personnes\u00a0\u00bb pb_margin_bottom=\u00a0\u00bbno\u00a0\u00bb pb_border_bottom=\u00a0\u00bbno\u00a0\u00bb width=\u00a0\u00bb1\/1&Prime; el_position=\u00a0\u00bbfirst last\u00a0\u00bb]\n<p>Sam ou dim, 1 jour, 6 heures 525 euros<br \/>\nSam et dim, 2 jours, 9 heures, 725 euros<br \/>\nSat et dim, 2 jours, 10 heures 795 euros<br \/>\nSam et dim, 2 jours, 12 heures 825 euros<\/p>\n[\/spb_text_block] [\/spb_accordion_tab] [spb_accordion_tab title=\u00a0\u00bbLes prix incluent:\u00a0\u00bb accordion_id=\u00a0\u00bb\u00a0\u00bb icon=\u00a0\u00bb\u00a0\u00bb] [spb_text_block pb_margin_bottom=\u00a0\u00bbno\u00a0\u00bb pb_border_bottom=\u00a0\u00bbno\u00a0\u00bb width=\u00a0\u00bb1\/1&Prime; el_position=\u00a0\u00bbfirst last\u00a0\u00bb]\n<ul>\n<li>tous les mat\u00e9riaux d\u2019art n\u00e9cessaires;<\/li>\n<li>un certificat de fr\u00e9quence \u00e0 la fin du s\u00e9minaire.<\/li>\n<\/ul>\n[\/spb_text_block] [\/spb_accordion_tab] [spb_accordion_tab title=\u00a0\u00bbDates\u00a0\u00bb accordion_id=\u00a0\u00bb\u00a0\u00bb icon=\u00a0\u00bb\u00a0\u00bb] [spb_text_block pb_margin_bottom=\u00a0\u00bbno\u00a0\u00bb pb_border_bottom=\u00a0\u00bbno\u00a0\u00bb width=\u00a0\u00bb1\/1&Prime; el_position=\u00a0\u00bbfirst last\u00a0\u00bb]\n<p>Chaque fin de semaine \u00e0 votre demande.<\/p>\n[\/spb_text_block] [\/spb_accordion_tab] [spb_accordion_tab title=\u00a0\u00bbProgramme\u00a0\u00bb accordion_id=\u00a0\u00bb\u00a0\u00bb icon=\u00a0\u00bb\u00a0\u00bb] [spb_text_block pb_margin_bottom=\u00a0\u00bbno\u00a0\u00bb pb_border_bottom=\u00a0\u00bbno\u00a0\u00bb width=\u00a0\u00bb1\/1&Prime; el_position=\u00a0\u00bbfirst last\u00a0\u00bb]\n<p>L\u2019emploi du temps sera arrang\u00e9 en fonction de vos besoins.<\/p>\n[\/spb_text_block] [\/spb_accordion_tab] [\/spb_accordion] [\/spb_column] [spb_column width=\u00a0\u00bb1\/3&Prime; el_position=\u00a0\u00bblast\u00a0\u00bb] [spb_single_image image=\u00a0\u00bb8395&Prime; image_size=\u00a0\u00bbfull\u00a0\u00bb frame=\u00a0\u00bbshadowframe\u00a0\u00bb intro_animation=\u00a0\u00bbnone\u00a0\u00bb full_width=\u00a0\u00bbno\u00a0\u00bb lightbox=\u00a0\u00bbyes\u00a0\u00bb link_target=\u00a0\u00bb_self\u00a0\u00bb width=\u00a0\u00bb1\/1&Prime; el_position=\u00a0\u00bbfirst last\u00a0\u00bb] [spb_text_block title=\u00a0\u00bbContactez-nous\u00a0\u00bb pb_margin_bottom=\u00a0\u00bbno\u00a0\u00bb pb_border_bottom=\u00a0\u00bbno\u00a0\u00bb width=\u00a0\u00bb1\/1&Prime; el_position=\u00a0\u00bbfirst last\u00a0\u00bb]\n<div class=\"wpforms-container wpforms-container-full\" id=\"wpforms-18575\"><form id=\"wpforms-form-18575\" class=\"wpforms-validate wpforms-form wpforms-ajax-form\" data-formid=\"18575\" method=\"post\" enctype=\"multipart\/form-data\" action=\"\/fr\/wp-json\/wp\/v2\/pages\/19214\" data-token=\"b252db015855706f15b22f8d5b6bb94b\" data-token-time=\"1775404604\"><noscript class=\"wpforms-error-noscript\">Veuillez activer JavaScript dans votre navigateur pour remplir ce formulaire.<\/noscript><div class=\"wpforms-field-container\"><div id=\"wpforms-18575-field_6-container\" class=\"wpforms-field wpforms-field-name\" data-field-id=\"6\"><label class=\"wpforms-field-label\">Nom <span class=\"wpforms-required-label\">*<\/span><\/label><div class=\"wpforms-field-row wpforms-field-large\"><div class=\"wpforms-field-row-block wpforms-first wpforms-one-half\"><input type=\"text\" id=\"wpforms-18575-field_6\" class=\"wpforms-field-name-first wpforms-field-required\" name=\"wpforms[fields][6][first]\" placeholder=\"Votre pr\u00e9nom\" required><label for=\"wpforms-18575-field_6\" class=\"wpforms-field-sublabel after\">First<\/label><\/div><div class=\"wpforms-field-row-block wpforms-one-half\"><input type=\"text\" id=\"wpforms-18575-field_6-last\" class=\"wpforms-field-name-last wpforms-field-required\" name=\"wpforms[fields][6][last]\" placeholder=\"Votre nom\" required><label for=\"wpforms-18575-field_6-last\" class=\"wpforms-field-sublabel after\">Last<\/label><\/div><\/div><\/div><div id=\"wpforms-18575-field_1-container\" class=\"wpforms-field wpforms-field-email\" data-field-id=\"1\"><label class=\"wpforms-field-label\" for=\"wpforms-18575-field_1\">Courrier \u00e9lectronique <span class=\"wpforms-required-label\">*<\/span><\/label><input type=\"email\" id=\"wpforms-18575-field_1\" class=\"wpforms-field-large wpforms-field-required\" name=\"wpforms[fields][1]\" placeholder=\"Votre adresse \u00e9lectronique\" spellcheck=\"false\" required><\/div><div id=\"wpforms-18575-field_2-container\" class=\"wpforms-field wpforms-field-textarea\" data-field-id=\"2\"><label class=\"wpforms-field-label\" for=\"wpforms-18575-field_2\">Message <span class=\"wpforms-required-label\">*<\/span><\/label><textarea id=\"wpforms-18575-field_2\" class=\"wpforms-field-medium wpforms-field-required\" name=\"wpforms[fields][2]\" placeholder=\"\u00c9crivez ici votre message\" required><\/textarea><\/div><\/div><!-- .wpforms-field-container --><div class=\"wpforms-field wpforms-field-hp\"><label for=\"wpforms-18575-field-hp\" class=\"wpforms-field-label\">Website<\/label><input type=\"text\" name=\"wpforms[hp]\" id=\"wpforms-18575-field-hp\" class=\"wpforms-field-medium\"><\/div><div class=\"wpforms-submit-container\" ><input type=\"hidden\" name=\"wpforms[id]\" value=\"18575\"><input type=\"hidden\" name=\"page_title\" value=\"\"><input type=\"hidden\" name=\"page_url\" value=\"https:\/\/adg.it\/fr\/wp-json\/wp\/v2\/pages\/19214\"><input type=\"hidden\" name=\"url_referer\" value=\"\"><button type=\"submit\" name=\"wpforms[submit]\" id=\"wpforms-submit-18575\" class=\"wpforms-submit\" data-alt-text=\"Envoyer\" data-submit-text=\"Envoyer\" aria-live=\"assertive\" value=\"wpforms-submit\">Envoyer<\/button><img loading=\"lazy\" decoding=\"async\" src=\"https:\/\/adg.it\/wp-content\/plugins\/wpforms\/assets\/images\/submit-spin.svg\" class=\"wpforms-submit-spinner\" style=\"display: none;\" width=\"26\" height=\"26\" alt=\"Chargement en cours\"><\/div><\/form><\/div>  <!-- .wpforms-container -->\n[\/spb_text_block] [\/spb_column]<\/p>\n","protected":false},"excerpt":{"rendered":"<p>[spb_column width=\u00a0\u00bb2\/3&Prime; el_position=\u00a0\u00bbfirst\u00a0\u00bb] [spb_text_block title=\u00a0\u00bbCours d\u2019art le week-end\u00a0\u00bb pb_margin_bottom=\u00a0\u00bbno\u00a0\u00bb pb_border_bottom=\u00a0\u00bbno\u00a0\u00bb width=\u00a0\u00bb1\/1&Prime; el_position=\u00a0\u00bbfirst last\u00a0\u00bb] Ce sont des cours intensifs v\u00e9ritables, destin\u00e9s \u00e0 ceux qui ont peu de temps pour se concentrer sur une ou plusieurs techniques artistiques. Des cours individuels peuvent avoir lieu le week-end dans l\u2019une des langues suivantes : anglais, Fran\u00e7ais, espagnol, russe, allemand et italien. Les \u00e9l\u00e8ves peuvent [&hellip;]<\/p>\n","protected":false},"author":27,"featured_media":0,"parent":0,"menu_order":0,"comment_status":"closed","ping_status":"closed","template":"","meta":{"_joinchat":[],"footnotes":""},"class_list":["post-19214","page","type-page","status-publish","hentry"],"aioseo_notices":[],"_links":{"self":[{"href":"https:\/\/adg.it\/fr\/wp-json\/wp\/v2\/pages\/19214","targetHints":{"allow":["GET"]}}],"collection":[{"href":"https:\/\/adg.it\/fr\/wp-json\/wp\/v2\/pages"}],"about":[{"href":"https:\/\/adg.it\/fr\/wp-json\/wp\/v2\/types\/page"}],"author":[{"embeddable":true,"href":"https:\/\/adg.it\/fr\/wp-json\/wp\/v2\/users\/27"}],"replies":[{"embeddable":true,"href":"https:\/\/adg.it\/fr\/wp-json\/wp\/v2\/comments?post=19214"}],"version-history":[{"count":1,"href":"https:\/\/adg.it\/fr\/wp-json\/wp\/v2\/pages\/19214\/revisions"}],"predecessor-version":[{"id":26124,"href":"https:\/\/adg.it\/fr\/wp-json\/wp\/v2\/pages\/19214\/revisions\/26124"}],"wp:attachment":[{"href":"https:\/\/adg.it\/fr\/wp-json\/wp\/v2\/media?parent=19214"}],"curies":[{"name":"wp","href":"https:\/\/api.w.org\/{rel}","templated":true}]}}