{"id":19206,"date":"2020-05-03T16:33:05","date_gmt":"2020-05-03T16:33:05","guid":{"rendered":"https:\/\/adg.it\/?page_id=19206"},"modified":"2025-07-24T09:47:11","modified_gmt":"2025-07-24T09:47:11","slug":"cours-dart-dun-jour","status":"publish","type":"page","link":"https:\/\/adg.it\/fr\/cours-dart-dun-jour\/","title":{"rendered":"Un jour d\u2019art \u00e0 Florence"},"content":{"rendered":"<p>[spb_column width=\u00a0\u00bb2\/3&Prime; el_position=\u00a0\u00bbfirst\u00a0\u00bb] [spb_text_block title=\u00a0\u00bbUne journ\u00e9e intensive d\u2019art\u00a0\u00bb pb_margin_bottom=\u00a0\u00bbno\u00a0\u00bb pb_border_bottom=\u00a0\u00bbno\u00a0\u00bb width=\u00a0\u00bb1\/1&Prime; el_position=\u00a0\u00bbfirst last\u00a0\u00bb]\n<p>Les cours d&rsquo;art d&rsquo;une journ\u00e9e sont destin\u00e9s aux amateurs d&rsquo;art qui ont peu de temps \u00e0 consacrer \u00e0 la Toscane, mais qui souhaitent vivre une <strong>journ\u00e9e intensive d&rsquo;art<\/strong> dans notre atelier ou parmi les monuments et les b\u00e2timents de <strong>Florence<\/strong>.<\/p>\n[\/spb_text_block] [spb_text_block title=\u00a0\u00bbCours de groupe \u00e0 Florence\u00a0\u00bb pb_margin_bottom=\u00a0\u00bbno\u00a0\u00bb pb_border_bottom=\u00a0\u00bbno\u00a0\u00bb width=\u00a0\u00bb1\/1&Prime; el_position=\u00a0\u00bbfirst last\u00a0\u00bb]\n<p>Les<strong> cours collectifs<\/strong> sont normalement compos\u00e9s de 8 \u00e0 9 \u00e9tudiants et sont disponibles chaque semaine <strong>entre le lundi et le vendredi uniquement \u00e0 Florence dans notre studio d&rsquo;art<\/strong>.<\/p>\n<ul>\n<li>Le cours de groupe de <strong>3 heures<\/strong> se d\u00e9roule g\u00e9n\u00e9ralement de 10h00 \u00e0 13h00. M\u00e9diums recommand\u00e9s : crayon, fusain, aquarelle.<\/li>\n<li>Le cours de <strong>3 heures et demie<\/strong> a lieu normalement de 13h30 \u00e0 17h. M\u00e9diums recommand\u00e9s : crayon, fusain, aquarelle.<\/li>\n<li>Le cours de <strong>5 heures<\/strong> a lieu normalement de 11h30 \u00e0 13h et de 13h30 \u00e0 17h. M\u00e9diums recommand\u00e9s : crayon, fusain, aquarelle, acrylique, pastel.<\/li>\n<li>Le cours de <strong>6 heures et demie<\/strong> a lieu normalement de 10h \u00e0 13h et de 13h30 \u00e0 17h. Pendant ce cours d&rsquo;une journ\u00e9e, les \u00e9tudiants peuvent choisir de pratiquer l&rsquo;un des m\u00e9diums suivants : crayon, fusain, aquarelle, acrylique, pastel, huile, sculpture avec de l&rsquo;argile, fresque.<\/li>\n<\/ul>\n<p>Du <strong>1er mars <\/strong>au <strong>31 octobre<\/strong>, les \u00e9tudiants peuvent \u00e9galement participer \u00e0 des cours collectifs <strong>en plein air<\/strong> sur les places et dans les rues de Florence.<\/p>\n<span class=\"highlighted\">Les \u00e9tudiants seront toujours guid\u00e9s \u00e0 leur niveau d&rsquo;expertise.<\/span>\n<p>\u00c0 la fin de la le\u00e7on, les \u00e9l\u00e8ves auront r\u00e9alis\u00e9 une petite \u0153uvre d&rsquo;art significative qu&rsquo;ils rapporteront chez eux comme souvenir de leur s\u00e9jour en Italie.<\/p>\n[\/spb_text_block] [spb_text_block title=\u00a0\u00bbCours particuliers \u00e0 Florence\u00a0\u00bb pb_margin_bottom=\u00a0\u00bbno\u00a0\u00bb pb_border_bottom=\u00a0\u00bbno\u00a0\u00bb width=\u00a0\u00bb1\/1&Prime; el_position=\u00a0\u00bbfirst last\u00a0\u00bb]\n<p>L&rsquo;Accademia del Giglio propose des cours priv\u00e9s de dessin et de peinture \u00e0 Florence, con\u00e7us pour des individus ou des petits groupes pr\u00e9\u00e9tablis. Ces cours d&rsquo;art intensifs peuvent \u00eatre <strong>adapt\u00e9s \u00e0 vos besoins sp\u00e9cifiques<\/strong>, \u00e0 votre exp\u00e9rience artistique et \u00e0 vos ant\u00e9c\u00e9dents.<\/p>\n<p>Vous pouvez choisir de suivre vos cours en studio ou en plein air, les s\u00e9ances en plein air se d\u00e9roulant dans des lieux pittoresques comme le long de l&rsquo;Arno, les places anciennes ou les jardins \u00ab secrets \u00bb de Florence (du <strong>1er mars<\/strong> au <strong>31 octobre<\/strong>). Les cours sont disponibles en sessions de <strong>4<\/strong> ou <strong>6 heures<\/strong> et comprennent tout le mat\u00e9riel artistique n\u00e9cessaire ainsi qu&rsquo;un certificat de participation.<\/p>\n<p>L&rsquo;enseignement est disponible en <strong>anglais<\/strong>, en <strong>italien<\/strong> et, sur demande, en espagnol, en fran\u00e7ais et en allemand.<\/p>\n[\/spb_text_block] [boxed_content type=\u00a0\u00bbcoloured\u00a0\u00bb pb_margin_bottom=\u00a0\u00bbno\u00a0\u00bb width=\u00a0\u00bb1\/1&Prime; el_position=\u00a0\u00bbfirst last\u00a0\u00bb]\n<p>Les programmes<\/p>\n[\/boxed_content] [spb_accordion width=\u00a0\u00bb1\/1&Prime; el_position=\u00a0\u00bbfirst last\u00a0\u00bb] [spb_accordion_tab title=\u00a0\u00bbA. Une journ\u00e9e de dessin et de peinture en plein air\u00a0\u00bb accordion_id=\u00a0\u00bba&#8211;one-day-of-drawing-and-painting-outdoor\u00a0\u00bb icon=\u00a0\u00bb\u00a0\u00bb] [spb_text_block pb_margin_bottom=\u00a0\u00bbno\u00a0\u00bb pb_border_bottom=\u00a0\u00bbno\u00a0\u00bb width=\u00a0\u00bb1\/1&Prime; el_position=\u00a0\u00bbfirst last\u00a0\u00bb]\n<p>Pour les artistes qui visitent Florence, transformez votre excursion d&rsquo;une journ\u00e9e en un voyage inoubliable dans le temps. Notre cours approfondi d&rsquo;une journ\u00e9e offre une occasion unique de dessiner et de peindre dans l&rsquo;atmosph\u00e8re de la Renaissance, guid\u00e9 \u00e0 chaque \u00e9tape par nos professeurs d&rsquo;art passionn\u00e9s et exp\u00e9riment\u00e9s. D\u00e9couvrez les techniques et l&rsquo;inspiration des ma\u00eetres dans la ville m\u00eame o\u00f9 ils ont prosp\u00e9r\u00e9.<\/p>\n<p>Pendant ce cours, les \u00e9tudiants auront l&rsquo;occasion de choisir et de pratiquer diverses techniques de dessin et de peinture, telles que le graphite, le fusain, le pastel, l&rsquo;aquarelle et l&rsquo;acrylique.<\/p>\n<p>Les sessions en plein air peuvent avoir lieu le long de l&rsquo;Arno, sur les<strong> places anciennes<\/strong> et dans <strong>les jardins<\/strong> \u00ab secrets \u00bb de Florence, \u00e0 l&rsquo;\u00e9cart (mais pas loin) de la foule touristique d\u00e9cha\u00een\u00e9e. Avant le d\u00e9but du cours nous pouvons vous conseiller les endroits meilleurs pour dessiner et pour peindre en tranquillit\u00e9, mais vous pourrez aussi d\u00e9cider le jour m\u00eame o\u00f9 vous pr\u00e9f\u00e9rez prendre votre le\u00e7on avec notre enseignant.<\/p>\n<p>Ce cours accueille des artistes de tous niveaux, des d\u00e9butants complets aux professionnels chevronn\u00e9s. Rejoignez-nous individuellement ou avec votre propre petit groupe pr\u00e9\u00e9tabli.<\/p>\n<p>Veuillez noter :<\/p>\n<ul>\n<li>Nos cours collectifs en plein air ne sont disponibles que du 1er mars au 31 octobre.<\/li>\n<li>Nos cours en plein air impliquent de marcher et de monter des escaliers pour atteindre des lieux en plein air afin de dessiner et de peindre des vues magnifiques et embl\u00e9matiques. <strong>Si vous avez des probl\u00e8mes de mobilit\u00e9,<\/strong> ce cours peut ne pas vous convenir. Nous vous recommandons de nous contacter pour discuter d&rsquo;autres options. Les remboursements seront envisag\u00e9s au cas par cas pour les probl\u00e8mes de mobilit\u00e9 document\u00e9s qui emp\u00eachent la participation.<\/li>\n<\/ul>\n[\/spb_text_block] [\/spb_accordion_tab] [spb_accordion_tab title=\u00a0\u00bbB. Un jour de dessin et de peinture en atelier\u00a0\u00bb accordion_id=\u00a0\u00bbb&#8211;one-day-of-drawing-and-painting-in-the-studio\u00a0\u00bb icon=\u00a0\u00bb\u00a0\u00bb] [spb_text_block pb_margin_bottom=\u00a0\u00bbno\u00a0\u00bb pb_border_bottom=\u00a0\u00bbno\u00a0\u00bb width=\u00a0\u00bb1\/1&Prime; el_position=\u00a0\u00bbfirst last\u00a0\u00bb]\n<p>Un cours d&rsquo;art tr\u00e8s intensif et sur mesure pour ceux qui souhaitent se concentrer sur les <strong>techniques de dessin et de peinture<\/strong>, soit sur une base individuelle, soit en petits groupes. Quatre options de cours en groupe sont disponibles :<\/p>\n<ul>\n<li>3 heures et demie en groupe de 13h30 \u00e0 17h.<\/li>\n<li>6 heures et demie en groupe de 10h \u00e0 13h et de 13h30 \u00e0 17h.<\/li>\n<li>5 heures en groupe de 11h30 \u00e0 17h ;<\/li>\n<li>6 heures et demie en groupe de 10h \u00e0 13h et de 13h30 \u00e0 17h.<\/li>\n<\/ul>\n<p>Pour ce type de cours nos enseignants peuvent organiser <strong>un programme sur mesure<\/strong> suivant vos exigences, vos exp\u00e9riences et vos int\u00e9r\u00eats artistiques.<\/p>\n[\/spb_text_block] [\/spb_accordion_tab] [spb_accordion_tab title=\u00a0\u00bbC. Cours priv\u00e9s de dessin et de peinture\u00a0\u00bb accordion_id=\u00a0\u00bb\u00a0\u00bb icon=\u00a0\u00bb\u00a0\u00bb] [spb_text_block pb_margin_bottom=\u00a0\u00bbno\u00a0\u00bb pb_border_bottom=\u00a0\u00bbno\u00a0\u00bb width=\u00a0\u00bb1\/1&Prime; el_position=\u00a0\u00bbfirst last\u00a0\u00bb]\n<p>Lib\u00e9rez votre potentiel artistique gr\u00e2ce \u00e0 nos cours d&rsquo;art priv\u00e9s intensifs \u00e0 Florence. Con\u00e7us pour les \u00e9tudiants et les artistes s\u00e9rieux, ces cours sur mesure offrent une occasion unique d&rsquo;explorer en profondeur les techniques de dessin et de peinture. Votre instructeur d\u00e9vou\u00e9 d\u00e9veloppera un programme personnalis\u00e9 bas\u00e9 sur vos besoins sp\u00e9cifiques, votre exp\u00e9rience artistique et vos ant\u00e9c\u00e9dents.<\/p>\n<p>Choisissez le support et la dur\u00e9e qui vous conviennent :<\/p>\n<ul>\n<li>Le\u00e7on priv\u00e9e de 4 heures : Le dessin, l&rsquo;aquarelle ou l&rsquo;acrylique sont \u00e0 l&rsquo;honneur.<\/li>\n<li>Le\u00e7on priv\u00e9e de 6 heures : Plongez dans la peinture \u00e0 l&rsquo;huile ou \u00e0 l&rsquo;acrylique.<\/li>\n<\/ul>\n<p>Les cours peuvent \u00eatre dispens\u00e9s dans notre studio bien \u00e9quip\u00e9 ou profiter de l&rsquo;environnement inspirant de Florence avec une exp\u00e9rience en plein air, le tout programm\u00e9 \u00e0 votre convenance.<\/p>\n[\/spb_text_block] [\/spb_accordion_tab] [\/spb_accordion] [sf_gallery gallery_id=\u00a0\u00bb26835&Prime; slider_transition=\u00a0\u00bbfade\u00a0\u00bb show_thumbs=\u00a0\u00bbyes\u00a0\u00bb autoplay=\u00a0\u00bbyes\u00a0\u00bb show_captions=\u00a0\u00bbyes\u00a0\u00bb enable_lightbox=\u00a0\u00bbyes\u00a0\u00bb width=\u00a0\u00bb1\/1&Prime; el_position=\u00a0\u00bbfirst last\u00a0\u00bb] [boxed_content type=\u00a0\u00bbcoloured\u00a0\u00bb pb_margin_bottom=\u00a0\u00bbno\u00a0\u00bb width=\u00a0\u00bb1\/1&Prime; el_position=\u00a0\u00bbfirst last\u00a0\u00bb]\n<p><strong>D\u00e9tails des prix<\/strong><\/p>\n[\/boxed_content] [spb_accordion width=\u00a0\u00bb1\/1&Prime; el_position=\u00a0\u00bbfirst last\u00a0\u00bb] [spb_accordion_tab title=\u00a0\u00bbPrix\u00a0\u00bb accordion_id=\u00a0\u00bb\u00a0\u00bb icon=\u00a0\u00bb\u00a0\u00bb] [spb_text_block title=\u00a0\u00bbA. Une journ\u00e9e \u00e0 Florence en plein air\u00a0\u00bb pb_margin_bottom=\u00a0\u00bbno\u00a0\u00bb pb_border_bottom=\u00a0\u00bbno\u00a0\u00bb width=\u00a0\u00bb1\/1&Prime; el_position=\u00a0\u00bbfirst last\u00a0\u00bb]\n<p>Entre lundi et jeudi<br \/>\n3 heures 1\/2 en cours collectif \u20ac95<br \/>\n6 heures 1\/2 en cours collectif \u20ac180<\/p>\n<p><a href=\"https:\/\/adg.it\/en\/product\/one-day-of-art-enpleinair\/\"><img loading=\"lazy\" decoding=\"async\" class=\"alignnone size-full wp-image-16306\" src=\"https:\/\/adg.it\/wp-content\/uploads\/2019\/04\/Book-Now-blue.png\" alt=\"r\u00e9server ici\" width=\"120\" height=\"36\" \/><\/a><\/p>\n[\/spb_text_block] [spb_text_block title=\u00a0\u00bbB. Un jour en atelier\u00a0\u00bb pb_margin_bottom=\u00a0\u00bbno\u00a0\u00bb pb_border_bottom=\u00a0\u00bbno\u00a0\u00bb width=\u00a0\u00bb1\/1&Prime; el_position=\u00a0\u00bbfirst last\u00a0\u00bb]\n<p>Entre lundi et vendredi<br \/>\n3 heures en cours collectifs \u20ac85<br \/>\n3 heures 1\/2 en cours collectifs \u20ac95<br \/>\n5 heures en cours collectifs \u20ac140<br \/>\n6 heures 1\/2 en cours collectifs \u20ac180<br \/>\nCombin\u00e9, 2 heures 1\/2 en PRIVE + 3 heures 1\/2 en GROUPE \u20ac210<\/p>\n<p><a href=\"https:\/\/adg.it\/en\/product\/one-day-of-art-in-studio\/\"><img loading=\"lazy\" decoding=\"async\" class=\"alignnone size-full wp-image-16306\" src=\"https:\/\/adg.it\/wp-content\/uploads\/2019\/04\/Book-Now-blue.png\" alt=\"r\u00e9server ici\" width=\"120\" height=\"36\" \/><\/a><\/p>\n[\/spb_text_block] [spb_text_block title=\u00a0\u00bbC. Cours priv\u00e9s\u00a0\u00bb pb_margin_bottom=\u00a0\u00bbno\u00a0\u00bb pb_border_bottom=\u00a0\u00bbno\u00a0\u00bb width=\u00a0\u00bb1\/1&Prime; el_position=\u00a0\u00bbfirst last\u00a0\u00bb]\n<p>En studio ou en plein air \u00e0 Florence<\/p>\n<p>Du lundi au vendredi<br \/>\n4 heures de cours particuliers \u20ac225<br \/>\n6 heures de cours particuliers \u20ac295<\/p>\n<p>Samedi ou dimanche<br \/>\n4 heures de cours priv\u00e9 \u20ac285<br \/>\n6 heures de cours priv\u00e9 \u20ac395<\/p>\n<p><a href=\"https:\/\/adg.it\/en\/product\/one-day-of-art-private\/\"><img loading=\"lazy\" decoding=\"async\" class=\"alignnone size-full wp-image-16306\" src=\"https:\/\/adg.it\/wp-content\/uploads\/2019\/04\/Book-Now-blue.png\" alt=\"r\u00e9server ici\" width=\"120\" height=\"36\" \/><\/a><\/p>\n[\/spb_text_block] [\/spb_accordion_tab] [spb_accordion_tab title=\u00a0\u00bbLe prix du cours comprend\u00a0\u00bb accordion_id=\u00a0\u00bb\u00a0\u00bb icon=\u00a0\u00bb\u00a0\u00bb] [spb_text_block pb_margin_bottom=\u00a0\u00bbno\u00a0\u00bb pb_border_bottom=\u00a0\u00bbno\u00a0\u00bb width=\u00a0\u00bb1\/1&Prime; el_position=\u00a0\u00bbfirst last\u00a0\u00bb]\n<ul>\n<li>Tous les mat\u00e9riaux d\u2019art n\u00e9cessaires;<\/li>\n<li>un certificat de fr\u00e9quence \u00e0 la fin du s\u00e9minaire.<\/li>\n<\/ul>\n[\/spb_text_block] [\/spb_accordion_tab] [spb_accordion_tab title=\u00a0\u00bbNotez bien\u00a0\u00bb accordion_id=\u00a0\u00bb\u00a0\u00bb icon=\u00a0\u00bb\u00a0\u00bb] [spb_text_block pb_margin_bottom=\u00a0\u00bbno\u00a0\u00bb pb_border_bottom=\u00a0\u00bbno\u00a0\u00bb width=\u00a0\u00bb1\/1&Prime; el_position=\u00a0\u00bbfirst last\u00a0\u00bb]\n<ul>\n<li>Les classes en petits groupes sont normalement compos\u00e9es de 8 \u00e0 10 \u00e9l\u00e8ves.<\/li>\n<li>Les cours de groupe et priv\u00e9s sont disponibles en fran\u00e7ais, en anglais et en italien.<\/li>\n<li>Sur demande, des cours priv\u00e9s peuvent \u00e9galement \u00eatre organis\u00e9s en espagnol, en fran\u00e7ais et en allemand.<\/li>\n<li>Le programme peut \u00eatre adapt\u00e9 aux besoins, aux comp\u00e9tences et aux int\u00e9r\u00eats de l\u2019\u00e9l\u00e8ve.<\/li>\n<li>Le mat\u00e9riel d\u2019art sera fourni par l\u2019\u00e9cole, mais les \u00e9l\u00e8ves peuvent aussi apporter avec eux le mat\u00e9riel qu\u2019ils utilisent normalement dans leurs ateliers ou dans d\u2019autres acad\u00e9mies.<\/li>\n<li>Lors de l\u2019inscription \u00e0 des cours d\u2019art, chaque candidat est pri\u00e9 de pr\u00e9ciser la technique qu\u2019il souhaite \u00e9tudier pendant son cours.<\/li>\n<\/ul>\n[\/spb_text_block] [\/spb_accordion_tab] [\/spb_accordion] [\/spb_column] [spb_column width=\u00a0\u00bb1\/3&Prime; el_position=\u00a0\u00bblast\u00a0\u00bb] [spb_single_image image=\u00a0\u00bb14112&Prime; image_size=\u00a0\u00bbfull\u00a0\u00bb frame=\u00a0\u00bbshadowframe\u00a0\u00bb intro_animation=\u00a0\u00bbnone\u00a0\u00bb full_width=\u00a0\u00bbno\u00a0\u00bb lightbox=\u00a0\u00bbno\u00a0\u00bb link_target=\u00a0\u00bb_self\u00a0\u00bb width=\u00a0\u00bb1\/1&Prime; el_position=\u00a0\u00bbfirst last\u00a0\u00bb] [spb_single_image image=\u00a0\u00bb13496&Prime; image_size=\u00a0\u00bbfull\u00a0\u00bb frame=\u00a0\u00bbshadowframe\u00a0\u00bb intro_animation=\u00a0\u00bbnone\u00a0\u00bb full_width=\u00a0\u00bbno\u00a0\u00bb lightbox=\u00a0\u00bbyes\u00a0\u00bb image_link=\u00a0\u00bbhttps:\/\/adg.it\/en\/product-category\/art-one-day\/\u00a0\u00bb link_target=\u00a0\u00bb_self\u00a0\u00bb width=\u00a0\u00bb1\/1&Prime; el_position=\u00a0\u00bbfirst last\u00a0\u00bb] [spb_text_block title=\u00a0\u00bbContactez-nous\u00a0\u00bb pb_margin_bottom=\u00a0\u00bbno\u00a0\u00bb pb_border_bottom=\u00a0\u00bbno\u00a0\u00bb width=\u00a0\u00bb1\/1&Prime; el_position=\u00a0\u00bbfirst last\u00a0\u00bb]\n<div class=\"wpforms-container wpforms-container-full\" id=\"wpforms-18575\"><form id=\"wpforms-form-18575\" class=\"wpforms-validate wpforms-form wpforms-ajax-form\" data-formid=\"18575\" method=\"post\" enctype=\"multipart\/form-data\" action=\"\/fr\/wp-json\/wp\/v2\/pages\/19206\" data-token=\"0e0bc2db261e8c672a38d7743f203418\" data-token-time=\"1776501492\"><noscript class=\"wpforms-error-noscript\">Veuillez activer JavaScript dans votre navigateur pour remplir ce formulaire.<\/noscript><div class=\"wpforms-field-container\"><div id=\"wpforms-18575-field_6-container\" class=\"wpforms-field wpforms-field-name\" data-field-id=\"6\"><label class=\"wpforms-field-label\">Nom <span class=\"wpforms-required-label\">*<\/span><\/label><div class=\"wpforms-field-row wpforms-field-large\"><div class=\"wpforms-field-row-block wpforms-first wpforms-one-half\"><input type=\"text\" id=\"wpforms-18575-field_6\" class=\"wpforms-field-name-first wpforms-field-required\" name=\"wpforms[fields][6][first]\" placeholder=\"Votre pr\u00e9nom\" required><label for=\"wpforms-18575-field_6\" class=\"wpforms-field-sublabel after\">First<\/label><\/div><div class=\"wpforms-field-row-block wpforms-one-half\"><input type=\"text\" id=\"wpforms-18575-field_6-last\" class=\"wpforms-field-name-last wpforms-field-required\" name=\"wpforms[fields][6][last]\" placeholder=\"Votre nom\" required><label for=\"wpforms-18575-field_6-last\" class=\"wpforms-field-sublabel after\">Last<\/label><\/div><\/div><\/div><div id=\"wpforms-18575-field_1-container\" class=\"wpforms-field wpforms-field-email\" data-field-id=\"1\"><label class=\"wpforms-field-label\" for=\"wpforms-18575-field_1\">Courrier \u00e9lectronique <span class=\"wpforms-required-label\">*<\/span><\/label><input type=\"email\" id=\"wpforms-18575-field_1\" class=\"wpforms-field-large wpforms-field-required\" name=\"wpforms[fields][1]\" placeholder=\"Votre adresse \u00e9lectronique\" spellcheck=\"false\" required><\/div><div id=\"wpforms-18575-field_2-container\" class=\"wpforms-field wpforms-field-textarea\" data-field-id=\"2\"><label class=\"wpforms-field-label\" for=\"wpforms-18575-field_2\">Message <span class=\"wpforms-required-label\">*<\/span><\/label><textarea id=\"wpforms-18575-field_2\" class=\"wpforms-field-medium wpforms-field-required\" name=\"wpforms[fields][2]\" placeholder=\"\u00c9crivez ici votre message\" required><\/textarea><\/div><\/div><!-- .wpforms-field-container --><div class=\"wpforms-field wpforms-field-hp\"><label for=\"wpforms-18575-field-hp\" class=\"wpforms-field-label\">Name<\/label><input type=\"text\" name=\"wpforms[hp]\" id=\"wpforms-18575-field-hp\" class=\"wpforms-field-medium\"><\/div><div class=\"wpforms-submit-container\" ><input type=\"hidden\" name=\"wpforms[id]\" value=\"18575\"><input type=\"hidden\" name=\"page_title\" value=\"\"><input type=\"hidden\" name=\"page_url\" value=\"https:\/\/adg.it\/fr\/wp-json\/wp\/v2\/pages\/19206\"><input type=\"hidden\" name=\"url_referer\" value=\"\"><button type=\"submit\" name=\"wpforms[submit]\" id=\"wpforms-submit-18575\" class=\"wpforms-submit\" data-alt-text=\"Envoyer\" data-submit-text=\"Envoyer\" aria-live=\"assertive\" value=\"wpforms-submit\">Envoyer<\/button><img loading=\"lazy\" decoding=\"async\" src=\"https:\/\/adg.it\/wp-content\/plugins\/wpforms\/assets\/images\/submit-spin.svg\" class=\"wpforms-submit-spinner\" style=\"display: none;\" width=\"26\" height=\"26\" alt=\"Chargement en cours\"><\/div><\/form><\/div>  <!-- .wpforms-container -->\n[\/spb_text_block] [testimonial title=\u00a0\u00bbT\u00e9moignages\u00a0\u00bb text_size=\u00a0\u00bbnormal\u00a0\u00bb item_count=\u00a0\u00bb2&Prime; order=\u00a0\u00bbrand\u00a0\u00bb category=\u00a0\u00bbart-one-day\u00a0\u00bb pagination=\u00a0\u00bbno\u00a0\u00bb page_link=\u00a0\u00bbno\u00a0\u00bb width=\u00a0\u00bb1\/1&Prime; el_position=\u00a0\u00bbfirst last\u00a0\u00bb] [\/spb_column]<\/p>\n","protected":false},"excerpt":{"rendered":"<p>[spb_column width=\u00a0\u00bb2\/3&Prime; el_position=\u00a0\u00bbfirst\u00a0\u00bb] [spb_text_block title=\u00a0\u00bbUne journ\u00e9e intensive d\u2019art\u00a0\u00bb pb_margin_bottom=\u00a0\u00bbno\u00a0\u00bb pb_border_bottom=\u00a0\u00bbno\u00a0\u00bb width=\u00a0\u00bb1\/1&Prime; el_position=\u00a0\u00bbfirst last\u00a0\u00bb] Les cours d&rsquo;art d&rsquo;une journ\u00e9e sont destin\u00e9s aux amateurs d&rsquo;art qui ont peu de temps \u00e0 consacrer \u00e0 la Toscane, mais qui souhaitent vivre une journ\u00e9e intensive d&rsquo;art dans notre atelier ou parmi les monuments et les b\u00e2timents de Florence. [\/spb_text_block] [spb_text_block title=\u00a0\u00bbCours de groupe \u00e0 Florence\u00a0\u00bb [&hellip;]<\/p>\n","protected":false},"author":27,"featured_media":13240,"parent":0,"menu_order":0,"comment_status":"closed","ping_status":"closed","template":"","meta":{"_joinchat":[],"footnotes":""},"class_list":["post-19206","page","type-page","status-publish","has-post-thumbnail","hentry"],"aioseo_notices":[],"_links":{"self":[{"href":"https:\/\/adg.it\/fr\/wp-json\/wp\/v2\/pages\/19206","targetHints":{"allow":["GET"]}}],"collection":[{"href":"https:\/\/adg.it\/fr\/wp-json\/wp\/v2\/pages"}],"about":[{"href":"https:\/\/adg.it\/fr\/wp-json\/wp\/v2\/types\/page"}],"author":[{"embeddable":true,"href":"https:\/\/adg.it\/fr\/wp-json\/wp\/v2\/users\/27"}],"replies":[{"embeddable":true,"href":"https:\/\/adg.it\/fr\/wp-json\/wp\/v2\/comments?post=19206"}],"version-history":[{"count":3,"href":"https:\/\/adg.it\/fr\/wp-json\/wp\/v2\/pages\/19206\/revisions"}],"predecessor-version":[{"id":26897,"href":"https:\/\/adg.it\/fr\/wp-json\/wp\/v2\/pages\/19206\/revisions\/26897"}],"wp:featuredmedia":[{"embeddable":true,"href":"https:\/\/adg.it\/fr\/wp-json\/wp\/v2\/media\/13240"}],"wp:attachment":[{"href":"https:\/\/adg.it\/fr\/wp-json\/wp\/v2\/media?parent=19206"}],"curies":[{"name":"wp","href":"https:\/\/api.w.org\/{rel}","templated":true}]}}