{"id":18971,"date":"2020-04-15T07:23:41","date_gmt":"2020-04-15T07:23:41","guid":{"rendered":"https:\/\/adg.it\/?page_id=18971"},"modified":"2020-04-15T07:25:04","modified_gmt":"2020-04-15T07:25:04","slug":"merci","status":"publish","type":"page","link":"https:\/\/adg.it\/fr\/merci\/","title":{"rendered":"Je vous remercie!"},"content":{"rendered":"<p>[spb_column width=\u00a0\u00bb2\/3&Prime; el_position=\u00a0\u00bbfirst\u00a0\u00bb] [spb_text_block pb_margin_bottom=\u00a0\u00bbno\u00a0\u00bb pb_border_bottom=\u00a0\u00bbno\u00a0\u00bb width=\u00a0\u00bb1\/1&Prime; el_position=\u00a0\u00bbfirst last\u00a0\u00bb]\n<p>Votre formulaire de demande a \u00e9t\u00e9 envoy\u00e9 avec succ\u00e8s. Je vous remercie!<\/p>\n<p>Nous vous r\u00e9pondrons d\u00e8s que possible. Si vous ne recevez pas de r\u00e9ponse <strong>dans les 24h<\/strong>, s\u2019il vous pla\u00eet contactez-nous \u00e0 nouveau:<\/p>\n<p><a href=\"mailto:info@adg.it\">info@adg.it<\/a><br \/>\n<a href=\"mailto:adg.assistance@gmail.com\">adg.assistance@gmail.com<\/a><\/p>\n<p>Mob <strong><a href=\"tel:\/\/+393512754681\">39-351-275-4681<\/a><\/strong> (9h-21h du lundi au dimanche, heure de Rome\/Paris\/Berlin, \u00e9galement SMS et WhatsApp)<\/p>\n<p>Continuez \u00e0 visiter notre <a href=\"https:\/\/adg.it\/en\/shop\/\">boutique<\/a> ou lisez ce que nos <a href=\"https:\/\/adg.it\/fr\/commentaires\/\">anciens \u00e9l\u00e8ves disent<\/a> de nous!<\/p>\n[\/spb_text_block] [spb_products asset_type=\u00a0\u00bbbest-sellers\u00a0\u00bb carousel=\u00a0\u00bbyes\u00a0\u00bb product_size=\u00a0\u00bbStandard\u00a0\u00bb item_count=\u00a0\u00bb8&Prime; width=\u00a0\u00bb1\/1&Prime; el_position=\u00a0\u00bbfirst last\u00a0\u00bb] [\/spb_column] [spb_column width=\u00a0\u00bb1\/3&Prime; el_position=\u00a0\u00bblast\u00a0\u00bb] [spb_single_image image=\u00a0\u00bb18963&Prime; image_size=\u00a0\u00bbfull\u00a0\u00bb frame=\u00a0\u00bbshadowframe\u00a0\u00bb intro_animation=\u00a0\u00bbnone\u00a0\u00bb full_width=\u00a0\u00bbno\u00a0\u00bb lightbox=\u00a0\u00bbno\u00a0\u00bb link_target=\u00a0\u00bb_self\u00a0\u00bb width=\u00a0\u00bb1\/1&Prime; el_position=\u00a0\u00bbfirst last\u00a0\u00bb] [\/spb_column]<\/p>\n","protected":false},"excerpt":{"rendered":"<p>[spb_column width=\u00a0\u00bb2\/3&Prime; el_position=\u00a0\u00bbfirst\u00a0\u00bb] [spb_text_block pb_margin_bottom=\u00a0\u00bbno\u00a0\u00bb pb_border_bottom=\u00a0\u00bbno\u00a0\u00bb width=\u00a0\u00bb1\/1&Prime; el_position=\u00a0\u00bbfirst last\u00a0\u00bb] Votre formulaire de demande a \u00e9t\u00e9 envoy\u00e9 avec succ\u00e8s. Je vous remercie! Nous vous r\u00e9pondrons d\u00e8s que possible. Si vous ne recevez pas de r\u00e9ponse dans les 24h, s\u2019il vous pla\u00eet contactez-nous \u00e0 nouveau: info@adg.it adg.assistance@gmail.com Mob 39-351-275-4681 (9h-21h du lundi au dimanche, heure de Rome\/Paris\/Berlin, \u00e9galement SMS et WhatsApp) Continuez [&hellip;]<\/p>\n","protected":false},"author":27,"featured_media":0,"parent":0,"menu_order":0,"comment_status":"closed","ping_status":"closed","template":"","meta":{"_joinchat":[],"footnotes":""},"class_list":["post-18971","page","type-page","status-publish","hentry"],"aioseo_notices":[],"_links":{"self":[{"href":"https:\/\/adg.it\/fr\/wp-json\/wp\/v2\/pages\/18971","targetHints":{"allow":["GET"]}}],"collection":[{"href":"https:\/\/adg.it\/fr\/wp-json\/wp\/v2\/pages"}],"about":[{"href":"https:\/\/adg.it\/fr\/wp-json\/wp\/v2\/types\/page"}],"author":[{"embeddable":true,"href":"https:\/\/adg.it\/fr\/wp-json\/wp\/v2\/users\/27"}],"replies":[{"embeddable":true,"href":"https:\/\/adg.it\/fr\/wp-json\/wp\/v2\/comments?post=18971"}],"version-history":[{"count":0,"href":"https:\/\/adg.it\/fr\/wp-json\/wp\/v2\/pages\/18971\/revisions"}],"wp:attachment":[{"href":"https:\/\/adg.it\/fr\/wp-json\/wp\/v2\/media?parent=18971"}],"curies":[{"name":"wp","href":"https:\/\/api.w.org\/{rel}","templated":true}]}}