{"id":10771,"date":"2015-09-10T14:23:12","date_gmt":"2015-09-10T14:23:12","guid":{"rendered":"http:\/\/adg.it\/fr\/?page_id=10771"},"modified":"2015-11-23T10:14:08","modified_gmt":"2015-11-23T10:14:08","slug":"cookies-et-privacy","status":"publish","type":"page","link":"https:\/\/adg.it\/fr\/cookies-et-privacy\/","title":{"rendered":"Cookies et Privacy"},"content":{"rendered":"[spb_text_block title=\u00a0\u00bbPrivacy et Cookies\u00a0\u00bb pb_margin_bottom=\u00a0\u00bbno\u00a0\u00bb pb_border_bottom=\u00a0\u00bbno\u00a0\u00bb width=\u00a0\u00bb3\/4&Prime; el_position=\u00a0\u00bbfirst last\u00a0\u00bb]\n<h3 class=\"spb-heading spb-text-heading\">Cookies et Privacy<\/h3>\n<p><strong>Qu&rsquo;est-ce qu&rsquo;un cookie?<\/strong><\/p>\n<p>Un cookie est une information conserv\u00e9e sur votre ordinateur ou les appareils mobiles par un site web que vous visitez. Il existe diff\u00e9rents types de cookies, mais, fondamentalement, le but principal d&rsquo;un cookie est de fonctionner plus efficacement et le site de abilitarne certaines fonctionnalit\u00e9s.<\/p>\n<p><strong>Les cookies sur notre site sont utilis\u00e9s pour:<\/strong><\/p>\n<ul>\n<li>naviguer sur notre site de mani\u00e8re efficace;<\/li>\n<li>mesurer l&rsquo;utilisation des services par les utilisateurs, afin d&rsquo;optimiser l&rsquo;exp\u00e9rience et les services eux-m\u00eames la navigation;<\/li>\n<li>stocker votre nom et vos pr\u00e9f\u00e9rences inclus utilisateur;<\/li>\n<li>\u00e9viter d&rsquo;entrer les m\u00eames informations (telles que le nom d&rsquo;utilisateur et mot de passe) \u00e0 plusieurs reprises au cours de la visite;<\/li>\n<li>pr\u00e9sente l&rsquo;information la publicit\u00e9 cibl\u00e9e bas\u00e9e sur les int\u00e9r\u00eats et les comportements manifest\u00e9s par l&rsquo;utilisateur lors de la navigation.<\/li>\n<\/ul>\n<p><strong>Type de cookies dans notre site<\/strong><\/p>\n<p>Les cookies sont strictement n\u00e9cessaires ou technique: les cookies de ce type sont n\u00e9cessaires pour le bon fonctionnement de certains secteurs du site; Sans ces cookies notre site Web ne serait pas correctement navigable. Les cookies de ce type sont envoy\u00e9s \u00e0 partir de notre site Web.<br \/>\n<em>Cookies analytiques:<\/em> Ce type de cookie est utilis\u00e9 pour recueillir des informations sur l&rsquo;utilisation du site. Nous utilisons ces informations pour: \u00b7 l&rsquo;analyse statistique; \u00b7 Pour am\u00e9liorer le site, plus facile \u00e0 utiliser et \u00e0 am\u00e9liorer nos services; \u00b7 Pour garder surveill\u00e9 le bon fonctionnement du site. Ce type de cookie recueille des renseignements anonymes sur l&rsquo;activit\u00e9 des utilisateurs sur le site et la mani\u00e8re dont ils sont arriv\u00e9s sur le site et les pages visit\u00e9es. Les cookies de ce type sont envoy\u00e9s \u00e0 partir de notre site ou \u00e0 partir de domaines tiers.<br \/>\n<em>Les cookies tiers de suivi<\/em>: les cookies de ce type sont utilis\u00e9s pour recueillir des informations sur l&rsquo;utilisation du site par les visiteurs, les mots cl\u00e9s utilis\u00e9s pour acc\u00e9der \u00e0 votre site, les sites Web visit\u00e9s et des sources de trafic \u00e0 partir de laquelle les visiteurs pour les campagnes de marketing. Nous pouvons utiliser cette information pour \u00e9tablir des rapports et am\u00e9liorer le site. Les cookies recueillent des renseignements de fa\u00e7on anonyme. Les cookies de ce type sont envoy\u00e9s \u00e0 partir de notre site ou \u00e0 partir de domaines tiers.<br \/>\n<em>Cookies pour l&rsquo;int\u00e9gration de la fonctionnalit\u00e9 de tiers<\/em>: les cookies de ce type sont utilis\u00e9s pour int\u00e9grer la fonctionnalit\u00e9 tiers du site (par exemple, des formulaires pour des commentaires ou des ic\u00f4nes de r\u00e9seaux sociaux qui permettent aux visiteurs de partager le contenu du site) . Cookies dans cette cat\u00e9gorie peuvent \u00eatre envoy\u00e9s depuis les domaines des sites partenaires ou qui offrent les fonctionnalit\u00e9s du site.<\/p>\n<p><strong>Utilisation de cookies sur adg.it<\/strong><\/p>\n<p>L&rsquo;utilisateur peut donner son consentement pour tous les types de cookies sur notre site tel que requis par la loi applicable, sauf pour les cookies techniques qui sont strictement n\u00e9cessaires pour faire fonctionner correctement le site. Le consensus est de configurations sp\u00e9cifiques des programmes ou p\u00e9riph\u00e9riques navigateur et informatiques qui sont la facilit\u00e9 d&rsquo;utilisation simple et claire pour l&rsquo;utilisateur. Vous pouvez d\u00e9sactiver les cookies \u00e0 tout moment \u00e0 partir du navigateur, mais cela peut vous emp\u00eacher d&rsquo;utiliser certaines parties de notre site. adg.it utilise les services fournis par Google Web Analytics. L&rsquo;information est totalement anonyme, stock\u00e9es dans les cookies sont: la date et l&rsquo;heure d&rsquo;acc\u00e8s au site, l&rsquo;identifiant unique, l&rsquo;ID de session. Ces donn\u00e9es sont envoy\u00e9es aux serveurs de Google o\u00f9 ils sont install\u00e9s le logiciel Google Analytics pour traiter les rapports sur la fa\u00e7on dont l&rsquo;utilisation de ce site Web ou les activit\u00e9s de marketing web, ainsi que pour fournir des fonctionnalit\u00e9s de navigation et d&rsquo;interaction tout en naviguant. Google peut transmettre ces informations \u00e0 des tiers qui traitent des donn\u00e9es pour leur nom et compte, ou si cela est impos\u00e9 par des r\u00e8gles imp\u00e9ratives. Des informations compl\u00e8tes, conform\u00e9ment \u00e0 l&rsquo;art. 13 Leg. n. 196\/03, est disponible sur <a href=\"http:\/\/www.google.it\/intl\/it\/policies\">http:\/\/www.google.it\/intl\/it\/policies<\/a>\/. Poursuivant la navigation\u00a0sur notre\u00a0site, vous acceptez que vous avez lu l&rsquo;information dans l&rsquo;art. 13 Leg. n. 196\/03 et affiches consentement \u00e9clair\u00e9 au traitement de vos donn\u00e9es nominatives par Google dans les conditions et pour les finalit\u00e9s d\u00e9crites ci-dessus.<\/p>\n<p><strong>Comment pouvez-vous limiter ou d\u00e9sactiver les cookies?<\/strong><\/p>\n<p>En changeant les param\u00e8tres de votre navigateur, vous pouvez accepter ou refuser les cookies ou choisir de recevoir un avertissement avant d&rsquo;accepter un cookie \u00e0 partir des sites que vous visitez. Vous pouvez \u00e9galement supprimer tous les cookies install\u00e9s dans les cookies de votre navigateur. Chaque navigateur a des proc\u00e9dures diff\u00e9rentes pour la gestion des param\u00e8tres. Cliquez sur un des liens ci-dessous pour les instructions sp\u00e9cifiques.<\/p>\n<ul>\n<li><a href=\"http:\/\/windows.microsoft.com\/it-it\/windows7\/how-to-manage-cookies-in-internet-explorer-9\" target=\"_blank\" rel=\"nofollow\">Internet Explorer<\/a><\/li>\n<li><a href=\"https:\/\/support.mozilla.org\/it\/kb\/Gestione%20dei%20cookie\" target=\"_blank\" rel=\"nofollow\">Firefox<\/a><\/li>\n<li><a href=\"https:\/\/support.google.com\/chrome\/answer\/95647?hl=it\" target=\"_blank\" rel=\"nofollow\">Chrome<\/a><\/li>\n<li><a href=\"https:\/\/support.apple.com\/it-it\/HT201265\" target=\"_blank\" rel=\"nofollow\">Safari<\/a><\/li>\n<li><a href=\"https:\/\/tools.google.com\/dlpage\/gaoptout\/\" rel=\"nofollow\">Google Analytics<\/a><\/li>\n<\/ul>\n<p>Ce sont des services d&rsquo;interagir avec les r\u00e9seaux sociaux ou d&rsquo;autres plates-formes tierces. Interactions et informations acquises sont soumis aux param\u00e8tres de confidentialit\u00e9 li\u00e9s \u00e0 la plate-forme de r\u00e9seau social ou en question. Dans le cas dans lequel est install\u00e9e une interaction de service avec les r\u00e9seaux sociaux, il est possible que, m\u00eame en cas de non utilisation du service, il recueille des donn\u00e9es de circulation relatives aux pages dans lesquelles il est install\u00e9. Cliquez sur \u00ab\u00a0Like\u00a0\u00bb de Facebook et des widgets sociaux sont des services fournis par Facebook Inc. Pour afficher des informations sur la politique de confidentialit\u00e9 peuvent \u00eatre lus sur <a href=\"https:\/\/www.facebook.com\/privacy\/explanation\">https:\/\/www.facebook.com\/privacy\/explanation<\/a>. Partagez l&rsquo;outil install\u00e9 dans les pages du site est un syst\u00e8me de partage de pages sur les r\u00e9seaux sociaux Web et est fourni par AddThis, Inc. Vous pouvez lire la politique sur <a href=\"http:\/\/www.addthis.com\/privacy\/privacy-policy\">http:\/\/www.addthis.com\/privacy\/privacy-policy<\/a>. Autres r\u00e9seaux sociaux:<\/p>\n<p>&nbsp;<\/p>\n<ul>\n<li><a href=\"http:\/\/twitter.com\/privacy\" target=\"_blank\" rel=\"nofollow\">Twitter Privacy Policy<\/a><\/li>\n<li><a href=\"http:\/\/www.facebook.com\/about\/privacy\/\" target=\"_blank\" rel=\"nofollow\">Facebook Privacy Policy<\/a><\/li>\n<li><a href=\"http:\/\/www.google.com\/privacy.html\" target=\"_blank\" rel=\"nofollow\">Google Privacy Policy<\/a><\/li>\n<li><a href=\"http:\/\/www.linkedin.com\/static?key=privacy_policy\" target=\"_blank\" rel=\"nofollow\">Linkedin Privacy Policy<\/a><\/li>\n<li><a href=\"http:\/\/mailchimp.com\/legal\/privacy\/\" target=\"_self\" rel=\"nofollow\">Mailchimp Privacy Policy<\/a><\/li>\n<\/ul>\n<p>Cette page est visible par des liens sur toutes les pages du adg.it conform\u00e9ment \u00e0 l&rsquo;art. 122 secondes paragraphe du d\u00e9cret l\u00e9gislatif no. 196\/2003 et en suivant les proc\u00e9dures d&rsquo;information et l&rsquo;acquisition du consentement simplifi\u00e9es pour l&rsquo;utilisation de cookies publi\u00e9s dans le Gazzetta Ufficiale n. 126\u00a0du 3 Juin 2014 et son son enregistrement n.\u00a0229 du 8 mai 2014.<\/p>\n<h3><\/h3>\n<h3><\/h3>\n[\/spb_text_block]\n","protected":false},"excerpt":{"rendered":"<p>[spb_text_block title=\u00a0\u00bbPrivacy et Cookies\u00a0\u00bb pb_margin_bottom=\u00a0\u00bbno\u00a0\u00bb pb_border_bottom=\u00a0\u00bbno\u00a0\u00bb width=\u00a0\u00bb3\/4&Prime; el_position=\u00a0\u00bbfirst last\u00a0\u00bb] Cookies et Privacy Qu&rsquo;est-ce qu&rsquo;un cookie? Un cookie est une information conserv\u00e9e sur votre ordinateur ou les appareils mobiles par un site web que vous visitez. Il existe diff\u00e9rents types de cookies, mais, fondamentalement, le but principal d&rsquo;un cookie est de fonctionner plus efficacement et le site de abilitarne certaines fonctionnalit\u00e9s. [&hellip;]<\/p>\n","protected":false},"author":27,"featured_media":0,"parent":0,"menu_order":0,"comment_status":"closed","ping_status":"closed","template":"","meta":{"_joinchat":[],"footnotes":""},"class_list":["post-10771","page","type-page","status-publish","hentry"],"aioseo_notices":[],"_links":{"self":[{"href":"https:\/\/adg.it\/fr\/wp-json\/wp\/v2\/pages\/10771","targetHints":{"allow":["GET"]}}],"collection":[{"href":"https:\/\/adg.it\/fr\/wp-json\/wp\/v2\/pages"}],"about":[{"href":"https:\/\/adg.it\/fr\/wp-json\/wp\/v2\/types\/page"}],"author":[{"embeddable":true,"href":"https:\/\/adg.it\/fr\/wp-json\/wp\/v2\/users\/27"}],"replies":[{"embeddable":true,"href":"https:\/\/adg.it\/fr\/wp-json\/wp\/v2\/comments?post=10771"}],"version-history":[{"count":0,"href":"https:\/\/adg.it\/fr\/wp-json\/wp\/v2\/pages\/10771\/revisions"}],"wp:attachment":[{"href":"https:\/\/adg.it\/fr\/wp-json\/wp\/v2\/media?parent=10771"}],"curies":[{"name":"wp","href":"https:\/\/api.w.org\/{rel}","templated":true}]}}