{"id":10628,"date":"2015-08-20T09:17:13","date_gmt":"2015-08-20T09:17:13","guid":{"rendered":"http:\/\/adg.it\/fr\/?page_id=10628"},"modified":"2020-01-28T10:01:54","modified_gmt":"2020-01-28T10:01:54","slug":"liens","status":"publish","type":"page","link":"https:\/\/adg.it\/fr\/liens\/","title":{"rendered":"Nos liens pr\u00e9f\u00e9r\u00e9s"},"content":{"rendered":"<p>[spb_column width=\u00a0\u00bb1\/3&Prime; el_position=\u00a0\u00bbfirst\u00a0\u00bb] [spb_text_block pb_margin_bottom=\u00a0\u00bbno\u00a0\u00bb pb_border_bottom=\u00a0\u00bbno\u00a0\u00bb width=\u00a0\u00bb1\/1&Prime; el_position=\u00a0\u00bbfirst last\u00a0\u00bb]\n<p>Cette page recueille les liens utiles pour le s\u00e9jour de nos \u00e9l\u00e8ves en Italie et \u00e0 l&rsquo;Accademia del Giglio. On peut explorer les pages relatives \u00e0 Florence et \u00e0 la Toscane, les transports publiques de la ville et des ses environs, les ressources sur l&rsquo;Internet pou \u00e9tudier la langue italienne e les Beaux-Arts, ainsi que les sites de nos \u00e9l\u00e8ves et amis.<\/p>\n[\/spb_text_block] [spb_single_image image=\u00a0\u00bb10039&Prime; image_size=\u00a0\u00bbfull\u00a0\u00bb frame=\u00a0\u00bbnoframe\u00a0\u00bb intro_animation=\u00a0\u00bbnone\u00a0\u00bb full_width=\u00a0\u00bbno\u00a0\u00bb lightbox=\u00a0\u00bbno\u00a0\u00bb link_target=\u00a0\u00bb_self\u00a0\u00bb width=\u00a0\u00bb1\/1&Prime; el_position=\u00a0\u00bbfirst last\u00a0\u00bb] [\/spb_column] [spb_column width=\u00a0\u00bb2\/3&Prime; el_position=\u00a0\u00bblast\u00a0\u00bb] [spb_accordion width=\u00a0\u00bb1\/1&Prime; el_position=\u00a0\u00bbfirst last\u00a0\u00bb] [spb_accordion_tab title=\u00a0\u00bbFlorence et la Toscane\u00a0\u00bb accordion_id=\u00a0\u00bb\u00a0\u00bb icon=\u00a0\u00bb\u00a0\u00bb] [spb_text_block pb_margin_bottom=\u00a0\u00bbno\u00a0\u00bb pb_border_bottom=\u00a0\u00bbno\u00a0\u00bb width=\u00a0\u00bb1\/1&Prime; el_position=\u00a0\u00bbfirst last\u00a0\u00bb]\n<p><a href=\"http:\/\/en.comune.fi.it\/\" target=\"_blank\" rel=\"nofollow noopener noreferrer\">Comune<\/a><br \/>\nLe site officiel de la Mairie de Florence.<\/p>\n<p><a href=\"http:\/\/www.boxol.it\/\" target=\"_blank\" rel=\"nofollow noopener noreferrer\">Boxol<\/a><br \/>\nReservations pour les spectacles et les concerts \u00e0 Florence et en Italie.<\/p>\n<p><a href=\"http:\/\/www.firenzemusei.it\/\" target=\"_blank\" rel=\"nofollow noopener noreferrer\">Firenze musei<\/a><br \/>\nTous les mus\u00e9es florentins.<\/p>\n<p><a href=\"http:\/\/www.weather.com\/weather\/tenday\/Florence+Italy+FLR:9\" target=\"_blank\" rel=\"nofollow noopener noreferrer\">M\u00e9teo<\/a><br \/>\nQue temps fait-il en Toscane?<\/p>\n<p><a href=\"http:\/\/www.unifi.it\/mdswitch.html\" target=\"_blank\" rel=\"nofollow noopener noreferrer\">Universit\u00e9<\/a><br \/>\nL&rsquo;universit\u00e9 de Florence.<\/p>\n<p><a href=\"http:\/\/www.fiorentina.it\/\" target=\"_blank\" rel=\"nofollow noopener noreferrer\">Fiorentina<\/a><br \/>\nL&rsquo;\u00e9quipe de la ville.<\/p>\n[\/spb_text_block] [\/spb_accordion_tab] [spb_accordion_tab title=\u00a0\u00bbQue faire \u00e0 Florence\u00a0\u00bb accordion_id=\u00a0\u00bb\u00a0\u00bb icon=\u00a0\u00bb\u00a0\u00bb] [spb_text_block title=\u00a0\u00bbTours, visits and more\u00a0\u00bb pb_margin_bottom=\u00a0\u00bbno\u00a0\u00bb pb_border_bottom=\u00a0\u00bbno\u00a0\u00bb width=\u00a0\u00bb1\/1&Prime; el_position=\u00a0\u00bbfirst last\u00a0\u00bb]\n<p><a href=\"http:\/\/www.florenceforfun.org\/LENG\/Z2\/C15752-1\/hhcm-home.html\" target=\"_blank\" rel=\"nofollow noopener noreferrer\">Florence for Fun<\/a><br \/>\nS&rsquo;amuser, visiter, voyager et encore d&rsquo;autres choses.<\/p>\n<p><a href=\"http:\/\/www.italianwineservice.com\/ital\" target=\"_blank\" rel=\"nofollow noopener noreferrer\">CTG-Vini<\/a><br \/>\nVins italiens.<\/p>\n[\/spb_text_block] [\/spb_accordion_tab] [spb_accordion_tab title=\u00a0\u00bbLiens sur les transports publiques\u00a0\u00bb accordion_id=\u00a0\u00bb\u00a0\u00bb icon=\u00a0\u00bb\u00a0\u00bb] [spb_text_block pb_margin_bottom=\u00a0\u00bbno\u00a0\u00bb pb_border_bottom=\u00a0\u00bbno\u00a0\u00bb width=\u00a0\u00bb1\/1&Prime; el_position=\u00a0\u00bbfirst last\u00a0\u00bb]\n<p><a href=\"http:\/\/www.aeroporto.firenze.it\/\" target=\"_blank\" rel=\"nofollow noopener noreferrer\">A\u00e9roport de Florence<\/a><br \/>\nVols pour et de l&rsquo;a\u00e9roport de Florence \u00ab\u00a0Amerigo Vespucci\u00a0\u00bb.<\/p>\n<p><a href=\"http:\/\/www.aeroporto.firenze.it\/en\/the-passengers\/transport.html\" target=\"_blank\" rel=\"nofollow noopener noreferrer\">Vola in bus<\/a> (Fly by bus)<br \/>\nNavette de\/vers l&rsquo;a\u00e9roport de Florence.<\/p>\n<p><a href=\"http:\/\/www.pisa-airport.com\/index.php?lang=_en\" target=\"_blank\" rel=\"nofollow noopener noreferrer\">A\u00e9roport de Pisa<\/a><br \/>\nVols pour et de l&rsquo;a\u00e9roport de Pisa \u00ab\u00a0Galileo Galilei\u00a0\u00bb<\/p>\n<p><a href=\"http:\/\/www.terravision.eu\/florence_pisa.html\" target=\"_blank\" rel=\"nofollow noopener noreferrer\">Terravision<\/a><br \/>\nNavette de\/vers l&rsquo;a\u00e9roport de Pise.<\/p>\n<p><a href=\"http:\/\/www.ataf.net\/\" target=\"_blank\" rel=\"nofollow noopener noreferrer\">Ataf<\/a><br \/>\nLes autobus \u00e0 Florence.<\/p>\n<p><a href=\"http:\/\/www.trenitalia.com\/\" target=\"_blank\" rel=\"nofollow noopener noreferrer\">Trenitalia<\/a><br \/>\nLe site officiel des trains.<\/p>\n<p><a href=\"http:\/\/www.italotreno.it\/EN\/Pages\/default.aspx\" target=\"_blank\" rel=\"nofollow noopener noreferrer\">Italo treno<\/a><br \/>\nTrains \u00e0 grande vitesse \u00e0 destination de Florence, Milan, Rome, Venise, Turin&#8230;<\/p>\n<p><a href=\"http:\/\/www.mcarthurglen.com\/it\/barberino-designer-outlet\/en\/plan-your-visit\/getting-here\/\" target=\"_blank\" rel=\"nofollow noopener noreferrer\">Barberino Designer Outlet<\/a><br \/>\nService de navette quotidien au shopping, \u00e0 30 minutes de Florence.<\/p>\n[\/spb_text_block] [\/spb_accordion_tab] [spb_accordion_tab title=\u00a0\u00bbDormir \u00e0 Florence\u00a0\u00bb accordion_id=\u00a0\u00bb\u00a0\u00bb icon=\u00a0\u00bb\u00a0\u00bb] [spb_text_block title=\u00a0\u00bbHotels, B\/B and Hostels\u00a0\u00bb pb_margin_bottom=\u00a0\u00bbno\u00a0\u00bb pb_border_bottom=\u00a0\u00bbno\u00a0\u00bb width=\u00a0\u00bb1\/1&Prime; el_position=\u00a0\u00bbfirst last\u00a0\u00bb]\n<p><a href=\"http:\/\/www.laresidenzafiorentina.it\/\" target=\"_blank\" rel=\"nofollow noopener noreferrer\">Residenza Fiorentina<\/a><br \/>\nVia de&rsquo; Fossi 12 (pr\u00e8s de\u00a0Santa Maria Novella et\u00a0Arno).<\/p>\n<p><a href=\"http:\/\/www.hotellorena.com\/\" target=\"_blank\" rel=\"nofollow noopener noreferrer\">Hotel Lorena<\/a><br \/>\nVia Faenza, 1 (San Lorenzo, Cappelle Medicee)<\/p>\n<p><a href=\"http:\/\/www.htoscana.com\/\" target=\"_blank\" rel=\"nofollow noopener noreferrer\">Hotel Toscana<\/a><br \/>\nVia del Sole 8 (Santa Maria Novella).<\/p>\n<p><a href=\"http:\/\/www.hotelliana.com\/\" target=\"_blank\" rel=\"nofollow noopener noreferrer\">Hotel Villa Liana<\/a><br \/>\nVia Alfieri, 18 (Piazza d&rsquo;Azeglio, Santa Croce, synagogue)<\/p>\n<p><a href=\"http:\/\/www.plushostels.com\/plusflorence\" target=\"_blank\" rel=\"nofollow noopener noreferrer\">Plus Florence<\/a><br \/>\nAugerge de juenesse de luxe dan le centre. Via Santa Caterina D\u2019Alessandria.<\/p>\n[\/spb_text_block] [\/spb_accordion_tab] [spb_accordion_tab title=\u00a0\u00bbManger \u00e0 Florence\u00a0\u00bb accordion_id=\u00a0\u00bb\u00a0\u00bb icon=\u00a0\u00bb\u00a0\u00bb] [spb_text_block pb_margin_bottom=\u00a0\u00bbno\u00a0\u00bb pb_border_bottom=\u00a0\u00bbno\u00a0\u00bb width=\u00a0\u00bb1\/1&Prime; el_position=\u00a0\u00bbfirst last\u00a0\u00bb]\n<p><strong>Il Gatto e la Volpe<\/strong><br \/>\nPizzeria et trattoria pr\u00e8s de l&rsquo;\u00e9cole,\u00a0via Ghibellina 151r: r\u00e9ductions pour nos \u00e9l\u00e8ves.<\/p>\n[\/spb_text_block] [\/spb_accordion_tab] [spb_accordion_tab title=\u00a0\u00bbRessources de Beaux-Arts\u00a0\u00bb accordion_id=\u00a0\u00bb\u00a0\u00bb icon=\u00a0\u00bb\u00a0\u00bb] [spb_text_block pb_margin_bottom=\u00a0\u00bbno\u00a0\u00bb pb_border_bottom=\u00a0\u00bbno\u00a0\u00bb width=\u00a0\u00bb1\/1&Prime; el_position=\u00a0\u00bbfirst last\u00a0\u00bb]\n<p><a href=\"http:\/\/www.pitturaedintorni.it\/\" target=\"_blank\" rel=\"nofollow noopener noreferrer\">Pittura &amp; Dintorni<\/a><br \/>\nUne base sur les \u00e9coles, les artistes, les expositions \u00e0 Florence et en Italie (site en italien).<\/p>\n<p><a href=\"http:\/\/www.zecchi.it\/\" target=\"_blank\" rel=\"nofollow noopener noreferrer\">Zecchi<\/a>\u00a0et\u00a0<a href=\"http:\/\/www.salvinibellearti.it\/\" target=\"_blank\" rel=\"noopener noreferrer\">Salvini<\/a><br \/>\nMat\u00e9riel d&rsquo;art: r\u00e9ductions pour nos \u00e9l\u00e8ves.<\/p>\n[\/spb_text_block] [\/spb_accordion_tab] [spb_accordion_tab title=\u00a0\u00bbRessources sur la langue italienne\u00a0\u00bb accordion_id=\u00a0\u00bb\u00a0\u00bb icon=\u00a0\u00bb\u00a0\u00bb] [spb_text_block pb_margin_bottom=\u00a0\u00bbno\u00a0\u00bb pb_border_bottom=\u00a0\u00bbno\u00a0\u00bb width=\u00a0\u00bb1\/1&Prime; el_position=\u00a0\u00bbfirst last\u00a0\u00bb]\n<p><a href=\"http:\/\/www.adgblog.it\/\" target=\"_blank\" rel=\"noopener noreferrer\">Adgblog<\/a><br \/>\nExercices, activit\u00e9s et chansons pour am\u00e9liorer votre italien.<\/p>\n<p><a href=\"http:\/\/www.accademiadellacrusca.it\/index_eng.php\" target=\"_blank\" rel=\"nofollow noopener noreferrer\">Accademia della Crusca<\/a><br \/>\nL&rsquo;institution pour la recherche sur la langue italienne.<\/p>\n<p><a href=\"http:\/\/dizionari.corriere.it\/\" target=\"_blank\" rel=\"nofollow noopener noreferrer\">Dictionaries<\/a><br \/>\nBeaucoup de dictionnaires en ligne pour lever les doutes et les incertitudes.<\/p>\n<p>&nbsp;<\/p>\n[\/spb_text_block] [\/spb_accordion_tab] [spb_accordion_tab title=\u00a0\u00bbLiens sur l&rsquo;Italie\u00a0\u00bb accordion_id=\u00a0\u00bb\u00a0\u00bb icon=\u00a0\u00bb\u00a0\u00bb] [spb_text_block pb_margin_bottom=\u00a0\u00bbno\u00a0\u00bb pb_border_bottom=\u00a0\u00bbno\u00a0\u00bb width=\u00a0\u00bb1\/1&Prime; el_position=\u00a0\u00bbfirst last\u00a0\u00bb]\n<p><a href=\"http:\/\/www.italia.it\/fr\/home.html\" target=\"_blank\" rel=\"nofollow noopener noreferrer\">Italia<\/a><br \/>\nLe site officiel de l&rsquo;Italie.<\/p>\n<p><a href=\"http:\/\/www.ansa.it\/\" target=\"_blank\" rel=\"nofollow noopener noreferrer\">Ansa<\/a><br \/>\nL&rsquo;agence de presse italienne.<\/p>\n<p><a href=\"http:\/\/www.esteri.it\/MAE\/EN\/Home.htm?LANG=EN\" target=\"_blank\" rel=\"nofollow noopener noreferrer\">Esteri<\/a><br \/>\nLes Ambassades Italiennes.<\/p>\n<p><a href=\"http:\/\/www.rai.it\/\" target=\"_blank\" rel=\"nofollow noopener noreferrer\">Rai<\/a><br \/>\nLa radio et la t\u00e9l\u00e9vision italienne.<\/p>\n[\/spb_text_block] [\/spb_accordion_tab] [spb_accordion_tab title=\u00a0\u00bbLes sites de nos \u00e9l\u00e8ves et amis\u00a0\u00bb accordion_id=\u00a0\u00bb\u00a0\u00bb icon=\u00a0\u00bb\u00a0\u00bb] [spb_text_block pb_margin_bottom=\u00a0\u00bbno\u00a0\u00bb pb_border_bottom=\u00a0\u00bbno\u00a0\u00bb width=\u00a0\u00bb1\/1&Prime; el_position=\u00a0\u00bbfirst last\u00a0\u00bb]\n<p><a href=\"http:\/\/bsledge.com\/\" target=\"_blank\" rel=\"nofollow noopener noreferrer\">Bruce Sledge<\/a><br \/>\nChanteur d&rsquo;opera.<\/p>\n<p><a href=\"http:\/\/www.flickr.com\/people\/yasy\/\" target=\"_blank\" rel=\"nofollow noopener noreferrer\">Yas Yamamoto<\/a><br \/>\nLe photographe Yas Yamamoto.<\/p>\n<p><a href=\"http:\/\/www.anna-mantel.de\/\" target=\"_blank\" rel=\"nofollow noopener noreferrer\">Anna Mantel<\/a><br \/>\nAnna Mantel, traductrice et interpr\u00e8te.<\/p>\n<p><a href=\"http:\/\/www.giniski.com\/\" target=\"_blank\" rel=\"nofollow noopener noreferrer\">Giniski<\/a><br \/>\nLa meilleure lutherie \u00e9lectrique en Italie.<\/p>\n<p><a href=\"http:\/\/www.carretoni.com\/index.html\" target=\"_blank\" rel=\"nofollow noopener noreferrer\">Andr\u00e9 Bustamante Carretoni<\/a><br \/>\nEcrivain brasilien.<\/p>\n<p><a href=\"http:\/\/www.manologonzalezescultor.com\/\" target=\"_blank\" rel=\"noopener noreferrer\">Manolo Gonzalez<\/a><br \/>\nSculpteur.<\/p>\n<p><a href=\"http:\/\/www.lucyinteriordesign.com\/\" target=\"_blank\" rel=\"nofollow noopener noreferrer\">Lucy Penfield<\/a><br \/>\nArchitecte d&rsquo;int\u00e9rieur \u00e0 Minneapolis.<\/p>\n<p><a href=\"http:\/\/www.annafoley.com\/\" target=\"_blank\" rel=\"nofollow noopener noreferrer\">Anna Foley<\/a><br \/>\nArtiste australienne.<\/p>\n[\/spb_text_block] [\/spb_accordion_tab] [\/spb_accordion] [\/spb_column]<\/p>\n","protected":false},"excerpt":{"rendered":"<p>[spb_column width=\u00a0\u00bb1\/3&Prime; el_position=\u00a0\u00bbfirst\u00a0\u00bb] [spb_text_block pb_margin_bottom=\u00a0\u00bbno\u00a0\u00bb pb_border_bottom=\u00a0\u00bbno\u00a0\u00bb width=\u00a0\u00bb1\/1&Prime; el_position=\u00a0\u00bbfirst last\u00a0\u00bb] Cette page recueille les liens utiles pour le s\u00e9jour de nos \u00e9l\u00e8ves en Italie et \u00e0 l&rsquo;Accademia del Giglio. On peut explorer les pages relatives \u00e0 Florence et \u00e0 la Toscane, les transports publiques de la ville et des ses environs, les ressources sur l&rsquo;Internet pou \u00e9tudier la langue italienne e [&hellip;]<\/p>\n","protected":false},"author":27,"featured_media":0,"parent":0,"menu_order":0,"comment_status":"closed","ping_status":"open","template":"","meta":{"_joinchat":[],"footnotes":""},"class_list":["post-10628","page","type-page","status-publish","hentry"],"aioseo_notices":[],"_links":{"self":[{"href":"https:\/\/adg.it\/fr\/wp-json\/wp\/v2\/pages\/10628","targetHints":{"allow":["GET"]}}],"collection":[{"href":"https:\/\/adg.it\/fr\/wp-json\/wp\/v2\/pages"}],"about":[{"href":"https:\/\/adg.it\/fr\/wp-json\/wp\/v2\/types\/page"}],"author":[{"embeddable":true,"href":"https:\/\/adg.it\/fr\/wp-json\/wp\/v2\/users\/27"}],"replies":[{"embeddable":true,"href":"https:\/\/adg.it\/fr\/wp-json\/wp\/v2\/comments?post=10628"}],"version-history":[{"count":0,"href":"https:\/\/adg.it\/fr\/wp-json\/wp\/v2\/pages\/10628\/revisions"}],"wp:attachment":[{"href":"https:\/\/adg.it\/fr\/wp-json\/wp\/v2\/media?parent=10628"}],"curies":[{"name":"wp","href":"https:\/\/api.w.org\/{rel}","templated":true}]}}