{"id":9991,"date":"2015-07-13T13:16:04","date_gmt":"2015-07-13T13:16:04","guid":{"rendered":"http:\/\/wp.adg.it\/?page_id=9991"},"modified":"2025-07-17T09:55:34","modified_gmt":"2025-07-17T09:55:34","slug":"arte-al-mar","status":"publish","type":"page","link":"https:\/\/adg.it\/es\/arte-al-mar\/","title":{"rendered":"Dise\u00f1o y pintura de marina en Castiglioncello"},"content":{"rendered":"<p>[spb_column width=\u00bb2\/3&#8243; el_position=\u00bbfirst\u00bb] [spb_text_block title=\u00bbUn d\u00eda de dise\u00f1o y pintura frente al mar\u00bb pb_margin_bottom=\u00bbno\u00bb pb_border_bottom=\u00bbno\u00bb width=\u00bb1\/1&#8243; el_position=\u00bbfirst last\u00bb]\n<p>A lo largo del a\u00f1o, es posible participar en jornadas especiales de <strong>dibujo y pintura a orillas del mar<\/strong>.<\/p>\n<p>Este tipo de clases se imparten <strong>\u00fanicamente de forma privada<\/strong> y pueden asistir tanto principiantes como expertos o profesionales. Se puede elegir entre una gran variedad de t\u00e9cnicas art\u00edsticas: dibujo a <strong>l\u00e1piz, acuarela, acr\u00edlico<\/strong>, etc., en funci\u00f3n de las necesidades de los alumnos.<\/p>\n<p>Estas jornadas son ideales para los alumnos que ya est\u00e1n matriculados en uno de nuestros cursos de arte y desean a\u00f1adir una clase de pintura al aire libre a su curso.<\/p>\n[\/spb_text_block] [spb_toggle title=\u00bbCastiglioncello\u00bb open=\u00bbfalse\u00bb width=\u00bb1\/1&#8243; el_position=\u00bbfirst last\u00bb]\n<p>Conocida localidad vacacional en la provincia de Livorno,\u00a0Castiglioncello se localiza en una posici\u00f3n privilegiada desde el punto de vista panor\u00e1mico: est\u00e1 inmersa en un exuberante bosque de pinos que se asoma sobre un mar cristalino y sus espectaculares acantilados.<\/p>\n<p>Castiglioncello se convirti\u00f3 en una celebre localidad en los a\u00f1os 60 como meta de vacaciones de importantes exponentes del mundo del cine, como Alberto Sordi y Marcello Mastroianni. Justo aqu\u00ed, Dino Risi film\u00f3 una de sus pel\u00edculas m\u00e1s famosas, <em>Il Sorpasso<\/em>, con Vittorio Gassman y Jean-Louis Trintignant.<\/p>\n<p>Entre finales del siglo XIX e inicios del siglo XX ha alojado algunos de los m\u00e1s importantes exponentes de la corriente de los\u00a0<a href=\"http:\/\/www.toscanatoscana.it\/ita\/macchiaioli.htm\" target=\"_blank\" rel=\"noopener noreferrer\">Macchiaioli<\/a> entre ellos <strong>Giovanni Fattori, Silvestro Lega, Telemaco Signorini<\/strong> e muchos m\u00e1s.<\/p>\n[\/spb_toggle] [spb_toggle title=\u00bbEl programa\u00bb open=\u00bbfalse\u00bb width=\u00bb1\/1&#8243; el_position=\u00bbfirst last\u00bb]\n<ul>\n<li>Encuentro con el profesor a las 11:15 h y salida de la estaci\u00f3n de Santa Maria Novella a las 11:25 h.<\/li>\n<li>Llegada a Castiglioncello sobre las 13:00 h.<\/li>\n<li>Almuerzo r\u00e1pido (no incluido).<\/li>\n<li>La lecci\u00f3n dura aproximadamente 4 horas, de 13:30 a 17:30.<\/li>\n<li>Posibilidad de quedarse despu\u00e9s de la lecci\u00f3n para un ba\u00f1o en el mar, un paseo o un aperitivo.<\/li>\n<li>Regreso a Florencia por la tarde.<\/li>\n<\/ul>\n<p>Todas las lecciones se realizar\u00e1n en <strong>ingl\u00e9s<\/strong> e <strong>italiano<\/strong>.<\/p>\n[\/spb_toggle] [sf_gallery gallery_id=\u00bb22537&#8243; slider_transition=\u00bbfade\u00bb show_thumbs=\u00bbyes\u00bb autoplay=\u00bbyes\u00bb show_captions=\u00bbyes\u00bb enable_lightbox=\u00bbyes\u00bb width=\u00bb1\/1&#8243; el_position=\u00bbfirst last\u00bb] [spb_accordion width=\u00bb1\/1&#8243; el_position=\u00bbfirst last\u00bb] [spb_accordion_tab title=\u00bbPrecio\u00bb accordion_id=\u00bb\u00bb icon=\u00bb\u00bb] [spb_text_block pb_margin_bottom=\u00bbno\u00bb pb_border_bottom=\u00bbno\u00bb width=\u00bb1\/1&#8243; el_position=\u00bbfirst last\u00bb]\n<p>1 d\u00eda, 4 horas de clase particular para una persona 750 euros<br \/>\n1 d\u00eda, 4 horas de clase particular para dos personas 950 euros<br \/>\n1 d\u00eda, 4 horas de clase particular para tres personas 1050 euros<br \/>\n1 d\u00eda, 4 horas de clase particular para cuatro personas 1150 euros<\/p>\n[\/spb_text_block] [\/spb_accordion_tab] [spb_accordion_tab title=\u00bbIncluido en el precio\u00bb accordion_id=\u00bbincluido-en-el-precio\u00bb icon=\u00bb\u00bb] [spb_text_block pb_margin_bottom=\u00bbno\u00bb pb_border_bottom=\u00bbno\u00bb width=\u00bb1\/1&#8243; el_position=\u00bbfirst last\u00bb]\n<p>Viaje en tren Florencia-Castiglioncello y regreso (tren directo: duraci\u00f3n 1 hora 30 minutos).<\/p>\n<p>Todo el material necesario para el curso.<\/p>\n[\/spb_text_block] [\/spb_accordion_tab] [spb_accordion_tab title=\u00bbFechas de los cursos\u00bb accordion_id=\u00bb\u00bb icon=\u00bb\u00bb] [spb_text_block pb_margin_bottom=\u00bbno\u00bb pb_border_bottom=\u00bbno\u00bb width=\u00bb1\/1&#8243; el_position=\u00bbfirst last\u00bb]\n<p><a href=\"https:\/\/adg.it\/es\/contactos\/\">Contacta nos<\/a><\/p>\n[\/spb_text_block] [\/spb_accordion_tab] [spb_accordion_tab title=\u00bbHorario\u00bb accordion_id=\u00bb\u00bb icon=\u00bb\u00bb] [spb_text_block pb_margin_bottom=\u00bbno\u00bb pb_border_bottom=\u00bbno\u00bb width=\u00bb1\/1&#8243; el_position=\u00bbfirst last\u00bb]\n<p>V\u00e9ase el programa.<\/p>\n[\/spb_text_block] [\/spb_accordion_tab] [spb_accordion_tab title=\u00bbSugerencias\u00bb accordion_id=\u00bb\u00bb icon=\u00bb\u00bb] [spb_text_block pb_margin_bottom=\u00bbno\u00bb pb_border_bottom=\u00bbno\u00bb width=\u00bb1\/1&#8243; el_position=\u00bbfirst last\u00bb]\n<p>Se aconseja usar zapatos para trekking y llevar una mochila (no bolsas de pl\u00e1stico o bolsitas), sombrero de paja, ba\u00f1ador y crema solar.<\/p>\n[\/spb_text_block] [\/spb_accordion_tab] [\/spb_accordion] [\/spb_column] [spb_column width=\u00bb1\/3&#8243; el_position=\u00bblast\u00bb] [spb_single_image image=\u00bb8580&#8243; image_size=\u00bbfull\u00bb frame=\u00bbshadowframe\u00bb intro_animation=\u00bbnone\u00bb full_width=\u00bbno\u00bb lightbox=\u00bbyes\u00bb link_target=\u00bb_self\u00bb width=\u00bb1\/1&#8243; el_position=\u00bbfirst last\u00bb] [spb_text_block title=\u00bbCont\u00e1ctanos\u00bb pb_margin_bottom=\u00bbno\u00bb pb_border_bottom=\u00bbno\u00bb width=\u00bb1\/1&#8243; el_position=\u00bbfirst last\u00bb]\n<div class=\"wpforms-container wpforms-container-full\" id=\"wpforms-18575\"><form id=\"wpforms-form-18575\" class=\"wpforms-validate wpforms-form wpforms-ajax-form\" data-formid=\"18575\" method=\"post\" enctype=\"multipart\/form-data\" action=\"\/es\/wp-json\/wp\/v2\/pages\/9991\" data-token=\"6303a29587ec3e472192ee6cfa24fa6a\" data-token-time=\"1775857724\"><noscript class=\"wpforms-error-noscript\">Por favor, activa JavaScript en tu navegador para completar este formulario.<\/noscript><div class=\"wpforms-field-container\"><div id=\"wpforms-18575-field_6-container\" class=\"wpforms-field wpforms-field-name\" data-field-id=\"6\"><label class=\"wpforms-field-label\">Nombre <span class=\"wpforms-required-label\">*<\/span><\/label><div class=\"wpforms-field-row wpforms-field-large\"><div class=\"wpforms-field-row-block wpforms-first wpforms-one-half\"><input type=\"text\" id=\"wpforms-18575-field_6\" class=\"wpforms-field-name-first wpforms-field-required\" name=\"wpforms[fields][6][first]\" placeholder=\"Tu nombre\" required><label for=\"wpforms-18575-field_6\" class=\"wpforms-field-sublabel after\">First<\/label><\/div><div class=\"wpforms-field-row-block wpforms-one-half\"><input type=\"text\" id=\"wpforms-18575-field_6-last\" class=\"wpforms-field-name-last wpforms-field-required\" name=\"wpforms[fields][6][last]\" placeholder=\"Tu apellido\" required><label for=\"wpforms-18575-field_6-last\" class=\"wpforms-field-sublabel after\">Last<\/label><\/div><\/div><\/div><div id=\"wpforms-18575-field_1-container\" class=\"wpforms-field wpforms-field-email\" data-field-id=\"1\"><label class=\"wpforms-field-label\" for=\"wpforms-18575-field_1\">Correo electr\u00f3nico <span class=\"wpforms-required-label\">*<\/span><\/label><input type=\"email\" id=\"wpforms-18575-field_1\" class=\"wpforms-field-large wpforms-field-required\" name=\"wpforms[fields][1]\" placeholder=\"Tu correo electr\u00f3nico\" spellcheck=\"false\" required><\/div><div id=\"wpforms-18575-field_2-container\" class=\"wpforms-field wpforms-field-textarea\" data-field-id=\"2\"><label class=\"wpforms-field-label\" for=\"wpforms-18575-field_2\">Mensaje <span class=\"wpforms-required-label\">*<\/span><\/label><textarea id=\"wpforms-18575-field_2\" class=\"wpforms-field-medium wpforms-field-required\" name=\"wpforms[fields][2]\" placeholder=\"Escribe aqu\u00ed tu mensaje\" required><\/textarea><\/div><\/div><!-- .wpforms-field-container --><div class=\"wpforms-field wpforms-field-hp\"><label for=\"wpforms-18575-field-hp\" class=\"wpforms-field-label\">Name<\/label><input type=\"text\" name=\"wpforms[hp]\" id=\"wpforms-18575-field-hp\" class=\"wpforms-field-medium\"><\/div><div class=\"wpforms-submit-container\" ><input type=\"hidden\" name=\"wpforms[id]\" value=\"18575\"><input type=\"hidden\" name=\"page_title\" value=\"\"><input type=\"hidden\" name=\"page_url\" value=\"https:\/\/adg.it\/es\/wp-json\/wp\/v2\/pages\/9991\"><input type=\"hidden\" name=\"url_referer\" value=\"\"><button type=\"submit\" name=\"wpforms[submit]\" id=\"wpforms-submit-18575\" class=\"wpforms-submit\" data-alt-text=\"Enviando...\" data-submit-text=\"Enviar\" aria-live=\"assertive\" value=\"wpforms-submit\">Enviar<\/button><img loading=\"lazy\" decoding=\"async\" src=\"https:\/\/adg.it\/wp-content\/plugins\/wpforms\/assets\/images\/submit-spin.svg\" class=\"wpforms-submit-spinner\" style=\"display: none;\" width=\"26\" height=\"26\" alt=\"Cargando\"><\/div><\/form><\/div>  <!-- .wpforms-container -->\n[\/spb_text_block] [spb_text_block title=\u00bbSe dice de nosotros\u00bb pb_margin_bottom=\u00bbno\u00bb pb_border_bottom=\u00bbno\u00bb width=\u00bb1\/1&#8243; el_position=\u00bbfirst last\u00bb]\n<p><em>I had a great time at the seaside, beautiful place and a great teacher.<\/em> <em>My whole stay was very good. thank you \ud83d\ude00<\/em> <em>Regards<\/em> Daniel Nilsen<\/p>\n[\/spb_text_block] [\/spb_column]<\/p>\n","protected":false},"excerpt":{"rendered":"<p>[spb_column width=\u00bb2\/3&#8243; el_position=\u00bbfirst\u00bb] [spb_text_block title=\u00bbUn d\u00eda de dise\u00f1o y pintura frente al mar\u00bb pb_margin_bottom=\u00bbno\u00bb pb_border_bottom=\u00bbno\u00bb width=\u00bb1\/1&#8243; el_position=\u00bbfirst last\u00bb] A lo largo del a\u00f1o, es posible participar en jornadas especiales de dibujo y pintura a orillas del mar. Este tipo de clases se imparten \u00fanicamente de forma privada y pueden asistir tanto principiantes como expertos o profesionales. Se puede elegir entre [&hellip;]<\/p>\n","protected":false},"author":27,"featured_media":0,"parent":0,"menu_order":0,"comment_status":"closed","ping_status":"closed","template":"","meta":{"_joinchat":[],"footnotes":""},"class_list":["post-9991","page","type-page","status-publish","hentry"],"aioseo_notices":[],"_links":{"self":[{"href":"https:\/\/adg.it\/es\/wp-json\/wp\/v2\/pages\/9991","targetHints":{"allow":["GET"]}}],"collection":[{"href":"https:\/\/adg.it\/es\/wp-json\/wp\/v2\/pages"}],"about":[{"href":"https:\/\/adg.it\/es\/wp-json\/wp\/v2\/types\/page"}],"author":[{"embeddable":true,"href":"https:\/\/adg.it\/es\/wp-json\/wp\/v2\/users\/27"}],"replies":[{"embeddable":true,"href":"https:\/\/adg.it\/es\/wp-json\/wp\/v2\/comments?post=9991"}],"version-history":[{"count":2,"href":"https:\/\/adg.it\/es\/wp-json\/wp\/v2\/pages\/9991\/revisions"}],"predecessor-version":[{"id":26804,"href":"https:\/\/adg.it\/es\/wp-json\/wp\/v2\/pages\/9991\/revisions\/26804"}],"wp:attachment":[{"href":"https:\/\/adg.it\/es\/wp-json\/wp\/v2\/media?parent=9991"}],"curies":[{"name":"wp","href":"https:\/\/api.w.org\/{rel}","templated":true}]}}