{"id":9975,"date":"2015-07-07T13:48:09","date_gmt":"2015-07-07T13:48:09","guid":{"rendered":"http:\/\/wp.adg.it\/?page_id=9975"},"modified":"2024-01-08T12:09:13","modified_gmt":"2024-01-08T12:09:13","slug":"faq","status":"publish","type":"page","link":"https:\/\/adg.it\/es\/faq\/","title":{"rendered":"FAQ &#8211; Preguntas y respuestas"},"content":{"rendered":"[spb_accordion widget_title=\u00bbFlorencia\u00bb width=\u00bb1\/1&#8243; el_position=\u00bbfirst last\u00bb] [spb_accordion_tab title=\u00bb\u00bfC\u00f3mo llegar a Florencia?\u00bb accordion_id=\u00bb\u00bb icon=\u00bb\u00bb] [spb_text_block pb_margin_bottom=\u00bbno\u00bb pb_border_bottom=\u00bbno\u00bb width=\u00bb1\/1&#8243; el_position=\u00bbfirst last\u00bb]\n<p>Puedes volar de Milan o Roma hacia Florencia al Aeropuerto \u00abAmerigo Vespucci\u00bb.<\/p>\n[\/spb_text_block] [\/spb_accordion_tab] [\/spb_accordion] [spb_accordion widget_title=\u00bbEscuela\u00bb width=\u00bb1\/1&#8243; el_position=\u00bbfirst last\u00bb] [spb_accordion_tab title=\u00bb\u00bfA qu\u00e9 hora debo llegar a la escuela el primer d\u00eda de clases?\u00bb accordion_id=\u00bb\u00bb icon=\u00bb\u00bb] [spb_text_block pb_margin_bottom=\u00bbno\u00bb pb_border_bottom=\u00bbno\u00bb width=\u00bb1\/1&#8243; el_position=\u00bbfirst last\u00bb]\n<p>A las 10:00, 11:30 o 13:30 horas para las clases de arte (verifica el email de confirmaci\u00f3n por la hora exacta). Si piensas que llegar\u00e1s con retardo, ll\u00e1manos lo m\u00e1s pronto posible a la Accademia del Giglio, que se encuentra cerca del Palazzo Vecchio, el hist\u00f3rico municipio de la ciudad y a dos pasos del Duomo (Ver <a href=\"https:\/\/adg.it\/es\/contactos\">mapa<\/a>).<\/p>\n[\/spb_text_block] [\/spb_accordion_tab] [spb_accordion_tab title=\u00bb\u00bfCu\u00e1ndo puedo iniciar mi curso?\u00bb accordion_id=\u00bb\u00bb icon=\u00bb\u00bb] [spb_text_block pb_margin_bottom=\u00bbno\u00bb pb_border_bottom=\u00bbno\u00bb width=\u00bb1\/1&#8243; el_position=\u00bbfirst last\u00bb]\n<p>Puedes comenzar cada lunes.<\/p>\n<p>Si quieres tomar lecciones privadas puedes iniciar cuando lo desees.<\/p>\n[\/spb_text_block] [\/spb_accordion_tab] [spb_accordion_tab title=\u00bb\u00bfCu\u00e1ndo debo liquidar el curso?\u00bb accordion_id=\u00bb\u00bb icon=\u00bb\u00bb] [spb_text_block pb_margin_bottom=\u00bbno\u00bb pb_border_bottom=\u00bbno\u00bb width=\u00bb1\/1&#8243; el_position=\u00bbfirst last\u00bb]\n<p>El primer d\u00eda de clases.<\/p>\n[\/spb_text_block] [\/spb_accordion_tab] [spb_accordion_tab title=\u00bb\u00bfCu\u00e1l es la edad media de los estudiantes?\u00bb accordion_id=\u00bb\u00bb icon=\u00bb\u00bb] [spb_text_block pb_margin_bottom=\u00bbno\u00bb pb_border_bottom=\u00bbno\u00bb width=\u00bb1\/1&#8243; el_position=\u00bbfirst last\u00bb]\n<p>La media va entre los 22 y 25 a\u00f1os, pero hay estudiantes menores y mayores.<\/p>\n[\/spb_text_block] [\/spb_accordion_tab] [spb_accordion_tab title=\u00bb\u00bfDe d\u00f3nde vienen nuestros estudiantes?\u00bb accordion_id=\u00bb\u00bb icon=\u00bb\u00bb] [spb_text_block pb_margin_bottom=\u00bbno\u00bb pb_border_bottom=\u00bbno\u00bb width=\u00bb1\/1&#8243; el_position=\u00bbfirst last\u00bb]\n<p>Nuestros estudiantes vienen de:<br \/>\nEuropa 30%<br \/>\nNorteam\u00e9rica 30%<br \/>\nAsia 10%<br \/>\nAm\u00e9rica Latina 20%<br \/>\nOtras 10%<\/p>\n[\/spb_text_block] [\/spb_accordion_tab] [spb_accordion_tab title=\u00bb\u00bfEs posible contactar algunos de sus antiguos estudiantes?\u00bb accordion_id=\u00bb\u00bb icon=\u00bb\u00bb] [spb_text_block pb_margin_bottom=\u00bbno\u00bb pb_border_bottom=\u00bbno\u00bb width=\u00bb1\/1&#8243; el_position=\u00bbfirst last\u00bb]\n<p>Si, puedes visitar nuestra p\u00e1gina de estudiantes y leer sus comentarios o en <a href=\"https:\/\/www.facebook.com\/accademiadelgiglio\" target=\"_blank\" rel=\"noopener noreferrer\">Facebook<\/a>.<\/p>\n[\/spb_text_block] [\/spb_accordion_tab] [spb_accordion_tab title=\u00bb\u00bfPuedo usar el Internet en la escuela?\u00bb accordion_id=\u00bb\u00bb icon=\u00bb\u00bb] [spb_text_block pb_margin_bottom=\u00bbno\u00bb pb_border_bottom=\u00bbno\u00bb width=\u00bb1\/1&#8243; el_position=\u00bbfirst last\u00bb]\n<p>S\u00ed, AdG, es una area de WIFI!<\/p>\n[\/spb_text_block] [\/spb_accordion_tab] [\/spb_accordion] [spb_accordion widget_title=\u00bbVivir en Italia\u00bb width=\u00bb1\/1&#8243; el_position=\u00bbfirst last\u00bb] [spb_accordion_tab title=\u00bb\u00bfCu\u00e1les son las fiestas m\u00e1s importantes en Italia?\u00bb accordion_id=\u00bb\u00bb icon=\u00bb\u00bb] [spb_text_block pb_margin_bottom=\u00bbno\u00bb pb_border_bottom=\u00bbno\u00bb width=\u00bb1\/1&#8243; el_position=\u00bbfirst last\u00bb]\n<p>A\u00f1o Nuevo: 1 enero<br \/>\nEpifania: 6 enero<br \/>\nPascua<br \/>\nPascuetta: lunes despu\u00e9s de Pascua<br \/>\nLiberaci\u00f3n: 25 abril<br \/>\nFiesta del trabaja: 1 mayo<br \/>\nFiesta de la Republica: 2 junio<br \/>\nSan Juan, santo patrono de Giovanni, santo patr\u00f3n de Florencia: 24 junio -solo en Florencia-<br \/>\nFerragosto o fiesta dela Asunci\u00f3n: 15 agosto<br \/>\nTodos los Santos: 1 noviembre<br \/>\nFesta de la Virgen Inmaculada: 8 diciembre<br \/>\nNavidad: 25 diciembre<br \/>\nSanto Estefano: 26 dicembre<\/p>\n<p>En estos dias la escuela no abrir\u00e1.<\/p>\n[\/spb_text_block] [\/spb_accordion_tab] [\/spb_accordion] [spb_accordion widget_title=\u00bbVisa\u00bb width=\u00bb1\/1&#8243; el_position=\u00bbfirst last\u00bb] [spb_accordion_tab title=\u00bb\u00bfC\u00f3mo puedo obtener una visa para entrar a Italia?\u00bb accordion_id=\u00bb\u00bb icon=\u00bb\u00bb] [spb_text_block pb_margin_bottom=\u00bbno\u00bb pb_border_bottom=\u00bbno\u00bb width=\u00bb1\/1&#8243; el_position=\u00bbfirst last\u00bb]\n<p>Si eres ciudadano de la Uni\u00f3n Europea o de un pa\u00eds asociado a la UE no tienes necesidad de visa.<\/p>\n<p>Si eres un ciudadano extranjero y tu pa\u00eds no pertenece a la Uni\u00f3n Europea debes contactar a la <a href=\"http:\/\/www.esteri.it\/MAE\/EN\">Embajada o Consulado Italiano<\/a> en tu pa\u00eds y hacer la solicitud de visa de ingreso como estudiante. Normalmente para obtener la visa te pedir\u00e1n presentar un <span class=\"color-10\">certificado de inscripci\u00f3n<\/span> para poder testificar tu asistencia. Te recordamos que no podemos enviarte tal certificado sin recibir el formulario de inscripci\u00f3n. Te pedimos que la visa te sea otorgada antes de dejar tu pa\u00eds para evitar contratiempos. Si tienes problemas para obtener la visa te recomendamos que nos lo comuniques POR LO MENOS 8 d\u00edas antes de iniciar el curso. Si no nos haces saber que deber\u00e1s postergar tu curso por motivos de visado, se anular\u00e1 tu curso sin posibilidad de reembolso.<\/p>\n[\/spb_text_block] [\/spb_accordion_tab] [spb_accordion_tab title=\u00bb\u00bfComo obtener el permiso de estancia en Florencia?\u00bb accordion_id=\u00bb\u00bb icon=\u00bb\u00bb] [spb_text_block pb_margin_bottom=\u00bbno\u00bb pb_border_bottom=\u00bbno\u00bb width=\u00bb1\/1&#8243; el_position=\u00bbfirst last\u00bb]\n<p>Si no eres ciudadano de la UE y debes hacer un curso de m\u00e1s de tres meses de duraci\u00f3n, en los primeros ocho d\u00edas de tu llegada a Italia no debes ir a la Questura (jefatura de policia), sino a la oficina postal autorizada (puedes encontrar la lista en cercaufficio del correo) donde es posible retirar el kit para la presentaci\u00f3n de los formularios de asignaci\u00f3n de los documentos de permanencia (soggiorno): sobre con banda amarilla para los ciudadanos extracomunitarios. Despu\u00e9s tendr\u00e1s que compilar el formulario de permiso de permanencia que encontrar\u00e1s en el kit y presentarlo en la oficina postal con los siguientes documentos:<br \/>\n&#8211; fotocopia de todo el pasaporte;<br \/>\n&#8211; certificado de inscripci\u00f3n a la escuela o universidad;<br \/>\n&#8211; seguro m\u00e9dico sanitario;<br \/>\n&#8211; un timbre (marca da bollo) de 14,62 Euros;<br \/>\n&#8211; copia del pago de 27,50 Euros del \u201cbolletino\u201d para la asignaci\u00f3n del permiso de permanencia electr\u00f3nico.<br \/>\n&#8211; fotocopia de la visa otorgada por la Embajada italiana en el pa\u00eds de origen;<br \/>\nEn el correo te d\u00e1r\u00e1n el recibo de la recepci\u00f3n de documentos (Mod.22A) con el nombre de usuario y contrase\u00f1a que podr\u00e1s utilizar para verificar el estado en el que se encuentra tu tr\u00e1mite. El costo del servicio postal es de 30 Euros a pagar en el correo. Despu\u00e9s ser\u00e1s convocado por carta \u201craccomandata\u201d a la oficina de inmigraci\u00f3n, donde tendr\u00e1s que presentarte con cuatro fotos formato credencial y ah\u00ed mismo recibir\u00e1s el permiso de permanencia.<\/p>\n<p>Para el seguro m\u00e9dico sanitario te aconsejamos el INA ASSITALIA: una poliza conveniente reconocida en las Embajadas italianas. El precio es recomendable: seis meses 49 Euros, doce meses 98 Euros. Basta efectuar un simple deposito postal al C\/C postale n\u00famero 7127003 a nombre de INA Assitalia Agenzia Generale di Roma \u201cconto 20? via del Tritone 18, 00187 Roma indicando el nombre de la ciudad de permanencia y como asunto \u201cpolizza sanitaria stranieri\u201d.<\/p>\n[\/spb_text_block] [\/spb_accordion_tab] [\/spb_accordion]\n","protected":false},"excerpt":{"rendered":"<p>[spb_accordion widget_title=\u00bbFlorencia\u00bb width=\u00bb1\/1&#8243; el_position=\u00bbfirst last\u00bb] [spb_accordion_tab title=\u00bb\u00bfC\u00f3mo llegar a Florencia?\u00bb accordion_id=\u00bb\u00bb icon=\u00bb\u00bb] [spb_text_block pb_margin_bottom=\u00bbno\u00bb pb_border_bottom=\u00bbno\u00bb width=\u00bb1\/1&#8243; el_position=\u00bbfirst last\u00bb] Puedes volar de Milan o Roma hacia Florencia al Aeropuerto \u00abAmerigo Vespucci\u00bb. [\/spb_text_block] [\/spb_accordion_tab] [\/spb_accordion] [spb_accordion widget_title=\u00bbEscuela\u00bb width=\u00bb1\/1&#8243; el_position=\u00bbfirst last\u00bb] [spb_accordion_tab title=\u00bb\u00bfA qu\u00e9 hora debo llegar a la escuela el primer d\u00eda de clases?\u00bb accordion_id=\u00bb\u00bb icon=\u00bb\u00bb] [spb_text_block pb_margin_bottom=\u00bbno\u00bb pb_border_bottom=\u00bbno\u00bb width=\u00bb1\/1&#8243; el_position=\u00bbfirst last\u00bb] [&hellip;]<\/p>\n","protected":false},"author":27,"featured_media":0,"parent":0,"menu_order":0,"comment_status":"closed","ping_status":"closed","template":"","meta":{"_joinchat":[],"footnotes":""},"class_list":["post-9975","page","type-page","status-publish","hentry"],"aioseo_notices":[],"_links":{"self":[{"href":"https:\/\/adg.it\/es\/wp-json\/wp\/v2\/pages\/9975","targetHints":{"allow":["GET"]}}],"collection":[{"href":"https:\/\/adg.it\/es\/wp-json\/wp\/v2\/pages"}],"about":[{"href":"https:\/\/adg.it\/es\/wp-json\/wp\/v2\/types\/page"}],"author":[{"embeddable":true,"href":"https:\/\/adg.it\/es\/wp-json\/wp\/v2\/users\/27"}],"replies":[{"embeddable":true,"href":"https:\/\/adg.it\/es\/wp-json\/wp\/v2\/comments?post=9975"}],"version-history":[{"count":0,"href":"https:\/\/adg.it\/es\/wp-json\/wp\/v2\/pages\/9975\/revisions"}],"wp:attachment":[{"href":"https:\/\/adg.it\/es\/wp-json\/wp\/v2\/media?parent=9975"}],"curies":[{"name":"wp","href":"https:\/\/api.w.org\/{rel}","templated":true}]}}