{"id":9970,"date":"2015-07-07T13:51:11","date_gmt":"2015-07-07T13:51:11","guid":{"rendered":"http:\/\/wp.adg.it\/?page_id=9970"},"modified":"2025-05-02T09:46:29","modified_gmt":"2025-05-02T09:46:29","slug":"alojamiento","status":"publish","type":"page","link":"https:\/\/adg.it\/es\/alojamiento\/","title":{"rendered":"Alojamiento para estudiantes"},"content":{"rendered":"<p>[spb_column width=\u00bb1\/3&#8243; el_position=\u00bbfirst\u00bb] [sf_gallery gallery_id=\u00bb8367&#8243; slider_transition=\u00bbslide\u00bb show_thumbs=\u00bbyes\u00bb autoplay=\u00bbyes\u00bb show_captions=\u00bbyes\u00bb enable_lightbox=\u00bbyes\u00bb width=\u00bb1\/1&#8243; el_position=\u00bbfirst last\u00bb] [\/spb_column] [spb_column width=\u00bb2\/3&#8243; el_position=\u00bblast\u00bb] [spb_text_block pb_margin_bottom=\u00bbno\u00bb pb_border_bottom=\u00bbno\u00bb width=\u00bb1\/1&#8243; el_position=\u00bbfirst last\u00bb]\n<p>Encontrar alojamiento en Florencia es generalmente f\u00e1cil, con numerosas opciones en l\u00ednea para adaptarse a diversos presupuestos y necesidades. Para ayudarle a comenzar, aqu\u00ed hay algunas sugerencias. \u00a1Buena suerte con su b\u00fasqueda!<\/p>\n[\/spb_text_block] [boxed_content title=\u00bbApartamentos indivuales\u00bb type=\u00bbwhitestroke\u00bb custom_bg_colour=\u00bb#4e6894&#8243; custom_text_colour=\u00bb#FFFFFF\u00bb pb_margin_bottom=\u00bbno\u00bb width=\u00bb1\/1&#8243; el_position=\u00bbfirst last\u00bb]\n<p class=\"p1\">Si usted est\u00e1 buscando un apartamento indipendente debe visitar los siguientes sitios: encontrar\u00e1\u00a0el tipo de apartamento que se adapte a sus necesidades (precio, ubicaci\u00f3n, n\u00famero de habitaciones, wifi, aire acondicionado, lavadora, etc).<\/p>\n[\/boxed_content] [spb_text_block pb_margin_bottom=\u00bbno\u00bb pb_border_bottom=\u00bbno\u00bb width=\u00bb1\/1&#8243; el_position=\u00bbfirst last\u00bb]\n<div>Para ayudarte en la b\u00fasqueda de tu alojamiento en Florencia\u00a0antes que te mudes, la Accademia del Giglio te recomienda\u00a0<a href=\"http:\/\/t.sidekickopen04.com\/e1t\/c\/5\/f18dQhb0S7lM8dDMPbW2n0x6l2B9nMJN7t5X-Ff4Yc8VRYt1R8q2nkbW6TMd4C11fj5b0?t=https%3A%2F%2Fhousinganywhere.com%2F&amp;si=7000000000083897&amp;pi=e6b53dda-0abb-4222-ef7f-04230f195859\" target=\"_blank\" rel=\"noopener noreferrer\" data-saferedirecturl=\"https:\/\/www.google.com\/url?hl=it&amp;q=http:\/\/t.sidekickopen04.com\/e1t\/c\/5\/f18dQhb0S7lM8dDMPbW2n0x6l2B9nMJN7t5X-Ff4Yc8VRYt1R8q2nkbW6TMd4C11fj5b0?t%3Dhttps%253A%252F%252Fhousinganywhere.com%252F%26si%3D7000000000083897%26pi%3De6b53dda-0abb-4222-ef7f-04230f195859&amp;source=gmail&amp;ust=1521203778780000&amp;usg=AFQjCNEOqtRfXI0sfrkTHGo-ppVKRTBemA\">HousingAnywhere<\/a>, la plataforma internacional de alojamiento. Aqu\u00ed\u00a0puedes reservar en seguridad cuartos y apartamentos ofrecidos por propietarios verificados.<\/div>\n<div><span style=\"color: #000000;\">\u00a0<\/span><\/div>\n<div>Haz clic sobre\u00a0<a href=\"http:\/\/t.sidekickopen04.com\/e1t\/c\/5\/f18dQhb0S7lM8dDMPbW2n0x6l2B9nMJN7t5X-Ff4Yc8VRYt1R8q2nkbW6TMd4C11fj5b0?t=https%3A%2F%2Fhousinganywhere.com%2FFlorence--Italy&amp;si=7000000000083897&amp;pi=e6b53dda-0abb-4222-ef7f-04230f195859\" target=\"_blank\" rel=\"noopener noreferrer\" data-saferedirecturl=\"https:\/\/www.google.com\/url?hl=it&amp;q=http:\/\/t.sidekickopen04.com\/e1t\/c\/5\/f18dQhb0S7lM8dDMPbW2n0x6l2B9nMJN7t5X-Ff4Yc8VRYt1R8q2nkbW6TMd4C11fj5b0?t%3Dhttps%253A%252F%252Fhousinganywhere.com%252FFlorence--Italy%26si%3D7000000000083897%26pi%3De6b53dda-0abb-4222-ef7f-04230f195859&amp;source=gmail&amp;ust=1521203778780000&amp;usg=AFQjCNFeXBJ4mVSGDfFbeSwYVyDgJEHcOA\">esta p<\/a><a href=\"http:\/\/t.sidekickopen04.com\/e1t\/c\/5\/f18dQhb0S7lM8dDMPbW2n0x6l2B9nMJN7t5X-Ff4Yc8VRYt1R8q2nkbW6TMd4C11fj5b0?t=https%3A%2F%2Fhousinganywhere.com%2FFlorence--Italy&amp;si=7000000000083897&amp;pi=e6b53dda-0abb-4222-ef7f-04230f195859\" target=\"_blank\" rel=\"noopener noreferrer\" data-saferedirecturl=\"https:\/\/www.google.com\/url?hl=it&amp;q=http:\/\/t.sidekickopen04.com\/e1t\/c\/5\/f18dQhb0S7lM8dDMPbW2n0x6l2B9nMJN7t5X-Ff4Yc8VRYt1R8q2nkbW6TMd4C11fj5b0?t%3Dhttps%253A%252F%252Fhousinganywhere.com%252FFlorence--Italy%26si%3D7000000000083897%26pi%3De6b53dda-0abb-4222-ef7f-04230f195859&amp;source=gmail&amp;ust=1521203778780000&amp;usg=AFQjCNFeXBJ4mVSGDfFbeSwYVyDgJEHcOA\">\u00e1gina<\/a>\u00a0para ver los cuartos y m\u00e1s informaciones sobre la vida en Florencia.<\/div>\n<div><\/div>\n<div>Si tienes preguntas, contacta con\u00a0<a href=\"mailto:support@housinganywhere.com\" target=\"_blank\" rel=\"noopener noreferrer\">support@housinganywhere.com<\/a>.<\/div>\n[\/spb_text_block] [spb_text_block pb_margin_bottom=\u00bbno\u00bb pb_border_bottom=\u00bbno\u00bb width=\u00bb1\/1&#8243; el_position=\u00bbfirst last\u00bb]\n<p class=\"p1\"><a href=\"https:\/\/www.only-apartments.es\/apartamentos-en-florencia.html?utm_source=aff628274&amp;utm_medium=share\" target=\"_blank\" rel=\"noopener noreferrer\">Only-apartments<\/a><\/p>\n<p class=\"p1\"><a href=\"https:\/\/campusx.it\/camere-firenze\/\" target=\"_blank\" rel=\"nofollow noopener noreferrer\">CampusX<\/a><\/p>\n<p><a href=\"https:\/\/www.beyoo.it\/en\/residenza-universitaria\/florence\/florentia-living-firenze\/\">Beyoo<\/a>, student accommodation in Italy<\/p>\n[\/spb_text_block] [boxed_content title=\u00bbEn hotel\u00bb type=\u00bbwhitestroke\u00bb custom_bg_colour=\u00bb#4e6894&#8243; custom_text_colour=\u00bb#FFFFFF\u00bb pb_margin_bottom=\u00bbno\u00bb width=\u00bb1\/1&#8243; el_position=\u00bbfirst last\u00bb]\n<p>Si usted est\u00e1 buscando un hotel debe visitar los siguientes sitios:<\/p>\n<p><a href=\"https:\/\/www.booking.com\">Booking.com<\/a><\/p>\n<p><a href=\"http:\/\/www.thestudenthotel.com\/\" target=\"_blank\" rel=\"noopener noreferrer\">The Student Hotel<\/a><\/p>\n<p>Si busca un albergue de calidad:<br \/>\n<a href=\"https:\/\/plushostels.com\/it\/firenze\">Plus Florence Hostel<\/a><br \/>\n<a href=\"https:\/\/yellowsquare.it\/florence\/?lang=en\">Yellowsquare Hostel<\/a><\/p>\n[\/boxed_content] [\/spb_column]<\/p>\n","protected":false},"excerpt":{"rendered":"<p>[spb_column width=\u00bb1\/3&#8243; el_position=\u00bbfirst\u00bb] [sf_gallery gallery_id=\u00bb8367&#8243; slider_transition=\u00bbslide\u00bb show_thumbs=\u00bbyes\u00bb autoplay=\u00bbyes\u00bb show_captions=\u00bbyes\u00bb enable_lightbox=\u00bbyes\u00bb width=\u00bb1\/1&#8243; el_position=\u00bbfirst last\u00bb] [\/spb_column] [spb_column width=\u00bb2\/3&#8243; el_position=\u00bblast\u00bb] [spb_text_block pb_margin_bottom=\u00bbno\u00bb pb_border_bottom=\u00bbno\u00bb width=\u00bb1\/1&#8243; el_position=\u00bbfirst last\u00bb] Encontrar alojamiento en Florencia es generalmente f\u00e1cil, con numerosas opciones en l\u00ednea para adaptarse a diversos presupuestos y necesidades. Para ayudarle a comenzar, aqu\u00ed hay algunas sugerencias. \u00a1Buena suerte con su b\u00fasqueda! [\/spb_text_block] [boxed_content title=\u00bbApartamentos indivuales\u00bb type=\u00bbwhitestroke\u00bb [&hellip;]<\/p>\n","protected":false},"author":27,"featured_media":0,"parent":0,"menu_order":0,"comment_status":"closed","ping_status":"closed","template":"","meta":{"_joinchat":[],"footnotes":""},"class_list":["post-9970","page","type-page","status-publish","hentry"],"aioseo_notices":[],"_links":{"self":[{"href":"https:\/\/adg.it\/es\/wp-json\/wp\/v2\/pages\/9970","targetHints":{"allow":["GET"]}}],"collection":[{"href":"https:\/\/adg.it\/es\/wp-json\/wp\/v2\/pages"}],"about":[{"href":"https:\/\/adg.it\/es\/wp-json\/wp\/v2\/types\/page"}],"author":[{"embeddable":true,"href":"https:\/\/adg.it\/es\/wp-json\/wp\/v2\/users\/27"}],"replies":[{"embeddable":true,"href":"https:\/\/adg.it\/es\/wp-json\/wp\/v2\/comments?post=9970"}],"version-history":[{"count":3,"href":"https:\/\/adg.it\/es\/wp-json\/wp\/v2\/pages\/9970\/revisions"}],"predecessor-version":[{"id":26583,"href":"https:\/\/adg.it\/es\/wp-json\/wp\/v2\/pages\/9970\/revisions\/26583"}],"wp:attachment":[{"href":"https:\/\/adg.it\/es\/wp-json\/wp\/v2\/media?parent=9970"}],"curies":[{"name":"wp","href":"https:\/\/api.w.org\/{rel}","templated":true}]}}