{"id":9961,"date":"2015-07-07T12:49:06","date_gmt":"2015-07-07T12:49:06","guid":{"rendered":"http:\/\/wp.adg.it\/?page_id=9961"},"modified":"2020-05-08T17:10:15","modified_gmt":"2020-05-08T17:10:15","slug":"cursos-para-grupos","status":"publish","type":"page","link":"https:\/\/adg.it\/es\/cursos-para-grupos\/","title":{"rendered":"Cursos para grupos"},"content":{"rendered":"[boxed_content type=\u00bbcoloured\u00bb pb_margin_bottom=\u00bbno\u00bb width=\u00bb3\/4&#8243; el_position=\u00bbfirst last\u00bb]\n<p>Accademia del Giglio se ha encargado de realizar cursos de Lengua y Arte para grupos escolares desde 1995.<\/p>\n[\/boxed_content] [blank_spacer height=\u00bb30px\u00bb width=\u00bb3\/4&#8243; el_position=\u00bbfirst last\u00bb] [spb_text_block pb_margin_bottom=\u00bbyes\u00bb pb_border_bottom=\u00bbyes\u00bb width=\u00bb3\/4&#8243; el_position=\u00bbfirst last\u00bb]\n<p>Llevamos a cabo lecciones de acuerdo a las necesidades que requiere cada uno de los grupos. El programa de aprendizaje asi como el horario pueden ser modificados.<\/p>\n<blockquote class=\"blockquote2\">Les pedimos solamente darnos a conocer sus necesidades asi como las fechas programadas y la duracion del curso que tu grupo desea realizar y nosotros te responderemos y notificaremos todos los detalles correspondientes a tu petici\u00f2n (precio, horario y extra-clases -visitas a museos, cenas, visitas a ciudades de la Toscana&#8230;-).<\/blockquote>\n<p class=\"p2\">Podemos ofrecerte tambi\u00e9n el tipo de hospedaje que necesites.<\/p>\n<p class=\"p2\">Las clases pueden realizarse en <strong>Ingl\u00e9s<\/strong> e <strong>Italiano<\/strong>.<\/p>\n<p class=\"p2\">A un costado sugerimos revisar los\u00a0ejemplos de clases que ofrecemos.<\/p>\n[\/spb_text_block] [blank_spacer height=\u00bb30px\u00bb width=\u00bb3\/4&#8243; el_position=\u00bbfirst last\u00bb] [spb_column width=\u00bb3\/4&#8243; el_position=\u00bbfirst last\u00bb] [spb_single_image image=\u00bb6815&#8243; image_size=\u00bbfull\u00bb frame=\u00bbglowframe\u00bb intro_animation=\u00bbnone\u00bb full_width=\u00bbno\u00bb lightbox=\u00bbno\u00bb link_target=\u00bb_self\u00bb width=\u00bb1\/3&#8243; el_position=\u00bbfirst\u00bb] [spb_text_block title=\u00bbLengua italiana y cultura\u00bb pb_margin_bottom=\u00bbno\u00bb pb_border_bottom=\u00bbno\u00bb width=\u00bb2\/3&#8243; el_position=\u00bblast\u00bb]\n<p>Uno, dos, o mas d\u00edas, 2, 3 \u00f3 4 horas diarias, de lunes a viernes, y previa petici\u00f3n\u00a0el fin de semana.<\/p>\n[\/spb_text_block] [\/spb_column] [spb_column width=\u00bb3\/4&#8243; el_position=\u00bbfirst last\u00bb] [spb_single_image image=\u00bb6802&#8243; image_size=\u00bbfull\u00bb frame=\u00bbborderframe\u00bb intro_animation=\u00bbnone\u00bb full_width=\u00bbno\u00bb lightbox=\u00bbno\u00bb link_target=\u00bb_self\u00bb width=\u00bb1\/3&#8243; el_position=\u00bbfirst\u00bb] [spb_text_block title=\u00bbCursos de arte: dise\u00f1o y pintura\u00bb pb_margin_bottom=\u00bbno\u00bb pb_border_bottom=\u00bbno\u00bb width=\u00bb2\/3&#8243; el_position=\u00bblast\u00bb]\n<p>Uno, dos, o mas d\u00edas, 2, 3 \u00f3 4 horas diarias, de lunes a viernes, y previa petici\u00f3n\u00a0el fin de semana.<\/p>\n[\/spb_text_block] [\/spb_column] [spb_column width=\u00bb3\/4&#8243; el_position=\u00bbfirst last\u00bb] [spb_single_image image=\u00bb6897&#8243; image_size=\u00bbfull\u00bb frame=\u00bbglowframe\u00bb intro_animation=\u00bbnone\u00bb full_width=\u00bbno\u00bb lightbox=\u00bbno\u00bb link_target=\u00bb_self\u00bb width=\u00bb1\/3&#8243; el_position=\u00bbfirst\u00bb] [spb_text_block title=\u00bbHistoria del arte\u00bb pb_margin_bottom=\u00bbno\u00bb pb_border_bottom=\u00bbno\u00bb width=\u00bb2\/3&#8243; el_position=\u00bblast\u00bb]\n<p>Uno, dos, o mas d\u00edas, 2, 3 \u00f3 4 horas diarias, de lunes a viernes, y previa petici\u00f3n\u00a0el fin de semana.<\/p>\n[\/spb_text_block] [\/spb_column] [spb_column width=\u00bb3\/4&#8243; el_position=\u00bbfirst last\u00bb] [spb_single_image image=\u00bb6781&#8243; image_size=\u00bbfull\u00bb frame=\u00bbglowframe\u00bb intro_animation=\u00bbnone\u00bb full_width=\u00bbno\u00bb lightbox=\u00bbno\u00bb link_target=\u00bb_self\u00bb width=\u00bb1\/3&#8243; el_position=\u00bbfirst\u00bb] [spb_text_block title=\u00bbLecci\u00f2n de fresco\u00bb pb_margin_bottom=\u00bbno\u00bb pb_border_bottom=\u00bbno\u00bb width=\u00bb2\/3&#8243; el_position=\u00bblast\u00bb]\n<p>Una clase especializada de 2 horas en la t\u00e9cnica del fresco: historia, teor\u00eda y pr\u00e1ctica.<\/p>\n[\/spb_text_block] [\/spb_column] [spb_column width=\u00bb3\/4&#8243; el_position=\u00bbfirst last\u00bb] [spb_single_image image=\u00bb6891&#8243; image_size=\u00bbfull\u00bb frame=\u00bbglowframe\u00bb intro_animation=\u00bbnone\u00bb full_width=\u00bbno\u00bb lightbox=\u00bbno\u00bb link_target=\u00bb_self\u00bb width=\u00bb1\/3&#8243; el_position=\u00bbfirst\u00bb] [spb_text_block title=\u00bbCurso de cocina\u00bb pb_margin_bottom=\u00bbno\u00bb pb_border_bottom=\u00bbno\u00bb width=\u00bb2\/3&#8243; el_position=\u00bblast\u00bb]\n<p>3 \u00f3 6 horas\u00a0de curso por semana\u00a0para aprender los secretos de la cocina italiana en una cocina profesional real.<\/p>\n[\/spb_text_block] [\/spb_column] [spb_column width=\u00bb3\/4&#8243; el_position=\u00bbfirst last\u00bb] [spb_single_image image=\u00bb13932&#8243; image_size=\u00bbfull\u00bb frame=\u00bbglowframe\u00bb intro_animation=\u00bbnone\u00bb full_width=\u00bbno\u00bb lightbox=\u00bbno\u00bb link_target=\u00bb_self\u00bb width=\u00bb1\/3&#8243; el_position=\u00bbfirst\u00bb] [spb_text_block title=\u00bbCursos Combinados\u00bb pb_margin_bottom=\u00bbno\u00bb pb_border_bottom=\u00bbno\u00bb width=\u00bb2\/3&#8243; el_position=\u00bblast\u00bb]\n<p>Podemos organizar programas a corto y largo plazo que combinen los siguientes temas:<\/p>\n<p>Lengua y Cultura Italiana<\/p>\n<p>Historia del arte<\/p>\n<p>Pompeya y la antigua Roma<\/p>\n<p>Literatura italiana<\/p>\n<p>Historia del cine italiano<\/p>\n<p>Historia de la M\u00fasica<\/p>\n[\/spb_text_block] [blank_spacer height=\u00bb30px\u00bb width=\u00bb1\/1&#8243; el_position=\u00bbfirst last\u00bb] [spb_message color=\u00bbalert-info\u00bb width=\u00bb1\/1&#8243; el_position=\u00bbfirst last\u00bb]\n<p><strong>Certificados, diplomas y cr\u00e9ditos<\/strong>. La Accademia del Giglio otorga los siguientes reconocimientos:<\/p>\n<p>Certificado de frecuencia, mismo que otorga el profesor al final de cada curso.<\/p>\n<p>Certificado de la Accademia del Giglio, despu\u00e9s de haber frecuentado, por lo menos tres meses, un curso de lengua intensivo y haber aprobado los ex\u00e1menes escritos y orales.<\/p>\n<p>Para los estudiantes de escuelas o universidades extranjeras\u00a0que pueden recibir cr\u00e9dito por los cursos, pedimos preguntar en la oficina de su universidad. Para obtener m\u00e1s informaci\u00f3n, incluidos los grupos de la escuela, por favor visite <a href=\"https:\/\/adg.it\/en\/term-and-semester-programs\/\">esta p\u00e1gina<\/a> (en Ingl\u00e9s).<\/p>\n[\/spb_message] [fullwidth_text title=\u00bbCont\u00e1ctanos\u00bb alt_background=\u00bbnone\u00bb width=\u00bb1\/1&#8243; el_position=\u00bbfirst last\u00bb]\n<div class=\"wpforms-container wpforms-container-full\" id=\"wpforms-18575\"><form id=\"wpforms-form-18575\" class=\"wpforms-validate wpforms-form wpforms-ajax-form\" data-formid=\"18575\" method=\"post\" enctype=\"multipart\/form-data\" action=\"\/es\/wp-json\/wp\/v2\/pages\/9961\" data-token=\"ecf25e222d6cf048cedfbf2b0ece48bc\" data-token-time=\"1776896582\"><noscript class=\"wpforms-error-noscript\">Por favor, activa JavaScript en tu navegador para completar este formulario.<\/noscript><div class=\"wpforms-field-container\"><div id=\"wpforms-18575-field_6-container\" class=\"wpforms-field wpforms-field-name\" data-field-id=\"6\"><label class=\"wpforms-field-label\">Nombre <span class=\"wpforms-required-label\">*<\/span><\/label><div class=\"wpforms-field-row wpforms-field-large\"><div class=\"wpforms-field-row-block wpforms-first wpforms-one-half\"><input type=\"text\" id=\"wpforms-18575-field_6\" class=\"wpforms-field-name-first wpforms-field-required\" name=\"wpforms[fields][6][first]\" placeholder=\"Tu nombre\" required><label for=\"wpforms-18575-field_6\" class=\"wpforms-field-sublabel after\">First<\/label><\/div><div class=\"wpforms-field-row-block wpforms-one-half\"><input type=\"text\" id=\"wpforms-18575-field_6-last\" class=\"wpforms-field-name-last wpforms-field-required\" name=\"wpforms[fields][6][last]\" placeholder=\"Tu apellido\" required><label for=\"wpforms-18575-field_6-last\" class=\"wpforms-field-sublabel after\">Last<\/label><\/div><\/div><\/div><div id=\"wpforms-18575-field_1-container\" class=\"wpforms-field wpforms-field-email\" data-field-id=\"1\"><label class=\"wpforms-field-label\" for=\"wpforms-18575-field_1\">Correo electr\u00f3nico <span class=\"wpforms-required-label\">*<\/span><\/label><input type=\"email\" id=\"wpforms-18575-field_1\" class=\"wpforms-field-large wpforms-field-required\" name=\"wpforms[fields][1]\" placeholder=\"Tu correo electr\u00f3nico\" spellcheck=\"false\" required><\/div><div id=\"wpforms-18575-field_2-container\" class=\"wpforms-field wpforms-field-textarea\" data-field-id=\"2\"><label class=\"wpforms-field-label\" for=\"wpforms-18575-field_2\">Mensaje <span class=\"wpforms-required-label\">*<\/span><\/label><textarea id=\"wpforms-18575-field_2\" class=\"wpforms-field-medium wpforms-field-required\" name=\"wpforms[fields][2]\" placeholder=\"Escribe aqu\u00ed tu mensaje\" required><\/textarea><\/div><\/div><!-- .wpforms-field-container --><div class=\"wpforms-field wpforms-field-hp\"><label for=\"wpforms-18575-field-hp\" class=\"wpforms-field-label\">Email<\/label><input type=\"text\" name=\"wpforms[hp]\" id=\"wpforms-18575-field-hp\" class=\"wpforms-field-medium\"><\/div><div class=\"wpforms-submit-container\" ><input type=\"hidden\" name=\"wpforms[id]\" value=\"18575\"><input type=\"hidden\" name=\"page_title\" value=\"\"><input type=\"hidden\" name=\"page_url\" value=\"https:\/\/adg.it\/es\/wp-json\/wp\/v2\/pages\/9961\"><input type=\"hidden\" name=\"url_referer\" value=\"\"><button type=\"submit\" name=\"wpforms[submit]\" id=\"wpforms-submit-18575\" class=\"wpforms-submit\" data-alt-text=\"Enviando...\" data-submit-text=\"Enviar\" aria-live=\"assertive\" value=\"wpforms-submit\">Enviar<\/button><img loading=\"lazy\" decoding=\"async\" src=\"https:\/\/adg.it\/wp-content\/plugins\/wpforms\/assets\/images\/submit-spin.svg\" class=\"wpforms-submit-spinner\" style=\"display: none;\" width=\"26\" height=\"26\" alt=\"Cargando\"><\/div><\/form><\/div>  <!-- .wpforms-container -->\n[\/fullwidth_text] [\/spb_column]<\/p>\n","protected":false},"excerpt":{"rendered":"<p>[boxed_content type=\u00bbcoloured\u00bb pb_margin_bottom=\u00bbno\u00bb width=\u00bb3\/4&#8243; el_position=\u00bbfirst last\u00bb] Accademia del Giglio se ha encargado de realizar cursos de Lengua y Arte para grupos escolares desde 1995. [\/boxed_content] [blank_spacer height=\u00bb30px\u00bb width=\u00bb3\/4&#8243; el_position=\u00bbfirst last\u00bb] [spb_text_block pb_margin_bottom=\u00bbyes\u00bb pb_border_bottom=\u00bbyes\u00bb width=\u00bb3\/4&#8243; el_position=\u00bbfirst last\u00bb] Llevamos a cabo lecciones de acuerdo a las necesidades que requiere cada uno de los grupos. El programa de aprendizaje asi como el horario [&hellip;]<\/p>\n","protected":false},"author":27,"featured_media":0,"parent":0,"menu_order":0,"comment_status":"closed","ping_status":"closed","template":"","meta":{"_joinchat":[],"footnotes":""},"class_list":["post-9961","page","type-page","status-publish","hentry"],"aioseo_notices":[],"_links":{"self":[{"href":"https:\/\/adg.it\/es\/wp-json\/wp\/v2\/pages\/9961","targetHints":{"allow":["GET"]}}],"collection":[{"href":"https:\/\/adg.it\/es\/wp-json\/wp\/v2\/pages"}],"about":[{"href":"https:\/\/adg.it\/es\/wp-json\/wp\/v2\/types\/page"}],"author":[{"embeddable":true,"href":"https:\/\/adg.it\/es\/wp-json\/wp\/v2\/users\/27"}],"replies":[{"embeddable":true,"href":"https:\/\/adg.it\/es\/wp-json\/wp\/v2\/comments?post=9961"}],"version-history":[{"count":0,"href":"https:\/\/adg.it\/es\/wp-json\/wp\/v2\/pages\/9961\/revisions"}],"wp:attachment":[{"href":"https:\/\/adg.it\/es\/wp-json\/wp\/v2\/media?parent=9961"}],"curies":[{"name":"wp","href":"https:\/\/api.w.org\/{rel}","templated":true}]}}