{"id":9950,"date":"2015-07-07T11:24:12","date_gmt":"2015-07-07T11:24:12","guid":{"rendered":"http:\/\/wp.adg.it\/?page_id=9950"},"modified":"2025-11-04T11:03:32","modified_gmt":"2025-11-04T11:03:32","slug":"home","status":"publish","type":"page","link":"https:\/\/adg.it\/es\/","title":{"rendered":"Home"},"content":{"rendered":"[blank_spacer height=\u00bb30px\u00bb width=\u00bb1\/1&#8243; el_position=\u00bbfirst last\u00bb] [spb_single_image image=\u00bb27328&#8243; image_size=\u00bbfull\u00bb frame=\u00bbnoframe\u00bb intro_animation=\u00bbnone\u00bb full_width=\u00bbyes\u00bb lightbox=\u00bbno\u00bb image_link=\u00bbhttps:\/\/adg.it\/es\/seminarios-de-arte\/\u00bb link_target=\u00bb_self\u00bb width=\u00bb1\/1&#8243; el_position=\u00bbfirst last\u00bb] [blank_spacer height=\u00bb30px\u00bb width=\u00bb1\/1&#8243; el_position=\u00bbfirst last\u00bb] [spb_text_block title=\u00bbCursos de dibujo y pintura\u00bb pb_margin_bottom=\u00bbno\u00bb pb_border_bottom=\u00bbno\u00bb width=\u00bb1\/3&#8243; el_position=\u00bbfirst\u00bb]\n<p><img loading=\"lazy\" decoding=\"async\" class=\"aligncenter wp-image-7621 size-thumbnail\" src=\"https:\/\/adg.it\/wp-content\/uploads\/2015\/03\/artclasses230-150x150.jpg\" alt=\"\" width=\"150\" height=\"150\" srcset=\"https:\/\/adg.it\/wp-content\/uploads\/2015\/03\/artclasses230-150x150.jpg 150w, https:\/\/adg.it\/wp-content\/uploads\/2015\/03\/artclasses230-100x100.jpg 100w, https:\/\/adg.it\/wp-content\/uploads\/2015\/03\/artclasses230.jpg 230w\" sizes=\"auto, (max-width: 150px) 100vw, 150px\" \/><\/p>\n<p style=\"text-align: center;\">Clases de dibujo y pintura b\u00e1sicas y avanzadas. 9 unidades diferentes para explorar todas las t\u00e9cnicas como carboncillo, t\u00e9mpera, \u00f3leo, acuarela y mucho m\u00e1s.<\/p>\n<p style=\"text-align: center;\"><a href=\"https:\/\/adg.it\/es\/cursos-de-diseno-y-pintura\/\">M\u00e1s informaci\u00f3n<\/a><\/p>\n[\/spb_text_block] [spb_text_block title=\u00bbArte en un d\u00eda\u00bb pb_margin_bottom=\u00bbno\u00bb pb_border_bottom=\u00bbno\u00bb width=\u00bb1\/3&#8243;]\n<p><img loading=\"lazy\" decoding=\"async\" class=\"wp-image-21240 size-thumbnail aligncenter\" src=\"https:\/\/adg.it\/wp-content\/uploads\/2021\/11\/sketchy500-150x150.jpg\" alt=\"Sketchbook de Florencia\" width=\"150\" height=\"150\" srcset=\"https:\/\/adg.it\/wp-content\/uploads\/2021\/11\/sketchy500-150x150.jpg 150w, https:\/\/adg.it\/wp-content\/uploads\/2021\/11\/sketchy500-250x250.jpg 250w, https:\/\/adg.it\/wp-content\/uploads\/2021\/11\/sketchy500-100x100.jpg 100w, https:\/\/adg.it\/wp-content\/uploads\/2021\/11\/sketchy500-300x300.jpg 300w, https:\/\/adg.it\/wp-content\/uploads\/2021\/11\/sketchy500.jpg 500w\" sizes=\"auto, (max-width: 150px) 100vw, 150px\" \/><\/p>\n<p style=\"text-align: center;\">Un d\u00eda en Florencia y sus alrededores dedicado a las Bellas Artes. Dibuje y pinte inmerso en el ambiente renacentista y haga bosquejos en la maravillosa campi\u00f1a toscana entre las colinas del Chianti.<\/p>\n<p style=\"text-align: center;\"><a href=\"https:\/\/adg.it\/es\/arte-en-un-dia\/\">M\u00e1s informaci\u00f3n<\/a><\/p>\n[\/spb_text_block] [spb_text_block title=\u00bbTalleres de arte\u00bb pb_margin_bottom=\u00bbno\u00bb pb_border_bottom=\u00bbno\u00bb width=\u00bb1\/3&#8243; el_position=\u00bblast\u00bb]\n<p><img loading=\"lazy\" decoding=\"async\" class=\"wp-image-17362 size-thumbnail aligncenter\" src=\"https:\/\/adg.it\/wp-content\/uploads\/2019\/09\/tempera1-150x150.jpg\" alt=\"Tempera painting\" width=\"150\" height=\"150\" srcset=\"https:\/\/adg.it\/wp-content\/uploads\/2019\/09\/tempera1-150x150.jpg 150w, https:\/\/adg.it\/wp-content\/uploads\/2019\/09\/tempera1-250x250.jpg 250w, https:\/\/adg.it\/wp-content\/uploads\/2019\/09\/tempera1-100x100.jpg 100w, https:\/\/adg.it\/wp-content\/uploads\/2019\/09\/tempera1-300x300.jpg 300w, https:\/\/adg.it\/wp-content\/uploads\/2019\/09\/tempera1.jpg 570w\" sizes=\"auto, (max-width: 150px) 100vw, 150px\" \/><\/p>\n<p style=\"text-align: center;\">Talleres intensivos semanales de Arte: pintura al \u00f3leo, t\u00e9mpera y acr\u00edlico, t\u00e9cnicas b\u00e1sicas y avanzadas de dibujo, Arte cl\u00e1sico y contempor\u00e1neo.<\/p>\n<p style=\"text-align: center;\"><a href=\"http:\/\/adg.it\/es\/seminarios-de-arte\">M\u00e1s informaci\u00f3n<\/a><\/p>\n[\/spb_text_block] [blank_spacer height=\u00bb30px\u00bb width=\u00bb1\/1&#8243; el_position=\u00bbfirst last\u00bb] [boxed_content type=\u00bbcoloured\u00bb pb_margin_bottom=\u00bbyes\u00bb width=\u00bb1\/1&#8243; el_position=\u00bbfirst last\u00bb]\n<p style=\"text-align: center;\"><strong>Desde 1995<\/strong>\u00a0en la escuela de arte Accademia del Giglio en Florencia, se imparten a\u00a0estudiantes italianos y de todo el mundo, una amplia gama de <strong>t\u00e9cnicas art\u00edsticas<\/strong> como dibujo (l\u00e1piz, pastel, carboncillo, tinta y sang\u00fc\u00ed\u00f1a), pintura (gouache, t\u00e9mpera y acr\u00edlico -de aceite y al huevo-), acuarela y fresco.<\/p>\n[\/boxed_content] [spb_column width=\u00bb1\/4&#8243; el_position=\u00bbfirst\u00bb] [spb_icon_box title=\u00bbCursos de arte\u00bb box_type=\u00bbstandard\u00bb image=\u00bbfa-paint-brush\u00bb color=\u00bbstandard\u00bb link=\u00bbhttp:\/\/adg.it\/es\/cursos-de-arte-en-florencia\u00bb target=\u00bb_self\u00bb animation=\u00bbnone\u00bb animation_delay=\u00bb0&#8243; width=\u00bb1\/1&#8243; el_position=\u00bbfirst last\u00bb]\n<p>Cursos de dise\u00f1o y pintura, talleres y seminarios intensivos de t\u00e9cnicas art\u00edsticas en ingl\u00e9s y en italiano: desnudo, \u00f3leo,\u00a0frescos, retrato&#8230;<\/p>\n[\/spb_icon_box] [\/spb_column] [spb_column width=\u00bb1\/4&#8243;] [spb_icon_box title=\u00bbSeminarios de arte\u00bb box_type=\u00bbstandard\u00bb image=\u00bbss-write\u00bb color=\u00bbstandard\u00bb link=\u00bbhttp:\/\/adg.it\/es\/seminarios-de-arte\u00bb target=\u00bb_self\u00bb animation=\u00bbnone\u00bb animation_delay=\u00bb0&#8243; width=\u00bb1\/1&#8243; el_position=\u00bbfirst last\u00bb]\n<p>Talleres intensivos semanales de Arte: pintura al \u00f3leo, t\u00e9mpera y acr\u00edlico, t\u00e9cnicas b\u00e1sicas y avanzadas de dibujo, Arte cl\u00e1sico y contempor\u00e1neo.<\/p>\n[\/spb_icon_box] [\/spb_column] [spb_column width=\u00bb1\/4&#8243;] [spb_icon_box title=\u00bbOtros cursos\u00bb box_type=\u00bbstandard\u00bb image=\u00bbfas fa-university\u00bb color=\u00bbstandard\u00bb link=\u00bbhttps:\/\/adg.it\/es\/cursos-de-arte-en-florencia\/\u00bb target=\u00bb_self\u00bb animation=\u00bbnone\u00bb animation_delay=\u00bb0&#8243; width=\u00bb1\/1&#8243; el_position=\u00bbfirst last\u00bb]\n<div class=\"col-3\">\n<div class=\"text-1\">Cursos intensivos y de corta y larga duraci\u00f3n de Arte en Florencia: fresco, acuarela, clases avanzadas de dibujo, dibujo del natural y escultura con arcilla.<\/div>\n<\/div>\n[\/spb_icon_box] [\/spb_column] [spb_column width=\u00bb1\/4&#8243; el_position=\u00bblast\u00bb] [spb_icon_box title=\u00bbCursos para grupos\u00bb box_type=\u00bbstandard\u00bb image=\u00bbfa-users\u00bb color=\u00bbstandard\u00bb link=\u00bbhttps:\/\/adg.it\/es\/cursos-para-grupos\/\u00bb target=\u00bb_self\u00bb animation=\u00bbnone\u00bb animation_delay=\u00bb0&#8243; width=\u00bb1\/1&#8243; el_position=\u00bbfirst last\u00bb]\n<div class=\"col-4\">\n<div class=\"text-1\">Cursos de lengua italiana, arte y cultura para grupos escolares en italiano e ingl\u00e9s. Cursos a la medida y programas para su reconocimiento.<\/div>\n<\/div>\n[\/spb_icon_box] [\/spb_column] [blank_spacer height=\u00bb30px\u00bb width=\u00bb1\/1&#8243; el_position=\u00bbfirst last\u00bb] [spb_toggle title=\u00bb\u00bfPor qu\u00e9 elegir Accademia del Giglio?\u00bb open=\u00bbfalse\u00bb width=\u00bb1\/2&#8243; el_position=\u00bbfirst\u00bb]\n<p>Todos los cursos se realizan en <strong>la sede de nuestra escuela<\/strong>\u00a0y son organizados por el calificado staff de maestros de Accademia del Giglio.<\/p>\n<p>Clases peque\u00f1as: los grupos de los cursos de\u00a0<strong>arte var\u00edan de seis a 10 estudiantes<\/strong> por clase.<\/p>\n<p><strong>Wi-fi<\/strong> gratis.<\/p>\n<p><strong>Aire acondicionado<\/strong>.<\/p>\n<p>Asistencia para los estudiantes que necesiten <strong>visa o \u201cpermesso di soggiorno\u201d<\/strong>.<\/p>\n[\/spb_toggle] [spb_toggle title=\u00bbEn la cuna del Renacimiento\u00bb open=\u00bbfalse\u00bb width=\u00bb1\/2&#8243; el_position=\u00bblast\u00bb]\n<p>La escuela se localiza en un palacio del siglo XIX, ubicado en una zona tranquila del <strong>centro hist\u00f3rico de Florencia<\/strong>, cerca del \u201cDuomo\u201d y del \u201cPalazzo Vecchio\u201d, pero lejos del ruido del tr\u00e1fico citadino.<\/p>\n<p>Nuestros estudiantes se encuentran literalmente sumergidos en el <strong>coraz\u00f3n art\u00edstico<\/strong> de la \u201cCuna del Renacimiento\u201d, en contacto con los monumentos m\u00e1s prestigiosos del arte rom\u00e1nica, g\u00f3tica y renacimental.<\/p>\n[\/spb_toggle] [blank_spacer height=\u00bb30px\u00bb width=\u00bb1\/1&#8243; el_position=\u00bbfirst last\u00bb] [spb_column width=\u00bb1\/4&#8243; el_position=\u00bbfirst\u00bb] [spb_icon_box title=\u00bbTienda\u00bb box_type=\u00bbanimated\u00bb image=\u00bbfas fa-shopping-cart\u00bb color=\u00bbstandard\u00bb link=\u00bbhttps:\/\/adg.it\/es\/tienda\/\u00bb target=\u00bb_self\u00bb animation=\u00bbnone\u00bb animation_delay=\u00bb0&#8243; width=\u00bb1\/1&#8243; el_position=\u00bbfirst last\u00bb]\n<p>Visita nuestra tienda online<\/p>\n[\/spb_icon_box] [\/spb_column] [spb_column width=\u00bb1\/4&#8243;] [spb_icon_box title=\u00bbOfertas especiales\u00bb box_type=\u00bbanimated\u00bb image=\u00bbfas fa-smile\u00bb color=\u00bbstandard\u00bb link=\u00bbhttps:\/\/adg.it\/es\/ofertas-especiales\/\u00bb target=\u00bb_self\u00bb animation=\u00bbnone\u00bb animation_delay=\u00bb0&#8243; width=\u00bb1\/1&#8243; el_position=\u00bbfirst last\u00bb]\n<p>Ofertas especiales, descuentos, rebajas y becas de estudio<\/p>\n[\/spb_icon_box] [\/spb_column] [spb_column width=\u00bb1\/4&#8243;] [spb_icon_box title=\u00bbTestimonials\u00bb box_type=\u00bbanimated\u00bb image=\u00bbfas fa-bullhorn\u00bb color=\u00bbstandard\u00bb link=\u00bbhttps:\/\/adg.it\/es\/testimonials\/\u00bb target=\u00bb_self\u00bb animation=\u00bbnone\u00bb animation_delay=\u00bb0&#8243; width=\u00bb1\/1&#8243; el_position=\u00bbfirst last\u00bb]\n<p>Las cartas y comentarios de nuestros estudiantes<\/p>\n[\/spb_icon_box] [\/spb_column] [spb_column width=\u00bb1\/4&#8243; el_position=\u00bblast\u00bb] [spb_icon_box title=\u00bbPhoto album\u00bb box_type=\u00bbanimated\u00bb image=\u00bbfa-camera-retro\u00bb color=\u00bbstandard\u00bb link=\u00bbhttps:\/\/www.instagram.com\/accademiadelgiglio\/\u00bb target=\u00bb_blank\u00bb animation=\u00bbnone\u00bb animation_delay=\u00bb0&#8243; width=\u00bb1\/1&#8243; el_position=\u00bbfirst last\u00bb]\n<p>Ve a nuestro \u00e1lbum de fotos de Instagram<\/p>\n[\/spb_icon_box] [\/spb_column] [blank_spacer height=\u00bb30px\u00bb width=\u00bb1\/1&#8243; el_position=\u00bbfirst last\u00bb] [posts_carousel item_count=\u00bb12&#8243; category=\u00bbAll\u00bb offset=\u00bb0&#8243; posts_order=\u00bbASC\u00bb show_title=\u00bbyes\u00bb show_excerpt=\u00bbyes\u00bb show_details=\u00bbno\u00bb excerpt_length=\u00bb20&#8243; width=\u00bb1\/1&#8243; el_position=\u00bbfirst last\u00bb]\n","protected":false},"excerpt":{"rendered":"<p>[blank_spacer height=\u00bb30px\u00bb width=\u00bb1\/1&#8243; el_position=\u00bbfirst last\u00bb] [spb_single_image image=\u00bb27328&#8243; image_size=\u00bbfull\u00bb frame=\u00bbnoframe\u00bb intro_animation=\u00bbnone\u00bb full_width=\u00bbyes\u00bb lightbox=\u00bbno\u00bb image_link=\u00bbhttps:\/\/adg.it\/es\/seminarios-de-arte\/\u00bb link_target=\u00bb_self\u00bb width=\u00bb1\/1&#8243; el_position=\u00bbfirst last\u00bb] [blank_spacer height=\u00bb30px\u00bb width=\u00bb1\/1&#8243; el_position=\u00bbfirst last\u00bb] [spb_text_block title=\u00bbCursos de dibujo y pintura\u00bb pb_margin_bottom=\u00bbno\u00bb pb_border_bottom=\u00bbno\u00bb width=\u00bb1\/3&#8243; el_position=\u00bbfirst\u00bb] Clases de dibujo y pintura b\u00e1sicas y avanzadas. 9 unidades diferentes para explorar todas las t\u00e9cnicas como carboncillo, t\u00e9mpera, \u00f3leo, acuarela y mucho m\u00e1s. M\u00e1s informaci\u00f3n [\/spb_text_block] [spb_text_block [&hellip;]<\/p>\n","protected":false},"author":27,"featured_media":0,"parent":0,"menu_order":0,"comment_status":"closed","ping_status":"closed","template":"","meta":{"_joinchat":[],"footnotes":""},"class_list":["post-9950","page","type-page","status-publish","hentry"],"aioseo_notices":[],"_links":{"self":[{"href":"https:\/\/adg.it\/es\/wp-json\/wp\/v2\/pages\/9950","targetHints":{"allow":["GET"]}}],"collection":[{"href":"https:\/\/adg.it\/es\/wp-json\/wp\/v2\/pages"}],"about":[{"href":"https:\/\/adg.it\/es\/wp-json\/wp\/v2\/types\/page"}],"author":[{"embeddable":true,"href":"https:\/\/adg.it\/es\/wp-json\/wp\/v2\/users\/27"}],"replies":[{"embeddable":true,"href":"https:\/\/adg.it\/es\/wp-json\/wp\/v2\/comments?post=9950"}],"version-history":[{"count":2,"href":"https:\/\/adg.it\/es\/wp-json\/wp\/v2\/pages\/9950\/revisions"}],"predecessor-version":[{"id":27331,"href":"https:\/\/adg.it\/es\/wp-json\/wp\/v2\/pages\/9950\/revisions\/27331"}],"wp:attachment":[{"href":"https:\/\/adg.it\/es\/wp-json\/wp\/v2\/media?parent=9950"}],"curies":[{"name":"wp","href":"https:\/\/api.w.org\/{rel}","templated":true}]}}