{"id":9910,"date":"2015-07-06T14:47:19","date_gmt":"2015-07-06T14:47:19","guid":{"rendered":"http:\/\/wp.adg.it\/?page_id=9910"},"modified":"2025-07-24T08:57:01","modified_gmt":"2025-07-24T08:57:01","slug":"cursos-de-arte-en-florencia","status":"publish","type":"page","link":"https:\/\/adg.it\/es\/cursos-de-arte-en-florencia\/","title":{"rendered":"Cursos de arte en Florencia"},"content":{"rendered":"[spb_text_block title=\u00bbDise\u00f1o y pintura desde 1995&#8243; pb_margin_bottom=\u00bbno\u00bb pb_border_bottom=\u00bbno\u00bb width=\u00bb3\/4&#8243; el_position=\u00bbfirst last\u00bb]\n<p>Desde 1995 a la escuela de arte Accademia del Giglio en Florencia, se imparten a\u00a0estudiantes italianos y de todo el mundo, una amplia gama de <strong>t\u00e9cnicas art\u00edsticas<\/strong> como el dibujo (l\u00e1piz, pastel, carboncillo, tinta y sang\u00fc\u00ed\u00f1a), la pintura (gouache, t\u00e9mpera y acr\u00edlico, de aceite y al huevo), la acuarela y fresco.<\/p>\n<blockquote class=\"pullquote\">De 1 d\u00eda a 2 a\u00f1os, elige el curso de dibujo y pintura para ti<\/blockquote>\n<p>La Accademia del Giglio siempre ha dado gran importancia a la <strong>calidad de la ense\u00f1anza<\/strong> y de los programas, por lo cual todos los maestros tienen t\u00edtulo de una universidad italiana y cuentan con al menos cuatro a\u00f1os de experiencia en la ense\u00f1anza.<\/p>\n[\/spb_text_block] [spb_accordion width=\u00bb3\/4&#8243; el_position=\u00bbfirst last\u00bb] [spb_accordion_tab title=\u00bbBellas artes\u00bb accordion_id=\u00bb\u00bb icon=\u00bb\u00bb] [spb_text_block pb_margin_bottom=\u00bbno\u00bb pb_border_bottom=\u00bbno\u00bb width=\u00bb1\/1&#8243; el_position=\u00bbfirst last\u00bb]\n<p>Asistiendo a nuestros cursos, los estudiantes aprenden y progresan en las diferentes disciplinas art\u00edsticas: pueden descubrir los fundamentos del <strong>retrato<\/strong> y sus secretos, abordar el <strong>dise\u00f1o del desnudo<\/strong> con modelo en vivo que posa para ellos, crear un <strong>\u00e1lbum de bocetos<\/strong> del centro hist\u00f3rico de Florencia, estudiar el efecto de luz \/ sombra en la <strong>naturaleza muerta<\/strong>, o estudiar otras t\u00e9cnicas como el <strong>trompe-l&#8217;oeil<\/strong> y la <strong>xilograf\u00eda<\/strong>.<\/p>\n[\/spb_text_block] [\/spb_accordion_tab] [spb_accordion_tab title=\u00bbPara principiantes y expertos\u00bb accordion_id=\u00bb\u00bb icon=\u00bb\u00bb] [spb_text_block pb_margin_bottom=\u00bbno\u00bb pb_border_bottom=\u00bbno\u00bb width=\u00bb1\/1&#8243; el_position=\u00bbfirst last\u00bb]\n<p>Nuestros cursos cuentan con <strong>7-8 estudiantes<\/strong> (m\u00e1ximo 10) por clase con el fin de facilitar el proceso de aprendizaje y asegurar que cada estudiante logre el objetivo fijado: de hecho, el peque\u00f1o n\u00famero de participantes permite de seguir <strong>cada estudiante<\/strong> individualmente y ayudarlo a superar cualquier dificultad. Todo esto de una manera muy agradable y relajada.<\/p>\n<p>Por otra parte, la amplia gama de cursos proporciona a los estudiantes la oportunidad de adaptar el curr\u00edculo a sus <strong>necesidades personales<\/strong>. Esta es la raz\u00f3n por la cual nuestras clases pueden dar cabida a ambos estudiantes <strong>principiantes<\/strong> y <strong>experimentados<\/strong>, o incluso <strong>profesionales<\/strong> que quieran mejorar una o m\u00e1s t\u00e9cnicas y cuya pasi\u00f3n sean las Bellas Artes.<\/p>\n[\/spb_text_block] [\/spb_accordion_tab] [spb_accordion_tab title=\u00bbEn el estudio y al aire libre\u00bb accordion_id=\u00bb\u00bb icon=\u00bb\u00bb] [spb_text_block pb_margin_bottom=\u00bbno\u00bb pb_border_bottom=\u00bbno\u00bb width=\u00bb1\/1&#8243; el_position=\u00bbfirst last\u00bb]\n<p>Las clases se imparten en <strong>Ingl\u00e9s<\/strong> e <strong>Italiano<\/strong> en nuestro <strong>estudio<\/strong>, totalmente equipado con lo que necesita. La escuela est\u00e1 ubicada en un edificio\u00a0en el centro de Florencia, a pocos pasos del Duomo y la Galer\u00eda de los Oficios.<\/p>\n<p>Se realizan lecciones al <strong>aire libre<\/strong>, en las calles, plazas y parques de la ciudad. Por lo general las clases se imparten durante la semana, en la tarde; los seminarios y talleres intensivos se pueden tomar en la ma\u00f1ana y en los fines de semana.<\/p>\n[\/spb_text_block] [\/spb_accordion_tab] [spb_accordion_tab title=\u00bbCr\u00e9ditos y certificados\u00bb accordion_id=\u00bb\u00bb icon=\u00bb\u00bb] [spb_text_block pb_margin_bottom=\u00bbno\u00bb pb_border_bottom=\u00bbno\u00bb width=\u00bb1\/1&#8243; el_position=\u00bbfirst last\u00bb]\n<p>La Accademia del Giglio otorga al final de cada curso un <strong>Certificado de frecuencia<\/strong>\u00a0con las horas y las t\u00e9cnicas estudiadas.<\/p>\n<p>Qui\u00e9n quiere obtener reconocimiento por sus estudios en el extranjero, por favor pregunte en la oficina de su colegio o universidad antes de la inscripci\u00f3n.\u00a0Todos los participantes del curso que hayan\u00a0<span class=\"color-10\">asistido al menos al 80% del curso<\/span> recibir\u00e1n un certificado de participaci\u00f3n.<\/p>\n[\/spb_text_block] [\/spb_accordion_tab] [\/spb_accordion] [spb_column width=\u00bb3\/4&#8243; el_position=\u00bbfirst last\u00bb] [spb_single_image image=\u00bb6802&#8243; image_size=\u00bbfull\u00bb frame=\u00bbglowframe\u00bb intro_animation=\u00bbnone\u00bb full_width=\u00bbno\u00bb lightbox=\u00bbno\u00bb image_link=\u00bbhttps:\/\/adg.it\/es\/cursos-de-diseno-y-pintura\u00bb link_target=\u00bb_self\u00bb width=\u00bb1\/3&#8243; el_position=\u00bbfirst\u00bb] [spb_text_block title=\u00bbCursos de dise\u00f1o y pintura\u00bb pb_margin_bottom=\u00bbno\u00bb pb_border_bottom=\u00bbno\u00bb width=\u00bb2\/3&#8243; el_position=\u00bblast\u00bb]\n<p style=\"text-align: center;\">Cursos b\u00e1sicos y avanzados de\u00a0dibujo y pintura. 9 unidades para explorar todas las t\u00e9cnicas cl\u00e1sicas:\u00a0\u00f3leo,\u00a0acuarela, t\u00e9mpera, sang\u00fc\u00ed\u00f1a, carboncillo, fresco&#8230;<\/p>\n<p style=\"text-align: center;\"><a class=\"sf-button standard orange standard  dropshadow\" href=\"https:\/\/adg.it\/es\/cursos-de-diseno-y-pintura\" target=\"_self\"><span class=\"text\">Informaci\u00f3n<\/span><\/a><\/p>\n[\/spb_text_block] [\/spb_column] [spb_column width=\u00bb3\/4&#8243; el_position=\u00bbfirst last\u00bb] [spb_single_image image=\u00bb11057&#8243; image_size=\u00bbfull\u00bb frame=\u00bbglowframe\u00bb intro_animation=\u00bbnone\u00bb full_width=\u00bbno\u00bb lightbox=\u00bbno\u00bb image_link=\u00bbhttps:\/\/adg.it\/es\/tecnicas-avanzadas-dibujo-pintura\/\u00bb link_target=\u00bb_self\u00bb width=\u00bb1\/3&#8243; el_position=\u00bbfirst\u00bb] [spb_text_block title=\u00bbT\u00e9cnicas avanzadas de dibujo y pintura\u00bb pb_margin_bottom=\u00bbno\u00bb pb_border_bottom=\u00bbno\u00bb width=\u00bb2\/3&#8243; el_position=\u00bblast\u00bb]\n<p style=\"text-align: center;\">Un curso de estudio anual dise\u00f1ado para estudiantes que est\u00e1n decididos a aprender en profundidad las t\u00e9cnicas cl\u00e1sicas y modernas de dibujo y pintura.<\/p>\n<p style=\"text-align: center;\"><a class=\"sf-button standard orange standard  dropshadow\" href=\"https:\/\/adg.it\/es\/tecnicas-avanzadas-dibujo-pintura\/\" target=\"_self\"><span class=\"text\">Informaci\u00f3n<\/span><\/a><\/p>\n[\/spb_text_block] [\/spb_column] [spb_column width=\u00bb3\/4&#8243; el_position=\u00bbfirst last\u00bb] [spb_single_image image=\u00bb16074&#8243; image_size=\u00bbfull\u00bb frame=\u00bbborderframe\u00bb intro_animation=\u00bbnone\u00bb full_width=\u00bbno\u00bb lightbox=\u00bbno\u00bb image_link=\u00bbhttp:\/\/adg.it\/es\/curso-de-desnudo\u00bb link_target=\u00bb_self\u00bb width=\u00bb1\/3&#8243; el_position=\u00bbfirst\u00bb] [spb_text_block title=\u00bbDise\u00f1o de desnudo\u00bb pb_margin_bottom=\u00bbno\u00bb pb_border_bottom=\u00bbno\u00bb width=\u00bb2\/3&#8243; el_position=\u00bblast\u00bb]\n<p style=\"text-align: center;\">Todas las nociones de anatom\u00eda art\u00edstica y las t\u00e9cnicas para dibujar un cuerpo y una cara con los m\u00e9todos tradicionales y m\u00e1s moderno.<\/p>\n<p style=\"text-align: center;\"><a class=\"sf-button standard orange standard  dropshadow\" href=\"http:\/\/adg.it\/es\/curso-de-desnudo\" target=\"_self\"><span class=\"text\">Informaci\u00f3n<\/span><\/a><\/p>\n[\/spb_text_block] [\/spb_column] [spb_column width=\u00bb3\/4&#8243; el_position=\u00bbfirst last\u00bb] [spb_single_image image=\u00bb6781&#8243; image_size=\u00bbfull\u00bb frame=\u00bbglowframe\u00bb intro_animation=\u00bbnone\u00bb full_width=\u00bbno\u00bb lightbox=\u00bbno\u00bb image_link=\u00bbhttp:\/\/adg.it\/es\/curso-de-fresco\u00bb link_target=\u00bb_self\u00bb width=\u00bb1\/3&#8243; el_position=\u00bbfirst\u00bb] [spb_text_block title=\u00bbCurso de fresco\u00bb pb_margin_bottom=\u00bbno\u00bb pb_border_bottom=\u00bbno\u00bb width=\u00bb2\/3&#8243; el_position=\u00bblast\u00bb]\n<p style=\"text-align: center;\">El curso ideal para descubrir todos los secretos de una de las m\u00e1s antiguas t\u00e9cnicas utilizadas por los m\u00e1s grandes artistas italianos de la Edad Media y del Renacimiento.<\/p>\n<p style=\"text-align: center;\">&lt;<a class=\"sf-button standard orange standard  dropshadow\" href=\"http:\/\/adg.it\/es\/curso-de-fresco\" target=\"_self\"><span class=\"text\">Informaci\u00f3n<\/span><\/a><\/p>\n[\/spb_text_block] [\/spb_column] [spb_column width=\u00bb3\/4&#8243; el_position=\u00bbfirst last\u00bb] [spb_single_image image=\u00bb6303&#8243; image_size=\u00bbfull\u00bb frame=\u00bbglowframe\u00bb intro_animation=\u00bbnone\u00bb full_width=\u00bbno\u00bb lightbox=\u00bbno\u00bb image_link=\u00bbhttp:\/\/adg.it\/es\/curso-bienal-de-tecnicas-artisticas\u00bb link_target=\u00bb_self\u00bb width=\u00bb1\/3&#8243; el_position=\u00bbfirst\u00bb] [spb_text_block title=\u00bbCurso bienal de artes visuales\u00bb pb_margin_bottom=\u00bbno\u00bb pb_border_bottom=\u00bbno\u00bb width=\u00bb2\/3&#8243; el_position=\u00bblast\u00bb]\n<p style=\"text-align: center;\">Dos a\u00f1os de arte para satisfacer las necesidades de aquellos que quieren perfeccionar sus habilidades y probar diferentes t\u00e9cnicas y materiales.<\/p>\n<p style=\"text-align: center;\"><a class=\"sf-button standard orange standard  dropshadow\" href=\"http:\/\/adg.it\/es\/curso-bienal-de-tecnicas-artisticas\" target=\"_self\"><span class=\"text\">Informaci\u00f3n<\/span><\/a><\/p>\n[\/spb_text_block] [\/spb_column] [spb_column width=\u00bb3\/4&#8243; el_position=\u00bbfirst last\u00bb] [spb_single_image image=\u00bb21381&#8243; image_size=\u00bbfull\u00bb frame=\u00bbglowframe\u00bb intro_animation=\u00bbnone\u00bb full_width=\u00bbno\u00bb lightbox=\u00bbno\u00bb image_link=\u00bbhttp:\/\/adg.it\/es\/seminarios-de-arte\u00bb link_target=\u00bb_self\u00bb width=\u00bb1\/3&#8243; el_position=\u00bbfirst\u00bb] [spb_text_block title=\u00bbTalleres de arte\u00bb pb_margin_bottom=\u00bbno\u00bb pb_border_bottom=\u00bbno\u00bb width=\u00bb2\/3&#8243; el_position=\u00bblast\u00bb]\n<p style=\"text-align: center;\">Cursos intensivos semanales de sketchbook, paisajismo, retrato, acuarela, sang\u00fci\u00f1a y otras t\u00e9cnicas cl\u00e1sicas de dibujo.<\/p>\n<p style=\"text-align: center;\"><a class=\"sf-button standard orange standard  dropshadow\" href=\"http:\/\/adg.it\/es\/seminarios-de-arte\" target=\"_self\"><span class=\"text\">Informaci\u00f3n<\/span><\/a><\/p>\n[\/spb_text_block] [\/spb_column] [spb_column width=\u00bb3\/4&#8243; el_position=\u00bbfirst last\u00bb] [spb_single_image image=\u00bb13249&#8243; image_size=\u00bbfull\u00bb frame=\u00bbglowframe\u00bb intro_animation=\u00bbnone\u00bb full_width=\u00bbno\u00bb lightbox=\u00bbno\u00bb image_link=\u00bbhttps:\/\/adg.it\/es\/arte-en-un-dia\/\u00bb link_target=\u00bb_self\u00bb width=\u00bb1\/3&#8243; el_position=\u00bbfirst\u00bb] [spb_text_block title=\u00bbArte en un d\u00eda en Florencia\u00bb pb_margin_bottom=\u00bbno\u00bb pb_border_bottom=\u00bbno\u00bb width=\u00bb2\/3&#8243; el_position=\u00bblast\u00bb]\n<p style=\"text-align: center;\">Un d\u00eda en Florencia y en los alrededores dedicado al dise\u00f1o y a la pintura. Dibuja y pinta inmerso en la atm\u00f3sfera renacentista y captura bocetos de las maravillosas vistas de la ciudad.<\/p>\n<p style=\"text-align: center;\"><a class=\"sf-button standard orange standard  dropshadow\" href=\"https:\/\/adg.it\/es\/arte-en-un-dia\/\" target=\"_self\"><span class=\"text\">Informaci\u00f3n<\/span><\/a><\/p>\n[\/spb_text_block] [\/spb_column] [spb_column width=\u00bb3\/4&#8243; el_position=\u00bbfirst last\u00bb] [spb_single_image image=\u00bb26872&#8243; image_size=\u00bbfull\u00bb frame=\u00bbglowframe\u00bb intro_animation=\u00bbnone\u00bb full_width=\u00bbno\u00bb lightbox=\u00bbno\u00bb image_link=\u00bbhttps:\/\/adg.it\/es\/un-dia-de-arte-en-la-toscana\/\u00bb link_target=\u00bb_self\u00bb width=\u00bb1\/3&#8243; el_position=\u00bbfirst\u00bb] [spb_text_block title=\u00bbArte en un d\u00eda en Toscana\u00bb pb_margin_bottom=\u00bbno\u00bb pb_border_bottom=\u00bbno\u00bb width=\u00bb2\/3&#8243; el_position=\u00bblast\u00bb]\n<p style=\"text-align: center;\">Disfrute de un d\u00eda intenso de arte en su entorno toscano favorito, ya sean las encantadoras colinas de Chianti, la medieval Siena o San Gimignano, o la ciudad de Lucca.<\/p>\n<p style=\"text-align: center;\"><a class=\"sf-button standard orange standard  dropshadow\" href=\"https:\/\/adg.it\/es\/un-dia-de-arte-en-la-toscana\/\" target=\"_self\"><span class=\"text\">Informaci\u00f3n<\/span><\/a><\/p>\n[\/spb_text_block] [\/spb_column] [spb_column width=\u00bb3\/4&#8243; el_position=\u00bbfirst last\u00bb] [spb_single_image image=\u00bb6788&#8243; image_size=\u00bbfull\u00bb frame=\u00bbglowframe\u00bb intro_animation=\u00bbnone\u00bb full_width=\u00bbno\u00bb lightbox=\u00bbno\u00bb image_link=\u00bbhttp:\/\/adg.it\/es\/arte-fin-de-semana\u00bb link_target=\u00bb_self\u00bb width=\u00bb1\/3&#8243; el_position=\u00bbfirst\u00bb] [spb_text_block title=\u00bbFin de semana de arte\u00bb pb_margin_bottom=\u00bbno\u00bb pb_border_bottom=\u00bbno\u00bb width=\u00bb2\/3&#8243; el_position=\u00bblast\u00bb]\n<p style=\"text-align: center;\">Cursos super-intensivos individuales o en peque\u00f1os grupos de uno o m\u00e1s t\u00e9cnicas art\u00edsticas. Los cursos se realizan en el estudio o en exteriores.<\/p>\n<p style=\"text-align: center;\"><a class=\"sf-button standard orange standard  dropshadow\" href=\"http:\/\/adg.it\/es\/arte-fin-de-semana\" target=\"_self\"><span class=\"text\">Informaci\u00f3n<\/span><\/a><\/p>\n[\/spb_text_block] [\/spb_column] [spb_column width=\u00bb3\/4&#8243; el_position=\u00bbfirst last\u00bb] [spb_single_image image=\u00bb6791&#8243; image_size=\u00bbfull\u00bb frame=\u00bbglowframe\u00bb intro_animation=\u00bbnone\u00bb full_width=\u00bbno\u00bb lightbox=\u00bbno\u00bb image_link=\u00bbhttp:\/\/adg.it\/es\/curso-preparacion-bellas-artes\u00bb link_target=\u00bb_self\u00bb width=\u00bb1\/3&#8243; el_position=\u00bbfirst\u00bb] [spb_text_block title=\u00bbPreparaci\u00f3n Academias de Bellas Artes\u00bb pb_margin_bottom=\u00bbno\u00bb pb_border_bottom=\u00bbno\u00bb width=\u00bb2\/3&#8243; el_position=\u00bblast\u00bb]\n<p style=\"text-align: center;\">Ejercicios y simulaciones de examen para las pruebas de pintura, gr\u00e1fica, escultura, decoraci\u00f3n, dise\u00f1o de escenario&#8230;<\/p>\n<p style=\"text-align: center;\"><a class=\"sf-button standard orange standard  dropshadow\" href=\"http:\/\/adg.it\/es\/curso-preparacion-bellas-artes\" target=\"_self\"><span class=\"text\">Informaci\u00f3n<\/span><\/a><\/p>\n[\/spb_text_block] [\/spb_column]<\/p>\n","protected":false},"excerpt":{"rendered":"<p>[spb_text_block title=\u00bbDise\u00f1o y pintura desde 1995&#8243; pb_margin_bottom=\u00bbno\u00bb pb_border_bottom=\u00bbno\u00bb width=\u00bb3\/4&#8243; el_position=\u00bbfirst last\u00bb] Desde 1995 a la escuela de arte Accademia del Giglio en Florencia, se imparten a\u00a0estudiantes italianos y de todo el mundo, una amplia gama de t\u00e9cnicas art\u00edsticas como el dibujo (l\u00e1piz, pastel, carboncillo, tinta y sang\u00fc\u00ed\u00f1a), la pintura (gouache, t\u00e9mpera y acr\u00edlico, de aceite y al huevo), la acuarela [&hellip;]<\/p>\n","protected":false},"author":27,"featured_media":0,"parent":0,"menu_order":0,"comment_status":"closed","ping_status":"closed","template":"","meta":{"_joinchat":[],"footnotes":""},"class_list":["post-9910","page","type-page","status-publish","hentry"],"aioseo_notices":[],"_links":{"self":[{"href":"https:\/\/adg.it\/es\/wp-json\/wp\/v2\/pages\/9910","targetHints":{"allow":["GET"]}}],"collection":[{"href":"https:\/\/adg.it\/es\/wp-json\/wp\/v2\/pages"}],"about":[{"href":"https:\/\/adg.it\/es\/wp-json\/wp\/v2\/types\/page"}],"author":[{"embeddable":true,"href":"https:\/\/adg.it\/es\/wp-json\/wp\/v2\/users\/27"}],"replies":[{"embeddable":true,"href":"https:\/\/adg.it\/es\/wp-json\/wp\/v2\/comments?post=9910"}],"version-history":[{"count":2,"href":"https:\/\/adg.it\/es\/wp-json\/wp\/v2\/pages\/9910\/revisions"}],"predecessor-version":[{"id":26885,"href":"https:\/\/adg.it\/es\/wp-json\/wp\/v2\/pages\/9910\/revisions\/26885"}],"wp:attachment":[{"href":"https:\/\/adg.it\/es\/wp-json\/wp\/v2\/media?parent=9910"}],"curies":[{"name":"wp","href":"https:\/\/api.w.org\/{rel}","templated":true}]}}