{"id":9853,"date":"2015-07-03T13:23:21","date_gmt":"2015-07-03T13:23:21","guid":{"rendered":"http:\/\/wp.adg.it\/?page_id=9853"},"modified":"2025-09-18T08:16:59","modified_gmt":"2025-09-18T08:16:59","slug":"italiano-en-grupo","status":"publish","type":"page","link":"https:\/\/adg.it\/es\/italiano-en-grupo\/","title":{"rendered":"Lengua italiana y cursos de arte"},"content":{"rendered":"<p>[spb_column width=\u00bb2\/3&#8243; el_position=\u00bbfirst\u00bb] [spb_text_block title=\u00bbItaliano + Arte\u00bb pb_margin_bottom=\u00bbno\u00bb pb_border_bottom=\u00bbno\u00bb width=\u00bb1\/1&#8243; el_position=\u00bbfirst last\u00bb]\n<p>Nuestras clases de italiano se imparten en una zona tranquila del centro de la ciudad.<\/p>\n<p><strong>Nuestras clases son reducidas<\/strong> porque consideramos que el tama\u00f1o reducido de las clases es esencial para facilitar el proceso de aprendizaje y garantizar que la atenci\u00f3n se centre en las necesidades de aprendizaje de cada estudiante y en ayudarle a superar cualquier dificultad en un entorno agradable, mientras que la gama de cursos que se ofrecen permite al estudiante adaptar el programa a sus necesidades individuales.<\/p>\n<blockquote class=\"blockquote2\">Seg\u00fan el <strong><a class=\"centrino\" href=\"http:\/\/www.coe.int\/t\/dg4\/education\/elp\/\" target=\"_blank\" rel=\"noopener noreferrer\">Portafolio Europeo de las Lenguas<\/a><\/strong>, existen seis niveles, desde el principiante absoluto hasta el superior.<\/blockquote>\n<p>Es posible combinar un curso de italiano en grupo con un <a href=\"https:\/\/adg.it\/es\/cursos-de-arte-en-florencia\/\">curso de t\u00e9cnicas de dibujo y pintura<\/a>.<\/p>\n<p>Las <strong>clases de italiano<\/strong> tienen lugar por la ma\u00f1ana, de lunes a viernes, de 9.00 a 10.30 horas, <strong>10 lecciones<\/strong> por semana.<\/p>\n<p>Las <strong>clases de arte<\/strong> tienen lugar de lunes a jueves:<\/p>\n<ul>\n<li>de 11.30 a 13.00 y de 13.30 a 17.00 (<strong>20 horas semanales<\/strong>);<\/li>\n<li>o s\u00f3lo por la tarde, de 13.30 a 17.00 horas (<strong>14 horas semanales<\/strong>).<\/li>\n<\/ul>\n[\/spb_text_block] [boxed_content type=\u00bbcoloured\u00bb pb_margin_bottom=\u00bbno\u00bb width=\u00bb1\/1&#8243; el_position=\u00bbfirst last\u00bb]\n<p>M\u00e1s informaci\u00f3n<\/p>\n[\/boxed_content] [spb_accordion width=\u00bb1\/1&#8243; el_position=\u00bbfirst last\u00bb] [spb_accordion_tab title=\u00bbCaracter\u00edsticas del curso\u00bb accordion_id=\u00bb\u00bb icon=\u00bb\u00bb] [spb_text_block pb_margin_bottom=\u00bbno\u00bb pb_border_bottom=\u00bbno\u00bb width=\u00bb1\/1&#8243; el_position=\u00bbfirst last\u00bb]\n<p>La reducida dimensi\u00f3n de las clases (5 estudiantes en promedio) permite maximizar el aprendizaje por parte del estudiante.<\/p>\n<p>Los niveles son 7, desde el principiante absoluto al avanzado y al perfeccionamiento.<\/p>\n<p>Al inicio del curso un examen oral y escrito, elaborado cuidadosamente para poder evaluar las capacidades ling\u00fc\u00edsticas de cada estudiante con el objetivo de estructurar clases hoog\u00e9neas.<\/p>\n<p>Es necesario frecuentar las lecciones.<\/p>\n[\/spb_text_block] [\/spb_accordion_tab] [spb_accordion_tab title=\u00bbCr\u00e9ditos y certificados\u00bb accordion_id=\u00bb\u00bb icon=\u00bb\u00bb] [spb_text_block pb_margin_bottom=\u00bbno\u00bb pb_border_bottom=\u00bbno\u00bb width=\u00bb1\/1&#8243; el_position=\u00bbfirst last\u00bb]\n<p>Accademia del Giglio recomienda a los estudiantes que deseen recibir cr\u00e9ditos por sus estudios en el extranjero que consulten con su universidad o escuela superior antes de matricularse.<br \/>\nComo la mayor\u00eda de las universidades y escuelas superiores consideran que 15 horas de estudio por trimestre es un nivel aceptable, ofrecemos clases que proporcionan el equivalente a 5 horas de cr\u00e9dito por trimestre para el estudio de la lengua italiana, junto con horas opcionales para aquellos estudiantes que deseen estudiar otros m\u00f3dulos como historia del arte, arte de estudio, etc. Haga clic aqu\u00ed para obtener informaci\u00f3n m\u00e1s detallada.<\/p>\n[\/spb_text_block] [\/spb_accordion_tab] [\/spb_accordion] [sf_gallery gallery_id=\u00bb6875&#8243; slider_transition=\u00bbfade\u00bb show_thumbs=\u00bbyes\u00bb autoplay=\u00bbyes\u00bb show_captions=\u00bbyes\u00bb enable_lightbox=\u00bbyes\u00bb width=\u00bb1\/1&#8243; el_position=\u00bbfirst last\u00bb] [boxed_content type=\u00bbcoloured\u00bb pb_margin_bottom=\u00bbno\u00bb width=\u00bb1\/1&#8243; el_position=\u00bbfirst last\u00bb]\n<p>Precios<\/p>\n[\/boxed_content] [spb_accordion width=\u00bb1\/1&#8243; el_position=\u00bbfirst last\u00bb] [spb_accordion_tab title=\u00bbItaliano + Arte\u00bb accordion_id=\u00bb\u00bb icon=\u00bb\u00bb] [spb_text_block title=\u00bb10 + 20 horas por semana\u00bb pb_margin_bottom=\u00bbno\u00bb pb_border_bottom=\u00bbno\u00bb width=\u00bb1\/1&#8243; el_position=\u00bbfirst last\u00bb]\n<p>LA1+, 1 semana, 10 lecciones de lengua italiana + 20 horas de t\u00e9cnicas de dibujo y pintura, 495 euros<br \/>\nLA2+, 2 semanas, 20 lecciones de lengua italiana + 40 horas de t\u00e9cnicas de dibujo y pintura, 865 euros<br \/>\nLA3+, 3 semanas, 30 lecciones de lengua italiana + 60 horas de t\u00e9cnicas de dibujo y pintura, 1195 euros<br \/>\nLA4+, 4 semanas, 40 lecciones de lengua italiana + 80 horas de t\u00e9cnicas de dibujo y pintura, 1535 euros<br \/>\nLA8+, 8 semanas, 80 lecciones de lengua italiana + 160 horas de t\u00e9cnicas de dibujo y pintura, 2855 euros<br \/>\nLA12+, 12 semanas, 120 lecciones de lengua italiana + 240 horas de t\u00e9cnicas de dibujo y pintura, 4245 euros<\/p>\n[\/spb_text_block] [spb_text_block title=\u00bb10 + 14 horas por semana\u00bb pb_margin_bottom=\u00bbno\u00bb pb_border_bottom=\u00bbno\u00bb width=\u00bb1\/1&#8243; el_position=\u00bbfirst last\u00bb]\n<p>LA1, 1 semana, 10 lecciones de lengua italiana + 14 horas de t\u00e9cnicas de dibujo y pintura, 455 euros<br \/>\nLA2, 2 semanas, 20 lecciones de lengua italiana + 28 horas de t\u00e9cnicas de dibujo y pintura, 795 euros<br \/>\nLA3, 3 semanas, 30 lecciones de lengua italiana + 42 horas de t\u00e9cnicas de dibujo y pintura, 1175 euros<br \/>\nLA4, 4 semanas, 40 lecciones de lengua italiana + 56 horas de t\u00e9cnicas de dibujo y pintura, 1255 euros<br \/>\nLA8, 8 semanas, 80 lecciones de lengua italiana + 112 horas de t\u00e9cnicas de dibujo y pintura, 2385 euros<br \/>\nLA12, 12 semanas, 120 lecciones de lengua italiana + 168 horas de t\u00e9cnicas de dibujo y pintura, 3465 euros<\/p>\n[\/spb_text_block] [\/spb_accordion_tab] [spb_accordion_tab title=\u00bbNota\u00bb accordion_id=\u00bb\u00bb icon=\u00bb\u00bb] [spb_text_block pb_margin_bottom=\u00bbno\u00bb pb_border_bottom=\u00bbno\u00bb width=\u00bb1\/1&#8243; el_position=\u00bbfirst last\u00bb]\n<p>1 lecci\u00f3n de lengua italiana = 45 minutos<br \/>\n1 hora de t\u00e9cnicas de dibujo y pintura = 60 minutos<\/p>\n[\/spb_text_block] [\/spb_accordion_tab] [spb_accordion_tab title=\u00bbEl precio del curso incluye\u00bb accordion_id=\u00bb\u00bb icon=\u00bb\u00bb] [spb_text_block pb_margin_bottom=\u00bbno\u00bb pb_border_bottom=\u00bbno\u00bb width=\u00bb1\/1&#8243; el_position=\u00bbfirst last\u00bb]\n<p>Material del curso de italiano (el material art\u00edstico no est\u00e1 incluido).<br \/>\nTest de evaluaci\u00f3n y examen final<br \/>\nEl certificado al final del curso<\/p>\n[\/spb_text_block] [\/spb_accordion_tab] [spb_accordion_tab title=\u00bbFechas\u00bb accordion_id=\u00bb\u00bb icon=\u00bb\u00bb] [spb_text_block pb_margin_bottom=\u00bbno\u00bb pb_border_bottom=\u00bbno\u00bb width=\u00bb1\/1&#8243; el_position=\u00bbfirst last\u00bb]\n<p>Nuestros cursos ofrecen fechas de inicio flexibles que se adaptan a tu horario.<\/p>\n<ul>\n<li>Si ya tienes algunos conocimientos de italiano, puedes comenzar tu programa de Arte + Italiano cualquier lunes.<\/li>\n<li>Si eres un principiante absoluto en italiano, puedes unirte a nosotros el primer lunes de cada mes.<\/li>\n<\/ul>\n<p>A veces ofrecemos fechas de inicio adicionales. Ponte en contacto con nosotros para obtener m\u00e1s informaci\u00f3n sobre la disponibilidad.<\/p>\n[\/spb_text_block] [\/spb_accordion_tab] [\/spb_accordion] [\/spb_column] [spb_column width=\u00bb1\/3&#8243; el_position=\u00bblast\u00bb] [spb_single_image image=\u00bb8068&#8243; image_size=\u00bbfull\u00bb frame=\u00bbnoframe\u00bb intro_animation=\u00bbnone\u00bb full_width=\u00bbno\u00bb lightbox=\u00bbno\u00bb link_target=\u00bb_self\u00bb width=\u00bb1\/1&#8243; el_position=\u00bbfirst last\u00bb] [spb_single_image image=\u00bb13501&#8243; image_size=\u00bbfull\u00bb frame=\u00bbnoframe\u00bb intro_animation=\u00bbnone\u00bb full_width=\u00bbno\u00bb lightbox=\u00bbyes\u00bb image_link=\u00bbhttps:\/\/adg.it\/en\/product\/italian-language-and-art-classes\/\u00bb link_target=\u00bb_self\u00bb caption=\u00bbItaliano + Arte\u00bb width=\u00bb1\/1&#8243; el_position=\u00bbfirst last\u00bb] [spb_text_block title=\u00bbCont\u00e1ctenos\u00bb pb_margin_bottom=\u00bbno\u00bb pb_border_bottom=\u00bbno\u00bb width=\u00bb1\/1&#8243; el_position=\u00bbfirst last\u00bb]\n<div class=\"wpforms-container wpforms-container-full\" id=\"wpforms-18575\"><form id=\"wpforms-form-18575\" class=\"wpforms-validate wpforms-form wpforms-ajax-form\" data-formid=\"18575\" method=\"post\" enctype=\"multipart\/form-data\" action=\"\/es\/wp-json\/wp\/v2\/pages\/9853\" data-token=\"ee3f748c041500a2d86e48cf6b76bae2\" data-token-time=\"1776961062\"><noscript class=\"wpforms-error-noscript\">Por favor, activa JavaScript en tu navegador para completar este formulario.<\/noscript><div class=\"wpforms-field-container\"><div id=\"wpforms-18575-field_6-container\" class=\"wpforms-field wpforms-field-name\" data-field-id=\"6\"><label class=\"wpforms-field-label\">Nombre <span class=\"wpforms-required-label\">*<\/span><\/label><div class=\"wpforms-field-row wpforms-field-large\"><div class=\"wpforms-field-row-block wpforms-first wpforms-one-half\"><input type=\"text\" id=\"wpforms-18575-field_6\" class=\"wpforms-field-name-first wpforms-field-required\" name=\"wpforms[fields][6][first]\" placeholder=\"Tu nombre\" required><label for=\"wpforms-18575-field_6\" class=\"wpforms-field-sublabel after\">First<\/label><\/div><div class=\"wpforms-field-row-block wpforms-one-half\"><input type=\"text\" id=\"wpforms-18575-field_6-last\" class=\"wpforms-field-name-last wpforms-field-required\" name=\"wpforms[fields][6][last]\" placeholder=\"Tu apellido\" required><label for=\"wpforms-18575-field_6-last\" class=\"wpforms-field-sublabel after\">Last<\/label><\/div><\/div><\/div><div id=\"wpforms-18575-field_1-container\" class=\"wpforms-field wpforms-field-email\" data-field-id=\"1\"><label class=\"wpforms-field-label\" for=\"wpforms-18575-field_1\">Correo electr\u00f3nico <span class=\"wpforms-required-label\">*<\/span><\/label><input type=\"email\" id=\"wpforms-18575-field_1\" class=\"wpforms-field-large wpforms-field-required\" name=\"wpforms[fields][1]\" placeholder=\"Tu correo electr\u00f3nico\" spellcheck=\"false\" required><\/div><div id=\"wpforms-18575-field_2-container\" class=\"wpforms-field wpforms-field-textarea\" data-field-id=\"2\"><label class=\"wpforms-field-label\" for=\"wpforms-18575-field_2\">Mensaje <span class=\"wpforms-required-label\">*<\/span><\/label><textarea id=\"wpforms-18575-field_2\" class=\"wpforms-field-medium wpforms-field-required\" name=\"wpforms[fields][2]\" placeholder=\"Escribe aqu\u00ed tu mensaje\" required><\/textarea><\/div><\/div><!-- .wpforms-field-container --><div class=\"wpforms-field wpforms-field-hp\"><label for=\"wpforms-18575-field-hp\" class=\"wpforms-field-label\">Phone<\/label><input type=\"text\" name=\"wpforms[hp]\" id=\"wpforms-18575-field-hp\" class=\"wpforms-field-medium\"><\/div><div class=\"wpforms-submit-container\" ><input type=\"hidden\" name=\"wpforms[id]\" value=\"18575\"><input type=\"hidden\" name=\"page_title\" value=\"\"><input type=\"hidden\" name=\"page_url\" value=\"https:\/\/adg.it\/es\/wp-json\/wp\/v2\/pages\/9853\"><input type=\"hidden\" name=\"url_referer\" value=\"\"><button type=\"submit\" name=\"wpforms[submit]\" id=\"wpforms-submit-18575\" class=\"wpforms-submit\" data-alt-text=\"Enviando...\" data-submit-text=\"Enviar\" aria-live=\"assertive\" value=\"wpforms-submit\">Enviar<\/button><img loading=\"lazy\" decoding=\"async\" src=\"https:\/\/adg.it\/wp-content\/plugins\/wpforms\/assets\/images\/submit-spin.svg\" class=\"wpforms-submit-spinner\" style=\"display: none;\" width=\"26\" height=\"26\" alt=\"Cargando\"><\/div><\/form><\/div>  <!-- .wpforms-container -->\n[\/spb_text_block] [testimonial title=\u00bbTestimonios\u00bb text_size=\u00bbnormal\u00bb item_count=\u00bb2&#8243; order=\u00bbrand\u00bb category=\u00bbitalian-group\u00bb pagination=\u00bbno\u00bb page_link=\u00bbno\u00bb width=\u00bb1\/1&#8243; el_position=\u00bbfirst last\u00bb] [\/spb_column]<\/p>\n","protected":false},"excerpt":{"rendered":"<p>[spb_column width=\u00bb2\/3&#8243; el_position=\u00bbfirst\u00bb] [spb_text_block title=\u00bbItaliano + Arte\u00bb pb_margin_bottom=\u00bbno\u00bb pb_border_bottom=\u00bbno\u00bb width=\u00bb1\/1&#8243; el_position=\u00bbfirst last\u00bb] Nuestras clases de italiano se imparten en una zona tranquila del centro de la ciudad. Nuestras clases son reducidas porque consideramos que el tama\u00f1o reducido de las clases es esencial para facilitar el proceso de aprendizaje y garantizar que la atenci\u00f3n se centre en las necesidades de aprendizaje [&hellip;]<\/p>\n","protected":false},"author":27,"featured_media":8073,"parent":0,"menu_order":0,"comment_status":"closed","ping_status":"closed","template":"","meta":{"_joinchat":[],"footnotes":""},"class_list":["post-9853","page","type-page","status-publish","has-post-thumbnail","hentry"],"aioseo_notices":[],"_links":{"self":[{"href":"https:\/\/adg.it\/es\/wp-json\/wp\/v2\/pages\/9853","targetHints":{"allow":["GET"]}}],"collection":[{"href":"https:\/\/adg.it\/es\/wp-json\/wp\/v2\/pages"}],"about":[{"href":"https:\/\/adg.it\/es\/wp-json\/wp\/v2\/types\/page"}],"author":[{"embeddable":true,"href":"https:\/\/adg.it\/es\/wp-json\/wp\/v2\/users\/27"}],"replies":[{"embeddable":true,"href":"https:\/\/adg.it\/es\/wp-json\/wp\/v2\/comments?post=9853"}],"version-history":[{"count":3,"href":"https:\/\/adg.it\/es\/wp-json\/wp\/v2\/pages\/9853\/revisions"}],"predecessor-version":[{"id":21792,"href":"https:\/\/adg.it\/es\/wp-json\/wp\/v2\/pages\/9853\/revisions\/21792"}],"wp:featuredmedia":[{"embeddable":true,"href":"https:\/\/adg.it\/es\/wp-json\/wp\/v2\/media\/8073"}],"wp:attachment":[{"href":"https:\/\/adg.it\/es\/wp-json\/wp\/v2\/media?parent=9853"}],"curies":[{"name":"wp","href":"https:\/\/api.w.org\/{rel}","templated":true}]}}