{"id":9849,"date":"2015-07-03T13:38:26","date_gmt":"2015-07-03T13:38:26","guid":{"rendered":"http:\/\/wp.adg.it\/?page_id=9849"},"modified":"2021-05-23T15:56:47","modified_gmt":"2021-05-23T15:56:47","slug":"cursos-de-lengua-italiana","status":"publish","type":"page","link":"https:\/\/adg.it\/es\/cursos-de-lengua-italiana\/","title":{"rendered":"Cursos de lengua italiana"},"content":{"rendered":"[spb_text_block title=\u00bbClases de lengua italiana\u00bb pb_margin_bottom=\u00bbno\u00bb pb_border_bottom=\u00bbno\u00bb width=\u00bb3\/4&#8243; el_position=\u00bbfirst last\u00bb]\n<p class=\"p2\">Desde 1995 Accademia del Giglio organiza clases de seis diversos niveles y cursos individuales. Nuestros cursos de italiano para extranjeros han sido estructurados en modo de desarrollar las capacidades de comunicaci\u00f3n, le\u00edda, escrita y escuchada de los estudiantes.<\/p>\n<p class=\"p2\">Cada estudiante es seguido de manera casi individual para intentar entender sus exigencias y\u00a0 necesidades para acompa\u00f1arlo al nivel de conocimiento deseado. Por esto en Accademia del Giglio usamos una gran variedad de material did\u00e1ctico que se pueden adaptar a cada necesidad.<\/p>\n<p class=\"p2\">Adem\u00e1s de nuestros libros, ricos de explicaciones y ejercicios para realizar en clase o en casa, usamos material aut\u00e9ntico como programas televisivos, peri\u00f3dicos, revistas y sobre todo la red de actividades de adgblog, el blog did\u00e1ctico de nuestra escuela, donde se encuentran cientos de ejercicios y lecciones de italiano para extranjeros:<\/p>\n<p>&#8211; actividades para niveles\u00a0\u00a0<a class=\"centrino\" href=\"http:\/\/www.adgblog.it\/category\/lingua\/italiano-a1-a2\/\" target=\"_blank\" rel=\"noopener noreferrer\"><strong>A1\/A2<\/strong><\/a><br \/>\n&#8211; actividades para niveles\u00a0\u00a0<strong><a class=\"centrino\" href=\"http:\/\/www.adgblog.it\/category\/lingua\/italiano-per-stranieri-livelli-b1-b2-italian-for-foreigners-b1-b2-levels\/\" target=\"_blank\" rel=\"noopener noreferrer\">B1\/B2<\/a><\/strong><br \/>\n&#8211; actividades para niveles\u00a0<strong><a class=\"centrino\" href=\"http:\/\/www.adgblog.it\/category\/lingua\/italiano-per-stranieri-livelli-c1-c2-italian-for-foreigners-c1-c2-levels\/\" target=\"_blank\" rel=\"noopener noreferrer\">C1\/C2<\/a><\/strong><\/p>\n[\/spb_text_block] [spb_accordion width=\u00bb3\/4&#8243; el_position=\u00bbfirst last\u00bb] [spb_accordion_tab title=\u00bbCr\u00e9ditos y certificados\u00bb accordion_id=\u00bb\u00bb icon=\u00bb\u00bb] [spb_text_block pb_margin_bottom=\u00bbno\u00bb pb_border_bottom=\u00bbno\u00bb width=\u00bb1\/1&#8243; el_position=\u00bbfirst last\u00bb]\n<p>La Accademia del Giglio recomienda que los estudiantes que deseen recibir cr\u00e9dito por sus estudios en el extranjero consulten con su universidad o colegio antes de inscribirse.<\/p>\n<p>Como la mayor\u00eda de las universidades y facultades consideran que 15 horas de estudio por trimestre es un nivel aceptable, ofrecemos clases que proporcionan el equivalente a 5 horas de cr\u00e9dito por trimestre para el estudio del idioma italiano, junto con horas opcionales para aquellos estudiantes que deseen estudiar otros m\u00f3dulos como la historia del arte, el estudio de arte, etc.<\/p>\n<p>Haga <strong><a href=\"https:\/\/adg.it\/en\/term-and-semester-programs\/\" target=\"_blank\" rel=\"noopener\">clic aqu\u00ed<\/a><\/strong> para obtener informaci\u00f3n m\u00e1s detallada (p\u00e1gina en ingl\u00e9s).<\/p>\n[\/spb_text_block] [\/spb_accordion_tab] [\/spb_accordion] [blank_spacer height=\u00bb30px\u00bb width=\u00bb3\/4&#8243; el_position=\u00bbfirst last\u00bb] [spb_column width=\u00bb3\/4&#8243; el_position=\u00bbfirst last\u00bb] [spb_single_image image=\u00bb6815&#8243; image_size=\u00bbfull\u00bb frame=\u00bbglowframe\u00bb intro_animation=\u00bbnone\u00bb full_width=\u00bbno\u00bb lightbox=\u00bbno\u00bb image_link=\u00bbhttp:\/\/adg.it\/es\/italiano-en-grupo\u00bb link_target=\u00bb_self\u00bb width=\u00bb1\/3&#8243; el_position=\u00bbfirst\u00bb] [spb_text_block title=\u00bbCurso de italiano en grupo\u00bb pb_margin_bottom=\u00bbno\u00bb pb_border_bottom=\u00bbno\u00bb width=\u00bb2\/3&#8243; el_position=\u00bblast\u00bb]\n<p style=\"text-align: center;\">Cursos en grupo con m\u00e1ximo 7 estudiantes por clase. Cursos intensivos con 10 \u00f3 20 horas por semana.<\/p>\n<p style=\"text-align: center;\"><a class=\"sf-button standard blue standard  dropshadow\" href=\"http:\/\/adg.it\/es\/italiano-en-grupo\" target=\"_self\"><span class=\"text\">More info<\/span><\/a><\/p>\n[\/spb_text_block] [\/spb_column] [blank_spacer height=\u00bb30px\u00bb width=\u00bb3\/4&#8243; el_position=\u00bbfirst last\u00bb] [spb_column width=\u00bb3\/4&#8243; el_position=\u00bbfirst last\u00bb] [spb_single_image image=\u00bb11209&#8243; image_size=\u00bbfull\u00bb frame=\u00bbglowframe\u00bb intro_animation=\u00bbnone\u00bb full_width=\u00bbno\u00bb lightbox=\u00bbno\u00bb image_link=\u00bbhttp:\/\/adg.it\/es\/cursos-individuales-de-lengua-italiana\u00bb link_target=\u00bb_self\u00bb width=\u00bb1\/3&#8243; el_position=\u00bbfirst\u00bb] [spb_text_block title=\u00bbcursos Uno a Uno o Dos a Uno\u00bb pb_margin_bottom=\u00bbno\u00bb pb_border_bottom=\u00bbno\u00bb width=\u00bb2\/3&#8243; el_position=\u00bblast\u00bb]\n<p style=\"text-align: center;\">Los profesores de la Accademia del Giglio se encuentran siempre disponibles en caso de que alguno de los alumnos dese\u00e9 obtener un <span class=\"color-10\">diploma oficial<\/span> o bien presentar el<span class=\"color-10\">examen de admisi\u00f3n<\/span> en alguna universidad italiana.<\/p>\n<p style=\"text-align: center;\"><a class=\"sf-button standard blue standard  dropshadow\" href=\"http:\/\/adg.it\/es\/cursos-individuales-de-lengua-italiana\" target=\"_self\"><span class=\"text\">More info<\/span><\/a><\/p>\n[\/spb_text_block] [\/spb_column] [blank_spacer height=\u00bb30px\u00bb width=\u00bb3\/4&#8243; el_position=\u00bbfirst last\u00bb] [spb_column width=\u00bb3\/4&#8243; el_position=\u00bbfirst last\u00bb] [spb_single_image image=\u00bb6825&#8243; image_size=\u00bbfull\u00bb frame=\u00bbglowframe\u00bb intro_animation=\u00bbnone\u00bb full_width=\u00bbno\u00bb lightbox=\u00bbno\u00bb image_link=\u00bbhttp:\/\/adg.it\/es\/cursos-de-italiano-especializado\u00bb link_target=\u00bb_self\u00bb width=\u00bb1\/3&#8243; el_position=\u00bbfirst\u00bb] [spb_text_block title=\u00bbCursos de italiano especializado\u00bb pb_margin_bottom=\u00bbno\u00bb pb_border_bottom=\u00bbno\u00bb width=\u00bb2\/3&#8243; el_position=\u00bblast\u00bb]\n<p style=\"text-align: center;\">Los\u00a0cursos tienen como objetivo desarrollar temas ling\u00fc\u00edsticos y terminolog\u00edas en <span class=\"color-10\">\u00e1reas espec\u00edficas<\/span>. Las clases se realizan uno-a-uno (o dos-a-uno) teniendo en cuenta las necesidades que cada alumno tiene y las exigencias\u00a0del tipo de lenguaje que desea perfeccionar.<\/p>\n<p style=\"text-align: center;\"><a class=\"sf-button standard blue standard  dropshadow\" href=\"http:\/\/adg.it\/es\/cursos-de-italiano-especializado\" target=\"_self\"><span class=\"text\">More info<\/span><\/a><\/p>\n[\/spb_text_block] [\/spb_column] [blank_spacer height=\u00bb30px\u00bb width=\u00bb3\/4&#8243; el_position=\u00bbfirst last\u00bb] [spb_column width=\u00bb3\/4&#8243; el_position=\u00bbfirst last\u00bb] [spb_single_image image=\u00bb6830&#8243; image_size=\u00bbfull\u00bb frame=\u00bbglowframe\u00bb intro_animation=\u00bbnone\u00bb full_width=\u00bbno\u00bb lightbox=\u00bbno\u00bb image_link=\u00bbhttp:\/\/http:\/\/adg.it\/es\/seminarios-de-lengua-italiana\u00bb link_target=\u00bb_self\u00bb width=\u00bb1\/3&#8243; el_position=\u00bbfirst\u00bb] [spb_text_block title=\u00bbSeminarios de italiano\u00bb pb_margin_bottom=\u00bbno\u00bb pb_border_bottom=\u00bbno\u00bb width=\u00bb2\/3&#8243; el_position=\u00bblast\u00bb]\n<p style=\"text-align: center;\">Gram\u00e1tica italiana, conversaci\u00f3n y italiano con las canciones en una semana de modo intensivo, eficaz y divertido<\/p>\n<p style=\"text-align: center;\"><a class=\"sf-button standard blue standard  dropshadow\" href=\"http:\/\/adg.it\/es\/seminarios-de-lengua-italiana\" target=\"_self\"><span class=\"text\">More info<\/span><\/a><\/p>\n[\/spb_text_block] [\/spb_column] [blank_spacer height=\u00bb30px\u00bb width=\u00bb3\/4&#8243; el_position=\u00bbfirst last\u00bb] [spb_column width=\u00bb3\/4&#8243; el_position=\u00bbfirst last\u00bb] [spb_single_image image=\u00bb8049&#8243; image_size=\u00bbfull\u00bb frame=\u00bbglowframe\u00bb intro_animation=\u00bbnone\u00bb full_width=\u00bbno\u00bb lightbox=\u00bbno\u00bb image_link=\u00bbhttp:\/\/http:\/\/adg.it\/es\/tutoria-en-casa\u00bb link_target=\u00bb_self\u00bb width=\u00bb1\/3&#8243; el_position=\u00bbfirst\u00bb] [spb_text_block title=\u00bbTutor\u00eda en casa\u00bb pb_margin_bottom=\u00bbno\u00bb pb_border_bottom=\u00bbno\u00bb width=\u00bb2\/3&#8243; el_position=\u00bblast\u00bb]\n<p style=\"text-align: center;\">Aprende italiano estudiando y viviendo con tu profesor de lenga madre italiana e interact\u00faa con la gente local<\/p>\n<p style=\"text-align: center;\"><a class=\"sf-button standard blue standard  dropshadow\" href=\"http:\/\/adg.it\/es\/tutoria-en-casa\" target=\"_self\"><span class=\"text\">More info<\/span><\/a><\/p>\n[\/spb_text_block] [\/spb_column] [blank_spacer height=\u00bb30px\u00bb width=\u00bb3\/4&#8243; el_position=\u00bbfirst last\u00bb] [spb_column width=\u00bb3\/4&#8243; el_position=\u00bbfirst last\u00bb] [spb_single_image image=\u00bb8074&#8243; image_size=\u00bbfull\u00bb frame=\u00bbglowframe\u00bb intro_animation=\u00bbnone\u00bb full_width=\u00bbno\u00bb lightbox=\u00bbno\u00bb image_link=\u00bbhttp:\/\/adg.it\/es\/italiano-relampago\u00bb link_target=\u00bb_self\u00bb width=\u00bb1\/3&#8243; el_position=\u00bbfirst\u00bb] [spb_text_block title=\u00bbItaliano rel\u00e1mpago en el fin de semana\u00bb pb_margin_bottom=\u00bbno\u00bb pb_border_bottom=\u00bbno\u00bb width=\u00bb2\/3&#8243; el_position=\u00bblast\u00bb]\n<p style=\"text-align: center;\">Para obtener el m\u00e1ximo en el menor tiempo posible: los cursos super-intensivos se organizan tambi\u00e9n\u00a0los fines de semana.<\/p>\n<p style=\"text-align: center;\"><a class=\"sf-button standard blue standard  dropshadow\" href=\"http:\/\/adg.it\/es\/italiano-relampago\" target=\"_self\"><span class=\"text\">More info<\/span><\/a><\/p>\n[\/spb_text_block] [\/spb_column] [blank_spacer height=\u00bb30px\u00bb width=\u00bb3\/4&#8243; el_position=\u00bbfirst last\u00bb] [spb_column width=\u00bb3\/4&#8243; el_position=\u00bbfirst last\u00bb] [spb_single_image image=\u00bb18667&#8243; image_size=\u00bbfull\u00bb frame=\u00bbglowframe\u00bb intro_animation=\u00bbnone\u00bb full_width=\u00bbno\u00bb lightbox=\u00bbno\u00bb image_link=\u00bbhttp:\/\/adg.it\/adg.it\/es\/cursos-de-lengua-italiana-on-line\u00bb link_target=\u00bb_self\u00bb width=\u00bb1\/3&#8243; el_position=\u00bbfirst\u00bb] [spb_text_block pb_margin_bottom=\u00bbno\u00bb pb_border_bottom=\u00bbno\u00bb width=\u00bb2\/3&#8243; el_position=\u00bblast\u00bb]\n<p style=\"text-align: center;\">Con los cursos on-line el estudiante puede tomar lecciones de\u00a0conversaci\u00f3n y gram\u00e1tica con\u00a0<a href=\"http:\/\/adg.it\/spagnolo\/staff.html\">nuestros maestros<\/a>\u00a0como si se encontrara en Italia. Las lecciones se realizan gracias a la ayuda de la tecnolog\u00eda: con extrema facilidad podr\u00e1n conectarse <span class=\"color-10\">on-line<\/span> y mejorar\u00a0 migliorare il vostro italiano.<\/p>\n<p style=\"text-align: center;\"><a class=\"sf-button standard blue standard  dropshadow\" href=\"http:\/\/adg.it\/es\/cursos-de-lengua-italiana-on-line\" target=\"_self\"><span class=\"text\">More info<\/span><\/a><\/p>\n[\/spb_text_block] [\/spb_column] [blank_spacer height=\u00bb30px\u00bb width=\u00bb3\/4&#8243; el_position=\u00bbfirst last\u00bb] [spb_column width=\u00bb3\/4&#8243; el_position=\u00bbfirst last\u00bb] [spb_single_image image=\u00bb8110&#8243; image_size=\u00bbfull\u00bb frame=\u00bbglowframe\u00bb intro_animation=\u00bbnone\u00bb full_width=\u00bbno\u00bb lightbox=\u00bbno\u00bb image_link=\u00bbhttp:\/\/adg.it\/inglese\/specific_courses.html\u00bb link_target=\u00bb_self\u00bb width=\u00bb1\/3&#8243; el_position=\u00bbfirst\u00bb] [spb_text_block title=\u00bbTerm and Semester programs\u00bb pb_margin_bottom=\u00bbno\u00bb pb_border_bottom=\u00bbno\u00bb width=\u00bb2\/3&#8243; el_position=\u00bblast\u00bb]\n<p style=\"text-align: center;\">Combine Italian language + Drawing and Painting classes + Art History and receive credits for your studies in Florence.<\/p>\n<p style=\"text-align: center;\"><a class=\"sf-button standard blue standard  dropshadow\" href=\"http:\/\/adg.it\/inglese\/credits.html\" target=\"_self\"><span class=\"text\">More info<\/span><\/a><\/p>\n[\/spb_text_block] [\/spb_column]<\/p>\n","protected":false},"excerpt":{"rendered":"<p>[spb_text_block title=\u00bbClases de lengua italiana\u00bb pb_margin_bottom=\u00bbno\u00bb pb_border_bottom=\u00bbno\u00bb width=\u00bb3\/4&#8243; el_position=\u00bbfirst last\u00bb] Desde 1995 Accademia del Giglio organiza clases de seis diversos niveles y cursos individuales. Nuestros cursos de italiano para extranjeros han sido estructurados en modo de desarrollar las capacidades de comunicaci\u00f3n, le\u00edda, escrita y escuchada de los estudiantes. Cada estudiante es seguido de manera casi individual para intentar entender sus [&hellip;]<\/p>\n","protected":false},"author":27,"featured_media":0,"parent":0,"menu_order":0,"comment_status":"closed","ping_status":"closed","template":"","meta":{"_joinchat":[],"footnotes":""},"class_list":["post-9849","page","type-page","status-publish","hentry"],"aioseo_notices":[],"_links":{"self":[{"href":"https:\/\/adg.it\/es\/wp-json\/wp\/v2\/pages\/9849","targetHints":{"allow":["GET"]}}],"collection":[{"href":"https:\/\/adg.it\/es\/wp-json\/wp\/v2\/pages"}],"about":[{"href":"https:\/\/adg.it\/es\/wp-json\/wp\/v2\/types\/page"}],"author":[{"embeddable":true,"href":"https:\/\/adg.it\/es\/wp-json\/wp\/v2\/users\/27"}],"replies":[{"embeddable":true,"href":"https:\/\/adg.it\/es\/wp-json\/wp\/v2\/comments?post=9849"}],"version-history":[{"count":0,"href":"https:\/\/adg.it\/es\/wp-json\/wp\/v2\/pages\/9849\/revisions"}],"wp:attachment":[{"href":"https:\/\/adg.it\/es\/wp-json\/wp\/v2\/media?parent=9849"}],"curies":[{"name":"wp","href":"https:\/\/api.w.org\/{rel}","templated":true}]}}