{"id":9730,"date":"2015-07-01T15:02:58","date_gmt":"2015-07-01T15:02:58","guid":{"rendered":"http:\/\/wp.adg.it\/?page_id=9730"},"modified":"2023-01-16T12:52:12","modified_gmt":"2023-01-16T12:52:12","slug":"sobre-accademia-del-giglio","status":"publish","type":"page","link":"https:\/\/adg.it\/es\/sobre-accademia-del-giglio\/","title":{"rendered":"Sobre Accademia del Giglio"},"content":{"rendered":"<p>[spb_column width=\u00bb2\/3&#8243; el_position=\u00bbfirst\u00bb] [spb_text_block pb_margin_bottom=\u00bbno\u00bb pb_border_bottom=\u00bbno\u00bb width=\u00bb1\/1&#8243; el_position=\u00bbfirst last\u00bb]\n<p>Nuestro instituto opera <span class=\"color-10\">desde 1995<\/span> en la organizaci\u00f3n de cursos a breve y medio termino para estudiantes italianos y extranjeros.<\/p>\n[\/spb_text_block] [sf_gallery gallery_id=\u00bb10282&#8243; slider_transition=\u00bbfade\u00bb show_thumbs=\u00bbyes\u00bb autoplay=\u00bbyes\u00bb show_captions=\u00bbyes\u00bb enable_lightbox=\u00bbno\u00bb width=\u00bb1\/1&#8243; el_position=\u00bbfirst last\u00bb] [spb_accordion width=\u00bb1\/1&#8243; el_position=\u00bbfirst last\u00bb] [spb_accordion_tab title=\u00bbReconocimientos\u00bb accordion_id=\u00bb\u00bb icon=\u00bb\u00bb] [spb_text_block pb_margin_bottom=\u00bbno\u00bb pb_border_bottom=\u00bbno\u00bb width=\u00bb1\/1&#8243; el_position=\u00bbfirst last\u00bb]\n<p>Nuestra escuela es reconocida:<br \/>\n&#8211; por la Secreter\u00eda de Educaci\u00f3n (<a href=\"http:\/\/www.istruzione.it\/\">Ministero dell&#8217;Istruzione<\/a>) de la Universidad y de la Investigaci\u00f3n (dell&#8217;Universit\u00e0 della Ricerca) con una \u00abpresa d&#8217;atto\u00bb;<br \/>\n&#8211; por el centro de formaci\u00f3n sueca\u00a0<strong><a class=\"centrino\" href=\"http:\/\/www.csn.se\/\" target=\"_blank\" rel=\"noopener noreferrer\">CSN<\/a><\/strong>;<br \/>\n&#8211; por la <a href=\"https:\/\/studyabroad.ku.edu\/\">University of Kansas<\/a>, como sede de estudios en Florencia.<\/p>\n[\/spb_text_block] [\/spb_accordion_tab] [spb_accordion_tab title=\u00bbPremios\u00bb accordion_id=\u00bb\u00bb icon=\u00bb\u00bb] [spb_text_block pb_margin_bottom=\u00bbno\u00bb pb_border_bottom=\u00bbno\u00bb width=\u00bb1\/1&#8243; el_position=\u00bbfirst last\u00bb]\n<p>&#8211; La escuela fue premiada con el \u00ab<a href=\"http:\/\/ec.europa.eu\/education\/policies\/lang\/awareness\/label_it.html\" target=\"_blank\" rel=\"noopener noreferrer\">Label Europeo 2007<\/a>\u00bb por la Comisi\u00f3n Europea, por el Ministero del Lavoro y por el Ministero dell&#8217;Istruzione, dell&#8217;Universit\u00e0 della Ricerca, por su empe\u00f1o en proyectos innovativos en la ense\u00f1anza y aprendizaje de los idiomas;<\/p>\n[\/spb_text_block] [\/spb_accordion_tab] [spb_accordion_tab title=\u00bbColaboraciones\u00bb accordion_id=\u00bb\u00bb icon=\u00bb\u00bb] [spb_text_block pb_margin_bottom=\u00bbno\u00bb pb_border_bottom=\u00bbno\u00bb width=\u00bb1\/1&#8243; el_position=\u00bbfirst last\u00bb]\n<p>Ocasionales pero intensivas cooperaciones se han realizado con varias instituciones en los \u00faltimos a\u00f1os, algunas de ellas son: <a href=\"http:\/\/www.campion.havering.sch.uk\/index2.htm\" target=\"_blank\" rel=\"noopener noreferrer\"><strong>Campion School<\/strong><\/a> (UK), <strong><a href=\"http:\/\/www.otterbein.edu\/\" target=\"_blank\" rel=\"noopener noreferrer\">Otterbein University<\/a><\/strong> (Ohio, USA), <strong><a href=\"http:\/\/www.marianum.at\/\" target=\"_blank\" rel=\"noopener noreferrer\">De La Salle Schulen Marianum<\/a><\/strong> (Austria), <strong><a href=\"http:\/\/web.newman.wa.edu.au\/\" target=\"_blank\" rel=\"noopener noreferrer\">Newman College<\/a><\/strong> (Australia), <a href=\"http:\/\/www.longroad.ac.uk\/\" target=\"_blank\" rel=\"noopener noreferrer\"><strong>Long Road Sixth Form College<\/strong><\/a> (Cambridge, UK), <a href=\"http:\/\/www.blakehurst-h.schools.nsw.edu.au\/\" target=\"_blank\" rel=\"noopener noreferrer\"><strong>Blakehurst High School<\/strong><\/a> (Sidney, Australia), <a href=\"http:\/\/www3.olmcheidelberg.catholic.edu.au\/\" target=\"_blank\" rel=\"noopener noreferrer\"><strong>Our Lady of Mercy College<\/strong><\/a> (Melbourne, Australia), <a class=\"centrino\" href=\"http:\/\/www.broxbourne.herts.sch.uk\/\" target=\"_blank\" rel=\"noopener noreferrer\"><strong>Broxbourne School<\/strong><\/a> (UK), <a href=\"http:\/\/www.standrews.co.za\/\" target=\"_blank\" rel=\"noopener noreferrer\"><strong>St Andrews<\/strong><\/a> (Johannesburg, South Africa). AdG tambi\u00e9n colabor\u00f3 con el Departamento de Leguas Italianas de la Universidad Americana <a href=\"http:\/\/www.bard.edu\/\" target=\"_blank\" rel=\"noopener noreferrer\"><strong>Bard College<\/strong><\/a> (<a href=\"http:\/\/adg.it\/inglese\/who.html#luzzi\"><strong>letra de presentaci\u00f3n<\/strong><\/a> para nuestra escuela, escrita por el <strong>Profesor Joseph Luzzi<\/strong>, de Bard College).<\/p>\n[\/spb_text_block] [\/spb_accordion_tab] [spb_accordion_tab title=\u00bbPublicaciones\u00bb accordion_id=\u00bb\u00bb icon=\u00bb\u00bb] [spb_text_block pb_margin_bottom=\u00bbno\u00bb pb_border_bottom=\u00bbno\u00bb width=\u00bb1\/1&#8243; el_position=\u00bbfirst last\u00bb]\n<p>El staff de la Accademia del Giglio ha publicado en el bolet\u00edn ITALS de la Universidad Ca&#8217; Foscari de Venecia, art\u00edculos y actividades did\u00e1cticas de italiano L2:<br \/>\n<a href=\"http:\/\/venus.unive.it\/italslab\/modules.php?op=modload&amp;name=ezcms&amp;file=index&amp;menu=79&amp;page_id=352\">junio 2007<\/a> (a\u00f1o V n. XX);<br \/>\n<a href=\"http:\/\/venus.unive.it\/italslab\/modules.php?op=modload&amp;name=ezcms&amp;file=index&amp;menu=79&amp;page_id=369\">septiembre 2007<\/a> (a\u00f1o V n. XXI);<br \/>\n<a href=\"http:\/\/venus.unive.it\/italslab\/modules.php?op=modload&amp;name=ezcms&amp;file=index&amp;menu=79&amp;page_id=424\">junio 2008<\/a> (a\u00f1o VI n. 25).<\/p>\n[\/spb_text_block] [\/spb_accordion_tab] [spb_accordion_tab title=\u00bbEducacional\u00bb accordion_id=\u00bb\u00bb icon=\u00bb\u00bb] [spb_text_block pb_margin_bottom=\u00bbno\u00bb pb_border_bottom=\u00bbno\u00bb width=\u00bb1\/1&#8243; el_position=\u00bbfirst last\u00bb]\n<p>&#8211; AdG ha organizado <a href=\"https:\/\/adg.it\/it\/corso-insegnanti-italiano-l2\/\">cursos para maestros de italiano<\/a>\u00a0como lengua extranjera;<\/p>\n<p>&#8211; AdG se esfuerza por utilizar t\u00e9cnicas modernas de la ense\u00f1anza ya sea en las clases de aula como en las <a href=\"https:\/\/adg.it\/es\/cursos-de-lengua-italiana-on-line\/\">lecciones a distancia<\/a><\/p>\n[\/spb_text_block] [\/spb_accordion_tab] [spb_accordion_tab title=\u00bbEl staff\u00bb accordion_id=\u00bb\u00bb icon=\u00bb\u00bb] [spb_text_block pb_margin_bottom=\u00bbno\u00bb pb_border_bottom=\u00bbno\u00bb width=\u00bb1\/1&#8243; el_position=\u00bbfirst last\u00bb]\n<p>Checa <a href=\"https:\/\/adg.it\/es\/personal\/\">quienes somos<\/a>.<\/p>\n[\/spb_text_block] [\/spb_accordion_tab] [\/spb_accordion] [\/spb_column] [spb_column width=\u00bb1\/3&#8243; el_position=\u00bblast\u00bb] [spb_single_image image=\u00bb9512&#8243; image_size=\u00bbfull\u00bb frame=\u00bbshadowframe\u00bb intro_animation=\u00bbnone\u00bb full_width=\u00bbno\u00bb lightbox=\u00bbno\u00bb link_target=\u00bb_self\u00bb width=\u00bb1\/1&#8243; el_position=\u00bbfirst last\u00bb] [spb_message color=\u00bbalert-info\u00bb width=\u00bb1\/1&#8243; el_position=\u00bbfirst last\u00bb]\n<p>Todos nuestros cursos se llevan a cabo <strong>en las instalaciones de la escuela<\/strong> con profesores calificados y con experiencia en el campo de la ense\u00f1anza<\/p>\n[\/spb_message] [spb_message color=\u00bbalert-block\u00bb width=\u00bb1\/1&#8243; el_position=\u00bbfirst last\u00bb]\n<p>Asistencia <strong>Visa<\/strong><\/p>\n[\/spb_message] [spb_message color=\u00bbalert-success\u00bb width=\u00bb1\/1&#8243; el_position=\u00bbfirst last\u00bb]\n<p><a href=\"https:\/\/adg.it\/es\/faq\/\">Descuentos<\/a> a nuestros estudiantes con la <strong>credencial de AdG<\/strong><\/p>\n[\/spb_message] [blank_spacer height=\u00bb30px\u00bb width=\u00bb1\/1&#8243; el_position=\u00bbfirst last\u00bb] [spb_text_block title=\u00bbCont\u00e1ctanos\u00bb pb_margin_bottom=\u00bbno\u00bb pb_border_bottom=\u00bbno\u00bb width=\u00bb1\/1&#8243; el_position=\u00bbfirst last\u00bb]\n<div class=\"wpforms-container wpforms-container-full\" id=\"wpforms-18575\"><form id=\"wpforms-form-18575\" class=\"wpforms-validate wpforms-form wpforms-ajax-form\" data-formid=\"18575\" method=\"post\" enctype=\"multipart\/form-data\" action=\"\/es\/wp-json\/wp\/v2\/pages\/9730\" data-token=\"284325d7b89a0bc55bc183d3fe060e8d\" data-token-time=\"1778336915\"><noscript class=\"wpforms-error-noscript\">Por favor, activa JavaScript en tu navegador para completar este formulario.<\/noscript><div class=\"wpforms-field-container\"><div id=\"wpforms-18575-field_6-container\" class=\"wpforms-field wpforms-field-name\" data-field-id=\"6\"><label class=\"wpforms-field-label\">Nombre <span class=\"wpforms-required-label\">*<\/span><\/label><div class=\"wpforms-field-row wpforms-field-large\"><div class=\"wpforms-field-row-block wpforms-first wpforms-one-half\"><input type=\"text\" id=\"wpforms-18575-field_6\" class=\"wpforms-field-name-first wpforms-field-required\" name=\"wpforms[fields][6][first]\" placeholder=\"Tu nombre\" required><label for=\"wpforms-18575-field_6\" class=\"wpforms-field-sublabel after\">First<\/label><\/div><div class=\"wpforms-field-row-block wpforms-one-half\"><input type=\"text\" id=\"wpforms-18575-field_6-last\" class=\"wpforms-field-name-last wpforms-field-required\" name=\"wpforms[fields][6][last]\" placeholder=\"Tu apellido\" required><label for=\"wpforms-18575-field_6-last\" class=\"wpforms-field-sublabel after\">Last<\/label><\/div><\/div><\/div><div id=\"wpforms-18575-field_1-container\" class=\"wpforms-field wpforms-field-email\" data-field-id=\"1\"><label class=\"wpforms-field-label\" for=\"wpforms-18575-field_1\">Correo electr\u00f3nico <span class=\"wpforms-required-label\">*<\/span><\/label><input type=\"email\" id=\"wpforms-18575-field_1\" class=\"wpforms-field-large wpforms-field-required\" name=\"wpforms[fields][1]\" placeholder=\"Tu correo electr\u00f3nico\" spellcheck=\"false\" required><\/div><div id=\"wpforms-18575-field_2-container\" class=\"wpforms-field wpforms-field-textarea\" data-field-id=\"2\"><label class=\"wpforms-field-label\" for=\"wpforms-18575-field_2\">Mensaje <span class=\"wpforms-required-label\">*<\/span><\/label><textarea id=\"wpforms-18575-field_2\" class=\"wpforms-field-medium wpforms-field-required\" name=\"wpforms[fields][2]\" placeholder=\"Escribe aqu\u00ed tu mensaje\" required><\/textarea><\/div><\/div><!-- .wpforms-field-container --><div class=\"wpforms-field wpforms-field-hp\"><label for=\"wpforms-18575-field-hp\" class=\"wpforms-field-label\">Email<\/label><input type=\"text\" name=\"wpforms[hp]\" id=\"wpforms-18575-field-hp\" class=\"wpforms-field-medium\"><\/div><div class=\"wpforms-submit-container\" ><input type=\"hidden\" name=\"wpforms[id]\" value=\"18575\"><input type=\"hidden\" name=\"page_title\" value=\"\"><input type=\"hidden\" name=\"page_url\" value=\"https:\/\/adg.it\/es\/wp-json\/wp\/v2\/pages\/9730\"><input type=\"hidden\" name=\"url_referer\" value=\"\"><button type=\"submit\" name=\"wpforms[submit]\" id=\"wpforms-submit-18575\" class=\"wpforms-submit\" data-alt-text=\"Enviando...\" data-submit-text=\"Enviar\" aria-live=\"assertive\" value=\"wpforms-submit\">Enviar<\/button><img loading=\"lazy\" decoding=\"async\" src=\"https:\/\/adg.it\/wp-content\/plugins\/wpforms\/assets\/images\/submit-spin.svg\" class=\"wpforms-submit-spinner\" style=\"display: none;\" width=\"26\" height=\"26\" alt=\"Cargando\"><\/div><\/form><\/div>  <!-- .wpforms-container -->\n[\/spb_text_block] [\/spb_column]<\/p>\n","protected":false},"excerpt":{"rendered":"<p>[spb_column width=\u00bb2\/3&#8243; el_position=\u00bbfirst\u00bb] [spb_text_block pb_margin_bottom=\u00bbno\u00bb pb_border_bottom=\u00bbno\u00bb width=\u00bb1\/1&#8243; el_position=\u00bbfirst last\u00bb] Nuestro instituto opera desde 1995 en la organizaci\u00f3n de cursos a breve y medio termino para estudiantes italianos y extranjeros. [\/spb_text_block] [sf_gallery gallery_id=\u00bb10282&#8243; slider_transition=\u00bbfade\u00bb show_thumbs=\u00bbyes\u00bb autoplay=\u00bbyes\u00bb show_captions=\u00bbyes\u00bb enable_lightbox=\u00bbno\u00bb width=\u00bb1\/1&#8243; el_position=\u00bbfirst last\u00bb] [spb_accordion width=\u00bb1\/1&#8243; el_position=\u00bbfirst last\u00bb] [spb_accordion_tab title=\u00bbReconocimientos\u00bb accordion_id=\u00bb\u00bb icon=\u00bb\u00bb] [spb_text_block pb_margin_bottom=\u00bbno\u00bb pb_border_bottom=\u00bbno\u00bb width=\u00bb1\/1&#8243; el_position=\u00bbfirst last\u00bb] Nuestra escuela es reconocida: &#8211; por [&hellip;]<\/p>\n","protected":false},"author":27,"featured_media":0,"parent":0,"menu_order":0,"comment_status":"closed","ping_status":"closed","template":"","meta":{"_joinchat":[],"footnotes":""},"class_list":["post-9730","page","type-page","status-publish","hentry"],"aioseo_notices":[],"_links":{"self":[{"href":"https:\/\/adg.it\/es\/wp-json\/wp\/v2\/pages\/9730","targetHints":{"allow":["GET"]}}],"collection":[{"href":"https:\/\/adg.it\/es\/wp-json\/wp\/v2\/pages"}],"about":[{"href":"https:\/\/adg.it\/es\/wp-json\/wp\/v2\/types\/page"}],"author":[{"embeddable":true,"href":"https:\/\/adg.it\/es\/wp-json\/wp\/v2\/users\/27"}],"replies":[{"embeddable":true,"href":"https:\/\/adg.it\/es\/wp-json\/wp\/v2\/comments?post=9730"}],"version-history":[{"count":0,"href":"https:\/\/adg.it\/es\/wp-json\/wp\/v2\/pages\/9730\/revisions"}],"wp:attachment":[{"href":"https:\/\/adg.it\/es\/wp-json\/wp\/v2\/media?parent=9730"}],"curies":[{"name":"wp","href":"https:\/\/api.w.org\/{rel}","templated":true}]}}