{"id":9709,"date":"2015-06-30T10:32:21","date_gmt":"2015-06-30T10:32:21","guid":{"rendered":"http:\/\/wp.adg.it\/?page_id=9709"},"modified":"2026-03-30T11:13:52","modified_gmt":"2026-03-30T11:13:52","slug":"reglamento","status":"publish","type":"page","link":"https:\/\/adg.it\/es\/reglamento\/","title":{"rendered":"Reglamento"},"content":{"rendered":"<p>[spb_column width=\u00bb2\/3&#8243; el_position=\u00bbfirst\u00bb] [spb_text_block pb_margin_bottom=\u00bbno\u00bb pb_border_bottom=\u00bbno\u00bb width=\u00bb1\/1&#8243; el_position=\u00bbfirst last\u00bb]\n<p><strong>Duraci\u00f3n de las clases<\/strong>: Una hora lectiva es de 45 minutos para las clases de italiano en grupo y de 60 minutos para las clases de arte (a menos que se especifique lo contrario).<\/p>\n<p><strong>Horario<\/strong>: El horario de la escuela puede estar sujeto a variaciones en d\u00edas festivos nacionales.<\/p>\n<p><strong>Matr\u00edcula m\u00ednima<\/strong>: La academia se reserva el derecho de cancelar cualquier curso que no cumpla con la inscripci\u00f3n m\u00ednima de tres estudiantes. En tales casos, se reembolsar\u00e1 el importe \u00edntegro.<\/p>\n<p><strong>Sustituci\u00f3n de profesores<\/strong>: La academia se reserva el derecho de sustituir a los profesores de cualquier curso o taller con poca antelaci\u00f3n o durante la sesi\u00f3n.<\/p>\n<p><strong>Fuerza mayor<\/strong>: Aconsejamos encarecidamente a los participantes que adquieran un seguro de viaje para cubrir circunstancias imprevistas (fuerza mayor) que puedan provocar la cancelaci\u00f3n del curso y posibles p\u00e9rdidas en concepto de billetes de avi\u00f3n y alojamiento.<\/p>\n<p><strong>Responsabilidad de los estudiantes<\/strong>: Los estudiantes son responsables de cualquier da\u00f1o que causen a la propiedad de la escuela.<\/p>\n<p><strong>Responsabilidad de la escuela<\/strong>: La academia no se hace responsable de los da\u00f1os, p\u00e9rdidas o lesiones sufridos por los estudiantes durante sus estudios.<\/p>\n<p><strong>Pol\u00edtica de cancelaci\u00f3n<\/strong>:<\/p>\n<ul>\n<li>El dep\u00f3sito pagado es totalmente reembolsable solo si el estudiante ha contratado la \u00abopci\u00f3n Flex\u00bb. En todos los dem\u00e1s casos, el dep\u00f3sito no es reembolsable.<\/li>\n<li>La opci\u00f3n \u00abFlex\u00bb no es reembolsable.<\/li>\n<li>Los alumnos matriculados en un curso privado que hayan abonado el importe \u00edntegro tienen derecho a un reembolso del 80 % del importe, siempre que la cancelaci\u00f3n se comunique con al menos 7 d\u00edas de antelaci\u00f3n. Pasado ese plazo, no se realizar\u00e1 ning\u00fan reembolso.<\/li>\n<li>Solicitud de visado: Los estudiantes que soliciten un visado de estudiante y dispongan de una carta de aceptaci\u00f3n de nuestra academia recibir\u00e1n un reembolso del 80% del dep\u00f3sito previa presentaci\u00f3n de la prueba de denegaci\u00f3n del visado (por ejemplo, carta de la Embajada\/Consulado italiano).<\/li>\n<li>Llegada Tarde\/Salida Temprana: No se conceder\u00e1n reembolsos por llegadas tard\u00edas o salidas anticipadas durante un curso.<\/li>\n<\/ul>\n<p><strong>Cambios de curso<\/strong>: Los estudiantes que deseen cambiar el tipo de curso o las fechas del mismo podr\u00e1n hacerlo previa autorizaci\u00f3n de la direcci\u00f3n de la escuela. No obstante, deber\u00e1n abonar una tasa administrativa adicional de 50 \u20ac.<\/p>\n<p><strong>Gastos bancarios<\/strong>: Los estudiantes son responsables de los gastos de transferencia bancaria asociados a su inscripci\u00f3n.<\/p>\n<p><strong>Problemas entre profesores y alumnos<\/strong>:La academia har\u00e1 todos los esfuerzos razonables para garantizar un profesor y un curso adecuados. Sin embargo, no nos hacemos responsables de ning\u00fan problema entre profesor y alumno que escape a nuestro control.<\/p>\n<p><strong>Aceptaci\u00f3n de las condiciones y resoluci\u00f3n de conflictos<\/strong>: Al matricularse, el estudiante reconoce y acepta estos t\u00e9rminos y condiciones.Cualquier disputa que surja de este acuerdo se resolver\u00e1 en el tribunal competente de Florencia, Italia.<\/p>\n[\/spb_text_block] [\/spb_column] [spb_column width=\u00bb1\/3&#8243; el_position=\u00bblast\u00bb] [spb_single_image image=\u00bb9713&#8243; image_size=\u00bbfull\u00bb frame=\u00bbshadowframe\u00bb intro_animation=\u00bbnone\u00bb full_width=\u00bbno\u00bb lightbox=\u00bbno\u00bb link_target=\u00bb_self\u00bb width=\u00bb1\/1&#8243; el_position=\u00bbfirst last\u00bb] [blank_spacer height=\u00bb30px\u00bb width=\u00bb1\/1&#8243; el_position=\u00bbfirst last\u00bb] [spb_text_block title=\u00bbCont\u00e1ctanos\u00bb pb_margin_bottom=\u00bbno\u00bb pb_border_bottom=\u00bbno\u00bb width=\u00bb1\/1&#8243; el_position=\u00bbfirst last\u00bb]\n<div class=\"wpforms-container wpforms-container-full\" id=\"wpforms-18575\"><form id=\"wpforms-form-18575\" class=\"wpforms-validate wpforms-form wpforms-ajax-form\" data-formid=\"18575\" method=\"post\" enctype=\"multipart\/form-data\" action=\"\/es\/wp-json\/wp\/v2\/pages\/9709\" data-token=\"a2ec9be37cefbb4256fe17f2e4c990bd\" data-token-time=\"1777168748\"><noscript class=\"wpforms-error-noscript\">Por favor, activa JavaScript en tu navegador para completar este formulario.<\/noscript><div class=\"wpforms-field-container\"><div id=\"wpforms-18575-field_6-container\" class=\"wpforms-field wpforms-field-name\" data-field-id=\"6\"><label class=\"wpforms-field-label\">Nombre <span class=\"wpforms-required-label\">*<\/span><\/label><div class=\"wpforms-field-row wpforms-field-large\"><div class=\"wpforms-field-row-block wpforms-first wpforms-one-half\"><input type=\"text\" id=\"wpforms-18575-field_6\" class=\"wpforms-field-name-first wpforms-field-required\" name=\"wpforms[fields][6][first]\" placeholder=\"Tu nombre\" required><label for=\"wpforms-18575-field_6\" class=\"wpforms-field-sublabel after\">First<\/label><\/div><div class=\"wpforms-field-row-block wpforms-one-half\"><input type=\"text\" id=\"wpforms-18575-field_6-last\" class=\"wpforms-field-name-last wpforms-field-required\" name=\"wpforms[fields][6][last]\" placeholder=\"Tu apellido\" required><label for=\"wpforms-18575-field_6-last\" class=\"wpforms-field-sublabel after\">Last<\/label><\/div><\/div><\/div><div id=\"wpforms-18575-field_1-container\" class=\"wpforms-field wpforms-field-email\" data-field-id=\"1\"><label class=\"wpforms-field-label\" for=\"wpforms-18575-field_1\">Correo electr\u00f3nico <span class=\"wpforms-required-label\">*<\/span><\/label><input type=\"email\" id=\"wpforms-18575-field_1\" class=\"wpforms-field-large wpforms-field-required\" name=\"wpforms[fields][1]\" placeholder=\"Tu correo electr\u00f3nico\" spellcheck=\"false\" required><\/div><div id=\"wpforms-18575-field_2-container\" class=\"wpforms-field wpforms-field-textarea\" data-field-id=\"2\"><label class=\"wpforms-field-label\" for=\"wpforms-18575-field_2\">Mensaje <span class=\"wpforms-required-label\">*<\/span><\/label><textarea id=\"wpforms-18575-field_2\" class=\"wpforms-field-medium wpforms-field-required\" name=\"wpforms[fields][2]\" placeholder=\"Escribe aqu\u00ed tu mensaje\" required><\/textarea><\/div><\/div><!-- .wpforms-field-container --><div class=\"wpforms-field wpforms-field-hp\"><label for=\"wpforms-18575-field-hp\" class=\"wpforms-field-label\">Email<\/label><input type=\"text\" name=\"wpforms[hp]\" id=\"wpforms-18575-field-hp\" class=\"wpforms-field-medium\"><\/div><div class=\"wpforms-submit-container\" ><input type=\"hidden\" name=\"wpforms[id]\" value=\"18575\"><input type=\"hidden\" name=\"page_title\" value=\"\"><input type=\"hidden\" name=\"page_url\" value=\"https:\/\/adg.it\/es\/wp-json\/wp\/v2\/pages\/9709\"><input type=\"hidden\" name=\"url_referer\" value=\"\"><button type=\"submit\" name=\"wpforms[submit]\" id=\"wpforms-submit-18575\" class=\"wpforms-submit\" data-alt-text=\"Enviando...\" data-submit-text=\"Enviar\" aria-live=\"assertive\" value=\"wpforms-submit\">Enviar<\/button><img loading=\"lazy\" decoding=\"async\" src=\"https:\/\/adg.it\/wp-content\/plugins\/wpforms\/assets\/images\/submit-spin.svg\" class=\"wpforms-submit-spinner\" style=\"display: none;\" width=\"26\" height=\"26\" alt=\"Cargando\"><\/div><\/form><\/div>  <!-- .wpforms-container -->\n[\/spb_text_block] [\/spb_column]<\/p>\n","protected":false},"excerpt":{"rendered":"<p>[spb_column width=\u00bb2\/3&#8243; el_position=\u00bbfirst\u00bb] [spb_text_block pb_margin_bottom=\u00bbno\u00bb pb_border_bottom=\u00bbno\u00bb width=\u00bb1\/1&#8243; el_position=\u00bbfirst last\u00bb] Duraci\u00f3n de las clases: Una hora lectiva es de 45 minutos para las clases de italiano en grupo y de 60 minutos para las clases de arte (a menos que se especifique lo contrario). Horario: El horario de la escuela puede estar sujeto a variaciones en d\u00edas festivos nacionales. Matr\u00edcula m\u00ednima: [&hellip;]<\/p>\n","protected":false},"author":27,"featured_media":0,"parent":0,"menu_order":0,"comment_status":"closed","ping_status":"closed","template":"","meta":{"_joinchat":[],"footnotes":""},"class_list":["post-9709","page","type-page","status-publish","hentry"],"aioseo_notices":[],"_links":{"self":[{"href":"https:\/\/adg.it\/es\/wp-json\/wp\/v2\/pages\/9709","targetHints":{"allow":["GET"]}}],"collection":[{"href":"https:\/\/adg.it\/es\/wp-json\/wp\/v2\/pages"}],"about":[{"href":"https:\/\/adg.it\/es\/wp-json\/wp\/v2\/types\/page"}],"author":[{"embeddable":true,"href":"https:\/\/adg.it\/es\/wp-json\/wp\/v2\/users\/27"}],"replies":[{"embeddable":true,"href":"https:\/\/adg.it\/es\/wp-json\/wp\/v2\/comments?post=9709"}],"version-history":[{"count":4,"href":"https:\/\/adg.it\/es\/wp-json\/wp\/v2\/pages\/9709\/revisions"}],"predecessor-version":[{"id":27766,"href":"https:\/\/adg.it\/es\/wp-json\/wp\/v2\/pages\/9709\/revisions\/27766"}],"wp:attachment":[{"href":"https:\/\/adg.it\/es\/wp-json\/wp\/v2\/media?parent=9709"}],"curies":[{"name":"wp","href":"https:\/\/api.w.org\/{rel}","templated":true}]}}