{"id":9582,"date":"2015-06-23T14:08:36","date_gmt":"2015-06-23T14:08:36","guid":{"rendered":"http:\/\/wp.adg.it\/?page_id=9582"},"modified":"2025-01-16T12:14:41","modified_gmt":"2025-01-16T12:14:41","slug":"curso-preparacion-bellas-artes","status":"publish","type":"page","link":"https:\/\/adg.it\/es\/curso-preparacion-bellas-artes\/","title":{"rendered":"Curso de preparaci\u00f3n para las Academias de Bellas Artes"},"content":{"rendered":"<p>[spb_column width=\u00bb2\/3&#8243; el_position=\u00bbfirst\u00bb] [spb_text_block title=\u00bbCurso de preparaci\u00f3n\u00bb pb_margin_bottom=\u00bbno\u00bb pb_border_bottom=\u00bbno\u00bb width=\u00bb1\/1&#8243; el_position=\u00bbfirst last\u00bb]\n<p>La Accademia del Giglio tiene una gran experiencia en la organizaci\u00f3n de cursos de preparaci\u00f3n para los ex\u00e1menes de admisi\u00f3n (a estudiantes extranjeros e italianos) a las Academias de Bellas Artes estatales (en <a href=\"http:\/\/www.accademia.firenze.it\/\">Florencia<\/a> y otras sedes) con la finalidad de obtener los diplomas de <strong>Pintura, Escultura, Decoraci\u00f3n, Escenograf\u00eda <\/strong>y<strong> Gr\u00e1ficos<\/strong>.<\/p>\n<p>El examen de admisi\u00f3n a la Academia de Bellas Artes tiene lugar durante los primeros d\u00edas del mes de octubre.<\/p>\n<p>El curso tiene una duraci\u00f3n variabile durante el cual los alumnos estudiar\u00e1n\u00a0elementos de la historia del arte,\u00a0perspectiva,\u00a0desnudo y otras t\u00e9cnicas\u00a0art\u00edsticas dirigidas a aprobar el examen.<\/p>\n<p>Los estudiantes\u00a0se someter\u00e1n a una o m\u00e1s <strong>simulaciones del examen<\/strong>, con lo que podr\u00e1n afrontar con seguridad todas las pruebas\u00a0que le ser\u00e1n propuestas.<\/p>\n<p>Se hace constar que nuestro instituto puede proveer informaci\u00f3n detallada sobre los procedimientos a seguir para la inscripci\u00f3n a las Academias de Bellas Artes italianas.<\/p>\n[\/spb_text_block] [sf_gallery gallery_id=\u00bb9045&#8243; slider_transition=\u00bbfade\u00bb show_thumbs=\u00bbyes\u00bb autoplay=\u00bbyes\u00bb show_captions=\u00bbyes\u00bb enable_lightbox=\u00bbno\u00bb width=\u00bb1\/1&#8243; el_position=\u00bbfirst last\u00bb] [spb_accordion width=\u00bb1\/1&#8243; el_position=\u00bbfirst last\u00bb] [spb_accordion_tab title=\u00bbPrecio\u00bb accordion_id=\u00bb\u00bb icon=\u00bb\u00bb] [spb_text_block title=\u00bb14 horas a semanas\u00bb pb_margin_bottom=\u00bbno\u00bb pb_border_bottom=\u00bbno\u00bb width=\u00bb1\/1&#8243; el_position=\u00bbfirst last\u00bb]\n<p>BA1, 1 semana, 14 horas \u20ac335<br \/>\nBA2, 2 semanas, 28 horas \u20ac585<br \/>\nBA4, 4 semanas, 56 horas \u20ac895<br \/>\nBA8, 8 semanas, 112 horas \u20ac1635<br \/>\nBA12, 12 semanas, 168 horas \u20ac2355<\/p>\n[\/spb_text_block] [spb_text_block title=\u00bb20 horas por semana\u00bb pb_margin_bottom=\u00bbno\u00bb pb_border_bottom=\u00bbno\u00bb width=\u00bb1\/1&#8243; el_position=\u00bbfirst last\u00bb]\n<p>BA1+, 1 semana, 20 horas \u20ac375<br \/>\nBA2+, 2 semanas, 40 horas \u20ac655<br \/>\nBA4+, 4 semanas, 80 horas \u20ac1175<br \/>\nBA8+, 8 semanas, 160 horas \u20ac2115<br \/>\nBA12+, 12 semanas, 240 horas \u20ac3135<\/p>\n[\/spb_text_block] [spb_text_block title=\u00bb30 horas por semana\u00bb pb_margin_bottom=\u00bbno\u00bb pb_border_bottom=\u00bbno\u00bb width=\u00bb1\/1&#8243; el_position=\u00bbfirst last\u00bb]\n<p>BA30, 1 semana, 30 horas \u20ac565<\/p>\n[\/spb_text_block] [\/spb_accordion_tab] [spb_accordion_tab title=\u00bbEl precio incluye\u00bb accordion_id=\u00bb\u00bb icon=\u00bb\u00bb] [spb_text_block pb_margin_bottom=\u00bbno\u00bb pb_border_bottom=\u00bbno\u00bb width=\u00bb1\/1&#8243; el_position=\u00bbfirst last\u00bb]\n<p>Material b\u00e1sico (papel para dise\u00f1ar y l\u00e1piz).<\/p>\n[\/spb_text_block] [\/spb_accordion_tab] [spb_accordion_tab title=\u00bbFechas del curso\u00bb accordion_id=\u00bb\u00bb icon=\u00bb\u00bb] [spb_text_block pb_margin_bottom=\u00bbno\u00bb pb_border_bottom=\u00bbno\u00bb width=\u00bb1\/1&#8243; el_position=\u00bbfirst last\u00bb]\n<p>Inicio del curso: <strong>cualquier semana<\/strong><\/p>\n<p><strong>C\u00f3digo del curso: BA1 \u00f3 BA1+<\/strong><br \/>\n1 semana, 14 \u00f3 20 horas<\/p>\n<p><strong>C\u00f3digo del curso: BA2 \u00f3 BA2+<\/strong><br \/>\n2 semanas, 28 \u00f3 40 horas<\/p>\n<p><strong>C\u00f3digo del curso: BA4 \u00f3 BA4+<\/strong><br \/>\n4 semanas, 56 \u00f3 80 horas<\/p>\n<p><strong>C\u00f3digo del curso: BA8 \u00f3 BA8+<\/strong><br \/>\n8\u00a0semanas, 112 \u00f3 160 horas<\/p>\n<p><strong>C\u00f3digo del curso: BA12 \u00f3 BA12+<\/strong><br \/>\n12\u00a0semanas, 168 \u00f3 240 horas<\/p>\n[\/spb_text_block] [\/spb_accordion_tab] [spb_accordion_tab title=\u00bbHorario\u00bb accordion_id=\u00bb\u00bb icon=\u00bb\u00bb] [spb_text_block pb_margin_bottom=\u00bbno\u00bb pb_border_bottom=\u00bbno\u00bb width=\u00bb1\/1&#8243; el_position=\u00bbfirst last\u00bb]\n<p><strong>14 horas<\/strong> semanales:<\/p>\n<p>de lunes a jueves, de 10.00 a 13.00 horas, y viernes, de 10.00 a 12.00 horas<br \/>\no<br \/>\nde lunes a jueves, de 13.30 a 17.00 horas.<\/p>\n<p><strong>20 horas<\/strong> semanales:<\/p>\n<p>De lunes a jueves, de 11.30 a 13.00 horas y de 13.30 a 17.00 horas.<\/p>\n<p><strong>30 horas<\/strong> semanales:<\/p>\n<p>De lunes a viernes, de 10.00 a 13.00 h.<br \/>\ny<br \/>\nde lunes a jueves, de 13:30 a 17:00.<\/p>\n[\/spb_text_block] [\/spb_accordion_tab] [\/spb_accordion] [\/spb_column] [spb_column width=\u00bb1\/3&#8243; el_position=\u00bblast\u00bb] [spb_single_image image=\u00bb8169&#8243; image_size=\u00bbfull\u00bb frame=\u00bbshadowframe\u00bb intro_animation=\u00bbnone\u00bb full_width=\u00bbno\u00bb lightbox=\u00bbyes\u00bb link_target=\u00bb_self\u00bb width=\u00bb1\/1&#8243; el_position=\u00bbfirst last\u00bb] [spb_single_image image=\u00bb13501&#8243; image_size=\u00bbfull\u00bb frame=\u00bbshadowframe\u00bb intro_animation=\u00bbnone\u00bb full_width=\u00bbno\u00bb lightbox=\u00bbyes\u00bb image_link=\u00bbhttps:\/\/adg.it\/it\/prodotto\/preparazione-accademie\/\u00bb link_target=\u00bb_self\u00bb width=\u00bb1\/1&#8243; el_position=\u00bbfirst last\u00bb] [spb_text_block title=\u00bbCont\u00e1ctanos\u00bb pb_margin_bottom=\u00bbno\u00bb pb_border_bottom=\u00bbno\u00bb width=\u00bb1\/1&#8243; el_position=\u00bbfirst last\u00bb]\n<div class=\"wpforms-container wpforms-container-full\" id=\"wpforms-18575\"><form id=\"wpforms-form-18575\" class=\"wpforms-validate wpforms-form wpforms-ajax-form\" data-formid=\"18575\" method=\"post\" enctype=\"multipart\/form-data\" action=\"\/es\/wp-json\/wp\/v2\/pages\/9582\" data-token=\"aca0ab2dc6a052b6f8c2478af0fbada1\" data-token-time=\"1775264059\"><noscript class=\"wpforms-error-noscript\">Por favor, activa JavaScript en tu navegador para completar este formulario.<\/noscript><div class=\"wpforms-field-container\"><div id=\"wpforms-18575-field_6-container\" class=\"wpforms-field wpforms-field-name\" data-field-id=\"6\"><label class=\"wpforms-field-label\">Nombre <span class=\"wpforms-required-label\">*<\/span><\/label><div class=\"wpforms-field-row wpforms-field-large\"><div class=\"wpforms-field-row-block wpforms-first wpforms-one-half\"><input type=\"text\" id=\"wpforms-18575-field_6\" class=\"wpforms-field-name-first wpforms-field-required\" name=\"wpforms[fields][6][first]\" placeholder=\"Tu nombre\" required><label for=\"wpforms-18575-field_6\" class=\"wpforms-field-sublabel after\">First<\/label><\/div><div class=\"wpforms-field-row-block wpforms-one-half\"><input type=\"text\" id=\"wpforms-18575-field_6-last\" class=\"wpforms-field-name-last wpforms-field-required\" name=\"wpforms[fields][6][last]\" placeholder=\"Tu apellido\" required><label for=\"wpforms-18575-field_6-last\" class=\"wpforms-field-sublabel after\">Last<\/label><\/div><\/div><\/div><div id=\"wpforms-18575-field_1-container\" class=\"wpforms-field wpforms-field-email\" data-field-id=\"1\"><label class=\"wpforms-field-label\" for=\"wpforms-18575-field_1\">Correo electr\u00f3nico <span class=\"wpforms-required-label\">*<\/span><\/label><input type=\"email\" id=\"wpforms-18575-field_1\" class=\"wpforms-field-large wpforms-field-required\" name=\"wpforms[fields][1]\" placeholder=\"Tu correo electr\u00f3nico\" spellcheck=\"false\" required><\/div><div id=\"wpforms-18575-field_2-container\" class=\"wpforms-field wpforms-field-textarea\" data-field-id=\"2\"><label class=\"wpforms-field-label\" for=\"wpforms-18575-field_2\">Mensaje <span class=\"wpforms-required-label\">*<\/span><\/label><textarea id=\"wpforms-18575-field_2\" class=\"wpforms-field-medium wpforms-field-required\" name=\"wpforms[fields][2]\" placeholder=\"Escribe aqu\u00ed tu mensaje\" required><\/textarea><\/div><\/div><!-- .wpforms-field-container --><div class=\"wpforms-field wpforms-field-hp\"><label for=\"wpforms-18575-field-hp\" class=\"wpforms-field-label\">Email<\/label><input type=\"text\" name=\"wpforms[hp]\" id=\"wpforms-18575-field-hp\" class=\"wpforms-field-medium\"><\/div><div class=\"wpforms-submit-container\" ><input type=\"hidden\" name=\"wpforms[id]\" value=\"18575\"><input type=\"hidden\" name=\"page_title\" value=\"\"><input type=\"hidden\" name=\"page_url\" value=\"https:\/\/adg.it\/es\/wp-json\/wp\/v2\/pages\/9582\"><input type=\"hidden\" name=\"url_referer\" value=\"\"><button type=\"submit\" name=\"wpforms[submit]\" id=\"wpforms-submit-18575\" class=\"wpforms-submit\" data-alt-text=\"Enviando...\" data-submit-text=\"Enviar\" aria-live=\"assertive\" value=\"wpforms-submit\">Enviar<\/button><img loading=\"lazy\" decoding=\"async\" src=\"https:\/\/adg.it\/wp-content\/plugins\/wpforms\/assets\/images\/submit-spin.svg\" class=\"wpforms-submit-spinner\" style=\"display: none;\" width=\"26\" height=\"26\" alt=\"Cargando\"><\/div><\/form><\/div>  <!-- .wpforms-container -->\n[\/spb_text_block] [\/spb_column]<\/p>\n","protected":false},"excerpt":{"rendered":"<p>[spb_column width=\u00bb2\/3&#8243; el_position=\u00bbfirst\u00bb] [spb_text_block title=\u00bbCurso de preparaci\u00f3n\u00bb pb_margin_bottom=\u00bbno\u00bb pb_border_bottom=\u00bbno\u00bb width=\u00bb1\/1&#8243; el_position=\u00bbfirst last\u00bb] La Accademia del Giglio tiene una gran experiencia en la organizaci\u00f3n de cursos de preparaci\u00f3n para los ex\u00e1menes de admisi\u00f3n (a estudiantes extranjeros e italianos) a las Academias de Bellas Artes estatales (en Florencia y otras sedes) con la finalidad de obtener los diplomas de Pintura, Escultura, Decoraci\u00f3n, [&hellip;]<\/p>\n","protected":false},"author":27,"featured_media":0,"parent":0,"menu_order":0,"comment_status":"closed","ping_status":"closed","template":"","meta":{"_joinchat":[],"footnotes":""},"class_list":["post-9582","page","type-page","status-publish","hentry"],"aioseo_notices":[],"_links":{"self":[{"href":"https:\/\/adg.it\/es\/wp-json\/wp\/v2\/pages\/9582","targetHints":{"allow":["GET"]}}],"collection":[{"href":"https:\/\/adg.it\/es\/wp-json\/wp\/v2\/pages"}],"about":[{"href":"https:\/\/adg.it\/es\/wp-json\/wp\/v2\/types\/page"}],"author":[{"embeddable":true,"href":"https:\/\/adg.it\/es\/wp-json\/wp\/v2\/users\/27"}],"replies":[{"embeddable":true,"href":"https:\/\/adg.it\/es\/wp-json\/wp\/v2\/comments?post=9582"}],"version-history":[{"count":2,"href":"https:\/\/adg.it\/es\/wp-json\/wp\/v2\/pages\/9582\/revisions"}],"predecessor-version":[{"id":25864,"href":"https:\/\/adg.it\/es\/wp-json\/wp\/v2\/pages\/9582\/revisions\/25864"}],"wp:attachment":[{"href":"https:\/\/adg.it\/es\/wp-json\/wp\/v2\/media?parent=9582"}],"curies":[{"name":"wp","href":"https:\/\/api.w.org\/{rel}","templated":true}]}}