{"id":9530,"date":"2015-06-22T09:09:34","date_gmt":"2015-06-22T09:09:34","guid":{"rendered":"http:\/\/wp.adg.it\/testimonials-2"},"modified":"2015-10-21T10:28:16","modified_gmt":"2015-10-21T10:28:16","slug":"testimonials","status":"publish","type":"page","link":"https:\/\/adg.it\/es\/testimonials\/","title":{"rendered":"Testimonials"},"content":{"rendered":"<p>[spb_column width=\u00bb1\/3&#8243; el_position=\u00bbfirst\u00bb] [spb_text_block pb_margin_bottom=\u00bbno\u00bb pb_border_bottom=\u00bbno\u00bb width=\u00bb1\/1&#8243; el_position=\u00bbfirst last\u00bb]\n<p><span style=\"line-height: 1.5;\"><span id=\"result_box\" class=\"\" lang=\"es\"><span class=\"hps alt-edited\">Estos son<\/span> <span class=\"hps\">algunas de las<\/span> <span class=\"hps\">cartas y correos electr\u00f3nicos<\/span> <span class=\"hps\">que recibimos de<\/span> <span class=\"hps\">nuestros antiguos alumnos<\/span>.<\/p>\n<p><span class=\"hps\">Puede encontrar<\/span> <span class=\"hps\">m\u00e1s testimonios<\/span> <span class=\"hps\">y tal vez<\/span> <span class=\"hps\">en contacto con ellos<\/span>, <span class=\"hps\">en nuestra p\u00e1gina de<\/span><\/span>\u00a0<\/span><a style=\"line-height: 1.5;\" href=\"https:\/\/www.facebook.com\/AccademiaGiglio\" target=\"_blank\">Facebook<\/a><span style=\"line-height: 1.5;\">.<\/span><\/p>\n[\/spb_text_block] [spb_single_image image=\u00bb9520&#8243; image_size=\u00bbfull\u00bb frame=\u00bbglowframe\u00bb intro_animation=\u00bbnone\u00bb full_width=\u00bbno\u00bb lightbox=\u00bbno\u00bb link_target=\u00bb_self\u00bb width=\u00bb1\/1&#8243; el_position=\u00bbfirst last\u00bb] [\/spb_column] [spb_column width=\u00bb2\/3&#8243; el_position=\u00bblast\u00bb] [spb_accordion active_section=\u00bb0&#8243; width=\u00bb1\/1&#8243; el_position=\u00bbfirst last\u00bb] [spb_accordion_tab title=\u00bbSpanish\u00bb accordion_id=\u00bb\u00bb icon=\u00bb\u00bb] [spb_text_block title=\u00bbEduardo &#8211; Argentina\u00bb pb_margin_bottom=\u00bbno\u00bb pb_border_bottom=\u00bbno\u00bb width=\u00bb1\/1&#8243; el_position=\u00bbfirst last\u00bb]\n<p>Estimados amigos,<\/p>\n<p>(&#8230;) Aun recuerdo las magnificas clases de gram\u00e1tica y vocabulario italianos que Roberto me ha dado, sobre todo las que trataban de esas\u00a0 particulas \u00abCE\u00bb y \u00abNE\u00bb cuyo uso resulta tan dificil a los hispanohablantes.<\/p>\n<p>Tampoco puedo olvidar las interesant\u00edsimas conversaciones que mantuve con Lorenzo sobre la politica, economia y cultura italianas de los siglos XIX y XX.<\/p>\n<p>No puedo dejar de mencionar las muy buenas clases de dibujo que me imparti\u00f3 Biserka, con quien logr\u00e9 que un dibujo de un modelo en yeso de un ni\u00f1o no pareciera una adolescente sino realmente un ni\u00f1o.<\/p>\n<p>No quiero dejar de lado la tan cordial acogida que me han brindado la familia (&#8230;) quien hasta me ayud\u00f3 en dos ocasiones a hacer los deberes.\u00a0 (\u00abi compiti\u00bb)<\/p>\n<p>Por uitimo mi agradecimiento a la simpatiqu\u00edsima Cecilia por todas us atenciones y a Alinde (que desafortunadamente s\u00f3lo pude conocer via Skype) por haber sido mi via de contacto con tan prestigiosa academia.<\/p>\n<p>Un abrazo para todos<\/p>\n<p>Eduardo<\/p>\n[\/spb_text_block] [spb_text_block title=\u00bbAlinde &#8211; Mexico\u00bb pb_margin_bottom=\u00bbno\u00bb pb_border_bottom=\u00bbno\u00bb width=\u00bb1\/1&#8243; el_position=\u00bbfirst last\u00bb]\n<p>Escoger una escuela para estudiar idiomas en el extranjero no es una decisi\u00f2n f\u00e0cil ya que se necesitan analizar varias cosas que repercuten en el aprendizaje. Mientras buscaba una escuela para estudiar italiano me encontr\u00e9 con varias posibilidades pero me alegro de haber escogido a la Accademia del Giglio para estudiar italiano en Florencia, ya que cumple con todos los requisitos que hacen de una escuela un punto de reuni\u00f2n, cuenta con un staff de profesores altamente calificados y preparados que llevan a cabo actividades extra-escolares que ayudan a los alumnos a integrarse al resto del grupo, haciendo placentera la estancia de cada uno de los integrantes de esta instituci\u00f2n.<br \/>\nAccademia del Giglio es una de las mejores decisiones que he hecho en mi vida, me encontr\u00e9 con maestros que estaban siempre disponibles para ayudarme en cualquier dificultad, me proporcionaban todo tipo de asesoria y me brindaron la posibilidad de conocer personas que hicieron de la mia estancia en Florencia toda una experiencia.<\/p>\n[\/spb_text_block] [\/spb_accordion_tab] [spb_accordion_tab title=\u00bbItalian\u00bb accordion_id=\u00bb\u00bb icon=\u00bb\u00bb] [spb_text_block pb_margin_bottom=\u00bbno\u00bb pb_border_bottom=\u00bbno\u00bb width=\u00bb1\/1&#8243; el_position=\u00bbfirst last\u00bb]\n<p>Commenti in <a href=\"http:\/\/adg.it\/it\/testimonials\">italiano<\/a>.<\/p>\n[\/spb_text_block] [\/spb_accordion_tab] [\/spb_accordion] [\/spb_column]<\/p>\n","protected":false},"excerpt":{"rendered":"<p>[spb_column width=\u00bb1\/3&#8243; el_position=\u00bbfirst\u00bb] [spb_text_block pb_margin_bottom=\u00bbno\u00bb pb_border_bottom=\u00bbno\u00bb width=\u00bb1\/1&#8243; el_position=\u00bbfirst last\u00bb] Estos son algunas de las cartas y correos electr\u00f3nicos que recibimos de nuestros antiguos alumnos. Puede encontrar m\u00e1s testimonios y tal vez en contacto con ellos, en nuestra p\u00e1gina de\u00a0Facebook. [\/spb_text_block] [spb_single_image image=\u00bb9520&#8243; image_size=\u00bbfull\u00bb frame=\u00bbglowframe\u00bb intro_animation=\u00bbnone\u00bb full_width=\u00bbno\u00bb lightbox=\u00bbno\u00bb link_target=\u00bb_self\u00bb width=\u00bb1\/1&#8243; el_position=\u00bbfirst last\u00bb] [\/spb_column] [spb_column width=\u00bb2\/3&#8243; el_position=\u00bblast\u00bb] [spb_accordion active_section=\u00bb0&#8243; width=\u00bb1\/1&#8243; el_position=\u00bbfirst last\u00bb] [&hellip;]<\/p>\n","protected":false},"author":27,"featured_media":0,"parent":0,"menu_order":0,"comment_status":"closed","ping_status":"closed","template":"","meta":{"_joinchat":[],"footnotes":""},"class_list":["post-9530","page","type-page","status-publish","hentry"],"aioseo_notices":[],"_links":{"self":[{"href":"https:\/\/adg.it\/es\/wp-json\/wp\/v2\/pages\/9530","targetHints":{"allow":["GET"]}}],"collection":[{"href":"https:\/\/adg.it\/es\/wp-json\/wp\/v2\/pages"}],"about":[{"href":"https:\/\/adg.it\/es\/wp-json\/wp\/v2\/types\/page"}],"author":[{"embeddable":true,"href":"https:\/\/adg.it\/es\/wp-json\/wp\/v2\/users\/27"}],"replies":[{"embeddable":true,"href":"https:\/\/adg.it\/es\/wp-json\/wp\/v2\/comments?post=9530"}],"version-history":[{"count":0,"href":"https:\/\/adg.it\/es\/wp-json\/wp\/v2\/pages\/9530\/revisions"}],"wp:attachment":[{"href":"https:\/\/adg.it\/es\/wp-json\/wp\/v2\/media?parent=9530"}],"curies":[{"name":"wp","href":"https:\/\/api.w.org\/{rel}","templated":true}]}}