{"id":9278,"date":"2015-03-03T14:41:13","date_gmt":"2015-03-03T14:41:13","guid":{"rendered":"http:\/\/wp.adg.it\/6016-2-2"},"modified":"2026-02-02T10:23:23","modified_gmt":"2026-02-02T10:23:23","slug":"personal","status":"publish","type":"page","link":"https:\/\/adg.it\/es\/personal\/","title":{"rendered":"El personal"},"content":{"rendered":"[team item_columns=\u00bb3&#8243; item_count=\u00bb12&#8243; category=\u00bbAll\u00bb pagination=\u00bbno\u00bb el_class=\u00bbpb0 mb0&#8243; width=\u00bb1\/1&#8243; el_position=\u00bbfirst last\u00bb] [blank_spacer height=\u00bb40px\u00bb width=\u00bb1\/1&#8243; el_position=\u00bbfirst last\u00bb] [spb_text_block title=\u00bbAsignaci\u00f3n de profesores: qu\u00e9 esperar\u00bb pb_margin_bottom=\u00bbno\u00bb pb_border_bottom=\u00bbno\u00bb width=\u00bb1\/1&#8243; el_position=\u00bbfirst last\u00bb]\n<div dir=\"auto\">Los futuros alumnos suelen preguntar qui\u00e9n ser\u00e1 su profesor mucho antes de la fecha de inicio del curso. Lamentablemente, no es posible determinar ni garantizar un profesor espec\u00edfico con meses de antelaci\u00f3n, ya que la programaci\u00f3n de las clases y la asignaci\u00f3n de profesores suelen concretarse unos 10 d\u00edas antes del inicio del curso.<\/div>\n<div dir=\"auto\"><\/div>\n<div dir=\"auto\">Adem\u00e1s, no es posible garantizar un profesor espec\u00edfico en todas las circunstancias, ya que pueden surgir situaciones imprevistas (como enfermedades, permisos personales o vacaciones).<\/div>\n<div dir=\"auto\"><\/div>\n<div dir=\"auto\">Lo que s\u00ed podemos garantizar es nuestro compromiso total de asignarle el profesor m\u00e1s adecuado para su curso: un profesional cualificado y atento que le apoyar\u00e1 paso a paso, teniendo en cuenta sus objetivos, intereses y habilidades art\u00edsticas. En caso necesario, la escuela siempre garantiza la continuidad de la ense\u00f1anza proporcionando un profesor sustituto cualificado.<\/div>\n<div dir=\"auto\"><\/div>\n[\/spb_text_block] [blank_spacer height=\u00bb40px\u00bb width=\u00bb1\/1&#8243; el_position=\u00bbfirst last\u00bb] [spb_text_block title=\u00bbM\u00e1s que artistas: profesores dedicados\u00bb pb_margin_bottom=\u00bbno\u00bb pb_border_bottom=\u00bbno\u00bb width=\u00bb1\/1&#8243; el_position=\u00bbfirst last\u00bb]\n<div dir=\"auto\">\n<div dir=\"auto\">Muchos futuros alumnos tambi\u00e9n preguntan si nuestros profesores son artistas consagrados o si su estilo art\u00edstico coincide con sus propias preferencias. Nos gustar\u00eda aclarar un punto importante: nuestros profesores son, ante todo, docentes, adem\u00e1s de artistas profesionales.<\/div>\n<div dir=\"auto\"><\/div>\n<div dir=\"auto\">Su mayor fortaleza no es solo su talento art\u00edstico, sino sobre todo su capacidad para ense\u00f1ar y transmitir con claridad conocimientos y habilidades, desarrollada a lo largo de muchos a\u00f1os de experiencia docente. Ser un buen artista no significa autom\u00e1ticamente ser un buen profesor.<br \/>\nIncluso si el gusto art\u00edstico personal de un instructor difiere del suyo, est\u00e1 plenamente cualificado para ense\u00f1ar una amplia gama de estilos, t\u00e9cnicas y enfoques art\u00edsticos de manera profesional y competente. La historia del arte tambi\u00e9n nos muestra que muchos grandes artistas, como Miguel \u00c1ngel, Vermeer o Caravaggio, no estaban particularmente interesados en ense\u00f1ar o trabajar en estrecha colaboraci\u00f3n con los estudiantes.<br \/>\nPor esta raz\u00f3n, nuestra prioridad es ofrecer excelentes profesores que puedan guiar y apoyar verdaderamente tu desarrollo art\u00edstico, en lugar de simplemente artistas conocidos o consagrados.<\/div>\n<div dir=\"auto\"><\/div>\n<div dir=\"auto\">Incluso si el gusto art\u00edstico personal de un instructor difiere del suyo, est\u00e1 plenamente cualificado para ense\u00f1ar una amplia gama de estilos, t\u00e9cnicas y enfoques art\u00edsticos de manera profesional y competente. La historia del arte tambi\u00e9n nos muestra que muchos grandes artistas, como Miguel \u00c1ngel, Vermeer o Caravaggio, no estaban particularmente interesados en ense\u00f1ar o trabajar en estrecha colaboraci\u00f3n con los estudiantes.<\/div>\n<div dir=\"auto\">Por esta raz\u00f3n, nuestra prioridad es ofrecer excelentes profesores que puedan guiar y apoyar verdaderamente tu desarrollo art\u00edstico, en lugar de simplemente artistas conocidos o consagrados.<\/div>\n<\/div>\n<div dir=\"auto\"><\/div>\n[\/spb_text_block] [blank_spacer height=\u00bb40px\u00bb width=\u00bb1\/1&#8243; el_position=\u00bbfirst last\u00bb] [impact_text include_button=\u00bbyes\u00bb button_style=\u00bbstandard\u00bb title=\u00bbM\u00e1s sobre AdG\u00bb href=\u00bbhttps:\/\/adg.it\/es\/sobre-accademia-del-giglio\/\u00bb color=\u00bbaccent\u00bb target=\u00bb_self\u00bb position=\u00bbcta_align_right\u00bb alt_background=\u00bbnone\u00bb width=\u00bb1\/1&#8243; el_position=\u00bbfirst last\u00bb]\n<p class=\"impact-text\">Accademia del Giglio \u2013 Bellas artes, lengua italiana y cultura en Florencia desde 1995<\/p>\n[\/impact_text] [blank_spacer height=\u00bb30px\u00bb width=\u00bb1\/1&#8243; el_position=\u00bbfirst last\u00bb]\n","protected":false},"excerpt":{"rendered":"<p>[team item_columns=\u00bb3&#8243; item_count=\u00bb12&#8243; category=\u00bbAll\u00bb pagination=\u00bbno\u00bb el_class=\u00bbpb0 mb0&#8243; width=\u00bb1\/1&#8243; el_position=\u00bbfirst last\u00bb] [blank_spacer height=\u00bb40px\u00bb width=\u00bb1\/1&#8243; el_position=\u00bbfirst last\u00bb] [spb_text_block title=\u00bbAsignaci\u00f3n de profesores: qu\u00e9 esperar\u00bb pb_margin_bottom=\u00bbno\u00bb pb_border_bottom=\u00bbno\u00bb width=\u00bb1\/1&#8243; el_position=\u00bbfirst last\u00bb] Los futuros alumnos suelen preguntar qui\u00e9n ser\u00e1 su profesor mucho antes de la fecha de inicio del curso. Lamentablemente, no es posible determinar ni garantizar un profesor espec\u00edfico con meses de antelaci\u00f3n, ya que [&hellip;]<\/p>\n","protected":false},"author":27,"featured_media":0,"parent":0,"menu_order":0,"comment_status":"closed","ping_status":"closed","template":"","meta":{"_joinchat":[],"footnotes":""},"class_list":["post-9278","page","type-page","status-publish","hentry"],"aioseo_notices":[],"_links":{"self":[{"href":"https:\/\/adg.it\/es\/wp-json\/wp\/v2\/pages\/9278","targetHints":{"allow":["GET"]}}],"collection":[{"href":"https:\/\/adg.it\/es\/wp-json\/wp\/v2\/pages"}],"about":[{"href":"https:\/\/adg.it\/es\/wp-json\/wp\/v2\/types\/page"}],"author":[{"embeddable":true,"href":"https:\/\/adg.it\/es\/wp-json\/wp\/v2\/users\/27"}],"replies":[{"embeddable":true,"href":"https:\/\/adg.it\/es\/wp-json\/wp\/v2\/comments?post=9278"}],"version-history":[{"count":3,"href":"https:\/\/adg.it\/es\/wp-json\/wp\/v2\/pages\/9278\/revisions"}],"predecessor-version":[{"id":27586,"href":"https:\/\/adg.it\/es\/wp-json\/wp\/v2\/pages\/9278\/revisions\/27586"}],"wp:attachment":[{"href":"https:\/\/adg.it\/es\/wp-json\/wp\/v2\/media?parent=9278"}],"curies":[{"name":"wp","href":"https:\/\/api.w.org\/{rel}","templated":true}]}}