{"id":9071,"date":"2015-02-28T22:54:04","date_gmt":"2015-02-28T22:54:04","guid":{"rendered":"http:\/\/wp.adg.it\/form-3"},"modified":"2022-10-20T08:36:26","modified_gmt":"2022-10-20T08:36:26","slug":"form","status":"publish","type":"page","link":"https:\/\/adg.it\/es\/form\/","title":{"rendered":"Formularios de inscripci\u00f3n"},"content":{"rendered":"<p>[spb_column width=\u00bb1\/2&#8243; el_position=\u00bbfirst\u00bb] [spb_text_block pb_margin_bottom=\u00bbyes\u00bb pb_border_bottom=\u00bbno\u00bb width=\u00bb1\/1&#8243; el_position=\u00bbfirst last\u00bb]\n<p>Para registrarse, vaya a la p\u00e1gina del curso que le interesa asistir o visite nuestra tienda en l\u00ednea: <a href=\"https:\/\/adg.it\/it\/shop\/\" target=\"_blank\" rel=\"noopener\">italiano<\/a> o <a href=\"https:\/\/adg.it\/en\/shop\/\" target=\"_blank\" rel=\"noopener\">ingl\u00e9s<\/a>.<\/p>\n[\/spb_text_block] [\/spb_column] [spb_column width=\u00bb1\/2&#8243; el_position=\u00bblast\u00bb] [spb_text_block pb_margin_bottom=\u00bbno\u00bb pb_border_bottom=\u00bbno\u00bb width=\u00bb1\/1&#8243; el_position=\u00bbfirst last\u00bb]\n<h3 class=\"mt0\">Accademia del Giglio<\/h3>\n<p>Via Ghibellina 116<br \/>\n50122 Firenze<br \/>\nItalia<\/p>\n<p class=\"p1\">P.I. e C.F. 04633720489<\/p>\n<p class=\"p1\">Tel\u00a0<strong><a href=\"tel:\/\/+393512754681\">+39-351-275-4681<\/a><\/strong><\/p>\n<p class=\"p1\">Oficina:<br \/>\nde lunes a viernes de 9:00 a 17:00.<\/p>\n<p><a href=\"https:\/\/adg.it\/es\/contactos\">Cont\u00e1ctanos<\/a>\u00a0para informaci\u00f3n sobre los cursos.<\/p>\n<p class=\"p1\">Si usted no recibe una respuesta <span class=\"color-10\">en las pr\u00f3ximas <strong>24 horas<\/strong><\/span>, favor de ponerse en contacto con nosotros.<\/p>\n<h3>Redes sociales<\/h3>\n<ul class=\"social-icons large \">\n<li class=\"twitter\"><a href=\"http:\/\/www.twitter.com\/AccademiaGiglio\" target=\"_blank\"><i class=\"fab fa-twitter\"><\/i><i class=\"fab fa-twitter\"><\/i><\/a><\/li>\n<li class=\"facebook\"><a href=\"https:\/\/www.facebook.com\/AccademiaGiglio\" target=\"_blank\"><i class=\"fab fa-facebook\"><\/i><i class=\"fab fa-facebook\"><\/i><\/a><\/li>\n<li class=\"youtube\"><a href=\"https:\/\/www.youtube.com\/c\/accademiadelgiglio\" target=\"_blank\"><i class=\"fab fa-youtube\"><\/i><i class=\"fab fa-youtube\"><\/i><\/a><\/li>\n<li class=\"skype\"><a href=\"skype:adgskype\" target=\"_blank\"><i class=\"fab fa-skype\"><\/i><i class=\"fab fa-skype\"><\/i><\/a><\/li>\n<li class=\"linkedin\"><a href=\"https:\/\/www.linkedin.com\/company\/accademia-del-giglio\" target=\"_blank\"><i class=\"fab fa-linkedin\"><\/i><i class=\"fab fa-linkedin\"><\/i><\/a><\/li>\n<li class=\"flickr\"><a href=\"https:\/\/www.flickr.com\/photos\/adgblog\/\" target=\"_blank\"><i class=\"fab fa-flickr\"><\/i><i class=\"fab fa-flickr\"><\/i><\/a><\/li>\n<li class=\"pinterest\"><a href=\"http:\/\/www.pinterest.com\/adgblog\/\" target=\"_blank\"><i class=\"fab fa-pinterest\"><\/i><i class=\"fab fa-pinterest\"><\/i><\/a><\/li>\n<li class=\"foursquare\"><a href=\"https:\/\/it.foursquare.com\/v\/accademia-del-giglio\/4c970ab272dd224b6d69b191\" target=\"_blank\"><i class=\"fab fa-foursquare\"><\/i><i class=\"fab fa-foursquare\"><\/i><\/a><\/li>\n<li class=\"instagram\"><a href=\"http:\/\/instagram.com\/accademiadelgiglio\" target=\"_blank\"><i class=\"fab fa-instagram\"><\/i><i class=\"fab fa-instagram\"><\/i><\/a><\/li>\n<\/ul>\n\n[\/spb_text_block] [\/spb_column]<\/p>\n","protected":false},"excerpt":{"rendered":"<p>[spb_column width=\u00bb1\/2&#8243; el_position=\u00bbfirst\u00bb] [spb_text_block pb_margin_bottom=\u00bbyes\u00bb pb_border_bottom=\u00bbno\u00bb width=\u00bb1\/1&#8243; el_position=\u00bbfirst last\u00bb] Para registrarse, vaya a la p\u00e1gina del curso que le interesa asistir o visite nuestra tienda en l\u00ednea: italiano o ingl\u00e9s. [\/spb_text_block] [\/spb_column] [spb_column width=\u00bb1\/2&#8243; el_position=\u00bblast\u00bb] [spb_text_block pb_margin_bottom=\u00bbno\u00bb pb_border_bottom=\u00bbno\u00bb width=\u00bb1\/1&#8243; el_position=\u00bbfirst last\u00bb] Accademia del Giglio Via Ghibellina 116 50122 Firenze Italia P.I. e C.F. 04633720489 Tel\u00a0+39-351-275-4681 Oficina: de lunes a viernes [&hellip;]<\/p>\n","protected":false},"author":27,"featured_media":0,"parent":0,"menu_order":0,"comment_status":"closed","ping_status":"closed","template":"","meta":{"_joinchat":[],"footnotes":""},"class_list":["post-9071","page","type-page","status-publish","hentry"],"aioseo_notices":[],"_links":{"self":[{"href":"https:\/\/adg.it\/es\/wp-json\/wp\/v2\/pages\/9071","targetHints":{"allow":["GET"]}}],"collection":[{"href":"https:\/\/adg.it\/es\/wp-json\/wp\/v2\/pages"}],"about":[{"href":"https:\/\/adg.it\/es\/wp-json\/wp\/v2\/types\/page"}],"author":[{"embeddable":true,"href":"https:\/\/adg.it\/es\/wp-json\/wp\/v2\/users\/27"}],"replies":[{"embeddable":true,"href":"https:\/\/adg.it\/es\/wp-json\/wp\/v2\/comments?post=9071"}],"version-history":[{"count":0,"href":"https:\/\/adg.it\/es\/wp-json\/wp\/v2\/pages\/9071\/revisions"}],"wp:attachment":[{"href":"https:\/\/adg.it\/es\/wp-json\/wp\/v2\/media?parent=9071"}],"curies":[{"name":"wp","href":"https:\/\/api.w.org\/{rel}","templated":true}]}}